{"id":157673,"date":"2025-03-03T11:42:08","date_gmt":"2025-03-03T10:42:08","guid":{"rendered":"https:\/\/www.metrica.it\/prodotto\/tripode-de-elevacion\/"},"modified":"2025-03-29T13:12:45","modified_gmt":"2025-03-29T12:12:45","slug":"tripode-de-elevacion-60589","status":"publish","type":"product","link":"https:\/\/www.metrica.it\/es\/producto\/tripode-de-elevacion-60589\/","title":{"rendered":"TR\u00cdPODE DE ELEVACI\u00d3N"},"content":{"rendered":"<ul>\n<li>Elevaci\u00f3n a cremallera<\/li>\n<li>Mango con palanca de bloqueo trasero<\/li>\n<li>Asta Telesc\u00f3pica<\/li>\n<li>Apertura a radial, 3 rayos de seguridad<\/li>\n<li>Burbuja de centraje<\/li>\n<li>Los pies se pueden atornillar en pl\u00e1stico para interior y a punta para exterior<\/li>\n<li>Bloqueo de los patas a palanca<\/li>\n<li>Tornillo: 5\/8\u00bb, placa \u00d8 50 mm<\/li>\n<li>Peso: 6 Kg<\/li>\n<\/ul>\n","protected":false},"excerpt":{"rendered":"<p>Elevaci\u00f3n a cremallera<br \/>\nMango con palanca de bloqueo trasero<br \/>\nAsta Telesc\u00f3pica<br \/>\nApertura a radial, 3 rayos de seguridad<br \/>\nBurbuja de centraje<br \/>\nLos pies se pueden atornillar en pl\u00e1stico para interior y a punta para exterior<br \/>\nBloqueo de los patas a palanca<br \/>\nTornillo: 5\/8\u00bb, placa \u00d8 50 mm<br \/>\nPeso: 6 Kg<\/p>\n","protected":false},"featured_media":157668,"template":"","meta":[],"product_cat":[517,548],"product_tag":[],"class_list":{"0":"post-157673","1":"product","2":"type-product","3":"status-publish","4":"has-post-thumbnail","6":"product_cat-laser-y-termocamaras","7":"product_cat-tripodes","9":"first","10":"instock","11":"sold-individually","12":"product-type-simple"},"yoast_head":"<title>TR\u00cdPODE DE ELEVACI\u00d3N - Metrica<\/title>\n<meta name=\"robots\" content=\"index, follow, max-snippet:-1, max-image-preview:large, max-video-preview:-1\" \/>\n<link rel=\"canonical\" href=\"https:\/\/www.metrica.it\/es\/producto\/tripode-de-elevacion-60589\/\" \/>\n<meta property=\"og:locale\" content=\"es_ES\" \/>\n<meta property=\"og:type\" content=\"article\" \/>\n<meta property=\"og:title\" content=\"TR\u00cdPODE DE ELEVACI\u00d3N - Metrica\" \/>\n<meta property=\"og:description\" content=\"Elevaci\u00f3n a cremallera Mango con palanca de bloqueo trasero Asta Telesc\u00f3pica Apertura a radial, 3 rayos de seguridad Burbuja de centraje Los pies se pueden atornillar en pl\u00e1stico para interior y a punta para exterior Bloqueo de los patas a palanca Tornillo: 5\/8&#039;&#039;, placa \u00d8 50 mm Peso: 6 Kg\" \/>\n<meta property=\"og:url\" content=\"https:\/\/www.metrica.it\/es\/producto\/tripode-de-elevacion-60589\/\" \/>\n<meta property=\"og:site_name\" content=\"Metrica\" \/>\n<meta property=\"article:modified_time\" content=\"2025-03-29T12:12:45+00:00\" \/>\n<meta property=\"og:image\" content=\"https:\/\/www.metrica.it\/wp-content\/uploads\/2025\/03\/60589.jpg\" \/>\n\t<meta property=\"og:image:width\" content=\"1200\" \/>\n\t<meta property=\"og:image:height\" content=\"1200\" \/>\n\t<meta property=\"og:image:type\" content=\"image\/jpeg\" \/>\n<meta name=\"twitter:card\" content=\"summary_large_image\" \/>\n<meta name=\"twitter:label1\" content=\"Tiempo de lectura\" \/>\n\t<meta name=\"twitter:data1\" content=\"1 minuto\" \/>\n<script type=\"application\/ld+json\" class=\"yoast-schema-graph\">{\"@context\":\"https:\\\/\\\/schema.org\",\"@graph\":[{\"@type\":\"WebPage\",\"@id\":\"https:\\\/\\\/www.metrica.it\\\/es\\\/producto\\\/tripode-de-elevacion-60589\\\/\",\"url\":\"https:\\\/\\\/www.metrica.it\\\/es\\\/producto\\\/tripode-de-elevacion-60589\\\/\",\"name\":\"TR\u00cdPODE DE ELEVACI\u00d3N - Metrica\",\"isPartOf\":{\"@id\":\"https:\\\/\\\/www.metrica.it\\\/es\\\/#website\"},\"primaryImageOfPage\":{\"@id\":\"https:\\\/\\\/www.metrica.it\\\/es\\\/producto\\\/tripode-de-elevacion-60589\\\/#primaryimage\"},\"image\":{\"@id\":\"https:\\\/\\\/www.metrica.it\\\/es\\\/producto\\\/tripode-de-elevacion-60589\\\/#primaryimage\"},\"thumbnailUrl\":\"https:\\\/\\\/www.metrica.it\\\/wp-content\\\/uploads\\\/2025\\\/03\\\/60589.jpg\",\"datePublished\":\"2025-03-03T10:42:08+00:00\",\"dateModified\":\"2025-03-29T12:12:45+00:00\",\"breadcrumb\":{\"@id\":\"https:\\\/\\\/www.metrica.it\\\/es\\\/producto\\\/tripode-de-elevacion-60589\\\/#breadcrumb\"},\"inLanguage\":\"es\",\"potentialAction\":[{\"@type\":\"ReadAction\",\"target\":[\"https:\\\/\\\/www.metrica.it\\\/es\\\/producto\\\/tripode-de-elevacion-60589\\\/\"]}]},{\"@type\":\"ImageObject\",\"inLanguage\":\"es\",\"@id\":\"https:\\\/\\\/www.metrica.it\\\/es\\\/producto\\\/tripode-de-elevacion-60589\\\/#primaryimage\",\"url\":\"https:\\\/\\\/www.metrica.it\\\/wp-content\\\/uploads\\\/2025\\\/03\\\/60589.jpg\",\"contentUrl\":\"https:\\\/\\\/www.metrica.it\\\/wp-content\\\/uploads\\\/2025\\\/03\\\/60589.jpg\",\"width\":1200,\"height\":1200},{\"@type\":\"BreadcrumbList\",\"@id\":\"https:\\\/\\\/www.metrica.it\\\/es\\\/producto\\\/tripode-de-elevacion-60589\\\/#breadcrumb\",\"itemListElement\":[{\"@type\":\"ListItem\",\"position\":1,\"name\":\"Home\",\"item\":\"https:\\\/\\\/www.metrica.it\\\/es\\\/\"},{\"@type\":\"ListItem\",\"position\":2,\"name\":\"Cat\u00e1logo\",\"item\":\"https:\\\/\\\/www.metrica.it\\\/es\\\/catalogo-es\\\/\"},{\"@type\":\"ListItem\",\"position\":3,\"name\":\"TR\u00cdPODE DE ELEVACI\u00d3N\"}]},{\"@type\":\"WebSite\",\"@id\":\"https:\\\/\\\/www.metrica.it\\\/es\\\/#website\",\"url\":\"https:\\\/\\\/www.metrica.it\\\/es\\\/\",\"name\":\"Metrica\",\"description\":\"Made to measure\",\"potentialAction\":[{\"@type\":\"SearchAction\",\"target\":{\"@type\":\"EntryPoint\",\"urlTemplate\":\"https:\\\/\\\/www.metrica.it\\\/es\\\/?s={search_term_string}\"},\"query-input\":{\"@type\":\"PropertyValueSpecification\",\"valueRequired\":true,\"valueName\":\"search_term_string\"}}],\"inLanguage\":\"es\"}]}<\/script>","yoast_head_json":{"title":"TR\u00cdPODE DE ELEVACI\u00d3N - Metrica","robots":{"index":"index","follow":"follow","max-snippet":"max-snippet:-1","max-image-preview":"max-image-preview:large","max-video-preview":"max-video-preview:-1"},"canonical":"https:\/\/www.metrica.it\/es\/producto\/tripode-de-elevacion-60589\/","og_locale":"es_ES","og_type":"article","og_title":"TR\u00cdPODE DE ELEVACI\u00d3N - Metrica","og_description":"Elevaci\u00f3n a cremallera Mango con palanca de bloqueo trasero Asta Telesc\u00f3pica Apertura a radial, 3 rayos de seguridad Burbuja de centraje Los pies se pueden atornillar en pl\u00e1stico para interior y a punta para exterior Bloqueo de los patas a palanca Tornillo: 5\/8'', placa \u00d8 50 mm Peso: 6 Kg","og_url":"https:\/\/www.metrica.it\/es\/producto\/tripode-de-elevacion-60589\/","og_site_name":"Metrica","article_modified_time":"2025-03-29T12:12:45+00:00","og_image":[{"width":1200,"height":1200,"url":"https:\/\/www.metrica.it\/wp-content\/uploads\/2025\/03\/60589.jpg","type":"image\/jpeg"}],"twitter_card":"summary_large_image","twitter_misc":{"Tiempo de lectura":"1 minuto"},"schema":{"@context":"https:\/\/schema.org","@graph":[{"@type":"WebPage","@id":"https:\/\/www.metrica.it\/es\/producto\/tripode-de-elevacion-60589\/","url":"https:\/\/www.metrica.it\/es\/producto\/tripode-de-elevacion-60589\/","name":"TR\u00cdPODE DE ELEVACI\u00d3N - Metrica","isPartOf":{"@id":"https:\/\/www.metrica.it\/es\/#website"},"primaryImageOfPage":{"@id":"https:\/\/www.metrica.it\/es\/producto\/tripode-de-elevacion-60589\/#primaryimage"},"image":{"@id":"https:\/\/www.metrica.it\/es\/producto\/tripode-de-elevacion-60589\/#primaryimage"},"thumbnailUrl":"https:\/\/www.metrica.it\/wp-content\/uploads\/2025\/03\/60589.jpg","datePublished":"2025-03-03T10:42:08+00:00","dateModified":"2025-03-29T12:12:45+00:00","breadcrumb":{"@id":"https:\/\/www.metrica.it\/es\/producto\/tripode-de-elevacion-60589\/#breadcrumb"},"inLanguage":"es","potentialAction":[{"@type":"ReadAction","target":["https:\/\/www.metrica.it\/es\/producto\/tripode-de-elevacion-60589\/"]}]},{"@type":"ImageObject","inLanguage":"es","@id":"https:\/\/www.metrica.it\/es\/producto\/tripode-de-elevacion-60589\/#primaryimage","url":"https:\/\/www.metrica.it\/wp-content\/uploads\/2025\/03\/60589.jpg","contentUrl":"https:\/\/www.metrica.it\/wp-content\/uploads\/2025\/03\/60589.jpg","width":1200,"height":1200},{"@type":"BreadcrumbList","@id":"https:\/\/www.metrica.it\/es\/producto\/tripode-de-elevacion-60589\/#breadcrumb","itemListElement":[{"@type":"ListItem","position":1,"name":"Home","item":"https:\/\/www.metrica.it\/es\/"},{"@type":"ListItem","position":2,"name":"Cat\u00e1logo","item":"https:\/\/www.metrica.it\/es\/catalogo-es\/"},{"@type":"ListItem","position":3,"name":"TR\u00cdPODE DE ELEVACI\u00d3N"}]},{"@type":"WebSite","@id":"https:\/\/www.metrica.it\/es\/#website","url":"https:\/\/www.metrica.it\/es\/","name":"Metrica","description":"Made to measure","potentialAction":[{"@type":"SearchAction","target":{"@type":"EntryPoint","urlTemplate":"https:\/\/www.metrica.it\/es\/?s={search_term_string}"},"query-input":{"@type":"PropertyValueSpecification","valueRequired":true,"valueName":"search_term_string"}}],"inLanguage":"es"}]}},"meta_box":{"awr_documentation":[],"awr_manuale":[],"awr_scheda_tecnica":"","awr_youtube_video":"","awr_classe_prodotto":"","awr_customize_product":"0","awr_custom_image":false,"awr_related_products":[{"awr_product_references":"ref:60589|ean:8001066605897|l_mm:120-190|pack:1"}],"awr_consumabili":"","awr_alternativi":"60681.59.00","awr_aliases":"60589","awr_skuid":"60589-it"},"_links":{"self":[{"href":"https:\/\/www.metrica.it\/es\/wp-json\/wp\/v2\/product\/157673","targetHints":{"allow":["GET"]}}],"collection":[{"href":"https:\/\/www.metrica.it\/es\/wp-json\/wp\/v2\/product"}],"about":[{"href":"https:\/\/www.metrica.it\/es\/wp-json\/wp\/v2\/types\/product"}],"wp:featuredmedia":[{"embeddable":true,"href":"https:\/\/www.metrica.it\/es\/wp-json\/wp\/v2\/media\/157668"}],"wp:attachment":[{"href":"https:\/\/www.metrica.it\/es\/wp-json\/wp\/v2\/media?parent=157673"}],"wp:term":[{"taxonomy":"product_cat","embeddable":true,"href":"https:\/\/www.metrica.it\/es\/wp-json\/wp\/v2\/product_cat?post=157673"},{"taxonomy":"product_tag","embeddable":true,"href":"https:\/\/www.metrica.it\/es\/wp-json\/wp\/v2\/product_tag?post=157673"}],"curies":[{"name":"wp","href":"https:\/\/api.w.org\/{rel}","templated":true}]}}