{"id":157893,"date":"2025-03-09T13:26:11","date_gmt":"2025-03-09T12:26:11","guid":{"rendered":"https:\/\/www.metrica.it\/prodotto\/cutter-9mm-black-blade-con-lock\/"},"modified":"2025-03-09T13:26:30","modified_gmt":"2025-03-09T12:26:30","slug":"cutter-9mm-black-blade-con-lock","status":"publish","type":"product","link":"https:\/\/www.metrica.it\/es\/producto\/cutter-9mm-black-blade-con-lock\/","title":{"rendered":"CUTTER 9mm BLACK BLADE CON LOCK"},"content":{"rendered":"<ul>\n<li>Cuerpo METAL<\/li>\n<li> Mango ergon\u00f3mico antideslizante<\/li>\n<li>Gu\u00eda de la hoja de metal<\/li>\n<li>CON TORNILLO DE SUJECI\u00d3N<\/li>\n<li>PROFESIONAL<\/li>\n<li>Vida \u00fatil mucho m\u00e1s larga (5 X)<\/li>\n<li>Cuchilla negra ultra afilada &#8211; SK2 &#8211; HRC > 67, grosor 9 x 0,6 mm<\/li>\n<li>TEM 49029 &#8211; Cuchillas de recambio &#8211; 80x9x0,6 mm<\/li>\n<\/ul>\n","protected":false},"excerpt":{"rendered":"<p>Cuerpo METAL <br \/> Mango ergon\u00f3mico antideslizante <br \/>Gu\u00eda de la hoja de metal <br \/>CON TORNILLO DE SUJECI\u00d3N <br \/>PROFESIONAL <br \/>Vida \u00fatil mucho m\u00e1s larga (5 X) <br \/>Cuchilla negra ultra afilada &#8211; SK2 &#8211; HRC > 67, grosor 9 x 0,6 mm <br \/>TEM 49029 &#8211; Cuchillas de recambio &#8211; 80x9x0,6 mm <\/p>\n","protected":false},"featured_media":157885,"template":"","meta":[],"product_cat":[675,683],"product_tag":[],"class_list":{"0":"post-157893","1":"product","2":"type-product","3":"status-publish","4":"has-post-thumbnail","6":"product_cat-corte","7":"product_cat-cutter-es","9":"first","10":"instock","11":"sold-individually","12":"product-type-simple"},"yoast_head":"<title>CUTTER 9mm BLACK BLADE CON LOCK - Metrica<\/title>\n<meta name=\"robots\" content=\"index, follow, max-snippet:-1, max-image-preview:large, max-video-preview:-1\" \/>\n<link rel=\"canonical\" href=\"https:\/\/www.metrica.it\/es\/producto\/cutter-9mm-black-blade-con-lock\/\" \/>\n<meta property=\"og:locale\" content=\"es_ES\" \/>\n<meta property=\"og:type\" content=\"article\" \/>\n<meta property=\"og:title\" content=\"CUTTER 9mm BLACK BLADE CON LOCK - Metrica\" \/>\n<meta property=\"og:description\" content=\"Cuerpo METAL Mango ergon\u00f3mico antideslizante Gu\u00eda de la hoja de metal CON TORNILLO DE SUJECI\u00d3N PROFESIONAL Vida \u00fatil mucho m\u00e1s larga (5 X) Cuchilla negra ultra afilada - SK2 - HRC &gt; 67, grosor 9 x 0,6 mm TEM 49029 - Cuchillas de recambio - 80x9x0,6 mm\" \/>\n<meta property=\"og:url\" content=\"https:\/\/www.metrica.it\/es\/producto\/cutter-9mm-black-blade-con-lock\/\" \/>\n<meta property=\"og:site_name\" content=\"Metrica\" \/>\n<meta property=\"article:modified_time\" content=\"2025-03-09T12:26:30+00:00\" \/>\n<meta property=\"og:image\" content=\"https:\/\/www.metrica.it\/wp-content\/uploads\/2025\/03\/09069.jpg\" \/>\n\t<meta property=\"og:image:width\" content=\"1200\" \/>\n\t<meta property=\"og:image:height\" content=\"1200\" \/>\n\t<meta property=\"og:image:type\" content=\"image\/jpeg\" \/>\n<meta name=\"twitter:card\" content=\"summary_large_image\" \/>\n<script type=\"application\/ld+json\" class=\"yoast-schema-graph\">{\"@context\":\"https:\\\/\\\/schema.org\",\"@graph\":[{\"@type\":\"WebPage\",\"@id\":\"https:\\\/\\\/www.metrica.it\\\/es\\\/producto\\\/cutter-9mm-black-blade-con-lock\\\/\",\"url\":\"https:\\\/\\\/www.metrica.it\\\/es\\\/producto\\\/cutter-9mm-black-blade-con-lock\\\/\",\"name\":\"CUTTER 9mm BLACK BLADE CON LOCK - Metrica\",\"isPartOf\":{\"@id\":\"https:\\\/\\\/www.metrica.it\\\/es\\\/#website\"},\"primaryImageOfPage\":{\"@id\":\"https:\\\/\\\/www.metrica.it\\\/es\\\/producto\\\/cutter-9mm-black-blade-con-lock\\\/#primaryimage\"},\"image\":{\"@id\":\"https:\\\/\\\/www.metrica.it\\\/es\\\/producto\\\/cutter-9mm-black-blade-con-lock\\\/#primaryimage\"},\"thumbnailUrl\":\"https:\\\/\\\/www.metrica.it\\\/wp-content\\\/uploads\\\/2025\\\/03\\\/09069.jpg\",\"datePublished\":\"2025-03-09T12:26:11+00:00\",\"dateModified\":\"2025-03-09T12:26:30+00:00\",\"breadcrumb\":{\"@id\":\"https:\\\/\\\/www.metrica.it\\\/es\\\/producto\\\/cutter-9mm-black-blade-con-lock\\\/#breadcrumb\"},\"inLanguage\":\"es\",\"potentialAction\":[{\"@type\":\"ReadAction\",\"target\":[\"https:\\\/\\\/www.metrica.it\\\/es\\\/producto\\\/cutter-9mm-black-blade-con-lock\\\/\"]}]},{\"@type\":\"ImageObject\",\"inLanguage\":\"es\",\"@id\":\"https:\\\/\\\/www.metrica.it\\\/es\\\/producto\\\/cutter-9mm-black-blade-con-lock\\\/#primaryimage\",\"url\":\"https:\\\/\\\/www.metrica.it\\\/wp-content\\\/uploads\\\/2025\\\/03\\\/09069.jpg\",\"contentUrl\":\"https:\\\/\\\/www.metrica.it\\\/wp-content\\\/uploads\\\/2025\\\/03\\\/09069.jpg\",\"width\":1200,\"height\":1200},{\"@type\":\"BreadcrumbList\",\"@id\":\"https:\\\/\\\/www.metrica.it\\\/es\\\/producto\\\/cutter-9mm-black-blade-con-lock\\\/#breadcrumb\",\"itemListElement\":[{\"@type\":\"ListItem\",\"position\":1,\"name\":\"Home\",\"item\":\"https:\\\/\\\/www.metrica.it\\\/es\\\/\"},{\"@type\":\"ListItem\",\"position\":2,\"name\":\"Cat\u00e1logo\",\"item\":\"https:\\\/\\\/www.metrica.it\\\/es\\\/catalogo-es\\\/\"},{\"@type\":\"ListItem\",\"position\":3,\"name\":\"CUTTER 9mm BLACK BLADE CON LOCK\"}]},{\"@type\":\"WebSite\",\"@id\":\"https:\\\/\\\/www.metrica.it\\\/es\\\/#website\",\"url\":\"https:\\\/\\\/www.metrica.it\\\/es\\\/\",\"name\":\"Metrica\",\"description\":\"Made to measure\",\"potentialAction\":[{\"@type\":\"SearchAction\",\"target\":{\"@type\":\"EntryPoint\",\"urlTemplate\":\"https:\\\/\\\/www.metrica.it\\\/es\\\/?s={search_term_string}\"},\"query-input\":{\"@type\":\"PropertyValueSpecification\",\"valueRequired\":true,\"valueName\":\"search_term_string\"}}],\"inLanguage\":\"es\"}]}<\/script>","yoast_head_json":{"title":"CUTTER 9mm BLACK BLADE CON LOCK - Metrica","robots":{"index":"index","follow":"follow","max-snippet":"max-snippet:-1","max-image-preview":"max-image-preview:large","max-video-preview":"max-video-preview:-1"},"canonical":"https:\/\/www.metrica.it\/es\/producto\/cutter-9mm-black-blade-con-lock\/","og_locale":"es_ES","og_type":"article","og_title":"CUTTER 9mm BLACK BLADE CON LOCK - Metrica","og_description":"Cuerpo METAL Mango ergon\u00f3mico antideslizante Gu\u00eda de la hoja de metal CON TORNILLO DE SUJECI\u00d3N PROFESIONAL Vida \u00fatil mucho m\u00e1s larga (5 X) Cuchilla negra ultra afilada - SK2 - HRC > 67, grosor 9 x 0,6 mm TEM 49029 - Cuchillas de recambio - 80x9x0,6 mm","og_url":"https:\/\/www.metrica.it\/es\/producto\/cutter-9mm-black-blade-con-lock\/","og_site_name":"Metrica","article_modified_time":"2025-03-09T12:26:30+00:00","og_image":[{"width":1200,"height":1200,"url":"https:\/\/www.metrica.it\/wp-content\/uploads\/2025\/03\/09069.jpg","type":"image\/jpeg"}],"twitter_card":"summary_large_image","schema":{"@context":"https:\/\/schema.org","@graph":[{"@type":"WebPage","@id":"https:\/\/www.metrica.it\/es\/producto\/cutter-9mm-black-blade-con-lock\/","url":"https:\/\/www.metrica.it\/es\/producto\/cutter-9mm-black-blade-con-lock\/","name":"CUTTER 9mm BLACK BLADE CON LOCK - Metrica","isPartOf":{"@id":"https:\/\/www.metrica.it\/es\/#website"},"primaryImageOfPage":{"@id":"https:\/\/www.metrica.it\/es\/producto\/cutter-9mm-black-blade-con-lock\/#primaryimage"},"image":{"@id":"https:\/\/www.metrica.it\/es\/producto\/cutter-9mm-black-blade-con-lock\/#primaryimage"},"thumbnailUrl":"https:\/\/www.metrica.it\/wp-content\/uploads\/2025\/03\/09069.jpg","datePublished":"2025-03-09T12:26:11+00:00","dateModified":"2025-03-09T12:26:30+00:00","breadcrumb":{"@id":"https:\/\/www.metrica.it\/es\/producto\/cutter-9mm-black-blade-con-lock\/#breadcrumb"},"inLanguage":"es","potentialAction":[{"@type":"ReadAction","target":["https:\/\/www.metrica.it\/es\/producto\/cutter-9mm-black-blade-con-lock\/"]}]},{"@type":"ImageObject","inLanguage":"es","@id":"https:\/\/www.metrica.it\/es\/producto\/cutter-9mm-black-blade-con-lock\/#primaryimage","url":"https:\/\/www.metrica.it\/wp-content\/uploads\/2025\/03\/09069.jpg","contentUrl":"https:\/\/www.metrica.it\/wp-content\/uploads\/2025\/03\/09069.jpg","width":1200,"height":1200},{"@type":"BreadcrumbList","@id":"https:\/\/www.metrica.it\/es\/producto\/cutter-9mm-black-blade-con-lock\/#breadcrumb","itemListElement":[{"@type":"ListItem","position":1,"name":"Home","item":"https:\/\/www.metrica.it\/es\/"},{"@type":"ListItem","position":2,"name":"Cat\u00e1logo","item":"https:\/\/www.metrica.it\/es\/catalogo-es\/"},{"@type":"ListItem","position":3,"name":"CUTTER 9mm BLACK BLADE CON LOCK"}]},{"@type":"WebSite","@id":"https:\/\/www.metrica.it\/es\/#website","url":"https:\/\/www.metrica.it\/es\/","name":"Metrica","description":"Made to measure","potentialAction":[{"@type":"SearchAction","target":{"@type":"EntryPoint","urlTemplate":"https:\/\/www.metrica.it\/es\/?s={search_term_string}"},"query-input":{"@type":"PropertyValueSpecification","valueRequired":true,"valueName":"search_term_string"}}],"inLanguage":"es"}]}},"meta_box":{"awr_documentation":[],"awr_manuale":[],"awr_scheda_tecnica":"","awr_youtube_video":"","awr_classe_prodotto":"","awr_customize_product":"0","awr_custom_image":false,"awr_related_products":[{"awr_product_references":"ref:09069|ean:8001066090693|l_mm:140|num_pz_gdo:12"}],"awr_consumabili":"49029","awr_alternativi":"49030,49017,09066","awr_aliases":"09069","awr_skuid":"09069-it"},"_links":{"self":[{"href":"https:\/\/www.metrica.it\/es\/wp-json\/wp\/v2\/product\/157893","targetHints":{"allow":["GET"]}}],"collection":[{"href":"https:\/\/www.metrica.it\/es\/wp-json\/wp\/v2\/product"}],"about":[{"href":"https:\/\/www.metrica.it\/es\/wp-json\/wp\/v2\/types\/product"}],"wp:featuredmedia":[{"embeddable":true,"href":"https:\/\/www.metrica.it\/es\/wp-json\/wp\/v2\/media\/157885"}],"wp:attachment":[{"href":"https:\/\/www.metrica.it\/es\/wp-json\/wp\/v2\/media?parent=157893"}],"wp:term":[{"taxonomy":"product_cat","embeddable":true,"href":"https:\/\/www.metrica.it\/es\/wp-json\/wp\/v2\/product_cat?post=157893"},{"taxonomy":"product_tag","embeddable":true,"href":"https:\/\/www.metrica.it\/es\/wp-json\/wp\/v2\/product_tag?post=157893"}],"curies":[{"name":"wp","href":"https:\/\/api.w.org\/{rel}","templated":true}]}}