{"id":158083,"date":"2025-03-22T15:00:36","date_gmt":"2025-03-22T14:00:36","guid":{"rendered":"https:\/\/www.metrica.it\/prodotto\/metrica-wing-shape-5\/"},"modified":"2025-03-22T15:00:55","modified_gmt":"2025-03-22T14:00:55","slug":"metrica-wing-shape-5","status":"publish","type":"product","link":"https:\/\/www.metrica.it\/es\/producto\/metrica-wing-shape-5\/","title":{"rendered":"METRICA WING SHAPE"},"content":{"rendered":"<ul>\n<li>Caja de ABS engomado a prueba de golpes<\/li>\n<li>Cinta lacada<br \/>\n Frente : numeraci\u00f3n horizontal negra con decimales amarillos de alta visibilidad<br \/>\n Numeraci\u00f3n vertical trasera blanca con decimales rojos<\/li>\n<li>Cinta recubierta de nylon con cobertura adicional en los primeros 20 cm para mayor protecci\u00f3n<\/li>\n<li>Forma especial en W para una mayor extensi\u00f3n a m\u00e1s de 3,5 m<\/li>\n<\/ul>\n","protected":false},"excerpt":{"rendered":"<p>Caja de ABS engomado a prueba de golpes <br \/>Cinta lacada<br \/>\n Frente : numeraci\u00f3n horizontal negra con decimales amarillos de alta visibilidad<br \/>\n Numeraci\u00f3n vertical trasera blanca con decimales rojos <br \/>Cinta recubierta de nylon con cobertura adicional en los primeros 20 cm para mayor protecci\u00f3n <br \/>Forma especial en W para una mayor extensi\u00f3n a m\u00e1s de 3,5 m <\/p>\n","protected":false},"featured_media":158076,"template":"","meta":[],"product_cat":[592,51],"product_tag":[],"class_list":{"0":"post-158083","1":"product","2":"type-product","3":"status-publish","4":"has-post-thumbnail","6":"product_cat-flexometros","7":"product_cat-medidas-de-longitud","9":"first","10":"instock","11":"sold-individually","12":"product-type-simple"},"yoast_head":"<title>METRICA WING SHAPE - Metrica<\/title>\n<meta name=\"robots\" content=\"index, follow, max-snippet:-1, max-image-preview:large, max-video-preview:-1\" \/>\n<link rel=\"canonical\" href=\"https:\/\/www.metrica.it\/es\/producto\/metrica-wing-shape-5\/\" \/>\n<meta property=\"og:locale\" content=\"es_ES\" \/>\n<meta property=\"og:type\" content=\"article\" \/>\n<meta property=\"og:title\" content=\"METRICA WING SHAPE - Metrica\" \/>\n<meta property=\"og:description\" content=\"Caja de ABS engomado a prueba de golpes Cinta lacada Frente : numeraci\u00f3n horizontal negra con decimales amarillos de alta visibilidad Numeraci\u00f3n vertical trasera blanca con decimales rojos Cinta recubierta de nylon con cobertura adicional en los primeros 20 cm para mayor protecci\u00f3n Forma especial en W para una mayor extensi\u00f3n a m\u00e1s de 3,5 m\" \/>\n<meta property=\"og:url\" content=\"https:\/\/www.metrica.it\/es\/producto\/metrica-wing-shape-5\/\" \/>\n<meta property=\"og:site_name\" content=\"Metrica\" \/>\n<meta property=\"article:modified_time\" content=\"2025-03-22T14:00:55+00:00\" \/>\n<meta property=\"og:image\" content=\"https:\/\/www.metrica.it\/wp-content\/uploads\/2025\/03\/08037.jpg\" \/>\n\t<meta property=\"og:image:width\" content=\"1200\" \/>\n\t<meta property=\"og:image:height\" content=\"1200\" \/>\n\t<meta property=\"og:image:type\" content=\"image\/jpeg\" \/>\n<meta name=\"twitter:card\" content=\"summary_large_image\" \/>\n<script type=\"application\/ld+json\" class=\"yoast-schema-graph\">{\"@context\":\"https:\\\/\\\/schema.org\",\"@graph\":[{\"@type\":\"WebPage\",\"@id\":\"https:\\\/\\\/www.metrica.it\\\/es\\\/producto\\\/metrica-wing-shape-5\\\/\",\"url\":\"https:\\\/\\\/www.metrica.it\\\/es\\\/producto\\\/metrica-wing-shape-5\\\/\",\"name\":\"METRICA WING SHAPE - Metrica\",\"isPartOf\":{\"@id\":\"https:\\\/\\\/www.metrica.it\\\/es\\\/#website\"},\"primaryImageOfPage\":{\"@id\":\"https:\\\/\\\/www.metrica.it\\\/es\\\/producto\\\/metrica-wing-shape-5\\\/#primaryimage\"},\"image\":{\"@id\":\"https:\\\/\\\/www.metrica.it\\\/es\\\/producto\\\/metrica-wing-shape-5\\\/#primaryimage\"},\"thumbnailUrl\":\"https:\\\/\\\/www.metrica.it\\\/wp-content\\\/uploads\\\/2025\\\/03\\\/08037.jpg\",\"datePublished\":\"2025-03-22T14:00:36+00:00\",\"dateModified\":\"2025-03-22T14:00:55+00:00\",\"breadcrumb\":{\"@id\":\"https:\\\/\\\/www.metrica.it\\\/es\\\/producto\\\/metrica-wing-shape-5\\\/#breadcrumb\"},\"inLanguage\":\"es\",\"potentialAction\":[{\"@type\":\"ReadAction\",\"target\":[\"https:\\\/\\\/www.metrica.it\\\/es\\\/producto\\\/metrica-wing-shape-5\\\/\"]}]},{\"@type\":\"ImageObject\",\"inLanguage\":\"es\",\"@id\":\"https:\\\/\\\/www.metrica.it\\\/es\\\/producto\\\/metrica-wing-shape-5\\\/#primaryimage\",\"url\":\"https:\\\/\\\/www.metrica.it\\\/wp-content\\\/uploads\\\/2025\\\/03\\\/08037.jpg\",\"contentUrl\":\"https:\\\/\\\/www.metrica.it\\\/wp-content\\\/uploads\\\/2025\\\/03\\\/08037.jpg\",\"width\":1200,\"height\":1200},{\"@type\":\"BreadcrumbList\",\"@id\":\"https:\\\/\\\/www.metrica.it\\\/es\\\/producto\\\/metrica-wing-shape-5\\\/#breadcrumb\",\"itemListElement\":[{\"@type\":\"ListItem\",\"position\":1,\"name\":\"Home\",\"item\":\"https:\\\/\\\/www.metrica.it\\\/es\\\/\"},{\"@type\":\"ListItem\",\"position\":2,\"name\":\"Cat\u00e1logo\",\"item\":\"https:\\\/\\\/www.metrica.it\\\/es\\\/catalogo-es\\\/\"},{\"@type\":\"ListItem\",\"position\":3,\"name\":\"METRICA WING SHAPE\"}]},{\"@type\":\"WebSite\",\"@id\":\"https:\\\/\\\/www.metrica.it\\\/es\\\/#website\",\"url\":\"https:\\\/\\\/www.metrica.it\\\/es\\\/\",\"name\":\"Metrica\",\"description\":\"Made to measure\",\"potentialAction\":[{\"@type\":\"SearchAction\",\"target\":{\"@type\":\"EntryPoint\",\"urlTemplate\":\"https:\\\/\\\/www.metrica.it\\\/es\\\/?s={search_term_string}\"},\"query-input\":{\"@type\":\"PropertyValueSpecification\",\"valueRequired\":true,\"valueName\":\"search_term_string\"}}],\"inLanguage\":\"es\"}]}<\/script>","yoast_head_json":{"title":"METRICA WING SHAPE - Metrica","robots":{"index":"index","follow":"follow","max-snippet":"max-snippet:-1","max-image-preview":"max-image-preview:large","max-video-preview":"max-video-preview:-1"},"canonical":"https:\/\/www.metrica.it\/es\/producto\/metrica-wing-shape-5\/","og_locale":"es_ES","og_type":"article","og_title":"METRICA WING SHAPE - Metrica","og_description":"Caja de ABS engomado a prueba de golpes Cinta lacada Frente : numeraci\u00f3n horizontal negra con decimales amarillos de alta visibilidad Numeraci\u00f3n vertical trasera blanca con decimales rojos Cinta recubierta de nylon con cobertura adicional en los primeros 20 cm para mayor protecci\u00f3n Forma especial en W para una mayor extensi\u00f3n a m\u00e1s de 3,5 m","og_url":"https:\/\/www.metrica.it\/es\/producto\/metrica-wing-shape-5\/","og_site_name":"Metrica","article_modified_time":"2025-03-22T14:00:55+00:00","og_image":[{"width":1200,"height":1200,"url":"https:\/\/www.metrica.it\/wp-content\/uploads\/2025\/03\/08037.jpg","type":"image\/jpeg"}],"twitter_card":"summary_large_image","schema":{"@context":"https:\/\/schema.org","@graph":[{"@type":"WebPage","@id":"https:\/\/www.metrica.it\/es\/producto\/metrica-wing-shape-5\/","url":"https:\/\/www.metrica.it\/es\/producto\/metrica-wing-shape-5\/","name":"METRICA WING SHAPE - Metrica","isPartOf":{"@id":"https:\/\/www.metrica.it\/es\/#website"},"primaryImageOfPage":{"@id":"https:\/\/www.metrica.it\/es\/producto\/metrica-wing-shape-5\/#primaryimage"},"image":{"@id":"https:\/\/www.metrica.it\/es\/producto\/metrica-wing-shape-5\/#primaryimage"},"thumbnailUrl":"https:\/\/www.metrica.it\/wp-content\/uploads\/2025\/03\/08037.jpg","datePublished":"2025-03-22T14:00:36+00:00","dateModified":"2025-03-22T14:00:55+00:00","breadcrumb":{"@id":"https:\/\/www.metrica.it\/es\/producto\/metrica-wing-shape-5\/#breadcrumb"},"inLanguage":"es","potentialAction":[{"@type":"ReadAction","target":["https:\/\/www.metrica.it\/es\/producto\/metrica-wing-shape-5\/"]}]},{"@type":"ImageObject","inLanguage":"es","@id":"https:\/\/www.metrica.it\/es\/producto\/metrica-wing-shape-5\/#primaryimage","url":"https:\/\/www.metrica.it\/wp-content\/uploads\/2025\/03\/08037.jpg","contentUrl":"https:\/\/www.metrica.it\/wp-content\/uploads\/2025\/03\/08037.jpg","width":1200,"height":1200},{"@type":"BreadcrumbList","@id":"https:\/\/www.metrica.it\/es\/producto\/metrica-wing-shape-5\/#breadcrumb","itemListElement":[{"@type":"ListItem","position":1,"name":"Home","item":"https:\/\/www.metrica.it\/es\/"},{"@type":"ListItem","position":2,"name":"Cat\u00e1logo","item":"https:\/\/www.metrica.it\/es\/catalogo-es\/"},{"@type":"ListItem","position":3,"name":"METRICA WING SHAPE"}]},{"@type":"WebSite","@id":"https:\/\/www.metrica.it\/es\/#website","url":"https:\/\/www.metrica.it\/es\/","name":"Metrica","description":"Made to measure","potentialAction":[{"@type":"SearchAction","target":{"@type":"EntryPoint","urlTemplate":"https:\/\/www.metrica.it\/es\/?s={search_term_string}"},"query-input":{"@type":"PropertyValueSpecification","valueRequired":true,"valueName":"search_term_string"}}],"inLanguage":"es"}]}},"meta_box":{"awr_documentation":[],"awr_manuale":[],"awr_scheda_tecnica":"","awr_youtube_video":"","awr_classe_prodotto":"CE_2","awr_customize_product":"0","awr_custom_image":false,"awr_related_products":[{"awr_product_references":"ref:08037|ean:8001066080373|l:5m|larghezza:32mm|unit_misura:mm|b_mm:80|num_pz_gdo:6"},{"awr_product_references":"ref:08038|ean:8001066080380|l:8m|larghezza:32mm|unit_misura:mm|b_mm:90|num_pz_gdo:6"}],"awr_consumabili":"","awr_alternativi":"38143d,08075,08755","awr_aliases":"08037,08038","awr_skuid":"08037-it"},"_links":{"self":[{"href":"https:\/\/www.metrica.it\/es\/wp-json\/wp\/v2\/product\/158083","targetHints":{"allow":["GET"]}}],"collection":[{"href":"https:\/\/www.metrica.it\/es\/wp-json\/wp\/v2\/product"}],"about":[{"href":"https:\/\/www.metrica.it\/es\/wp-json\/wp\/v2\/types\/product"}],"wp:featuredmedia":[{"embeddable":true,"href":"https:\/\/www.metrica.it\/es\/wp-json\/wp\/v2\/media\/158076"}],"wp:attachment":[{"href":"https:\/\/www.metrica.it\/es\/wp-json\/wp\/v2\/media?parent=158083"}],"wp:term":[{"taxonomy":"product_cat","embeddable":true,"href":"https:\/\/www.metrica.it\/es\/wp-json\/wp\/v2\/product_cat?post=158083"},{"taxonomy":"product_tag","embeddable":true,"href":"https:\/\/www.metrica.it\/es\/wp-json\/wp\/v2\/product_tag?post=158083"}],"curies":[{"name":"wp","href":"https:\/\/api.w.org\/{rel}","templated":true}]}}