{"id":158162,"date":"2025-03-22T15:03:12","date_gmt":"2025-03-22T14:03:12","guid":{"rendered":"https:\/\/www.metrica.it\/prodotto\/medidor-de-angulo-digital-incligrad-midi\/"},"modified":"2025-03-22T15:03:31","modified_gmt":"2025-03-22T14:03:31","slug":"medidor-de-angulo-digital-incligrad-midi","status":"publish","type":"product","link":"https:\/\/www.metrica.it\/es\/producto\/medidor-de-angulo-digital-incligrad-midi\/","title":{"rendered":"MEDIDOR DE \u00c1NGULO DIGITAL INCLIGRAD MIDI"},"content":{"rendered":"<ul>\n<li>Pantalla LCD retroiluminada con d\u00edgitos grandes<\/li>\n<li>Rotaci\u00f3n autom\u00e1tica de 180\u00b0 de la pantalla y flechas para ayudarle a encontrar el punto 0 (nivel m\u00e1s f\u00e1cilmente)<\/li>\n<li>Mide 4 x 90\u00b0 con una precisi\u00f3n de \u00b1 0,2\u00b0<\/li>\n<li>Funci\u00f3n de medici\u00f3n absoluta<\/li>\n<li>Valores de medici\u00f3n en \u00b0 o %.<\/li>\n<li>Equipado con imanes en los 4 lados<\/li>\n<li>Bater\u00eda recargable de iones de litio a trav\u00e9s del puerto USB-C<\/li>\n<\/ul>\n","protected":false},"excerpt":{"rendered":"<p>Pantalla LCD retroiluminada con d\u00edgitos grandes <br \/>Rotaci\u00f3n autom\u00e1tica de 180\u00b0 de la pantalla y flechas para ayudarle a encontrar el punto 0 (nivel m\u00e1s f\u00e1cilmente) <br \/>Mide 4 x 90\u00b0 con una precisi\u00f3n de \u00b1 0,2\u00b0 <br \/>Funci\u00f3n de medici\u00f3n absoluta <br \/>Valores de medici\u00f3n en \u00b0 o %. <br \/>Equipado con imanes en los 4 lados <br \/>Bater\u00eda recargable de iones de litio a trav\u00e9s del puerto USB-C <\/p>\n","protected":false},"featured_media":158155,"template":"","meta":[],"product_cat":[623,631],"product_tag":[],"class_list":{"0":"post-158162","1":"product","2":"type-product","3":"status-publish","4":"has-post-thumbnail","6":"product_cat-medidores-de-angulos","7":"product_cat-medidores-de-angulos-es","9":"first","10":"instock","11":"sold-individually","12":"product-type-simple"},"yoast_head":"<title>MEDIDOR DE \u00c1NGULO DIGITAL INCLIGRAD MIDI - Metrica<\/title>\n<meta name=\"robots\" content=\"index, follow, max-snippet:-1, max-image-preview:large, max-video-preview:-1\" \/>\n<link rel=\"canonical\" href=\"https:\/\/www.metrica.it\/es\/producto\/medidor-de-angulo-digital-incligrad-midi\/\" \/>\n<meta property=\"og:locale\" content=\"es_ES\" \/>\n<meta property=\"og:type\" content=\"article\" \/>\n<meta property=\"og:title\" content=\"MEDIDOR DE \u00c1NGULO DIGITAL INCLIGRAD MIDI - Metrica\" \/>\n<meta property=\"og:description\" content=\"Pantalla LCD retroiluminada con d\u00edgitos grandes Rotaci\u00f3n autom\u00e1tica de 180\u00b0 de la pantalla y flechas para ayudarle a encontrar el punto 0 (nivel m\u00e1s f\u00e1cilmente) Mide 4 x 90\u00b0 con una precisi\u00f3n de \u00b1 0,2\u00b0 Funci\u00f3n de medici\u00f3n absoluta Valores de medici\u00f3n en \u00b0 o %. Equipado con imanes en los 4 lados Bater\u00eda recargable de iones de litio a trav\u00e9s del puerto USB-C\" \/>\n<meta property=\"og:url\" content=\"https:\/\/www.metrica.it\/es\/producto\/medidor-de-angulo-digital-incligrad-midi\/\" \/>\n<meta property=\"og:site_name\" content=\"Metrica\" \/>\n<meta property=\"article:modified_time\" content=\"2025-03-22T14:03:31+00:00\" \/>\n<meta property=\"og:image\" content=\"https:\/\/www.metrica.it\/wp-content\/uploads\/2025\/03\/60295.jpg\" \/>\n\t<meta property=\"og:image:width\" content=\"1200\" \/>\n\t<meta property=\"og:image:height\" content=\"1200\" \/>\n\t<meta property=\"og:image:type\" content=\"image\/jpeg\" \/>\n<meta name=\"twitter:card\" content=\"summary_large_image\" \/>\n<script type=\"application\/ld+json\" class=\"yoast-schema-graph\">{\"@context\":\"https:\\\/\\\/schema.org\",\"@graph\":[{\"@type\":\"WebPage\",\"@id\":\"https:\\\/\\\/www.metrica.it\\\/es\\\/producto\\\/medidor-de-angulo-digital-incligrad-midi\\\/\",\"url\":\"https:\\\/\\\/www.metrica.it\\\/es\\\/producto\\\/medidor-de-angulo-digital-incligrad-midi\\\/\",\"name\":\"MEDIDOR DE \u00c1NGULO DIGITAL INCLIGRAD MIDI - Metrica\",\"isPartOf\":{\"@id\":\"https:\\\/\\\/www.metrica.it\\\/es\\\/#website\"},\"primaryImageOfPage\":{\"@id\":\"https:\\\/\\\/www.metrica.it\\\/es\\\/producto\\\/medidor-de-angulo-digital-incligrad-midi\\\/#primaryimage\"},\"image\":{\"@id\":\"https:\\\/\\\/www.metrica.it\\\/es\\\/producto\\\/medidor-de-angulo-digital-incligrad-midi\\\/#primaryimage\"},\"thumbnailUrl\":\"https:\\\/\\\/www.metrica.it\\\/wp-content\\\/uploads\\\/2025\\\/03\\\/60295.jpg\",\"datePublished\":\"2025-03-22T14:03:12+00:00\",\"dateModified\":\"2025-03-22T14:03:31+00:00\",\"breadcrumb\":{\"@id\":\"https:\\\/\\\/www.metrica.it\\\/es\\\/producto\\\/medidor-de-angulo-digital-incligrad-midi\\\/#breadcrumb\"},\"inLanguage\":\"es\",\"potentialAction\":[{\"@type\":\"ReadAction\",\"target\":[\"https:\\\/\\\/www.metrica.it\\\/es\\\/producto\\\/medidor-de-angulo-digital-incligrad-midi\\\/\"]}]},{\"@type\":\"ImageObject\",\"inLanguage\":\"es\",\"@id\":\"https:\\\/\\\/www.metrica.it\\\/es\\\/producto\\\/medidor-de-angulo-digital-incligrad-midi\\\/#primaryimage\",\"url\":\"https:\\\/\\\/www.metrica.it\\\/wp-content\\\/uploads\\\/2025\\\/03\\\/60295.jpg\",\"contentUrl\":\"https:\\\/\\\/www.metrica.it\\\/wp-content\\\/uploads\\\/2025\\\/03\\\/60295.jpg\",\"width\":1200,\"height\":1200},{\"@type\":\"BreadcrumbList\",\"@id\":\"https:\\\/\\\/www.metrica.it\\\/es\\\/producto\\\/medidor-de-angulo-digital-incligrad-midi\\\/#breadcrumb\",\"itemListElement\":[{\"@type\":\"ListItem\",\"position\":1,\"name\":\"Home\",\"item\":\"https:\\\/\\\/www.metrica.it\\\/es\\\/\"},{\"@type\":\"ListItem\",\"position\":2,\"name\":\"Cat\u00e1logo\",\"item\":\"https:\\\/\\\/www.metrica.it\\\/es\\\/catalogo-es\\\/\"},{\"@type\":\"ListItem\",\"position\":3,\"name\":\"MEDIDOR DE \u00c1NGULO DIGITAL INCLIGRAD MIDI\"}]},{\"@type\":\"WebSite\",\"@id\":\"https:\\\/\\\/www.metrica.it\\\/es\\\/#website\",\"url\":\"https:\\\/\\\/www.metrica.it\\\/es\\\/\",\"name\":\"Metrica\",\"description\":\"Made to measure\",\"potentialAction\":[{\"@type\":\"SearchAction\",\"target\":{\"@type\":\"EntryPoint\",\"urlTemplate\":\"https:\\\/\\\/www.metrica.it\\\/es\\\/?s={search_term_string}\"},\"query-input\":{\"@type\":\"PropertyValueSpecification\",\"valueRequired\":true,\"valueName\":\"search_term_string\"}}],\"inLanguage\":\"es\"}]}<\/script>","yoast_head_json":{"title":"MEDIDOR DE \u00c1NGULO DIGITAL INCLIGRAD MIDI - Metrica","robots":{"index":"index","follow":"follow","max-snippet":"max-snippet:-1","max-image-preview":"max-image-preview:large","max-video-preview":"max-video-preview:-1"},"canonical":"https:\/\/www.metrica.it\/es\/producto\/medidor-de-angulo-digital-incligrad-midi\/","og_locale":"es_ES","og_type":"article","og_title":"MEDIDOR DE \u00c1NGULO DIGITAL INCLIGRAD MIDI - Metrica","og_description":"Pantalla LCD retroiluminada con d\u00edgitos grandes Rotaci\u00f3n autom\u00e1tica de 180\u00b0 de la pantalla y flechas para ayudarle a encontrar el punto 0 (nivel m\u00e1s f\u00e1cilmente) Mide 4 x 90\u00b0 con una precisi\u00f3n de \u00b1 0,2\u00b0 Funci\u00f3n de medici\u00f3n absoluta Valores de medici\u00f3n en \u00b0 o %. Equipado con imanes en los 4 lados Bater\u00eda recargable de iones de litio a trav\u00e9s del puerto USB-C","og_url":"https:\/\/www.metrica.it\/es\/producto\/medidor-de-angulo-digital-incligrad-midi\/","og_site_name":"Metrica","article_modified_time":"2025-03-22T14:03:31+00:00","og_image":[{"width":1200,"height":1200,"url":"https:\/\/www.metrica.it\/wp-content\/uploads\/2025\/03\/60295.jpg","type":"image\/jpeg"}],"twitter_card":"summary_large_image","schema":{"@context":"https:\/\/schema.org","@graph":[{"@type":"WebPage","@id":"https:\/\/www.metrica.it\/es\/producto\/medidor-de-angulo-digital-incligrad-midi\/","url":"https:\/\/www.metrica.it\/es\/producto\/medidor-de-angulo-digital-incligrad-midi\/","name":"MEDIDOR DE \u00c1NGULO DIGITAL INCLIGRAD MIDI - Metrica","isPartOf":{"@id":"https:\/\/www.metrica.it\/es\/#website"},"primaryImageOfPage":{"@id":"https:\/\/www.metrica.it\/es\/producto\/medidor-de-angulo-digital-incligrad-midi\/#primaryimage"},"image":{"@id":"https:\/\/www.metrica.it\/es\/producto\/medidor-de-angulo-digital-incligrad-midi\/#primaryimage"},"thumbnailUrl":"https:\/\/www.metrica.it\/wp-content\/uploads\/2025\/03\/60295.jpg","datePublished":"2025-03-22T14:03:12+00:00","dateModified":"2025-03-22T14:03:31+00:00","breadcrumb":{"@id":"https:\/\/www.metrica.it\/es\/producto\/medidor-de-angulo-digital-incligrad-midi\/#breadcrumb"},"inLanguage":"es","potentialAction":[{"@type":"ReadAction","target":["https:\/\/www.metrica.it\/es\/producto\/medidor-de-angulo-digital-incligrad-midi\/"]}]},{"@type":"ImageObject","inLanguage":"es","@id":"https:\/\/www.metrica.it\/es\/producto\/medidor-de-angulo-digital-incligrad-midi\/#primaryimage","url":"https:\/\/www.metrica.it\/wp-content\/uploads\/2025\/03\/60295.jpg","contentUrl":"https:\/\/www.metrica.it\/wp-content\/uploads\/2025\/03\/60295.jpg","width":1200,"height":1200},{"@type":"BreadcrumbList","@id":"https:\/\/www.metrica.it\/es\/producto\/medidor-de-angulo-digital-incligrad-midi\/#breadcrumb","itemListElement":[{"@type":"ListItem","position":1,"name":"Home","item":"https:\/\/www.metrica.it\/es\/"},{"@type":"ListItem","position":2,"name":"Cat\u00e1logo","item":"https:\/\/www.metrica.it\/es\/catalogo-es\/"},{"@type":"ListItem","position":3,"name":"MEDIDOR DE \u00c1NGULO DIGITAL INCLIGRAD MIDI"}]},{"@type":"WebSite","@id":"https:\/\/www.metrica.it\/es\/#website","url":"https:\/\/www.metrica.it\/es\/","name":"Metrica","description":"Made to measure","potentialAction":[{"@type":"SearchAction","target":{"@type":"EntryPoint","urlTemplate":"https:\/\/www.metrica.it\/es\/?s={search_term_string}"},"query-input":{"@type":"PropertyValueSpecification","valueRequired":true,"valueName":"search_term_string"}}],"inLanguage":"es"}]}},"meta_box":{"awr_documentation":[{"filesize":16865153,"ID":"158154","name":"60295.pdf","path":"\/var\/www\/html\/wp-content\/uploads\/2025\/03\/60295.pdf","url":"https:\/\/www.metrica.it\/wp-content\/uploads\/2025\/03\/60295.pdf","title":"60295.pdf"}],"awr_manuale":[],"awr_scheda_tecnica":"","awr_youtube_video":"","awr_classe_prodotto":"","awr_customize_product":"0","awr_custom_image":false,"awr_related_products":[{"awr_product_references":"ref:60295|a_mm:62|b_mm:62|ean:80010660602957|pack:1"}],"awr_consumabili":"","awr_alternativi":"60296","awr_aliases":"60295","awr_skuid":"60295-it"},"_links":{"self":[{"href":"https:\/\/www.metrica.it\/es\/wp-json\/wp\/v2\/product\/158162","targetHints":{"allow":["GET"]}}],"collection":[{"href":"https:\/\/www.metrica.it\/es\/wp-json\/wp\/v2\/product"}],"about":[{"href":"https:\/\/www.metrica.it\/es\/wp-json\/wp\/v2\/types\/product"}],"wp:featuredmedia":[{"embeddable":true,"href":"https:\/\/www.metrica.it\/es\/wp-json\/wp\/v2\/media\/158155"}],"wp:attachment":[{"href":"https:\/\/www.metrica.it\/es\/wp-json\/wp\/v2\/media?parent=158162"}],"wp:term":[{"taxonomy":"product_cat","embeddable":true,"href":"https:\/\/www.metrica.it\/es\/wp-json\/wp\/v2\/product_cat?post=158162"},{"taxonomy":"product_tag","embeddable":true,"href":"https:\/\/www.metrica.it\/es\/wp-json\/wp\/v2\/product_tag?post=158162"}],"curies":[{"name":"wp","href":"https:\/\/api.w.org\/{rel}","templated":true}]}}