{"id":244625,"date":"2025-09-23T15:41:12","date_gmt":"2025-09-23T13:41:12","guid":{"rendered":"https:\/\/www.metrica.it\/?post_type=product&#038;p=244625"},"modified":"2026-01-07T18:48:18","modified_gmt":"2026-01-07T17:48:18","slug":"metrica-4d","status":"publish","type":"product","link":"https:\/\/www.metrica.it\/es\/producto\/metrica-4d\/","title":{"rendered":"METRICA 4D"},"content":{"rendered":"<ul>\n<li>Nivel l\u00e1ser autom\u00e1tico verde. Proyecta 4 planos de l\u00e1ser 360\u00b0: dos planos horizontal y dos planos verticales en 90\u00b0 entre s\u00ed<\/li>\n<li>Posibilidad de bloquear rayos l\u00e1ser para posiciones inclinadas<\/li>\n<li>Plomada siempre visible con 4 cuadrados a pared<\/li>\n<li>2 cruces al techo y a piso externas de la base de la estructura<\/li>\n<li>Vidrios \u00f3pticos<\/li>\n<li>Alta visibilidad<\/li>\n<li>Posicionamiento f\u00e1cil a ras del techo (&lt;2 cm)<\/li>\n<li>Posicionamiento f\u00e1cil a ras del pavimiento (&lt; 2 cm)<\/li>\n<li>Uso de interior y al aire libre ( con el receptor, no incluido)<\/li>\n<li>Flash autom\u00e1tico del l\u00e1ser y aviso audible si el dispositivo est\u00e1 fuera de rango de autonivelaci\u00f3n<\/li>\n<li>Sistema de cierre integrado para evitar la vibraci\u00f3n durante el transporte, capacidad de proyectar planos de l\u00e1ser incluso en posici\u00f3n fija y inclinado<\/li>\n<li>Forma compacta, revestimiento antideslizante y caucho a prueba de golpes<\/li>\n<li>Pilas recargables Li-ion de larga vida, provisto de bater\u00eda de repuesto y cargador para la carga externa.<\/li>\n<li>Puerto USB-C integrado en el instrumento<\/li>\n<li>Indicador LED de carga de la bater\u00eda<\/li>\n<li>Mando a distancia\u00a0 (ref. 61465)<\/li>\n<li>Se suministra con soporte magn\u00e9tico para paredes y placas de<br \/>\nyeso en estuche r\u00edgido<\/li>\n<\/ul>\n","protected":false},"excerpt":{"rendered":"<p>Nivel l\u00e1ser autom\u00e1tico verde. Proyecta 4 planos de l\u00e1ser 360\u00b0: dos planos horizontal y dos planos verticales en 90\u00b0 entre s\u00ed<br \/>\nPosibilidad de bloquear rayos l\u00e1ser para posiciones inclinadas<br \/>\nPlomada siempre visible con 4 cuadrados a pared<br \/>\n2 cruces al techo y a piso externas de la base de la estructura<br \/>\nVidrios \u00f3pticos<br \/>\nAlta visibilidad<br \/>\nPosicionamiento f\u00e1cil a ras del techo (&lt;2 cm)<br \/>\nPosicionamiento f\u00e1cil a ras del pavimiento (&lt; 2 cm)<br \/>\nUso de interior y al aire libre ( con el receptor, no incluido)<br \/>\nFlash autom\u00e1tico del l\u00e1ser y aviso audible si el dispositivo est\u00e1 fuera de rango de autonivelaci\u00f3n<br \/>\nSistema de cierre integrado para evitar la vibraci\u00f3n durante el transporte, capacidad de proyectar planos de l\u00e1ser incluso en posici\u00f3n fija y inclinado<br \/>\nForma compacta, revestimiento antideslizante y caucho a prueba de golpes<br \/>\nPilas recargables Li-ion de larga vida, provisto de bater\u00eda de repuesto y cargador para la carga externa.<br \/>\nPuerto USB-C integrado en el instrumento<br \/>\nIndicador LED de carga de la bater\u00eda<br \/>\nMando a distancia (ref. 61465)<br \/>\nSe suministra con soporte magn\u00e9tico para paredes y placas de<br \/>\nyeso en estuche r\u00edgido<\/p>\n","protected":false},"featured_media":245065,"template":"","meta":[],"product_cat":[524,517],"product_tag":[],"class_list":{"0":"post-244625","1":"product","2":"type-product","3":"status-publish","4":"has-post-thumbnail","6":"product_cat-laser-autonivelantes","7":"product_cat-laser-y-termocamaras","9":"first","10":"instock","11":"sold-individually","12":"product-type-simple"},"yoast_head":"<title>METRICA 4D - Metrica<\/title>\n<meta name=\"robots\" content=\"index, follow, max-snippet:-1, max-image-preview:large, max-video-preview:-1\" \/>\n<link rel=\"canonical\" href=\"https:\/\/www.metrica.it\/es\/producto\/metrica-4d\/\" \/>\n<meta property=\"og:locale\" content=\"es_ES\" \/>\n<meta property=\"og:type\" content=\"article\" \/>\n<meta property=\"og:title\" content=\"METRICA 4D - Metrica\" \/>\n<meta property=\"og:description\" content=\"Nivel l\u00e1ser autom\u00e1tico verde. Proyecta 4 planos de l\u00e1ser 360\u00b0: dos planos horizontal y dos planos verticales en 90\u00b0 entre s\u00ed Posibilidad de bloquear rayos l\u00e1ser para posiciones inclinadas Plomada siempre visible con 4 cuadrados a pared 2 cruces al techo y a piso externas de la base de la estructura Vidrios \u00f3pticos Alta visibilidad Posicionamiento f\u00e1cil a ras del techo (&lt;2 cm) Posicionamiento f\u00e1cil a ras del pavimiento (&lt; 2 cm) Uso de interior y al aire libre ( con el receptor, no incluido) Flash autom\u00e1tico del l\u00e1ser y aviso audible si el dispositivo est\u00e1 fuera de rango de autonivelaci\u00f3n Sistema de cierre integrado para evitar la vibraci\u00f3n durante el transporte, capacidad de proyectar planos de l\u00e1ser incluso en posici\u00f3n fija y inclinado Forma compacta, revestimiento antideslizante y caucho a prueba de golpes Pilas recargables Li-ion de larga vida, provisto de bater\u00eda de repuesto y cargador para la carga externa. Puerto USB-C integrado en el instrumento Indicador LED de carga de la bater\u00eda Mando a distancia (ref. 61465) Se suministra con soporte magn\u00e9tico para paredes y placas de yeso en estuche r\u00edgido\" \/>\n<meta property=\"og:url\" content=\"https:\/\/www.metrica.it\/es\/producto\/metrica-4d\/\" \/>\n<meta property=\"og:site_name\" content=\"Metrica\" \/>\n<meta property=\"article:modified_time\" content=\"2026-01-07T17:48:18+00:00\" \/>\n<meta property=\"og:image\" content=\"https:\/\/www.metrica.it\/wp-content\/uploads\/2025\/09\/61470-1-scaled.jpg\" \/>\n\t<meta property=\"og:image:width\" content=\"2560\" \/>\n\t<meta property=\"og:image:height\" content=\"2560\" \/>\n\t<meta property=\"og:image:type\" content=\"image\/jpeg\" \/>\n<meta name=\"twitter:card\" content=\"summary_large_image\" \/>\n<meta name=\"twitter:label1\" content=\"Tiempo de lectura\" \/>\n\t<meta name=\"twitter:data1\" content=\"2 minutos\" \/>\n<script type=\"application\/ld+json\" class=\"yoast-schema-graph\">{\"@context\":\"https:\\\/\\\/schema.org\",\"@graph\":[{\"@type\":\"WebPage\",\"@id\":\"https:\\\/\\\/www.metrica.it\\\/es\\\/producto\\\/metrica-4d\\\/\",\"url\":\"https:\\\/\\\/www.metrica.it\\\/es\\\/producto\\\/metrica-4d\\\/\",\"name\":\"METRICA 4D - Metrica\",\"isPartOf\":{\"@id\":\"https:\\\/\\\/www.metrica.it\\\/es\\\/#website\"},\"primaryImageOfPage\":{\"@id\":\"https:\\\/\\\/www.metrica.it\\\/es\\\/producto\\\/metrica-4d\\\/#primaryimage\"},\"image\":{\"@id\":\"https:\\\/\\\/www.metrica.it\\\/es\\\/producto\\\/metrica-4d\\\/#primaryimage\"},\"thumbnailUrl\":\"https:\\\/\\\/www.metrica.it\\\/wp-content\\\/uploads\\\/2025\\\/09\\\/61470-1-scaled.jpg\",\"datePublished\":\"2025-09-23T13:41:12+00:00\",\"dateModified\":\"2026-01-07T17:48:18+00:00\",\"breadcrumb\":{\"@id\":\"https:\\\/\\\/www.metrica.it\\\/es\\\/producto\\\/metrica-4d\\\/#breadcrumb\"},\"inLanguage\":\"es\",\"potentialAction\":[{\"@type\":\"ReadAction\",\"target\":[\"https:\\\/\\\/www.metrica.it\\\/es\\\/producto\\\/metrica-4d\\\/\"]}]},{\"@type\":\"ImageObject\",\"inLanguage\":\"es\",\"@id\":\"https:\\\/\\\/www.metrica.it\\\/es\\\/producto\\\/metrica-4d\\\/#primaryimage\",\"url\":\"https:\\\/\\\/www.metrica.it\\\/wp-content\\\/uploads\\\/2025\\\/09\\\/61470-1-scaled.jpg\",\"contentUrl\":\"https:\\\/\\\/www.metrica.it\\\/wp-content\\\/uploads\\\/2025\\\/09\\\/61470-1-scaled.jpg\",\"width\":2560,\"height\":2560},{\"@type\":\"BreadcrumbList\",\"@id\":\"https:\\\/\\\/www.metrica.it\\\/es\\\/producto\\\/metrica-4d\\\/#breadcrumb\",\"itemListElement\":[{\"@type\":\"ListItem\",\"position\":1,\"name\":\"Home\",\"item\":\"https:\\\/\\\/www.metrica.it\\\/es\\\/\"},{\"@type\":\"ListItem\",\"position\":2,\"name\":\"Cat\u00e1logo\",\"item\":\"https:\\\/\\\/www.metrica.it\\\/es\\\/catalogo-es\\\/\"},{\"@type\":\"ListItem\",\"position\":3,\"name\":\"METRICA 4D\"}]},{\"@type\":\"WebSite\",\"@id\":\"https:\\\/\\\/www.metrica.it\\\/es\\\/#website\",\"url\":\"https:\\\/\\\/www.metrica.it\\\/es\\\/\",\"name\":\"Metrica\",\"description\":\"Made to measure\",\"potentialAction\":[{\"@type\":\"SearchAction\",\"target\":{\"@type\":\"EntryPoint\",\"urlTemplate\":\"https:\\\/\\\/www.metrica.it\\\/es\\\/?s={search_term_string}\"},\"query-input\":{\"@type\":\"PropertyValueSpecification\",\"valueRequired\":true,\"valueName\":\"search_term_string\"}}],\"inLanguage\":\"es\"}]}<\/script>","yoast_head_json":{"title":"METRICA 4D - Metrica","robots":{"index":"index","follow":"follow","max-snippet":"max-snippet:-1","max-image-preview":"max-image-preview:large","max-video-preview":"max-video-preview:-1"},"canonical":"https:\/\/www.metrica.it\/es\/producto\/metrica-4d\/","og_locale":"es_ES","og_type":"article","og_title":"METRICA 4D - Metrica","og_description":"Nivel l\u00e1ser autom\u00e1tico verde. Proyecta 4 planos de l\u00e1ser 360\u00b0: dos planos horizontal y dos planos verticales en 90\u00b0 entre s\u00ed Posibilidad de bloquear rayos l\u00e1ser para posiciones inclinadas Plomada siempre visible con 4 cuadrados a pared 2 cruces al techo y a piso externas de la base de la estructura Vidrios \u00f3pticos Alta visibilidad Posicionamiento f\u00e1cil a ras del techo (&lt;2 cm) Posicionamiento f\u00e1cil a ras del pavimiento (&lt; 2 cm) Uso de interior y al aire libre ( con el receptor, no incluido) Flash autom\u00e1tico del l\u00e1ser y aviso audible si el dispositivo est\u00e1 fuera de rango de autonivelaci\u00f3n Sistema de cierre integrado para evitar la vibraci\u00f3n durante el transporte, capacidad de proyectar planos de l\u00e1ser incluso en posici\u00f3n fija y inclinado Forma compacta, revestimiento antideslizante y caucho a prueba de golpes Pilas recargables Li-ion de larga vida, provisto de bater\u00eda de repuesto y cargador para la carga externa. Puerto USB-C integrado en el instrumento Indicador LED de carga de la bater\u00eda Mando a distancia (ref. 61465) Se suministra con soporte magn\u00e9tico para paredes y placas de yeso en estuche r\u00edgido","og_url":"https:\/\/www.metrica.it\/es\/producto\/metrica-4d\/","og_site_name":"Metrica","article_modified_time":"2026-01-07T17:48:18+00:00","og_image":[{"width":2560,"height":2560,"url":"https:\/\/www.metrica.it\/wp-content\/uploads\/2025\/09\/61470-1-scaled.jpg","type":"image\/jpeg"}],"twitter_card":"summary_large_image","twitter_misc":{"Tiempo de lectura":"2 minutos"},"schema":{"@context":"https:\/\/schema.org","@graph":[{"@type":"WebPage","@id":"https:\/\/www.metrica.it\/es\/producto\/metrica-4d\/","url":"https:\/\/www.metrica.it\/es\/producto\/metrica-4d\/","name":"METRICA 4D - Metrica","isPartOf":{"@id":"https:\/\/www.metrica.it\/es\/#website"},"primaryImageOfPage":{"@id":"https:\/\/www.metrica.it\/es\/producto\/metrica-4d\/#primaryimage"},"image":{"@id":"https:\/\/www.metrica.it\/es\/producto\/metrica-4d\/#primaryimage"},"thumbnailUrl":"https:\/\/www.metrica.it\/wp-content\/uploads\/2025\/09\/61470-1-scaled.jpg","datePublished":"2025-09-23T13:41:12+00:00","dateModified":"2026-01-07T17:48:18+00:00","breadcrumb":{"@id":"https:\/\/www.metrica.it\/es\/producto\/metrica-4d\/#breadcrumb"},"inLanguage":"es","potentialAction":[{"@type":"ReadAction","target":["https:\/\/www.metrica.it\/es\/producto\/metrica-4d\/"]}]},{"@type":"ImageObject","inLanguage":"es","@id":"https:\/\/www.metrica.it\/es\/producto\/metrica-4d\/#primaryimage","url":"https:\/\/www.metrica.it\/wp-content\/uploads\/2025\/09\/61470-1-scaled.jpg","contentUrl":"https:\/\/www.metrica.it\/wp-content\/uploads\/2025\/09\/61470-1-scaled.jpg","width":2560,"height":2560},{"@type":"BreadcrumbList","@id":"https:\/\/www.metrica.it\/es\/producto\/metrica-4d\/#breadcrumb","itemListElement":[{"@type":"ListItem","position":1,"name":"Home","item":"https:\/\/www.metrica.it\/es\/"},{"@type":"ListItem","position":2,"name":"Cat\u00e1logo","item":"https:\/\/www.metrica.it\/es\/catalogo-es\/"},{"@type":"ListItem","position":3,"name":"METRICA 4D"}]},{"@type":"WebSite","@id":"https:\/\/www.metrica.it\/es\/#website","url":"https:\/\/www.metrica.it\/es\/","name":"Metrica","description":"Made to measure","potentialAction":[{"@type":"SearchAction","target":{"@type":"EntryPoint","urlTemplate":"https:\/\/www.metrica.it\/es\/?s={search_term_string}"},"query-input":{"@type":"PropertyValueSpecification","valueRequired":true,"valueName":"search_term_string"}}],"inLanguage":"es"}]}},"meta_box":{"awr_documentation":[{"filesize":1114179,"ID":"244636","name":"61470.pdf","path":"\/var\/www\/html\/wp-content\/uploads\/2025\/09\/61470.pdf","url":"https:\/\/www.metrica.it\/wp-content\/uploads\/2025\/09\/61470.pdf","title":"61470"}],"awr_manuale":[],"awr_scheda_tecnica":"<table>\n<tbody>\n<tr>\n<td>Capacidad (dependiendo de la luminosidad)<\/td>\n<td>30 m (\u00d8 60 m)<\/td>\n<\/tr>\n<tr>\n<td>Capacidad con receptor<\/td>\n<td>50 m (\u00d8 100 m)<\/td>\n<\/tr>\n<tr>\n<td>Precisi\u00f3n de nivelaci\u00f3n<\/td>\n<td>\u00b1 2 mm \/ 10 m<\/td>\n<\/tr>\n<tr>\n<td>Campo de auto-nivelaci\u00f3n<\/td>\n<td>\u00b1 4\u00b0<\/td>\n<\/tr>\n<tr>\n<td>Se\u00f1al fuera de nivelaci\u00f3n<\/td>\n<td>si<\/td>\n<\/tr>\n<tr>\n<td>Tipo de l\u00e1ser<\/td>\n<td>520 nm &lt;1mw<\/td>\n<\/tr>\n<tr>\n<td>Potencia l\u00e1ser<\/td>\n<td>Clase II<\/td>\n<\/tr>\n<tr>\n<td>Pilas<\/td>\n<td>7.4V 2600 mAh<\/td>\n<\/tr>\n<tr>\n<td>Dimensiones<\/td>\n<td>140 x 160 x 85<\/td>\n<\/tr>\n<tr>\n<td>Peso sin pilas<\/td>\n<td>0,65 Kg<\/td>\n<\/tr>\n<tr>\n<td>Impermeabilidad<\/td>\n<td>IP 54<\/td>\n<\/tr>\n<tr>\n<td>Tuerca para tr\u00edpode<\/td>\n<td>1\/4\u201d - 5\/8\u201d<\/td>\n<\/tr>\n<\/tbody>\n<\/table>\n","awr_youtube_video":"","awr_classe_prodotto":"","awr_customize_product":"0","awr_custom_image":false,"awr_related_products":[{"awr_product_references":"ref:61470|ean:8001066614707|pack:1"}],"awr_consumabili":"61447,60866,61453,61454,61450,61451,61465,60749","awr_alternativi":"61410MPLUS,61415MPLUS,60845,61438,","awr_aliases":"61470","awr_skuid":"61410MPLUS-it"},"_links":{"self":[{"href":"https:\/\/www.metrica.it\/es\/wp-json\/wp\/v2\/product\/244625","targetHints":{"allow":["GET"]}}],"collection":[{"href":"https:\/\/www.metrica.it\/es\/wp-json\/wp\/v2\/product"}],"about":[{"href":"https:\/\/www.metrica.it\/es\/wp-json\/wp\/v2\/types\/product"}],"wp:featuredmedia":[{"embeddable":true,"href":"https:\/\/www.metrica.it\/es\/wp-json\/wp\/v2\/media\/245065"}],"wp:attachment":[{"href":"https:\/\/www.metrica.it\/es\/wp-json\/wp\/v2\/media?parent=244625"}],"wp:term":[{"taxonomy":"product_cat","embeddable":true,"href":"https:\/\/www.metrica.it\/es\/wp-json\/wp\/v2\/product_cat?post=244625"},{"taxonomy":"product_tag","embeddable":true,"href":"https:\/\/www.metrica.it\/es\/wp-json\/wp\/v2\/product_tag?post=244625"}],"curies":[{"name":"wp","href":"https:\/\/api.w.org\/{rel}","templated":true}]}}