{"id":138902,"date":"2024-06-03T17:14:24","date_gmt":"2024-06-03T15:14:24","guid":{"rendered":"https:\/\/www.metrica.it\/recherche-et-developpement\/"},"modified":"2024-09-23T15:42:05","modified_gmt":"2024-09-23T13:42:05","slug":"recherche-et-developpement","status":"publish","type":"page","link":"https:\/\/www.metrica.it\/fr\/recherche-et-developpement\/","title":{"rendered":"Recherche et d\u00e9veloppement"},"content":{"rendered":"<div class=\"wpb-content-wrapper\"><section class=\"vc_row wpb_row vc_row-fluid awr-page-body    vc_row-o-equal-height vc_row-o-content-middle vc_row-flex\"><div class=\"wpb_column vc_column_container vc_col-sm-6 vc_col-md-5 vc_col-xs-12\"><div class=\"vc_column-inner  hongo_responsive_1570718819413\"><div class=\"wpb_wrapper\"><div class=\"wpb_single_image    hongo-full-width-single-image\">\r\n\t\t\t<figure class=\"wpb_wrapper vc_figure\">\r\n\t\t\t\t<div class=\"vc_single_image-wrapper  \"><img decoding=\"async\" width=\"450\" height=\"450\" src=\"https:\/\/www.metrica.it\/wp-content\/uploads\/2024\/06\/ricerca-sviluppo.jpg\" class=\"vc_single_image-img attachment-full\" alt=\"\" title=\"ricerca-sviluppo\" srcset=\"https:\/\/www.metrica.it\/wp-content\/uploads\/2024\/06\/ricerca-sviluppo.jpg 450w, https:\/\/www.metrica.it\/wp-content\/uploads\/2024\/06\/ricerca-sviluppo-64x64.jpg 64w, https:\/\/www.metrica.it\/wp-content\/uploads\/2024\/06\/ricerca-sviluppo-84x84.jpg 84w\" sizes=\"(max-width: 450px) 100vw, 450px\" \/><\/div>\r\n\t\t\t<\/figure>\r\n\t\t\t\r\n\t\t<\/div><\/div><\/div><\/div><div class=\"wpb_column vc_column_container vc_col-sm-6 vc_col-md-offset-1 vc_col-xs-12 xs-text-center\"><div class=\"vc_column-inner vc_custom_1570718855531  hongo_responsive_1570718855535\"><div class=\"wpb_wrapper\"><div class=\"text-block-content text-block-opening hongo-text-block-1 vc_custom_1725439151597 last-paragraph-no-margin  hongo_responsive_1725439151598\"><p><strong>Metrica dispose d&rsquo;un d\u00e9partement de recherche et d\u00e9veloppement<\/strong> pour d&rsquo;instruments de mesure, r\u00e9parti entre deux sites de production : Milan et Arzignano, dans la province de Vicence.<\/p>\n<\/div><div class=\"text-block-content hongo-text-block-2 last-paragraph-no-margin\"><p>L&rsquo;\u00e9quipe a pour objectif de retravailler ou d&rsquo;ajouter de <strong>nouvelles fonctions et am\u00e9liorations<\/strong> aux produits d\u00e9j\u00e0 pr\u00e9sents dans le catalogue et de concevoir de nouveaux outils destin\u00e9s \u00e0 acc\u00e9l\u00e9rer et \u00e0 simplifier le travail des clients.<\/p>\n<p><strong>Il s&rsquo;agit d&rsquo;un travail constant<\/strong>, soutenu par une \u00e9quipe de test compos\u00e9e de professionnels qui utilisent quotidiennement les produits en avant-premi\u00e8re dans le but d&rsquo;identifier les d\u00e9fauts afin de les \u00e9liminer ou de proposer des am\u00e9liorations: les produits Metrica sont le r\u00e9sultat d&rsquo;une utilisation pratique et quotidienne.<\/p>\n<p>La recherche du d\u00e9tail est un \u00e9l\u00e9ment tr\u00e8s important pour Metrica et est consid\u00e9r\u00e9e comme le seul moyen d&rsquo;am\u00e9liorer concr\u00e8tement la facilit\u00e9 d&rsquo;utilisation pour d&rsquo;instruments de mesure.<\/p>\n<\/div><\/div><\/div><\/div><\/section><section class=\"vc_row wpb_row vc_row-fluid\"><div class=\"wpb_column vc_column_container col-xs-mobile-fullwidth vc_col-sm-12\"><div class=\"vc_column-inner\"><div class=\"wpb_wrapper\"><div class=\"vc_row wpb_row vc_inner vc_row-fluid   vc_row-o-equal-height vc_row-o-content-middle vc_row-flex\"><div class=\"wpb_column vc_column_container vc_col-sm-6 vc_col-md-4 vc_col-xs-12\"><div class=\"vc_column-inner  hongo_responsive_1564404877774\"><div class=\"wpb_wrapper\"><div class=\"hongo-featurebox-wrap interactive-banner-style-1 hongo-interactive-banner-1-1\"><div class=\"interactive-featurebox-image\"><img decoding=\"async\" width=\"660\" height=\"660\" src=\"https:\/\/www.metrica.it\/wp-content\/uploads\/2024\/06\/chi-siamo-660x660.jpg\" class=\"attachment-hongo-shop-image size-hongo-shop-image\" alt=\"\" srcset=\"https:\/\/www.metrica.it\/wp-content\/uploads\/2024\/06\/chi-siamo-660x660.jpg 660w, https:\/\/www.metrica.it\/wp-content\/uploads\/2024\/06\/chi-siamo-64x64.jpg 64w, https:\/\/www.metrica.it\/wp-content\/uploads\/2024\/06\/chi-siamo-84x84.jpg 84w, https:\/\/www.metrica.it\/wp-content\/uploads\/2024\/06\/chi-siamo-450x450.jpg 450w, https:\/\/www.metrica.it\/wp-content\/uploads\/2024\/06\/chi-siamo-790x790.jpg 790w, https:\/\/www.metrica.it\/wp-content\/uploads\/2024\/06\/chi-siamo.jpg 1000w\" sizes=\"(max-width: 660px) 100vw, 660px\" \/><\/div><div class=\"hongo-featurebox-text hongo_font_1718973288069\">Qui sommes-nous<i class=\"fas fa-arrow-right\"><\/i><\/div><div class=\"hongo-featurebox-hover\"><div class=\"hongo-interative-banner-content-wrap\"><div class=\"hongo-interative-banner-content-middle\"><div class=\"hongo-featurebox-text alt-font\">Qui sommes-nous<\/div><div class=\"content\">Metrica est une entreprise sp\u00e9cialis\u00e9e dans la conception, le d\u00e9veloppement, la production, la vente et le service d'instruments de mesure dans les secteurs de la m\u00e9canique, de la construction et de l'outillage, la plus ancienne d'Italie.<\/div><a href=\"http:\/\/www.metrica.it\/fr\/qui-sommes-nous\/\" target=\"_self\" class=\"hongo_button_1718973288066 btn alt-font\">En savoir plus<\/a><\/div><\/div><\/div><\/div><\/div><\/div><\/div><div class=\"wpb_column vc_column_container vc_col-sm-6 vc_col-md-4 vc_col-xs-12\"><div class=\"vc_column-inner  hongo_responsive_1564404884696\"><div class=\"wpb_wrapper\"><div class=\"hongo-featurebox-wrap interactive-banner-style-1 hongo-interactive-banner-1-2\"><div class=\"interactive-featurebox-image\"><img decoding=\"async\" width=\"450\" height=\"450\" src=\"https:\/\/www.metrica.it\/wp-content\/uploads\/2024\/06\/sedi.jpg\" class=\"attachment-full size-full\" alt=\"\" srcset=\"https:\/\/www.metrica.it\/wp-content\/uploads\/2024\/06\/sedi.jpg 450w, https:\/\/www.metrica.it\/wp-content\/uploads\/2024\/06\/sedi-64x64.jpg 64w, https:\/\/www.metrica.it\/wp-content\/uploads\/2024\/06\/sedi-84x84.jpg 84w\" sizes=\"(max-width: 450px) 100vw, 450px\" \/><\/div><div class=\"hongo-featurebox-text hongo_font_1718971810047 alt-font\">Sites de production en Italie<i class=\"fas fa-arrow-right\"><\/i><\/div><div class=\"hongo-featurebox-hover\"><div class=\"hongo-interative-banner-content-wrap\"><div class=\"hongo-interative-banner-content-middle\"><div class=\"hongo-featurebox-text alt-font\">Sites de production en Italie<\/div><div class=\"content\">Le si\u00e8ge historique de Metrica, o\u00f9 tout a commenc\u00e9 en 1949 \u00e0 Danta di Cadore dans la province de Belluno, est encore impliqu\u00e9 dans une production extr\u00eamement contr\u00f4l\u00e9e de certains de ses produits.<\/div><a href=\"http:\/\/www.metrica.it\/fr\/sites-de-production-en-italie\/\" target=\"_self\" class=\"hongo_button_1718971810042 btn alt-font\">En savoir plus<\/a><\/div><\/div><\/div><\/div><\/div><\/div><\/div><\/div><\/div><\/div><\/div><\/section>\n<\/div>","protected":false},"excerpt":{"rendered":"Metrica dispose d'un d\u00e9partement de recherche et d\u00e9veloppement pour d'instruments de mesure, r\u00e9parti entre deux sites de production : Milan et Arzignano, dans la province de Vicence. L'\u00e9quipe a pour objectif de retravailler ou d'ajouter de nouvelles fonctions et am\u00e9liorations aux produits d\u00e9j\u00e0 pr\u00e9sents dans le catalogue et de concevoir de nouveaux outils destin\u00e9s \u00e0 acc\u00e9l\u00e9rer et \u00e0 simplifier le travail des clients. Il s'agit d'un travail constant, soutenu par une \u00e9quipe de test compos\u00e9e de professionnels qui utilisent quotidiennement les produits en avant-premi\u00e8re dans le but d'identifier les d\u00e9fauts afin de les \u00e9liminer ou de proposer des am\u00e9liorations: les produits Metrica sont le r\u00e9sultat d'une utilisation pratique et quotidienne. La recherche du d\u00e9tail est un \u00e9l\u00e9ment tr\u00e8s important pour Metrica et est consid\u00e9r\u00e9e comme le seul moyen d'am\u00e9liorer concr\u00e8tement la facilit\u00e9 d'utilisation pour d'instruments de mesure. Qui sommes-nousQui sommes-nousMetrica est une entreprise sp\u00e9cialis\u00e9e dans la conception, le d\u00e9veloppement, la production, la vente et le service d'instruments de mesure dans les secteurs de la m\u00e9canique, de la construction et de l'outillage, la plus ancienne d'Italie.En savoir plusSites de production en ItalieSites de production en ItalieLe si\u00e8ge historique de Metrica, o\u00f9 tout a commenc\u00e9 en 1949 \u00e0 Danta di Cadore dans...","protected":false},"author":1,"featured_media":0,"parent":0,"menu_order":0,"comment_status":"closed","ping_status":"closed","template":"","meta":{"footnotes":""},"class_list":["post-138902","page","type-page","status-publish","hentry"],"yoast_head":"<title>Instruments de mesure | Recherche et D\u00e9veloppement | Metrica<\/title>\n<meta name=\"description\" content=\"Metrica d\u00e9veloppe des instruments de mesure innovants gr\u00e2ce \u00e0 un d\u00e9partement R&amp;D sp\u00e9cialis\u00e9 qui travaille constamment pour am\u00e9liorer la qualit\u00e9 et la fonctionnalit\u00e9.\" \/>\n<meta name=\"robots\" content=\"index, follow, max-snippet:-1, max-image-preview:large, max-video-preview:-1\" \/>\n<link rel=\"canonical\" href=\"https:\/\/www.metrica.it\/fr\/recherche-et-developpement\/\" \/>\n<meta property=\"og:locale\" content=\"fr_FR\" \/>\n<meta property=\"og:type\" content=\"article\" \/>\n<meta property=\"og:title\" content=\"Instruments de mesure | Recherche et D\u00e9veloppement | Metrica\" \/>\n<meta property=\"og:description\" content=\"Metrica d\u00e9veloppe des instruments de mesure innovants gr\u00e2ce \u00e0 un d\u00e9partement R&amp;D sp\u00e9cialis\u00e9 qui travaille constamment pour am\u00e9liorer la qualit\u00e9 et la fonctionnalit\u00e9.\" \/>\n<meta property=\"og:url\" content=\"https:\/\/www.metrica.it\/fr\/recherche-et-developpement\/\" \/>\n<meta property=\"og:site_name\" content=\"Metrica\" \/>\n<meta property=\"article:modified_time\" content=\"2024-09-23T13:42:05+00:00\" \/>\n<meta name=\"twitter:card\" content=\"summary_large_image\" \/>\n<meta name=\"twitter:label1\" content=\"Dur\u00e9e de lecture estim\u00e9e\" \/>\n\t<meta name=\"twitter:data1\" content=\"2 minutes\" \/>\n<script type=\"application\/ld+json\" class=\"yoast-schema-graph\">{\"@context\":\"https:\\\/\\\/schema.org\",\"@graph\":[{\"@type\":\"WebPage\",\"@id\":\"https:\\\/\\\/www.metrica.it\\\/fr\\\/recherche-et-developpement\\\/\",\"url\":\"https:\\\/\\\/www.metrica.it\\\/fr\\\/recherche-et-developpement\\\/\",\"name\":\"Instruments de mesure | Recherche et D\u00e9veloppement | Metrica\",\"isPartOf\":{\"@id\":\"https:\\\/\\\/www.metrica.it\\\/fr\\\/#website\"},\"datePublished\":\"2024-06-03T15:14:24+00:00\",\"dateModified\":\"2024-09-23T13:42:05+00:00\",\"description\":\"Metrica d\u00e9veloppe des instruments de mesure innovants gr\u00e2ce \u00e0 un d\u00e9partement R&D sp\u00e9cialis\u00e9 qui travaille constamment pour am\u00e9liorer la qualit\u00e9 et la fonctionnalit\u00e9.\",\"breadcrumb\":{\"@id\":\"https:\\\/\\\/www.metrica.it\\\/fr\\\/recherche-et-developpement\\\/#breadcrumb\"},\"inLanguage\":\"fr-FR\",\"potentialAction\":[{\"@type\":\"ReadAction\",\"target\":[\"https:\\\/\\\/www.metrica.it\\\/fr\\\/recherche-et-developpement\\\/\"]}]},{\"@type\":\"BreadcrumbList\",\"@id\":\"https:\\\/\\\/www.metrica.it\\\/fr\\\/recherche-et-developpement\\\/#breadcrumb\",\"itemListElement\":[{\"@type\":\"ListItem\",\"position\":1,\"name\":\"Home\",\"item\":\"https:\\\/\\\/www.metrica.it\\\/fr\\\/\"},{\"@type\":\"ListItem\",\"position\":2,\"name\":\"Recherche et d\u00e9veloppement\"}]},{\"@type\":\"WebSite\",\"@id\":\"https:\\\/\\\/www.metrica.it\\\/fr\\\/#website\",\"url\":\"https:\\\/\\\/www.metrica.it\\\/fr\\\/\",\"name\":\"Metrica\",\"description\":\"Made to measure\",\"potentialAction\":[{\"@type\":\"SearchAction\",\"target\":{\"@type\":\"EntryPoint\",\"urlTemplate\":\"https:\\\/\\\/www.metrica.it\\\/fr\\\/?s={search_term_string}\"},\"query-input\":{\"@type\":\"PropertyValueSpecification\",\"valueRequired\":true,\"valueName\":\"search_term_string\"}}],\"inLanguage\":\"fr-FR\"}]}<\/script>","yoast_head_json":{"title":"Instruments de mesure | Recherche et D\u00e9veloppement | Metrica","description":"Metrica d\u00e9veloppe des instruments de mesure innovants gr\u00e2ce \u00e0 un d\u00e9partement R&D sp\u00e9cialis\u00e9 qui travaille constamment pour am\u00e9liorer la qualit\u00e9 et la fonctionnalit\u00e9.","robots":{"index":"index","follow":"follow","max-snippet":"max-snippet:-1","max-image-preview":"max-image-preview:large","max-video-preview":"max-video-preview:-1"},"canonical":"https:\/\/www.metrica.it\/fr\/recherche-et-developpement\/","og_locale":"fr_FR","og_type":"article","og_title":"Instruments de mesure | Recherche et D\u00e9veloppement | Metrica","og_description":"Metrica d\u00e9veloppe des instruments de mesure innovants gr\u00e2ce \u00e0 un d\u00e9partement R&D sp\u00e9cialis\u00e9 qui travaille constamment pour am\u00e9liorer la qualit\u00e9 et la fonctionnalit\u00e9.","og_url":"https:\/\/www.metrica.it\/fr\/recherche-et-developpement\/","og_site_name":"Metrica","article_modified_time":"2024-09-23T13:42:05+00:00","twitter_card":"summary_large_image","twitter_misc":{"Dur\u00e9e de lecture estim\u00e9e":"2 minutes"},"schema":{"@context":"https:\/\/schema.org","@graph":[{"@type":"WebPage","@id":"https:\/\/www.metrica.it\/fr\/recherche-et-developpement\/","url":"https:\/\/www.metrica.it\/fr\/recherche-et-developpement\/","name":"Instruments de mesure | Recherche et D\u00e9veloppement | Metrica","isPartOf":{"@id":"https:\/\/www.metrica.it\/fr\/#website"},"datePublished":"2024-06-03T15:14:24+00:00","dateModified":"2024-09-23T13:42:05+00:00","description":"Metrica d\u00e9veloppe des instruments de mesure innovants gr\u00e2ce \u00e0 un d\u00e9partement R&D sp\u00e9cialis\u00e9 qui travaille constamment pour am\u00e9liorer la qualit\u00e9 et la fonctionnalit\u00e9.","breadcrumb":{"@id":"https:\/\/www.metrica.it\/fr\/recherche-et-developpement\/#breadcrumb"},"inLanguage":"fr-FR","potentialAction":[{"@type":"ReadAction","target":["https:\/\/www.metrica.it\/fr\/recherche-et-developpement\/"]}]},{"@type":"BreadcrumbList","@id":"https:\/\/www.metrica.it\/fr\/recherche-et-developpement\/#breadcrumb","itemListElement":[{"@type":"ListItem","position":1,"name":"Home","item":"https:\/\/www.metrica.it\/fr\/"},{"@type":"ListItem","position":2,"name":"Recherche et d\u00e9veloppement"}]},{"@type":"WebSite","@id":"https:\/\/www.metrica.it\/fr\/#website","url":"https:\/\/www.metrica.it\/fr\/","name":"Metrica","description":"Made to measure","potentialAction":[{"@type":"SearchAction","target":{"@type":"EntryPoint","urlTemplate":"https:\/\/www.metrica.it\/fr\/?s={search_term_string}"},"query-input":{"@type":"PropertyValueSpecification","valueRequired":true,"valueName":"search_term_string"}}],"inLanguage":"fr-FR"}]}},"meta_box":{"dwn_cataloghi":[],"dwn_certificazioni":[],"dwn_laser_e_termocamere":[],"dwn_livelle":[],"dwn_misure_meccaniche":[],"dwn_misure_di_angoli":[],"dwn_misura_di_lunghezze":[]},"_links":{"self":[{"href":"https:\/\/www.metrica.it\/fr\/wp-json\/wp\/v2\/pages\/138902","targetHints":{"allow":["GET"]}}],"collection":[{"href":"https:\/\/www.metrica.it\/fr\/wp-json\/wp\/v2\/pages"}],"about":[{"href":"https:\/\/www.metrica.it\/fr\/wp-json\/wp\/v2\/types\/page"}],"author":[{"embeddable":true,"href":"https:\/\/www.metrica.it\/fr\/wp-json\/wp\/v2\/users\/1"}],"replies":[{"embeddable":true,"href":"https:\/\/www.metrica.it\/fr\/wp-json\/wp\/v2\/comments?post=138902"}],"version-history":[{"count":0,"href":"https:\/\/www.metrica.it\/fr\/wp-json\/wp\/v2\/pages\/138902\/revisions"}],"wp:attachment":[{"href":"https:\/\/www.metrica.it\/fr\/wp-json\/wp\/v2\/media?parent=138902"}],"curies":[{"name":"wp","href":"https:\/\/api.w.org\/{rel}","templated":true}]}}