{"id":138920,"date":"2018-06-01T06:54:02","date_gmt":"2018-06-01T04:54:02","guid":{"rendered":"https:\/\/www.metrica.it\/sites-de-production-en-italie\/"},"modified":"2024-10-01T09:51:43","modified_gmt":"2024-10-01T07:51:43","slug":"sites-de-production-en-italie","status":"publish","type":"page","link":"https:\/\/www.metrica.it\/fr\/sites-de-production-en-italie\/","title":{"rendered":"Sites de production en Italie"},"content":{"rendered":"<div class=\"wpb-content-wrapper\"><section class=\"vc_row wpb_row vc_row-fluid     vc_row-o-equal-height vc_row-o-content-middle vc_row-flex\"><div class=\"wpb_column vc_column_container vc_col-sm-6 vc_col-md-5 vc_col-xs-12\"><div class=\"vc_column-inner  hongo_responsive_1570718819413\"><div class=\"wpb_wrapper\"><div class=\"wpb_single_image    hongo-full-width-single-image\">\r\n\t\t\t<figure class=\"wpb_wrapper vc_figure\">\r\n\t\t\t\t<div class=\"vc_single_image-wrapper  \"><img decoding=\"async\" width=\"850\" height=\"885\" src=\"https:\/\/www.metrica.it\/wp-content\/uploads\/2024\/10\/sedi02.jpg\" class=\"vc_single_image-img attachment-full\" alt=\"\" title=\"sedi02\" srcset=\"https:\/\/www.metrica.it\/wp-content\/uploads\/2024\/10\/sedi02.jpg 850w, https:\/\/www.metrica.it\/wp-content\/uploads\/2024\/10\/sedi02-84x87.jpg 84w, https:\/\/www.metrica.it\/wp-content\/uploads\/2024\/10\/sedi02-450x469.jpg 450w, https:\/\/www.metrica.it\/wp-content\/uploads\/2024\/10\/sedi02-759x790.jpg 759w, https:\/\/www.metrica.it\/wp-content\/uploads\/2024\/10\/sedi02-64x67.jpg 64w\" sizes=\"(max-width: 850px) 100vw, 850px\" \/><\/div>\r\n\t\t\t<\/figure>\r\n\t\t\t\r\n\t\t<\/div><\/div><\/div><\/div><div class=\"wpb_column vc_column_container awr-page-body vc_col-sm-6 vc_col-md-offset-1 vc_col-xs-12 xs-text-center\"><div class=\"vc_column-inner vc_custom_1718973563613  hongo_responsive_1718973563614\"><div class=\"wpb_wrapper\"><div class=\"text-block-content text-block-opening hongo-text-block-1 vc_custom_1717426789368 last-paragraph-no-margin  hongo_responsive_1717426789369\"><p>Le si\u00e8ge historique de <strong>Metrica<\/strong>, o\u00f9 tout a commenc\u00e9 <strong>en 1949 \u00e0 Danta di Cadore dans la province de Belluno<\/strong>, est encore impliqu\u00e9 dans une production extr\u00eamement contr\u00f4l\u00e9e de certains de ses produits. Il est hautement sp\u00e9cialis\u00e9 et \u00e9quip\u00e9 de machines \u00e0 la pointe de la technologie.<\/p>\n<\/div><div class=\"text-block-content hongo-text-block-2 last-paragraph-no-margin\"><p>\u00c0 Danta di Cadore se concentre la production de r\u00e8gles en ABS, <strong>en fibre de verre, en aluminium et en acier inoxydable, ainsi que de certains types de jauges utilis\u00e9es \u00e9galement dans le secteur m\u00e9dical<\/strong>.<\/p>\n<p>Il s&rsquo;agit de produits embl\u00e9matiques et historiques qui sont encore fabriqu\u00e9s aujourd&rsquo;hui avec le savoir-faire et les mat\u00e9riaux du Made in Italy. La m\u00eame approche technique est pr\u00e9sente sur le site d&rsquo;Arzignano.<\/p>\n<p>C&rsquo;est l\u00e0 que sont fabriqu\u00e9s les produits brevet\u00e9s de <strong>Metrica<\/strong>, tels que <strong>Telefix &#8211; m\u00e8tres t\u00e9lescopiques &#8211; et Quadranfix, ainsi que les jauges d&rsquo;\u00e9paisseur et les jauges d&rsquo;al\u00e9sage<\/strong>.<\/p>\n<p>La conception compl\u00e8te de chaque article, le d\u00e9veloppement et les essais sont effectu\u00e9s en Italie par l&rsquo;\u00e9quipe de <strong>Metrica<\/strong>, ce qui garantit l&rsquo;<strong>exactitude, la pr\u00e9cision et la qualit\u00e9<\/strong>.<\/p>\n<\/div><\/div><\/div><\/div><\/section><section class=\"vc_row wpb_row vc_row-fluid\"><div class=\"wpb_column vc_column_container col-xs-mobile-fullwidth vc_col-sm-12\"><div class=\"vc_column-inner\"><div class=\"wpb_wrapper\"><div class=\"vc_row wpb_row vc_inner vc_row-fluid   vc_row-o-equal-height vc_row-o-content-middle vc_row-flex\"><div class=\"wpb_column vc_column_container vc_col-sm-6 vc_col-md-4 vc_col-xs-12\"><div class=\"vc_column-inner  hongo_responsive_1564404877774\"><div class=\"wpb_wrapper\"><div class=\"hongo-featurebox-wrap interactive-banner-style-1 hongo-interactive-banner-1-1\"><div class=\"interactive-featurebox-image\"><img decoding=\"async\" width=\"660\" height=\"660\" src=\"https:\/\/www.metrica.it\/wp-content\/uploads\/2024\/06\/chi-siamo-660x660.jpg\" class=\"attachment-hongo-shop-image size-hongo-shop-image\" alt=\"\" srcset=\"https:\/\/www.metrica.it\/wp-content\/uploads\/2024\/06\/chi-siamo-660x660.jpg 660w, https:\/\/www.metrica.it\/wp-content\/uploads\/2024\/06\/chi-siamo-64x64.jpg 64w, https:\/\/www.metrica.it\/wp-content\/uploads\/2024\/06\/chi-siamo-84x84.jpg 84w, https:\/\/www.metrica.it\/wp-content\/uploads\/2024\/06\/chi-siamo-450x450.jpg 450w, https:\/\/www.metrica.it\/wp-content\/uploads\/2024\/06\/chi-siamo-790x790.jpg 790w, https:\/\/www.metrica.it\/wp-content\/uploads\/2024\/06\/chi-siamo.jpg 1000w\" sizes=\"(max-width: 660px) 100vw, 660px\" \/><\/div><div class=\"hongo-featurebox-text hongo_font_1718973288069\">Qui sommes-nous<i class=\"fas fa-arrow-right\"><\/i><\/div><div class=\"hongo-featurebox-hover\"><div class=\"hongo-interative-banner-content-wrap\"><div class=\"hongo-interative-banner-content-middle\"><div class=\"hongo-featurebox-text alt-font\">Qui sommes-nous<\/div><div class=\"content\">Metrica est une entreprise sp\u00e9cialis\u00e9e dans la conception, le d\u00e9veloppement, la production, la vente et le service d'instruments de mesure dans les secteurs de la m\u00e9canique, de la construction et de l'outillage, la plus ancienne d'Italie.<\/div><a href=\"http:\/\/www.metrica.it\/fr\/qui-sommes-nous\/\" target=\"_self\" class=\"hongo_button_1718973288066 btn alt-font\">En savoir plus<\/a><\/div><\/div><\/div><\/div><\/div><\/div><\/div><div class=\"wpb_column vc_column_container vc_col-sm-6 vc_col-md-4 vc_col-xs-12\"><div class=\"vc_column-inner  hongo_responsive_1564404884696\"><div class=\"wpb_wrapper\"><div class=\"hongo-featurebox-wrap interactive-banner-style-1 hongo-interactive-banner-1-2\"><div class=\"interactive-featurebox-image\"><img decoding=\"async\" width=\"450\" height=\"450\" src=\"https:\/\/www.metrica.it\/wp-content\/uploads\/2024\/06\/ricerca-sviluppo.jpg\" class=\"attachment-hongo-shop-image size-hongo-shop-image\" alt=\"\" srcset=\"https:\/\/www.metrica.it\/wp-content\/uploads\/2024\/06\/ricerca-sviluppo.jpg 450w, https:\/\/www.metrica.it\/wp-content\/uploads\/2024\/06\/ricerca-sviluppo-64x64.jpg 64w, https:\/\/www.metrica.it\/wp-content\/uploads\/2024\/06\/ricerca-sviluppo-84x84.jpg 84w\" sizes=\"(max-width: 450px) 100vw, 450px\" \/><\/div><div class=\"hongo-featurebox-text hongo_font_1718971788977 alt-font\">Recherche et d\u00e9veloppement<i class=\"fas fa-arrow-right\"><\/i><\/div><div class=\"hongo-featurebox-hover\"><div class=\"hongo-interative-banner-content-wrap\"><div class=\"hongo-interative-banner-content-middle\"><div class=\"hongo-featurebox-text alt-font\">Recherche et d\u00e9veloppement<\/div><div class=\"content\">Metrica dispose d'un d\u00e9partement de recherche et d\u00e9veloppement r\u00e9parti entre deux sites de production : Milan et Arzignano, dans la province de Vicence. <\/div><a href=\"http:\/\/www.metrica.it\/fr\/recherche-et-developpement\/\" target=\"_self\" class=\"hongo_button_1718971788974 btn alt-font\">En savoir plus<\/a><\/div><\/div><\/div><\/div><\/div><\/div><\/div><\/div><\/div><\/div><\/div><\/section>\n<\/div>","protected":false},"excerpt":{"rendered":"Le si\u00e8ge historique de Metrica, o\u00f9 tout a commenc\u00e9 en 1949 \u00e0 Danta di Cadore dans la province de Belluno, est encore impliqu\u00e9 dans une production extr\u00eamement contr\u00f4l\u00e9e de certains de ses produits. Il est hautement sp\u00e9cialis\u00e9 et \u00e9quip\u00e9 de machines \u00e0 la pointe de la technologie. \u00c0 Danta di Cadore se concentre la production de r\u00e8gles en ABS, en fibre de verre, en aluminium et en acier inoxydable, ainsi que de certains types de jauges utilis\u00e9es \u00e9galement dans le secteur m\u00e9dical. Il s'agit de produits embl\u00e9matiques et historiques qui sont encore fabriqu\u00e9s aujourd'hui avec le savoir-faire et les mat\u00e9riaux du Made in Italy. La m\u00eame approche technique est pr\u00e9sente sur le site d'Arzignano. C'est l\u00e0 que sont fabriqu\u00e9s les produits brevet\u00e9s de Metrica, tels que Telefix - m\u00e8tres t\u00e9lescopiques - et Quadranfix, ainsi que les jauges d'\u00e9paisseur et les jauges d'al\u00e9sage. La conception compl\u00e8te de chaque article, le d\u00e9veloppement et les essais sont effectu\u00e9s en Italie par l'\u00e9quipe de Metrica, ce qui garantit l'exactitude, la pr\u00e9cision et la qualit\u00e9. Qui sommes-nousQui sommes-nousMetrica est une entreprise sp\u00e9cialis\u00e9e dans la conception, le d\u00e9veloppement, la production, la vente et le service d'instruments de mesure dans les secteurs de la m\u00e9canique, de la...","protected":false},"author":1,"featured_media":0,"parent":0,"menu_order":0,"comment_status":"closed","ping_status":"closed","template":"","meta":{"footnotes":""},"class_list":["post-138920","page","type-page","status-publish","hentry"],"yoast_head":"<title>Les sites de production de Metrica | Instruments de mesure<\/title>\n<meta name=\"description\" content=\"Metrica produit des instruments de mesure de pr\u00e9cision depuis 1949, garantissant pr\u00e9cision et qualit\u00e9 gr\u00e2ce \u00e0 une production Made in Italy.\" \/>\n<meta name=\"robots\" content=\"index, follow, max-snippet:-1, max-image-preview:large, max-video-preview:-1\" \/>\n<link rel=\"canonical\" href=\"https:\/\/www.metrica.it\/fr\/sites-de-production-en-italie\/\" \/>\n<meta property=\"og:locale\" content=\"fr_FR\" \/>\n<meta property=\"og:type\" content=\"article\" \/>\n<meta property=\"og:title\" content=\"Les sites de production de Metrica | Instruments de mesure\" \/>\n<meta property=\"og:description\" content=\"Metrica produit des instruments de mesure de pr\u00e9cision depuis 1949, garantissant pr\u00e9cision et qualit\u00e9 gr\u00e2ce \u00e0 une production Made in Italy.\" \/>\n<meta property=\"og:url\" content=\"https:\/\/www.metrica.it\/fr\/sites-de-production-en-italie\/\" \/>\n<meta property=\"og:site_name\" content=\"Metrica\" \/>\n<meta property=\"article:modified_time\" content=\"2024-10-01T07:51:43+00:00\" \/>\n<meta name=\"twitter:card\" content=\"summary_large_image\" \/>\n<meta name=\"twitter:label1\" content=\"Dur\u00e9e de lecture estim\u00e9e\" \/>\n\t<meta name=\"twitter:data1\" content=\"2 minutes\" \/>\n<script type=\"application\/ld+json\" class=\"yoast-schema-graph\">{\"@context\":\"https:\\\/\\\/schema.org\",\"@graph\":[{\"@type\":\"WebPage\",\"@id\":\"https:\\\/\\\/www.metrica.it\\\/fr\\\/sites-de-production-en-italie\\\/\",\"url\":\"https:\\\/\\\/www.metrica.it\\\/fr\\\/sites-de-production-en-italie\\\/\",\"name\":\"Les sites de production de Metrica | Instruments de mesure\",\"isPartOf\":{\"@id\":\"https:\\\/\\\/www.metrica.it\\\/fr\\\/#website\"},\"datePublished\":\"2018-06-01T04:54:02+00:00\",\"dateModified\":\"2024-10-01T07:51:43+00:00\",\"description\":\"Metrica produit des instruments de mesure de pr\u00e9cision depuis 1949, garantissant pr\u00e9cision et qualit\u00e9 gr\u00e2ce \u00e0 une production Made in Italy.\",\"breadcrumb\":{\"@id\":\"https:\\\/\\\/www.metrica.it\\\/fr\\\/sites-de-production-en-italie\\\/#breadcrumb\"},\"inLanguage\":\"fr-FR\",\"potentialAction\":[{\"@type\":\"ReadAction\",\"target\":[\"https:\\\/\\\/www.metrica.it\\\/fr\\\/sites-de-production-en-italie\\\/\"]}]},{\"@type\":\"BreadcrumbList\",\"@id\":\"https:\\\/\\\/www.metrica.it\\\/fr\\\/sites-de-production-en-italie\\\/#breadcrumb\",\"itemListElement\":[{\"@type\":\"ListItem\",\"position\":1,\"name\":\"Home\",\"item\":\"https:\\\/\\\/www.metrica.it\\\/fr\\\/\"},{\"@type\":\"ListItem\",\"position\":2,\"name\":\"Sites de production en Italie\"}]},{\"@type\":\"WebSite\",\"@id\":\"https:\\\/\\\/www.metrica.it\\\/fr\\\/#website\",\"url\":\"https:\\\/\\\/www.metrica.it\\\/fr\\\/\",\"name\":\"Metrica\",\"description\":\"Made to measure\",\"potentialAction\":[{\"@type\":\"SearchAction\",\"target\":{\"@type\":\"EntryPoint\",\"urlTemplate\":\"https:\\\/\\\/www.metrica.it\\\/fr\\\/?s={search_term_string}\"},\"query-input\":{\"@type\":\"PropertyValueSpecification\",\"valueRequired\":true,\"valueName\":\"search_term_string\"}}],\"inLanguage\":\"fr-FR\"}]}<\/script>","yoast_head_json":{"title":"Les sites de production de Metrica | Instruments de mesure","description":"Metrica produit des instruments de mesure de pr\u00e9cision depuis 1949, garantissant pr\u00e9cision et qualit\u00e9 gr\u00e2ce \u00e0 une production Made in Italy.","robots":{"index":"index","follow":"follow","max-snippet":"max-snippet:-1","max-image-preview":"max-image-preview:large","max-video-preview":"max-video-preview:-1"},"canonical":"https:\/\/www.metrica.it\/fr\/sites-de-production-en-italie\/","og_locale":"fr_FR","og_type":"article","og_title":"Les sites de production de Metrica | Instruments de mesure","og_description":"Metrica produit des instruments de mesure de pr\u00e9cision depuis 1949, garantissant pr\u00e9cision et qualit\u00e9 gr\u00e2ce \u00e0 une production Made in Italy.","og_url":"https:\/\/www.metrica.it\/fr\/sites-de-production-en-italie\/","og_site_name":"Metrica","article_modified_time":"2024-10-01T07:51:43+00:00","twitter_card":"summary_large_image","twitter_misc":{"Dur\u00e9e de lecture estim\u00e9e":"2 minutes"},"schema":{"@context":"https:\/\/schema.org","@graph":[{"@type":"WebPage","@id":"https:\/\/www.metrica.it\/fr\/sites-de-production-en-italie\/","url":"https:\/\/www.metrica.it\/fr\/sites-de-production-en-italie\/","name":"Les sites de production de Metrica | Instruments de mesure","isPartOf":{"@id":"https:\/\/www.metrica.it\/fr\/#website"},"datePublished":"2018-06-01T04:54:02+00:00","dateModified":"2024-10-01T07:51:43+00:00","description":"Metrica produit des instruments de mesure de pr\u00e9cision depuis 1949, garantissant pr\u00e9cision et qualit\u00e9 gr\u00e2ce \u00e0 une production Made in Italy.","breadcrumb":{"@id":"https:\/\/www.metrica.it\/fr\/sites-de-production-en-italie\/#breadcrumb"},"inLanguage":"fr-FR","potentialAction":[{"@type":"ReadAction","target":["https:\/\/www.metrica.it\/fr\/sites-de-production-en-italie\/"]}]},{"@type":"BreadcrumbList","@id":"https:\/\/www.metrica.it\/fr\/sites-de-production-en-italie\/#breadcrumb","itemListElement":[{"@type":"ListItem","position":1,"name":"Home","item":"https:\/\/www.metrica.it\/fr\/"},{"@type":"ListItem","position":2,"name":"Sites de production en Italie"}]},{"@type":"WebSite","@id":"https:\/\/www.metrica.it\/fr\/#website","url":"https:\/\/www.metrica.it\/fr\/","name":"Metrica","description":"Made to measure","potentialAction":[{"@type":"SearchAction","target":{"@type":"EntryPoint","urlTemplate":"https:\/\/www.metrica.it\/fr\/?s={search_term_string}"},"query-input":{"@type":"PropertyValueSpecification","valueRequired":true,"valueName":"search_term_string"}}],"inLanguage":"fr-FR"}]}},"meta_box":{"dwn_cataloghi":[],"dwn_certificazioni":[],"dwn_laser_e_termocamere":[],"dwn_livelle":[],"dwn_misure_meccaniche":[],"dwn_misure_di_angoli":[],"dwn_misura_di_lunghezze":[]},"_links":{"self":[{"href":"https:\/\/www.metrica.it\/fr\/wp-json\/wp\/v2\/pages\/138920","targetHints":{"allow":["GET"]}}],"collection":[{"href":"https:\/\/www.metrica.it\/fr\/wp-json\/wp\/v2\/pages"}],"about":[{"href":"https:\/\/www.metrica.it\/fr\/wp-json\/wp\/v2\/types\/page"}],"author":[{"embeddable":true,"href":"https:\/\/www.metrica.it\/fr\/wp-json\/wp\/v2\/users\/1"}],"replies":[{"embeddable":true,"href":"https:\/\/www.metrica.it\/fr\/wp-json\/wp\/v2\/comments?post=138920"}],"version-history":[{"count":0,"href":"https:\/\/www.metrica.it\/fr\/wp-json\/wp\/v2\/pages\/138920\/revisions"}],"wp:attachment":[{"href":"https:\/\/www.metrica.it\/fr\/wp-json\/wp\/v2\/media?parent=138920"}],"curies":[{"name":"wp","href":"https:\/\/api.w.org\/{rel}","templated":true}]}}