{"id":157788,"date":"2025-03-11T00:05:34","date_gmt":"2025-03-10T23:05:34","guid":{"rendered":"https:\/\/www.metrica.it\/?page_id=157788"},"modified":"2025-03-11T00:18:09","modified_gmt":"2025-03-10T23:18:09","slug":"contacts","status":"publish","type":"page","link":"https:\/\/www.metrica.it\/fr\/contacts\/","title":{"rendered":"Contacts"},"content":{"rendered":"<div class=\"wpb-content-wrapper\"><section data-vc-full-width=\"true\" data-vc-full-width-init=\"false\" class=\"vc_row wpb_row vc_row-fluid  vc_custom_1718616386494   fix-background hongo-row-min-height wow fadeIn vc_row-has-fill hongo-stretch-content hongo-stretch-row-container  hongo_responsive_1718616386496\" style=\"min-height: 650px;\"><div class=\"hongo-overlay\" style=\"opacity:0.7; background: #353535;z-index:0; \"><\/div><div class=\"wpb_column vc_column_container col-xs-mobile-fullwidth vc_col-sm-12\"><div class=\"vc_column-inner\"><div class=\"wpb_wrapper\"><\/div><\/div><\/div><\/section><div class=\"vc_row-full-width vc_clearfix\"><\/div><section data-vc-full-width=\"true\" data-vc-full-width-init=\"false\" data-vc-stretch-content=\"true\" class=\"vc_row wpb_row vc_row-fluid  vc_custom_1719760865782   hongo-stretch-content hongo-stretch-content-fluid vc_row-o-equal-height vc_row-o-content-middle vc_row-flex  hongo_responsive_1719760865783\"><div class=\"wpb_column vc_column_container contact-aside col-xs-mobile-fullwidth vc_col-sm-12 vc_col-lg-4 vc_col-md-12 wow fadeInLeft\" data-wow-delay= 300ms data-wow-duration= 1200ms><div class=\"vc_column-inner vc_custom_1725446335759  hongo_responsive_1725446335760\"><div class=\"wpb_wrapper\"><div class=\"hongo-testimonial-1 testimonial-style-3\"><div class=\"testimonial-content-title\">Efficacit\u00e9<\/div><div class=\"testimonial-content\"><p>Nous nous effor\u00e7ons de r\u00e9pondre rapidement et efficacement \u00e0 vos demandes. Nous vous prions de nous excuser pour les retards \u00e9ventuels dus au nombre de demandes re\u00e7ues.<\/p>\n<\/div><\/div><\/div><\/div><\/div><div class=\"wpb_column vc_column_container contact-main col-xs-mobile-fullwidth vc_col-sm-12 vc_col-lg-8 vc_col-md-12 wow fadeInRight\" data-wow-duration= 1200ms><div class=\"vc_column-inner vc_custom_1725446391450  hongo_responsive_1725446391451\"><div class=\"wpb_wrapper\"><div class=\"vc_row wpb_row vc_inner vc_row-fluid\"><div class=\"wpb_column vc_column_container col-xs-mobile-fullwidth vc_col-sm-5 wow fadeInLeft\" data-wow-duration= 1200ms><div class=\"vc_column-inner  hongo_responsive_1570724381415\"><div class=\"wpb_wrapper\"><div class=\"separator-style-2 vc_custom_1719761589679 separator-style2-1\"><\/div><div class=\"heading-style-3  hongo_responsive_1719761803787 heading-1 hongo-section-heading\">Nous \u00e9crire<\/div><div class=\"text-block-content hongo-text-block-1 last-paragraph-no-margin\"><p>Nous sommes l\u00e0 pour vous ! Remplissez le formulaire et envoyez-nous un message pour toute question ou demande d&rsquo;information. Notre \u00e9quipe se fera un plaisir de vous r\u00e9pondre dans les plus brefs d\u00e9lais. Merci d&rsquo;avoir choisi de contacter <strong>METRICA<\/strong>.<\/p>\n<\/div><\/div><\/div><\/div><div class=\"wpb_column vc_column_container col-xs-mobile-fullwidth vc_col-sm-7 wow fadeInLeft\" data-wow-duration= 1200ms><div class=\"vc_column-inner vc_custom_1741648384789  hongo_responsive_1741648384790\"><div class=\"wpb_wrapper\"><div class=\"text-block-content hongo-text-block-2 last-paragraph-no-margin\"><p><strong>METRICA S.p.A.<\/strong><br \/>\nVia Grandi, 18<br \/>\n20097 San Donato M.se (MI) Italia<br \/>\nTel. +39 02518981<br \/>\n<a href=\"mailto:info@metrica.it\">info@metrica.it<\/a><\/p>\n<\/div><\/div><\/div><\/div><\/div><div class=\"vc_row wpb_row vc_inner vc_row-fluid\"><div class=\"wpb_column vc_column_container vc_col-has-fill col-xs-mobile-fullwidth vc_col-sm-12 wow fadeInLeft\" data-wow-duration= 1200ms><div class=\"vc_column-inner vc_custom_1741648365255  hongo_responsive_1741648365256\"><div class=\"wpb_wrapper\"><div class=\"heading-style-1 vc_custom_1719761424474 heading-2 hongo-section-heading\">Remplir le formulaire<\/div>\n<div class=\"wpcf7 no-js\" id=\"wpcf7-f157816-o1\" lang=\"fr-FR\" dir=\"ltr\" data-wpcf7-id=\"157816\">\n<div class=\"screen-reader-response\"><p role=\"status\" aria-live=\"polite\" aria-atomic=\"true\"><\/p> <ul><\/ul><\/div>\n<form action=\"\/fr\/wp-json\/wp\/v2\/pages\/157788#wpcf7-f157816-o1\" method=\"post\" class=\"wpcf7-form init\" aria-label=\"Formulaire de contact\" novalidate=\"novalidate\" data-status=\"init\">\n<fieldset class=\"hidden-fields-container\"><input type=\"hidden\" name=\"_wpcf7\" value=\"157816\" \/><input type=\"hidden\" name=\"_wpcf7_version\" value=\"6.1.5\" \/><input type=\"hidden\" name=\"_wpcf7_locale\" value=\"fr_FR\" \/><input type=\"hidden\" name=\"_wpcf7_unit_tag\" value=\"wpcf7-f157816-o1\" \/><input type=\"hidden\" name=\"_wpcf7_container_post\" value=\"0\" \/><input type=\"hidden\" name=\"_wpcf7_posted_data_hash\" value=\"\" \/><input type=\"hidden\" name=\"_wpcf7_recaptcha_response\" value=\"\" \/>\n<\/fieldset>\n<div class=\"row\">\n\t<div class=\"col-md-4\">\n\t\t<p><span class=\"wpcf7-form-control-wrap\" data-name=\"your-name\"><input size=\"40\" maxlength=\"400\" class=\"wpcf7-form-control wpcf7-text wpcf7-validates-as-required form-control\" aria-required=\"true\" aria-invalid=\"false\" placeholder=\"Nom \/ Pr\u00e9nom*\" value=\"\" type=\"text\" name=\"your-name\" \/><\/span>\n\t\t<\/p>\n\t<\/div>\n\t<div class=\"col-md-4\">\n\t\t<p><span class=\"wpcf7-form-control-wrap\" data-name=\"your-email\"><input size=\"40\" maxlength=\"400\" class=\"wpcf7-form-control wpcf7-email wpcf7-validates-as-required wpcf7-text wpcf7-validates-as-email form-control\" aria-required=\"true\" aria-invalid=\"false\" placeholder=\"E-mail*\" value=\"\" type=\"email\" name=\"your-email\" \/><\/span>\n\t\t<\/p>\n\t<\/div>\n\t<div class=\"col-md-4\">\n\t\t<p><span class=\"wpcf7-form-control-wrap\" data-name=\"address\"><input size=\"40\" maxlength=\"400\" class=\"wpcf7-form-control wpcf7-text form-control\" aria-invalid=\"false\" placeholder=\"Adresse\" value=\"\" type=\"text\" name=\"address\" \/><\/span>\n\t\t<\/p>\n\t<\/div>\n<\/div><!-- end of .row -->\n<hr \/>\n<div class=\"row\">\n\t<div class=\"col-md-4\">\n\t\t<p><span class=\"wpcf7-form-control-wrap\" data-name=\"city\"><input size=\"40\" maxlength=\"400\" class=\"wpcf7-form-control wpcf7-text wpcf7-validates-as-required form-control\" aria-required=\"true\" aria-invalid=\"false\" placeholder=\"Ville*\" value=\"\" type=\"text\" name=\"city\" \/><\/span>\n\t\t<\/p>\n\t<\/div>\n\t<div class=\"col-md-4\">\n\t\t<p><span class=\"wpcf7-form-control-wrap\" data-name=\"cap\"><input size=\"40\" maxlength=\"400\" class=\"wpcf7-form-control wpcf7-text wpcf7-validates-as-required form-control\" aria-required=\"true\" aria-invalid=\"false\" placeholder=\"Code Postal*\" value=\"\" type=\"text\" name=\"cap\" \/><\/span>\n\t\t<\/p>\n\t<\/div>\n\t<div class=\"col-md-4\">\n\t\t<p><span class=\"wpcf7-form-control-wrap\" data-name=\"country\"><input size=\"40\" maxlength=\"400\" class=\"wpcf7-form-control wpcf7-text wpcf7-validates-as-required form-control\" aria-required=\"true\" aria-invalid=\"false\" placeholder=\"Pays*\" value=\"\" type=\"text\" name=\"country\" \/><\/span>\n\t\t<\/p>\n\t<\/div>\n<\/div><!-- end of .row -->\n<hr \/>\n<div class=\"row\">\n\t<div class=\"col-md-4\">\n\t\t<p><span class=\"wpcf7-form-control-wrap\" data-name=\"company\"><input size=\"40\" maxlength=\"400\" class=\"wpcf7-form-control wpcf7-text form-control\" aria-invalid=\"false\" placeholder=\"Soci\u00e9t\u00e9\" value=\"\" type=\"text\" name=\"company\" \/><\/span>\n\t\t<\/p>\n\t<\/div>\n\t<div class=\"col-md-4\">\n\t\t<p><span class=\"wpcf7-form-control-wrap\" data-name=\"partita-iva\"><input size=\"40\" maxlength=\"400\" class=\"wpcf7-form-control wpcf7-text form-control\" aria-invalid=\"false\" placeholder=\"Num\u00e9ro de TVA\" value=\"\" type=\"text\" name=\"partita-iva\" \/><\/span>\n\t\t<\/p>\n\t<\/div>\n\t<div class=\"col-md-4\">\n\t\t<p><span class=\"wpcf7-form-control-wrap\" data-name=\"telefono\"><input size=\"40\" maxlength=\"400\" class=\"wpcf7-form-control wpcf7-text form-control\" aria-invalid=\"false\" placeholder=\"T\u00e9l\u00e9phone\" value=\"\" type=\"text\" name=\"telefono\" \/><\/span>\n\t\t<\/p>\n\t<\/div>\n<\/div><!-- end of .row -->\n<hr \/>\n<div class=\"row\">\n\t<div class=\"col-md-12\">\n\t\t<p><span class=\"wpcf7-form-control-wrap\" data-name=\"messaggio\"><textarea cols=\"40\" rows=\"10\" maxlength=\"2000\" class=\"wpcf7-form-control wpcf7-textarea form-control\" aria-invalid=\"false\" placeholder=\"Message\" name=\"messaggio\"><\/textarea><\/span>\n\t\t<\/p>\n\t<\/div>\n\t<div class=\"col-sm-12\" style=\"margin:1em 0 0\">\n\t\t<p><span id=\"wpcf7-69f2c5310ab77-wrapper\" class=\"wpcf7-form-control-wrap awrfield-wrap\" ><label for=\"wpcf7-69f2c5310ab77-field\" class=\"hp-message\">Veuillez laisser ce champ vide.<\/label><input id=\"wpcf7-69f2c5310ab77-field\"  class=\"wpcf7-form-control wpcf7-text\" type=\"text\" name=\"awrfield\" value=\"\" size=\"40\" tabindex=\"-1\" autocomplete=\"new-password\" \/><\/span><br \/>\n<span class=\"wpcf7-form-control-wrap\" data-name=\"privacy\"><span class=\"wpcf7-form-control wpcf7-acceptance\"><span class=\"wpcf7-list-item\"><label><input type=\"checkbox\" name=\"privacy\" value=\"1\" aria-invalid=\"false\" \/><span class=\"wpcf7-list-item-label\">J'accepte les termes de la <a href=\"\/fr\/privacy\">politique de confidentialit\u00e9<\/a><\/span><\/label><\/span><\/span><\/span>\n\t\t<\/p>\n\t<\/div>\n<\/div>\n<div class=\"row\">\n\t<div class=\"col-sm-12\">\n\t\t<p><input class=\"wpcf7-form-control wpcf7-submit has-spinner btn-block btn btn-primary btn-lg\" type=\"submit\" value=\"Envoyer\" \/>\n\t\t<\/p>\n\t<\/div>\n<\/div><div class=\"wpcf7-response-output\" aria-hidden=\"true\"><\/div>\n<\/form>\n<\/div>\n<\/div><\/div><\/div><\/div><\/div><\/div><\/div><\/section><div class=\"vc_row-full-width vc_clearfix\"><\/div>\n<\/div>","protected":false},"excerpt":{"rendered":"Efficacit\u00e9Nous nous effor\u00e7ons de r\u00e9pondre rapidement et efficacement \u00e0 vos demandes. Nous vous prions de nous excuser pour les retards \u00e9ventuels dus au nombre de demandes re\u00e7ues. Nous \u00e9crireNous sommes l\u00e0 pour vous ! Remplissez le formulaire et envoyez-nous un message pour toute question ou demande d'information. Notre \u00e9quipe se fera un plaisir de vous r\u00e9pondre dans les plus brefs d\u00e9lais. Merci d'avoir choisi de contacter METRICA. METRICA S.p.A. Via Grandi, 18 20097 San Donato M.se (MI) Italia Tel. +39 02518981 info@metrica.it Remplir le formulaire Veuillez laisser ce champ vide. J'accepte les termes de la politique de confidentialit\u00e9","protected":false},"author":1,"featured_media":0,"parent":0,"menu_order":0,"comment_status":"closed","ping_status":"closed","template":"","meta":{"footnotes":""},"class_list":["post-157788","page","type-page","status-publish","hentry"],"yoast_head":"<title>Instruments de mesure | Contacts | Metrica<\/title>\n<meta name=\"description\" content=\"Contactez Metrica, sp\u00e9cialis\u00e9e dans la conception, le d\u00e9veloppement, la production, la vente et l&#039;assistance d&#039;instruments de mesure pour la m\u00e9canique, la construction et les outils.\" \/>\n<meta name=\"robots\" content=\"index, follow, max-snippet:-1, max-image-preview:large, max-video-preview:-1\" \/>\n<link rel=\"canonical\" href=\"https:\/\/www.metrica.it\/fr\/contacts\/\" \/>\n<meta property=\"og:locale\" content=\"fr_FR\" \/>\n<meta property=\"og:type\" content=\"article\" \/>\n<meta property=\"og:title\" content=\"Instruments de mesure | Contacts | Metrica\" \/>\n<meta property=\"og:description\" content=\"Contactez Metrica, sp\u00e9cialis\u00e9e dans la conception, le d\u00e9veloppement, la production, la vente et l&#039;assistance d&#039;instruments de mesure pour la m\u00e9canique, la construction et les outils.\" \/>\n<meta property=\"og:url\" content=\"https:\/\/www.metrica.it\/fr\/contacts\/\" \/>\n<meta property=\"og:site_name\" content=\"Metrica\" \/>\n<meta property=\"article:modified_time\" content=\"2025-03-10T23:18:09+00:00\" \/>\n<meta name=\"twitter:card\" content=\"summary_large_image\" \/>\n<meta name=\"twitter:label1\" content=\"Dur\u00e9e de lecture estim\u00e9e\" \/>\n\t<meta name=\"twitter:data1\" content=\"3 minutes\" \/>\n<script type=\"application\/ld+json\" class=\"yoast-schema-graph\">{\"@context\":\"https:\\\/\\\/schema.org\",\"@graph\":[{\"@type\":\"WebPage\",\"@id\":\"https:\\\/\\\/www.metrica.it\\\/fr\\\/contacts\\\/\",\"url\":\"https:\\\/\\\/www.metrica.it\\\/fr\\\/contacts\\\/\",\"name\":\"Instruments de mesure | Contacts | Metrica\",\"isPartOf\":{\"@id\":\"https:\\\/\\\/www.metrica.it\\\/fr\\\/#website\"},\"datePublished\":\"2025-03-10T23:05:34+00:00\",\"dateModified\":\"2025-03-10T23:18:09+00:00\",\"description\":\"Contactez Metrica, sp\u00e9cialis\u00e9e dans la conception, le d\u00e9veloppement, la production, la vente et l'assistance d'instruments de mesure pour la m\u00e9canique, la construction et les outils.\",\"breadcrumb\":{\"@id\":\"https:\\\/\\\/www.metrica.it\\\/fr\\\/contacts\\\/#breadcrumb\"},\"inLanguage\":\"fr-FR\",\"potentialAction\":[{\"@type\":\"ReadAction\",\"target\":[\"https:\\\/\\\/www.metrica.it\\\/fr\\\/contacts\\\/\"]}]},{\"@type\":\"BreadcrumbList\",\"@id\":\"https:\\\/\\\/www.metrica.it\\\/fr\\\/contacts\\\/#breadcrumb\",\"itemListElement\":[{\"@type\":\"ListItem\",\"position\":1,\"name\":\"Home\",\"item\":\"https:\\\/\\\/www.metrica.it\\\/fr\\\/\"},{\"@type\":\"ListItem\",\"position\":2,\"name\":\"Contacts\"}]},{\"@type\":\"WebSite\",\"@id\":\"https:\\\/\\\/www.metrica.it\\\/fr\\\/#website\",\"url\":\"https:\\\/\\\/www.metrica.it\\\/fr\\\/\",\"name\":\"Metrica\",\"description\":\"Made to measure\",\"potentialAction\":[{\"@type\":\"SearchAction\",\"target\":{\"@type\":\"EntryPoint\",\"urlTemplate\":\"https:\\\/\\\/www.metrica.it\\\/fr\\\/?s={search_term_string}\"},\"query-input\":{\"@type\":\"PropertyValueSpecification\",\"valueRequired\":true,\"valueName\":\"search_term_string\"}}],\"inLanguage\":\"fr-FR\"}]}<\/script>","yoast_head_json":{"title":"Instruments de mesure | Contacts | Metrica","description":"Contactez Metrica, sp\u00e9cialis\u00e9e dans la conception, le d\u00e9veloppement, la production, la vente et l'assistance d'instruments de mesure pour la m\u00e9canique, la construction et les outils.","robots":{"index":"index","follow":"follow","max-snippet":"max-snippet:-1","max-image-preview":"max-image-preview:large","max-video-preview":"max-video-preview:-1"},"canonical":"https:\/\/www.metrica.it\/fr\/contacts\/","og_locale":"fr_FR","og_type":"article","og_title":"Instruments de mesure | Contacts | Metrica","og_description":"Contactez Metrica, sp\u00e9cialis\u00e9e dans la conception, le d\u00e9veloppement, la production, la vente et l'assistance d'instruments de mesure pour la m\u00e9canique, la construction et les outils.","og_url":"https:\/\/www.metrica.it\/fr\/contacts\/","og_site_name":"Metrica","article_modified_time":"2025-03-10T23:18:09+00:00","twitter_card":"summary_large_image","twitter_misc":{"Dur\u00e9e de lecture estim\u00e9e":"3 minutes"},"schema":{"@context":"https:\/\/schema.org","@graph":[{"@type":"WebPage","@id":"https:\/\/www.metrica.it\/fr\/contacts\/","url":"https:\/\/www.metrica.it\/fr\/contacts\/","name":"Instruments de mesure | Contacts | Metrica","isPartOf":{"@id":"https:\/\/www.metrica.it\/fr\/#website"},"datePublished":"2025-03-10T23:05:34+00:00","dateModified":"2025-03-10T23:18:09+00:00","description":"Contactez Metrica, sp\u00e9cialis\u00e9e dans la conception, le d\u00e9veloppement, la production, la vente et l'assistance d'instruments de mesure pour la m\u00e9canique, la construction et les outils.","breadcrumb":{"@id":"https:\/\/www.metrica.it\/fr\/contacts\/#breadcrumb"},"inLanguage":"fr-FR","potentialAction":[{"@type":"ReadAction","target":["https:\/\/www.metrica.it\/fr\/contacts\/"]}]},{"@type":"BreadcrumbList","@id":"https:\/\/www.metrica.it\/fr\/contacts\/#breadcrumb","itemListElement":[{"@type":"ListItem","position":1,"name":"Home","item":"https:\/\/www.metrica.it\/fr\/"},{"@type":"ListItem","position":2,"name":"Contacts"}]},{"@type":"WebSite","@id":"https:\/\/www.metrica.it\/fr\/#website","url":"https:\/\/www.metrica.it\/fr\/","name":"Metrica","description":"Made to measure","potentialAction":[{"@type":"SearchAction","target":{"@type":"EntryPoint","urlTemplate":"https:\/\/www.metrica.it\/fr\/?s={search_term_string}"},"query-input":{"@type":"PropertyValueSpecification","valueRequired":true,"valueName":"search_term_string"}}],"inLanguage":"fr-FR"}]}},"meta_box":{"dwn_cataloghi":[],"dwn_certificazioni":[],"dwn_laser_e_termocamere":[],"dwn_livelle":[],"dwn_misure_meccaniche":[],"dwn_misure_di_angoli":[],"dwn_misura_di_lunghezze":[]},"_links":{"self":[{"href":"https:\/\/www.metrica.it\/fr\/wp-json\/wp\/v2\/pages\/157788","targetHints":{"allow":["GET"]}}],"collection":[{"href":"https:\/\/www.metrica.it\/fr\/wp-json\/wp\/v2\/pages"}],"about":[{"href":"https:\/\/www.metrica.it\/fr\/wp-json\/wp\/v2\/types\/page"}],"author":[{"embeddable":true,"href":"https:\/\/www.metrica.it\/fr\/wp-json\/wp\/v2\/users\/1"}],"replies":[{"embeddable":true,"href":"https:\/\/www.metrica.it\/fr\/wp-json\/wp\/v2\/comments?post=157788"}],"version-history":[{"count":4,"href":"https:\/\/www.metrica.it\/fr\/wp-json\/wp\/v2\/pages\/157788\/revisions"}],"predecessor-version":[{"id":157944,"href":"https:\/\/www.metrica.it\/fr\/wp-json\/wp\/v2\/pages\/157788\/revisions\/157944"}],"wp:attachment":[{"href":"https:\/\/www.metrica.it\/fr\/wp-json\/wp\/v2\/media?parent=157788"}],"curies":[{"name":"wp","href":"https:\/\/api.w.org\/{rel}","templated":true}]}}