{"id":142100,"date":"2024-09-16T12:37:21","date_gmt":"2024-09-16T10:37:21","guid":{"rendered":"https:\/\/www.metrica.it\/prodotto\/paint-stick-3\/"},"modified":"2024-09-16T21:28:35","modified_gmt":"2024-09-16T19:28:35","slug":"paint-stick","status":"publish","type":"product","link":"https:\/\/www.metrica.it\/fr\/produit\/paint-stick\/","title":{"rendered":"Paint Stick\u00ae(*)"},"content":{"rendered":"<ul>\n<li>B\u00e2ton de pointure solidifi\u00e9e<\/li>\n<li>S\u00e9chage rapide 5\/7 minutes<\/li>\n<li>Adapt\u00e9 \u00e0 surfaces rugueuses ou froides<\/li>\n<li>Marquage r\u00e9sistant \u00e0 une immersion prolong\u00e9e dans l\u2019eau<\/li>\n<li>R\u00e9sistent aux intemp\u00e9ries et aux UV<\/li>\n<li>Rev\u00eatu en carton recicl\u00e9<\/li>\n<li>Traits 9,5 mm<\/li>\n<li>Paquet de 12 pi\u00e8ces<\/li>\n<li>* marque d\u00e9pos\u00e9e par son propri\u00e9taire<\/li>\n<\/ul>\n","protected":false},"excerpt":{"rendered":"<ul>\n<li>B\u00e2ton de pointure solidifi\u00e9e<\/li>\n<li>S\u00e9chage rapide 5\/7 minutes<\/li>\n<li>Adapt\u00e9 \u00e0 surfaces rugueuses ou froides<\/li>\n<li>Marquage r\u00e9sistant \u00e0 une immersion prolong\u00e9e dans l\u2019eau<\/li>\n<li>R\u00e9sistent aux intemp\u00e9ries et aux UV<\/li>\n<li>Rev\u00eatu en carton recicl\u00e9<\/li>\n<li>Traits 9,5 mm<\/li>\n<li>Paquet de 12 pi\u00e8ces<\/li>\n<li>* marque d\u00e9pos\u00e9e par son propri\u00e9taire<\/li>\n<\/ul>\n","protected":false},"featured_media":131639,"template":"","meta":[],"product_cat":[717,701],"product_tag":[],"class_list":{"0":"post-142100","1":"product","2":"type-product","3":"status-publish","4":"has-post-thumbnail","6":"product_cat-marqueurs-de-pulverisation-et-marqueurs","7":"product_cat-tracage-et-marquage","9":"first","10":"instock","11":"sold-individually","12":"product-type-simple"},"yoast_head":"<title>PAINT STICK\u00ae(*) | Marqueurs de Pulv\u00e9risation et Marqueurs | Tra\u00e7age et Marquage - Metrica<\/title>\n<meta name=\"description\" content=\"D\u00e9couvrez la collection de produits., PAINT STICK\u00ae(*) - Marqueurs de Pulv\u00e9risation et Marqueurs.Vernice solida morbida in stick,Asciugatura rapida 5\/7 minuti,Adatto a superfici ruvide o fredde . Consultez le catalogue sur le site officiel de Metrica\" \/>\n<meta name=\"robots\" content=\"index, follow, max-snippet:-1, max-image-preview:large, max-video-preview:-1\" \/>\n<link rel=\"canonical\" href=\"https:\/\/www.metrica.it\/fr\/produit\/paint-stick\/\" \/>\n<meta property=\"og:locale\" content=\"fr_FR\" \/>\n<meta property=\"og:type\" content=\"article\" \/>\n<meta property=\"og:title\" content=\"PAINT STICK\u00ae(*) | Marqueurs de Pulv\u00e9risation et Marqueurs | Tra\u00e7age et Marquage - Metrica\" \/>\n<meta property=\"og:description\" content=\"D\u00e9couvrez la collection de produits., PAINT STICK\u00ae(*) - Marqueurs de Pulv\u00e9risation et Marqueurs.Vernice solida morbida in stick,Asciugatura rapida 5\/7 minuti,Adatto a superfici ruvide o fredde . Consultez le catalogue sur le site officiel de Metrica\" \/>\n<meta property=\"og:url\" content=\"https:\/\/www.metrica.it\/fr\/produit\/paint-stick\/\" \/>\n<meta property=\"og:site_name\" content=\"Metrica\" \/>\n<meta property=\"article:modified_time\" content=\"2024-09-16T19:28:35+00:00\" \/>\n<meta property=\"og:image\" content=\"https:\/\/www.metrica.it\/wp-content\/uploads\/2024\/06\/50220m.jpg\" \/>\n\t<meta property=\"og:image:width\" content=\"800\" \/>\n\t<meta property=\"og:image:height\" content=\"800\" \/>\n\t<meta property=\"og:image:type\" content=\"image\/jpeg\" \/>\n<meta name=\"twitter:card\" content=\"summary_large_image\" \/>\n<script type=\"application\/ld+json\" class=\"yoast-schema-graph\">{\"@context\":\"https:\\\/\\\/schema.org\",\"@graph\":[{\"@type\":\"WebPage\",\"@id\":\"https:\\\/\\\/www.metrica.it\\\/fr\\\/produit\\\/paint-stick\\\/\",\"url\":\"https:\\\/\\\/www.metrica.it\\\/fr\\\/produit\\\/paint-stick\\\/\",\"name\":\"PAINT STICK\u00ae(*) | Marqueurs de Pulv\u00e9risation et Marqueurs | Tra\u00e7age et Marquage - Metrica\",\"isPartOf\":{\"@id\":\"https:\\\/\\\/www.metrica.it\\\/fr\\\/#website\"},\"primaryImageOfPage\":{\"@id\":\"https:\\\/\\\/www.metrica.it\\\/fr\\\/produit\\\/paint-stick\\\/#primaryimage\"},\"image\":{\"@id\":\"https:\\\/\\\/www.metrica.it\\\/fr\\\/produit\\\/paint-stick\\\/#primaryimage\"},\"thumbnailUrl\":\"https:\\\/\\\/www.metrica.it\\\/wp-content\\\/uploads\\\/2024\\\/06\\\/50220m.jpg\",\"datePublished\":\"2024-09-16T10:37:21+00:00\",\"dateModified\":\"2024-09-16T19:28:35+00:00\",\"description\":\"D\u00e9couvrez la collection de produits., PAINT STICK\u00ae(*) - Marqueurs de Pulv\u00e9risation et Marqueurs.Vernice solida morbida in stick,Asciugatura rapida 5\\\/7 minuti,Adatto a superfici ruvide o fredde . Consultez le catalogue sur le site officiel de Metrica\",\"breadcrumb\":{\"@id\":\"https:\\\/\\\/www.metrica.it\\\/fr\\\/produit\\\/paint-stick\\\/#breadcrumb\"},\"inLanguage\":\"fr-FR\",\"potentialAction\":[{\"@type\":\"ReadAction\",\"target\":[\"https:\\\/\\\/www.metrica.it\\\/fr\\\/produit\\\/paint-stick\\\/\"]}]},{\"@type\":\"ImageObject\",\"inLanguage\":\"fr-FR\",\"@id\":\"https:\\\/\\\/www.metrica.it\\\/fr\\\/produit\\\/paint-stick\\\/#primaryimage\",\"url\":\"https:\\\/\\\/www.metrica.it\\\/wp-content\\\/uploads\\\/2024\\\/06\\\/50220m.jpg\",\"contentUrl\":\"https:\\\/\\\/www.metrica.it\\\/wp-content\\\/uploads\\\/2024\\\/06\\\/50220m.jpg\",\"width\":800,\"height\":800},{\"@type\":\"BreadcrumbList\",\"@id\":\"https:\\\/\\\/www.metrica.it\\\/fr\\\/produit\\\/paint-stick\\\/#breadcrumb\",\"itemListElement\":[{\"@type\":\"ListItem\",\"position\":1,\"name\":\"Home\",\"item\":\"https:\\\/\\\/www.metrica.it\\\/fr\\\/\"},{\"@type\":\"ListItem\",\"position\":2,\"name\":\"Catalogue\",\"item\":\"https:\\\/\\\/www.metrica.it\\\/fr\\\/catalogue\\\/\"},{\"@type\":\"ListItem\",\"position\":3,\"name\":\"Paint Stick\u00ae(*)\"}]},{\"@type\":\"WebSite\",\"@id\":\"https:\\\/\\\/www.metrica.it\\\/fr\\\/#website\",\"url\":\"https:\\\/\\\/www.metrica.it\\\/fr\\\/\",\"name\":\"Metrica\",\"description\":\"Made to measure\",\"potentialAction\":[{\"@type\":\"SearchAction\",\"target\":{\"@type\":\"EntryPoint\",\"urlTemplate\":\"https:\\\/\\\/www.metrica.it\\\/fr\\\/?s={search_term_string}\"},\"query-input\":{\"@type\":\"PropertyValueSpecification\",\"valueRequired\":true,\"valueName\":\"search_term_string\"}}],\"inLanguage\":\"fr-FR\"}]}<\/script>","yoast_head_json":{"title":"PAINT STICK\u00ae(*) | Marqueurs de Pulv\u00e9risation et Marqueurs | Tra\u00e7age et Marquage - Metrica","description":"D\u00e9couvrez la collection de produits., PAINT STICK\u00ae(*) - Marqueurs de Pulv\u00e9risation et Marqueurs.Vernice solida morbida in stick,Asciugatura rapida 5\/7 minuti,Adatto a superfici ruvide o fredde . Consultez le catalogue sur le site officiel de Metrica","robots":{"index":"index","follow":"follow","max-snippet":"max-snippet:-1","max-image-preview":"max-image-preview:large","max-video-preview":"max-video-preview:-1"},"canonical":"https:\/\/www.metrica.it\/fr\/produit\/paint-stick\/","og_locale":"fr_FR","og_type":"article","og_title":"PAINT STICK\u00ae(*) | Marqueurs de Pulv\u00e9risation et Marqueurs | Tra\u00e7age et Marquage - Metrica","og_description":"D\u00e9couvrez la collection de produits., PAINT STICK\u00ae(*) - Marqueurs de Pulv\u00e9risation et Marqueurs.Vernice solida morbida in stick,Asciugatura rapida 5\/7 minuti,Adatto a superfici ruvide o fredde . Consultez le catalogue sur le site officiel de Metrica","og_url":"https:\/\/www.metrica.it\/fr\/produit\/paint-stick\/","og_site_name":"Metrica","article_modified_time":"2024-09-16T19:28:35+00:00","og_image":[{"width":800,"height":800,"url":"https:\/\/www.metrica.it\/wp-content\/uploads\/2024\/06\/50220m.jpg","type":"image\/jpeg"}],"twitter_card":"summary_large_image","schema":{"@context":"https:\/\/schema.org","@graph":[{"@type":"WebPage","@id":"https:\/\/www.metrica.it\/fr\/produit\/paint-stick\/","url":"https:\/\/www.metrica.it\/fr\/produit\/paint-stick\/","name":"PAINT STICK\u00ae(*) | Marqueurs de Pulv\u00e9risation et Marqueurs | Tra\u00e7age et Marquage - Metrica","isPartOf":{"@id":"https:\/\/www.metrica.it\/fr\/#website"},"primaryImageOfPage":{"@id":"https:\/\/www.metrica.it\/fr\/produit\/paint-stick\/#primaryimage"},"image":{"@id":"https:\/\/www.metrica.it\/fr\/produit\/paint-stick\/#primaryimage"},"thumbnailUrl":"https:\/\/www.metrica.it\/wp-content\/uploads\/2024\/06\/50220m.jpg","datePublished":"2024-09-16T10:37:21+00:00","dateModified":"2024-09-16T19:28:35+00:00","description":"D\u00e9couvrez la collection de produits., PAINT STICK\u00ae(*) - Marqueurs de Pulv\u00e9risation et Marqueurs.Vernice solida morbida in stick,Asciugatura rapida 5\/7 minuti,Adatto a superfici ruvide o fredde . Consultez le catalogue sur le site officiel de Metrica","breadcrumb":{"@id":"https:\/\/www.metrica.it\/fr\/produit\/paint-stick\/#breadcrumb"},"inLanguage":"fr-FR","potentialAction":[{"@type":"ReadAction","target":["https:\/\/www.metrica.it\/fr\/produit\/paint-stick\/"]}]},{"@type":"ImageObject","inLanguage":"fr-FR","@id":"https:\/\/www.metrica.it\/fr\/produit\/paint-stick\/#primaryimage","url":"https:\/\/www.metrica.it\/wp-content\/uploads\/2024\/06\/50220m.jpg","contentUrl":"https:\/\/www.metrica.it\/wp-content\/uploads\/2024\/06\/50220m.jpg","width":800,"height":800},{"@type":"BreadcrumbList","@id":"https:\/\/www.metrica.it\/fr\/produit\/paint-stick\/#breadcrumb","itemListElement":[{"@type":"ListItem","position":1,"name":"Home","item":"https:\/\/www.metrica.it\/fr\/"},{"@type":"ListItem","position":2,"name":"Catalogue","item":"https:\/\/www.metrica.it\/fr\/catalogue\/"},{"@type":"ListItem","position":3,"name":"Paint Stick\u00ae(*)"}]},{"@type":"WebSite","@id":"https:\/\/www.metrica.it\/fr\/#website","url":"https:\/\/www.metrica.it\/fr\/","name":"Metrica","description":"Made to measure","potentialAction":[{"@type":"SearchAction","target":{"@type":"EntryPoint","urlTemplate":"https:\/\/www.metrica.it\/fr\/?s={search_term_string}"},"query-input":{"@type":"PropertyValueSpecification","valueRequired":true,"valueName":"search_term_string"}}],"inLanguage":"fr-FR"}]}},"meta_box":{"awr_documentation":[],"awr_manuale":[],"awr_scheda_tecnica":"","awr_youtube_video":"","awr_classe_prodotto":"","awr_customize_product":"0","awr_custom_image":false,"awr_related_products":[{"awr_product_name":"Paint Stick\u00ae(*)","awr_product_references":"ref:50220m|ean:8001066502202|colore_bianco:12|colore_giallo:-|colore_rosso:-|pack:1"},{"awr_product_name":"Paint Stick\u00ae(*)","awr_product_references":"ref:50221m|ean:8001066502219|colore_bianco:-|colore_giallo:12|colore_rosso:-|pack:1"},{"awr_product_name":"Paint Stick\u00ae(*)","awr_product_references":"ref:50222m|ean:8001066502226|colore_bianco:-|colore_giallo:-|colore_rosso:12|pack:1"}],"awr_consumabili":"","awr_alternativi":"","awr_aliases":"50220m,50221m,50222m","awr_skuid":"50220M-it"},"_links":{"self":[{"href":"https:\/\/www.metrica.it\/fr\/wp-json\/wp\/v2\/product\/142100","targetHints":{"allow":["GET"]}}],"collection":[{"href":"https:\/\/www.metrica.it\/fr\/wp-json\/wp\/v2\/product"}],"about":[{"href":"https:\/\/www.metrica.it\/fr\/wp-json\/wp\/v2\/types\/product"}],"wp:featuredmedia":[{"embeddable":true,"href":"https:\/\/www.metrica.it\/fr\/wp-json\/wp\/v2\/media\/131639"}],"wp:attachment":[{"href":"https:\/\/www.metrica.it\/fr\/wp-json\/wp\/v2\/media?parent=142100"}],"wp:term":[{"taxonomy":"product_cat","embeddable":true,"href":"https:\/\/www.metrica.it\/fr\/wp-json\/wp\/v2\/product_cat?post=142100"},{"taxonomy":"product_tag","embeddable":true,"href":"https:\/\/www.metrica.it\/fr\/wp-json\/wp\/v2\/product_tag?post=142100"}],"curies":[{"name":"wp","href":"https:\/\/api.w.org\/{rel}","templated":true}]}}