{"id":142145,"date":"2024-09-16T11:56:49","date_gmt":"2024-09-16T09:56:49","guid":{"rendered":"https:\/\/www.metrica.it\/prodotto\/metrica-xl-27-plus-4\/"},"modified":"2024-09-16T20:44:07","modified_gmt":"2024-09-16T18:44:07","slug":"metrica-xl-27-plus","status":"publish","type":"product","link":"https:\/\/www.metrica.it\/fr\/produit\/metrica-xl-27-plus\/","title":{"rendered":"Metrica Xl 27 &#8211; Plus"},"content":{"rendered":"<ul>\n<li>Ruban largeur 27 mm<\/li>\n<li>Superfi cie textur\u00e9e du ruban<\/li>\n<li>Gaine en nylon \u00e0 \u00e9paisseur major\u00e8e pour protection tr\u00e8s \u00e9lev\u00e9e du ruban<\/li>\n<li>R\u00e9sistance \u00e0 l&apos;abrasion 10 fois sup\u00e9rieure<\/li>\n<li>Double graduation:<\/li>\n<li>&#8211; recto: num\u00e9ration en horizontal<\/li>\n<li>&#8211; verso: num\u00e9ration en vertical<\/li>\n<li>Bo\u00eetier en bi-mat\u00e9riel en acier inox rev\u00eatu en caoutchouc anti-glissement<\/li>\n<li>Rigidit\u00e9 exceptionnelle: jusqu&apos;\u00e0 2,6 m en horizontal et 4 m en vertical<\/li>\n<li>Rentr\u00e9e automatique du ruban amortie<\/li>\n<li>Avec clip<\/li>\n","protected":false},"excerpt":{"rendered":"<p>Ruban largeur 27 mm<br \/>Superfi cie textur\u00e9e du ruban<br \/>Gaine en nylon \u00e0 \u00e9paisseur major\u00e8e pour protection tr\u00e8s \u00e9lev\u00e9e du ruban<br \/>R\u00e9sistance \u00e0 l&apos;abrasion 10 fois sup\u00e9rieure<br \/>Double graduation:<br \/>&#8211; recto: num\u00e9ration en horizontal<br \/>&#8211; verso: num\u00e9ration en vertical<br \/>Bo\u00eetier en bi-mat\u00e9riel en acier inox rev\u00eatu en caoutchouc anti-glissement<br \/>Rigidit\u00e9 exceptionnelle: jusqu&apos;\u00e0 2,6 m en horizontal et 4 m en vertical<br \/>Rentr\u00e9e automatique du ruban amortie<br \/>Avec clip<\/p>\n","protected":false},"featured_media":130714,"template":"","meta":[],"product_cat":[49,590],"product_tag":[],"class_list":{"0":"post-142145","1":"product","2":"type-product","3":"status-publish","4":"has-post-thumbnail","6":"product_cat-mesures-de-longueur","7":"product_cat-metres-a-ruban","9":"first","10":"instock","11":"sold-individually","12":"product-type-simple"},"yoast_head":"<title>Metrica Xl 27 - Plus | M\u00e8tres \u00e0 Ruban | Mesures de Longueur - Metrica<\/title>\n<meta name=\"description\" content=\"D\u00e9couvrez la collection de produits., Metrica Xl 27 - Plus - M\u00e8tres \u00e0 Ruban.Nastro 27 mm,Superfi cie testurizzata del nastro,Guaina in nylon a spessore maggiorato per altissima protezione del nas . Consultez le catalogue sur le site officiel de Metrica\" \/>\n<meta name=\"robots\" content=\"index, follow, max-snippet:-1, max-image-preview:large, max-video-preview:-1\" \/>\n<link rel=\"canonical\" href=\"https:\/\/www.metrica.it\/fr\/produit\/metrica-xl-27-plus\/\" \/>\n<meta property=\"og:locale\" content=\"fr_FR\" \/>\n<meta property=\"og:type\" content=\"article\" \/>\n<meta property=\"og:title\" content=\"Metrica Xl 27 - Plus | M\u00e8tres \u00e0 Ruban | Mesures de Longueur - Metrica\" \/>\n<meta property=\"og:description\" content=\"D\u00e9couvrez la collection de produits., Metrica Xl 27 - Plus - M\u00e8tres \u00e0 Ruban.Nastro 27 mm,Superfi cie testurizzata del nastro,Guaina in nylon a spessore maggiorato per altissima protezione del nas . Consultez le catalogue sur le site officiel de Metrica\" \/>\n<meta property=\"og:url\" content=\"https:\/\/www.metrica.it\/fr\/produit\/metrica-xl-27-plus\/\" \/>\n<meta property=\"og:site_name\" content=\"Metrica\" \/>\n<meta property=\"article:modified_time\" content=\"2024-09-16T18:44:07+00:00\" \/>\n<meta property=\"og:image\" content=\"https:\/\/www.metrica.it\/wp-content\/uploads\/2024\/06\/08765_3.jpg\" \/>\n\t<meta property=\"og:image:width\" content=\"1200\" \/>\n\t<meta property=\"og:image:height\" content=\"1200\" \/>\n\t<meta property=\"og:image:type\" content=\"image\/jpeg\" \/>\n<meta name=\"twitter:card\" content=\"summary_large_image\" \/>\n<script type=\"application\/ld+json\" class=\"yoast-schema-graph\">{\"@context\":\"https:\\\/\\\/schema.org\",\"@graph\":[{\"@type\":\"WebPage\",\"@id\":\"https:\\\/\\\/www.metrica.it\\\/fr\\\/produit\\\/metrica-xl-27-plus\\\/\",\"url\":\"https:\\\/\\\/www.metrica.it\\\/fr\\\/produit\\\/metrica-xl-27-plus\\\/\",\"name\":\"Metrica Xl 27 - Plus | M\u00e8tres \u00e0 Ruban | Mesures de Longueur - Metrica\",\"isPartOf\":{\"@id\":\"https:\\\/\\\/www.metrica.it\\\/fr\\\/#website\"},\"primaryImageOfPage\":{\"@id\":\"https:\\\/\\\/www.metrica.it\\\/fr\\\/produit\\\/metrica-xl-27-plus\\\/#primaryimage\"},\"image\":{\"@id\":\"https:\\\/\\\/www.metrica.it\\\/fr\\\/produit\\\/metrica-xl-27-plus\\\/#primaryimage\"},\"thumbnailUrl\":\"https:\\\/\\\/www.metrica.it\\\/wp-content\\\/uploads\\\/2024\\\/06\\\/08765_3.jpg\",\"datePublished\":\"2024-09-16T09:56:49+00:00\",\"dateModified\":\"2024-09-16T18:44:07+00:00\",\"description\":\"D\u00e9couvrez la collection de produits., Metrica Xl 27 - Plus - M\u00e8tres \u00e0 Ruban.Nastro 27 mm,Superfi cie testurizzata del nastro,Guaina in nylon a spessore maggiorato per altissima protezione del nas . Consultez le catalogue sur le site officiel de Metrica\",\"breadcrumb\":{\"@id\":\"https:\\\/\\\/www.metrica.it\\\/fr\\\/produit\\\/metrica-xl-27-plus\\\/#breadcrumb\"},\"inLanguage\":\"fr-FR\",\"potentialAction\":[{\"@type\":\"ReadAction\",\"target\":[\"https:\\\/\\\/www.metrica.it\\\/fr\\\/produit\\\/metrica-xl-27-plus\\\/\"]}]},{\"@type\":\"ImageObject\",\"inLanguage\":\"fr-FR\",\"@id\":\"https:\\\/\\\/www.metrica.it\\\/fr\\\/produit\\\/metrica-xl-27-plus\\\/#primaryimage\",\"url\":\"https:\\\/\\\/www.metrica.it\\\/wp-content\\\/uploads\\\/2024\\\/06\\\/08765_3.jpg\",\"contentUrl\":\"https:\\\/\\\/www.metrica.it\\\/wp-content\\\/uploads\\\/2024\\\/06\\\/08765_3.jpg\",\"width\":1200,\"height\":1200},{\"@type\":\"BreadcrumbList\",\"@id\":\"https:\\\/\\\/www.metrica.it\\\/fr\\\/produit\\\/metrica-xl-27-plus\\\/#breadcrumb\",\"itemListElement\":[{\"@type\":\"ListItem\",\"position\":1,\"name\":\"Home\",\"item\":\"https:\\\/\\\/www.metrica.it\\\/fr\\\/\"},{\"@type\":\"ListItem\",\"position\":2,\"name\":\"Catalogue\",\"item\":\"https:\\\/\\\/www.metrica.it\\\/fr\\\/catalogue\\\/\"},{\"@type\":\"ListItem\",\"position\":3,\"name\":\"Metrica Xl 27 &#8211; Plus\"}]},{\"@type\":\"WebSite\",\"@id\":\"https:\\\/\\\/www.metrica.it\\\/fr\\\/#website\",\"url\":\"https:\\\/\\\/www.metrica.it\\\/fr\\\/\",\"name\":\"Metrica\",\"description\":\"Made to measure\",\"potentialAction\":[{\"@type\":\"SearchAction\",\"target\":{\"@type\":\"EntryPoint\",\"urlTemplate\":\"https:\\\/\\\/www.metrica.it\\\/fr\\\/?s={search_term_string}\"},\"query-input\":{\"@type\":\"PropertyValueSpecification\",\"valueRequired\":true,\"valueName\":\"search_term_string\"}}],\"inLanguage\":\"fr-FR\"}]}<\/script>","yoast_head_json":{"title":"Metrica Xl 27 - Plus | M\u00e8tres \u00e0 Ruban | Mesures de Longueur - Metrica","description":"D\u00e9couvrez la collection de produits., Metrica Xl 27 - Plus - M\u00e8tres \u00e0 Ruban.Nastro 27 mm,Superfi cie testurizzata del nastro,Guaina in nylon a spessore maggiorato per altissima protezione del nas . Consultez le catalogue sur le site officiel de Metrica","robots":{"index":"index","follow":"follow","max-snippet":"max-snippet:-1","max-image-preview":"max-image-preview:large","max-video-preview":"max-video-preview:-1"},"canonical":"https:\/\/www.metrica.it\/fr\/produit\/metrica-xl-27-plus\/","og_locale":"fr_FR","og_type":"article","og_title":"Metrica Xl 27 - Plus | M\u00e8tres \u00e0 Ruban | Mesures de Longueur - Metrica","og_description":"D\u00e9couvrez la collection de produits., Metrica Xl 27 - Plus - M\u00e8tres \u00e0 Ruban.Nastro 27 mm,Superfi cie testurizzata del nastro,Guaina in nylon a spessore maggiorato per altissima protezione del nas . Consultez le catalogue sur le site officiel de Metrica","og_url":"https:\/\/www.metrica.it\/fr\/produit\/metrica-xl-27-plus\/","og_site_name":"Metrica","article_modified_time":"2024-09-16T18:44:07+00:00","og_image":[{"width":1200,"height":1200,"url":"https:\/\/www.metrica.it\/wp-content\/uploads\/2024\/06\/08765_3.jpg","type":"image\/jpeg"}],"twitter_card":"summary_large_image","schema":{"@context":"https:\/\/schema.org","@graph":[{"@type":"WebPage","@id":"https:\/\/www.metrica.it\/fr\/produit\/metrica-xl-27-plus\/","url":"https:\/\/www.metrica.it\/fr\/produit\/metrica-xl-27-plus\/","name":"Metrica Xl 27 - Plus | M\u00e8tres \u00e0 Ruban | Mesures de Longueur - Metrica","isPartOf":{"@id":"https:\/\/www.metrica.it\/fr\/#website"},"primaryImageOfPage":{"@id":"https:\/\/www.metrica.it\/fr\/produit\/metrica-xl-27-plus\/#primaryimage"},"image":{"@id":"https:\/\/www.metrica.it\/fr\/produit\/metrica-xl-27-plus\/#primaryimage"},"thumbnailUrl":"https:\/\/www.metrica.it\/wp-content\/uploads\/2024\/06\/08765_3.jpg","datePublished":"2024-09-16T09:56:49+00:00","dateModified":"2024-09-16T18:44:07+00:00","description":"D\u00e9couvrez la collection de produits., Metrica Xl 27 - Plus - M\u00e8tres \u00e0 Ruban.Nastro 27 mm,Superfi cie testurizzata del nastro,Guaina in nylon a spessore maggiorato per altissima protezione del nas . Consultez le catalogue sur le site officiel de Metrica","breadcrumb":{"@id":"https:\/\/www.metrica.it\/fr\/produit\/metrica-xl-27-plus\/#breadcrumb"},"inLanguage":"fr-FR","potentialAction":[{"@type":"ReadAction","target":["https:\/\/www.metrica.it\/fr\/produit\/metrica-xl-27-plus\/"]}]},{"@type":"ImageObject","inLanguage":"fr-FR","@id":"https:\/\/www.metrica.it\/fr\/produit\/metrica-xl-27-plus\/#primaryimage","url":"https:\/\/www.metrica.it\/wp-content\/uploads\/2024\/06\/08765_3.jpg","contentUrl":"https:\/\/www.metrica.it\/wp-content\/uploads\/2024\/06\/08765_3.jpg","width":1200,"height":1200},{"@type":"BreadcrumbList","@id":"https:\/\/www.metrica.it\/fr\/produit\/metrica-xl-27-plus\/#breadcrumb","itemListElement":[{"@type":"ListItem","position":1,"name":"Home","item":"https:\/\/www.metrica.it\/fr\/"},{"@type":"ListItem","position":2,"name":"Catalogue","item":"https:\/\/www.metrica.it\/fr\/catalogue\/"},{"@type":"ListItem","position":3,"name":"Metrica Xl 27 &#8211; Plus"}]},{"@type":"WebSite","@id":"https:\/\/www.metrica.it\/fr\/#website","url":"https:\/\/www.metrica.it\/fr\/","name":"Metrica","description":"Made to measure","potentialAction":[{"@type":"SearchAction","target":{"@type":"EntryPoint","urlTemplate":"https:\/\/www.metrica.it\/fr\/?s={search_term_string}"},"query-input":{"@type":"PropertyValueSpecification","valueRequired":true,"valueName":"search_term_string"}}],"inLanguage":"fr-FR"}]}},"meta_box":{"awr_documentation":[],"awr_manuale":[],"awr_scheda_tecnica":"","awr_youtube_video":"","awr_classe_prodotto":"CE_2","awr_customize_product":"1","awr_custom_image":{"width":96,"height":96,"file":"2024\/06\/98765.jpg","filesize":503661,"sizes":{"dgwt-wcas-product-suggestion":{"file":"98765-64x64.jpg","width":64,"height":64,"mime-type":"image\/jpeg","filesize":2097,"url":"https:\/\/www.metrica.it\/wp-content\/uploads\/2024\/06\/98765-64x64.jpg"},"hongo-product-icon-image":{"file":"98765-64x64.jpg","width":64,"height":64,"mime-type":"image\/jpeg","filesize":2097,"url":"https:\/\/www.metrica.it\/wp-content\/uploads\/2024\/06\/98765-64x64.jpg"},"hongo-product-small-image":{"file":"98765-84x84.jpg","width":84,"height":84,"mime-type":"image\/jpeg","filesize":2798,"url":"https:\/\/www.metrica.it\/wp-content\/uploads\/2024\/06\/98765-84x84.jpg"},"hongo-medium-image":{"file":"98765-450x450.jpg","width":450,"height":450,"mime-type":"image\/jpeg","filesize":24423,"url":"https:\/\/www.metrica.it\/wp-content\/uploads\/2024\/06\/98765-450x450.jpg"},"post-thumbnail":{"file":"98765-790x790.jpg","width":790,"height":790,"mime-type":"image\/jpeg","filesize":56343,"url":"https:\/\/www.metrica.it\/wp-content\/uploads\/2024\/06\/98765-790x790.jpg"},"hongo-shop-image":{"file":"98765-660x660.jpg","width":660,"height":660,"mime-type":"image\/jpeg","filesize":42905,"url":"https:\/\/www.metrica.it\/wp-content\/uploads\/2024\/06\/98765-660x660.jpg"}},"image_meta":{"aperture":"0","credit":"","camera":"","caption":"","created_timestamp":"0","copyright":"","focal_length":"0","iso":"0","shutter_speed":"0","title":"","orientation":"1","keywords":[]},"ID":"130709","name":"98765.jpg","path":"\/var\/www\/html\/wp-content\/uploads\/2024\/06\/98765.jpg","url":"https:\/\/www.metrica.it\/wp-content\/uploads\/2024\/06\/98765.jpg","full_url":"https:\/\/www.metrica.it\/wp-content\/uploads\/2024\/06\/98765.jpg","title":"98765.jpg","caption":"","description":"","alt":"","srcset":"https:\/\/www.metrica.it\/wp-content\/uploads\/2024\/06\/98765.jpg 800w, https:\/\/www.metrica.it\/wp-content\/uploads\/2024\/06\/98765-64x64.jpg 64w, https:\/\/www.metrica.it\/wp-content\/uploads\/2024\/06\/98765-84x84.jpg 84w, https:\/\/www.metrica.it\/wp-content\/uploads\/2024\/06\/98765-450x450.jpg 450w, https:\/\/www.metrica.it\/wp-content\/uploads\/2024\/06\/98765-790x790.jpg 790w, https:\/\/www.metrica.it\/wp-content\/uploads\/2024\/06\/98765-660x660.jpg 660w"},"awr_related_products":[{"awr_product_name":"Metrica Xl 27 - Plus","awr_product_references":"ref:08765|ean:8001066087655|l:5 m|larghezza:27 mm|unit_misura:mm|b_mm:70|num_pz_gdo:6"},{"awr_product_name":"Metrica Xl 27 - Plus","awr_product_references":"ref:08768|ean:8001066087686|l:8 m|larghezza:27 mm|unit_misura:mm|b_mm:80|num_pz_gdo:6"}],"awr_consumabili":"","awr_alternativi":"","awr_aliases":"08765,08768","awr_skuid":"08765-it"},"_links":{"self":[{"href":"https:\/\/www.metrica.it\/fr\/wp-json\/wp\/v2\/product\/142145","targetHints":{"allow":["GET"]}}],"collection":[{"href":"https:\/\/www.metrica.it\/fr\/wp-json\/wp\/v2\/product"}],"about":[{"href":"https:\/\/www.metrica.it\/fr\/wp-json\/wp\/v2\/types\/product"}],"wp:featuredmedia":[{"embeddable":true,"href":"https:\/\/www.metrica.it\/fr\/wp-json\/wp\/v2\/media\/130714"}],"wp:attachment":[{"href":"https:\/\/www.metrica.it\/fr\/wp-json\/wp\/v2\/media?parent=142145"}],"wp:term":[{"taxonomy":"product_cat","embeddable":true,"href":"https:\/\/www.metrica.it\/fr\/wp-json\/wp\/v2\/product_cat?post=142145"},{"taxonomy":"product_tag","embeddable":true,"href":"https:\/\/www.metrica.it\/fr\/wp-json\/wp\/v2\/product_tag?post=142145"}],"curies":[{"name":"wp","href":"https:\/\/api.w.org\/{rel}","templated":true}]}}