{"id":142195,"date":"2024-09-16T12:21:39","date_gmt":"2024-09-16T10:21:39","guid":{"rendered":"https:\/\/www.metrica.it\/prodotto\/bravo-laser-rotativo-incligrad-2-2\/"},"modified":"2024-11-07T09:32:44","modified_gmt":"2024-11-07T08:32:44","slug":"bravo-laser-rotativo-incligrad-2","status":"publish","type":"product","link":"https:\/\/www.metrica.it\/fr\/produit\/bravo-laser-rotativo-incligrad-2\/","title":{"rendered":"Bravo Laser Rotativo Incligrad 2"},"content":{"rendered":"<ul>\n<li><span>R\u00e9cepteur haute sensibilit\u00e9 avec indication d&rsquo;\u00e9cart en mm<br \/><\/span><\/li>\n<li><span>Capot en alliage<br \/><\/span><\/li>\n<li><span>G\u00e9n\u00e8re un plan horizontal, vertical ou inclin\u00e9e, ce-dernier<\/span><span> r\u00e9glable \u00e0 \u00b1 10% dans les axes X et Y, et le point d\u2019aplomb<br \/><\/span><\/li>\n<li><span>Le plan inclin\u00e9 est affich\u00e9 sur le display<br \/><\/span><\/li>\n<li><span>En faisant tourner le dispositif de 90\u00b0, il g\u00e9n\u00e8re un plan laser vertical et un rayon horizontal auto-stabilis\u00e9<br \/><\/span><\/li>\n<li><span>Fonction SCANNER: pour tracer une ligne plus visible et plus courte sur 4 longueurs \u00e0 choix: 10\u00b0 &#8211; 45\u00b0- 90\u00b0 &#8211; 180\u00b0<br \/><\/span><\/li>\n<li><span>Fonction TILT: alarme sonore en cas de d\u00e9placement involontaire.<br \/><\/span><\/li>\n<li><span>Fonction de rotation PAS-\u00c0-PAS<br \/><\/span><\/li>\n<li><span>Fonction MANUELLE qui exclut le nivellement automatique<br \/><\/span><\/li>\n<li><span>4 poign\u00e9es en caoutchouc pour une prise facilite et une meilleure protection<br \/><\/span><\/li>\n<li><span>R\u00e9ception t\u00e9l\u00e9commande sur le 4 c\u00f4t\u00e9s de l&rsquo;appareil pour <\/span><span>r\u00e9glage des axes X et Y<br \/><\/span><\/li>\n<li><span>Piles rechargeables et chargeur inclus ou 4 piles alcalines 1,5 V LR14<\/span><\/li>\n<\/ul>\n","protected":false},"excerpt":{"rendered":"<p><span>R\u00e9cepteur haute sensibilit\u00e9 avec indication d&rsquo;\u00e9cart en mm<br \/><\/span><\/p>\n<p><span>Capot en alliage<br \/><\/span><\/p>\n<p><span>G\u00e9n\u00e8re un plan horizontal, vertical ou inclin\u00e9e, ce-dernier<\/span><span> r\u00e9glable \u00e0 \u00b1 10% dans les axes X et Y, et le point d\u2019aplomb<br \/><\/span><\/p>\n<p><span>Le plan inclin\u00e9 est affich\u00e9 sur le display<br \/><\/span><\/p>\n<p><span>En faisant tourner le dispositif de 90\u00b0, il g\u00e9n\u00e8re un plan laser vertical et un rayon horizontal auto-stabilis\u00e9<br \/><\/span><\/p>\n<p><span>Fonction SCANNER: pour tracer une ligne plus visible et plus courte sur 4 longueurs \u00e0 choix: 10\u00b0 &#8211; 45\u00b0- 90\u00b0 &#8211; 180\u00b0<br \/><\/span><\/p>\n<p><span>Fonction TILT: alarme sonore en cas de d\u00e9placement involontaire.<br \/><\/span><\/p>\n<p><span>Fonction de rotation PAS-\u00c0-PAS<br \/><\/span><\/p>\n<p><span>Fonction MANUELLE qui exclut le nivellement automatique<br \/><\/span><\/p>\n<p><span>4 poign\u00e9es en caoutchouc pour une prise facilite et une meilleure protection<br \/><\/span><\/p>\n<p><span>R\u00e9ception t\u00e9l\u00e9commande sur le 4 c\u00f4t\u00e9s de l&rsquo;appareil pour <\/span><span>r\u00e9glage des axes X et Y<br \/><\/span><\/p>\n<p><span>Piles rechargeables et chargeur inclus ou 4 piles alcalines 1,5 V LR14<\/span><\/p>\n","protected":false},"featured_media":129584,"template":"","meta":[],"product_cat":[515,522],"product_tag":[],"class_list":{"0":"post-142195","1":"product","2":"type-product","3":"status-publish","4":"has-post-thumbnail","6":"product_cat-laser-et-cameras-thermiques","7":"product_cat-lasers-rotatifs","9":"first","10":"instock","11":"sold-individually","12":"product-type-simple"},"yoast_head":"<title>AUTOLIVELLO LASER ROTATIVO CON PIANO INCLINABILE 4 MANIGLIE | Lasers Rotatifs | Laser et Cam\u00e9ras Thermiques - Metrica<\/title>\n<meta name=\"description\" content=\"D\u00e9couvrez la collection de produits., AUTOLIVELLO LASER ROTATIVO CON PIANO INCLINABILE 4 MANIGLIE - Lasers Rotatifs.Nuovo ricevitore con sensibilit\u00e0 maggiorata lettura mm\/inch,Nuova calotta . Consultez le catalogue sur le site officiel de Metrica\" \/>\n<meta name=\"robots\" content=\"index, follow, max-snippet:-1, max-image-preview:large, max-video-preview:-1\" \/>\n<link rel=\"canonical\" href=\"https:\/\/www.metrica.it\/fr\/produit\/bravo-laser-rotativo-incligrad-2\/\" \/>\n<meta property=\"og:locale\" content=\"fr_FR\" \/>\n<meta property=\"og:type\" content=\"article\" \/>\n<meta property=\"og:title\" content=\"AUTOLIVELLO LASER ROTATIVO CON PIANO INCLINABILE 4 MANIGLIE | Lasers Rotatifs | Laser et Cam\u00e9ras Thermiques - Metrica\" \/>\n<meta property=\"og:description\" content=\"D\u00e9couvrez la collection de produits., AUTOLIVELLO LASER ROTATIVO CON PIANO INCLINABILE 4 MANIGLIE - Lasers Rotatifs.Nuovo ricevitore con sensibilit\u00e0 maggiorata lettura mm\/inch,Nuova calotta . Consultez le catalogue sur le site officiel de Metrica\" \/>\n<meta property=\"og:url\" content=\"https:\/\/www.metrica.it\/fr\/produit\/bravo-laser-rotativo-incligrad-2\/\" \/>\n<meta property=\"og:site_name\" content=\"Metrica\" \/>\n<meta property=\"article:modified_time\" content=\"2024-11-07T08:32:44+00:00\" \/>\n<meta property=\"og:image\" content=\"https:\/\/www.metrica.it\/wp-content\/uploads\/2024\/06\/61345_4.jpg\" \/>\n\t<meta property=\"og:image:width\" content=\"800\" \/>\n\t<meta property=\"og:image:height\" content=\"800\" \/>\n\t<meta property=\"og:image:type\" content=\"image\/jpeg\" \/>\n<meta name=\"twitter:card\" content=\"summary_large_image\" \/>\n<meta name=\"twitter:label1\" content=\"Dur\u00e9e de lecture estim\u00e9e\" \/>\n\t<meta name=\"twitter:data1\" content=\"1 minute\" \/>\n<script type=\"application\/ld+json\" class=\"yoast-schema-graph\">{\"@context\":\"https:\\\/\\\/schema.org\",\"@graph\":[{\"@type\":\"WebPage\",\"@id\":\"https:\\\/\\\/www.metrica.it\\\/fr\\\/produit\\\/bravo-laser-rotativo-incligrad-2\\\/\",\"url\":\"https:\\\/\\\/www.metrica.it\\\/fr\\\/produit\\\/bravo-laser-rotativo-incligrad-2\\\/\",\"name\":\"AUTOLIVELLO LASER ROTATIVO CON PIANO INCLINABILE 4 MANIGLIE | Lasers Rotatifs | Laser et Cam\u00e9ras Thermiques - Metrica\",\"isPartOf\":{\"@id\":\"https:\\\/\\\/www.metrica.it\\\/fr\\\/#website\"},\"primaryImageOfPage\":{\"@id\":\"https:\\\/\\\/www.metrica.it\\\/fr\\\/produit\\\/bravo-laser-rotativo-incligrad-2\\\/#primaryimage\"},\"image\":{\"@id\":\"https:\\\/\\\/www.metrica.it\\\/fr\\\/produit\\\/bravo-laser-rotativo-incligrad-2\\\/#primaryimage\"},\"thumbnailUrl\":\"https:\\\/\\\/www.metrica.it\\\/wp-content\\\/uploads\\\/2024\\\/06\\\/61345_4.jpg\",\"datePublished\":\"2024-09-16T10:21:39+00:00\",\"dateModified\":\"2024-11-07T08:32:44+00:00\",\"description\":\"D\u00e9couvrez la collection de produits., AUTOLIVELLO LASER ROTATIVO CON PIANO INCLINABILE 4 MANIGLIE - Lasers Rotatifs.Nuovo ricevitore con sensibilit\u00e0 maggiorata lettura mm\\\/inch,Nuova calotta . Consultez le catalogue sur le site officiel de Metrica\",\"breadcrumb\":{\"@id\":\"https:\\\/\\\/www.metrica.it\\\/fr\\\/produit\\\/bravo-laser-rotativo-incligrad-2\\\/#breadcrumb\"},\"inLanguage\":\"fr-FR\",\"potentialAction\":[{\"@type\":\"ReadAction\",\"target\":[\"https:\\\/\\\/www.metrica.it\\\/fr\\\/produit\\\/bravo-laser-rotativo-incligrad-2\\\/\"]}]},{\"@type\":\"ImageObject\",\"inLanguage\":\"fr-FR\",\"@id\":\"https:\\\/\\\/www.metrica.it\\\/fr\\\/produit\\\/bravo-laser-rotativo-incligrad-2\\\/#primaryimage\",\"url\":\"https:\\\/\\\/www.metrica.it\\\/wp-content\\\/uploads\\\/2024\\\/06\\\/61345_4.jpg\",\"contentUrl\":\"https:\\\/\\\/www.metrica.it\\\/wp-content\\\/uploads\\\/2024\\\/06\\\/61345_4.jpg\",\"width\":800,\"height\":800},{\"@type\":\"BreadcrumbList\",\"@id\":\"https:\\\/\\\/www.metrica.it\\\/fr\\\/produit\\\/bravo-laser-rotativo-incligrad-2\\\/#breadcrumb\",\"itemListElement\":[{\"@type\":\"ListItem\",\"position\":1,\"name\":\"Home\",\"item\":\"https:\\\/\\\/www.metrica.it\\\/fr\\\/\"},{\"@type\":\"ListItem\",\"position\":2,\"name\":\"Catalogue\",\"item\":\"https:\\\/\\\/www.metrica.it\\\/fr\\\/catalogue\\\/\"},{\"@type\":\"ListItem\",\"position\":3,\"name\":\"Bravo Laser Rotativo Incligrad 2\"}]},{\"@type\":\"WebSite\",\"@id\":\"https:\\\/\\\/www.metrica.it\\\/fr\\\/#website\",\"url\":\"https:\\\/\\\/www.metrica.it\\\/fr\\\/\",\"name\":\"Metrica\",\"description\":\"Made to measure\",\"potentialAction\":[{\"@type\":\"SearchAction\",\"target\":{\"@type\":\"EntryPoint\",\"urlTemplate\":\"https:\\\/\\\/www.metrica.it\\\/fr\\\/?s={search_term_string}\"},\"query-input\":{\"@type\":\"PropertyValueSpecification\",\"valueRequired\":true,\"valueName\":\"search_term_string\"}}],\"inLanguage\":\"fr-FR\"}]}<\/script>","yoast_head_json":{"title":"AUTOLIVELLO LASER ROTATIVO CON PIANO INCLINABILE 4 MANIGLIE | Lasers Rotatifs | Laser et Cam\u00e9ras Thermiques - Metrica","description":"D\u00e9couvrez la collection de produits., AUTOLIVELLO LASER ROTATIVO CON PIANO INCLINABILE 4 MANIGLIE - Lasers Rotatifs.Nuovo ricevitore con sensibilit\u00e0 maggiorata lettura mm\/inch,Nuova calotta . Consultez le catalogue sur le site officiel de Metrica","robots":{"index":"index","follow":"follow","max-snippet":"max-snippet:-1","max-image-preview":"max-image-preview:large","max-video-preview":"max-video-preview:-1"},"canonical":"https:\/\/www.metrica.it\/fr\/produit\/bravo-laser-rotativo-incligrad-2\/","og_locale":"fr_FR","og_type":"article","og_title":"AUTOLIVELLO LASER ROTATIVO CON PIANO INCLINABILE 4 MANIGLIE | Lasers Rotatifs | Laser et Cam\u00e9ras Thermiques - Metrica","og_description":"D\u00e9couvrez la collection de produits., AUTOLIVELLO LASER ROTATIVO CON PIANO INCLINABILE 4 MANIGLIE - Lasers Rotatifs.Nuovo ricevitore con sensibilit\u00e0 maggiorata lettura mm\/inch,Nuova calotta . Consultez le catalogue sur le site officiel de Metrica","og_url":"https:\/\/www.metrica.it\/fr\/produit\/bravo-laser-rotativo-incligrad-2\/","og_site_name":"Metrica","article_modified_time":"2024-11-07T08:32:44+00:00","og_image":[{"width":800,"height":800,"url":"https:\/\/www.metrica.it\/wp-content\/uploads\/2024\/06\/61345_4.jpg","type":"image\/jpeg"}],"twitter_card":"summary_large_image","twitter_misc":{"Dur\u00e9e de lecture estim\u00e9e":"1 minute"},"schema":{"@context":"https:\/\/schema.org","@graph":[{"@type":"WebPage","@id":"https:\/\/www.metrica.it\/fr\/produit\/bravo-laser-rotativo-incligrad-2\/","url":"https:\/\/www.metrica.it\/fr\/produit\/bravo-laser-rotativo-incligrad-2\/","name":"AUTOLIVELLO LASER ROTATIVO CON PIANO INCLINABILE 4 MANIGLIE | Lasers Rotatifs | Laser et Cam\u00e9ras Thermiques - Metrica","isPartOf":{"@id":"https:\/\/www.metrica.it\/fr\/#website"},"primaryImageOfPage":{"@id":"https:\/\/www.metrica.it\/fr\/produit\/bravo-laser-rotativo-incligrad-2\/#primaryimage"},"image":{"@id":"https:\/\/www.metrica.it\/fr\/produit\/bravo-laser-rotativo-incligrad-2\/#primaryimage"},"thumbnailUrl":"https:\/\/www.metrica.it\/wp-content\/uploads\/2024\/06\/61345_4.jpg","datePublished":"2024-09-16T10:21:39+00:00","dateModified":"2024-11-07T08:32:44+00:00","description":"D\u00e9couvrez la collection de produits., AUTOLIVELLO LASER ROTATIVO CON PIANO INCLINABILE 4 MANIGLIE - Lasers Rotatifs.Nuovo ricevitore con sensibilit\u00e0 maggiorata lettura mm\/inch,Nuova calotta . Consultez le catalogue sur le site officiel de Metrica","breadcrumb":{"@id":"https:\/\/www.metrica.it\/fr\/produit\/bravo-laser-rotativo-incligrad-2\/#breadcrumb"},"inLanguage":"fr-FR","potentialAction":[{"@type":"ReadAction","target":["https:\/\/www.metrica.it\/fr\/produit\/bravo-laser-rotativo-incligrad-2\/"]}]},{"@type":"ImageObject","inLanguage":"fr-FR","@id":"https:\/\/www.metrica.it\/fr\/produit\/bravo-laser-rotativo-incligrad-2\/#primaryimage","url":"https:\/\/www.metrica.it\/wp-content\/uploads\/2024\/06\/61345_4.jpg","contentUrl":"https:\/\/www.metrica.it\/wp-content\/uploads\/2024\/06\/61345_4.jpg","width":800,"height":800},{"@type":"BreadcrumbList","@id":"https:\/\/www.metrica.it\/fr\/produit\/bravo-laser-rotativo-incligrad-2\/#breadcrumb","itemListElement":[{"@type":"ListItem","position":1,"name":"Home","item":"https:\/\/www.metrica.it\/fr\/"},{"@type":"ListItem","position":2,"name":"Catalogue","item":"https:\/\/www.metrica.it\/fr\/catalogue\/"},{"@type":"ListItem","position":3,"name":"Bravo Laser Rotativo Incligrad 2"}]},{"@type":"WebSite","@id":"https:\/\/www.metrica.it\/fr\/#website","url":"https:\/\/www.metrica.it\/fr\/","name":"Metrica","description":"Made to measure","potentialAction":[{"@type":"SearchAction","target":{"@type":"EntryPoint","urlTemplate":"https:\/\/www.metrica.it\/fr\/?s={search_term_string}"},"query-input":{"@type":"PropertyValueSpecification","valueRequired":true,"valueName":"search_term_string"}}],"inLanguage":"fr-FR"}]}},"meta_box":{"awr_documentation":[{"filesize":514185,"ID":"146362","name":"61345.pdf","path":"\/var\/www\/html\/wp-content\/uploads\/2024\/09\/61345.pdf","url":"https:\/\/www.metrica.it\/wp-content\/uploads\/2024\/09\/61345.pdf","title":"61345.pdf"}],"awr_manuale":[],"awr_scheda_tecnica":"<table>\n<tbody>\n<tr>\n<td><strong>Pr\u00e9cision de nivellement<\/strong><\/td>\n<td>horizontal \u00b1 3 mm \/ 30 m <br \/>vertical \u00b1 5 mm \/ 30m<\/td>\n<\/tr>\n<tr>\n<td><strong>Plage d'auto-nivellement<\/strong><\/td>\n<td>\u00b1 5\u00b0<\/td>\n<\/tr>\n<tr>\n<td><strong>Plage de r\u00e9glage des pentes<\/strong><\/td>\n<td>\u00b1 10%<\/td>\n<\/tr>\n<tr>\n<td><strong>Autonomie<\/strong><\/td>\n<td>30 heures<\/td>\n<\/tr>\n<tr>\n<td><strong>Port\u00e9e<\/strong><\/td>\n<td>500 m (avec r\u00e9cepteur)<\/td>\n<\/tr>\n<tr>\n<td><strong>Vitesses de rotation<\/strong><\/td>\n<td>0 - 60 - 120 - 300 - 600 t\/min<\/td>\n<\/tr>\n<tr>\n<td><strong>Fonction Scanner<\/strong><\/td>\n<td>10\u00b0 - 45\u00b0 - 90\u00b0 - 180\u00b0<\/td>\n<\/tr>\n<tr>\n<td><strong>Fonction Tilt<\/strong><\/td>\n<td>oui<\/td>\n<\/tr>\n<tr>\n<td><strong>Signal hors auto-nivellement<\/strong><\/td>\n<td><span>oui<\/span><\/td>\n<\/tr>\n<tr>\n<td><strong>Type de laser<\/strong><\/td>\n<td>635 nm, 1mW<\/td>\n<\/tr>\n<tr>\n<td><strong>Puissance du laser<\/strong><\/td>\n<td>Classe 2<\/td>\n<\/tr>\n<tr>\n<td><strong>Piles rechargeables<\/strong><\/td>\n<td>4 x C4000 mAh 1,2 V NI-MH<\/td>\n<\/tr>\n<tr>\n<td><strong>Dimensions<\/strong><\/td>\n<td>220 x 220 x 210 mm<\/td>\n<\/tr>\n<tr>\n<td><strong>Temp\u00e9rature d'exercice<\/strong><\/td>\n<td>-10\u00b0C \/ +50\u00b0C<\/td>\n<\/tr>\n<tr>\n<td><strong>Poids (sans les piles)<\/strong><\/td>\n<td>3,5 Kg<\/td>\n<\/tr>\n<tr>\n<td><strong>Etanch\u00e9it\u00e9<\/strong><\/td>\n<td>IP 54<\/td>\n<\/tr>\n<tr>\n<td><strong>Filetage pour tr\u00e9pied<\/strong><\/td>\n<td>5\/8\"<\/td>\n<\/tr>\n<tr>\n<td><strong>Port\u00e9e de la t\u00e9l\u00e9commande<\/strong><\/td>\n<td>20 \/ 50 m (in\/out)<\/td>\n<\/tr>\n<tr>\n<td><strong>Piles pour t\u00e9l\u00e9commande<\/strong><\/td>\n<td>2 x 15 V DC<\/td>\n<\/tr>\n<tr>\n<td><strong>Piles pour recepteur<\/strong><\/td>\n<td>1 x 9 V DC<\/td>\n<\/tr>\n<\/tbody>\n<\/table>\n","awr_youtube_video":"https:\/\/www.youtube.com\/embed\/rL4ZtxCnF2Y","awr_classe_prodotto":"","awr_customize_product":"0","awr_custom_image":false,"awr_related_products":[{"awr_product_name":"Autolivello Laser Rotativo Con Piano Inclinabile 4 Maniglie","awr_product_references":"ref:61345|ean:8001066613458|pack:1"}],"awr_consumabili":"60726,60747,61326,61324,60712,61319","awr_alternativi":"61385,61350","awr_aliases":"61345","awr_skuid":"61345-it"},"_links":{"self":[{"href":"https:\/\/www.metrica.it\/fr\/wp-json\/wp\/v2\/product\/142195","targetHints":{"allow":["GET"]}}],"collection":[{"href":"https:\/\/www.metrica.it\/fr\/wp-json\/wp\/v2\/product"}],"about":[{"href":"https:\/\/www.metrica.it\/fr\/wp-json\/wp\/v2\/types\/product"}],"wp:featuredmedia":[{"embeddable":true,"href":"https:\/\/www.metrica.it\/fr\/wp-json\/wp\/v2\/media\/129584"}],"wp:attachment":[{"href":"https:\/\/www.metrica.it\/fr\/wp-json\/wp\/v2\/media?parent=142195"}],"wp:term":[{"taxonomy":"product_cat","embeddable":true,"href":"https:\/\/www.metrica.it\/fr\/wp-json\/wp\/v2\/product_cat?post=142195"},{"taxonomy":"product_tag","embeddable":true,"href":"https:\/\/www.metrica.it\/fr\/wp-json\/wp\/v2\/product_tag?post=142195"}],"curies":[{"name":"wp","href":"https:\/\/api.w.org\/{rel}","templated":true}]}}