{"id":142286,"date":"2024-09-16T11:42:22","date_gmt":"2024-09-16T09:42:22","guid":{"rendered":"https:\/\/www.metrica.it\/prodotto\/set-de-micrometres-dexterieur\/"},"modified":"2024-09-16T20:32:16","modified_gmt":"2024-09-16T18:32:16","slug":"set-de-micrometres-dexterieur","status":"publish","type":"product","link":"https:\/\/www.metrica.it\/fr\/produit\/set-de-micrometres-dexterieur\/","title":{"rendered":"Set De Microm\u00e8tres D&rsquo;ext\u00e9rieur"},"content":{"rendered":"<ul>\n<li>En vertical<\/li>\n<li>M\u00eames caract\u00e9ristiques qu&apos;articles 44061 \u00f7 44066<\/li>\n<li>Coffret en bois<\/li>\n<li>R\u00e9f. 44098: 4 pi\u00e8ces<\/li>\n<li>0\u00f725 | 25\u00f750 | 50\u00f775 | 75\u00f7100<\/li>\n<li>R\u00e9f. 44099: 6 pi\u00e8ces<\/li>\n<li>0\u00f725 | 25\u00f750 | 50\u00f775 | 75\u00f7100 | 100\u00f7125 | 125\u00f7150<\/li>\n<\/ul>\n","protected":false},"excerpt":{"rendered":"<p>En vertical<br \/>M\u00eames caract\u00e9ristiques qu&apos;articles 44061 \u00f7 44066<br \/>Coffret en bois<br \/>R\u00e9f. 44098: 4 pi\u00e8ces<br \/>0\u00f725 | 25\u00f750 | 50\u00f775 | 75\u00f7100<br \/>R\u00e9f. 44099: 6 pi\u00e8ces<br \/>0\u00f725 | 25\u00f750 | 50\u00f775 | 75\u00f7100 | 100\u00f7125 | 125\u00f7150<\/p>\n","protected":false},"featured_media":124610,"template":"","meta":[],"product_cat":[641,661],"product_tag":[],"class_list":{"0":"post-142286","1":"product","2":"type-product","3":"status-publish","4":"has-post-thumbnail","6":"product_cat-mesures-mecaniques","7":"product_cat-micrometres","9":"first","10":"instock","11":"sold-individually","12":"product-type-simple"},"yoast_head":"<title>Set Di Micrometri Per Esterni | Microm\u00e8tres | Mesures M\u00e9caniques - Metrica<\/title>\n<meta name=\"description\" content=\"D\u00e9couvrez la collection de produits., Set Di Micrometri Per Esterni - Microm\u00e8tres.Disposti in verticale,Stesse caratteristiche art. 44061 &divide; 44066,Astuccio in legno . Consultez le catalogue sur le site officiel de Metrica\" \/>\n<meta name=\"robots\" content=\"index, follow, max-snippet:-1, max-image-preview:large, max-video-preview:-1\" \/>\n<link rel=\"canonical\" href=\"https:\/\/www.metrica.it\/fr\/produit\/set-de-micrometres-dexterieur\/\" \/>\n<meta property=\"og:locale\" content=\"fr_FR\" \/>\n<meta property=\"og:type\" content=\"article\" \/>\n<meta property=\"og:title\" content=\"Set Di Micrometri Per Esterni | Microm\u00e8tres | Mesures M\u00e9caniques - Metrica\" \/>\n<meta property=\"og:description\" content=\"D\u00e9couvrez la collection de produits., Set Di Micrometri Per Esterni - Microm\u00e8tres.Disposti in verticale,Stesse caratteristiche art. 44061 &divide; 44066,Astuccio in legno . Consultez le catalogue sur le site officiel de Metrica\" \/>\n<meta property=\"og:url\" content=\"https:\/\/www.metrica.it\/fr\/produit\/set-de-micrometres-dexterieur\/\" \/>\n<meta property=\"og:site_name\" content=\"Metrica\" \/>\n<meta property=\"article:modified_time\" content=\"2024-09-16T18:32:16+00:00\" \/>\n<meta property=\"og:image\" content=\"https:\/\/www.metrica.it\/wp-content\/uploads\/2024\/05\/44098.jpg\" \/>\n\t<meta property=\"og:image:width\" content=\"800\" \/>\n\t<meta property=\"og:image:height\" content=\"800\" \/>\n\t<meta property=\"og:image:type\" content=\"image\/jpeg\" \/>\n<meta name=\"twitter:card\" content=\"summary_large_image\" \/>\n<script type=\"application\/ld+json\" class=\"yoast-schema-graph\">{\"@context\":\"https:\\\/\\\/schema.org\",\"@graph\":[{\"@type\":\"WebPage\",\"@id\":\"https:\\\/\\\/www.metrica.it\\\/fr\\\/produit\\\/set-de-micrometres-dexterieur\\\/\",\"url\":\"https:\\\/\\\/www.metrica.it\\\/fr\\\/produit\\\/set-de-micrometres-dexterieur\\\/\",\"name\":\"Set Di Micrometri Per Esterni | Microm\u00e8tres | Mesures M\u00e9caniques - Metrica\",\"isPartOf\":{\"@id\":\"https:\\\/\\\/www.metrica.it\\\/fr\\\/#website\"},\"primaryImageOfPage\":{\"@id\":\"https:\\\/\\\/www.metrica.it\\\/fr\\\/produit\\\/set-de-micrometres-dexterieur\\\/#primaryimage\"},\"image\":{\"@id\":\"https:\\\/\\\/www.metrica.it\\\/fr\\\/produit\\\/set-de-micrometres-dexterieur\\\/#primaryimage\"},\"thumbnailUrl\":\"https:\\\/\\\/www.metrica.it\\\/wp-content\\\/uploads\\\/2024\\\/05\\\/44098.jpg\",\"datePublished\":\"2024-09-16T09:42:22+00:00\",\"dateModified\":\"2024-09-16T18:32:16+00:00\",\"description\":\"D\u00e9couvrez la collection de produits., Set Di Micrometri Per Esterni - Microm\u00e8tres.Disposti in verticale,Stesse caratteristiche art. 44061 &divide; 44066,Astuccio in legno . Consultez le catalogue sur le site officiel de Metrica\",\"breadcrumb\":{\"@id\":\"https:\\\/\\\/www.metrica.it\\\/fr\\\/produit\\\/set-de-micrometres-dexterieur\\\/#breadcrumb\"},\"inLanguage\":\"fr-FR\",\"potentialAction\":[{\"@type\":\"ReadAction\",\"target\":[\"https:\\\/\\\/www.metrica.it\\\/fr\\\/produit\\\/set-de-micrometres-dexterieur\\\/\"]}]},{\"@type\":\"ImageObject\",\"inLanguage\":\"fr-FR\",\"@id\":\"https:\\\/\\\/www.metrica.it\\\/fr\\\/produit\\\/set-de-micrometres-dexterieur\\\/#primaryimage\",\"url\":\"https:\\\/\\\/www.metrica.it\\\/wp-content\\\/uploads\\\/2024\\\/05\\\/44098.jpg\",\"contentUrl\":\"https:\\\/\\\/www.metrica.it\\\/wp-content\\\/uploads\\\/2024\\\/05\\\/44098.jpg\",\"width\":800,\"height\":800},{\"@type\":\"BreadcrumbList\",\"@id\":\"https:\\\/\\\/www.metrica.it\\\/fr\\\/produit\\\/set-de-micrometres-dexterieur\\\/#breadcrumb\",\"itemListElement\":[{\"@type\":\"ListItem\",\"position\":1,\"name\":\"Home\",\"item\":\"https:\\\/\\\/www.metrica.it\\\/fr\\\/\"},{\"@type\":\"ListItem\",\"position\":2,\"name\":\"Catalogue\",\"item\":\"https:\\\/\\\/www.metrica.it\\\/fr\\\/catalogue\\\/\"},{\"@type\":\"ListItem\",\"position\":3,\"name\":\"Set De Microm\u00e8tres D&#8217;ext\u00e9rieur\"}]},{\"@type\":\"WebSite\",\"@id\":\"https:\\\/\\\/www.metrica.it\\\/fr\\\/#website\",\"url\":\"https:\\\/\\\/www.metrica.it\\\/fr\\\/\",\"name\":\"Metrica\",\"description\":\"Made to measure\",\"potentialAction\":[{\"@type\":\"SearchAction\",\"target\":{\"@type\":\"EntryPoint\",\"urlTemplate\":\"https:\\\/\\\/www.metrica.it\\\/fr\\\/?s={search_term_string}\"},\"query-input\":{\"@type\":\"PropertyValueSpecification\",\"valueRequired\":true,\"valueName\":\"search_term_string\"}}],\"inLanguage\":\"fr-FR\"}]}<\/script>","yoast_head_json":{"title":"Set Di Micrometri Per Esterni | Microm\u00e8tres | Mesures M\u00e9caniques - Metrica","description":"D\u00e9couvrez la collection de produits., Set Di Micrometri Per Esterni - Microm\u00e8tres.Disposti in verticale,Stesse caratteristiche art. 44061 &divide; 44066,Astuccio in legno . Consultez le catalogue sur le site officiel de Metrica","robots":{"index":"index","follow":"follow","max-snippet":"max-snippet:-1","max-image-preview":"max-image-preview:large","max-video-preview":"max-video-preview:-1"},"canonical":"https:\/\/www.metrica.it\/fr\/produit\/set-de-micrometres-dexterieur\/","og_locale":"fr_FR","og_type":"article","og_title":"Set Di Micrometri Per Esterni | Microm\u00e8tres | Mesures M\u00e9caniques - Metrica","og_description":"D\u00e9couvrez la collection de produits., Set Di Micrometri Per Esterni - Microm\u00e8tres.Disposti in verticale,Stesse caratteristiche art. 44061 &divide; 44066,Astuccio in legno . Consultez le catalogue sur le site officiel de Metrica","og_url":"https:\/\/www.metrica.it\/fr\/produit\/set-de-micrometres-dexterieur\/","og_site_name":"Metrica","article_modified_time":"2024-09-16T18:32:16+00:00","og_image":[{"width":800,"height":800,"url":"https:\/\/www.metrica.it\/wp-content\/uploads\/2024\/05\/44098.jpg","type":"image\/jpeg"}],"twitter_card":"summary_large_image","schema":{"@context":"https:\/\/schema.org","@graph":[{"@type":"WebPage","@id":"https:\/\/www.metrica.it\/fr\/produit\/set-de-micrometres-dexterieur\/","url":"https:\/\/www.metrica.it\/fr\/produit\/set-de-micrometres-dexterieur\/","name":"Set Di Micrometri Per Esterni | Microm\u00e8tres | Mesures M\u00e9caniques - Metrica","isPartOf":{"@id":"https:\/\/www.metrica.it\/fr\/#website"},"primaryImageOfPage":{"@id":"https:\/\/www.metrica.it\/fr\/produit\/set-de-micrometres-dexterieur\/#primaryimage"},"image":{"@id":"https:\/\/www.metrica.it\/fr\/produit\/set-de-micrometres-dexterieur\/#primaryimage"},"thumbnailUrl":"https:\/\/www.metrica.it\/wp-content\/uploads\/2024\/05\/44098.jpg","datePublished":"2024-09-16T09:42:22+00:00","dateModified":"2024-09-16T18:32:16+00:00","description":"D\u00e9couvrez la collection de produits., Set Di Micrometri Per Esterni - Microm\u00e8tres.Disposti in verticale,Stesse caratteristiche art. 44061 &divide; 44066,Astuccio in legno . Consultez le catalogue sur le site officiel de Metrica","breadcrumb":{"@id":"https:\/\/www.metrica.it\/fr\/produit\/set-de-micrometres-dexterieur\/#breadcrumb"},"inLanguage":"fr-FR","potentialAction":[{"@type":"ReadAction","target":["https:\/\/www.metrica.it\/fr\/produit\/set-de-micrometres-dexterieur\/"]}]},{"@type":"ImageObject","inLanguage":"fr-FR","@id":"https:\/\/www.metrica.it\/fr\/produit\/set-de-micrometres-dexterieur\/#primaryimage","url":"https:\/\/www.metrica.it\/wp-content\/uploads\/2024\/05\/44098.jpg","contentUrl":"https:\/\/www.metrica.it\/wp-content\/uploads\/2024\/05\/44098.jpg","width":800,"height":800},{"@type":"BreadcrumbList","@id":"https:\/\/www.metrica.it\/fr\/produit\/set-de-micrometres-dexterieur\/#breadcrumb","itemListElement":[{"@type":"ListItem","position":1,"name":"Home","item":"https:\/\/www.metrica.it\/fr\/"},{"@type":"ListItem","position":2,"name":"Catalogue","item":"https:\/\/www.metrica.it\/fr\/catalogue\/"},{"@type":"ListItem","position":3,"name":"Set De Microm\u00e8tres D&#8217;ext\u00e9rieur"}]},{"@type":"WebSite","@id":"https:\/\/www.metrica.it\/fr\/#website","url":"https:\/\/www.metrica.it\/fr\/","name":"Metrica","description":"Made to measure","potentialAction":[{"@type":"SearchAction","target":{"@type":"EntryPoint","urlTemplate":"https:\/\/www.metrica.it\/fr\/?s={search_term_string}"},"query-input":{"@type":"PropertyValueSpecification","valueRequired":true,"valueName":"search_term_string"}}],"inLanguage":"fr-FR"}]}},"meta_box":{"awr_documentation":[],"awr_manuale":[],"awr_scheda_tecnica":"","awr_youtube_video":"","awr_classe_prodotto":"","awr_customize_product":"0","awr_custom_image":false,"awr_related_products":[{"awr_product_name":"Set Di Micrometri Per Esterni","awr_product_references":"ref:44098|ean:8001066440986|a_mm:0 - 100|unit_misura_mm_mm:0.01|pack:1"},{"awr_product_name":"Set Di Micrometri Per Esterni","awr_product_references":"ref:44099|ean:8001066440993|a_mm:0 - 150|unit_misura_mm_mm:0.01|pack:1"}],"awr_consumabili":"","awr_alternativi":"","awr_aliases":"44098,44099","awr_skuid":"44098-it"},"_links":{"self":[{"href":"https:\/\/www.metrica.it\/fr\/wp-json\/wp\/v2\/product\/142286","targetHints":{"allow":["GET"]}}],"collection":[{"href":"https:\/\/www.metrica.it\/fr\/wp-json\/wp\/v2\/product"}],"about":[{"href":"https:\/\/www.metrica.it\/fr\/wp-json\/wp\/v2\/types\/product"}],"wp:featuredmedia":[{"embeddable":true,"href":"https:\/\/www.metrica.it\/fr\/wp-json\/wp\/v2\/media\/124610"}],"wp:attachment":[{"href":"https:\/\/www.metrica.it\/fr\/wp-json\/wp\/v2\/media?parent=142286"}],"wp:term":[{"taxonomy":"product_cat","embeddable":true,"href":"https:\/\/www.metrica.it\/fr\/wp-json\/wp\/v2\/product_cat?post=142286"},{"taxonomy":"product_tag","embeddable":true,"href":"https:\/\/www.metrica.it\/fr\/wp-json\/wp\/v2\/product_tag?post=142286"}],"curies":[{"name":"wp","href":"https:\/\/api.w.org\/{rel}","templated":true}]}}