{"id":142306,"date":"2024-09-16T12:46:04","date_gmt":"2024-09-16T10:46:04","guid":{"rendered":"https:\/\/www.metrica.it\/prodotto\/compas-a-charniere\/"},"modified":"2024-09-16T21:38:05","modified_gmt":"2024-09-16T19:38:05","slug":"compas-a-charniere","status":"publish","type":"product","link":"https:\/\/www.metrica.it\/fr\/produit\/compas-a-charniere\/","title":{"rendered":"Compas \u00c0 Charni\u00e8re"},"content":{"rendered":"<ul>\n<li>Compas \u00e0 charni\u00e8re<\/li>\n<li>S\u00e9rie lourde \u00e0 section carr\u00e9e<\/li>\n<li>Pointes droites en acier tremp\u00e9<\/li>\n<li>Avec guides et blocage<\/li>\n<\/ul>\n","protected":false},"excerpt":{"rendered":"<p>Compas \u00e0 charni\u00e8re<br \/>S\u00e9rie lourde \u00e0 section carr\u00e9e<br \/>Pointes droites en acier tremp\u00e9<br \/>Avec guides et blocage<\/p>\n","protected":false},"featured_media":120469,"template":"","meta":[],"product_cat":[705,701],"product_tag":[],"class_list":{"0":"post-142306","1":"product","2":"type-product","3":"status-publish","4":"has-post-thumbnail","6":"product_cat-compas","7":"product_cat-tracage-et-marquage","9":"first","10":"instock","11":"sold-individually","12":"product-type-simple"},"yoast_head":"<title>Compasso A Settore | Compas | Tra\u00e7age et Marquage - Metrica<\/title>\n<meta name=\"description\" content=\"D\u00e9couvrez la collection de produits., Compasso A Settore - Compas.Compasso a settore,Serie pesante a sezione quadrata,Punte in acciaio temprato . Consultez le catalogue sur le site officiel de Metrica\" \/>\n<meta name=\"robots\" content=\"index, follow, max-snippet:-1, max-image-preview:large, max-video-preview:-1\" \/>\n<link rel=\"canonical\" href=\"https:\/\/www.metrica.it\/fr\/produit\/compas-a-charniere\/\" \/>\n<meta property=\"og:locale\" content=\"fr_FR\" \/>\n<meta property=\"og:type\" content=\"article\" \/>\n<meta property=\"og:title\" content=\"Compasso A Settore | Compas | Tra\u00e7age et Marquage - Metrica\" \/>\n<meta property=\"og:description\" content=\"D\u00e9couvrez la collection de produits., Compasso A Settore - Compas.Compasso a settore,Serie pesante a sezione quadrata,Punte in acciaio temprato . Consultez le catalogue sur le site officiel de Metrica\" \/>\n<meta property=\"og:url\" content=\"https:\/\/www.metrica.it\/fr\/produit\/compas-a-charniere\/\" \/>\n<meta property=\"og:site_name\" content=\"Metrica\" \/>\n<meta property=\"article:modified_time\" content=\"2024-09-16T19:38:05+00:00\" \/>\n<meta property=\"og:image\" content=\"https:\/\/www.metrica.it\/wp-content\/uploads\/2024\/05\/48053.jpg\" \/>\n\t<meta property=\"og:image:width\" content=\"800\" \/>\n\t<meta property=\"og:image:height\" content=\"800\" \/>\n\t<meta property=\"og:image:type\" content=\"image\/jpeg\" \/>\n<meta name=\"twitter:card\" content=\"summary_large_image\" \/>\n<script type=\"application\/ld+json\" class=\"yoast-schema-graph\">{\"@context\":\"https:\\\/\\\/schema.org\",\"@graph\":[{\"@type\":\"WebPage\",\"@id\":\"https:\\\/\\\/www.metrica.it\\\/fr\\\/produit\\\/compas-a-charniere\\\/\",\"url\":\"https:\\\/\\\/www.metrica.it\\\/fr\\\/produit\\\/compas-a-charniere\\\/\",\"name\":\"Compasso A Settore | Compas | Tra\u00e7age et Marquage - Metrica\",\"isPartOf\":{\"@id\":\"https:\\\/\\\/www.metrica.it\\\/fr\\\/#website\"},\"primaryImageOfPage\":{\"@id\":\"https:\\\/\\\/www.metrica.it\\\/fr\\\/produit\\\/compas-a-charniere\\\/#primaryimage\"},\"image\":{\"@id\":\"https:\\\/\\\/www.metrica.it\\\/fr\\\/produit\\\/compas-a-charniere\\\/#primaryimage\"},\"thumbnailUrl\":\"https:\\\/\\\/www.metrica.it\\\/wp-content\\\/uploads\\\/2024\\\/05\\\/48053.jpg\",\"datePublished\":\"2024-09-16T10:46:04+00:00\",\"dateModified\":\"2024-09-16T19:38:05+00:00\",\"description\":\"D\u00e9couvrez la collection de produits., Compasso A Settore - Compas.Compasso a settore,Serie pesante a sezione quadrata,Punte in acciaio temprato . Consultez le catalogue sur le site officiel de Metrica\",\"breadcrumb\":{\"@id\":\"https:\\\/\\\/www.metrica.it\\\/fr\\\/produit\\\/compas-a-charniere\\\/#breadcrumb\"},\"inLanguage\":\"fr-FR\",\"potentialAction\":[{\"@type\":\"ReadAction\",\"target\":[\"https:\\\/\\\/www.metrica.it\\\/fr\\\/produit\\\/compas-a-charniere\\\/\"]}]},{\"@type\":\"ImageObject\",\"inLanguage\":\"fr-FR\",\"@id\":\"https:\\\/\\\/www.metrica.it\\\/fr\\\/produit\\\/compas-a-charniere\\\/#primaryimage\",\"url\":\"https:\\\/\\\/www.metrica.it\\\/wp-content\\\/uploads\\\/2024\\\/05\\\/48053.jpg\",\"contentUrl\":\"https:\\\/\\\/www.metrica.it\\\/wp-content\\\/uploads\\\/2024\\\/05\\\/48053.jpg\",\"width\":800,\"height\":800},{\"@type\":\"BreadcrumbList\",\"@id\":\"https:\\\/\\\/www.metrica.it\\\/fr\\\/produit\\\/compas-a-charniere\\\/#breadcrumb\",\"itemListElement\":[{\"@type\":\"ListItem\",\"position\":1,\"name\":\"Home\",\"item\":\"https:\\\/\\\/www.metrica.it\\\/fr\\\/\"},{\"@type\":\"ListItem\",\"position\":2,\"name\":\"Catalogue\",\"item\":\"https:\\\/\\\/www.metrica.it\\\/fr\\\/catalogue\\\/\"},{\"@type\":\"ListItem\",\"position\":3,\"name\":\"Compas \u00c0 Charni\u00e8re\"}]},{\"@type\":\"WebSite\",\"@id\":\"https:\\\/\\\/www.metrica.it\\\/fr\\\/#website\",\"url\":\"https:\\\/\\\/www.metrica.it\\\/fr\\\/\",\"name\":\"Metrica\",\"description\":\"Made to measure\",\"potentialAction\":[{\"@type\":\"SearchAction\",\"target\":{\"@type\":\"EntryPoint\",\"urlTemplate\":\"https:\\\/\\\/www.metrica.it\\\/fr\\\/?s={search_term_string}\"},\"query-input\":{\"@type\":\"PropertyValueSpecification\",\"valueRequired\":true,\"valueName\":\"search_term_string\"}}],\"inLanguage\":\"fr-FR\"}]}<\/script>","yoast_head_json":{"title":"Compasso A Settore | Compas | Tra\u00e7age et Marquage - Metrica","description":"D\u00e9couvrez la collection de produits., Compasso A Settore - Compas.Compasso a settore,Serie pesante a sezione quadrata,Punte in acciaio temprato . Consultez le catalogue sur le site officiel de Metrica","robots":{"index":"index","follow":"follow","max-snippet":"max-snippet:-1","max-image-preview":"max-image-preview:large","max-video-preview":"max-video-preview:-1"},"canonical":"https:\/\/www.metrica.it\/fr\/produit\/compas-a-charniere\/","og_locale":"fr_FR","og_type":"article","og_title":"Compasso A Settore | Compas | Tra\u00e7age et Marquage - Metrica","og_description":"D\u00e9couvrez la collection de produits., Compasso A Settore - Compas.Compasso a settore,Serie pesante a sezione quadrata,Punte in acciaio temprato . Consultez le catalogue sur le site officiel de Metrica","og_url":"https:\/\/www.metrica.it\/fr\/produit\/compas-a-charniere\/","og_site_name":"Metrica","article_modified_time":"2024-09-16T19:38:05+00:00","og_image":[{"width":800,"height":800,"url":"https:\/\/www.metrica.it\/wp-content\/uploads\/2024\/05\/48053.jpg","type":"image\/jpeg"}],"twitter_card":"summary_large_image","schema":{"@context":"https:\/\/schema.org","@graph":[{"@type":"WebPage","@id":"https:\/\/www.metrica.it\/fr\/produit\/compas-a-charniere\/","url":"https:\/\/www.metrica.it\/fr\/produit\/compas-a-charniere\/","name":"Compasso A Settore | Compas | Tra\u00e7age et Marquage - Metrica","isPartOf":{"@id":"https:\/\/www.metrica.it\/fr\/#website"},"primaryImageOfPage":{"@id":"https:\/\/www.metrica.it\/fr\/produit\/compas-a-charniere\/#primaryimage"},"image":{"@id":"https:\/\/www.metrica.it\/fr\/produit\/compas-a-charniere\/#primaryimage"},"thumbnailUrl":"https:\/\/www.metrica.it\/wp-content\/uploads\/2024\/05\/48053.jpg","datePublished":"2024-09-16T10:46:04+00:00","dateModified":"2024-09-16T19:38:05+00:00","description":"D\u00e9couvrez la collection de produits., Compasso A Settore - Compas.Compasso a settore,Serie pesante a sezione quadrata,Punte in acciaio temprato . Consultez le catalogue sur le site officiel de Metrica","breadcrumb":{"@id":"https:\/\/www.metrica.it\/fr\/produit\/compas-a-charniere\/#breadcrumb"},"inLanguage":"fr-FR","potentialAction":[{"@type":"ReadAction","target":["https:\/\/www.metrica.it\/fr\/produit\/compas-a-charniere\/"]}]},{"@type":"ImageObject","inLanguage":"fr-FR","@id":"https:\/\/www.metrica.it\/fr\/produit\/compas-a-charniere\/#primaryimage","url":"https:\/\/www.metrica.it\/wp-content\/uploads\/2024\/05\/48053.jpg","contentUrl":"https:\/\/www.metrica.it\/wp-content\/uploads\/2024\/05\/48053.jpg","width":800,"height":800},{"@type":"BreadcrumbList","@id":"https:\/\/www.metrica.it\/fr\/produit\/compas-a-charniere\/#breadcrumb","itemListElement":[{"@type":"ListItem","position":1,"name":"Home","item":"https:\/\/www.metrica.it\/fr\/"},{"@type":"ListItem","position":2,"name":"Catalogue","item":"https:\/\/www.metrica.it\/fr\/catalogue\/"},{"@type":"ListItem","position":3,"name":"Compas \u00c0 Charni\u00e8re"}]},{"@type":"WebSite","@id":"https:\/\/www.metrica.it\/fr\/#website","url":"https:\/\/www.metrica.it\/fr\/","name":"Metrica","description":"Made to measure","potentialAction":[{"@type":"SearchAction","target":{"@type":"EntryPoint","urlTemplate":"https:\/\/www.metrica.it\/fr\/?s={search_term_string}"},"query-input":{"@type":"PropertyValueSpecification","valueRequired":true,"valueName":"search_term_string"}}],"inLanguage":"fr-FR"}]}},"meta_box":{"awr_documentation":[],"awr_manuale":[],"awr_scheda_tecnica":"","awr_youtube_video":"","awr_classe_prodotto":"","awr_customize_product":"0","awr_custom_image":false,"awr_related_products":[{"awr_product_name":"Compasso A Settore","awr_product_references":"ref:08053|ean:8001066080533|l_mm:150|num_pz_gdo:5"},{"awr_product_name":"Compasso A Settore","awr_product_references":"ref:08055|ean:8001066080557|l_mm:200|num_pz_gdo:5"},{"awr_product_name":"Compasso A Settore","awr_product_references":"ref:08056|ean:8001066080564|l_mm:250|num_pz_gdo:5"},{"awr_product_name":"Compasso A Settore","awr_product_references":"ref:48053|ean:8001066480531|l_mm:150|pack:2"},{"awr_product_name":"Compasso A Settore","awr_product_references":"ref:48055|ean:8001066480555|l_mm:200|pack:2"},{"awr_product_name":"Compasso A Settore","awr_product_references":"ref:48056|ean:8001066480562|l_mm:250|pack:2"},{"awr_product_name":"Compasso A Settore","awr_product_references":"ref:48057|ean:8001066480579|l_mm:300|pack:2"},{"awr_product_name":"Compasso A Settore","awr_product_references":"ref:48058|ean:8001066480586|l_mm:400|pack:2"},{"awr_product_name":"Compasso A Settore","awr_product_references":"ref:48059|ean:8001066480593|l_mm:500|pack:2"},{"awr_product_name":"Compasso A Settore","awr_product_references":"ref:48066|ean:8001066480661|l_mm:600|pack:2"},{"awr_product_name":"Compasso A Settore","awr_product_references":"ref:48068|ean:8001066480685|l_mm:800|pack:2"},{"awr_product_name":"Compasso A Settore","awr_product_references":"ref:48069|ean:8001066480692|l_mm:1000|pack:2"}],"awr_consumabili":"","awr_alternativi":"","awr_aliases":"08053,08055,08056,48053,48055,48056,48057,48058,48059,48066,48068,48069","awr_skuid":"48053-it"},"_links":{"self":[{"href":"https:\/\/www.metrica.it\/fr\/wp-json\/wp\/v2\/product\/142306","targetHints":{"allow":["GET"]}}],"collection":[{"href":"https:\/\/www.metrica.it\/fr\/wp-json\/wp\/v2\/product"}],"about":[{"href":"https:\/\/www.metrica.it\/fr\/wp-json\/wp\/v2\/types\/product"}],"wp:featuredmedia":[{"embeddable":true,"href":"https:\/\/www.metrica.it\/fr\/wp-json\/wp\/v2\/media\/120469"}],"wp:attachment":[{"href":"https:\/\/www.metrica.it\/fr\/wp-json\/wp\/v2\/media?parent=142306"}],"wp:term":[{"taxonomy":"product_cat","embeddable":true,"href":"https:\/\/www.metrica.it\/fr\/wp-json\/wp\/v2\/product_cat?post=142306"},{"taxonomy":"product_tag","embeddable":true,"href":"https:\/\/www.metrica.it\/fr\/wp-json\/wp\/v2\/product_tag?post=142306"}],"curies":[{"name":"wp","href":"https:\/\/api.w.org\/{rel}","templated":true}]}}