{"id":142316,"date":"2024-09-16T12:44:51","date_gmt":"2024-09-16T10:44:51","guid":{"rendered":"https:\/\/www.metrica.it\/prodotto\/jauges-de-profondeur-pour-pneus\/"},"modified":"2024-09-16T21:37:03","modified_gmt":"2024-09-16T19:37:03","slug":"jauges-de-profondeur-pour-pneus","status":"publish","type":"product","link":"https:\/\/www.metrica.it\/fr\/produit\/jauges-de-profondeur-pour-pneus\/","title":{"rendered":"Jauges De Profondeur Pour Pneus"},"content":{"rendered":"<ul>\n<li>En acier inox<\/li>\n<li>Aiguille pour les rainures des pneus<\/li>\n<li>\u00c9tui en similicuir<\/li>\n<\/ul>\n","protected":false},"excerpt":{"rendered":"<p>En acier inox<br \/>Aiguille pour les rainures des pneus<br \/>\u00c9tui en similicuir<\/p>\n","protected":false},"featured_media":132284,"template":"","meta":[],"product_cat":[641,649],"product_tag":[],"class_list":{"0":"post-142316","1":"product","2":"type-product","3":"status-publish","4":"has-post-thumbnail","6":"product_cat-mesures-mecaniques","7":"product_cat-pieds-a-coulisse","9":"first","10":"instock","11":"sold-individually","12":"product-type-simple"},"yoast_head":"<title>Calibro Di Profondit\u00e0 Per Battistrada Pneumatici | Pieds A Coulisse | Mesures M\u00e9caniques - Metrica<\/title>\n<meta name=\"description\" content=\"D\u00e9couvrez la collection de produits., Calibro Di Profondit\u00e0 Per Battistrada Pneumatici - Pieds A Coulisse. Acciaio inox Spillo sagomato per le scanalature degli pneumatici Astuccio in similpell . Consultez le catalogue sur le site officiel de Metrica\" \/>\n<meta name=\"robots\" content=\"index, follow, max-snippet:-1, max-image-preview:large, max-video-preview:-1\" \/>\n<link rel=\"canonical\" href=\"https:\/\/www.metrica.it\/fr\/produit\/jauges-de-profondeur-pour-pneus\/\" \/>\n<meta property=\"og:locale\" content=\"fr_FR\" \/>\n<meta property=\"og:type\" content=\"article\" \/>\n<meta property=\"og:title\" content=\"Calibro Di Profondit\u00e0 Per Battistrada Pneumatici | Pieds A Coulisse | Mesures M\u00e9caniques - Metrica\" \/>\n<meta property=\"og:description\" content=\"D\u00e9couvrez la collection de produits., Calibro Di Profondit\u00e0 Per Battistrada Pneumatici - Pieds A Coulisse. Acciaio inox Spillo sagomato per le scanalature degli pneumatici Astuccio in similpell . Consultez le catalogue sur le site officiel de Metrica\" \/>\n<meta property=\"og:url\" content=\"https:\/\/www.metrica.it\/fr\/produit\/jauges-de-profondeur-pour-pneus\/\" \/>\n<meta property=\"og:site_name\" content=\"Metrica\" \/>\n<meta property=\"article:modified_time\" content=\"2024-09-16T19:37:03+00:00\" \/>\n<meta property=\"og:image\" content=\"https:\/\/www.metrica.it\/wp-content\/uploads\/2024\/06\/10820_2_1.jpg\" \/>\n\t<meta property=\"og:image:width\" content=\"800\" \/>\n\t<meta property=\"og:image:height\" content=\"800\" \/>\n\t<meta property=\"og:image:type\" content=\"image\/jpeg\" \/>\n<meta name=\"twitter:card\" content=\"summary_large_image\" \/>\n<script type=\"application\/ld+json\" class=\"yoast-schema-graph\">{\"@context\":\"https:\\\/\\\/schema.org\",\"@graph\":[{\"@type\":\"WebPage\",\"@id\":\"https:\\\/\\\/www.metrica.it\\\/fr\\\/produit\\\/jauges-de-profondeur-pour-pneus\\\/\",\"url\":\"https:\\\/\\\/www.metrica.it\\\/fr\\\/produit\\\/jauges-de-profondeur-pour-pneus\\\/\",\"name\":\"Calibro Di Profondit\u00e0 Per Battistrada Pneumatici | Pieds A Coulisse | Mesures M\u00e9caniques - Metrica\",\"isPartOf\":{\"@id\":\"https:\\\/\\\/www.metrica.it\\\/fr\\\/#website\"},\"primaryImageOfPage\":{\"@id\":\"https:\\\/\\\/www.metrica.it\\\/fr\\\/produit\\\/jauges-de-profondeur-pour-pneus\\\/#primaryimage\"},\"image\":{\"@id\":\"https:\\\/\\\/www.metrica.it\\\/fr\\\/produit\\\/jauges-de-profondeur-pour-pneus\\\/#primaryimage\"},\"thumbnailUrl\":\"https:\\\/\\\/www.metrica.it\\\/wp-content\\\/uploads\\\/2024\\\/06\\\/10820_2_1.jpg\",\"datePublished\":\"2024-09-16T10:44:51+00:00\",\"dateModified\":\"2024-09-16T19:37:03+00:00\",\"description\":\"D\u00e9couvrez la collection de produits., Calibro Di Profondit\u00e0 Per Battistrada Pneumatici - Pieds A Coulisse. Acciaio inox Spillo sagomato per le scanalature degli pneumatici Astuccio in similpell . Consultez le catalogue sur le site officiel de Metrica\",\"breadcrumb\":{\"@id\":\"https:\\\/\\\/www.metrica.it\\\/fr\\\/produit\\\/jauges-de-profondeur-pour-pneus\\\/#breadcrumb\"},\"inLanguage\":\"fr-FR\",\"potentialAction\":[{\"@type\":\"ReadAction\",\"target\":[\"https:\\\/\\\/www.metrica.it\\\/fr\\\/produit\\\/jauges-de-profondeur-pour-pneus\\\/\"]}]},{\"@type\":\"ImageObject\",\"inLanguage\":\"fr-FR\",\"@id\":\"https:\\\/\\\/www.metrica.it\\\/fr\\\/produit\\\/jauges-de-profondeur-pour-pneus\\\/#primaryimage\",\"url\":\"https:\\\/\\\/www.metrica.it\\\/wp-content\\\/uploads\\\/2024\\\/06\\\/10820_2_1.jpg\",\"contentUrl\":\"https:\\\/\\\/www.metrica.it\\\/wp-content\\\/uploads\\\/2024\\\/06\\\/10820_2_1.jpg\",\"width\":800,\"height\":800},{\"@type\":\"BreadcrumbList\",\"@id\":\"https:\\\/\\\/www.metrica.it\\\/fr\\\/produit\\\/jauges-de-profondeur-pour-pneus\\\/#breadcrumb\",\"itemListElement\":[{\"@type\":\"ListItem\",\"position\":1,\"name\":\"Home\",\"item\":\"https:\\\/\\\/www.metrica.it\\\/fr\\\/\"},{\"@type\":\"ListItem\",\"position\":2,\"name\":\"Catalogue\",\"item\":\"https:\\\/\\\/www.metrica.it\\\/fr\\\/catalogue\\\/\"},{\"@type\":\"ListItem\",\"position\":3,\"name\":\"Jauges De Profondeur Pour Pneus\"}]},{\"@type\":\"WebSite\",\"@id\":\"https:\\\/\\\/www.metrica.it\\\/fr\\\/#website\",\"url\":\"https:\\\/\\\/www.metrica.it\\\/fr\\\/\",\"name\":\"Metrica\",\"description\":\"Made to measure\",\"potentialAction\":[{\"@type\":\"SearchAction\",\"target\":{\"@type\":\"EntryPoint\",\"urlTemplate\":\"https:\\\/\\\/www.metrica.it\\\/fr\\\/?s={search_term_string}\"},\"query-input\":{\"@type\":\"PropertyValueSpecification\",\"valueRequired\":true,\"valueName\":\"search_term_string\"}}],\"inLanguage\":\"fr-FR\"}]}<\/script>","yoast_head_json":{"title":"Calibro Di Profondit\u00e0 Per Battistrada Pneumatici | Pieds A Coulisse | Mesures M\u00e9caniques - Metrica","description":"D\u00e9couvrez la collection de produits., Calibro Di Profondit\u00e0 Per Battistrada Pneumatici - Pieds A Coulisse. Acciaio inox Spillo sagomato per le scanalature degli pneumatici Astuccio in similpell . Consultez le catalogue sur le site officiel de Metrica","robots":{"index":"index","follow":"follow","max-snippet":"max-snippet:-1","max-image-preview":"max-image-preview:large","max-video-preview":"max-video-preview:-1"},"canonical":"https:\/\/www.metrica.it\/fr\/produit\/jauges-de-profondeur-pour-pneus\/","og_locale":"fr_FR","og_type":"article","og_title":"Calibro Di Profondit\u00e0 Per Battistrada Pneumatici | Pieds A Coulisse | Mesures M\u00e9caniques - Metrica","og_description":"D\u00e9couvrez la collection de produits., Calibro Di Profondit\u00e0 Per Battistrada Pneumatici - Pieds A Coulisse. Acciaio inox Spillo sagomato per le scanalature degli pneumatici Astuccio in similpell . Consultez le catalogue sur le site officiel de Metrica","og_url":"https:\/\/www.metrica.it\/fr\/produit\/jauges-de-profondeur-pour-pneus\/","og_site_name":"Metrica","article_modified_time":"2024-09-16T19:37:03+00:00","og_image":[{"width":800,"height":800,"url":"https:\/\/www.metrica.it\/wp-content\/uploads\/2024\/06\/10820_2_1.jpg","type":"image\/jpeg"}],"twitter_card":"summary_large_image","schema":{"@context":"https:\/\/schema.org","@graph":[{"@type":"WebPage","@id":"https:\/\/www.metrica.it\/fr\/produit\/jauges-de-profondeur-pour-pneus\/","url":"https:\/\/www.metrica.it\/fr\/produit\/jauges-de-profondeur-pour-pneus\/","name":"Calibro Di Profondit\u00e0 Per Battistrada Pneumatici | Pieds A Coulisse | Mesures M\u00e9caniques - Metrica","isPartOf":{"@id":"https:\/\/www.metrica.it\/fr\/#website"},"primaryImageOfPage":{"@id":"https:\/\/www.metrica.it\/fr\/produit\/jauges-de-profondeur-pour-pneus\/#primaryimage"},"image":{"@id":"https:\/\/www.metrica.it\/fr\/produit\/jauges-de-profondeur-pour-pneus\/#primaryimage"},"thumbnailUrl":"https:\/\/www.metrica.it\/wp-content\/uploads\/2024\/06\/10820_2_1.jpg","datePublished":"2024-09-16T10:44:51+00:00","dateModified":"2024-09-16T19:37:03+00:00","description":"D\u00e9couvrez la collection de produits., Calibro Di Profondit\u00e0 Per Battistrada Pneumatici - Pieds A Coulisse. Acciaio inox Spillo sagomato per le scanalature degli pneumatici Astuccio in similpell . Consultez le catalogue sur le site officiel de Metrica","breadcrumb":{"@id":"https:\/\/www.metrica.it\/fr\/produit\/jauges-de-profondeur-pour-pneus\/#breadcrumb"},"inLanguage":"fr-FR","potentialAction":[{"@type":"ReadAction","target":["https:\/\/www.metrica.it\/fr\/produit\/jauges-de-profondeur-pour-pneus\/"]}]},{"@type":"ImageObject","inLanguage":"fr-FR","@id":"https:\/\/www.metrica.it\/fr\/produit\/jauges-de-profondeur-pour-pneus\/#primaryimage","url":"https:\/\/www.metrica.it\/wp-content\/uploads\/2024\/06\/10820_2_1.jpg","contentUrl":"https:\/\/www.metrica.it\/wp-content\/uploads\/2024\/06\/10820_2_1.jpg","width":800,"height":800},{"@type":"BreadcrumbList","@id":"https:\/\/www.metrica.it\/fr\/produit\/jauges-de-profondeur-pour-pneus\/#breadcrumb","itemListElement":[{"@type":"ListItem","position":1,"name":"Home","item":"https:\/\/www.metrica.it\/fr\/"},{"@type":"ListItem","position":2,"name":"Catalogue","item":"https:\/\/www.metrica.it\/fr\/catalogue\/"},{"@type":"ListItem","position":3,"name":"Jauges De Profondeur Pour Pneus"}]},{"@type":"WebSite","@id":"https:\/\/www.metrica.it\/fr\/#website","url":"https:\/\/www.metrica.it\/fr\/","name":"Metrica","description":"Made to measure","potentialAction":[{"@type":"SearchAction","target":{"@type":"EntryPoint","urlTemplate":"https:\/\/www.metrica.it\/fr\/?s={search_term_string}"},"query-input":{"@type":"PropertyValueSpecification","valueRequired":true,"valueName":"search_term_string"}}],"inLanguage":"fr-FR"}]}},"meta_box":{"awr_documentation":[],"awr_manuale":[],"awr_scheda_tecnica":"","awr_youtube_video":"","awr_classe_prodotto":"","awr_customize_product":"1","awr_custom_image":{"width":96,"height":96,"file":"2024\/06\/10820.jpg","filesize":178941,"sizes":{"dgwt-wcas-product-suggestion":{"file":"10820-64x64.jpg","width":64,"height":64,"mime-type":"image\/jpeg","filesize":1097,"url":"https:\/\/www.metrica.it\/wp-content\/uploads\/2024\/06\/10820-64x64.jpg"},"hongo-product-icon-image":{"file":"10820-64x64.jpg","width":64,"height":64,"mime-type":"image\/jpeg","filesize":1097,"url":"https:\/\/www.metrica.it\/wp-content\/uploads\/2024\/06\/10820-64x64.jpg"},"hongo-product-small-image":{"file":"10820-84x84.jpg","width":84,"height":84,"mime-type":"image\/jpeg","filesize":1375,"url":"https:\/\/www.metrica.it\/wp-content\/uploads\/2024\/06\/10820-84x84.jpg"},"hongo-medium-image":{"file":"10820-450x450.jpg","width":450,"height":450,"mime-type":"image\/jpeg","filesize":11083,"url":"https:\/\/www.metrica.it\/wp-content\/uploads\/2024\/06\/10820-450x450.jpg"},"post-thumbnail":{"file":"10820-790x790.jpg","width":790,"height":790,"mime-type":"image\/jpeg","filesize":27383,"url":"https:\/\/www.metrica.it\/wp-content\/uploads\/2024\/06\/10820-790x790.jpg"},"hongo-shop-image":{"file":"10820-660x660.jpg","width":660,"height":660,"mime-type":"image\/jpeg","filesize":20351,"url":"https:\/\/www.metrica.it\/wp-content\/uploads\/2024\/06\/10820-660x660.jpg"}},"image_meta":{"aperture":"0","credit":"","camera":"","caption":"","created_timestamp":"0","copyright":"","focal_length":"0","iso":"0","shutter_speed":"0","title":"","orientation":"1","keywords":[]},"ID":"132279","name":"10820.jpg","path":"\/var\/www\/html\/wp-content\/uploads\/2024\/06\/10820.jpg","url":"https:\/\/www.metrica.it\/wp-content\/uploads\/2024\/06\/10820.jpg","full_url":"https:\/\/www.metrica.it\/wp-content\/uploads\/2024\/06\/10820.jpg","title":"10820.jpg","caption":"","description":"","alt":"","srcset":"https:\/\/www.metrica.it\/wp-content\/uploads\/2024\/06\/10820.jpg 800w, https:\/\/www.metrica.it\/wp-content\/uploads\/2024\/06\/10820-64x64.jpg 64w, https:\/\/www.metrica.it\/wp-content\/uploads\/2024\/06\/10820-84x84.jpg 84w, https:\/\/www.metrica.it\/wp-content\/uploads\/2024\/06\/10820-450x450.jpg 450w, https:\/\/www.metrica.it\/wp-content\/uploads\/2024\/06\/10820-790x790.jpg 790w, https:\/\/www.metrica.it\/wp-content\/uploads\/2024\/06\/10820-660x660.jpg 660w"},"awr_related_products":[{"awr_product_name":"Calibro Di Profondit\u00e0 Per Battistrada Pneumatici","awr_product_references":"ref:10820|ean:8001066108206|a_mm:30|b_mm:47|unit_misura_mm:0.1|pack:1"},{"awr_product_name":"Calibro Di Profondit\u00e0 Per Battistrada Pneumatici","awr_product_references":"ref:10821|ean:8001066108213|a_mm:50|b_mm:70|unit_misura_mm:0.1|pack:1"},{"awr_product_name":"Calibro Di Profondit\u00e0 Per Battistrada Pneumatici","awr_product_references":"ref:10822|ean:8001066108220|a_mm:90|b_mm:150|unit_misura_mm:0.1|pack:1"}],"awr_consumabili":"","awr_alternativi":"","awr_aliases":"10820,10821,10822","awr_skuid":"10820-it"},"_links":{"self":[{"href":"https:\/\/www.metrica.it\/fr\/wp-json\/wp\/v2\/product\/142316","targetHints":{"allow":["GET"]}}],"collection":[{"href":"https:\/\/www.metrica.it\/fr\/wp-json\/wp\/v2\/product"}],"about":[{"href":"https:\/\/www.metrica.it\/fr\/wp-json\/wp\/v2\/types\/product"}],"wp:featuredmedia":[{"embeddable":true,"href":"https:\/\/www.metrica.it\/fr\/wp-json\/wp\/v2\/media\/132284"}],"wp:attachment":[{"href":"https:\/\/www.metrica.it\/fr\/wp-json\/wp\/v2\/media?parent=142316"}],"wp:term":[{"taxonomy":"product_cat","embeddable":true,"href":"https:\/\/www.metrica.it\/fr\/wp-json\/wp\/v2\/product_cat?post=142316"},{"taxonomy":"product_tag","embeddable":true,"href":"https:\/\/www.metrica.it\/fr\/wp-json\/wp\/v2\/product_tag?post=142316"}],"curies":[{"name":"wp","href":"https:\/\/api.w.org\/{rel}","templated":true}]}}