{"id":142346,"date":"2024-09-16T12:24:48","date_gmt":"2024-09-16T10:24:48","guid":{"rendered":"https:\/\/www.metrica.it\/prodotto\/reglette-flexible-polie-ou-mate\/"},"modified":"2024-09-16T21:14:17","modified_gmt":"2024-09-16T19:14:17","slug":"reglette-flexible-polie-ou-mate","status":"publish","type":"product","link":"https:\/\/www.metrica.it\/fr\/produit\/reglette-flexible-polie-ou-mate\/","title":{"rendered":"R\u00e9glette Flexible Polie Ou Mate"},"content":{"rendered":"<ul>\n<li>Section 20 x 0,5 mm<\/li>\n<li>Acier inox<\/li>\n<li>Graduation grav\u00e9e noire<\/li>\n<li>C\u00f4t\u00e9s rectifi\u00e9s<\/li>\n<\/ul>\n","protected":false},"excerpt":{"rendered":"<p>Section 20 x 0,5 mm<br \/>Acier inox<br \/>Graduation grav\u00e9e noire<br \/>C\u00f4t\u00e9s rectifi\u00e9s<\/p>\n","protected":false},"featured_media":131199,"template":"","meta":[],"product_cat":[49,609],"product_tag":[],"class_list":{"0":"post-142346","1":"product","2":"type-product","3":"status-publish","4":"has-post-thumbnail","6":"product_cat-mesures-de-longueur","7":"product_cat-regles-rubans-mesures-de-diametre","9":"first","10":"instock","11":"sold-individually","12":"product-type-simple"},"yoast_head":"<title>Riga Flessibile Scala Lucida O Satinata | R\u00e8gles - Rubans - Mesures de Diam\u00e8tre | Mesures de Longueur - Metrica<\/title>\n<meta name=\"description\" content=\"D\u00e9couvrez la collection de produits., Riga Flessibile Scala Lucida O Satinata - R\u00e8gles - Rubans - Mesures de Diam\u00e8tre. Sezione 20 x 0,5 mm Acciao inox Graduazione incisa e annerita Bordi rett . Consultez le catalogue sur le site officiel de Metrica\" \/>\n<meta name=\"robots\" content=\"index, follow, max-snippet:-1, max-image-preview:large, max-video-preview:-1\" \/>\n<link rel=\"canonical\" href=\"https:\/\/www.metrica.it\/fr\/produit\/reglette-flexible-polie-ou-mate\/\" \/>\n<meta property=\"og:locale\" content=\"fr_FR\" \/>\n<meta property=\"og:type\" content=\"article\" \/>\n<meta property=\"og:title\" content=\"Riga Flessibile Scala Lucida O Satinata | R\u00e8gles - Rubans - Mesures de Diam\u00e8tre | Mesures de Longueur - Metrica\" \/>\n<meta property=\"og:description\" content=\"D\u00e9couvrez la collection de produits., Riga Flessibile Scala Lucida O Satinata - R\u00e8gles - Rubans - Mesures de Diam\u00e8tre. Sezione 20 x 0,5 mm Acciao inox Graduazione incisa e annerita Bordi rett . Consultez le catalogue sur le site officiel de Metrica\" \/>\n<meta property=\"og:url\" content=\"https:\/\/www.metrica.it\/fr\/produit\/reglette-flexible-polie-ou-mate\/\" \/>\n<meta property=\"og:site_name\" content=\"Metrica\" \/>\n<meta property=\"article:modified_time\" content=\"2024-09-16T19:14:17+00:00\" \/>\n<meta property=\"og:image\" content=\"https:\/\/www.metrica.it\/wp-content\/uploads\/2024\/06\/24072_2.jpg\" \/>\n\t<meta property=\"og:image:width\" content=\"800\" \/>\n\t<meta property=\"og:image:height\" content=\"800\" \/>\n\t<meta property=\"og:image:type\" content=\"image\/jpeg\" \/>\n<meta name=\"twitter:card\" content=\"summary_large_image\" \/>\n<script type=\"application\/ld+json\" class=\"yoast-schema-graph\">{\"@context\":\"https:\\\/\\\/schema.org\",\"@graph\":[{\"@type\":\"WebPage\",\"@id\":\"https:\\\/\\\/www.metrica.it\\\/fr\\\/produit\\\/reglette-flexible-polie-ou-mate\\\/\",\"url\":\"https:\\\/\\\/www.metrica.it\\\/fr\\\/produit\\\/reglette-flexible-polie-ou-mate\\\/\",\"name\":\"Riga Flessibile Scala Lucida O Satinata | R\u00e8gles - Rubans - Mesures de Diam\u00e8tre | Mesures de Longueur - Metrica\",\"isPartOf\":{\"@id\":\"https:\\\/\\\/www.metrica.it\\\/fr\\\/#website\"},\"primaryImageOfPage\":{\"@id\":\"https:\\\/\\\/www.metrica.it\\\/fr\\\/produit\\\/reglette-flexible-polie-ou-mate\\\/#primaryimage\"},\"image\":{\"@id\":\"https:\\\/\\\/www.metrica.it\\\/fr\\\/produit\\\/reglette-flexible-polie-ou-mate\\\/#primaryimage\"},\"thumbnailUrl\":\"https:\\\/\\\/www.metrica.it\\\/wp-content\\\/uploads\\\/2024\\\/06\\\/24072_2.jpg\",\"datePublished\":\"2024-09-16T10:24:48+00:00\",\"dateModified\":\"2024-09-16T19:14:17+00:00\",\"description\":\"D\u00e9couvrez la collection de produits., Riga Flessibile Scala Lucida O Satinata - R\u00e8gles - Rubans - Mesures de Diam\u00e8tre. Sezione 20 x 0,5 mm Acciao inox Graduazione incisa e annerita Bordi rett . Consultez le catalogue sur le site officiel de Metrica\",\"breadcrumb\":{\"@id\":\"https:\\\/\\\/www.metrica.it\\\/fr\\\/produit\\\/reglette-flexible-polie-ou-mate\\\/#breadcrumb\"},\"inLanguage\":\"fr-FR\",\"potentialAction\":[{\"@type\":\"ReadAction\",\"target\":[\"https:\\\/\\\/www.metrica.it\\\/fr\\\/produit\\\/reglette-flexible-polie-ou-mate\\\/\"]}]},{\"@type\":\"ImageObject\",\"inLanguage\":\"fr-FR\",\"@id\":\"https:\\\/\\\/www.metrica.it\\\/fr\\\/produit\\\/reglette-flexible-polie-ou-mate\\\/#primaryimage\",\"url\":\"https:\\\/\\\/www.metrica.it\\\/wp-content\\\/uploads\\\/2024\\\/06\\\/24072_2.jpg\",\"contentUrl\":\"https:\\\/\\\/www.metrica.it\\\/wp-content\\\/uploads\\\/2024\\\/06\\\/24072_2.jpg\",\"width\":800,\"height\":800},{\"@type\":\"BreadcrumbList\",\"@id\":\"https:\\\/\\\/www.metrica.it\\\/fr\\\/produit\\\/reglette-flexible-polie-ou-mate\\\/#breadcrumb\",\"itemListElement\":[{\"@type\":\"ListItem\",\"position\":1,\"name\":\"Home\",\"item\":\"https:\\\/\\\/www.metrica.it\\\/fr\\\/\"},{\"@type\":\"ListItem\",\"position\":2,\"name\":\"Catalogue\",\"item\":\"https:\\\/\\\/www.metrica.it\\\/fr\\\/catalogue\\\/\"},{\"@type\":\"ListItem\",\"position\":3,\"name\":\"R\u00e9glette Flexible Polie Ou Mate\"}]},{\"@type\":\"WebSite\",\"@id\":\"https:\\\/\\\/www.metrica.it\\\/fr\\\/#website\",\"url\":\"https:\\\/\\\/www.metrica.it\\\/fr\\\/\",\"name\":\"Metrica\",\"description\":\"Made to measure\",\"potentialAction\":[{\"@type\":\"SearchAction\",\"target\":{\"@type\":\"EntryPoint\",\"urlTemplate\":\"https:\\\/\\\/www.metrica.it\\\/fr\\\/?s={search_term_string}\"},\"query-input\":{\"@type\":\"PropertyValueSpecification\",\"valueRequired\":true,\"valueName\":\"search_term_string\"}}],\"inLanguage\":\"fr-FR\"}]}<\/script>","yoast_head_json":{"title":"Riga Flessibile Scala Lucida O Satinata | R\u00e8gles - Rubans - Mesures de Diam\u00e8tre | Mesures de Longueur - Metrica","description":"D\u00e9couvrez la collection de produits., Riga Flessibile Scala Lucida O Satinata - R\u00e8gles - Rubans - Mesures de Diam\u00e8tre. Sezione 20 x 0,5 mm Acciao inox Graduazione incisa e annerita Bordi rett . Consultez le catalogue sur le site officiel de Metrica","robots":{"index":"index","follow":"follow","max-snippet":"max-snippet:-1","max-image-preview":"max-image-preview:large","max-video-preview":"max-video-preview:-1"},"canonical":"https:\/\/www.metrica.it\/fr\/produit\/reglette-flexible-polie-ou-mate\/","og_locale":"fr_FR","og_type":"article","og_title":"Riga Flessibile Scala Lucida O Satinata | R\u00e8gles - Rubans - Mesures de Diam\u00e8tre | Mesures de Longueur - Metrica","og_description":"D\u00e9couvrez la collection de produits., Riga Flessibile Scala Lucida O Satinata - R\u00e8gles - Rubans - Mesures de Diam\u00e8tre. Sezione 20 x 0,5 mm Acciao inox Graduazione incisa e annerita Bordi rett . Consultez le catalogue sur le site officiel de Metrica","og_url":"https:\/\/www.metrica.it\/fr\/produit\/reglette-flexible-polie-ou-mate\/","og_site_name":"Metrica","article_modified_time":"2024-09-16T19:14:17+00:00","og_image":[{"width":800,"height":800,"url":"https:\/\/www.metrica.it\/wp-content\/uploads\/2024\/06\/24072_2.jpg","type":"image\/jpeg"}],"twitter_card":"summary_large_image","schema":{"@context":"https:\/\/schema.org","@graph":[{"@type":"WebPage","@id":"https:\/\/www.metrica.it\/fr\/produit\/reglette-flexible-polie-ou-mate\/","url":"https:\/\/www.metrica.it\/fr\/produit\/reglette-flexible-polie-ou-mate\/","name":"Riga Flessibile Scala Lucida O Satinata | R\u00e8gles - Rubans - Mesures de Diam\u00e8tre | Mesures de Longueur - Metrica","isPartOf":{"@id":"https:\/\/www.metrica.it\/fr\/#website"},"primaryImageOfPage":{"@id":"https:\/\/www.metrica.it\/fr\/produit\/reglette-flexible-polie-ou-mate\/#primaryimage"},"image":{"@id":"https:\/\/www.metrica.it\/fr\/produit\/reglette-flexible-polie-ou-mate\/#primaryimage"},"thumbnailUrl":"https:\/\/www.metrica.it\/wp-content\/uploads\/2024\/06\/24072_2.jpg","datePublished":"2024-09-16T10:24:48+00:00","dateModified":"2024-09-16T19:14:17+00:00","description":"D\u00e9couvrez la collection de produits., Riga Flessibile Scala Lucida O Satinata - R\u00e8gles - Rubans - Mesures de Diam\u00e8tre. Sezione 20 x 0,5 mm Acciao inox Graduazione incisa e annerita Bordi rett . Consultez le catalogue sur le site officiel de Metrica","breadcrumb":{"@id":"https:\/\/www.metrica.it\/fr\/produit\/reglette-flexible-polie-ou-mate\/#breadcrumb"},"inLanguage":"fr-FR","potentialAction":[{"@type":"ReadAction","target":["https:\/\/www.metrica.it\/fr\/produit\/reglette-flexible-polie-ou-mate\/"]}]},{"@type":"ImageObject","inLanguage":"fr-FR","@id":"https:\/\/www.metrica.it\/fr\/produit\/reglette-flexible-polie-ou-mate\/#primaryimage","url":"https:\/\/www.metrica.it\/wp-content\/uploads\/2024\/06\/24072_2.jpg","contentUrl":"https:\/\/www.metrica.it\/wp-content\/uploads\/2024\/06\/24072_2.jpg","width":800,"height":800},{"@type":"BreadcrumbList","@id":"https:\/\/www.metrica.it\/fr\/produit\/reglette-flexible-polie-ou-mate\/#breadcrumb","itemListElement":[{"@type":"ListItem","position":1,"name":"Home","item":"https:\/\/www.metrica.it\/fr\/"},{"@type":"ListItem","position":2,"name":"Catalogue","item":"https:\/\/www.metrica.it\/fr\/catalogue\/"},{"@type":"ListItem","position":3,"name":"R\u00e9glette Flexible Polie Ou Mate"}]},{"@type":"WebSite","@id":"https:\/\/www.metrica.it\/fr\/#website","url":"https:\/\/www.metrica.it\/fr\/","name":"Metrica","description":"Made to measure","potentialAction":[{"@type":"SearchAction","target":{"@type":"EntryPoint","urlTemplate":"https:\/\/www.metrica.it\/fr\/?s={search_term_string}"},"query-input":{"@type":"PropertyValueSpecification","valueRequired":true,"valueName":"search_term_string"}}],"inLanguage":"fr-FR"}]}},"meta_box":{"awr_documentation":[],"awr_manuale":[],"awr_scheda_tecnica":"","awr_youtube_video":"","awr_classe_prodotto":"","awr_customize_product":"1","awr_custom_image":{"width":96,"height":96,"file":"2024\/06\/24070.jpg","filesize":192728,"sizes":{"dgwt-wcas-product-suggestion":{"file":"24070-64x64.jpg","width":64,"height":64,"mime-type":"image\/jpeg","filesize":1236,"url":"https:\/\/www.metrica.it\/wp-content\/uploads\/2024\/06\/24070-64x64.jpg"},"hongo-product-icon-image":{"file":"24070-64x64.jpg","width":64,"height":64,"mime-type":"image\/jpeg","filesize":1236,"url":"https:\/\/www.metrica.it\/wp-content\/uploads\/2024\/06\/24070-64x64.jpg"},"hongo-product-small-image":{"file":"24070-84x84.jpg","width":84,"height":84,"mime-type":"image\/jpeg","filesize":1574,"url":"https:\/\/www.metrica.it\/wp-content\/uploads\/2024\/06\/24070-84x84.jpg"},"hongo-medium-image":{"file":"24070-450x450.jpg","width":450,"height":450,"mime-type":"image\/jpeg","filesize":14261,"url":"https:\/\/www.metrica.it\/wp-content\/uploads\/2024\/06\/24070-450x450.jpg"},"post-thumbnail":{"file":"24070-790x790.jpg","width":790,"height":790,"mime-type":"image\/jpeg","filesize":34579,"url":"https:\/\/www.metrica.it\/wp-content\/uploads\/2024\/06\/24070-790x790.jpg"},"hongo-shop-image":{"file":"24070-660x660.jpg","width":660,"height":660,"mime-type":"image\/jpeg","filesize":26267,"url":"https:\/\/www.metrica.it\/wp-content\/uploads\/2024\/06\/24070-660x660.jpg"}},"image_meta":{"aperture":"0","credit":"","camera":"","caption":"","created_timestamp":"0","copyright":"","focal_length":"0","iso":"0","shutter_speed":"0","title":"","orientation":"1","keywords":[]},"ID":"131194","name":"24070.jpg","path":"\/var\/www\/html\/wp-content\/uploads\/2024\/06\/24070.jpg","url":"https:\/\/www.metrica.it\/wp-content\/uploads\/2024\/06\/24070.jpg","full_url":"https:\/\/www.metrica.it\/wp-content\/uploads\/2024\/06\/24070.jpg","title":"24070.jpg","caption":"","description":"","alt":"","srcset":"https:\/\/www.metrica.it\/wp-content\/uploads\/2024\/06\/24070.jpg 800w, https:\/\/www.metrica.it\/wp-content\/uploads\/2024\/06\/24070-64x64.jpg 64w, https:\/\/www.metrica.it\/wp-content\/uploads\/2024\/06\/24070-84x84.jpg 84w, https:\/\/www.metrica.it\/wp-content\/uploads\/2024\/06\/24070-450x450.jpg 450w, https:\/\/www.metrica.it\/wp-content\/uploads\/2024\/06\/24070-790x790.jpg 790w, https:\/\/www.metrica.it\/wp-content\/uploads\/2024\/06\/24070-660x660.jpg 660w"},"awr_related_products":[{"awr_product_name":"Riga Flessibile Scala Lucida O Satinata","awr_product_references":"ref:24072|ean:8001066240722|l_mm:500|unit_misura_mm_mm:x|unit_misura_mm_12_mm:-|unit_misura_mm_inch:-|lucido:x|satinato:-|pack:20"},{"awr_product_name":"Riga Flessibile Scala Lucida O Satinata","awr_product_references":"ref:24073|ean:8001066240739|l_mm:1000|unit_misura_mm_mm:x|unit_misura_mm_12_mm:-|unit_misura_mm_inch:-|lucido:x|satinato:-|pack:20"},{"awr_product_name":"Riga Flessibile Scala Lucida O Satinata","awr_product_references":"ref:24075|ean:8001066240753|l_mm:500|unit_misura_mm_mm:-|unit_misura_mm_12_mm:x|unit_misura_mm_inch:-|lucido:x|satinato:-|pack:20"},{"awr_product_name":"Riga Flessibile Scala Lucida O Satinata","awr_product_references":"ref:24076|ean:8001066240760|l_mm:1000|unit_misura_mm_mm:-|unit_misura_mm_12_mm:x|unit_misura_mm_inch:-|lucido:x|satinato:-|pack:20"},{"awr_product_name":"Riga Flessibile Scala Lucida O Satinata","awr_product_references":"ref:24082|ean:8001066240821|l_mm:500|unit_misura_mm_mm:x|unit_misura_mm_12_mm:-|unit_misura_mm_inch:-|lucido:-|satinato:x|pack:20"},{"awr_product_name":"Riga Flessibile Scala Lucida O Satinata","awr_product_references":"ref:24083|ean:8001066240838|l_mm:1000|unit_misura_mm_mm:x|unit_misura_mm_12_mm:-|unit_misura_mm_inch:-|lucido:-|satinato:x|pack:20"},{"awr_product_name":"Riga Flessibile Scala Lucida O Satinata","awr_product_references":"ref:24085|ean:8001066240852|l_mm:500|unit_misura_mm_mm:-|unit_misura_mm_12_mm:x|unit_misura_mm_inch:-|lucido:-|satinato:x|pack:20"},{"awr_product_name":"Riga Flessibile Scala Lucida O Satinata","awr_product_references":"ref:24086|ean:8001066240869|l_mm:1000|unit_misura_mm_mm:-|unit_misura_mm_12_mm:x|unit_misura_mm_inch:-|lucido:-|satinato:x|pack:20"},{"awr_product_name":"Riga Flessibile Scala Lucida O Satinata","awr_product_references":"ref:24092|ean:8001066240920|l_mm:500|unit_misura_mm_mm:-|unit_misura_mm_12_mm:-|unit_misura_mm_inch:x|lucido:x|satinato:-|pack:20"},{"awr_product_name":"Riga Flessibile Scala Lucida O Satinata","awr_product_references":"ref:24093|ean:8001066240937|l_mm:1000|unit_misura_mm_mm:-|unit_misura_mm_12_mm:-|unit_misura_mm_inch:x|lucido:x|satinato:-|pack:20"},{"awr_product_name":"Riga Flessibile Scala Lucida O Satinata","awr_product_references":"ref:24102|ean:8001066241026|l_mm:500|unit_misura_mm_mm:-|unit_misura_mm_12_mm:-|unit_misura_mm_inch:x|lucido:-|satinato:x|pack:20"},{"awr_product_name":"Riga Flessibile Scala Lucida O Satinata","awr_product_references":"ref:24103|ean:8001066241033|l_mm:1000|unit_misura_mm_mm:-|unit_misura_mm_12_mm:-|unit_misura_mm_inch:x|lucido:-|satinato:x|pack:20"}],"awr_consumabili":"","awr_alternativi":"","awr_aliases":"24072,24073,24075,24076,24082,24083,24085,24086,24092,24093,24102,24103","awr_skuid":"24072-it"},"_links":{"self":[{"href":"https:\/\/www.metrica.it\/fr\/wp-json\/wp\/v2\/product\/142346","targetHints":{"allow":["GET"]}}],"collection":[{"href":"https:\/\/www.metrica.it\/fr\/wp-json\/wp\/v2\/product"}],"about":[{"href":"https:\/\/www.metrica.it\/fr\/wp-json\/wp\/v2\/types\/product"}],"wp:featuredmedia":[{"embeddable":true,"href":"https:\/\/www.metrica.it\/fr\/wp-json\/wp\/v2\/media\/131199"}],"wp:attachment":[{"href":"https:\/\/www.metrica.it\/fr\/wp-json\/wp\/v2\/media?parent=142346"}],"wp:term":[{"taxonomy":"product_cat","embeddable":true,"href":"https:\/\/www.metrica.it\/fr\/wp-json\/wp\/v2\/product_cat?post=142346"},{"taxonomy":"product_tag","embeddable":true,"href":"https:\/\/www.metrica.it\/fr\/wp-json\/wp\/v2\/product_tag?post=142346"}],"curies":[{"name":"wp","href":"https:\/\/api.w.org\/{rel}","templated":true}]}}