{"id":142371,"date":"2024-09-16T12:53:30","date_gmt":"2024-09-16T10:53:30","guid":{"rendered":"https:\/\/www.metrica.it\/prodotto\/trepied-leger-equipe-dun-support-avec-bouton\/"},"modified":"2024-09-16T21:45:40","modified_gmt":"2024-09-16T19:45:40","slug":"trepied-leger-equipe-dun-support-avec-bouton","status":"publish","type":"product","link":"https:\/\/www.metrica.it\/fr\/produit\/trepied-leger-equipe-dun-support-avec-bouton\/","title":{"rendered":"Tr\u00e9pied Leger Equip\u00e9 D&rsquo;un Support Avec Bouton"},"content":{"rendered":"<ul>\n<li>\u00c9l\u00e9vation \u00e0 cr\u00e9maill\u00e8re gradu\u00e9e course 28 cm<\/li>\n<li>Ouverture radiale, 3 branches de tenue<\/li>\n<li>Fiole de centrage<\/li>\n<li>Pieds en caoutchouc<\/li>\n<li><span>Equip\u00e9 d\u2019un support amovible pour t\u00e9l\u00e9m\u00e8tres DISTO et METRICA FLASH ainsi que les Bravolaser METRICA<\/span><\/li>\n<li>R\u00e9glable et inclinable dans toutes les directions<\/li>\n<li>Vis 1\/4&Prime; (dessin A)<\/li>\n<li>Vis 5\/8&Prime; en enlevant le support amovible (dessin B)<\/li>\n<li>Sac de transport<\/li>\n<li>Poids: 1,2 Kg<\/li>\n<\/ul>\n","protected":false},"excerpt":{"rendered":"<p>\u00c9l\u00e9vation \u00e0 cr\u00e9maill\u00e8re gradu\u00e9e course 28 cm<br \/>Ouverture radiale, 3 branches de tenue<br \/>Fiole de centrage<br \/>Pieds en caoutchouc<\/p>\n<p><span>Equip\u00e9 d\u2019un support amovible pour t\u00e9l\u00e9m\u00e8tres DISTO et METRICA FLASH ainsi que les Bravolaser METRICA<\/span><\/p>\n<p>R\u00e9glable et inclinable dans toutes les directions<br \/>Vis 1\/4&Prime; (dessin A)<br \/>Vis 5\/8&Prime; en enlevant le support amovible (dessin B)<br \/>Sac de transport<br \/>Poids: 1,2 Kg<\/p>\n","protected":false},"featured_media":130094,"template":"","meta":[],"product_cat":[515,546],"product_tag":[],"class_list":{"0":"post-142371","1":"product","2":"type-product","3":"status-publish","4":"has-post-thumbnail","6":"product_cat-laser-et-cameras-thermiques","7":"product_cat-trepieds","9":"first","10":"instock","11":"sold-individually","12":"product-type-simple"},"yoast_head":"<title>Treppiede Leggero Con Supporto A Manopola | Tr\u00e9pieds | Laser et Cam\u00e9ras Thermiques - Metrica<\/title>\n<meta name=\"description\" content=\"D\u00e9couvrez la collection de produits., Treppiede Leggero Con Supporto A Manopola - Tr\u00e9pieds.Elevazione a cremagliera graduata corsa 28 cm,Apertura a raggiera, 3 raggi di sicurezza,Fiala di centragg . Consultez le catalogue sur le site officiel de Metrica\" \/>\n<meta name=\"robots\" content=\"index, follow, max-snippet:-1, max-image-preview:large, max-video-preview:-1\" \/>\n<link rel=\"canonical\" href=\"https:\/\/www.metrica.it\/fr\/produit\/trepied-leger-equipe-dun-support-avec-bouton\/\" \/>\n<meta property=\"og:locale\" content=\"fr_FR\" \/>\n<meta property=\"og:type\" content=\"article\" \/>\n<meta property=\"og:title\" content=\"Treppiede Leggero Con Supporto A Manopola | Tr\u00e9pieds | Laser et Cam\u00e9ras Thermiques - Metrica\" \/>\n<meta property=\"og:description\" content=\"D\u00e9couvrez la collection de produits., Treppiede Leggero Con Supporto A Manopola - Tr\u00e9pieds.Elevazione a cremagliera graduata corsa 28 cm,Apertura a raggiera, 3 raggi di sicurezza,Fiala di centragg . Consultez le catalogue sur le site officiel de Metrica\" \/>\n<meta property=\"og:url\" content=\"https:\/\/www.metrica.it\/fr\/produit\/trepied-leger-equipe-dun-support-avec-bouton\/\" \/>\n<meta property=\"og:site_name\" content=\"Metrica\" \/>\n<meta property=\"article:modified_time\" content=\"2024-09-16T19:45:40+00:00\" \/>\n<meta property=\"og:image\" content=\"https:\/\/www.metrica.it\/wp-content\/uploads\/2024\/06\/60590_1_1.jpg\" \/>\n\t<meta property=\"og:image:width\" content=\"800\" \/>\n\t<meta property=\"og:image:height\" content=\"800\" \/>\n\t<meta property=\"og:image:type\" content=\"image\/jpeg\" \/>\n<meta name=\"twitter:card\" content=\"summary_large_image\" \/>\n<script type=\"application\/ld+json\" class=\"yoast-schema-graph\">{\"@context\":\"https:\\\/\\\/schema.org\",\"@graph\":[{\"@type\":\"WebPage\",\"@id\":\"https:\\\/\\\/www.metrica.it\\\/fr\\\/produit\\\/trepied-leger-equipe-dun-support-avec-bouton\\\/\",\"url\":\"https:\\\/\\\/www.metrica.it\\\/fr\\\/produit\\\/trepied-leger-equipe-dun-support-avec-bouton\\\/\",\"name\":\"Treppiede Leggero Con Supporto A Manopola | Tr\u00e9pieds | Laser et Cam\u00e9ras Thermiques - Metrica\",\"isPartOf\":{\"@id\":\"https:\\\/\\\/www.metrica.it\\\/fr\\\/#website\"},\"primaryImageOfPage\":{\"@id\":\"https:\\\/\\\/www.metrica.it\\\/fr\\\/produit\\\/trepied-leger-equipe-dun-support-avec-bouton\\\/#primaryimage\"},\"image\":{\"@id\":\"https:\\\/\\\/www.metrica.it\\\/fr\\\/produit\\\/trepied-leger-equipe-dun-support-avec-bouton\\\/#primaryimage\"},\"thumbnailUrl\":\"https:\\\/\\\/www.metrica.it\\\/wp-content\\\/uploads\\\/2024\\\/06\\\/60590_1_1.jpg\",\"datePublished\":\"2024-09-16T10:53:30+00:00\",\"dateModified\":\"2024-09-16T19:45:40+00:00\",\"description\":\"D\u00e9couvrez la collection de produits., Treppiede Leggero Con Supporto A Manopola - Tr\u00e9pieds.Elevazione a cremagliera graduata corsa 28 cm,Apertura a raggiera, 3 raggi di sicurezza,Fiala di centragg . Consultez le catalogue sur le site officiel de Metrica\",\"breadcrumb\":{\"@id\":\"https:\\\/\\\/www.metrica.it\\\/fr\\\/produit\\\/trepied-leger-equipe-dun-support-avec-bouton\\\/#breadcrumb\"},\"inLanguage\":\"fr-FR\",\"potentialAction\":[{\"@type\":\"ReadAction\",\"target\":[\"https:\\\/\\\/www.metrica.it\\\/fr\\\/produit\\\/trepied-leger-equipe-dun-support-avec-bouton\\\/\"]}]},{\"@type\":\"ImageObject\",\"inLanguage\":\"fr-FR\",\"@id\":\"https:\\\/\\\/www.metrica.it\\\/fr\\\/produit\\\/trepied-leger-equipe-dun-support-avec-bouton\\\/#primaryimage\",\"url\":\"https:\\\/\\\/www.metrica.it\\\/wp-content\\\/uploads\\\/2024\\\/06\\\/60590_1_1.jpg\",\"contentUrl\":\"https:\\\/\\\/www.metrica.it\\\/wp-content\\\/uploads\\\/2024\\\/06\\\/60590_1_1.jpg\",\"width\":800,\"height\":800},{\"@type\":\"BreadcrumbList\",\"@id\":\"https:\\\/\\\/www.metrica.it\\\/fr\\\/produit\\\/trepied-leger-equipe-dun-support-avec-bouton\\\/#breadcrumb\",\"itemListElement\":[{\"@type\":\"ListItem\",\"position\":1,\"name\":\"Home\",\"item\":\"https:\\\/\\\/www.metrica.it\\\/fr\\\/\"},{\"@type\":\"ListItem\",\"position\":2,\"name\":\"Catalogue\",\"item\":\"https:\\\/\\\/www.metrica.it\\\/fr\\\/catalogue\\\/\"},{\"@type\":\"ListItem\",\"position\":3,\"name\":\"Tr\u00e9pied Leger Equip\u00e9 D&#8217;un Support Avec Bouton\"}]},{\"@type\":\"WebSite\",\"@id\":\"https:\\\/\\\/www.metrica.it\\\/fr\\\/#website\",\"url\":\"https:\\\/\\\/www.metrica.it\\\/fr\\\/\",\"name\":\"Metrica\",\"description\":\"Made to measure\",\"potentialAction\":[{\"@type\":\"SearchAction\",\"target\":{\"@type\":\"EntryPoint\",\"urlTemplate\":\"https:\\\/\\\/www.metrica.it\\\/fr\\\/?s={search_term_string}\"},\"query-input\":{\"@type\":\"PropertyValueSpecification\",\"valueRequired\":true,\"valueName\":\"search_term_string\"}}],\"inLanguage\":\"fr-FR\"}]}<\/script>","yoast_head_json":{"title":"Treppiede Leggero Con Supporto A Manopola | Tr\u00e9pieds | Laser et Cam\u00e9ras Thermiques - Metrica","description":"D\u00e9couvrez la collection de produits., Treppiede Leggero Con Supporto A Manopola - Tr\u00e9pieds.Elevazione a cremagliera graduata corsa 28 cm,Apertura a raggiera, 3 raggi di sicurezza,Fiala di centragg . Consultez le catalogue sur le site officiel de Metrica","robots":{"index":"index","follow":"follow","max-snippet":"max-snippet:-1","max-image-preview":"max-image-preview:large","max-video-preview":"max-video-preview:-1"},"canonical":"https:\/\/www.metrica.it\/fr\/produit\/trepied-leger-equipe-dun-support-avec-bouton\/","og_locale":"fr_FR","og_type":"article","og_title":"Treppiede Leggero Con Supporto A Manopola | Tr\u00e9pieds | Laser et Cam\u00e9ras Thermiques - Metrica","og_description":"D\u00e9couvrez la collection de produits., Treppiede Leggero Con Supporto A Manopola - Tr\u00e9pieds.Elevazione a cremagliera graduata corsa 28 cm,Apertura a raggiera, 3 raggi di sicurezza,Fiala di centragg . Consultez le catalogue sur le site officiel de Metrica","og_url":"https:\/\/www.metrica.it\/fr\/produit\/trepied-leger-equipe-dun-support-avec-bouton\/","og_site_name":"Metrica","article_modified_time":"2024-09-16T19:45:40+00:00","og_image":[{"width":800,"height":800,"url":"https:\/\/www.metrica.it\/wp-content\/uploads\/2024\/06\/60590_1_1.jpg","type":"image\/jpeg"}],"twitter_card":"summary_large_image","schema":{"@context":"https:\/\/schema.org","@graph":[{"@type":"WebPage","@id":"https:\/\/www.metrica.it\/fr\/produit\/trepied-leger-equipe-dun-support-avec-bouton\/","url":"https:\/\/www.metrica.it\/fr\/produit\/trepied-leger-equipe-dun-support-avec-bouton\/","name":"Treppiede Leggero Con Supporto A Manopola | Tr\u00e9pieds | Laser et Cam\u00e9ras Thermiques - Metrica","isPartOf":{"@id":"https:\/\/www.metrica.it\/fr\/#website"},"primaryImageOfPage":{"@id":"https:\/\/www.metrica.it\/fr\/produit\/trepied-leger-equipe-dun-support-avec-bouton\/#primaryimage"},"image":{"@id":"https:\/\/www.metrica.it\/fr\/produit\/trepied-leger-equipe-dun-support-avec-bouton\/#primaryimage"},"thumbnailUrl":"https:\/\/www.metrica.it\/wp-content\/uploads\/2024\/06\/60590_1_1.jpg","datePublished":"2024-09-16T10:53:30+00:00","dateModified":"2024-09-16T19:45:40+00:00","description":"D\u00e9couvrez la collection de produits., Treppiede Leggero Con Supporto A Manopola - Tr\u00e9pieds.Elevazione a cremagliera graduata corsa 28 cm,Apertura a raggiera, 3 raggi di sicurezza,Fiala di centragg . Consultez le catalogue sur le site officiel de Metrica","breadcrumb":{"@id":"https:\/\/www.metrica.it\/fr\/produit\/trepied-leger-equipe-dun-support-avec-bouton\/#breadcrumb"},"inLanguage":"fr-FR","potentialAction":[{"@type":"ReadAction","target":["https:\/\/www.metrica.it\/fr\/produit\/trepied-leger-equipe-dun-support-avec-bouton\/"]}]},{"@type":"ImageObject","inLanguage":"fr-FR","@id":"https:\/\/www.metrica.it\/fr\/produit\/trepied-leger-equipe-dun-support-avec-bouton\/#primaryimage","url":"https:\/\/www.metrica.it\/wp-content\/uploads\/2024\/06\/60590_1_1.jpg","contentUrl":"https:\/\/www.metrica.it\/wp-content\/uploads\/2024\/06\/60590_1_1.jpg","width":800,"height":800},{"@type":"BreadcrumbList","@id":"https:\/\/www.metrica.it\/fr\/produit\/trepied-leger-equipe-dun-support-avec-bouton\/#breadcrumb","itemListElement":[{"@type":"ListItem","position":1,"name":"Home","item":"https:\/\/www.metrica.it\/fr\/"},{"@type":"ListItem","position":2,"name":"Catalogue","item":"https:\/\/www.metrica.it\/fr\/catalogue\/"},{"@type":"ListItem","position":3,"name":"Tr\u00e9pied Leger Equip\u00e9 D&#8217;un Support Avec Bouton"}]},{"@type":"WebSite","@id":"https:\/\/www.metrica.it\/fr\/#website","url":"https:\/\/www.metrica.it\/fr\/","name":"Metrica","description":"Made to measure","potentialAction":[{"@type":"SearchAction","target":{"@type":"EntryPoint","urlTemplate":"https:\/\/www.metrica.it\/fr\/?s={search_term_string}"},"query-input":{"@type":"PropertyValueSpecification","valueRequired":true,"valueName":"search_term_string"}}],"inLanguage":"fr-FR"}]}},"meta_box":{"awr_documentation":[],"awr_manuale":[],"awr_scheda_tecnica":"","awr_youtube_video":"","awr_classe_prodotto":"","awr_customize_product":"0","awr_custom_image":false,"awr_related_products":[{"awr_product_name":"Treppiede Leggero Con Supporto A Manopola","awr_product_references":"ref:60590|ean:8001066605903|l:55 \u00f7 150 cm|pack:1"}],"awr_consumabili":"","awr_alternativi":"","awr_aliases":"60590","awr_skuid":"60590-it"},"_links":{"self":[{"href":"https:\/\/www.metrica.it\/fr\/wp-json\/wp\/v2\/product\/142371","targetHints":{"allow":["GET"]}}],"collection":[{"href":"https:\/\/www.metrica.it\/fr\/wp-json\/wp\/v2\/product"}],"about":[{"href":"https:\/\/www.metrica.it\/fr\/wp-json\/wp\/v2\/types\/product"}],"wp:featuredmedia":[{"embeddable":true,"href":"https:\/\/www.metrica.it\/fr\/wp-json\/wp\/v2\/media\/130094"}],"wp:attachment":[{"href":"https:\/\/www.metrica.it\/fr\/wp-json\/wp\/v2\/media?parent=142371"}],"wp:term":[{"taxonomy":"product_cat","embeddable":true,"href":"https:\/\/www.metrica.it\/fr\/wp-json\/wp\/v2\/product_cat?post=142371"},{"taxonomy":"product_tag","embeddable":true,"href":"https:\/\/www.metrica.it\/fr\/wp-json\/wp\/v2\/product_tag?post=142371"}],"curies":[{"name":"wp","href":"https:\/\/api.w.org\/{rel}","templated":true}]}}