{"id":142396,"date":"2024-09-16T12:21:39","date_gmt":"2024-09-16T10:21:39","guid":{"rendered":"https:\/\/www.metrica.it\/prodotto\/rapporteur-dangle-speciale-pour-vitriers\/"},"modified":"2024-09-16T21:10:37","modified_gmt":"2024-09-16T19:10:37","slug":"rapporteur-dangle-speciale-pour-vitriers","status":"publish","type":"product","link":"https:\/\/www.metrica.it\/fr\/produit\/rapporteur-dangle-speciale-pour-vitriers\/","title":{"rendered":"Rapporteur D&rsquo;angle Sp\u00e9ciale Pour Vitriers"},"content":{"rendered":"<ul>\n<li>Rapport d&apos;angle sp\u00e9ciale pour vitriers<\/li>\n<li>Anti-rayures, en plastique flexible<\/li>\n<li>Avec poign\u00e9e<\/li>\n<li>Section 40 x 4 mm<\/li>\n<\/ul>\n","protected":false},"excerpt":{"rendered":"<p>Rapport d&apos;angle sp\u00e9ciale pour vitriers<br \/>Anti-rayures, en plastique flexible<br \/>Avec poign\u00e9e<br \/>Section 40 x 4 mm<\/p>\n","protected":false},"featured_media":134431,"template":"","meta":[],"product_cat":[673,697],"product_tag":[],"class_list":{"0":"post-142396","1":"product","2":"type-product","3":"status-publish","4":"has-post-thumbnail","6":"product_cat-decoupe","7":"product_cat-regles-et-equerrers-pour-vitriers","9":"first","10":"instock","11":"sold-individually","12":"product-type-simple"},"yoast_head":"<title>Goniometro Speciale Per Vetrai | R\u00e8gles et \u00c9querrers pour Vitriers | D\u00e9coupe - Metrica<\/title>\n<meta name=\"description\" content=\"D\u00e9couvrez la collection de produits., Goniometro Speciale Per Vetrai - R\u00e8gles et \u00c9querrers pour Vitriers.Goniometro speciale per vetrai,Antigraffio in plastica flessibile,Con impugnatura . Consultez le catalogue sur le site officiel de Metrica\" \/>\n<meta name=\"robots\" content=\"index, follow, max-snippet:-1, max-image-preview:large, max-video-preview:-1\" \/>\n<link rel=\"canonical\" href=\"https:\/\/www.metrica.it\/fr\/produit\/rapporteur-dangle-speciale-pour-vitriers\/\" \/>\n<meta property=\"og:locale\" content=\"fr_FR\" \/>\n<meta property=\"og:type\" content=\"article\" \/>\n<meta property=\"og:title\" content=\"Goniometro Speciale Per Vetrai | R\u00e8gles et \u00c9querrers pour Vitriers | D\u00e9coupe - Metrica\" \/>\n<meta property=\"og:description\" content=\"D\u00e9couvrez la collection de produits., Goniometro Speciale Per Vetrai - R\u00e8gles et \u00c9querrers pour Vitriers.Goniometro speciale per vetrai,Antigraffio in plastica flessibile,Con impugnatura . Consultez le catalogue sur le site officiel de Metrica\" \/>\n<meta property=\"og:url\" content=\"https:\/\/www.metrica.it\/fr\/produit\/rapporteur-dangle-speciale-pour-vitriers\/\" \/>\n<meta property=\"og:site_name\" content=\"Metrica\" \/>\n<meta property=\"article:modified_time\" content=\"2024-09-16T19:10:37+00:00\" \/>\n<meta property=\"og:image\" content=\"https:\/\/www.metrica.it\/wp-content\/uploads\/2024\/06\/50540.jpg\" \/>\n\t<meta property=\"og:image:width\" content=\"800\" \/>\n\t<meta property=\"og:image:height\" content=\"800\" \/>\n\t<meta property=\"og:image:type\" content=\"image\/jpeg\" \/>\n<meta name=\"twitter:card\" content=\"summary_large_image\" \/>\n<script type=\"application\/ld+json\" class=\"yoast-schema-graph\">{\"@context\":\"https:\\\/\\\/schema.org\",\"@graph\":[{\"@type\":\"WebPage\",\"@id\":\"https:\\\/\\\/www.metrica.it\\\/fr\\\/produit\\\/rapporteur-dangle-speciale-pour-vitriers\\\/\",\"url\":\"https:\\\/\\\/www.metrica.it\\\/fr\\\/produit\\\/rapporteur-dangle-speciale-pour-vitriers\\\/\",\"name\":\"Goniometro Speciale Per Vetrai | R\u00e8gles et \u00c9querrers pour Vitriers | D\u00e9coupe - Metrica\",\"isPartOf\":{\"@id\":\"https:\\\/\\\/www.metrica.it\\\/fr\\\/#website\"},\"primaryImageOfPage\":{\"@id\":\"https:\\\/\\\/www.metrica.it\\\/fr\\\/produit\\\/rapporteur-dangle-speciale-pour-vitriers\\\/#primaryimage\"},\"image\":{\"@id\":\"https:\\\/\\\/www.metrica.it\\\/fr\\\/produit\\\/rapporteur-dangle-speciale-pour-vitriers\\\/#primaryimage\"},\"thumbnailUrl\":\"https:\\\/\\\/www.metrica.it\\\/wp-content\\\/uploads\\\/2024\\\/06\\\/50540.jpg\",\"datePublished\":\"2024-09-16T10:21:39+00:00\",\"dateModified\":\"2024-09-16T19:10:37+00:00\",\"description\":\"D\u00e9couvrez la collection de produits., Goniometro Speciale Per Vetrai - R\u00e8gles et \u00c9querrers pour Vitriers.Goniometro speciale per vetrai,Antigraffio in plastica flessibile,Con impugnatura . Consultez le catalogue sur le site officiel de Metrica\",\"breadcrumb\":{\"@id\":\"https:\\\/\\\/www.metrica.it\\\/fr\\\/produit\\\/rapporteur-dangle-speciale-pour-vitriers\\\/#breadcrumb\"},\"inLanguage\":\"fr-FR\",\"potentialAction\":[{\"@type\":\"ReadAction\",\"target\":[\"https:\\\/\\\/www.metrica.it\\\/fr\\\/produit\\\/rapporteur-dangle-speciale-pour-vitriers\\\/\"]}]},{\"@type\":\"ImageObject\",\"inLanguage\":\"fr-FR\",\"@id\":\"https:\\\/\\\/www.metrica.it\\\/fr\\\/produit\\\/rapporteur-dangle-speciale-pour-vitriers\\\/#primaryimage\",\"url\":\"https:\\\/\\\/www.metrica.it\\\/wp-content\\\/uploads\\\/2024\\\/06\\\/50540.jpg\",\"contentUrl\":\"https:\\\/\\\/www.metrica.it\\\/wp-content\\\/uploads\\\/2024\\\/06\\\/50540.jpg\",\"width\":800,\"height\":800},{\"@type\":\"BreadcrumbList\",\"@id\":\"https:\\\/\\\/www.metrica.it\\\/fr\\\/produit\\\/rapporteur-dangle-speciale-pour-vitriers\\\/#breadcrumb\",\"itemListElement\":[{\"@type\":\"ListItem\",\"position\":1,\"name\":\"Home\",\"item\":\"https:\\\/\\\/www.metrica.it\\\/fr\\\/\"},{\"@type\":\"ListItem\",\"position\":2,\"name\":\"Catalogue\",\"item\":\"https:\\\/\\\/www.metrica.it\\\/fr\\\/catalogue\\\/\"},{\"@type\":\"ListItem\",\"position\":3,\"name\":\"Rapporteur D&#8217;angle Sp\u00e9ciale Pour Vitriers\"}]},{\"@type\":\"WebSite\",\"@id\":\"https:\\\/\\\/www.metrica.it\\\/fr\\\/#website\",\"url\":\"https:\\\/\\\/www.metrica.it\\\/fr\\\/\",\"name\":\"Metrica\",\"description\":\"Made to measure\",\"potentialAction\":[{\"@type\":\"SearchAction\",\"target\":{\"@type\":\"EntryPoint\",\"urlTemplate\":\"https:\\\/\\\/www.metrica.it\\\/fr\\\/?s={search_term_string}\"},\"query-input\":{\"@type\":\"PropertyValueSpecification\",\"valueRequired\":true,\"valueName\":\"search_term_string\"}}],\"inLanguage\":\"fr-FR\"}]}<\/script>","yoast_head_json":{"title":"Goniometro Speciale Per Vetrai | R\u00e8gles et \u00c9querrers pour Vitriers | D\u00e9coupe - Metrica","description":"D\u00e9couvrez la collection de produits., Goniometro Speciale Per Vetrai - R\u00e8gles et \u00c9querrers pour Vitriers.Goniometro speciale per vetrai,Antigraffio in plastica flessibile,Con impugnatura . Consultez le catalogue sur le site officiel de Metrica","robots":{"index":"index","follow":"follow","max-snippet":"max-snippet:-1","max-image-preview":"max-image-preview:large","max-video-preview":"max-video-preview:-1"},"canonical":"https:\/\/www.metrica.it\/fr\/produit\/rapporteur-dangle-speciale-pour-vitriers\/","og_locale":"fr_FR","og_type":"article","og_title":"Goniometro Speciale Per Vetrai | R\u00e8gles et \u00c9querrers pour Vitriers | D\u00e9coupe - Metrica","og_description":"D\u00e9couvrez la collection de produits., Goniometro Speciale Per Vetrai - R\u00e8gles et \u00c9querrers pour Vitriers.Goniometro speciale per vetrai,Antigraffio in plastica flessibile,Con impugnatura . Consultez le catalogue sur le site officiel de Metrica","og_url":"https:\/\/www.metrica.it\/fr\/produit\/rapporteur-dangle-speciale-pour-vitriers\/","og_site_name":"Metrica","article_modified_time":"2024-09-16T19:10:37+00:00","og_image":[{"width":800,"height":800,"url":"https:\/\/www.metrica.it\/wp-content\/uploads\/2024\/06\/50540.jpg","type":"image\/jpeg"}],"twitter_card":"summary_large_image","schema":{"@context":"https:\/\/schema.org","@graph":[{"@type":"WebPage","@id":"https:\/\/www.metrica.it\/fr\/produit\/rapporteur-dangle-speciale-pour-vitriers\/","url":"https:\/\/www.metrica.it\/fr\/produit\/rapporteur-dangle-speciale-pour-vitriers\/","name":"Goniometro Speciale Per Vetrai | R\u00e8gles et \u00c9querrers pour Vitriers | D\u00e9coupe - Metrica","isPartOf":{"@id":"https:\/\/www.metrica.it\/fr\/#website"},"primaryImageOfPage":{"@id":"https:\/\/www.metrica.it\/fr\/produit\/rapporteur-dangle-speciale-pour-vitriers\/#primaryimage"},"image":{"@id":"https:\/\/www.metrica.it\/fr\/produit\/rapporteur-dangle-speciale-pour-vitriers\/#primaryimage"},"thumbnailUrl":"https:\/\/www.metrica.it\/wp-content\/uploads\/2024\/06\/50540.jpg","datePublished":"2024-09-16T10:21:39+00:00","dateModified":"2024-09-16T19:10:37+00:00","description":"D\u00e9couvrez la collection de produits., Goniometro Speciale Per Vetrai - R\u00e8gles et \u00c9querrers pour Vitriers.Goniometro speciale per vetrai,Antigraffio in plastica flessibile,Con impugnatura . Consultez le catalogue sur le site officiel de Metrica","breadcrumb":{"@id":"https:\/\/www.metrica.it\/fr\/produit\/rapporteur-dangle-speciale-pour-vitriers\/#breadcrumb"},"inLanguage":"fr-FR","potentialAction":[{"@type":"ReadAction","target":["https:\/\/www.metrica.it\/fr\/produit\/rapporteur-dangle-speciale-pour-vitriers\/"]}]},{"@type":"ImageObject","inLanguage":"fr-FR","@id":"https:\/\/www.metrica.it\/fr\/produit\/rapporteur-dangle-speciale-pour-vitriers\/#primaryimage","url":"https:\/\/www.metrica.it\/wp-content\/uploads\/2024\/06\/50540.jpg","contentUrl":"https:\/\/www.metrica.it\/wp-content\/uploads\/2024\/06\/50540.jpg","width":800,"height":800},{"@type":"BreadcrumbList","@id":"https:\/\/www.metrica.it\/fr\/produit\/rapporteur-dangle-speciale-pour-vitriers\/#breadcrumb","itemListElement":[{"@type":"ListItem","position":1,"name":"Home","item":"https:\/\/www.metrica.it\/fr\/"},{"@type":"ListItem","position":2,"name":"Catalogue","item":"https:\/\/www.metrica.it\/fr\/catalogue\/"},{"@type":"ListItem","position":3,"name":"Rapporteur D&#8217;angle Sp\u00e9ciale Pour Vitriers"}]},{"@type":"WebSite","@id":"https:\/\/www.metrica.it\/fr\/#website","url":"https:\/\/www.metrica.it\/fr\/","name":"Metrica","description":"Made to measure","potentialAction":[{"@type":"SearchAction","target":{"@type":"EntryPoint","urlTemplate":"https:\/\/www.metrica.it\/fr\/?s={search_term_string}"},"query-input":{"@type":"PropertyValueSpecification","valueRequired":true,"valueName":"search_term_string"}}],"inLanguage":"fr-FR"}]}},"meta_box":{"awr_documentation":[],"awr_manuale":[],"awr_scheda_tecnica":"","awr_youtube_video":"","awr_classe_prodotto":"","awr_customize_product":"0","awr_custom_image":false,"awr_related_products":[{"awr_product_name":"Goniometro Speciale Per Vetrai","awr_product_references":"ref:50540|ean:8001066505401|diam_cm:33|unit_misura:1\u00b0|pack:1"}],"awr_consumabili":"","awr_alternativi":"","awr_aliases":"50540","awr_skuid":"50540-it"},"_links":{"self":[{"href":"https:\/\/www.metrica.it\/fr\/wp-json\/wp\/v2\/product\/142396","targetHints":{"allow":["GET"]}}],"collection":[{"href":"https:\/\/www.metrica.it\/fr\/wp-json\/wp\/v2\/product"}],"about":[{"href":"https:\/\/www.metrica.it\/fr\/wp-json\/wp\/v2\/types\/product"}],"wp:featuredmedia":[{"embeddable":true,"href":"https:\/\/www.metrica.it\/fr\/wp-json\/wp\/v2\/media\/134431"}],"wp:attachment":[{"href":"https:\/\/www.metrica.it\/fr\/wp-json\/wp\/v2\/media?parent=142396"}],"wp:term":[{"taxonomy":"product_cat","embeddable":true,"href":"https:\/\/www.metrica.it\/fr\/wp-json\/wp\/v2\/product_cat?post=142396"},{"taxonomy":"product_tag","embeddable":true,"href":"https:\/\/www.metrica.it\/fr\/wp-json\/wp\/v2\/product_tag?post=142396"}],"curies":[{"name":"wp","href":"https:\/\/api.w.org\/{rel}","templated":true}]}}