{"id":142401,"date":"2024-09-16T12:44:12","date_gmt":"2024-09-16T10:44:12","guid":{"rendered":"https:\/\/www.metrica.it\/prodotto\/metrica-green-4\/"},"modified":"2024-09-16T21:35:55","modified_gmt":"2024-09-16T19:35:55","slug":"metrica-green","status":"publish","type":"product","link":"https:\/\/www.metrica.it\/fr\/produit\/metrica-green\/","title":{"rendered":"Metrica Green"},"content":{"rendered":"<ul>\n<li>Laser vert pour une meilleure visibilit\u00e9<\/li>\n<li>Inclinom\u00e8tre num\u00e9rique, fiole \u00e9lectronique<\/li>\n<li>Fonction de mesure continue, avec affichage permanent des valeurs max\/min<\/li>\n<li>4 fonctions de Pythagore (mesure indirecte)<\/li>\n<li>Distances, surfaces, volumes<\/li>\n<li>Somme et soustraction des distances, des surfaces et des volumes<\/li>\n<li>Minuterie de mesure, mise hors tension automatique<\/li>\n<li>D\u00e9lai de mesure qui peut \u00eatre fix\u00e9<\/li>\n<li>Fonction sonore : bip<\/li>\n<li>99 m\u00e9moires<\/li>\n<li>Piles rechargeables<\/li>\n<li>C\u00e2ble de recharge<\/li>\n<li>Filetage 1\/4&Prime; pour le raccordement du tr\u00e9pied<\/li>\n<li>Avec dragonne et pochette<\/li>\n<\/ul>\n","protected":false},"excerpt":{"rendered":"<p>Laser vert pour une meilleure visibilit\u00e9<\/p>\n<p>Inclinom\u00e8tre num\u00e9rique, fiole \u00e9lectronique<\/p>\n<p>Fonction de mesure continue, avec affichage permanent des valeurs max\/min<\/p>\n<p>4 fonctions de Pythagore (mesure indirecte)<\/p>\n<p>Distances, surfaces, volumes<\/p>\n<p>Somme et soustraction des distances, des surfaces et des volumes<\/p>\n<p>Minuterie de mesure, mise hors tension automatique<\/p>\n<p>D\u00e9lai de mesure qui peut \u00eatre fix\u00e9<\/p>\n<p>Fonction sonore : bip<\/p>\n<p>99 m\u00e9moires<\/p>\n<p>Piles rechargeables<\/p>\n<p>C\u00e2ble de recharge<\/p>\n<p>Filetage 1\/4&Prime; pour le raccordement du tr\u00e9pied<\/p>\n<p>Avec dragonne et pochette<\/p>\n","protected":false},"featured_media":125510,"template":"","meta":[],"product_cat":[526,515],"product_tag":[],"class_list":{"0":"post-142401","1":"product","2":"type-product","3":"status-publish","4":"has-post-thumbnail","6":"product_cat-distancemetres-laser","7":"product_cat-laser-et-cameras-thermiques","9":"first","10":"instock","11":"sold-individually","12":"product-type-simple"},"yoast_head":"<title>METRICA GREEN<\/title>\n<meta name=\"robots\" content=\"index, follow, max-snippet:-1, max-image-preview:large, max-video-preview:-1\" \/>\n<link rel=\"canonical\" href=\"https:\/\/www.metrica.it\/fr\/produit\/metrica-green\/\" \/>\n<meta property=\"og:locale\" content=\"fr_FR\" \/>\n<meta property=\"og:type\" content=\"article\" \/>\n<meta property=\"og:title\" content=\"METRICA GREEN\" \/>\n<meta property=\"og:description\" content=\"Laser vert pour une meilleure visibilit\u00e9Inclinom\u00e8tre num\u00e9rique, fiole \u00e9lectroniqueFonction de mesure continue, avec affichage permanent des valeurs max\/min4 fonctions de Pythagore (mesure indirecte)Distances, surfaces, volumesSomme et soustraction des distances, des surfaces et des volumesMinuterie de mesure, mise hors tension automatiqueD\u00e9lai de mesure qui peut \u00eatre fix\u00e9Fonction sonore : bip99 m\u00e9moiresPiles rechargeablesC\u00e2ble de rechargeFiletage 1\/4&quot; pour le raccordement du tr\u00e9piedAvec dragonne et pochette\" \/>\n<meta property=\"og:url\" content=\"https:\/\/www.metrica.it\/fr\/produit\/metrica-green\/\" \/>\n<meta property=\"og:site_name\" content=\"Metrica\" \/>\n<meta property=\"article:modified_time\" content=\"2024-09-16T19:35:55+00:00\" \/>\n<meta property=\"og:image\" content=\"https:\/\/www.metrica.it\/wp-content\/uploads\/2024\/05\/61060_61100.jpg\" \/>\n\t<meta property=\"og:image:width\" content=\"1200\" \/>\n\t<meta property=\"og:image:height\" content=\"1200\" \/>\n\t<meta property=\"og:image:type\" content=\"image\/jpeg\" \/>\n<meta name=\"twitter:card\" content=\"summary_large_image\" \/>\n<script type=\"application\/ld+json\" class=\"yoast-schema-graph\">{\"@context\":\"https:\\\/\\\/schema.org\",\"@graph\":[{\"@type\":\"WebPage\",\"@id\":\"https:\\\/\\\/www.metrica.it\\\/fr\\\/produit\\\/metrica-green\\\/\",\"url\":\"https:\\\/\\\/www.metrica.it\\\/fr\\\/produit\\\/metrica-green\\\/\",\"name\":\"METRICA GREEN\",\"isPartOf\":{\"@id\":\"https:\\\/\\\/www.metrica.it\\\/fr\\\/#website\"},\"primaryImageOfPage\":{\"@id\":\"https:\\\/\\\/www.metrica.it\\\/fr\\\/produit\\\/metrica-green\\\/#primaryimage\"},\"image\":{\"@id\":\"https:\\\/\\\/www.metrica.it\\\/fr\\\/produit\\\/metrica-green\\\/#primaryimage\"},\"thumbnailUrl\":\"https:\\\/\\\/www.metrica.it\\\/wp-content\\\/uploads\\\/2024\\\/05\\\/61060_61100.jpg\",\"datePublished\":\"2024-09-16T10:44:12+00:00\",\"dateModified\":\"2024-09-16T19:35:55+00:00\",\"breadcrumb\":{\"@id\":\"https:\\\/\\\/www.metrica.it\\\/fr\\\/produit\\\/metrica-green\\\/#breadcrumb\"},\"inLanguage\":\"fr-FR\",\"potentialAction\":[{\"@type\":\"ReadAction\",\"target\":[\"https:\\\/\\\/www.metrica.it\\\/fr\\\/produit\\\/metrica-green\\\/\"]}]},{\"@type\":\"ImageObject\",\"inLanguage\":\"fr-FR\",\"@id\":\"https:\\\/\\\/www.metrica.it\\\/fr\\\/produit\\\/metrica-green\\\/#primaryimage\",\"url\":\"https:\\\/\\\/www.metrica.it\\\/wp-content\\\/uploads\\\/2024\\\/05\\\/61060_61100.jpg\",\"contentUrl\":\"https:\\\/\\\/www.metrica.it\\\/wp-content\\\/uploads\\\/2024\\\/05\\\/61060_61100.jpg\",\"width\":1200,\"height\":1200},{\"@type\":\"BreadcrumbList\",\"@id\":\"https:\\\/\\\/www.metrica.it\\\/fr\\\/produit\\\/metrica-green\\\/#breadcrumb\",\"itemListElement\":[{\"@type\":\"ListItem\",\"position\":1,\"name\":\"Home\",\"item\":\"https:\\\/\\\/www.metrica.it\\\/fr\\\/\"},{\"@type\":\"ListItem\",\"position\":2,\"name\":\"Catalogue\",\"item\":\"https:\\\/\\\/www.metrica.it\\\/fr\\\/catalogue\\\/\"},{\"@type\":\"ListItem\",\"position\":3,\"name\":\"Metrica Green\"}]},{\"@type\":\"WebSite\",\"@id\":\"https:\\\/\\\/www.metrica.it\\\/fr\\\/#website\",\"url\":\"https:\\\/\\\/www.metrica.it\\\/fr\\\/\",\"name\":\"Metrica\",\"description\":\"Made to measure\",\"potentialAction\":[{\"@type\":\"SearchAction\",\"target\":{\"@type\":\"EntryPoint\",\"urlTemplate\":\"https:\\\/\\\/www.metrica.it\\\/fr\\\/?s={search_term_string}\"},\"query-input\":{\"@type\":\"PropertyValueSpecification\",\"valueRequired\":true,\"valueName\":\"search_term_string\"}}],\"inLanguage\":\"fr-FR\"}]}<\/script>","yoast_head_json":{"title":"METRICA GREEN","robots":{"index":"index","follow":"follow","max-snippet":"max-snippet:-1","max-image-preview":"max-image-preview:large","max-video-preview":"max-video-preview:-1"},"canonical":"https:\/\/www.metrica.it\/fr\/produit\/metrica-green\/","og_locale":"fr_FR","og_type":"article","og_title":"METRICA GREEN","og_description":"Laser vert pour une meilleure visibilit\u00e9Inclinom\u00e8tre num\u00e9rique, fiole \u00e9lectroniqueFonction de mesure continue, avec affichage permanent des valeurs max\/min4 fonctions de Pythagore (mesure indirecte)Distances, surfaces, volumesSomme et soustraction des distances, des surfaces et des volumesMinuterie de mesure, mise hors tension automatiqueD\u00e9lai de mesure qui peut \u00eatre fix\u00e9Fonction sonore : bip99 m\u00e9moiresPiles rechargeablesC\u00e2ble de rechargeFiletage 1\/4\" pour le raccordement du tr\u00e9piedAvec dragonne et pochette","og_url":"https:\/\/www.metrica.it\/fr\/produit\/metrica-green\/","og_site_name":"Metrica","article_modified_time":"2024-09-16T19:35:55+00:00","og_image":[{"width":1200,"height":1200,"url":"https:\/\/www.metrica.it\/wp-content\/uploads\/2024\/05\/61060_61100.jpg","type":"image\/jpeg"}],"twitter_card":"summary_large_image","schema":{"@context":"https:\/\/schema.org","@graph":[{"@type":"WebPage","@id":"https:\/\/www.metrica.it\/fr\/produit\/metrica-green\/","url":"https:\/\/www.metrica.it\/fr\/produit\/metrica-green\/","name":"METRICA GREEN","isPartOf":{"@id":"https:\/\/www.metrica.it\/fr\/#website"},"primaryImageOfPage":{"@id":"https:\/\/www.metrica.it\/fr\/produit\/metrica-green\/#primaryimage"},"image":{"@id":"https:\/\/www.metrica.it\/fr\/produit\/metrica-green\/#primaryimage"},"thumbnailUrl":"https:\/\/www.metrica.it\/wp-content\/uploads\/2024\/05\/61060_61100.jpg","datePublished":"2024-09-16T10:44:12+00:00","dateModified":"2024-09-16T19:35:55+00:00","breadcrumb":{"@id":"https:\/\/www.metrica.it\/fr\/produit\/metrica-green\/#breadcrumb"},"inLanguage":"fr-FR","potentialAction":[{"@type":"ReadAction","target":["https:\/\/www.metrica.it\/fr\/produit\/metrica-green\/"]}]},{"@type":"ImageObject","inLanguage":"fr-FR","@id":"https:\/\/www.metrica.it\/fr\/produit\/metrica-green\/#primaryimage","url":"https:\/\/www.metrica.it\/wp-content\/uploads\/2024\/05\/61060_61100.jpg","contentUrl":"https:\/\/www.metrica.it\/wp-content\/uploads\/2024\/05\/61060_61100.jpg","width":1200,"height":1200},{"@type":"BreadcrumbList","@id":"https:\/\/www.metrica.it\/fr\/produit\/metrica-green\/#breadcrumb","itemListElement":[{"@type":"ListItem","position":1,"name":"Home","item":"https:\/\/www.metrica.it\/fr\/"},{"@type":"ListItem","position":2,"name":"Catalogue","item":"https:\/\/www.metrica.it\/fr\/catalogue\/"},{"@type":"ListItem","position":3,"name":"Metrica Green"}]},{"@type":"WebSite","@id":"https:\/\/www.metrica.it\/fr\/#website","url":"https:\/\/www.metrica.it\/fr\/","name":"Metrica","description":"Made to measure","potentialAction":[{"@type":"SearchAction","target":{"@type":"EntryPoint","urlTemplate":"https:\/\/www.metrica.it\/fr\/?s={search_term_string}"},"query-input":{"@type":"PropertyValueSpecification","valueRequired":true,"valueName":"search_term_string"}}],"inLanguage":"fr-FR"}]}},"meta_box":{"awr_documentation":[{"filesize":5957947,"ID":"146379","name":"61060_61100.pdf","path":"\/var\/www\/html\/wp-content\/uploads\/2024\/09\/61060_61100.pdf","url":"https:\/\/www.metrica.it\/wp-content\/uploads\/2024\/09\/61060_61100.pdf","title":"61060_61100.pdf"}],"awr_manuale":[],"awr_scheda_tecnica":"<table>\n<tbody>\n<tr>\n<td><strong>Port\u00e9e R\u00e9f. . 61060*<\/strong><\/td>\n<td><span>jusqu'\u00e0 60 m<\/span><\/td>\n<\/tr>\n<tr>\n<td><strong>Port\u00e9e R\u00e9f. . 61100*<\/strong><\/td>\n<td>jusqu'\u00e0 100 m<\/td>\n<\/tr>\n<tr>\n<td><strong>Pr\u00e9cision<\/strong><\/td>\n<td><span>+ \/ - 20 mm + (5XD*<span>10<\/span><span>-5)<\/span><\/span><\/td>\n<\/tr>\n<tr>\n<td><strong>Type de laser<\/strong><\/td>\n<td>500-535\u00a0nm <\/td>\n<\/tr>\n<tr>\n<td><strong>Lettura:<\/strong>\u00a0<\/td>\n<td>1 mm<\/td>\n<\/tr>\n<tr>\n<td><strong>Classe laser<\/strong><\/td>\n<td>II<\/td>\n<\/tr>\n<tr>\n<td><strong>Indice de protection <\/strong><\/td>\n<td>IP 54<\/td>\n<\/tr>\n<tr>\n<td><strong>Temp\u00e9rature de fonctionnement <\/strong><\/td>\n<td>0\u00b0 C \/ 40\u00b0 C<\/td>\n<\/tr>\n<tr>\n<td><strong>Batterie<\/strong><\/td>\n<td>Li-Ion<\/td>\n<\/tr>\n<tr>\n<td><strong>Dimensions (mm)<\/strong><\/td>\n<td>118\u00a0x 52\u00a0x 27\u00a0<\/td>\n<\/tr>\n<tr>\n<td><strong>Poids (sans piles) <\/strong><\/td>\n<td>50\u00a0g<\/td>\n<\/tr>\n<tr>\n<td><strong>C\u00e2ble de recharge:<\/strong><\/td>\n<td>S\u00ec<\/td>\n<\/tr>\n<tr>\n<td><strong>Filetage pour raccord de tr\u00e9pied <\/strong><\/td>\n<td>1\/4\"<\/td>\n<\/tr>\n<\/tbody>\n<\/table>\n","awr_youtube_video":"","awr_classe_prodotto":"","awr_customize_product":"0","awr_custom_image":false,"awr_related_products":[{"awr_product_name":"Metrica Green","awr_product_references":"ref:61060|ean:8001066610600|l:0,05 &divide; 60 m|pack:1"},{"awr_product_name":"Metrica Green","awr_product_references":"ref:61100|ean:8001066611003|l:0,05 &divide; 100 m|pack:1"}],"awr_consumabili":"","awr_alternativi":"","awr_aliases":"61060,61100","awr_skuid":"61060-it"},"_links":{"self":[{"href":"https:\/\/www.metrica.it\/fr\/wp-json\/wp\/v2\/product\/142401","targetHints":{"allow":["GET"]}}],"collection":[{"href":"https:\/\/www.metrica.it\/fr\/wp-json\/wp\/v2\/product"}],"about":[{"href":"https:\/\/www.metrica.it\/fr\/wp-json\/wp\/v2\/types\/product"}],"wp:featuredmedia":[{"embeddable":true,"href":"https:\/\/www.metrica.it\/fr\/wp-json\/wp\/v2\/media\/125510"}],"wp:attachment":[{"href":"https:\/\/www.metrica.it\/fr\/wp-json\/wp\/v2\/media?parent=142401"}],"wp:term":[{"taxonomy":"product_cat","embeddable":true,"href":"https:\/\/www.metrica.it\/fr\/wp-json\/wp\/v2\/product_cat?post=142401"},{"taxonomy":"product_tag","embeddable":true,"href":"https:\/\/www.metrica.it\/fr\/wp-json\/wp\/v2\/product_tag?post=142401"}],"curies":[{"name":"wp","href":"https:\/\/api.w.org\/{rel}","templated":true}]}}