{"id":142431,"date":"2024-09-16T12:21:39","date_gmt":"2024-09-16T10:21:39","guid":{"rendered":"https:\/\/www.metrica.it\/prodotto\/trepied-grande-hauteur\/"},"modified":"2024-09-16T21:11:11","modified_gmt":"2024-09-16T19:11:11","slug":"trepied-grande-hauteur","status":"publish","type":"product","link":"https:\/\/www.metrica.it\/fr\/produit\/trepied-grande-hauteur\/","title":{"rendered":"Tr\u00e9pied &#8211; Grande Hauteur"},"content":{"rendered":"<ul>\n<li>\u00c9l\u00e9vation \u00e0 cr\u00e9maill\u00e8re<\/li>\n<li>Levier de verrouillage post\u00e9rieure et ressort de s\u00e9curit\u00e9 ant\u00e9rieure<\/li>\n<li>Tige t\u00e9lescopique<\/li>\n<li>Ouverture radiale, 3 branches de tenue<\/li>\n<li>Poign\u00e9e en caoutchouc<\/li>\n<li>Fiole de centrage<\/li>\n<li>Pieds \u00e0 visser en caoutchouc pour application int\u00e9rieures et \u00e0 pointe pour applications ext\u00e9rieures<\/li>\n<li>Blocage \u00e0 levier des pieds<\/li>\n<li>Sac de transport<\/li>\n<li>Vis 5\/8&Prime; plateau \u00d8 50 mm<\/li>\n<li>Poids: 4,8 Kg<\/li>\n<\/ul>\n","protected":false},"excerpt":{"rendered":"<p>\u00c9l\u00e9vation \u00e0 cr\u00e9maill\u00e8re<br \/>Levier de verrouillage post\u00e9rieure et ressort de s\u00e9curit\u00e9 ant\u00e9rieure<br \/>Tige t\u00e9lescopique<br \/>Ouverture radiale, 3 branches de tenue<br \/>Poign\u00e9e en caoutchouc<br \/>Fiole de centrage<br \/>Pieds \u00e0 visser en caoutchouc pour application int\u00e9rieures et \u00e0 pointe pour applications ext\u00e9rieures<br \/>Blocage \u00e0 levier des pieds<br \/>Sac de transport<br \/>Vis 5\/8&Prime;, plateau \u00d8 50 mm<br \/>Poids: 4,8 Kg<\/p>\n","protected":false},"featured_media":117868,"template":"","meta":[],"product_cat":[515,546],"product_tag":[],"class_list":{"0":"post-142431","1":"product","2":"type-product","3":"status-publish","4":"has-post-thumbnail","6":"product_cat-laser-et-cameras-thermiques","7":"product_cat-trepieds","9":"first","10":"instock","11":"sold-individually","12":"product-type-simple"},"yoast_head":"<title>Treppiede In Alluminio | Tr\u00e9pieds | Laser et Cam\u00e9ras Thermiques - Metrica<\/title>\n<meta name=\"description\" content=\"D\u00e9couvrez la collection de produits., Treppiede In Alluminio - Tr\u00e9pieds.Elevazione a cremagliera,Manovella con bloccaggio posteriore a leva e sistema frontale a molla di sicurezza,Asta telescopica . Consultez le catalogue sur le site officiel de Metrica\" \/>\n<meta name=\"robots\" content=\"index, follow, max-snippet:-1, max-image-preview:large, max-video-preview:-1\" \/>\n<link rel=\"canonical\" href=\"https:\/\/www.metrica.it\/fr\/produit\/trepied-grande-hauteur\/\" \/>\n<meta property=\"og:locale\" content=\"fr_FR\" \/>\n<meta property=\"og:type\" content=\"article\" \/>\n<meta property=\"og:title\" content=\"Treppiede In Alluminio | Tr\u00e9pieds | Laser et Cam\u00e9ras Thermiques - Metrica\" \/>\n<meta property=\"og:description\" content=\"D\u00e9couvrez la collection de produits., Treppiede In Alluminio - Tr\u00e9pieds.Elevazione a cremagliera,Manovella con bloccaggio posteriore a leva e sistema frontale a molla di sicurezza,Asta telescopica . Consultez le catalogue sur le site officiel de Metrica\" \/>\n<meta property=\"og:url\" content=\"https:\/\/www.metrica.it\/fr\/produit\/trepied-grande-hauteur\/\" \/>\n<meta property=\"og:site_name\" content=\"Metrica\" \/>\n<meta property=\"article:modified_time\" content=\"2024-09-16T19:11:11+00:00\" \/>\n<meta property=\"og:image\" content=\"https:\/\/www.metrica.it\/wp-content\/uploads\/2024\/05\/60586.jpg\" \/>\n\t<meta property=\"og:image:width\" content=\"800\" \/>\n\t<meta property=\"og:image:height\" content=\"800\" \/>\n\t<meta property=\"og:image:type\" content=\"image\/jpeg\" \/>\n<meta name=\"twitter:card\" content=\"summary_large_image\" \/>\n<script type=\"application\/ld+json\" class=\"yoast-schema-graph\">{\"@context\":\"https:\\\/\\\/schema.org\",\"@graph\":[{\"@type\":\"WebPage\",\"@id\":\"https:\\\/\\\/www.metrica.it\\\/fr\\\/produit\\\/trepied-grande-hauteur\\\/\",\"url\":\"https:\\\/\\\/www.metrica.it\\\/fr\\\/produit\\\/trepied-grande-hauteur\\\/\",\"name\":\"Treppiede In Alluminio | Tr\u00e9pieds | Laser et Cam\u00e9ras Thermiques - Metrica\",\"isPartOf\":{\"@id\":\"https:\\\/\\\/www.metrica.it\\\/fr\\\/#website\"},\"primaryImageOfPage\":{\"@id\":\"https:\\\/\\\/www.metrica.it\\\/fr\\\/produit\\\/trepied-grande-hauteur\\\/#primaryimage\"},\"image\":{\"@id\":\"https:\\\/\\\/www.metrica.it\\\/fr\\\/produit\\\/trepied-grande-hauteur\\\/#primaryimage\"},\"thumbnailUrl\":\"https:\\\/\\\/www.metrica.it\\\/wp-content\\\/uploads\\\/2024\\\/05\\\/60586.jpg\",\"datePublished\":\"2024-09-16T10:21:39+00:00\",\"dateModified\":\"2024-09-16T19:11:11+00:00\",\"description\":\"D\u00e9couvrez la collection de produits., Treppiede In Alluminio - Tr\u00e9pieds.Elevazione a cremagliera,Manovella con bloccaggio posteriore a leva e sistema frontale a molla di sicurezza,Asta telescopica . Consultez le catalogue sur le site officiel de Metrica\",\"breadcrumb\":{\"@id\":\"https:\\\/\\\/www.metrica.it\\\/fr\\\/produit\\\/trepied-grande-hauteur\\\/#breadcrumb\"},\"inLanguage\":\"fr-FR\",\"potentialAction\":[{\"@type\":\"ReadAction\",\"target\":[\"https:\\\/\\\/www.metrica.it\\\/fr\\\/produit\\\/trepied-grande-hauteur\\\/\"]}]},{\"@type\":\"ImageObject\",\"inLanguage\":\"fr-FR\",\"@id\":\"https:\\\/\\\/www.metrica.it\\\/fr\\\/produit\\\/trepied-grande-hauteur\\\/#primaryimage\",\"url\":\"https:\\\/\\\/www.metrica.it\\\/wp-content\\\/uploads\\\/2024\\\/05\\\/60586.jpg\",\"contentUrl\":\"https:\\\/\\\/www.metrica.it\\\/wp-content\\\/uploads\\\/2024\\\/05\\\/60586.jpg\",\"width\":800,\"height\":800},{\"@type\":\"BreadcrumbList\",\"@id\":\"https:\\\/\\\/www.metrica.it\\\/fr\\\/produit\\\/trepied-grande-hauteur\\\/#breadcrumb\",\"itemListElement\":[{\"@type\":\"ListItem\",\"position\":1,\"name\":\"Home\",\"item\":\"https:\\\/\\\/www.metrica.it\\\/fr\\\/\"},{\"@type\":\"ListItem\",\"position\":2,\"name\":\"Catalogue\",\"item\":\"https:\\\/\\\/www.metrica.it\\\/fr\\\/catalogue\\\/\"},{\"@type\":\"ListItem\",\"position\":3,\"name\":\"Tr\u00e9pied &#8211; Grande Hauteur\"}]},{\"@type\":\"WebSite\",\"@id\":\"https:\\\/\\\/www.metrica.it\\\/fr\\\/#website\",\"url\":\"https:\\\/\\\/www.metrica.it\\\/fr\\\/\",\"name\":\"Metrica\",\"description\":\"Made to measure\",\"potentialAction\":[{\"@type\":\"SearchAction\",\"target\":{\"@type\":\"EntryPoint\",\"urlTemplate\":\"https:\\\/\\\/www.metrica.it\\\/fr\\\/?s={search_term_string}\"},\"query-input\":{\"@type\":\"PropertyValueSpecification\",\"valueRequired\":true,\"valueName\":\"search_term_string\"}}],\"inLanguage\":\"fr-FR\"}]}<\/script>","yoast_head_json":{"title":"Treppiede In Alluminio | Tr\u00e9pieds | Laser et Cam\u00e9ras Thermiques - Metrica","description":"D\u00e9couvrez la collection de produits., Treppiede In Alluminio - Tr\u00e9pieds.Elevazione a cremagliera,Manovella con bloccaggio posteriore a leva e sistema frontale a molla di sicurezza,Asta telescopica . Consultez le catalogue sur le site officiel de Metrica","robots":{"index":"index","follow":"follow","max-snippet":"max-snippet:-1","max-image-preview":"max-image-preview:large","max-video-preview":"max-video-preview:-1"},"canonical":"https:\/\/www.metrica.it\/fr\/produit\/trepied-grande-hauteur\/","og_locale":"fr_FR","og_type":"article","og_title":"Treppiede In Alluminio | Tr\u00e9pieds | Laser et Cam\u00e9ras Thermiques - Metrica","og_description":"D\u00e9couvrez la collection de produits., Treppiede In Alluminio - Tr\u00e9pieds.Elevazione a cremagliera,Manovella con bloccaggio posteriore a leva e sistema frontale a molla di sicurezza,Asta telescopica . Consultez le catalogue sur le site officiel de Metrica","og_url":"https:\/\/www.metrica.it\/fr\/produit\/trepied-grande-hauteur\/","og_site_name":"Metrica","article_modified_time":"2024-09-16T19:11:11+00:00","og_image":[{"width":800,"height":800,"url":"https:\/\/www.metrica.it\/wp-content\/uploads\/2024\/05\/60586.jpg","type":"image\/jpeg"}],"twitter_card":"summary_large_image","schema":{"@context":"https:\/\/schema.org","@graph":[{"@type":"WebPage","@id":"https:\/\/www.metrica.it\/fr\/produit\/trepied-grande-hauteur\/","url":"https:\/\/www.metrica.it\/fr\/produit\/trepied-grande-hauteur\/","name":"Treppiede In Alluminio | Tr\u00e9pieds | Laser et Cam\u00e9ras Thermiques - Metrica","isPartOf":{"@id":"https:\/\/www.metrica.it\/fr\/#website"},"primaryImageOfPage":{"@id":"https:\/\/www.metrica.it\/fr\/produit\/trepied-grande-hauteur\/#primaryimage"},"image":{"@id":"https:\/\/www.metrica.it\/fr\/produit\/trepied-grande-hauteur\/#primaryimage"},"thumbnailUrl":"https:\/\/www.metrica.it\/wp-content\/uploads\/2024\/05\/60586.jpg","datePublished":"2024-09-16T10:21:39+00:00","dateModified":"2024-09-16T19:11:11+00:00","description":"D\u00e9couvrez la collection de produits., Treppiede In Alluminio - Tr\u00e9pieds.Elevazione a cremagliera,Manovella con bloccaggio posteriore a leva e sistema frontale a molla di sicurezza,Asta telescopica . Consultez le catalogue sur le site officiel de Metrica","breadcrumb":{"@id":"https:\/\/www.metrica.it\/fr\/produit\/trepied-grande-hauteur\/#breadcrumb"},"inLanguage":"fr-FR","potentialAction":[{"@type":"ReadAction","target":["https:\/\/www.metrica.it\/fr\/produit\/trepied-grande-hauteur\/"]}]},{"@type":"ImageObject","inLanguage":"fr-FR","@id":"https:\/\/www.metrica.it\/fr\/produit\/trepied-grande-hauteur\/#primaryimage","url":"https:\/\/www.metrica.it\/wp-content\/uploads\/2024\/05\/60586.jpg","contentUrl":"https:\/\/www.metrica.it\/wp-content\/uploads\/2024\/05\/60586.jpg","width":800,"height":800},{"@type":"BreadcrumbList","@id":"https:\/\/www.metrica.it\/fr\/produit\/trepied-grande-hauteur\/#breadcrumb","itemListElement":[{"@type":"ListItem","position":1,"name":"Home","item":"https:\/\/www.metrica.it\/fr\/"},{"@type":"ListItem","position":2,"name":"Catalogue","item":"https:\/\/www.metrica.it\/fr\/catalogue\/"},{"@type":"ListItem","position":3,"name":"Tr\u00e9pied &#8211; Grande Hauteur"}]},{"@type":"WebSite","@id":"https:\/\/www.metrica.it\/fr\/#website","url":"https:\/\/www.metrica.it\/fr\/","name":"Metrica","description":"Made to measure","potentialAction":[{"@type":"SearchAction","target":{"@type":"EntryPoint","urlTemplate":"https:\/\/www.metrica.it\/fr\/?s={search_term_string}"},"query-input":{"@type":"PropertyValueSpecification","valueRequired":true,"valueName":"search_term_string"}}],"inLanguage":"fr-FR"}]}},"meta_box":{"awr_documentation":[],"awr_manuale":[],"awr_scheda_tecnica":"","awr_youtube_video":"","awr_classe_prodotto":"","awr_customize_product":"0","awr_custom_image":false,"awr_related_products":[{"awr_product_name":"Treppiede In Alluminio","awr_product_references":"ref:60586|ean:8001066605866|l:90 \u00f7 290 cm|pack:1"}],"awr_consumabili":"","awr_alternativi":"","awr_aliases":"60586","awr_skuid":"60586-it"},"_links":{"self":[{"href":"https:\/\/www.metrica.it\/fr\/wp-json\/wp\/v2\/product\/142431","targetHints":{"allow":["GET"]}}],"collection":[{"href":"https:\/\/www.metrica.it\/fr\/wp-json\/wp\/v2\/product"}],"about":[{"href":"https:\/\/www.metrica.it\/fr\/wp-json\/wp\/v2\/types\/product"}],"wp:featuredmedia":[{"embeddable":true,"href":"https:\/\/www.metrica.it\/fr\/wp-json\/wp\/v2\/media\/117868"}],"wp:attachment":[{"href":"https:\/\/www.metrica.it\/fr\/wp-json\/wp\/v2\/media?parent=142431"}],"wp:term":[{"taxonomy":"product_cat","embeddable":true,"href":"https:\/\/www.metrica.it\/fr\/wp-json\/wp\/v2\/product_cat?post=142431"},{"taxonomy":"product_tag","embeddable":true,"href":"https:\/\/www.metrica.it\/fr\/wp-json\/wp\/v2\/product_tag?post=142431"}],"curies":[{"name":"wp","href":"https:\/\/api.w.org\/{rel}","templated":true}]}}