{"id":142436,"date":"2024-09-16T12:52:18","date_gmt":"2024-09-16T10:52:18","guid":{"rendered":"https:\/\/www.metrica.it\/prodotto\/metrica-flash-100-metres-target-camera\/"},"modified":"2024-09-16T21:44:27","modified_gmt":"2024-09-16T19:44:27","slug":"metrica-flash-100-metres-target-camera","status":"publish","type":"product","link":"https:\/\/www.metrica.it\/fr\/produit\/metrica-flash-100-metres-target-camera\/","title":{"rendered":"Metrica Flash 100 M\u00e8tres Target Camera"},"content":{"rendered":"<ul>\n<li><span>Cam\u00e9ra cible, viseur de l\u2019appareil photo pour afficher l\u2019emplacement o\u00f9 vous mesurez<br \/><\/span><\/li>\n<li><span>Double inclinom\u00e8tre (horizontal et vertical)<br \/><\/span><\/li>\n<li><span>Fiole \u00e9lectronique<br \/><\/span><\/li>\n<li><span>Fonction de mesure en continue, avec les valeurs max\/min toujours affich\u00e9s<br \/><\/span><\/li>\n<li><span>6 fonctions de Pythagore<br \/><\/span><\/li>\n<li><span>Tra\u00e7age guid\u00e9 (Tracking)<br \/><\/span><\/li>\n<li><span>Distances, surfaces, volumes<br \/><\/span><\/li>\n<li><span>Addition et soustraction des distances, de surfaces et de volumes<br \/><\/span><\/li>\n<li><span>\u00c9querre pour diagonales<br \/><\/span><\/li>\n<li><span>Minuterie de mesure, mise hors tension automatique<br \/><\/span><\/li>\n<li><span>Retard dans la mesure r\u00e9glable<br \/><\/span><\/li>\n<li><span>Fonction sonore<br \/><\/span><\/li>\n<li><span>100 m\u00e9moires<br \/><\/span><\/li>\n<li><span>Connexion C\u00e2ble PC\/charge<br \/><\/span><\/li>\n<li><span>Piles rechargeables<br \/><\/span><\/li>\n<li><span>Filetage pour tr\u00e9pied 1\/4\u201d<br \/><\/span><\/li>\n<li><span>Avec dragonne et \u00e9tui<\/span><\/li>\n<\/ul>\n","protected":false},"excerpt":{"rendered":"<p><span>Cam\u00e9ra cible, viseur de l\u2019appareil photo pour afficher l\u2019emplacement o\u00f9 vous mesurez<br \/><\/span><\/p>\n<p><span>Double inclinom\u00e8tre (horizontal et vertical)<br \/><\/span><\/p>\n<p><span>Fiole \u00e9lectronique<br \/><\/span><\/p>\n<p><span>Fonction de mesure en continue, avec les valeurs max\/min toujours affich\u00e9s<br \/><\/span><\/p>\n<p><span>6 fonctions de Pythagore<br \/><\/span><\/p>\n<p><span>Tra\u00e7age guid\u00e9 (Tracking)<br \/><\/span><\/p>\n<p><span>Distances, surfaces, volumes<br \/><\/span><\/p>\n<p><span>Addition et soustraction des distances, de surfaces et de volumes<br \/><\/span><\/p>\n<p><span>\u00c9querre pour diagonales<br \/><\/span><\/p>\n<p><span>Minuterie de mesure, mise hors tension automatique<br \/><\/span><\/p>\n<p><span>Retard dans la mesure r\u00e9glable<br \/><\/span><\/p>\n<p><span>Fonction sonore<br \/><\/span><\/p>\n<p><span>100 m\u00e9moires<br \/><\/span><\/p>\n<p><span>Connexion C\u00e2ble PC\/charge<br \/><\/span><\/p>\n<p><span>Piles rechargeables<br \/><\/span><\/p>\n<p><span>Filetage pour tr\u00e9pied 1\/4\u201d<br \/><\/span><\/p>\n<p><span>Avec dragonne et \u00e9tui<\/span><\/p>\n","protected":false},"featured_media":126171,"template":"","meta":[],"product_cat":[526,515],"product_tag":[],"class_list":{"0":"post-142436","1":"product","2":"type-product","3":"status-publish","4":"has-post-thumbnail","6":"product_cat-distancemetres-laser","7":"product_cat-laser-et-cameras-thermiques","9":"first","10":"instock","11":"sold-individually","12":"product-type-simple"},"yoast_head":"<title>Metrica Flash 80 Metri Target Camera | Distancem\u00e8tres Laser | Laser et Cam\u00e9ras Thermiques - Metrica<\/title>\n<meta name=\"description\" content=\"D\u00e9couvrez la collection de produits., Metrica Flash 80 Metri Target Camera - Distancem\u00e8tres Laser.Target camera, telecamera con mirino per visualizzare il punto dove si sta misurando,Doppio inclin . Consultez le catalogue sur le site officiel de Metrica\" \/>\n<meta name=\"robots\" content=\"index, follow, max-snippet:-1, max-image-preview:large, max-video-preview:-1\" \/>\n<link rel=\"canonical\" href=\"https:\/\/www.metrica.it\/fr\/produit\/metrica-flash-100-metres-target-camera\/\" \/>\n<meta property=\"og:locale\" content=\"fr_FR\" \/>\n<meta property=\"og:type\" content=\"article\" \/>\n<meta property=\"og:title\" content=\"Metrica Flash 80 Metri Target Camera | Distancem\u00e8tres Laser | Laser et Cam\u00e9ras Thermiques - Metrica\" \/>\n<meta property=\"og:description\" content=\"D\u00e9couvrez la collection de produits., Metrica Flash 80 Metri Target Camera - Distancem\u00e8tres Laser.Target camera, telecamera con mirino per visualizzare il punto dove si sta misurando,Doppio inclin . Consultez le catalogue sur le site officiel de Metrica\" \/>\n<meta property=\"og:url\" content=\"https:\/\/www.metrica.it\/fr\/produit\/metrica-flash-100-metres-target-camera\/\" \/>\n<meta property=\"og:site_name\" content=\"Metrica\" \/>\n<meta property=\"article:modified_time\" content=\"2024-09-16T19:44:27+00:00\" \/>\n<meta property=\"og:image\" content=\"https:\/\/www.metrica.it\/wp-content\/uploads\/2024\/06\/61186.jpg\" \/>\n\t<meta property=\"og:image:width\" content=\"1200\" \/>\n\t<meta property=\"og:image:height\" content=\"1200\" \/>\n\t<meta property=\"og:image:type\" content=\"image\/jpeg\" \/>\n<meta name=\"twitter:card\" content=\"summary_large_image\" \/>\n<script type=\"application\/ld+json\" class=\"yoast-schema-graph\">{\"@context\":\"https:\\\/\\\/schema.org\",\"@graph\":[{\"@type\":\"WebPage\",\"@id\":\"https:\\\/\\\/www.metrica.it\\\/fr\\\/produit\\\/metrica-flash-100-metres-target-camera\\\/\",\"url\":\"https:\\\/\\\/www.metrica.it\\\/fr\\\/produit\\\/metrica-flash-100-metres-target-camera\\\/\",\"name\":\"Metrica Flash 80 Metri Target Camera | Distancem\u00e8tres Laser | Laser et Cam\u00e9ras Thermiques - Metrica\",\"isPartOf\":{\"@id\":\"https:\\\/\\\/www.metrica.it\\\/fr\\\/#website\"},\"primaryImageOfPage\":{\"@id\":\"https:\\\/\\\/www.metrica.it\\\/fr\\\/produit\\\/metrica-flash-100-metres-target-camera\\\/#primaryimage\"},\"image\":{\"@id\":\"https:\\\/\\\/www.metrica.it\\\/fr\\\/produit\\\/metrica-flash-100-metres-target-camera\\\/#primaryimage\"},\"thumbnailUrl\":\"https:\\\/\\\/www.metrica.it\\\/wp-content\\\/uploads\\\/2024\\\/06\\\/61186.jpg\",\"datePublished\":\"2024-09-16T10:52:18+00:00\",\"dateModified\":\"2024-09-16T19:44:27+00:00\",\"description\":\"D\u00e9couvrez la collection de produits., Metrica Flash 80 Metri Target Camera - Distancem\u00e8tres Laser.Target camera, telecamera con mirino per visualizzare il punto dove si sta misurando,Doppio inclin . Consultez le catalogue sur le site officiel de Metrica\",\"breadcrumb\":{\"@id\":\"https:\\\/\\\/www.metrica.it\\\/fr\\\/produit\\\/metrica-flash-100-metres-target-camera\\\/#breadcrumb\"},\"inLanguage\":\"fr-FR\",\"potentialAction\":[{\"@type\":\"ReadAction\",\"target\":[\"https:\\\/\\\/www.metrica.it\\\/fr\\\/produit\\\/metrica-flash-100-metres-target-camera\\\/\"]}]},{\"@type\":\"ImageObject\",\"inLanguage\":\"fr-FR\",\"@id\":\"https:\\\/\\\/www.metrica.it\\\/fr\\\/produit\\\/metrica-flash-100-metres-target-camera\\\/#primaryimage\",\"url\":\"https:\\\/\\\/www.metrica.it\\\/wp-content\\\/uploads\\\/2024\\\/06\\\/61186.jpg\",\"contentUrl\":\"https:\\\/\\\/www.metrica.it\\\/wp-content\\\/uploads\\\/2024\\\/06\\\/61186.jpg\",\"width\":1200,\"height\":1200},{\"@type\":\"BreadcrumbList\",\"@id\":\"https:\\\/\\\/www.metrica.it\\\/fr\\\/produit\\\/metrica-flash-100-metres-target-camera\\\/#breadcrumb\",\"itemListElement\":[{\"@type\":\"ListItem\",\"position\":1,\"name\":\"Home\",\"item\":\"https:\\\/\\\/www.metrica.it\\\/fr\\\/\"},{\"@type\":\"ListItem\",\"position\":2,\"name\":\"Catalogue\",\"item\":\"https:\\\/\\\/www.metrica.it\\\/fr\\\/catalogue\\\/\"},{\"@type\":\"ListItem\",\"position\":3,\"name\":\"Metrica Flash 100 M\u00e8tres Target Camera\"}]},{\"@type\":\"WebSite\",\"@id\":\"https:\\\/\\\/www.metrica.it\\\/fr\\\/#website\",\"url\":\"https:\\\/\\\/www.metrica.it\\\/fr\\\/\",\"name\":\"Metrica\",\"description\":\"Made to measure\",\"potentialAction\":[{\"@type\":\"SearchAction\",\"target\":{\"@type\":\"EntryPoint\",\"urlTemplate\":\"https:\\\/\\\/www.metrica.it\\\/fr\\\/?s={search_term_string}\"},\"query-input\":{\"@type\":\"PropertyValueSpecification\",\"valueRequired\":true,\"valueName\":\"search_term_string\"}}],\"inLanguage\":\"fr-FR\"}]}<\/script>","yoast_head_json":{"title":"Metrica Flash 80 Metri Target Camera | Distancem\u00e8tres Laser | Laser et Cam\u00e9ras Thermiques - Metrica","description":"D\u00e9couvrez la collection de produits., Metrica Flash 80 Metri Target Camera - Distancem\u00e8tres Laser.Target camera, telecamera con mirino per visualizzare il punto dove si sta misurando,Doppio inclin . Consultez le catalogue sur le site officiel de Metrica","robots":{"index":"index","follow":"follow","max-snippet":"max-snippet:-1","max-image-preview":"max-image-preview:large","max-video-preview":"max-video-preview:-1"},"canonical":"https:\/\/www.metrica.it\/fr\/produit\/metrica-flash-100-metres-target-camera\/","og_locale":"fr_FR","og_type":"article","og_title":"Metrica Flash 80 Metri Target Camera | Distancem\u00e8tres Laser | Laser et Cam\u00e9ras Thermiques - Metrica","og_description":"D\u00e9couvrez la collection de produits., Metrica Flash 80 Metri Target Camera - Distancem\u00e8tres Laser.Target camera, telecamera con mirino per visualizzare il punto dove si sta misurando,Doppio inclin . Consultez le catalogue sur le site officiel de Metrica","og_url":"https:\/\/www.metrica.it\/fr\/produit\/metrica-flash-100-metres-target-camera\/","og_site_name":"Metrica","article_modified_time":"2024-09-16T19:44:27+00:00","og_image":[{"width":1200,"height":1200,"url":"https:\/\/www.metrica.it\/wp-content\/uploads\/2024\/06\/61186.jpg","type":"image\/jpeg"}],"twitter_card":"summary_large_image","schema":{"@context":"https:\/\/schema.org","@graph":[{"@type":"WebPage","@id":"https:\/\/www.metrica.it\/fr\/produit\/metrica-flash-100-metres-target-camera\/","url":"https:\/\/www.metrica.it\/fr\/produit\/metrica-flash-100-metres-target-camera\/","name":"Metrica Flash 80 Metri Target Camera | Distancem\u00e8tres Laser | Laser et Cam\u00e9ras Thermiques - Metrica","isPartOf":{"@id":"https:\/\/www.metrica.it\/fr\/#website"},"primaryImageOfPage":{"@id":"https:\/\/www.metrica.it\/fr\/produit\/metrica-flash-100-metres-target-camera\/#primaryimage"},"image":{"@id":"https:\/\/www.metrica.it\/fr\/produit\/metrica-flash-100-metres-target-camera\/#primaryimage"},"thumbnailUrl":"https:\/\/www.metrica.it\/wp-content\/uploads\/2024\/06\/61186.jpg","datePublished":"2024-09-16T10:52:18+00:00","dateModified":"2024-09-16T19:44:27+00:00","description":"D\u00e9couvrez la collection de produits., Metrica Flash 80 Metri Target Camera - Distancem\u00e8tres Laser.Target camera, telecamera con mirino per visualizzare il punto dove si sta misurando,Doppio inclin . Consultez le catalogue sur le site officiel de Metrica","breadcrumb":{"@id":"https:\/\/www.metrica.it\/fr\/produit\/metrica-flash-100-metres-target-camera\/#breadcrumb"},"inLanguage":"fr-FR","potentialAction":[{"@type":"ReadAction","target":["https:\/\/www.metrica.it\/fr\/produit\/metrica-flash-100-metres-target-camera\/"]}]},{"@type":"ImageObject","inLanguage":"fr-FR","@id":"https:\/\/www.metrica.it\/fr\/produit\/metrica-flash-100-metres-target-camera\/#primaryimage","url":"https:\/\/www.metrica.it\/wp-content\/uploads\/2024\/06\/61186.jpg","contentUrl":"https:\/\/www.metrica.it\/wp-content\/uploads\/2024\/06\/61186.jpg","width":1200,"height":1200},{"@type":"BreadcrumbList","@id":"https:\/\/www.metrica.it\/fr\/produit\/metrica-flash-100-metres-target-camera\/#breadcrumb","itemListElement":[{"@type":"ListItem","position":1,"name":"Home","item":"https:\/\/www.metrica.it\/fr\/"},{"@type":"ListItem","position":2,"name":"Catalogue","item":"https:\/\/www.metrica.it\/fr\/catalogue\/"},{"@type":"ListItem","position":3,"name":"Metrica Flash 100 M\u00e8tres Target Camera"}]},{"@type":"WebSite","@id":"https:\/\/www.metrica.it\/fr\/#website","url":"https:\/\/www.metrica.it\/fr\/","name":"Metrica","description":"Made to measure","potentialAction":[{"@type":"SearchAction","target":{"@type":"EntryPoint","urlTemplate":"https:\/\/www.metrica.it\/fr\/?s={search_term_string}"},"query-input":{"@type":"PropertyValueSpecification","valueRequired":true,"valueName":"search_term_string"}}],"inLanguage":"fr-FR"}]}},"meta_box":{"awr_documentation":[{"filesize":2187359,"ID":"146389","name":"61185.pdf","path":"\/var\/www\/html\/wp-content\/uploads\/2024\/09\/61185.pdf","url":"https:\/\/www.metrica.it\/wp-content\/uploads\/2024\/09\/61185.pdf","title":"61185.pdf"}],"awr_manuale":[{"filesize":4239204,"ID":"146390","name":"Connection_software_Download.rar","path":"\/var\/www\/html\/wp-content\/uploads\/2024\/09\/Connection_software_Download.rar","url":"https:\/\/www.metrica.it\/wp-content\/uploads\/2024\/09\/Connection_software_Download.rar","title":"Connection_software_Download.rar"}],"awr_scheda_tecnica":"<table>\n<tbody>\n<tr>\n<td><strong>Port\u00e9e *<\/strong><\/td>\n<td>100 m<\/td>\n<\/tr>\n<tr>\n<td><strong>Pr\u00e9cision<\/strong><\/td>\n<td>+ \/ - 20 mm<\/td>\n<\/tr>\n<tr>\n<td><strong>Mesure d\u2019angle<\/strong><\/td>\n<td>\u00b1 90\u00b0<\/td>\n<\/tr>\n<tr>\n<td><strong>Dur\u00e9e des piles<\/strong><\/td>\n<td>30.000 mesures simples<\/td>\n<\/tr>\n<tr>\n<td><strong>Type laser<\/strong><\/td>\n<td>635 nm <\/td>\n<\/tr>\n<tr>\n<td><strong>Classe laser<\/strong><\/td>\n<td>classe II<\/td>\n<\/tr>\n<tr>\n<td><strong>Indice de protection<\/strong><\/td>\n<td>IP 54<\/td>\n<\/tr>\n<tr>\n<td><strong>Temp\u00e9rature de fonctionnement<\/strong><\/td>\n<td>0\u00b0 C \/ 40\u00b0 C<\/td>\n<\/tr>\n<tr>\n<td><strong>Piles<\/strong><\/td>\n<td>NiMh 3X1.2V 800mAh<\/td>\n<\/tr>\n<tr>\n<td><strong>Dimensions (mm)<\/strong><\/td>\n<td>130 x 56 x 29\u00a0<\/td>\n<\/tr>\n<tr>\n<td><strong>Poids (sans piles)<\/strong><\/td>\n<td>130 g<\/td>\n<\/tr>\n<tr>\n<td><strong>Filetage pour tr\u00e9pied<\/strong><\/td>\n<td>1\/4\"<\/td>\n<\/tr>\n<\/tbody>\n<\/table>\n","awr_youtube_video":"","awr_classe_prodotto":"","awr_customize_product":"0","awr_custom_image":false,"awr_related_products":[{"awr_product_name":"Metrica Flash 100 Metri Target Camera","awr_product_references":"ref:61186|ean:8001066611867|l:0,05 &divide; 100 m|pack:1"}],"awr_consumabili":"","awr_alternativi":"","awr_aliases":"61186","awr_skuid":"61185-it"},"_links":{"self":[{"href":"https:\/\/www.metrica.it\/fr\/wp-json\/wp\/v2\/product\/142436","targetHints":{"allow":["GET"]}}],"collection":[{"href":"https:\/\/www.metrica.it\/fr\/wp-json\/wp\/v2\/product"}],"about":[{"href":"https:\/\/www.metrica.it\/fr\/wp-json\/wp\/v2\/types\/product"}],"wp:featuredmedia":[{"embeddable":true,"href":"https:\/\/www.metrica.it\/fr\/wp-json\/wp\/v2\/media\/126171"}],"wp:attachment":[{"href":"https:\/\/www.metrica.it\/fr\/wp-json\/wp\/v2\/media?parent=142436"}],"wp:term":[{"taxonomy":"product_cat","embeddable":true,"href":"https:\/\/www.metrica.it\/fr\/wp-json\/wp\/v2\/product_cat?post=142436"},{"taxonomy":"product_tag","embeddable":true,"href":"https:\/\/www.metrica.it\/fr\/wp-json\/wp\/v2\/product_tag?post=142436"}],"curies":[{"name":"wp","href":"https:\/\/api.w.org\/{rel}","templated":true}]}}