{"id":142561,"date":"2024-09-16T12:48:25","date_gmt":"2024-09-16T10:48:25","guid":{"rendered":"https:\/\/www.metrica.it\/prodotto\/niveau-lineaire-de-precision\/"},"modified":"2024-09-16T21:40:34","modified_gmt":"2024-09-16T19:40:34","slug":"niveau-lineaire-de-precision","status":"publish","type":"product","link":"https:\/\/www.metrica.it\/fr\/produit\/niveau-lineaire-de-precision\/","title":{"rendered":"Niveau Lin\u00e9aire De Pr\u00e9cision"},"content":{"rendered":"<ul>\n<li>En fonte<\/li>\n<li>2 fioles<\/li>\n<li>Base prismatique<\/li>\n<li>Coffret en bois<\/li>\n<\/ul>\n","protected":false},"excerpt":{"rendered":"<p>En fonte<br \/>2 fioles<br \/>Base prismatique<br \/>Coffret en bois<\/p>\n","protected":false},"featured_media":131559,"template":"","meta":[],"product_cat":[550,570],"product_tag":[],"class_list":{"0":"post-142561","1":"product","2":"type-product","3":"status-publish","4":"has-post-thumbnail","6":"product_cat-niveaux","7":"product_cat-niveaux-de-precision","9":"first","10":"instock","11":"sold-individually","12":"product-type-simple"},"yoast_head":"<title>Livella Lineare Di Precisione In Ghisa | Niveaux De Pr\u00e9cision | Niveaux - Metrica<\/title>\n<meta name=\"description\" content=\"D\u00e9couvrez la collection de produits., Livella Lineare Di Precisione In Ghisa - Niveaux De Pr\u00e9cision.In ghisa,2 fiale,Base prismatica . Consultez le catalogue sur le site officiel de Metrica\" \/>\n<meta name=\"robots\" content=\"index, follow, max-snippet:-1, max-image-preview:large, max-video-preview:-1\" \/>\n<link rel=\"canonical\" href=\"https:\/\/www.metrica.it\/fr\/produit\/niveau-lineaire-de-precision\/\" \/>\n<meta property=\"og:locale\" content=\"fr_FR\" \/>\n<meta property=\"og:type\" content=\"article\" \/>\n<meta property=\"og:title\" content=\"Livella Lineare Di Precisione In Ghisa | Niveaux De Pr\u00e9cision | Niveaux - Metrica\" \/>\n<meta property=\"og:description\" content=\"D\u00e9couvrez la collection de produits., Livella Lineare Di Precisione In Ghisa - Niveaux De Pr\u00e9cision.In ghisa,2 fiale,Base prismatica . Consultez le catalogue sur le site officiel de Metrica\" \/>\n<meta property=\"og:url\" content=\"https:\/\/www.metrica.it\/fr\/produit\/niveau-lineaire-de-precision\/\" \/>\n<meta property=\"og:site_name\" content=\"Metrica\" \/>\n<meta property=\"article:modified_time\" content=\"2024-09-16T19:40:34+00:00\" \/>\n<meta property=\"og:image\" content=\"https:\/\/www.metrica.it\/wp-content\/uploads\/2024\/06\/30010.jpg\" \/>\n\t<meta property=\"og:image:width\" content=\"800\" \/>\n\t<meta property=\"og:image:height\" content=\"800\" \/>\n\t<meta property=\"og:image:type\" content=\"image\/jpeg\" \/>\n<meta name=\"twitter:card\" content=\"summary_large_image\" \/>\n<script type=\"application\/ld+json\" class=\"yoast-schema-graph\">{\"@context\":\"https:\\\/\\\/schema.org\",\"@graph\":[{\"@type\":\"WebPage\",\"@id\":\"https:\\\/\\\/www.metrica.it\\\/fr\\\/produit\\\/niveau-lineaire-de-precision\\\/\",\"url\":\"https:\\\/\\\/www.metrica.it\\\/fr\\\/produit\\\/niveau-lineaire-de-precision\\\/\",\"name\":\"Livella Lineare Di Precisione In Ghisa | Niveaux De Pr\u00e9cision | Niveaux - Metrica\",\"isPartOf\":{\"@id\":\"https:\\\/\\\/www.metrica.it\\\/fr\\\/#website\"},\"primaryImageOfPage\":{\"@id\":\"https:\\\/\\\/www.metrica.it\\\/fr\\\/produit\\\/niveau-lineaire-de-precision\\\/#primaryimage\"},\"image\":{\"@id\":\"https:\\\/\\\/www.metrica.it\\\/fr\\\/produit\\\/niveau-lineaire-de-precision\\\/#primaryimage\"},\"thumbnailUrl\":\"https:\\\/\\\/www.metrica.it\\\/wp-content\\\/uploads\\\/2024\\\/06\\\/30010.jpg\",\"datePublished\":\"2024-09-16T10:48:25+00:00\",\"dateModified\":\"2024-09-16T19:40:34+00:00\",\"description\":\"D\u00e9couvrez la collection de produits., Livella Lineare Di Precisione In Ghisa - Niveaux De Pr\u00e9cision.In ghisa,2 fiale,Base prismatica . Consultez le catalogue sur le site officiel de Metrica\",\"breadcrumb\":{\"@id\":\"https:\\\/\\\/www.metrica.it\\\/fr\\\/produit\\\/niveau-lineaire-de-precision\\\/#breadcrumb\"},\"inLanguage\":\"fr-FR\",\"potentialAction\":[{\"@type\":\"ReadAction\",\"target\":[\"https:\\\/\\\/www.metrica.it\\\/fr\\\/produit\\\/niveau-lineaire-de-precision\\\/\"]}]},{\"@type\":\"ImageObject\",\"inLanguage\":\"fr-FR\",\"@id\":\"https:\\\/\\\/www.metrica.it\\\/fr\\\/produit\\\/niveau-lineaire-de-precision\\\/#primaryimage\",\"url\":\"https:\\\/\\\/www.metrica.it\\\/wp-content\\\/uploads\\\/2024\\\/06\\\/30010.jpg\",\"contentUrl\":\"https:\\\/\\\/www.metrica.it\\\/wp-content\\\/uploads\\\/2024\\\/06\\\/30010.jpg\",\"width\":800,\"height\":800},{\"@type\":\"BreadcrumbList\",\"@id\":\"https:\\\/\\\/www.metrica.it\\\/fr\\\/produit\\\/niveau-lineaire-de-precision\\\/#breadcrumb\",\"itemListElement\":[{\"@type\":\"ListItem\",\"position\":1,\"name\":\"Home\",\"item\":\"https:\\\/\\\/www.metrica.it\\\/fr\\\/\"},{\"@type\":\"ListItem\",\"position\":2,\"name\":\"Catalogue\",\"item\":\"https:\\\/\\\/www.metrica.it\\\/fr\\\/catalogue\\\/\"},{\"@type\":\"ListItem\",\"position\":3,\"name\":\"Niveau Lin\u00e9aire De Pr\u00e9cision\"}]},{\"@type\":\"WebSite\",\"@id\":\"https:\\\/\\\/www.metrica.it\\\/fr\\\/#website\",\"url\":\"https:\\\/\\\/www.metrica.it\\\/fr\\\/\",\"name\":\"Metrica\",\"description\":\"Made to measure\",\"potentialAction\":[{\"@type\":\"SearchAction\",\"target\":{\"@type\":\"EntryPoint\",\"urlTemplate\":\"https:\\\/\\\/www.metrica.it\\\/fr\\\/?s={search_term_string}\"},\"query-input\":{\"@type\":\"PropertyValueSpecification\",\"valueRequired\":true,\"valueName\":\"search_term_string\"}}],\"inLanguage\":\"fr-FR\"}]}<\/script>","yoast_head_json":{"title":"Livella Lineare Di Precisione In Ghisa | Niveaux De Pr\u00e9cision | Niveaux - Metrica","description":"D\u00e9couvrez la collection de produits., Livella Lineare Di Precisione In Ghisa - Niveaux De Pr\u00e9cision.In ghisa,2 fiale,Base prismatica . Consultez le catalogue sur le site officiel de Metrica","robots":{"index":"index","follow":"follow","max-snippet":"max-snippet:-1","max-image-preview":"max-image-preview:large","max-video-preview":"max-video-preview:-1"},"canonical":"https:\/\/www.metrica.it\/fr\/produit\/niveau-lineaire-de-precision\/","og_locale":"fr_FR","og_type":"article","og_title":"Livella Lineare Di Precisione In Ghisa | Niveaux De Pr\u00e9cision | Niveaux - Metrica","og_description":"D\u00e9couvrez la collection de produits., Livella Lineare Di Precisione In Ghisa - Niveaux De Pr\u00e9cision.In ghisa,2 fiale,Base prismatica . Consultez le catalogue sur le site officiel de Metrica","og_url":"https:\/\/www.metrica.it\/fr\/produit\/niveau-lineaire-de-precision\/","og_site_name":"Metrica","article_modified_time":"2024-09-16T19:40:34+00:00","og_image":[{"width":800,"height":800,"url":"https:\/\/www.metrica.it\/wp-content\/uploads\/2024\/06\/30010.jpg","type":"image\/jpeg"}],"twitter_card":"summary_large_image","schema":{"@context":"https:\/\/schema.org","@graph":[{"@type":"WebPage","@id":"https:\/\/www.metrica.it\/fr\/produit\/niveau-lineaire-de-precision\/","url":"https:\/\/www.metrica.it\/fr\/produit\/niveau-lineaire-de-precision\/","name":"Livella Lineare Di Precisione In Ghisa | Niveaux De Pr\u00e9cision | Niveaux - Metrica","isPartOf":{"@id":"https:\/\/www.metrica.it\/fr\/#website"},"primaryImageOfPage":{"@id":"https:\/\/www.metrica.it\/fr\/produit\/niveau-lineaire-de-precision\/#primaryimage"},"image":{"@id":"https:\/\/www.metrica.it\/fr\/produit\/niveau-lineaire-de-precision\/#primaryimage"},"thumbnailUrl":"https:\/\/www.metrica.it\/wp-content\/uploads\/2024\/06\/30010.jpg","datePublished":"2024-09-16T10:48:25+00:00","dateModified":"2024-09-16T19:40:34+00:00","description":"D\u00e9couvrez la collection de produits., Livella Lineare Di Precisione In Ghisa - Niveaux De Pr\u00e9cision.In ghisa,2 fiale,Base prismatica . Consultez le catalogue sur le site officiel de Metrica","breadcrumb":{"@id":"https:\/\/www.metrica.it\/fr\/produit\/niveau-lineaire-de-precision\/#breadcrumb"},"inLanguage":"fr-FR","potentialAction":[{"@type":"ReadAction","target":["https:\/\/www.metrica.it\/fr\/produit\/niveau-lineaire-de-precision\/"]}]},{"@type":"ImageObject","inLanguage":"fr-FR","@id":"https:\/\/www.metrica.it\/fr\/produit\/niveau-lineaire-de-precision\/#primaryimage","url":"https:\/\/www.metrica.it\/wp-content\/uploads\/2024\/06\/30010.jpg","contentUrl":"https:\/\/www.metrica.it\/wp-content\/uploads\/2024\/06\/30010.jpg","width":800,"height":800},{"@type":"BreadcrumbList","@id":"https:\/\/www.metrica.it\/fr\/produit\/niveau-lineaire-de-precision\/#breadcrumb","itemListElement":[{"@type":"ListItem","position":1,"name":"Home","item":"https:\/\/www.metrica.it\/fr\/"},{"@type":"ListItem","position":2,"name":"Catalogue","item":"https:\/\/www.metrica.it\/fr\/catalogue\/"},{"@type":"ListItem","position":3,"name":"Niveau Lin\u00e9aire De Pr\u00e9cision"}]},{"@type":"WebSite","@id":"https:\/\/www.metrica.it\/fr\/#website","url":"https:\/\/www.metrica.it\/fr\/","name":"Metrica","description":"Made to measure","potentialAction":[{"@type":"SearchAction","target":{"@type":"EntryPoint","urlTemplate":"https:\/\/www.metrica.it\/fr\/?s={search_term_string}"},"query-input":{"@type":"PropertyValueSpecification","valueRequired":true,"valueName":"search_term_string"}}],"inLanguage":"fr-FR"}]}},"meta_box":{"awr_documentation":[],"awr_manuale":[],"awr_scheda_tecnica":"","awr_youtube_video":"","awr_classe_prodotto":"","awr_customize_product":"0","awr_custom_image":false,"awr_related_products":[{"awr_product_name":"Livella Lineare Di Precisione In Ghisa","awr_product_references":"ref:30010|ean:8001066300105|a_mm:150|unit_misura_mm:0.02|pack:1"},{"awr_product_name":"Livella Lineare Di Precisione In Ghisa","awr_product_references":"ref:30011|ean:8001066300112|a_mm:150|unit_misura_mm:0.05|pack:1"},{"awr_product_name":"Livella Lineare Di Precisione In Ghisa","awr_product_references":"ref:30012|ean:8001066300129|a_mm:150|unit_misura_mm:0.1|pack:1"},{"awr_product_name":"Livella Lineare Di Precisione In Ghisa","awr_product_references":"ref:30013|ean:8001066300136|a_mm:150|unit_misura_mm:0.35|pack:1"},{"awr_product_name":"Livella Lineare Di Precisione In Ghisa","awr_product_references":"ref:30020|ean:8001066300204|a_mm:200|unit_misura_mm:0.02|pack:1"},{"awr_product_name":"Livella Lineare Di Precisione In Ghisa","awr_product_references":"ref:30021|ean:8001066300211|a_mm:200|unit_misura_mm:0.05|pack:1"},{"awr_product_name":"Livella Lineare Di Precisione In Ghisa","awr_product_references":"ref:30022|ean:8001066300228|a_mm:200|unit_misura_mm:0.1|pack:1"},{"awr_product_name":"Livella Lineare Di Precisione In Ghisa","awr_product_references":"ref:30023|ean:8001066300235|a_mm:200|unit_misura_mm:0.35|pack:1"},{"awr_product_name":"Livella Lineare Di Precisione In Ghisa","awr_product_references":"ref:30030|ean:8001066300303|a_mm:250|unit_misura_mm:0.02|pack:1"},{"awr_product_name":"Livella Lineare Di Precisione In Ghisa","awr_product_references":"ref:30031|ean:8001066300310|a_mm:250|unit_misura_mm:0.05|pack:1"},{"awr_product_name":"Livella Lineare Di Precisione In Ghisa","awr_product_references":"ref:30032|ean:8001066300327|a_mm:250|unit_misura_mm:0.1|pack:1"},{"awr_product_name":"Livella Lineare Di Precisione In Ghisa","awr_product_references":"ref:30033|ean:8001066300334|a_mm:250|unit_misura_mm:0.35|pack:1"},{"awr_product_name":"Livella Lineare Di Precisione In Ghisa","awr_product_references":"ref:30040|ean:8001066300402|a_mm:300|unit_misura_mm:0.02|pack:1"},{"awr_product_name":"Livella Lineare Di Precisione In Ghisa","awr_product_references":"ref:30041|ean:8001066300419|a_mm:300|unit_misura_mm:0.05|pack:1"},{"awr_product_name":"Livella Lineare Di Precisione In Ghisa","awr_product_references":"ref:30042|ean:8001066300426|a_mm:300|unit_misura_mm:0.1|pack:1"},{"awr_product_name":"Livella Lineare Di Precisione In Ghisa","awr_product_references":"ref:30043|ean:8001066300433|a_mm:300|unit_misura_mm:0.35|pack:1"}],"awr_consumabili":"","awr_alternativi":"","awr_aliases":"30010,30011,30012,30013,30020,30021,30022,30023,30030,30031,30032,30033,30040,30041,30042,30043","awr_skuid":"30010-it"},"_links":{"self":[{"href":"https:\/\/www.metrica.it\/fr\/wp-json\/wp\/v2\/product\/142561","targetHints":{"allow":["GET"]}}],"collection":[{"href":"https:\/\/www.metrica.it\/fr\/wp-json\/wp\/v2\/product"}],"about":[{"href":"https:\/\/www.metrica.it\/fr\/wp-json\/wp\/v2\/types\/product"}],"wp:featuredmedia":[{"embeddable":true,"href":"https:\/\/www.metrica.it\/fr\/wp-json\/wp\/v2\/media\/131559"}],"wp:attachment":[{"href":"https:\/\/www.metrica.it\/fr\/wp-json\/wp\/v2\/media?parent=142561"}],"wp:term":[{"taxonomy":"product_cat","embeddable":true,"href":"https:\/\/www.metrica.it\/fr\/wp-json\/wp\/v2\/product_cat?post=142561"},{"taxonomy":"product_tag","embeddable":true,"href":"https:\/\/www.metrica.it\/fr\/wp-json\/wp\/v2\/product_tag?post=142561"}],"curies":[{"name":"wp","href":"https:\/\/api.w.org\/{rel}","templated":true}]}}