{"id":142591,"date":"2024-09-16T12:34:05","date_gmt":"2024-09-16T10:34:05","guid":{"rendered":"https:\/\/www.metrica.it\/prodotto\/metrica-flash-9\/"},"modified":"2024-09-16T21:25:27","modified_gmt":"2024-09-16T19:25:27","slug":"metrica-flash-2","status":"publish","type":"product","link":"https:\/\/www.metrica.it\/fr\/produit\/metrica-flash-2\/","title":{"rendered":"Metrica Flash"},"content":{"rendered":"<ul>\n<li>Ruban fluorescent<\/li>\n<li>Double graduation:<br \/>&#8211; recto: num&eacute;ration en horizontal, fond fluorescent<br \/>&#8211; verso: num&eacute;ration verticale, fond blanc<\/li>\n<li>Ruban prot&eacute;g&eacute; en nylon, anti-abrasion, antiacide, antireflet<\/li>\n<li>Bo&icirc;tier chrom&eacute; avec rev&ecirc;tement antid&eacute;rapant<\/li>\n<li>Haute r&eacute;sistance verticale en utilisant l&rsquo;&eacute;chelle &agrave; lecture verticale<\/li>\n","protected":false},"excerpt":{"rendered":"<p>Ruban fluorescent<br \/>Double graduation:- recto: num&eacute;ration en horizontal, fond fluorescent- verso: num&eacute;ration verticale, fond blanc<br \/>Ruban prot&eacute;g&eacute; en nylon, anti-abrasion, antiacide, antireflet<br \/>Bo&icirc;tier chrom&eacute; avec rev&ecirc;tement antid&eacute;rapant<br \/>Haute r&eacute;sistance verticale en utilisant l&rsquo;&eacute;chelle &agrave; lecture verticale<\/p>\n","protected":false},"featured_media":128005,"template":"","meta":[],"product_cat":[49,590],"product_tag":[],"class_list":{"0":"post-142591","1":"product","2":"type-product","3":"status-publish","4":"has-post-thumbnail","6":"product_cat-mesures-de-longueur","7":"product_cat-metres-a-ruban","9":"first","10":"instock","11":"sold-individually","12":"product-type-simple"},"yoast_head":"<title>Metrica Flash | M\u00e8tres \u00e0 Ruban | Mesures de Longueur - Metrica<\/title>\n<meta name=\"description\" content=\"D\u00e9couvrez la collection de produits., Metrica Flash - M\u00e8tres \u00e0 Ruban. Nastro fluorescente Graduazione su entrambe le facce: - fronte numerazione orizzontale, sfondo fluorescente - retro numeraz . Consultez le catalogue sur le site officiel de Metrica\" \/>\n<meta name=\"robots\" content=\"index, follow, max-snippet:-1, max-image-preview:large, max-video-preview:-1\" \/>\n<link rel=\"canonical\" href=\"https:\/\/www.metrica.it\/fr\/produit\/metrica-flash-2\/\" \/>\n<meta property=\"og:locale\" content=\"fr_FR\" \/>\n<meta property=\"og:type\" content=\"article\" \/>\n<meta property=\"og:title\" content=\"Metrica Flash | M\u00e8tres \u00e0 Ruban | Mesures de Longueur - Metrica\" \/>\n<meta property=\"og:description\" content=\"D\u00e9couvrez la collection de produits., Metrica Flash - M\u00e8tres \u00e0 Ruban. Nastro fluorescente Graduazione su entrambe le facce: - fronte numerazione orizzontale, sfondo fluorescente - retro numeraz . Consultez le catalogue sur le site officiel de Metrica\" \/>\n<meta property=\"og:url\" content=\"https:\/\/www.metrica.it\/fr\/produit\/metrica-flash-2\/\" \/>\n<meta property=\"og:site_name\" content=\"Metrica\" \/>\n<meta property=\"article:modified_time\" content=\"2024-09-16T19:25:27+00:00\" \/>\n<meta property=\"og:image\" content=\"https:\/\/www.metrica.it\/wp-content\/uploads\/2024\/06\/08973.jpg\" \/>\n\t<meta property=\"og:image:width\" content=\"800\" \/>\n\t<meta property=\"og:image:height\" content=\"800\" \/>\n\t<meta property=\"og:image:type\" content=\"image\/jpeg\" \/>\n<meta name=\"twitter:card\" content=\"summary_large_image\" \/>\n<script type=\"application\/ld+json\" class=\"yoast-schema-graph\">{\"@context\":\"https:\\\/\\\/schema.org\",\"@graph\":[{\"@type\":\"WebPage\",\"@id\":\"https:\\\/\\\/www.metrica.it\\\/fr\\\/produit\\\/metrica-flash-2\\\/\",\"url\":\"https:\\\/\\\/www.metrica.it\\\/fr\\\/produit\\\/metrica-flash-2\\\/\",\"name\":\"Metrica Flash | M\u00e8tres \u00e0 Ruban | Mesures de Longueur - Metrica\",\"isPartOf\":{\"@id\":\"https:\\\/\\\/www.metrica.it\\\/fr\\\/#website\"},\"primaryImageOfPage\":{\"@id\":\"https:\\\/\\\/www.metrica.it\\\/fr\\\/produit\\\/metrica-flash-2\\\/#primaryimage\"},\"image\":{\"@id\":\"https:\\\/\\\/www.metrica.it\\\/fr\\\/produit\\\/metrica-flash-2\\\/#primaryimage\"},\"thumbnailUrl\":\"https:\\\/\\\/www.metrica.it\\\/wp-content\\\/uploads\\\/2024\\\/06\\\/08973.jpg\",\"datePublished\":\"2024-09-16T10:34:05+00:00\",\"dateModified\":\"2024-09-16T19:25:27+00:00\",\"description\":\"D\u00e9couvrez la collection de produits., Metrica Flash - M\u00e8tres \u00e0 Ruban. Nastro fluorescente Graduazione su entrambe le facce: - fronte numerazione orizzontale, sfondo fluorescente - retro numeraz . Consultez le catalogue sur le site officiel de Metrica\",\"breadcrumb\":{\"@id\":\"https:\\\/\\\/www.metrica.it\\\/fr\\\/produit\\\/metrica-flash-2\\\/#breadcrumb\"},\"inLanguage\":\"fr-FR\",\"potentialAction\":[{\"@type\":\"ReadAction\",\"target\":[\"https:\\\/\\\/www.metrica.it\\\/fr\\\/produit\\\/metrica-flash-2\\\/\"]}]},{\"@type\":\"ImageObject\",\"inLanguage\":\"fr-FR\",\"@id\":\"https:\\\/\\\/www.metrica.it\\\/fr\\\/produit\\\/metrica-flash-2\\\/#primaryimage\",\"url\":\"https:\\\/\\\/www.metrica.it\\\/wp-content\\\/uploads\\\/2024\\\/06\\\/08973.jpg\",\"contentUrl\":\"https:\\\/\\\/www.metrica.it\\\/wp-content\\\/uploads\\\/2024\\\/06\\\/08973.jpg\",\"width\":800,\"height\":800},{\"@type\":\"BreadcrumbList\",\"@id\":\"https:\\\/\\\/www.metrica.it\\\/fr\\\/produit\\\/metrica-flash-2\\\/#breadcrumb\",\"itemListElement\":[{\"@type\":\"ListItem\",\"position\":1,\"name\":\"Home\",\"item\":\"https:\\\/\\\/www.metrica.it\\\/fr\\\/\"},{\"@type\":\"ListItem\",\"position\":2,\"name\":\"Catalogue\",\"item\":\"https:\\\/\\\/www.metrica.it\\\/fr\\\/catalogue\\\/\"},{\"@type\":\"ListItem\",\"position\":3,\"name\":\"Metrica Flash\"}]},{\"@type\":\"WebSite\",\"@id\":\"https:\\\/\\\/www.metrica.it\\\/fr\\\/#website\",\"url\":\"https:\\\/\\\/www.metrica.it\\\/fr\\\/\",\"name\":\"Metrica\",\"description\":\"Made to measure\",\"potentialAction\":[{\"@type\":\"SearchAction\",\"target\":{\"@type\":\"EntryPoint\",\"urlTemplate\":\"https:\\\/\\\/www.metrica.it\\\/fr\\\/?s={search_term_string}\"},\"query-input\":{\"@type\":\"PropertyValueSpecification\",\"valueRequired\":true,\"valueName\":\"search_term_string\"}}],\"inLanguage\":\"fr-FR\"}]}<\/script>","yoast_head_json":{"title":"Metrica Flash | M\u00e8tres \u00e0 Ruban | Mesures de Longueur - Metrica","description":"D\u00e9couvrez la collection de produits., Metrica Flash - M\u00e8tres \u00e0 Ruban. Nastro fluorescente Graduazione su entrambe le facce: - fronte numerazione orizzontale, sfondo fluorescente - retro numeraz . Consultez le catalogue sur le site officiel de Metrica","robots":{"index":"index","follow":"follow","max-snippet":"max-snippet:-1","max-image-preview":"max-image-preview:large","max-video-preview":"max-video-preview:-1"},"canonical":"https:\/\/www.metrica.it\/fr\/produit\/metrica-flash-2\/","og_locale":"fr_FR","og_type":"article","og_title":"Metrica Flash | M\u00e8tres \u00e0 Ruban | Mesures de Longueur - Metrica","og_description":"D\u00e9couvrez la collection de produits., Metrica Flash - M\u00e8tres \u00e0 Ruban. Nastro fluorescente Graduazione su entrambe le facce: - fronte numerazione orizzontale, sfondo fluorescente - retro numeraz . Consultez le catalogue sur le site officiel de Metrica","og_url":"https:\/\/www.metrica.it\/fr\/produit\/metrica-flash-2\/","og_site_name":"Metrica","article_modified_time":"2024-09-16T19:25:27+00:00","og_image":[{"width":800,"height":800,"url":"https:\/\/www.metrica.it\/wp-content\/uploads\/2024\/06\/08973.jpg","type":"image\/jpeg"}],"twitter_card":"summary_large_image","schema":{"@context":"https:\/\/schema.org","@graph":[{"@type":"WebPage","@id":"https:\/\/www.metrica.it\/fr\/produit\/metrica-flash-2\/","url":"https:\/\/www.metrica.it\/fr\/produit\/metrica-flash-2\/","name":"Metrica Flash | M\u00e8tres \u00e0 Ruban | Mesures de Longueur - Metrica","isPartOf":{"@id":"https:\/\/www.metrica.it\/fr\/#website"},"primaryImageOfPage":{"@id":"https:\/\/www.metrica.it\/fr\/produit\/metrica-flash-2\/#primaryimage"},"image":{"@id":"https:\/\/www.metrica.it\/fr\/produit\/metrica-flash-2\/#primaryimage"},"thumbnailUrl":"https:\/\/www.metrica.it\/wp-content\/uploads\/2024\/06\/08973.jpg","datePublished":"2024-09-16T10:34:05+00:00","dateModified":"2024-09-16T19:25:27+00:00","description":"D\u00e9couvrez la collection de produits., Metrica Flash - M\u00e8tres \u00e0 Ruban. Nastro fluorescente Graduazione su entrambe le facce: - fronte numerazione orizzontale, sfondo fluorescente - retro numeraz . Consultez le catalogue sur le site officiel de Metrica","breadcrumb":{"@id":"https:\/\/www.metrica.it\/fr\/produit\/metrica-flash-2\/#breadcrumb"},"inLanguage":"fr-FR","potentialAction":[{"@type":"ReadAction","target":["https:\/\/www.metrica.it\/fr\/produit\/metrica-flash-2\/"]}]},{"@type":"ImageObject","inLanguage":"fr-FR","@id":"https:\/\/www.metrica.it\/fr\/produit\/metrica-flash-2\/#primaryimage","url":"https:\/\/www.metrica.it\/wp-content\/uploads\/2024\/06\/08973.jpg","contentUrl":"https:\/\/www.metrica.it\/wp-content\/uploads\/2024\/06\/08973.jpg","width":800,"height":800},{"@type":"BreadcrumbList","@id":"https:\/\/www.metrica.it\/fr\/produit\/metrica-flash-2\/#breadcrumb","itemListElement":[{"@type":"ListItem","position":1,"name":"Home","item":"https:\/\/www.metrica.it\/fr\/"},{"@type":"ListItem","position":2,"name":"Catalogue","item":"https:\/\/www.metrica.it\/fr\/catalogue\/"},{"@type":"ListItem","position":3,"name":"Metrica Flash"}]},{"@type":"WebSite","@id":"https:\/\/www.metrica.it\/fr\/#website","url":"https:\/\/www.metrica.it\/fr\/","name":"Metrica","description":"Made to measure","potentialAction":[{"@type":"SearchAction","target":{"@type":"EntryPoint","urlTemplate":"https:\/\/www.metrica.it\/fr\/?s={search_term_string}"},"query-input":{"@type":"PropertyValueSpecification","valueRequired":true,"valueName":"search_term_string"}}],"inLanguage":"fr-FR"}]}},"meta_box":{"awr_documentation":[],"awr_manuale":[],"awr_scheda_tecnica":"","awr_youtube_video":"","awr_classe_prodotto":"CE_2","awr_customize_product":"1","awr_custom_image":{"width":96,"height":96,"file":"2024\/06\/98755.jpg","filesize":403649,"sizes":{"dgwt-wcas-product-suggestion":{"file":"98755-64x64.jpg","width":64,"height":64,"mime-type":"image\/jpeg","filesize":2031,"url":"https:\/\/www.metrica.it\/wp-content\/uploads\/2024\/06\/98755-64x64.jpg"},"hongo-product-icon-image":{"file":"98755-64x64.jpg","width":64,"height":64,"mime-type":"image\/jpeg","filesize":2031,"url":"https:\/\/www.metrica.it\/wp-content\/uploads\/2024\/06\/98755-64x64.jpg"},"hongo-product-small-image":{"file":"98755-84x84.jpg","width":84,"height":84,"mime-type":"image\/jpeg","filesize":2718,"url":"https:\/\/www.metrica.it\/wp-content\/uploads\/2024\/06\/98755-84x84.jpg"},"hongo-medium-image":{"file":"98755-450x450.jpg","width":450,"height":450,"mime-type":"image\/jpeg","filesize":22794,"url":"https:\/\/www.metrica.it\/wp-content\/uploads\/2024\/06\/98755-450x450.jpg"},"post-thumbnail":{"file":"98755-790x790.jpg","width":790,"height":790,"mime-type":"image\/jpeg","filesize":50856,"url":"https:\/\/www.metrica.it\/wp-content\/uploads\/2024\/06\/98755-790x790.jpg"},"hongo-shop-image":{"file":"98755-660x660.jpg","width":660,"height":660,"mime-type":"image\/jpeg","filesize":39126,"url":"https:\/\/www.metrica.it\/wp-content\/uploads\/2024\/06\/98755-660x660.jpg"}},"image_meta":{"aperture":"0","credit":"","camera":"","caption":"","created_timestamp":"0","copyright":"","focal_length":"0","iso":"0","shutter_speed":"0","title":"","orientation":"1","keywords":[]},"ID":"128000","name":"98755.jpg","path":"\/var\/www\/html\/wp-content\/uploads\/2024\/06\/98755.jpg","url":"https:\/\/www.metrica.it\/wp-content\/uploads\/2024\/06\/98755.jpg","full_url":"https:\/\/www.metrica.it\/wp-content\/uploads\/2024\/06\/98755.jpg","title":"98755.jpg","caption":"","description":"","alt":"","srcset":"https:\/\/www.metrica.it\/wp-content\/uploads\/2024\/06\/98755.jpg 800w, https:\/\/www.metrica.it\/wp-content\/uploads\/2024\/06\/98755-64x64.jpg 64w, https:\/\/www.metrica.it\/wp-content\/uploads\/2024\/06\/98755-84x84.jpg 84w, https:\/\/www.metrica.it\/wp-content\/uploads\/2024\/06\/98755-450x450.jpg 450w, https:\/\/www.metrica.it\/wp-content\/uploads\/2024\/06\/98755-790x790.jpg 790w, https:\/\/www.metrica.it\/wp-content\/uploads\/2024\/06\/98755-660x660.jpg 660w"},"awr_related_products":[{"awr_product_name":"Metrica Flash","awr_product_references":"ref:08973|ean:8001066089734|l:3 m|larghezza:16 mm|unit_misura:mm|b_mm:65|num_pz_gdo:6"},{"awr_product_name":"Metrica Flash","awr_product_references":"ref:08974|ean:8001066089741|l:5 m|larghezza:19 mm|unit_misura:mm|b_mm:75|num_pz_gdo:6"},{"awr_product_name":"Metrica Flash","awr_product_references":"ref:08975|ean:8001066089758|l:5 m|larghezza:25 mm|unit_misura:mm|b_mm:75|num_pz_gdo:6"},{"awr_product_name":"Metrica Flash","awr_product_references":"ref:08978|ean:8001066089789|l:8 m|larghezza:25 mm|unit_misura:mm|b_mm:95|num_pz_gdo:6"}],"awr_consumabili":"","awr_alternativi":"","awr_aliases":"08973,08974,08975,08978","awr_skuid":"08973-it"},"_links":{"self":[{"href":"https:\/\/www.metrica.it\/fr\/wp-json\/wp\/v2\/product\/142591","targetHints":{"allow":["GET"]}}],"collection":[{"href":"https:\/\/www.metrica.it\/fr\/wp-json\/wp\/v2\/product"}],"about":[{"href":"https:\/\/www.metrica.it\/fr\/wp-json\/wp\/v2\/types\/product"}],"wp:featuredmedia":[{"embeddable":true,"href":"https:\/\/www.metrica.it\/fr\/wp-json\/wp\/v2\/media\/128005"}],"wp:attachment":[{"href":"https:\/\/www.metrica.it\/fr\/wp-json\/wp\/v2\/media?parent=142591"}],"wp:term":[{"taxonomy":"product_cat","embeddable":true,"href":"https:\/\/www.metrica.it\/fr\/wp-json\/wp\/v2\/product_cat?post=142591"},{"taxonomy":"product_tag","embeddable":true,"href":"https:\/\/www.metrica.it\/fr\/wp-json\/wp\/v2\/product_tag?post=142591"}],"curies":[{"name":"wp","href":"https:\/\/api.w.org\/{rel}","templated":true}]}}