{"id":142631,"date":"2024-09-16T11:54:09","date_gmt":"2024-09-16T09:54:09","guid":{"rendered":"https:\/\/www.metrica.it\/prodotto\/camera-thermique-flir-tg165-x\/"},"modified":"2024-09-16T20:41:38","modified_gmt":"2024-09-16T18:41:38","slug":"camera-thermique-flir-tg165-x","status":"publish","type":"product","link":"https:\/\/www.metrica.it\/fr\/produit\/camera-thermique-flir-tg165-x\/","title":{"rendered":"Cam\u00c9ra Thermique Flir Tg165-x"},"content":{"rendered":"<ul>\n<li>Thermom\u00e8tre image infrarouge<\/li>\n<li>Fonction MSX<\/li>\n<li>Plage de mesure de -25 \u00e0 + 300 \u00b0C<\/li>\n<li>\u00c9cran LCD 2,4\u201d avec 3 \u00e9chelles de couleurs<\/li>\n<li>R\u00e9solution \u00e9cran 320&#215;240 pixel<\/li>\n<li>M\u00e9moire 4 GB (50.000 images)<\/li>\n<li>Protection contre les chutes: 2 m<\/li>\n<li>Filetage pour tr\u00e9pied 1\/4\u201d<\/li>\n<\/ul>\n<p>* Non livrable en Suisse<\/p>\n","protected":false},"excerpt":{"rendered":"<ul>\n<li>Thermom\u00e8tre image infrarouge<\/li>\n<li>Fonction MSX<\/li>\n<li>Plage de mesure de -25 \u00e0 + 300 \u00b0C<\/li>\n<li>\u00c9cran LCD 2,4\u201d avec 3 \u00e9chelles de couleurs<\/li>\n<li>R\u00e9solution \u00e9cran 320&#215;240 pixel<\/li>\n<li>M\u00e9moire 4 GB (50.000 images)<\/li>\n<li>Protection contre les chutes: 2 m<\/li>\n<li>Filetage pour tr\u00e9pied 1\/4\u201d<\/li>\n<\/ul>\n","protected":false},"featured_media":131254,"template":"","meta":[],"product_cat":[542,515],"product_tag":[],"class_list":{"0":"post-142631","1":"product","2":"type-product","3":"status-publish","4":"has-post-thumbnail","6":"product_cat-cameras-thermiques","7":"product_cat-laser-et-cameras-thermiques","9":"first","10":"instock","11":"sold-individually","12":"product-type-simple"},"yoast_head":"<title>TERMOCAMERA FLIR TG165 | Cam\u00e9ras Thermiques | Laser et Cam\u00e9ras Thermiques - Metrica<\/title>\n<meta name=\"description\" content=\"D\u00e9couvrez la collection de produits., TERMOCAMERA FLIR TG165 - Cam\u00e9ras Thermiques.Termometro ad immagine ad infrarossi TG 165,Campo di misura da -25 a +380 &deg;C,Scheda SD di registrazione da 8 G . Consultez le catalogue sur le site officiel de Metrica\" \/>\n<meta name=\"robots\" content=\"index, follow, max-snippet:-1, max-image-preview:large, max-video-preview:-1\" \/>\n<link rel=\"canonical\" href=\"https:\/\/www.metrica.it\/fr\/produit\/camera-thermique-flir-tg165-x\/\" \/>\n<meta property=\"og:locale\" content=\"fr_FR\" \/>\n<meta property=\"og:type\" content=\"article\" \/>\n<meta property=\"og:title\" content=\"TERMOCAMERA FLIR TG165 | Cam\u00e9ras Thermiques | Laser et Cam\u00e9ras Thermiques - Metrica\" \/>\n<meta property=\"og:description\" content=\"D\u00e9couvrez la collection de produits., TERMOCAMERA FLIR TG165 - Cam\u00e9ras Thermiques.Termometro ad immagine ad infrarossi TG 165,Campo di misura da -25 a +380 &deg;C,Scheda SD di registrazione da 8 G . Consultez le catalogue sur le site officiel de Metrica\" \/>\n<meta property=\"og:url\" content=\"https:\/\/www.metrica.it\/fr\/produit\/camera-thermique-flir-tg165-x\/\" \/>\n<meta property=\"og:site_name\" content=\"Metrica\" \/>\n<meta property=\"article:modified_time\" content=\"2024-09-16T18:41:38+00:00\" \/>\n<meta property=\"og:image\" content=\"https:\/\/www.metrica.it\/wp-content\/uploads\/2024\/06\/60394_2.jpg\" \/>\n\t<meta property=\"og:image:width\" content=\"1200\" \/>\n\t<meta property=\"og:image:height\" content=\"1200\" \/>\n\t<meta property=\"og:image:type\" content=\"image\/jpeg\" \/>\n<meta name=\"twitter:card\" content=\"summary_large_image\" \/>\n<script type=\"application\/ld+json\" class=\"yoast-schema-graph\">{\"@context\":\"https:\\\/\\\/schema.org\",\"@graph\":[{\"@type\":\"WebPage\",\"@id\":\"https:\\\/\\\/www.metrica.it\\\/fr\\\/produit\\\/camera-thermique-flir-tg165-x\\\/\",\"url\":\"https:\\\/\\\/www.metrica.it\\\/fr\\\/produit\\\/camera-thermique-flir-tg165-x\\\/\",\"name\":\"TERMOCAMERA FLIR TG165 | Cam\u00e9ras Thermiques | Laser et Cam\u00e9ras Thermiques - Metrica\",\"isPartOf\":{\"@id\":\"https:\\\/\\\/www.metrica.it\\\/fr\\\/#website\"},\"primaryImageOfPage\":{\"@id\":\"https:\\\/\\\/www.metrica.it\\\/fr\\\/produit\\\/camera-thermique-flir-tg165-x\\\/#primaryimage\"},\"image\":{\"@id\":\"https:\\\/\\\/www.metrica.it\\\/fr\\\/produit\\\/camera-thermique-flir-tg165-x\\\/#primaryimage\"},\"thumbnailUrl\":\"https:\\\/\\\/www.metrica.it\\\/wp-content\\\/uploads\\\/2024\\\/06\\\/60394_2.jpg\",\"datePublished\":\"2024-09-16T09:54:09+00:00\",\"dateModified\":\"2024-09-16T18:41:38+00:00\",\"description\":\"D\u00e9couvrez la collection de produits., TERMOCAMERA FLIR TG165 - Cam\u00e9ras Thermiques.Termometro ad immagine ad infrarossi TG 165,Campo di misura da -25 a +380 &deg;C,Scheda SD di registrazione da 8 G . Consultez le catalogue sur le site officiel de Metrica\",\"breadcrumb\":{\"@id\":\"https:\\\/\\\/www.metrica.it\\\/fr\\\/produit\\\/camera-thermique-flir-tg165-x\\\/#breadcrumb\"},\"inLanguage\":\"fr-FR\",\"potentialAction\":[{\"@type\":\"ReadAction\",\"target\":[\"https:\\\/\\\/www.metrica.it\\\/fr\\\/produit\\\/camera-thermique-flir-tg165-x\\\/\"]}]},{\"@type\":\"ImageObject\",\"inLanguage\":\"fr-FR\",\"@id\":\"https:\\\/\\\/www.metrica.it\\\/fr\\\/produit\\\/camera-thermique-flir-tg165-x\\\/#primaryimage\",\"url\":\"https:\\\/\\\/www.metrica.it\\\/wp-content\\\/uploads\\\/2024\\\/06\\\/60394_2.jpg\",\"contentUrl\":\"https:\\\/\\\/www.metrica.it\\\/wp-content\\\/uploads\\\/2024\\\/06\\\/60394_2.jpg\",\"width\":1200,\"height\":1200},{\"@type\":\"BreadcrumbList\",\"@id\":\"https:\\\/\\\/www.metrica.it\\\/fr\\\/produit\\\/camera-thermique-flir-tg165-x\\\/#breadcrumb\",\"itemListElement\":[{\"@type\":\"ListItem\",\"position\":1,\"name\":\"Home\",\"item\":\"https:\\\/\\\/www.metrica.it\\\/fr\\\/\"},{\"@type\":\"ListItem\",\"position\":2,\"name\":\"Catalogue\",\"item\":\"https:\\\/\\\/www.metrica.it\\\/fr\\\/catalogue\\\/\"},{\"@type\":\"ListItem\",\"position\":3,\"name\":\"Cam\u00c9ra Thermique Flir Tg165-x\"}]},{\"@type\":\"WebSite\",\"@id\":\"https:\\\/\\\/www.metrica.it\\\/fr\\\/#website\",\"url\":\"https:\\\/\\\/www.metrica.it\\\/fr\\\/\",\"name\":\"Metrica\",\"description\":\"Made to measure\",\"potentialAction\":[{\"@type\":\"SearchAction\",\"target\":{\"@type\":\"EntryPoint\",\"urlTemplate\":\"https:\\\/\\\/www.metrica.it\\\/fr\\\/?s={search_term_string}\"},\"query-input\":{\"@type\":\"PropertyValueSpecification\",\"valueRequired\":true,\"valueName\":\"search_term_string\"}}],\"inLanguage\":\"fr-FR\"}]}<\/script>","yoast_head_json":{"title":"TERMOCAMERA FLIR TG165 | Cam\u00e9ras Thermiques | Laser et Cam\u00e9ras Thermiques - Metrica","description":"D\u00e9couvrez la collection de produits., TERMOCAMERA FLIR TG165 - Cam\u00e9ras Thermiques.Termometro ad immagine ad infrarossi TG 165,Campo di misura da -25 a +380 &deg;C,Scheda SD di registrazione da 8 G . Consultez le catalogue sur le site officiel de Metrica","robots":{"index":"index","follow":"follow","max-snippet":"max-snippet:-1","max-image-preview":"max-image-preview:large","max-video-preview":"max-video-preview:-1"},"canonical":"https:\/\/www.metrica.it\/fr\/produit\/camera-thermique-flir-tg165-x\/","og_locale":"fr_FR","og_type":"article","og_title":"TERMOCAMERA FLIR TG165 | Cam\u00e9ras Thermiques | Laser et Cam\u00e9ras Thermiques - Metrica","og_description":"D\u00e9couvrez la collection de produits., TERMOCAMERA FLIR TG165 - Cam\u00e9ras Thermiques.Termometro ad immagine ad infrarossi TG 165,Campo di misura da -25 a +380 &deg;C,Scheda SD di registrazione da 8 G . Consultez le catalogue sur le site officiel de Metrica","og_url":"https:\/\/www.metrica.it\/fr\/produit\/camera-thermique-flir-tg165-x\/","og_site_name":"Metrica","article_modified_time":"2024-09-16T18:41:38+00:00","og_image":[{"width":1200,"height":1200,"url":"https:\/\/www.metrica.it\/wp-content\/uploads\/2024\/06\/60394_2.jpg","type":"image\/jpeg"}],"twitter_card":"summary_large_image","schema":{"@context":"https:\/\/schema.org","@graph":[{"@type":"WebPage","@id":"https:\/\/www.metrica.it\/fr\/produit\/camera-thermique-flir-tg165-x\/","url":"https:\/\/www.metrica.it\/fr\/produit\/camera-thermique-flir-tg165-x\/","name":"TERMOCAMERA FLIR TG165 | Cam\u00e9ras Thermiques | Laser et Cam\u00e9ras Thermiques - Metrica","isPartOf":{"@id":"https:\/\/www.metrica.it\/fr\/#website"},"primaryImageOfPage":{"@id":"https:\/\/www.metrica.it\/fr\/produit\/camera-thermique-flir-tg165-x\/#primaryimage"},"image":{"@id":"https:\/\/www.metrica.it\/fr\/produit\/camera-thermique-flir-tg165-x\/#primaryimage"},"thumbnailUrl":"https:\/\/www.metrica.it\/wp-content\/uploads\/2024\/06\/60394_2.jpg","datePublished":"2024-09-16T09:54:09+00:00","dateModified":"2024-09-16T18:41:38+00:00","description":"D\u00e9couvrez la collection de produits., TERMOCAMERA FLIR TG165 - Cam\u00e9ras Thermiques.Termometro ad immagine ad infrarossi TG 165,Campo di misura da -25 a +380 &deg;C,Scheda SD di registrazione da 8 G . Consultez le catalogue sur le site officiel de Metrica","breadcrumb":{"@id":"https:\/\/www.metrica.it\/fr\/produit\/camera-thermique-flir-tg165-x\/#breadcrumb"},"inLanguage":"fr-FR","potentialAction":[{"@type":"ReadAction","target":["https:\/\/www.metrica.it\/fr\/produit\/camera-thermique-flir-tg165-x\/"]}]},{"@type":"ImageObject","inLanguage":"fr-FR","@id":"https:\/\/www.metrica.it\/fr\/produit\/camera-thermique-flir-tg165-x\/#primaryimage","url":"https:\/\/www.metrica.it\/wp-content\/uploads\/2024\/06\/60394_2.jpg","contentUrl":"https:\/\/www.metrica.it\/wp-content\/uploads\/2024\/06\/60394_2.jpg","width":1200,"height":1200},{"@type":"BreadcrumbList","@id":"https:\/\/www.metrica.it\/fr\/produit\/camera-thermique-flir-tg165-x\/#breadcrumb","itemListElement":[{"@type":"ListItem","position":1,"name":"Home","item":"https:\/\/www.metrica.it\/fr\/"},{"@type":"ListItem","position":2,"name":"Catalogue","item":"https:\/\/www.metrica.it\/fr\/catalogue\/"},{"@type":"ListItem","position":3,"name":"Cam\u00c9ra Thermique Flir Tg165-x"}]},{"@type":"WebSite","@id":"https:\/\/www.metrica.it\/fr\/#website","url":"https:\/\/www.metrica.it\/fr\/","name":"Metrica","description":"Made to measure","potentialAction":[{"@type":"SearchAction","target":{"@type":"EntryPoint","urlTemplate":"https:\/\/www.metrica.it\/fr\/?s={search_term_string}"},"query-input":{"@type":"PropertyValueSpecification","valueRequired":true,"valueName":"search_term_string"}}],"inLanguage":"fr-FR"}]}},"meta_box":{"awr_documentation":[{"filesize":1202517,"ID":"146329","name":"60403.pdf","path":"\/var\/www\/html\/wp-content\/uploads\/2024\/09\/60403.pdf","url":"https:\/\/www.metrica.it\/wp-content\/uploads\/2024\/09\/60403.pdf","title":"60403.pdf"}],"awr_manuale":[],"awr_scheda_tecnica":"","awr_youtube_video":"","awr_classe_prodotto":"","awr_customize_product":"0","awr_custom_image":false,"awr_related_products":[{"awr_product_name":"Termocamera Flir Tg165-x","awr_product_references":"ref:60394|ean:8001066603947|pack:1"}],"awr_consumabili":"","awr_alternativi":"","awr_aliases":"60394","awr_skuid":"60394-it"},"_links":{"self":[{"href":"https:\/\/www.metrica.it\/fr\/wp-json\/wp\/v2\/product\/142631","targetHints":{"allow":["GET"]}}],"collection":[{"href":"https:\/\/www.metrica.it\/fr\/wp-json\/wp\/v2\/product"}],"about":[{"href":"https:\/\/www.metrica.it\/fr\/wp-json\/wp\/v2\/types\/product"}],"wp:featuredmedia":[{"embeddable":true,"href":"https:\/\/www.metrica.it\/fr\/wp-json\/wp\/v2\/media\/131254"}],"wp:attachment":[{"href":"https:\/\/www.metrica.it\/fr\/wp-json\/wp\/v2\/media?parent=142631"}],"wp:term":[{"taxonomy":"product_cat","embeddable":true,"href":"https:\/\/www.metrica.it\/fr\/wp-json\/wp\/v2\/product_cat?post=142631"},{"taxonomy":"product_tag","embeddable":true,"href":"https:\/\/www.metrica.it\/fr\/wp-json\/wp\/v2\/product_tag?post=142631"}],"curies":[{"name":"wp","href":"https:\/\/api.w.org\/{rel}","templated":true}]}}