{"id":142666,"date":"2024-09-16T12:15:05","date_gmt":"2024-09-16T10:15:05","guid":{"rendered":"https:\/\/www.metrica.it\/prodotto\/odometre-digital\/"},"modified":"2024-09-16T21:03:39","modified_gmt":"2024-09-16T19:03:39","slug":"odometre-digital","status":"publish","type":"product","link":"https:\/\/www.metrica.it\/fr\/produit\/odometre-digital\/","title":{"rendered":"Odom\u00c8tre Digital"},"content":{"rendered":"<ul>\n<li><span>\u00c9cran LCD (\u00e0 cristaux liquides) situ\u00e9 sur la partie sup\u00e9rieure pour une lecture facile<br \/><\/span><\/li>\n<li><span>Compteur \u00e0 6 chiffres<br \/><\/span><\/li>\n<li><span>Capacit\u00e9 10 km, lecture m\/cm<br \/><\/span><\/li>\n<li><span>Lecture 1 cm<br \/><\/span><\/li>\n<li><span>Fonction m\u00e9moire HOLD<br \/><\/span><\/li>\n<li><span>Roue \u00d8 29 cm<br \/><\/span><\/li>\n<li><span>Arr\u00eat automatique apr\u00e8s 3 minutes<br \/><\/span><\/li>\n<li><span>3 modes de mesure: A &#8211; B &#8211; C<br \/><\/span><\/li>\n<li><span>Poign\u00e9e t\u00e9lescopique<br \/><\/span><\/li>\n<li><span>Sac de transport<br \/><\/span><\/li>\n<li><span>8 m\u00e9moires<br \/><\/span><\/li>\n<li><span>Calcul de surface<br \/><\/span><\/li>\n<li><span>m\/inch\/Feet\/Mile\/yard\/m\/km<br \/><\/span><\/li>\n<li><span>Piles 2 x AA<br \/><\/span><\/li>\n<li><span>Poids 1,5 kg<br \/><\/span><\/li>\n<li><span>Autonomie 5 heures<br \/><\/span><\/li>\n<li><span>R\u00e9glage du contraste du moniteur<\/span><\/li>\n<\/ul>\n","protected":false},"excerpt":{"rendered":"<p><span>\u00c9cran LCD (\u00e0 cristaux liquides) situ\u00e9 sur la partie sup\u00e9rieure pour une lecture facile<br \/><\/span><\/p>\n<p><span>Compteur \u00e0 6 chiffres<br \/><\/span><\/p>\n<p><span>Capacit\u00e9 10 km, lecture m\/cm<br \/><\/span><\/p>\n<p><span>Lecture 1 cm<br \/><\/span><\/p>\n<p><span>Fonction m\u00e9moire HOLD<br \/><\/span><\/p>\n<p><span>Roue \u00d8 29 cm<br \/><\/span><\/p>\n<p><span>Arr\u00eat automatique apr\u00e8s 3 minutes<br \/><\/span><\/p>\n<p><span>3 modes de mesure: A &#8211; B &#8211; C<br \/><\/span><\/p>\n<p><span>Poign\u00e9e t\u00e9lescopique<br \/><\/span><\/p>\n<p><span>Sac de transport<br \/><\/span><\/p>\n<p><span>8 m\u00e9moires<br \/><\/span><\/p>\n<p><span>Calcul de surface<br \/><\/span><\/p>\n<p><span>m\/inch\/Feet\/Mile\/yard\/m\/km<br \/><\/span><\/p>\n<p><span>Piles 2 x AA<br \/><\/span><\/p>\n<p><span>Poids 1,5 kg<br \/><\/span><\/p>\n<p><span>Autonomie 5 heures<br \/><\/span><\/p>\n<p><span>R\u00e9glage du contraste du moniteur<\/span><\/p>\n","protected":false},"featured_media":131304,"template":"","meta":[],"product_cat":[49,597],"product_tag":[],"class_list":{"0":"post-142666","1":"product","2":"type-product","3":"status-publish","4":"has-post-thumbnail","6":"product_cat-mesures-de-longueur","7":"product_cat-odometres","9":"first","10":"instock","11":"sold-individually","12":"product-type-simple"},"yoast_head":"<title>MISURATORE STRADALE ELETTRONICO<\/title>\n<meta name=\"robots\" content=\"index, follow, max-snippet:-1, max-image-preview:large, max-video-preview:-1\" \/>\n<link rel=\"canonical\" href=\"https:\/\/www.metrica.it\/fr\/produit\/odometre-digital\/\" \/>\n<meta property=\"og:locale\" content=\"fr_FR\" \/>\n<meta property=\"og:type\" content=\"article\" \/>\n<meta property=\"og:title\" content=\"MISURATORE STRADALE ELETTRONICO\" \/>\n<meta property=\"og:description\" content=\"\u00c9cran LCD (\u00e0 cristaux liquides) situ\u00e9 sur la partie sup\u00e9rieure pour une lecture facileCompteur \u00e0 6 chiffresCapacit\u00e9 10 km, lecture m\/cmLecture 1 cmFonction m\u00e9moire HOLDRoue \u00d8 29 cmArr\u00eat automatique apr\u00e8s 3 minutes3 modes de mesure: A - B - CPoign\u00e9e t\u00e9lescopiqueSac de transport8 m\u00e9moiresCalcul de surfacem\/inch\/Feet\/Mile\/yard\/m\/kmPiles 2 x AAPoids 1,5 kgAutonomie 5 heuresR\u00e9glage du contraste du moniteur\" \/>\n<meta property=\"og:url\" content=\"https:\/\/www.metrica.it\/fr\/produit\/odometre-digital\/\" \/>\n<meta property=\"og:site_name\" content=\"Metrica\" \/>\n<meta property=\"article:modified_time\" content=\"2024-09-16T19:03:39+00:00\" \/>\n<meta property=\"og:image\" content=\"https:\/\/www.metrica.it\/wp-content\/uploads\/2024\/06\/60459_2.jpg\" \/>\n\t<meta property=\"og:image:width\" content=\"800\" \/>\n\t<meta property=\"og:image:height\" content=\"800\" \/>\n\t<meta property=\"og:image:type\" content=\"image\/jpeg\" \/>\n<meta name=\"twitter:card\" content=\"summary_large_image\" \/>\n<script type=\"application\/ld+json\" class=\"yoast-schema-graph\">{\"@context\":\"https:\\\/\\\/schema.org\",\"@graph\":[{\"@type\":\"WebPage\",\"@id\":\"https:\\\/\\\/www.metrica.it\\\/fr\\\/produit\\\/odometre-digital\\\/\",\"url\":\"https:\\\/\\\/www.metrica.it\\\/fr\\\/produit\\\/odometre-digital\\\/\",\"name\":\"MISURATORE STRADALE ELETTRONICO\",\"isPartOf\":{\"@id\":\"https:\\\/\\\/www.metrica.it\\\/fr\\\/#website\"},\"primaryImageOfPage\":{\"@id\":\"https:\\\/\\\/www.metrica.it\\\/fr\\\/produit\\\/odometre-digital\\\/#primaryimage\"},\"image\":{\"@id\":\"https:\\\/\\\/www.metrica.it\\\/fr\\\/produit\\\/odometre-digital\\\/#primaryimage\"},\"thumbnailUrl\":\"https:\\\/\\\/www.metrica.it\\\/wp-content\\\/uploads\\\/2024\\\/06\\\/60459_2.jpg\",\"datePublished\":\"2024-09-16T10:15:05+00:00\",\"dateModified\":\"2024-09-16T19:03:39+00:00\",\"breadcrumb\":{\"@id\":\"https:\\\/\\\/www.metrica.it\\\/fr\\\/produit\\\/odometre-digital\\\/#breadcrumb\"},\"inLanguage\":\"fr-FR\",\"potentialAction\":[{\"@type\":\"ReadAction\",\"target\":[\"https:\\\/\\\/www.metrica.it\\\/fr\\\/produit\\\/odometre-digital\\\/\"]}]},{\"@type\":\"ImageObject\",\"inLanguage\":\"fr-FR\",\"@id\":\"https:\\\/\\\/www.metrica.it\\\/fr\\\/produit\\\/odometre-digital\\\/#primaryimage\",\"url\":\"https:\\\/\\\/www.metrica.it\\\/wp-content\\\/uploads\\\/2024\\\/06\\\/60459_2.jpg\",\"contentUrl\":\"https:\\\/\\\/www.metrica.it\\\/wp-content\\\/uploads\\\/2024\\\/06\\\/60459_2.jpg\",\"width\":800,\"height\":800},{\"@type\":\"BreadcrumbList\",\"@id\":\"https:\\\/\\\/www.metrica.it\\\/fr\\\/produit\\\/odometre-digital\\\/#breadcrumb\",\"itemListElement\":[{\"@type\":\"ListItem\",\"position\":1,\"name\":\"Home\",\"item\":\"https:\\\/\\\/www.metrica.it\\\/fr\\\/\"},{\"@type\":\"ListItem\",\"position\":2,\"name\":\"Catalogue\",\"item\":\"https:\\\/\\\/www.metrica.it\\\/fr\\\/catalogue\\\/\"},{\"@type\":\"ListItem\",\"position\":3,\"name\":\"Odom\u00c8tre Digital\"}]},{\"@type\":\"WebSite\",\"@id\":\"https:\\\/\\\/www.metrica.it\\\/fr\\\/#website\",\"url\":\"https:\\\/\\\/www.metrica.it\\\/fr\\\/\",\"name\":\"Metrica\",\"description\":\"Made to measure\",\"potentialAction\":[{\"@type\":\"SearchAction\",\"target\":{\"@type\":\"EntryPoint\",\"urlTemplate\":\"https:\\\/\\\/www.metrica.it\\\/fr\\\/?s={search_term_string}\"},\"query-input\":{\"@type\":\"PropertyValueSpecification\",\"valueRequired\":true,\"valueName\":\"search_term_string\"}}],\"inLanguage\":\"fr-FR\"}]}<\/script>","yoast_head_json":{"title":"MISURATORE STRADALE ELETTRONICO","robots":{"index":"index","follow":"follow","max-snippet":"max-snippet:-1","max-image-preview":"max-image-preview:large","max-video-preview":"max-video-preview:-1"},"canonical":"https:\/\/www.metrica.it\/fr\/produit\/odometre-digital\/","og_locale":"fr_FR","og_type":"article","og_title":"MISURATORE STRADALE ELETTRONICO","og_description":"\u00c9cran LCD (\u00e0 cristaux liquides) situ\u00e9 sur la partie sup\u00e9rieure pour une lecture facileCompteur \u00e0 6 chiffresCapacit\u00e9 10 km, lecture m\/cmLecture 1 cmFonction m\u00e9moire HOLDRoue \u00d8 29 cmArr\u00eat automatique apr\u00e8s 3 minutes3 modes de mesure: A - B - CPoign\u00e9e t\u00e9lescopiqueSac de transport8 m\u00e9moiresCalcul de surfacem\/inch\/Feet\/Mile\/yard\/m\/kmPiles 2 x AAPoids 1,5 kgAutonomie 5 heuresR\u00e9glage du contraste du moniteur","og_url":"https:\/\/www.metrica.it\/fr\/produit\/odometre-digital\/","og_site_name":"Metrica","article_modified_time":"2024-09-16T19:03:39+00:00","og_image":[{"width":800,"height":800,"url":"https:\/\/www.metrica.it\/wp-content\/uploads\/2024\/06\/60459_2.jpg","type":"image\/jpeg"}],"twitter_card":"summary_large_image","schema":{"@context":"https:\/\/schema.org","@graph":[{"@type":"WebPage","@id":"https:\/\/www.metrica.it\/fr\/produit\/odometre-digital\/","url":"https:\/\/www.metrica.it\/fr\/produit\/odometre-digital\/","name":"MISURATORE STRADALE ELETTRONICO","isPartOf":{"@id":"https:\/\/www.metrica.it\/fr\/#website"},"primaryImageOfPage":{"@id":"https:\/\/www.metrica.it\/fr\/produit\/odometre-digital\/#primaryimage"},"image":{"@id":"https:\/\/www.metrica.it\/fr\/produit\/odometre-digital\/#primaryimage"},"thumbnailUrl":"https:\/\/www.metrica.it\/wp-content\/uploads\/2024\/06\/60459_2.jpg","datePublished":"2024-09-16T10:15:05+00:00","dateModified":"2024-09-16T19:03:39+00:00","breadcrumb":{"@id":"https:\/\/www.metrica.it\/fr\/produit\/odometre-digital\/#breadcrumb"},"inLanguage":"fr-FR","potentialAction":[{"@type":"ReadAction","target":["https:\/\/www.metrica.it\/fr\/produit\/odometre-digital\/"]}]},{"@type":"ImageObject","inLanguage":"fr-FR","@id":"https:\/\/www.metrica.it\/fr\/produit\/odometre-digital\/#primaryimage","url":"https:\/\/www.metrica.it\/wp-content\/uploads\/2024\/06\/60459_2.jpg","contentUrl":"https:\/\/www.metrica.it\/wp-content\/uploads\/2024\/06\/60459_2.jpg","width":800,"height":800},{"@type":"BreadcrumbList","@id":"https:\/\/www.metrica.it\/fr\/produit\/odometre-digital\/#breadcrumb","itemListElement":[{"@type":"ListItem","position":1,"name":"Home","item":"https:\/\/www.metrica.it\/fr\/"},{"@type":"ListItem","position":2,"name":"Catalogue","item":"https:\/\/www.metrica.it\/fr\/catalogue\/"},{"@type":"ListItem","position":3,"name":"Odom\u00c8tre Digital"}]},{"@type":"WebSite","@id":"https:\/\/www.metrica.it\/fr\/#website","url":"https:\/\/www.metrica.it\/fr\/","name":"Metrica","description":"Made to measure","potentialAction":[{"@type":"SearchAction","target":{"@type":"EntryPoint","urlTemplate":"https:\/\/www.metrica.it\/fr\/?s={search_term_string}"},"query-input":{"@type":"PropertyValueSpecification","valueRequired":true,"valueName":"search_term_string"}}],"inLanguage":"fr-FR"}]}},"meta_box":{"awr_documentation":[{"filesize":273604,"ID":"146355","name":"60459.pdf","path":"\/var\/www\/html\/wp-content\/uploads\/2024\/09\/60459.pdf","url":"https:\/\/www.metrica.it\/wp-content\/uploads\/2024\/09\/60459.pdf","title":"60459.pdf"}],"awr_manuale":[],"awr_scheda_tecnica":"","awr_youtube_video":"","awr_classe_prodotto":"","awr_customize_product":"0","awr_custom_image":false,"awr_related_products":[{"awr_product_name":"Misuratore Stradale Elettronico","awr_product_references":"ref:60459|ean:8001066604593|l:10km|unit_misura:1cm|pack:1"}],"awr_consumabili":"","awr_alternativi":"","awr_aliases":"60459","awr_skuid":"60459-it"},"_links":{"self":[{"href":"https:\/\/www.metrica.it\/fr\/wp-json\/wp\/v2\/product\/142666","targetHints":{"allow":["GET"]}}],"collection":[{"href":"https:\/\/www.metrica.it\/fr\/wp-json\/wp\/v2\/product"}],"about":[{"href":"https:\/\/www.metrica.it\/fr\/wp-json\/wp\/v2\/types\/product"}],"wp:featuredmedia":[{"embeddable":true,"href":"https:\/\/www.metrica.it\/fr\/wp-json\/wp\/v2\/media\/131304"}],"wp:attachment":[{"href":"https:\/\/www.metrica.it\/fr\/wp-json\/wp\/v2\/media?parent=142666"}],"wp:term":[{"taxonomy":"product_cat","embeddable":true,"href":"https:\/\/www.metrica.it\/fr\/wp-json\/wp\/v2\/product_cat?post=142666"},{"taxonomy":"product_tag","embeddable":true,"href":"https:\/\/www.metrica.it\/fr\/wp-json\/wp\/v2\/product_tag?post=142666"}],"curies":[{"name":"wp","href":"https:\/\/api.w.org\/{rel}","templated":true}]}}