{"id":142676,"date":"2024-09-16T12:44:12","date_gmt":"2024-09-16T10:44:12","guid":{"rendered":"https:\/\/www.metrica.it\/prodotto\/pied-a-coulisse-ip-54-sortie-de-donnees\/"},"modified":"2024-09-16T21:36:02","modified_gmt":"2024-09-16T19:36:02","slug":"pied-a-coulisse-ip-54-sortie-de-donnees","status":"publish","type":"product","link":"https:\/\/www.metrica.it\/fr\/produit\/pied-a-coulisse-ip-54-sortie-de-donnees\/","title":{"rendered":"Pied \u00c0 Coulisse Ip 54 Sortie De Donn\u00c9es"},"content":{"rendered":"<ul>\n<li>Pr\u00e9disposition pour la transmission de donn\u00e9es sans fil<\/li>\n<li>Pied \u00e0 coulisse en acier tremp\u00e9 inoxydable<\/li>\n<li>Mod\u00e8le professionnel<\/li>\n<li>Protection IP 54<\/li>\n<li>4 fonctions de mesure<\/li>\n<li>\u00c9cran LCD \u00e0 haute visibilit\u00e9<\/li>\n<li>Fabriqu\u00e9 selon DIN862<\/li>\n<li>Boutons: On \/ Off, Z\u00e9ro, ABS, mm \/ pouce<\/li>\n<li>R\u00e9solution 0,01 mm<\/li>\n<li>R\u00e9p\u00e9tabilit\u00e9 0,01 mm<\/li>\n<li>Pr\u00e9cision 0,01 mm<\/li>\n<li>Sortie de donn\u00e9es<\/li>\n<li>Non vendable en DE \/ G.B. \/ USA \/ J<\/li>\n<\/ul>\n","protected":false},"excerpt":{"rendered":"<p>Pr\u00e9disposition pour la transmission de donn\u00e9es sans fil<\/p>\n<p>Pied \u00e0 coulisse en acier tremp\u00e9 inoxydable<\/p>\n<p>Mod\u00e8le professionnel<\/p>\n<p>Protection IP 54<\/p>\n<p>4 fonctions de mesure<\/p>\n<p>\u00c9cran LCD \u00e0 haute visibilit\u00e9<\/p>\n<p>Fabriqu\u00e9 selon DIN862<\/p>\n<p>Boutons: On \/ Off, Z\u00e9ro, ABS, mm \/ pouce<\/p>\n<p>R\u00e9solution 0,01 mm<\/p>\n<p>R\u00e9p\u00e9tabilit\u00e9 0,01 mm<\/p>\n<p>Pr\u00e9cision 0,01 mm<\/p>\n<p>Sortie de donn\u00e9es<\/p>\n<p>\u00a0<\/p>\n<p>Non vendable en DE \/ G.B. \/ USA \/ J<\/p>\n","protected":false},"featured_media":123142,"template":"","meta":[],"product_cat":[641,649],"product_tag":[],"class_list":{"0":"post-142676","1":"product","2":"type-product","3":"status-publish","4":"has-post-thumbnail","6":"product_cat-mesures-mecaniques","7":"product_cat-pieds-a-coulisse","9":"first","10":"instock","11":"sold-individually","12":"product-type-simple"},"yoast_head":"<title>CALIBRO DGT IP 54 OUTPUT DATA | Pieds A Coulisse | Mesures M\u00e9caniques - Metrica<\/title>\n<meta name=\"description\" content=\"D\u00e9couvrez la collection de produits., CALIBRO DGT IP 54 OUTPUT DATA - Pieds A Coulisse.Predisposto per trasmissione dati wireless,Calibro in acciaio inox temprato,Modello professionale . Consultez le catalogue sur le site officiel de Metrica\" \/>\n<meta name=\"robots\" content=\"index, follow, max-snippet:-1, max-image-preview:large, max-video-preview:-1\" \/>\n<link rel=\"canonical\" href=\"https:\/\/www.metrica.it\/fr\/produit\/pied-a-coulisse-ip-54-sortie-de-donnees\/\" \/>\n<meta property=\"og:locale\" content=\"fr_FR\" \/>\n<meta property=\"og:type\" content=\"article\" \/>\n<meta property=\"og:title\" content=\"CALIBRO DGT IP 54 OUTPUT DATA | Pieds A Coulisse | Mesures M\u00e9caniques - Metrica\" \/>\n<meta property=\"og:description\" content=\"D\u00e9couvrez la collection de produits., CALIBRO DGT IP 54 OUTPUT DATA - Pieds A Coulisse.Predisposto per trasmissione dati wireless,Calibro in acciaio inox temprato,Modello professionale . Consultez le catalogue sur le site officiel de Metrica\" \/>\n<meta property=\"og:url\" content=\"https:\/\/www.metrica.it\/fr\/produit\/pied-a-coulisse-ip-54-sortie-de-donnees\/\" \/>\n<meta property=\"og:site_name\" content=\"Metrica\" \/>\n<meta property=\"article:modified_time\" content=\"2024-09-16T19:36:02+00:00\" \/>\n<meta property=\"og:image\" content=\"https:\/\/www.metrica.it\/wp-content\/uploads\/2024\/05\/10081_2.jpg\" \/>\n\t<meta property=\"og:image:width\" content=\"800\" \/>\n\t<meta property=\"og:image:height\" content=\"800\" \/>\n\t<meta property=\"og:image:type\" content=\"image\/jpeg\" \/>\n<meta name=\"twitter:card\" content=\"summary_large_image\" \/>\n<script type=\"application\/ld+json\" class=\"yoast-schema-graph\">{\"@context\":\"https:\\\/\\\/schema.org\",\"@graph\":[{\"@type\":\"WebPage\",\"@id\":\"https:\\\/\\\/www.metrica.it\\\/fr\\\/produit\\\/pied-a-coulisse-ip-54-sortie-de-donnees\\\/\",\"url\":\"https:\\\/\\\/www.metrica.it\\\/fr\\\/produit\\\/pied-a-coulisse-ip-54-sortie-de-donnees\\\/\",\"name\":\"CALIBRO DGT IP 54 OUTPUT DATA | Pieds A Coulisse | Mesures M\u00e9caniques - Metrica\",\"isPartOf\":{\"@id\":\"https:\\\/\\\/www.metrica.it\\\/fr\\\/#website\"},\"primaryImageOfPage\":{\"@id\":\"https:\\\/\\\/www.metrica.it\\\/fr\\\/produit\\\/pied-a-coulisse-ip-54-sortie-de-donnees\\\/#primaryimage\"},\"image\":{\"@id\":\"https:\\\/\\\/www.metrica.it\\\/fr\\\/produit\\\/pied-a-coulisse-ip-54-sortie-de-donnees\\\/#primaryimage\"},\"thumbnailUrl\":\"https:\\\/\\\/www.metrica.it\\\/wp-content\\\/uploads\\\/2024\\\/05\\\/10081_2.jpg\",\"datePublished\":\"2024-09-16T10:44:12+00:00\",\"dateModified\":\"2024-09-16T19:36:02+00:00\",\"description\":\"D\u00e9couvrez la collection de produits., CALIBRO DGT IP 54 OUTPUT DATA - Pieds A Coulisse.Predisposto per trasmissione dati wireless,Calibro in acciaio inox temprato,Modello professionale . Consultez le catalogue sur le site officiel de Metrica\",\"breadcrumb\":{\"@id\":\"https:\\\/\\\/www.metrica.it\\\/fr\\\/produit\\\/pied-a-coulisse-ip-54-sortie-de-donnees\\\/#breadcrumb\"},\"inLanguage\":\"fr-FR\",\"potentialAction\":[{\"@type\":\"ReadAction\",\"target\":[\"https:\\\/\\\/www.metrica.it\\\/fr\\\/produit\\\/pied-a-coulisse-ip-54-sortie-de-donnees\\\/\"]}]},{\"@type\":\"ImageObject\",\"inLanguage\":\"fr-FR\",\"@id\":\"https:\\\/\\\/www.metrica.it\\\/fr\\\/produit\\\/pied-a-coulisse-ip-54-sortie-de-donnees\\\/#primaryimage\",\"url\":\"https:\\\/\\\/www.metrica.it\\\/wp-content\\\/uploads\\\/2024\\\/05\\\/10081_2.jpg\",\"contentUrl\":\"https:\\\/\\\/www.metrica.it\\\/wp-content\\\/uploads\\\/2024\\\/05\\\/10081_2.jpg\",\"width\":800,\"height\":800},{\"@type\":\"BreadcrumbList\",\"@id\":\"https:\\\/\\\/www.metrica.it\\\/fr\\\/produit\\\/pied-a-coulisse-ip-54-sortie-de-donnees\\\/#breadcrumb\",\"itemListElement\":[{\"@type\":\"ListItem\",\"position\":1,\"name\":\"Home\",\"item\":\"https:\\\/\\\/www.metrica.it\\\/fr\\\/\"},{\"@type\":\"ListItem\",\"position\":2,\"name\":\"Catalogue\",\"item\":\"https:\\\/\\\/www.metrica.it\\\/fr\\\/catalogue\\\/\"},{\"@type\":\"ListItem\",\"position\":3,\"name\":\"Pied \u00c0 Coulisse Ip 54 Sortie De Donn\u00c9es\"}]},{\"@type\":\"WebSite\",\"@id\":\"https:\\\/\\\/www.metrica.it\\\/fr\\\/#website\",\"url\":\"https:\\\/\\\/www.metrica.it\\\/fr\\\/\",\"name\":\"Metrica\",\"description\":\"Made to measure\",\"potentialAction\":[{\"@type\":\"SearchAction\",\"target\":{\"@type\":\"EntryPoint\",\"urlTemplate\":\"https:\\\/\\\/www.metrica.it\\\/fr\\\/?s={search_term_string}\"},\"query-input\":{\"@type\":\"PropertyValueSpecification\",\"valueRequired\":true,\"valueName\":\"search_term_string\"}}],\"inLanguage\":\"fr-FR\"}]}<\/script>","yoast_head_json":{"title":"CALIBRO DGT IP 54 OUTPUT DATA | Pieds A Coulisse | Mesures M\u00e9caniques - Metrica","description":"D\u00e9couvrez la collection de produits., CALIBRO DGT IP 54 OUTPUT DATA - Pieds A Coulisse.Predisposto per trasmissione dati wireless,Calibro in acciaio inox temprato,Modello professionale . Consultez le catalogue sur le site officiel de Metrica","robots":{"index":"index","follow":"follow","max-snippet":"max-snippet:-1","max-image-preview":"max-image-preview:large","max-video-preview":"max-video-preview:-1"},"canonical":"https:\/\/www.metrica.it\/fr\/produit\/pied-a-coulisse-ip-54-sortie-de-donnees\/","og_locale":"fr_FR","og_type":"article","og_title":"CALIBRO DGT IP 54 OUTPUT DATA | Pieds A Coulisse | Mesures M\u00e9caniques - Metrica","og_description":"D\u00e9couvrez la collection de produits., CALIBRO DGT IP 54 OUTPUT DATA - Pieds A Coulisse.Predisposto per trasmissione dati wireless,Calibro in acciaio inox temprato,Modello professionale . Consultez le catalogue sur le site officiel de Metrica","og_url":"https:\/\/www.metrica.it\/fr\/produit\/pied-a-coulisse-ip-54-sortie-de-donnees\/","og_site_name":"Metrica","article_modified_time":"2024-09-16T19:36:02+00:00","og_image":[{"width":800,"height":800,"url":"https:\/\/www.metrica.it\/wp-content\/uploads\/2024\/05\/10081_2.jpg","type":"image\/jpeg"}],"twitter_card":"summary_large_image","schema":{"@context":"https:\/\/schema.org","@graph":[{"@type":"WebPage","@id":"https:\/\/www.metrica.it\/fr\/produit\/pied-a-coulisse-ip-54-sortie-de-donnees\/","url":"https:\/\/www.metrica.it\/fr\/produit\/pied-a-coulisse-ip-54-sortie-de-donnees\/","name":"CALIBRO DGT IP 54 OUTPUT DATA | Pieds A Coulisse | Mesures M\u00e9caniques - Metrica","isPartOf":{"@id":"https:\/\/www.metrica.it\/fr\/#website"},"primaryImageOfPage":{"@id":"https:\/\/www.metrica.it\/fr\/produit\/pied-a-coulisse-ip-54-sortie-de-donnees\/#primaryimage"},"image":{"@id":"https:\/\/www.metrica.it\/fr\/produit\/pied-a-coulisse-ip-54-sortie-de-donnees\/#primaryimage"},"thumbnailUrl":"https:\/\/www.metrica.it\/wp-content\/uploads\/2024\/05\/10081_2.jpg","datePublished":"2024-09-16T10:44:12+00:00","dateModified":"2024-09-16T19:36:02+00:00","description":"D\u00e9couvrez la collection de produits., CALIBRO DGT IP 54 OUTPUT DATA - Pieds A Coulisse.Predisposto per trasmissione dati wireless,Calibro in acciaio inox temprato,Modello professionale . Consultez le catalogue sur le site officiel de Metrica","breadcrumb":{"@id":"https:\/\/www.metrica.it\/fr\/produit\/pied-a-coulisse-ip-54-sortie-de-donnees\/#breadcrumb"},"inLanguage":"fr-FR","potentialAction":[{"@type":"ReadAction","target":["https:\/\/www.metrica.it\/fr\/produit\/pied-a-coulisse-ip-54-sortie-de-donnees\/"]}]},{"@type":"ImageObject","inLanguage":"fr-FR","@id":"https:\/\/www.metrica.it\/fr\/produit\/pied-a-coulisse-ip-54-sortie-de-donnees\/#primaryimage","url":"https:\/\/www.metrica.it\/wp-content\/uploads\/2024\/05\/10081_2.jpg","contentUrl":"https:\/\/www.metrica.it\/wp-content\/uploads\/2024\/05\/10081_2.jpg","width":800,"height":800},{"@type":"BreadcrumbList","@id":"https:\/\/www.metrica.it\/fr\/produit\/pied-a-coulisse-ip-54-sortie-de-donnees\/#breadcrumb","itemListElement":[{"@type":"ListItem","position":1,"name":"Home","item":"https:\/\/www.metrica.it\/fr\/"},{"@type":"ListItem","position":2,"name":"Catalogue","item":"https:\/\/www.metrica.it\/fr\/catalogue\/"},{"@type":"ListItem","position":3,"name":"Pied \u00c0 Coulisse Ip 54 Sortie De Donn\u00c9es"}]},{"@type":"WebSite","@id":"https:\/\/www.metrica.it\/fr\/#website","url":"https:\/\/www.metrica.it\/fr\/","name":"Metrica","description":"Made to measure","potentialAction":[{"@type":"SearchAction","target":{"@type":"EntryPoint","urlTemplate":"https:\/\/www.metrica.it\/fr\/?s={search_term_string}"},"query-input":{"@type":"PropertyValueSpecification","valueRequired":true,"valueName":"search_term_string"}}],"inLanguage":"fr-FR"}]}},"meta_box":{"awr_documentation":[{"filesize":164939,"ID":"146380","name":"10081.pdf","path":"\/var\/www\/html\/wp-content\/uploads\/2024\/09\/10081.pdf","url":"https:\/\/www.metrica.it\/wp-content\/uploads\/2024\/09\/10081.pdf","title":"10081.pdf"}],"awr_manuale":[],"awr_scheda_tecnica":"","awr_youtube_video":"","awr_classe_prodotto":"","awr_customize_product":"0","awr_custom_image":false,"awr_related_products":[{"awr_product_name":"Calibro Dgt Ip 54 Output Data","awr_product_references":"ref:10081|ean:8001066100811|a_mm:0-150|b_mm:40|unit_misura_mm:0,01|unit_misura_inch:0,0005|pack:1"}],"awr_consumabili":"10082","awr_alternativi":"","awr_aliases":"10081","awr_skuid":"10081-it"},"_links":{"self":[{"href":"https:\/\/www.metrica.it\/fr\/wp-json\/wp\/v2\/product\/142676","targetHints":{"allow":["GET"]}}],"collection":[{"href":"https:\/\/www.metrica.it\/fr\/wp-json\/wp\/v2\/product"}],"about":[{"href":"https:\/\/www.metrica.it\/fr\/wp-json\/wp\/v2\/types\/product"}],"wp:featuredmedia":[{"embeddable":true,"href":"https:\/\/www.metrica.it\/fr\/wp-json\/wp\/v2\/media\/123142"}],"wp:attachment":[{"href":"https:\/\/www.metrica.it\/fr\/wp-json\/wp\/v2\/media?parent=142676"}],"wp:term":[{"taxonomy":"product_cat","embeddable":true,"href":"https:\/\/www.metrica.it\/fr\/wp-json\/wp\/v2\/product_cat?post=142676"},{"taxonomy":"product_tag","embeddable":true,"href":"https:\/\/www.metrica.it\/fr\/wp-json\/wp\/v2\/product_tag?post=142676"}],"curies":[{"name":"wp","href":"https:\/\/api.w.org\/{rel}","templated":true}]}}