{"id":142686,"date":"2024-09-16T12:42:29","date_gmt":"2024-09-16T10:42:29","guid":{"rendered":"https:\/\/www.metrica.it\/prodotto\/regle-a-niveau-professionelle-en-aluminium\/"},"modified":"2024-09-16T21:34:06","modified_gmt":"2024-09-16T19:34:06","slug":"regle-a-niveau-professionelle-en-aluminium","status":"publish","type":"product","link":"https:\/\/www.metrica.it\/fr\/produit\/regle-a-niveau-professionelle-en-aluminium\/","title":{"rendered":"R\u00e8gle \u00c0 Niveau Professionelle En Aluminium"},"content":{"rendered":"<ul>\n<li>Mod\u00e8le professionnel<\/li>\n<li>R\u00e8gle \u00e0 niveau avec deux poign\u00e9es<\/li>\n<li>2 fioles acryliques r\u00e9sistantes aux chocs<\/li>\n<li>Section rectangulaire large 100 x 18 mm<\/li>\n<\/ul>\n","protected":false},"excerpt":{"rendered":"<p>Mod\u00e8le professionnel<br \/>R\u00e8gle \u00e0 niveau avec deux poign\u00e9es<br \/>2 fioles acryliques r\u00e9sistantes aux chocs<br \/>Section rectangulaire large 100 x 18 mm<\/p>\n","protected":false},"featured_media":122702,"template":"","meta":[],"product_cat":[550,578],"product_tag":[],"class_list":{"0":"post-142686","1":"product","2":"type-product","3":"status-publish","4":"has-post-thumbnail","6":"product_cat-niveaux","7":"product_cat-regles-a-niveau","9":"first","10":"instock","11":"sold-individually","12":"product-type-simple"},"yoast_head":"<title>Staggia Di Livellamento In Alluminio Professionale | R\u00e8gles \u00e0 Niveau | Niveaux - Metrica<\/title>\n<meta name=\"description\" content=\"D\u00e9couvrez la collection de produits., Staggia Di Livellamento In Alluminio Professionale - R\u00e8gles \u00e0 Niveau.Modello professionale,Staggia di livellamento con due impugnature,Due fiale acriliche re . Consultez le catalogue sur le site officiel de Metrica\" \/>\n<meta name=\"robots\" content=\"index, follow, max-snippet:-1, max-image-preview:large, max-video-preview:-1\" \/>\n<link rel=\"canonical\" href=\"https:\/\/www.metrica.it\/fr\/produit\/regle-a-niveau-professionelle-en-aluminium\/\" \/>\n<meta property=\"og:locale\" content=\"fr_FR\" \/>\n<meta property=\"og:type\" content=\"article\" \/>\n<meta property=\"og:title\" content=\"Staggia Di Livellamento In Alluminio Professionale | R\u00e8gles \u00e0 Niveau | Niveaux - Metrica\" \/>\n<meta property=\"og:description\" content=\"D\u00e9couvrez la collection de produits., Staggia Di Livellamento In Alluminio Professionale - R\u00e8gles \u00e0 Niveau.Modello professionale,Staggia di livellamento con due impugnature,Due fiale acriliche re . Consultez le catalogue sur le site officiel de Metrica\" \/>\n<meta property=\"og:url\" content=\"https:\/\/www.metrica.it\/fr\/produit\/regle-a-niveau-professionelle-en-aluminium\/\" \/>\n<meta property=\"og:site_name\" content=\"Metrica\" \/>\n<meta property=\"article:modified_time\" content=\"2024-09-16T19:34:06+00:00\" \/>\n<meta property=\"og:image\" content=\"https:\/\/www.metrica.it\/wp-content\/uploads\/2024\/05\/32670.jpg\" \/>\n\t<meta property=\"og:image:width\" content=\"800\" \/>\n\t<meta property=\"og:image:height\" content=\"800\" \/>\n\t<meta property=\"og:image:type\" content=\"image\/jpeg\" \/>\n<meta name=\"twitter:card\" content=\"summary_large_image\" \/>\n<script type=\"application\/ld+json\" class=\"yoast-schema-graph\">{\"@context\":\"https:\\\/\\\/schema.org\",\"@graph\":[{\"@type\":\"WebPage\",\"@id\":\"https:\\\/\\\/www.metrica.it\\\/fr\\\/produit\\\/regle-a-niveau-professionelle-en-aluminium\\\/\",\"url\":\"https:\\\/\\\/www.metrica.it\\\/fr\\\/produit\\\/regle-a-niveau-professionelle-en-aluminium\\\/\",\"name\":\"Staggia Di Livellamento In Alluminio Professionale | R\u00e8gles \u00e0 Niveau | Niveaux - Metrica\",\"isPartOf\":{\"@id\":\"https:\\\/\\\/www.metrica.it\\\/fr\\\/#website\"},\"primaryImageOfPage\":{\"@id\":\"https:\\\/\\\/www.metrica.it\\\/fr\\\/produit\\\/regle-a-niveau-professionelle-en-aluminium\\\/#primaryimage\"},\"image\":{\"@id\":\"https:\\\/\\\/www.metrica.it\\\/fr\\\/produit\\\/regle-a-niveau-professionelle-en-aluminium\\\/#primaryimage\"},\"thumbnailUrl\":\"https:\\\/\\\/www.metrica.it\\\/wp-content\\\/uploads\\\/2024\\\/05\\\/32670.jpg\",\"datePublished\":\"2024-09-16T10:42:29+00:00\",\"dateModified\":\"2024-09-16T19:34:06+00:00\",\"description\":\"D\u00e9couvrez la collection de produits., Staggia Di Livellamento In Alluminio Professionale - R\u00e8gles \u00e0 Niveau.Modello professionale,Staggia di livellamento con due impugnature,Due fiale acriliche re . Consultez le catalogue sur le site officiel de Metrica\",\"breadcrumb\":{\"@id\":\"https:\\\/\\\/www.metrica.it\\\/fr\\\/produit\\\/regle-a-niveau-professionelle-en-aluminium\\\/#breadcrumb\"},\"inLanguage\":\"fr-FR\",\"potentialAction\":[{\"@type\":\"ReadAction\",\"target\":[\"https:\\\/\\\/www.metrica.it\\\/fr\\\/produit\\\/regle-a-niveau-professionelle-en-aluminium\\\/\"]}]},{\"@type\":\"ImageObject\",\"inLanguage\":\"fr-FR\",\"@id\":\"https:\\\/\\\/www.metrica.it\\\/fr\\\/produit\\\/regle-a-niveau-professionelle-en-aluminium\\\/#primaryimage\",\"url\":\"https:\\\/\\\/www.metrica.it\\\/wp-content\\\/uploads\\\/2024\\\/05\\\/32670.jpg\",\"contentUrl\":\"https:\\\/\\\/www.metrica.it\\\/wp-content\\\/uploads\\\/2024\\\/05\\\/32670.jpg\",\"width\":800,\"height\":800},{\"@type\":\"BreadcrumbList\",\"@id\":\"https:\\\/\\\/www.metrica.it\\\/fr\\\/produit\\\/regle-a-niveau-professionelle-en-aluminium\\\/#breadcrumb\",\"itemListElement\":[{\"@type\":\"ListItem\",\"position\":1,\"name\":\"Home\",\"item\":\"https:\\\/\\\/www.metrica.it\\\/fr\\\/\"},{\"@type\":\"ListItem\",\"position\":2,\"name\":\"Catalogue\",\"item\":\"https:\\\/\\\/www.metrica.it\\\/fr\\\/catalogue\\\/\"},{\"@type\":\"ListItem\",\"position\":3,\"name\":\"R\u00e8gle \u00c0 Niveau Professionelle En Aluminium\"}]},{\"@type\":\"WebSite\",\"@id\":\"https:\\\/\\\/www.metrica.it\\\/fr\\\/#website\",\"url\":\"https:\\\/\\\/www.metrica.it\\\/fr\\\/\",\"name\":\"Metrica\",\"description\":\"Made to measure\",\"potentialAction\":[{\"@type\":\"SearchAction\",\"target\":{\"@type\":\"EntryPoint\",\"urlTemplate\":\"https:\\\/\\\/www.metrica.it\\\/fr\\\/?s={search_term_string}\"},\"query-input\":{\"@type\":\"PropertyValueSpecification\",\"valueRequired\":true,\"valueName\":\"search_term_string\"}}],\"inLanguage\":\"fr-FR\"}]}<\/script>","yoast_head_json":{"title":"Staggia Di Livellamento In Alluminio Professionale | R\u00e8gles \u00e0 Niveau | Niveaux - Metrica","description":"D\u00e9couvrez la collection de produits., Staggia Di Livellamento In Alluminio Professionale - R\u00e8gles \u00e0 Niveau.Modello professionale,Staggia di livellamento con due impugnature,Due fiale acriliche re . Consultez le catalogue sur le site officiel de Metrica","robots":{"index":"index","follow":"follow","max-snippet":"max-snippet:-1","max-image-preview":"max-image-preview:large","max-video-preview":"max-video-preview:-1"},"canonical":"https:\/\/www.metrica.it\/fr\/produit\/regle-a-niveau-professionelle-en-aluminium\/","og_locale":"fr_FR","og_type":"article","og_title":"Staggia Di Livellamento In Alluminio Professionale | R\u00e8gles \u00e0 Niveau | Niveaux - Metrica","og_description":"D\u00e9couvrez la collection de produits., Staggia Di Livellamento In Alluminio Professionale - R\u00e8gles \u00e0 Niveau.Modello professionale,Staggia di livellamento con due impugnature,Due fiale acriliche re . Consultez le catalogue sur le site officiel de Metrica","og_url":"https:\/\/www.metrica.it\/fr\/produit\/regle-a-niveau-professionelle-en-aluminium\/","og_site_name":"Metrica","article_modified_time":"2024-09-16T19:34:06+00:00","og_image":[{"width":800,"height":800,"url":"https:\/\/www.metrica.it\/wp-content\/uploads\/2024\/05\/32670.jpg","type":"image\/jpeg"}],"twitter_card":"summary_large_image","schema":{"@context":"https:\/\/schema.org","@graph":[{"@type":"WebPage","@id":"https:\/\/www.metrica.it\/fr\/produit\/regle-a-niveau-professionelle-en-aluminium\/","url":"https:\/\/www.metrica.it\/fr\/produit\/regle-a-niveau-professionelle-en-aluminium\/","name":"Staggia Di Livellamento In Alluminio Professionale | R\u00e8gles \u00e0 Niveau | Niveaux - Metrica","isPartOf":{"@id":"https:\/\/www.metrica.it\/fr\/#website"},"primaryImageOfPage":{"@id":"https:\/\/www.metrica.it\/fr\/produit\/regle-a-niveau-professionelle-en-aluminium\/#primaryimage"},"image":{"@id":"https:\/\/www.metrica.it\/fr\/produit\/regle-a-niveau-professionelle-en-aluminium\/#primaryimage"},"thumbnailUrl":"https:\/\/www.metrica.it\/wp-content\/uploads\/2024\/05\/32670.jpg","datePublished":"2024-09-16T10:42:29+00:00","dateModified":"2024-09-16T19:34:06+00:00","description":"D\u00e9couvrez la collection de produits., Staggia Di Livellamento In Alluminio Professionale - R\u00e8gles \u00e0 Niveau.Modello professionale,Staggia di livellamento con due impugnature,Due fiale acriliche re . Consultez le catalogue sur le site officiel de Metrica","breadcrumb":{"@id":"https:\/\/www.metrica.it\/fr\/produit\/regle-a-niveau-professionelle-en-aluminium\/#breadcrumb"},"inLanguage":"fr-FR","potentialAction":[{"@type":"ReadAction","target":["https:\/\/www.metrica.it\/fr\/produit\/regle-a-niveau-professionelle-en-aluminium\/"]}]},{"@type":"ImageObject","inLanguage":"fr-FR","@id":"https:\/\/www.metrica.it\/fr\/produit\/regle-a-niveau-professionelle-en-aluminium\/#primaryimage","url":"https:\/\/www.metrica.it\/wp-content\/uploads\/2024\/05\/32670.jpg","contentUrl":"https:\/\/www.metrica.it\/wp-content\/uploads\/2024\/05\/32670.jpg","width":800,"height":800},{"@type":"BreadcrumbList","@id":"https:\/\/www.metrica.it\/fr\/produit\/regle-a-niveau-professionelle-en-aluminium\/#breadcrumb","itemListElement":[{"@type":"ListItem","position":1,"name":"Home","item":"https:\/\/www.metrica.it\/fr\/"},{"@type":"ListItem","position":2,"name":"Catalogue","item":"https:\/\/www.metrica.it\/fr\/catalogue\/"},{"@type":"ListItem","position":3,"name":"R\u00e8gle \u00c0 Niveau Professionelle En Aluminium"}]},{"@type":"WebSite","@id":"https:\/\/www.metrica.it\/fr\/#website","url":"https:\/\/www.metrica.it\/fr\/","name":"Metrica","description":"Made to measure","potentialAction":[{"@type":"SearchAction","target":{"@type":"EntryPoint","urlTemplate":"https:\/\/www.metrica.it\/fr\/?s={search_term_string}"},"query-input":{"@type":"PropertyValueSpecification","valueRequired":true,"valueName":"search_term_string"}}],"inLanguage":"fr-FR"}]}},"meta_box":{"awr_documentation":[],"awr_manuale":[],"awr_scheda_tecnica":"","awr_youtube_video":"","awr_classe_prodotto":"","awr_customize_product":"0","awr_custom_image":false,"awr_related_products":[{"awr_product_name":"Staggia Di Livellamento In Alluminio Professionale","awr_product_references":"ref:32670|ean:8001066326709|l:100 cm|axb_mm:100x18 mm|pack:1"},{"awr_product_name":"Staggia Di Livellamento In Alluminio Professionale","awr_product_references":"ref:32671|ean:8001066326716|l:150 cm|axb_mm:100x18 mm|pack:1"},{"awr_product_name":"Staggia Di Livellamento In Alluminio Professionale","awr_product_references":"ref:32672|ean:8001066326723|l:180 cm|axb_mm:100x18 mm|pack:1"},{"awr_product_name":"Staggia Di Livellamento In Alluminio Professionale","awr_product_references":"ref:32673|ean:8001066326730|l:200 cm|axb_mm:100x18 mm|pack:1"},{"awr_product_name":"Staggia Di Livellamento In Alluminio Professionale","awr_product_references":"ref:32674|ean:8001066326747|l:250 cm|axb_mm:100x18 mm|pack:1"},{"awr_product_name":"Staggia Di Livellamento In Alluminio Professionale","awr_product_references":"ref:32675|ean:8001066326754|l:300 cm|axb_mm:100x18 mm|pack:1"},{"awr_product_name":"Staggia Di Livellamento In Alluminio Professionale","awr_product_references":"ref:32676|ean:8001066326761|l:350 cm|axb_mm:100x18 mm|pack:1"},{"awr_product_name":"Staggia Di Livellamento In Alluminio Professionale","awr_product_references":"ref:32677|ean:8001066326778|l:400 cm|axb_mm:100x18 mm|pack:1"}],"awr_consumabili":"","awr_alternativi":"","awr_aliases":"32670,32671,32672,32673,32674,32675,32676,32677","awr_skuid":"32670-it"},"_links":{"self":[{"href":"https:\/\/www.metrica.it\/fr\/wp-json\/wp\/v2\/product\/142686","targetHints":{"allow":["GET"]}}],"collection":[{"href":"https:\/\/www.metrica.it\/fr\/wp-json\/wp\/v2\/product"}],"about":[{"href":"https:\/\/www.metrica.it\/fr\/wp-json\/wp\/v2\/types\/product"}],"wp:featuredmedia":[{"embeddable":true,"href":"https:\/\/www.metrica.it\/fr\/wp-json\/wp\/v2\/media\/122702"}],"wp:attachment":[{"href":"https:\/\/www.metrica.it\/fr\/wp-json\/wp\/v2\/media?parent=142686"}],"wp:term":[{"taxonomy":"product_cat","embeddable":true,"href":"https:\/\/www.metrica.it\/fr\/wp-json\/wp\/v2\/product_cat?post=142686"},{"taxonomy":"product_tag","embeddable":true,"href":"https:\/\/www.metrica.it\/fr\/wp-json\/wp\/v2\/product_tag?post=142686"}],"curies":[{"name":"wp","href":"https:\/\/api.w.org\/{rel}","templated":true}]}}