{"id":142706,"date":"2024-09-16T11:38:34","date_gmt":"2024-09-16T09:38:34","guid":{"rendered":"https:\/\/www.metrica.it\/prodotto\/mesure-de-diametre-lecture-rapide\/"},"modified":"2024-09-16T20:29:18","modified_gmt":"2024-09-16T18:29:18","slug":"mesure-de-diametre-lecture-rapide","status":"publish","type":"product","link":"https:\/\/www.metrica.it\/fr\/produit\/mesure-de-diametre-lecture-rapide\/","title":{"rendered":"Mesure De Diam\u00e8tre Lecture Rapide"},"content":{"rendered":"<ul>\n<li>Pour mesure rapide et directe du diam\u00e8tre<\/li>\n<li>Sans fen\u00eatre pour retour du ruban<\/li>\n<li>\u00c9paisseur 0,10 mm<\/li>\n<li>Acier inox<\/li>\n<li>Lecture vernier 0,1 mm<\/li>\n<li>Graduation noir grav\u00e9e<\/li>\n<\/ul>\n","protected":false},"excerpt":{"rendered":"<p>Pour mesure rapide et directe du diam\u00e8tre<br \/>Sans fen\u00eatre pour retour du ruban<br \/>\u00c9paisseur 0,10 mm<br \/>Acier inox<br \/>Lecture vernier 0,1 mm<br \/>Graduation noir grav\u00e9e<\/p>\n","protected":false},"featured_media":132649,"template":"","meta":[],"product_cat":[49,609],"product_tag":[],"class_list":{"0":"post-142706","1":"product","2":"type-product","3":"status-publish","4":"has-post-thumbnail","6":"product_cat-mesures-de-longueur","7":"product_cat-regles-rubans-mesures-de-diametre","9":"first","10":"instock","11":"sold-individually","12":"product-type-simple"},"yoast_head":"<title>Diametrometro Rapido | R\u00e8gles - Rubans - Mesures de Diam\u00e8tre | Mesures de Longueur - Metrica<\/title>\n<meta name=\"description\" content=\"D\u00e9couvrez la collection de produits., Diametrometro Rapido - R\u00e8gles - Rubans - Mesures de Diam\u00e8tre.Per misure rapide e dirette del diametro,Senza finestrella per rientro del nastro,Spessore 0,10 . Consultez le catalogue sur le site officiel de Metrica\" \/>\n<meta name=\"robots\" content=\"index, follow, max-snippet:-1, max-image-preview:large, max-video-preview:-1\" \/>\n<link rel=\"canonical\" href=\"https:\/\/www.metrica.it\/fr\/produit\/mesure-de-diametre-lecture-rapide\/\" \/>\n<meta property=\"og:locale\" content=\"fr_FR\" \/>\n<meta property=\"og:type\" content=\"article\" \/>\n<meta property=\"og:title\" content=\"Diametrometro Rapido | R\u00e8gles - Rubans - Mesures de Diam\u00e8tre | Mesures de Longueur - Metrica\" \/>\n<meta property=\"og:description\" content=\"D\u00e9couvrez la collection de produits., Diametrometro Rapido - R\u00e8gles - Rubans - Mesures de Diam\u00e8tre.Per misure rapide e dirette del diametro,Senza finestrella per rientro del nastro,Spessore 0,10 . Consultez le catalogue sur le site officiel de Metrica\" \/>\n<meta property=\"og:url\" content=\"https:\/\/www.metrica.it\/fr\/produit\/mesure-de-diametre-lecture-rapide\/\" \/>\n<meta property=\"og:site_name\" content=\"Metrica\" \/>\n<meta property=\"article:modified_time\" content=\"2024-09-16T18:29:18+00:00\" \/>\n<meta property=\"og:image\" content=\"https:\/\/www.metrica.it\/wp-content\/uploads\/2024\/06\/25497_2.jpg\" \/>\n\t<meta property=\"og:image:width\" content=\"800\" \/>\n\t<meta property=\"og:image:height\" content=\"800\" \/>\n\t<meta property=\"og:image:type\" content=\"image\/jpeg\" \/>\n<meta name=\"twitter:card\" content=\"summary_large_image\" \/>\n<script type=\"application\/ld+json\" class=\"yoast-schema-graph\">{\"@context\":\"https:\\\/\\\/schema.org\",\"@graph\":[{\"@type\":\"WebPage\",\"@id\":\"https:\\\/\\\/www.metrica.it\\\/fr\\\/produit\\\/mesure-de-diametre-lecture-rapide\\\/\",\"url\":\"https:\\\/\\\/www.metrica.it\\\/fr\\\/produit\\\/mesure-de-diametre-lecture-rapide\\\/\",\"name\":\"Diametrometro Rapido | R\u00e8gles - Rubans - Mesures de Diam\u00e8tre | Mesures de Longueur - Metrica\",\"isPartOf\":{\"@id\":\"https:\\\/\\\/www.metrica.it\\\/fr\\\/#website\"},\"primaryImageOfPage\":{\"@id\":\"https:\\\/\\\/www.metrica.it\\\/fr\\\/produit\\\/mesure-de-diametre-lecture-rapide\\\/#primaryimage\"},\"image\":{\"@id\":\"https:\\\/\\\/www.metrica.it\\\/fr\\\/produit\\\/mesure-de-diametre-lecture-rapide\\\/#primaryimage\"},\"thumbnailUrl\":\"https:\\\/\\\/www.metrica.it\\\/wp-content\\\/uploads\\\/2024\\\/06\\\/25497_2.jpg\",\"datePublished\":\"2024-09-16T09:38:34+00:00\",\"dateModified\":\"2024-09-16T18:29:18+00:00\",\"description\":\"D\u00e9couvrez la collection de produits., Diametrometro Rapido - R\u00e8gles - Rubans - Mesures de Diam\u00e8tre.Per misure rapide e dirette del diametro,Senza finestrella per rientro del nastro,Spessore 0,10 . Consultez le catalogue sur le site officiel de Metrica\",\"breadcrumb\":{\"@id\":\"https:\\\/\\\/www.metrica.it\\\/fr\\\/produit\\\/mesure-de-diametre-lecture-rapide\\\/#breadcrumb\"},\"inLanguage\":\"fr-FR\",\"potentialAction\":[{\"@type\":\"ReadAction\",\"target\":[\"https:\\\/\\\/www.metrica.it\\\/fr\\\/produit\\\/mesure-de-diametre-lecture-rapide\\\/\"]}]},{\"@type\":\"ImageObject\",\"inLanguage\":\"fr-FR\",\"@id\":\"https:\\\/\\\/www.metrica.it\\\/fr\\\/produit\\\/mesure-de-diametre-lecture-rapide\\\/#primaryimage\",\"url\":\"https:\\\/\\\/www.metrica.it\\\/wp-content\\\/uploads\\\/2024\\\/06\\\/25497_2.jpg\",\"contentUrl\":\"https:\\\/\\\/www.metrica.it\\\/wp-content\\\/uploads\\\/2024\\\/06\\\/25497_2.jpg\",\"width\":800,\"height\":800},{\"@type\":\"BreadcrumbList\",\"@id\":\"https:\\\/\\\/www.metrica.it\\\/fr\\\/produit\\\/mesure-de-diametre-lecture-rapide\\\/#breadcrumb\",\"itemListElement\":[{\"@type\":\"ListItem\",\"position\":1,\"name\":\"Home\",\"item\":\"https:\\\/\\\/www.metrica.it\\\/fr\\\/\"},{\"@type\":\"ListItem\",\"position\":2,\"name\":\"Catalogue\",\"item\":\"https:\\\/\\\/www.metrica.it\\\/fr\\\/catalogue\\\/\"},{\"@type\":\"ListItem\",\"position\":3,\"name\":\"Mesure De Diam\u00e8tre Lecture Rapide\"}]},{\"@type\":\"WebSite\",\"@id\":\"https:\\\/\\\/www.metrica.it\\\/fr\\\/#website\",\"url\":\"https:\\\/\\\/www.metrica.it\\\/fr\\\/\",\"name\":\"Metrica\",\"description\":\"Made to measure\",\"potentialAction\":[{\"@type\":\"SearchAction\",\"target\":{\"@type\":\"EntryPoint\",\"urlTemplate\":\"https:\\\/\\\/www.metrica.it\\\/fr\\\/?s={search_term_string}\"},\"query-input\":{\"@type\":\"PropertyValueSpecification\",\"valueRequired\":true,\"valueName\":\"search_term_string\"}}],\"inLanguage\":\"fr-FR\"}]}<\/script>","yoast_head_json":{"title":"Diametrometro Rapido | R\u00e8gles - Rubans - Mesures de Diam\u00e8tre | Mesures de Longueur - Metrica","description":"D\u00e9couvrez la collection de produits., Diametrometro Rapido - R\u00e8gles - Rubans - Mesures de Diam\u00e8tre.Per misure rapide e dirette del diametro,Senza finestrella per rientro del nastro,Spessore 0,10 . Consultez le catalogue sur le site officiel de Metrica","robots":{"index":"index","follow":"follow","max-snippet":"max-snippet:-1","max-image-preview":"max-image-preview:large","max-video-preview":"max-video-preview:-1"},"canonical":"https:\/\/www.metrica.it\/fr\/produit\/mesure-de-diametre-lecture-rapide\/","og_locale":"fr_FR","og_type":"article","og_title":"Diametrometro Rapido | R\u00e8gles - Rubans - Mesures de Diam\u00e8tre | Mesures de Longueur - Metrica","og_description":"D\u00e9couvrez la collection de produits., Diametrometro Rapido - R\u00e8gles - Rubans - Mesures de Diam\u00e8tre.Per misure rapide e dirette del diametro,Senza finestrella per rientro del nastro,Spessore 0,10 . Consultez le catalogue sur le site officiel de Metrica","og_url":"https:\/\/www.metrica.it\/fr\/produit\/mesure-de-diametre-lecture-rapide\/","og_site_name":"Metrica","article_modified_time":"2024-09-16T18:29:18+00:00","og_image":[{"width":800,"height":800,"url":"https:\/\/www.metrica.it\/wp-content\/uploads\/2024\/06\/25497_2.jpg","type":"image\/jpeg"}],"twitter_card":"summary_large_image","schema":{"@context":"https:\/\/schema.org","@graph":[{"@type":"WebPage","@id":"https:\/\/www.metrica.it\/fr\/produit\/mesure-de-diametre-lecture-rapide\/","url":"https:\/\/www.metrica.it\/fr\/produit\/mesure-de-diametre-lecture-rapide\/","name":"Diametrometro Rapido | R\u00e8gles - Rubans - Mesures de Diam\u00e8tre | Mesures de Longueur - Metrica","isPartOf":{"@id":"https:\/\/www.metrica.it\/fr\/#website"},"primaryImageOfPage":{"@id":"https:\/\/www.metrica.it\/fr\/produit\/mesure-de-diametre-lecture-rapide\/#primaryimage"},"image":{"@id":"https:\/\/www.metrica.it\/fr\/produit\/mesure-de-diametre-lecture-rapide\/#primaryimage"},"thumbnailUrl":"https:\/\/www.metrica.it\/wp-content\/uploads\/2024\/06\/25497_2.jpg","datePublished":"2024-09-16T09:38:34+00:00","dateModified":"2024-09-16T18:29:18+00:00","description":"D\u00e9couvrez la collection de produits., Diametrometro Rapido - R\u00e8gles - Rubans - Mesures de Diam\u00e8tre.Per misure rapide e dirette del diametro,Senza finestrella per rientro del nastro,Spessore 0,10 . Consultez le catalogue sur le site officiel de Metrica","breadcrumb":{"@id":"https:\/\/www.metrica.it\/fr\/produit\/mesure-de-diametre-lecture-rapide\/#breadcrumb"},"inLanguage":"fr-FR","potentialAction":[{"@type":"ReadAction","target":["https:\/\/www.metrica.it\/fr\/produit\/mesure-de-diametre-lecture-rapide\/"]}]},{"@type":"ImageObject","inLanguage":"fr-FR","@id":"https:\/\/www.metrica.it\/fr\/produit\/mesure-de-diametre-lecture-rapide\/#primaryimage","url":"https:\/\/www.metrica.it\/wp-content\/uploads\/2024\/06\/25497_2.jpg","contentUrl":"https:\/\/www.metrica.it\/wp-content\/uploads\/2024\/06\/25497_2.jpg","width":800,"height":800},{"@type":"BreadcrumbList","@id":"https:\/\/www.metrica.it\/fr\/produit\/mesure-de-diametre-lecture-rapide\/#breadcrumb","itemListElement":[{"@type":"ListItem","position":1,"name":"Home","item":"https:\/\/www.metrica.it\/fr\/"},{"@type":"ListItem","position":2,"name":"Catalogue","item":"https:\/\/www.metrica.it\/fr\/catalogue\/"},{"@type":"ListItem","position":3,"name":"Mesure De Diam\u00e8tre Lecture Rapide"}]},{"@type":"WebSite","@id":"https:\/\/www.metrica.it\/fr\/#website","url":"https:\/\/www.metrica.it\/fr\/","name":"Metrica","description":"Made to measure","potentialAction":[{"@type":"SearchAction","target":{"@type":"EntryPoint","urlTemplate":"https:\/\/www.metrica.it\/fr\/?s={search_term_string}"},"query-input":{"@type":"PropertyValueSpecification","valueRequired":true,"valueName":"search_term_string"}}],"inLanguage":"fr-FR"}]}},"meta_box":{"awr_documentation":[],"awr_manuale":[],"awr_scheda_tecnica":"","awr_youtube_video":"","awr_classe_prodotto":"","awr_customize_product":"0","awr_custom_image":false,"awr_related_products":[{"awr_product_name":"Diametrometro Rapido","awr_product_references":"ref:25497|ean:8001066254972|axb_mm:8 x 0,10|circ_mm:45 \u00f7 362|diam_mm:15 \u00f7 115|pack:1"},{"awr_product_name":"Diametrometro Rapido","awr_product_references":"ref:25498|ean:8001066254989|axb_mm:13 x 0,10|circ_mm:315 \u00f7 1000|diam_mm:100 \u00f7 320|pack:1"}],"awr_consumabili":"","awr_alternativi":"","awr_aliases":"25497,25498","awr_skuid":"25497-it"},"_links":{"self":[{"href":"https:\/\/www.metrica.it\/fr\/wp-json\/wp\/v2\/product\/142706","targetHints":{"allow":["GET"]}}],"collection":[{"href":"https:\/\/www.metrica.it\/fr\/wp-json\/wp\/v2\/product"}],"about":[{"href":"https:\/\/www.metrica.it\/fr\/wp-json\/wp\/v2\/types\/product"}],"wp:featuredmedia":[{"embeddable":true,"href":"https:\/\/www.metrica.it\/fr\/wp-json\/wp\/v2\/media\/132649"}],"wp:attachment":[{"href":"https:\/\/www.metrica.it\/fr\/wp-json\/wp\/v2\/media?parent=142706"}],"wp:term":[{"taxonomy":"product_cat","embeddable":true,"href":"https:\/\/www.metrica.it\/fr\/wp-json\/wp\/v2\/product_cat?post=142706"},{"taxonomy":"product_tag","embeddable":true,"href":"https:\/\/www.metrica.it\/fr\/wp-json\/wp\/v2\/product_tag?post=142706"}],"curies":[{"name":"wp","href":"https:\/\/api.w.org\/{rel}","templated":true}]}}