{"id":142722,"date":"2024-09-16T12:28:34","date_gmt":"2024-09-16T10:28:34","guid":{"rendered":"https:\/\/www.metrica.it\/prodotto\/metre-avec-ventouse\/"},"modified":"2024-09-16T21:18:43","modified_gmt":"2024-09-16T19:18:43","slug":"metre-avec-ventouse","status":"publish","type":"product","link":"https:\/\/www.metrica.it\/fr\/produit\/metre-avec-ventouse\/","title":{"rendered":"M\u00c8tre Avec Ventouse"},"content":{"rendered":"<ul>\n<li><span>Ruban en fibre de verre<br \/><\/span><\/li>\n<li><span>Bo\u00eetier en ABS rev\u00eatu d\u2019une gaine antid\u00e9rapante<br \/><\/span><\/li>\n<li><span>Pour la mesure d\u2019adh\u00e9rence de surfaces courbes ou planes sans \u00e9raflures<br \/><\/span><\/li>\n<li><span>Id\u00e9al pour le \u00abwrapping\u00bb de voitures, bateaux, \u00e9v\u00e8nements, meubles aux surfaces <\/span><span>d\u00e9licates<br \/><\/span><\/li>\n<li><span>Ruban adh\u00e9sif pivotant sur ventouse pour mesurer les deux c\u00f4t\u00e9s sans d\u00e9placer la <\/span><span>ventouse\u00a0<br \/><\/span><\/li>\n<li><span>I Livr\u00e9 avec :<br \/><\/span><\/li>\n<li><span>&#8211; une ventouse de rechange<br \/><\/span><\/li>\n<li><span>&#8211; une ventouse avec pince pour fixer le ruban \u00e9galement pour surfaces concaves<\/span><\/li>\n<\/ul>\n","protected":false},"excerpt":{"rendered":"<p><span>Ruban en fibre de verre<br \/><\/span><\/p>\n<p><span>Bo\u00eetier en ABS rev\u00eatu d\u2019une gaine antid\u00e9rapante<br \/><\/span><\/p>\n<p><span>Pour la mesure d\u2019adh\u00e9rence de surfaces courbes ou planes sans \u00e9raflures<br \/><\/span><\/p>\n<p><span>Id\u00e9al pour le \u00abwrapping\u00bb de voitures, bateaux, \u00e9v\u00e8nements, meubles aux surfaces <\/span><\/p>\n<p><span>d\u00e9licates<br \/><\/span><\/p>\n<p><span>Ruban adh\u00e9sif pivotant sur ventouse pour mesurer les deux c\u00f4t\u00e9s sans d\u00e9placer la <\/span><\/p>\n<p><span>ventouse (Fig. A)<br \/><\/span><\/p>\n<p><span>I Livr\u00e9 avec :<br \/><\/span><\/p>\n<p><span>&#8211; une ventouse de rechange<br \/><\/span><\/p>\n<p><span>&#8211; une ventouse avec pince pour fixer le ruban \u00e9galement pour surfaces concaves (Fig. <\/span><\/p>\n<p><span>B)<\/span><\/p>\n","protected":false},"featured_media":131764,"template":"","meta":[],"product_cat":[49,590],"product_tag":[],"class_list":{"0":"post-142722","1":"product","2":"type-product","3":"status-publish","4":"has-post-thumbnail","6":"product_cat-mesures-de-longueur","7":"product_cat-metres-a-ruban","9":"first","10":"instock","11":"sold-individually","12":"product-type-simple"},"yoast_head":"<title>FLESSOMETRO CON VENTOSA<\/title>\n<meta name=\"robots\" content=\"index, follow, max-snippet:-1, max-image-preview:large, max-video-preview:-1\" \/>\n<link rel=\"canonical\" href=\"https:\/\/www.metrica.it\/fr\/produit\/metre-avec-ventouse\/\" \/>\n<meta property=\"og:locale\" content=\"fr_FR\" \/>\n<meta property=\"og:type\" content=\"article\" \/>\n<meta property=\"og:title\" content=\"FLESSOMETRO CON VENTOSA\" \/>\n<meta property=\"og:description\" content=\"Ruban en fibre de verreBo\u00eetier en ABS rev\u00eatu d\u2019une gaine antid\u00e9rapantePour la mesure d\u2019adh\u00e9rence de surfaces courbes ou planes sans \u00e9rafluresId\u00e9al pour le \u00abwrapping\u00bb de voitures, bateaux, \u00e9v\u00e8nements, meubles aux surfaces d\u00e9licatesRuban adh\u00e9sif pivotant sur ventouse pour mesurer les deux c\u00f4t\u00e9s sans d\u00e9placer la ventouse (Fig. A)I Livr\u00e9 avec :- une ventouse de rechange- une ventouse avec pince pour fixer le ruban \u00e9galement pour surfaces concaves (Fig. B)\" \/>\n<meta property=\"og:url\" content=\"https:\/\/www.metrica.it\/fr\/produit\/metre-avec-ventouse\/\" \/>\n<meta property=\"og:site_name\" content=\"Metrica\" \/>\n<meta property=\"article:modified_time\" content=\"2024-09-16T19:18:43+00:00\" \/>\n<meta property=\"og:image\" content=\"https:\/\/www.metrica.it\/wp-content\/uploads\/2024\/06\/38402_3.jpg\" \/>\n\t<meta property=\"og:image:width\" content=\"800\" \/>\n\t<meta property=\"og:image:height\" content=\"800\" \/>\n\t<meta property=\"og:image:type\" content=\"image\/jpeg\" \/>\n<meta name=\"twitter:card\" content=\"summary_large_image\" \/>\n<script type=\"application\/ld+json\" class=\"yoast-schema-graph\">{\"@context\":\"https:\\\/\\\/schema.org\",\"@graph\":[{\"@type\":\"WebPage\",\"@id\":\"https:\\\/\\\/www.metrica.it\\\/fr\\\/produit\\\/metre-avec-ventouse\\\/\",\"url\":\"https:\\\/\\\/www.metrica.it\\\/fr\\\/produit\\\/metre-avec-ventouse\\\/\",\"name\":\"FLESSOMETRO CON VENTOSA\",\"isPartOf\":{\"@id\":\"https:\\\/\\\/www.metrica.it\\\/fr\\\/#website\"},\"primaryImageOfPage\":{\"@id\":\"https:\\\/\\\/www.metrica.it\\\/fr\\\/produit\\\/metre-avec-ventouse\\\/#primaryimage\"},\"image\":{\"@id\":\"https:\\\/\\\/www.metrica.it\\\/fr\\\/produit\\\/metre-avec-ventouse\\\/#primaryimage\"},\"thumbnailUrl\":\"https:\\\/\\\/www.metrica.it\\\/wp-content\\\/uploads\\\/2024\\\/06\\\/38402_3.jpg\",\"datePublished\":\"2024-09-16T10:28:34+00:00\",\"dateModified\":\"2024-09-16T19:18:43+00:00\",\"breadcrumb\":{\"@id\":\"https:\\\/\\\/www.metrica.it\\\/fr\\\/produit\\\/metre-avec-ventouse\\\/#breadcrumb\"},\"inLanguage\":\"fr-FR\",\"potentialAction\":[{\"@type\":\"ReadAction\",\"target\":[\"https:\\\/\\\/www.metrica.it\\\/fr\\\/produit\\\/metre-avec-ventouse\\\/\"]}]},{\"@type\":\"ImageObject\",\"inLanguage\":\"fr-FR\",\"@id\":\"https:\\\/\\\/www.metrica.it\\\/fr\\\/produit\\\/metre-avec-ventouse\\\/#primaryimage\",\"url\":\"https:\\\/\\\/www.metrica.it\\\/wp-content\\\/uploads\\\/2024\\\/06\\\/38402_3.jpg\",\"contentUrl\":\"https:\\\/\\\/www.metrica.it\\\/wp-content\\\/uploads\\\/2024\\\/06\\\/38402_3.jpg\",\"width\":800,\"height\":800},{\"@type\":\"BreadcrumbList\",\"@id\":\"https:\\\/\\\/www.metrica.it\\\/fr\\\/produit\\\/metre-avec-ventouse\\\/#breadcrumb\",\"itemListElement\":[{\"@type\":\"ListItem\",\"position\":1,\"name\":\"Home\",\"item\":\"https:\\\/\\\/www.metrica.it\\\/fr\\\/\"},{\"@type\":\"ListItem\",\"position\":2,\"name\":\"Catalogue\",\"item\":\"https:\\\/\\\/www.metrica.it\\\/fr\\\/catalogue\\\/\"},{\"@type\":\"ListItem\",\"position\":3,\"name\":\"M\u00c8tre Avec Ventouse\"}]},{\"@type\":\"WebSite\",\"@id\":\"https:\\\/\\\/www.metrica.it\\\/fr\\\/#website\",\"url\":\"https:\\\/\\\/www.metrica.it\\\/fr\\\/\",\"name\":\"Metrica\",\"description\":\"Made to measure\",\"potentialAction\":[{\"@type\":\"SearchAction\",\"target\":{\"@type\":\"EntryPoint\",\"urlTemplate\":\"https:\\\/\\\/www.metrica.it\\\/fr\\\/?s={search_term_string}\"},\"query-input\":{\"@type\":\"PropertyValueSpecification\",\"valueRequired\":true,\"valueName\":\"search_term_string\"}}],\"inLanguage\":\"fr-FR\"}]}<\/script>","yoast_head_json":{"title":"FLESSOMETRO CON VENTOSA","robots":{"index":"index","follow":"follow","max-snippet":"max-snippet:-1","max-image-preview":"max-image-preview:large","max-video-preview":"max-video-preview:-1"},"canonical":"https:\/\/www.metrica.it\/fr\/produit\/metre-avec-ventouse\/","og_locale":"fr_FR","og_type":"article","og_title":"FLESSOMETRO CON VENTOSA","og_description":"Ruban en fibre de verreBo\u00eetier en ABS rev\u00eatu d\u2019une gaine antid\u00e9rapantePour la mesure d\u2019adh\u00e9rence de surfaces courbes ou planes sans \u00e9rafluresId\u00e9al pour le \u00abwrapping\u00bb de voitures, bateaux, \u00e9v\u00e8nements, meubles aux surfaces d\u00e9licatesRuban adh\u00e9sif pivotant sur ventouse pour mesurer les deux c\u00f4t\u00e9s sans d\u00e9placer la ventouse (Fig. A)I Livr\u00e9 avec :- une ventouse de rechange- une ventouse avec pince pour fixer le ruban \u00e9galement pour surfaces concaves (Fig. B)","og_url":"https:\/\/www.metrica.it\/fr\/produit\/metre-avec-ventouse\/","og_site_name":"Metrica","article_modified_time":"2024-09-16T19:18:43+00:00","og_image":[{"width":800,"height":800,"url":"https:\/\/www.metrica.it\/wp-content\/uploads\/2024\/06\/38402_3.jpg","type":"image\/jpeg"}],"twitter_card":"summary_large_image","schema":{"@context":"https:\/\/schema.org","@graph":[{"@type":"WebPage","@id":"https:\/\/www.metrica.it\/fr\/produit\/metre-avec-ventouse\/","url":"https:\/\/www.metrica.it\/fr\/produit\/metre-avec-ventouse\/","name":"FLESSOMETRO CON VENTOSA","isPartOf":{"@id":"https:\/\/www.metrica.it\/fr\/#website"},"primaryImageOfPage":{"@id":"https:\/\/www.metrica.it\/fr\/produit\/metre-avec-ventouse\/#primaryimage"},"image":{"@id":"https:\/\/www.metrica.it\/fr\/produit\/metre-avec-ventouse\/#primaryimage"},"thumbnailUrl":"https:\/\/www.metrica.it\/wp-content\/uploads\/2024\/06\/38402_3.jpg","datePublished":"2024-09-16T10:28:34+00:00","dateModified":"2024-09-16T19:18:43+00:00","breadcrumb":{"@id":"https:\/\/www.metrica.it\/fr\/produit\/metre-avec-ventouse\/#breadcrumb"},"inLanguage":"fr-FR","potentialAction":[{"@type":"ReadAction","target":["https:\/\/www.metrica.it\/fr\/produit\/metre-avec-ventouse\/"]}]},{"@type":"ImageObject","inLanguage":"fr-FR","@id":"https:\/\/www.metrica.it\/fr\/produit\/metre-avec-ventouse\/#primaryimage","url":"https:\/\/www.metrica.it\/wp-content\/uploads\/2024\/06\/38402_3.jpg","contentUrl":"https:\/\/www.metrica.it\/wp-content\/uploads\/2024\/06\/38402_3.jpg","width":800,"height":800},{"@type":"BreadcrumbList","@id":"https:\/\/www.metrica.it\/fr\/produit\/metre-avec-ventouse\/#breadcrumb","itemListElement":[{"@type":"ListItem","position":1,"name":"Home","item":"https:\/\/www.metrica.it\/fr\/"},{"@type":"ListItem","position":2,"name":"Catalogue","item":"https:\/\/www.metrica.it\/fr\/catalogue\/"},{"@type":"ListItem","position":3,"name":"M\u00c8tre Avec Ventouse"}]},{"@type":"WebSite","@id":"https:\/\/www.metrica.it\/fr\/#website","url":"https:\/\/www.metrica.it\/fr\/","name":"Metrica","description":"Made to measure","potentialAction":[{"@type":"SearchAction","target":{"@type":"EntryPoint","urlTemplate":"https:\/\/www.metrica.it\/fr\/?s={search_term_string}"},"query-input":{"@type":"PropertyValueSpecification","valueRequired":true,"valueName":"search_term_string"}}],"inLanguage":"fr-FR"}]}},"meta_box":{"awr_documentation":[],"awr_manuale":[],"awr_scheda_tecnica":"","awr_youtube_video":"","awr_classe_prodotto":"","awr_customize_product":"0","awr_custom_image":false,"awr_related_products":[{"awr_product_name":"Flessometro Con Ventosa","awr_product_references":"ref:38402|ean:8001066384020|l:5m|larghezza:15mm|unit_misura:mm|b_mm:100|pack:1"},{"awr_product_name":"Flessometro Con Ventosa","awr_product_references":"ref:38404|ean:8001066384044|l:4,5m|larghezza:15mm|unit_misura:mm inc|b_mm:100|pack:1"}],"awr_consumabili":"","awr_alternativi":"","awr_aliases":"38402,38404","awr_skuid":"38402-it"},"_links":{"self":[{"href":"https:\/\/www.metrica.it\/fr\/wp-json\/wp\/v2\/product\/142722","targetHints":{"allow":["GET"]}}],"collection":[{"href":"https:\/\/www.metrica.it\/fr\/wp-json\/wp\/v2\/product"}],"about":[{"href":"https:\/\/www.metrica.it\/fr\/wp-json\/wp\/v2\/types\/product"}],"wp:featuredmedia":[{"embeddable":true,"href":"https:\/\/www.metrica.it\/fr\/wp-json\/wp\/v2\/media\/131764"}],"wp:attachment":[{"href":"https:\/\/www.metrica.it\/fr\/wp-json\/wp\/v2\/media?parent=142722"}],"wp:term":[{"taxonomy":"product_cat","embeddable":true,"href":"https:\/\/www.metrica.it\/fr\/wp-json\/wp\/v2\/product_cat?post=142722"},{"taxonomy":"product_tag","embeddable":true,"href":"https:\/\/www.metrica.it\/fr\/wp-json\/wp\/v2\/product_tag?post=142722"}],"curies":[{"name":"wp","href":"https:\/\/api.w.org\/{rel}","templated":true}]}}