{"id":142737,"date":"2024-09-16T12:49:30","date_gmt":"2024-09-16T10:49:30","guid":{"rendered":"https:\/\/www.metrica.it\/prodotto\/3-metres-modele-semi-geant-epaisseur-3-mm-ressorts-incorpores\/"},"modified":"2024-09-16T21:41:42","modified_gmt":"2024-09-16T19:41:42","slug":"3-metres-modele-semi-geant-epaisseur-3-mm-ressorts-incorpores","status":"publish","type":"product","link":"https:\/\/www.metrica.it\/fr\/produit\/3-metres-modele-semi-geant-epaisseur-3-mm-ressorts-incorpores\/","title":{"rendered":"3 M\u00e8tres &#8211; Mod\u00e8le Semi-g\u00e9ant &#8211; \u00c9paisseur 3 Mm &#8211; Ressorts Incorpores"},"content":{"rendered":"<ul>\n<li>Mod\u00e8le professionnel<\/li>\n<li>Laqu\u00e9 blanc et jaune<\/li>\n<li>Rivets invisibles, ressorts laitonn\u00e9s<\/li>\n<li>Double graduation avec d\u00e9cimales en rouge<\/li>\n<li>\u00c9paisseur 3 mm<\/li>\n<li>Rigide jusqu&apos;\u00e0 3 m en vertical<\/li>\n<\/ul>\n","protected":false},"excerpt":{"rendered":"<p>Mod\u00e8le professionnel<br \/>Laqu\u00e9 blanc et jaune<br \/>Rivets invisibles, ressorts laitonn\u00e9s<br \/>Double graduation avec d\u00e9cimales en rouge<br \/>\u00c9paisseur 3 mm<br \/>Rigide jusqu&apos;\u00e0 3 m en vertical<\/p>\n","protected":false},"featured_media":122972,"template":"","meta":[],"product_cat":[49,593],"product_tag":[],"class_list":{"0":"post-142737","1":"product","2":"type-product","3":"status-publish","4":"has-post-thumbnail","6":"product_cat-mesures-de-longueur","7":"product_cat-metres-pliants-metres-de-couturiers","9":"first","10":"instock","11":"sold-individually","12":"product-type-simple"},"yoast_head":"<title>3 Metri - Semigigante - Spessore 3 Mm - Molle Interne | M\u00e8tres pliants - m\u00e8tres de couturies | Mesures de Longueur - Metrica<\/title>\n<meta name=\"description\" content=\"D\u00e9couvrez la collection de produits., 3 Metri - Semigigante - Spessore 3 Mm - Molle Interne - M\u00e8tres pliants - m\u00e8tres de couturies.Modello professionale,Laccato bianco \/ giallo,Perni invisibili, . Consultez le catalogue sur le site officiel de Metrica\" \/>\n<meta name=\"robots\" content=\"index, follow, max-snippet:-1, max-image-preview:large, max-video-preview:-1\" \/>\n<link rel=\"canonical\" href=\"https:\/\/www.metrica.it\/fr\/produit\/3-metres-modele-semi-geant-epaisseur-3-mm-ressorts-incorpores\/\" \/>\n<meta property=\"og:locale\" content=\"fr_FR\" \/>\n<meta property=\"og:type\" content=\"article\" \/>\n<meta property=\"og:title\" content=\"3 Metri - Semigigante - Spessore 3 Mm - Molle Interne | M\u00e8tres pliants - m\u00e8tres de couturies | Mesures de Longueur - Metrica\" \/>\n<meta property=\"og:description\" content=\"D\u00e9couvrez la collection de produits., 3 Metri - Semigigante - Spessore 3 Mm - Molle Interne - M\u00e8tres pliants - m\u00e8tres de couturies.Modello professionale,Laccato bianco \/ giallo,Perni invisibili, . Consultez le catalogue sur le site officiel de Metrica\" \/>\n<meta property=\"og:url\" content=\"https:\/\/www.metrica.it\/fr\/produit\/3-metres-modele-semi-geant-epaisseur-3-mm-ressorts-incorpores\/\" \/>\n<meta property=\"og:site_name\" content=\"Metrica\" \/>\n<meta property=\"article:modified_time\" content=\"2024-09-16T19:41:42+00:00\" \/>\n<meta property=\"og:image\" content=\"https:\/\/www.metrica.it\/wp-content\/uploads\/2024\/05\/23169_1.jpg\" \/>\n\t<meta property=\"og:image:width\" content=\"800\" \/>\n\t<meta property=\"og:image:height\" content=\"800\" \/>\n\t<meta property=\"og:image:type\" content=\"image\/jpeg\" \/>\n<meta name=\"twitter:card\" content=\"summary_large_image\" \/>\n<script type=\"application\/ld+json\" class=\"yoast-schema-graph\">{\"@context\":\"https:\\\/\\\/schema.org\",\"@graph\":[{\"@type\":\"WebPage\",\"@id\":\"https:\\\/\\\/www.metrica.it\\\/fr\\\/produit\\\/3-metres-modele-semi-geant-epaisseur-3-mm-ressorts-incorpores\\\/\",\"url\":\"https:\\\/\\\/www.metrica.it\\\/fr\\\/produit\\\/3-metres-modele-semi-geant-epaisseur-3-mm-ressorts-incorpores\\\/\",\"name\":\"3 Metri - Semigigante - Spessore 3 Mm - Molle Interne | M\u00e8tres pliants - m\u00e8tres de couturies | Mesures de Longueur - Metrica\",\"isPartOf\":{\"@id\":\"https:\\\/\\\/www.metrica.it\\\/fr\\\/#website\"},\"primaryImageOfPage\":{\"@id\":\"https:\\\/\\\/www.metrica.it\\\/fr\\\/produit\\\/3-metres-modele-semi-geant-epaisseur-3-mm-ressorts-incorpores\\\/#primaryimage\"},\"image\":{\"@id\":\"https:\\\/\\\/www.metrica.it\\\/fr\\\/produit\\\/3-metres-modele-semi-geant-epaisseur-3-mm-ressorts-incorpores\\\/#primaryimage\"},\"thumbnailUrl\":\"https:\\\/\\\/www.metrica.it\\\/wp-content\\\/uploads\\\/2024\\\/05\\\/23169_1.jpg\",\"datePublished\":\"2024-09-16T10:49:30+00:00\",\"dateModified\":\"2024-09-16T19:41:42+00:00\",\"description\":\"D\u00e9couvrez la collection de produits., 3 Metri - Semigigante - Spessore 3 Mm - Molle Interne - M\u00e8tres pliants - m\u00e8tres de couturies.Modello professionale,Laccato bianco \\\/ giallo,Perni invisibili, . Consultez le catalogue sur le site officiel de Metrica\",\"breadcrumb\":{\"@id\":\"https:\\\/\\\/www.metrica.it\\\/fr\\\/produit\\\/3-metres-modele-semi-geant-epaisseur-3-mm-ressorts-incorpores\\\/#breadcrumb\"},\"inLanguage\":\"fr-FR\",\"potentialAction\":[{\"@type\":\"ReadAction\",\"target\":[\"https:\\\/\\\/www.metrica.it\\\/fr\\\/produit\\\/3-metres-modele-semi-geant-epaisseur-3-mm-ressorts-incorpores\\\/\"]}]},{\"@type\":\"ImageObject\",\"inLanguage\":\"fr-FR\",\"@id\":\"https:\\\/\\\/www.metrica.it\\\/fr\\\/produit\\\/3-metres-modele-semi-geant-epaisseur-3-mm-ressorts-incorpores\\\/#primaryimage\",\"url\":\"https:\\\/\\\/www.metrica.it\\\/wp-content\\\/uploads\\\/2024\\\/05\\\/23169_1.jpg\",\"contentUrl\":\"https:\\\/\\\/www.metrica.it\\\/wp-content\\\/uploads\\\/2024\\\/05\\\/23169_1.jpg\",\"width\":800,\"height\":800},{\"@type\":\"BreadcrumbList\",\"@id\":\"https:\\\/\\\/www.metrica.it\\\/fr\\\/produit\\\/3-metres-modele-semi-geant-epaisseur-3-mm-ressorts-incorpores\\\/#breadcrumb\",\"itemListElement\":[{\"@type\":\"ListItem\",\"position\":1,\"name\":\"Home\",\"item\":\"https:\\\/\\\/www.metrica.it\\\/fr\\\/\"},{\"@type\":\"ListItem\",\"position\":2,\"name\":\"Catalogue\",\"item\":\"https:\\\/\\\/www.metrica.it\\\/fr\\\/catalogue\\\/\"},{\"@type\":\"ListItem\",\"position\":3,\"name\":\"3 M\u00e8tres &#8211; Mod\u00e8le Semi-g\u00e9ant &#8211; \u00c9paisseur 3 Mm &#8211; Ressorts Incorpores\"}]},{\"@type\":\"WebSite\",\"@id\":\"https:\\\/\\\/www.metrica.it\\\/fr\\\/#website\",\"url\":\"https:\\\/\\\/www.metrica.it\\\/fr\\\/\",\"name\":\"Metrica\",\"description\":\"Made to measure\",\"potentialAction\":[{\"@type\":\"SearchAction\",\"target\":{\"@type\":\"EntryPoint\",\"urlTemplate\":\"https:\\\/\\\/www.metrica.it\\\/fr\\\/?s={search_term_string}\"},\"query-input\":{\"@type\":\"PropertyValueSpecification\",\"valueRequired\":true,\"valueName\":\"search_term_string\"}}],\"inLanguage\":\"fr-FR\"}]}<\/script>","yoast_head_json":{"title":"3 Metri - Semigigante - Spessore 3 Mm - Molle Interne | M\u00e8tres pliants - m\u00e8tres de couturies | Mesures de Longueur - Metrica","description":"D\u00e9couvrez la collection de produits., 3 Metri - Semigigante - Spessore 3 Mm - Molle Interne - M\u00e8tres pliants - m\u00e8tres de couturies.Modello professionale,Laccato bianco \/ giallo,Perni invisibili, . Consultez le catalogue sur le site officiel de Metrica","robots":{"index":"index","follow":"follow","max-snippet":"max-snippet:-1","max-image-preview":"max-image-preview:large","max-video-preview":"max-video-preview:-1"},"canonical":"https:\/\/www.metrica.it\/fr\/produit\/3-metres-modele-semi-geant-epaisseur-3-mm-ressorts-incorpores\/","og_locale":"fr_FR","og_type":"article","og_title":"3 Metri - Semigigante - Spessore 3 Mm - Molle Interne | M\u00e8tres pliants - m\u00e8tres de couturies | Mesures de Longueur - Metrica","og_description":"D\u00e9couvrez la collection de produits., 3 Metri - Semigigante - Spessore 3 Mm - Molle Interne - M\u00e8tres pliants - m\u00e8tres de couturies.Modello professionale,Laccato bianco \/ giallo,Perni invisibili, . Consultez le catalogue sur le site officiel de Metrica","og_url":"https:\/\/www.metrica.it\/fr\/produit\/3-metres-modele-semi-geant-epaisseur-3-mm-ressorts-incorpores\/","og_site_name":"Metrica","article_modified_time":"2024-09-16T19:41:42+00:00","og_image":[{"width":800,"height":800,"url":"https:\/\/www.metrica.it\/wp-content\/uploads\/2024\/05\/23169_1.jpg","type":"image\/jpeg"}],"twitter_card":"summary_large_image","schema":{"@context":"https:\/\/schema.org","@graph":[{"@type":"WebPage","@id":"https:\/\/www.metrica.it\/fr\/produit\/3-metres-modele-semi-geant-epaisseur-3-mm-ressorts-incorpores\/","url":"https:\/\/www.metrica.it\/fr\/produit\/3-metres-modele-semi-geant-epaisseur-3-mm-ressorts-incorpores\/","name":"3 Metri - Semigigante - Spessore 3 Mm - Molle Interne | M\u00e8tres pliants - m\u00e8tres de couturies | Mesures de Longueur - Metrica","isPartOf":{"@id":"https:\/\/www.metrica.it\/fr\/#website"},"primaryImageOfPage":{"@id":"https:\/\/www.metrica.it\/fr\/produit\/3-metres-modele-semi-geant-epaisseur-3-mm-ressorts-incorpores\/#primaryimage"},"image":{"@id":"https:\/\/www.metrica.it\/fr\/produit\/3-metres-modele-semi-geant-epaisseur-3-mm-ressorts-incorpores\/#primaryimage"},"thumbnailUrl":"https:\/\/www.metrica.it\/wp-content\/uploads\/2024\/05\/23169_1.jpg","datePublished":"2024-09-16T10:49:30+00:00","dateModified":"2024-09-16T19:41:42+00:00","description":"D\u00e9couvrez la collection de produits., 3 Metri - Semigigante - Spessore 3 Mm - Molle Interne - M\u00e8tres pliants - m\u00e8tres de couturies.Modello professionale,Laccato bianco \/ giallo,Perni invisibili, . Consultez le catalogue sur le site officiel de Metrica","breadcrumb":{"@id":"https:\/\/www.metrica.it\/fr\/produit\/3-metres-modele-semi-geant-epaisseur-3-mm-ressorts-incorpores\/#breadcrumb"},"inLanguage":"fr-FR","potentialAction":[{"@type":"ReadAction","target":["https:\/\/www.metrica.it\/fr\/produit\/3-metres-modele-semi-geant-epaisseur-3-mm-ressorts-incorpores\/"]}]},{"@type":"ImageObject","inLanguage":"fr-FR","@id":"https:\/\/www.metrica.it\/fr\/produit\/3-metres-modele-semi-geant-epaisseur-3-mm-ressorts-incorpores\/#primaryimage","url":"https:\/\/www.metrica.it\/wp-content\/uploads\/2024\/05\/23169_1.jpg","contentUrl":"https:\/\/www.metrica.it\/wp-content\/uploads\/2024\/05\/23169_1.jpg","width":800,"height":800},{"@type":"BreadcrumbList","@id":"https:\/\/www.metrica.it\/fr\/produit\/3-metres-modele-semi-geant-epaisseur-3-mm-ressorts-incorpores\/#breadcrumb","itemListElement":[{"@type":"ListItem","position":1,"name":"Home","item":"https:\/\/www.metrica.it\/fr\/"},{"@type":"ListItem","position":2,"name":"Catalogue","item":"https:\/\/www.metrica.it\/fr\/catalogue\/"},{"@type":"ListItem","position":3,"name":"3 M\u00e8tres &#8211; Mod\u00e8le Semi-g\u00e9ant &#8211; \u00c9paisseur 3 Mm &#8211; Ressorts Incorpores"}]},{"@type":"WebSite","@id":"https:\/\/www.metrica.it\/fr\/#website","url":"https:\/\/www.metrica.it\/fr\/","name":"Metrica","description":"Made to measure","potentialAction":[{"@type":"SearchAction","target":{"@type":"EntryPoint","urlTemplate":"https:\/\/www.metrica.it\/fr\/?s={search_term_string}"},"query-input":{"@type":"PropertyValueSpecification","valueRequired":true,"valueName":"search_term_string"}}],"inLanguage":"fr-FR"}]}},"meta_box":{"awr_documentation":[],"awr_manuale":[],"awr_scheda_tecnica":"","awr_youtube_video":"","awr_classe_prodotto":"CE_3","awr_customize_product":"1","awr_custom_image":{"width":96,"height":96,"file":"2024\/05\/23169.jpg","filesize":349102,"sizes":{"dgwt-wcas-product-suggestion":{"file":"23169-64x64.jpg","width":64,"height":64,"mime-type":"image\/jpeg","filesize":1365,"url":"https:\/\/www.metrica.it\/wp-content\/uploads\/2024\/05\/23169-64x64.jpg"},"hongo-product-icon-image":{"file":"23169-64x64.jpg","width":64,"height":64,"mime-type":"image\/jpeg","filesize":1365,"url":"https:\/\/www.metrica.it\/wp-content\/uploads\/2024\/05\/23169-64x64.jpg"},"hongo-product-small-image":{"file":"23169-84x84.jpg","width":84,"height":84,"mime-type":"image\/jpeg","filesize":1808,"url":"https:\/\/www.metrica.it\/wp-content\/uploads\/2024\/05\/23169-84x84.jpg"},"hongo-medium-image":{"file":"23169-450x450.jpg","width":450,"height":450,"mime-type":"image\/jpeg","filesize":19961,"url":"https:\/\/www.metrica.it\/wp-content\/uploads\/2024\/05\/23169-450x450.jpg"},"post-thumbnail":{"file":"23169-790x790.jpg","width":790,"height":790,"mime-type":"image\/jpeg","filesize":52974,"url":"https:\/\/www.metrica.it\/wp-content\/uploads\/2024\/05\/23169-790x790.jpg"},"hongo-shop-image":{"file":"23169-660x660.jpg","width":660,"height":660,"mime-type":"image\/jpeg","filesize":39398,"url":"https:\/\/www.metrica.it\/wp-content\/uploads\/2024\/05\/23169-660x660.jpg"}},"image_meta":{"aperture":"0","credit":"","camera":"","caption":"","created_timestamp":"0","copyright":"","focal_length":"0","iso":"0","shutter_speed":"0","title":"","orientation":"1","keywords":[]},"ID":"122967","name":"23169.jpg","path":"\/var\/www\/html\/wp-content\/uploads\/2024\/05\/23169.jpg","url":"https:\/\/www.metrica.it\/wp-content\/uploads\/2024\/05\/23169.jpg","full_url":"https:\/\/www.metrica.it\/wp-content\/uploads\/2024\/05\/23169.jpg","title":"23169.jpg","caption":"","description":"","alt":"","srcset":"https:\/\/www.metrica.it\/wp-content\/uploads\/2024\/05\/23169.jpg 800w, https:\/\/www.metrica.it\/wp-content\/uploads\/2024\/05\/23169-64x64.jpg 64w, https:\/\/www.metrica.it\/wp-content\/uploads\/2024\/05\/23169-84x84.jpg 84w, https:\/\/www.metrica.it\/wp-content\/uploads\/2024\/05\/23169-450x450.jpg 450w, https:\/\/www.metrica.it\/wp-content\/uploads\/2024\/05\/23169-790x790.jpg 790w, https:\/\/www.metrica.it\/wp-content\/uploads\/2024\/05\/23169-660x660.jpg 660w"},"awr_related_products":[{"awr_product_name":"3 Metri - Semigigante - Spessore 3 Mm - Molle Interne","awr_product_references":"ref:03169|ean:8001066031696|l:3 m|aste:15|unit_misura:mm|decimali:colore_rosso|num_pz_gdo:10"},{"awr_product_name":"3 Metri - Semigigante - Spessore 3 Mm - Molle Interne","awr_product_references":"ref:23169|ean:8001066231690|l:3 m|aste:15|unit_misura:mm|decimali:colore_rosso|pack:10"}],"awr_consumabili":"","awr_alternativi":"","awr_aliases":"03169,23169","awr_skuid":"23169-it"},"_links":{"self":[{"href":"https:\/\/www.metrica.it\/fr\/wp-json\/wp\/v2\/product\/142737","targetHints":{"allow":["GET"]}}],"collection":[{"href":"https:\/\/www.metrica.it\/fr\/wp-json\/wp\/v2\/product"}],"about":[{"href":"https:\/\/www.metrica.it\/fr\/wp-json\/wp\/v2\/types\/product"}],"wp:featuredmedia":[{"embeddable":true,"href":"https:\/\/www.metrica.it\/fr\/wp-json\/wp\/v2\/media\/122972"}],"wp:attachment":[{"href":"https:\/\/www.metrica.it\/fr\/wp-json\/wp\/v2\/media?parent=142737"}],"wp:term":[{"taxonomy":"product_cat","embeddable":true,"href":"https:\/\/www.metrica.it\/fr\/wp-json\/wp\/v2\/product_cat?post=142737"},{"taxonomy":"product_tag","embeddable":true,"href":"https:\/\/www.metrica.it\/fr\/wp-json\/wp\/v2\/product_tag?post=142737"}],"curies":[{"name":"wp","href":"https:\/\/api.w.org\/{rel}","templated":true}]}}