{"id":142758,"date":"2024-09-16T12:18:18","date_gmt":"2024-09-16T10:18:18","guid":{"rendered":"https:\/\/www.metrica.it\/prodotto\/metrica-super-action-fibre\/"},"modified":"2024-09-16T21:07:06","modified_gmt":"2024-09-16T19:07:06","slug":"metrica-super-action-fibre","status":"publish","type":"product","link":"https:\/\/www.metrica.it\/fr\/produit\/metrica-super-action-fibre\/","title":{"rendered":"Metrica Super Action &#8211; Fibre"},"content":{"rendered":"<ul>\n<li>Ruban en fi bre de verre<\/li>\n<li>Forme ergonomique brevet\u00e9e<\/li>\n<li>Ce mod\u00e8le ne fatigue pas votre poignet pendant<\/li>\n<li>l&apos;utilisation et le transport<\/li>\n<li>Syst\u00e8me exclusif de sortie du ruban \u00e0 manivelle<\/li>\n<li>bloqu\u00e9e<\/li>\n<li>Crochet \u00e0 \u00e9querre au d\u00e9part pour fi xer le ruban<\/li>\n<li>Poign\u00e9e caoutchout\u00e9e avec rev\u00eatement antiglissement<\/li>\n<li>sp\u00e9cial<\/li>\n<li>Mallette transparente<\/li>\n<\/ul>\n","protected":false},"excerpt":{"rendered":"<p>Ruban en fi bre de verre<br \/>Forme ergonomique brevet\u00e9e<br \/>Ce mod\u00e8le ne fatigue pas votre poignet pendant<br \/>l&apos;utilisation et le transport<br \/>Syst\u00e8me exclusif de sortie du ruban \u00e0 manivelle<br \/>bloqu\u00e9e<br \/>Crochet \u00e0 \u00e9querre au d\u00e9part pour fi xer le ruban<br \/>Poign\u00e9e caoutchout\u00e9e avec rev\u00eatement antiglissement<br \/>sp\u00e9cial<br \/>Mallette transparente<\/p>\n","protected":false},"featured_media":117358,"template":"","meta":[],"product_cat":[49,613],"product_tag":[],"class_list":{"0":"post-142758","1":"product","2":"type-product","3":"status-publish","4":"has-post-thumbnail","6":"product_cat-mesures-de-longueur","7":"product_cat-mesures-longues","9":"first","10":"instock","11":"sold-individually","12":"product-type-simple"},"yoast_head":"<title>Metrica Super Action - Fibra | Mesures Longues | Mesures de Longueur - Metrica<\/title>\n<meta name=\"description\" content=\"D\u00e9couvrez la collection de produits., Metrica Super Action - Fibra - Mesures Longues.,Nastro in fibra di vetro,Esclusiva forma ergonomica brevettata . Consultez le catalogue sur le site officiel de Metrica\" \/>\n<meta name=\"robots\" content=\"index, follow, max-snippet:-1, max-image-preview:large, max-video-preview:-1\" \/>\n<link rel=\"canonical\" href=\"https:\/\/www.metrica.it\/fr\/produit\/metrica-super-action-fibre\/\" \/>\n<meta property=\"og:locale\" content=\"fr_FR\" \/>\n<meta property=\"og:type\" content=\"article\" \/>\n<meta property=\"og:title\" content=\"Metrica Super Action - Fibra | Mesures Longues | Mesures de Longueur - Metrica\" \/>\n<meta property=\"og:description\" content=\"D\u00e9couvrez la collection de produits., Metrica Super Action - Fibra - Mesures Longues.,Nastro in fibra di vetro,Esclusiva forma ergonomica brevettata . Consultez le catalogue sur le site officiel de Metrica\" \/>\n<meta property=\"og:url\" content=\"https:\/\/www.metrica.it\/fr\/produit\/metrica-super-action-fibre\/\" \/>\n<meta property=\"og:site_name\" content=\"Metrica\" \/>\n<meta property=\"article:modified_time\" content=\"2024-09-16T19:07:06+00:00\" \/>\n<meta property=\"og:image\" content=\"https:\/\/www.metrica.it\/wp-content\/uploads\/2024\/05\/40029v.jpg\" \/>\n\t<meta property=\"og:image:width\" content=\"800\" \/>\n\t<meta property=\"og:image:height\" content=\"800\" \/>\n\t<meta property=\"og:image:type\" content=\"image\/jpeg\" \/>\n<meta name=\"twitter:card\" content=\"summary_large_image\" \/>\n<script type=\"application\/ld+json\" class=\"yoast-schema-graph\">{\"@context\":\"https:\\\/\\\/schema.org\",\"@graph\":[{\"@type\":\"WebPage\",\"@id\":\"https:\\\/\\\/www.metrica.it\\\/fr\\\/produit\\\/metrica-super-action-fibre\\\/\",\"url\":\"https:\\\/\\\/www.metrica.it\\\/fr\\\/produit\\\/metrica-super-action-fibre\\\/\",\"name\":\"Metrica Super Action - Fibra | Mesures Longues | Mesures de Longueur - Metrica\",\"isPartOf\":{\"@id\":\"https:\\\/\\\/www.metrica.it\\\/fr\\\/#website\"},\"primaryImageOfPage\":{\"@id\":\"https:\\\/\\\/www.metrica.it\\\/fr\\\/produit\\\/metrica-super-action-fibre\\\/#primaryimage\"},\"image\":{\"@id\":\"https:\\\/\\\/www.metrica.it\\\/fr\\\/produit\\\/metrica-super-action-fibre\\\/#primaryimage\"},\"thumbnailUrl\":\"https:\\\/\\\/www.metrica.it\\\/wp-content\\\/uploads\\\/2024\\\/05\\\/40029v.jpg\",\"datePublished\":\"2024-09-16T10:18:18+00:00\",\"dateModified\":\"2024-09-16T19:07:06+00:00\",\"description\":\"D\u00e9couvrez la collection de produits., Metrica Super Action - Fibra - Mesures Longues.,Nastro in fibra di vetro,Esclusiva forma ergonomica brevettata . Consultez le catalogue sur le site officiel de Metrica\",\"breadcrumb\":{\"@id\":\"https:\\\/\\\/www.metrica.it\\\/fr\\\/produit\\\/metrica-super-action-fibre\\\/#breadcrumb\"},\"inLanguage\":\"fr-FR\",\"potentialAction\":[{\"@type\":\"ReadAction\",\"target\":[\"https:\\\/\\\/www.metrica.it\\\/fr\\\/produit\\\/metrica-super-action-fibre\\\/\"]}]},{\"@type\":\"ImageObject\",\"inLanguage\":\"fr-FR\",\"@id\":\"https:\\\/\\\/www.metrica.it\\\/fr\\\/produit\\\/metrica-super-action-fibre\\\/#primaryimage\",\"url\":\"https:\\\/\\\/www.metrica.it\\\/wp-content\\\/uploads\\\/2024\\\/05\\\/40029v.jpg\",\"contentUrl\":\"https:\\\/\\\/www.metrica.it\\\/wp-content\\\/uploads\\\/2024\\\/05\\\/40029v.jpg\",\"width\":800,\"height\":800},{\"@type\":\"BreadcrumbList\",\"@id\":\"https:\\\/\\\/www.metrica.it\\\/fr\\\/produit\\\/metrica-super-action-fibre\\\/#breadcrumb\",\"itemListElement\":[{\"@type\":\"ListItem\",\"position\":1,\"name\":\"Home\",\"item\":\"https:\\\/\\\/www.metrica.it\\\/fr\\\/\"},{\"@type\":\"ListItem\",\"position\":2,\"name\":\"Catalogue\",\"item\":\"https:\\\/\\\/www.metrica.it\\\/fr\\\/catalogue\\\/\"},{\"@type\":\"ListItem\",\"position\":3,\"name\":\"Metrica Super Action &#8211; Fibre\"}]},{\"@type\":\"WebSite\",\"@id\":\"https:\\\/\\\/www.metrica.it\\\/fr\\\/#website\",\"url\":\"https:\\\/\\\/www.metrica.it\\\/fr\\\/\",\"name\":\"Metrica\",\"description\":\"Made to measure\",\"potentialAction\":[{\"@type\":\"SearchAction\",\"target\":{\"@type\":\"EntryPoint\",\"urlTemplate\":\"https:\\\/\\\/www.metrica.it\\\/fr\\\/?s={search_term_string}\"},\"query-input\":{\"@type\":\"PropertyValueSpecification\",\"valueRequired\":true,\"valueName\":\"search_term_string\"}}],\"inLanguage\":\"fr-FR\"}]}<\/script>","yoast_head_json":{"title":"Metrica Super Action - Fibra | Mesures Longues | Mesures de Longueur - Metrica","description":"D\u00e9couvrez la collection de produits., Metrica Super Action - Fibra - Mesures Longues.,Nastro in fibra di vetro,Esclusiva forma ergonomica brevettata . Consultez le catalogue sur le site officiel de Metrica","robots":{"index":"index","follow":"follow","max-snippet":"max-snippet:-1","max-image-preview":"max-image-preview:large","max-video-preview":"max-video-preview:-1"},"canonical":"https:\/\/www.metrica.it\/fr\/produit\/metrica-super-action-fibre\/","og_locale":"fr_FR","og_type":"article","og_title":"Metrica Super Action - Fibra | Mesures Longues | Mesures de Longueur - Metrica","og_description":"D\u00e9couvrez la collection de produits., Metrica Super Action - Fibra - Mesures Longues.,Nastro in fibra di vetro,Esclusiva forma ergonomica brevettata . Consultez le catalogue sur le site officiel de Metrica","og_url":"https:\/\/www.metrica.it\/fr\/produit\/metrica-super-action-fibre\/","og_site_name":"Metrica","article_modified_time":"2024-09-16T19:07:06+00:00","og_image":[{"width":800,"height":800,"url":"https:\/\/www.metrica.it\/wp-content\/uploads\/2024\/05\/40029v.jpg","type":"image\/jpeg"}],"twitter_card":"summary_large_image","schema":{"@context":"https:\/\/schema.org","@graph":[{"@type":"WebPage","@id":"https:\/\/www.metrica.it\/fr\/produit\/metrica-super-action-fibre\/","url":"https:\/\/www.metrica.it\/fr\/produit\/metrica-super-action-fibre\/","name":"Metrica Super Action - Fibra | Mesures Longues | Mesures de Longueur - Metrica","isPartOf":{"@id":"https:\/\/www.metrica.it\/fr\/#website"},"primaryImageOfPage":{"@id":"https:\/\/www.metrica.it\/fr\/produit\/metrica-super-action-fibre\/#primaryimage"},"image":{"@id":"https:\/\/www.metrica.it\/fr\/produit\/metrica-super-action-fibre\/#primaryimage"},"thumbnailUrl":"https:\/\/www.metrica.it\/wp-content\/uploads\/2024\/05\/40029v.jpg","datePublished":"2024-09-16T10:18:18+00:00","dateModified":"2024-09-16T19:07:06+00:00","description":"D\u00e9couvrez la collection de produits., Metrica Super Action - Fibra - Mesures Longues.,Nastro in fibra di vetro,Esclusiva forma ergonomica brevettata . Consultez le catalogue sur le site officiel de Metrica","breadcrumb":{"@id":"https:\/\/www.metrica.it\/fr\/produit\/metrica-super-action-fibre\/#breadcrumb"},"inLanguage":"fr-FR","potentialAction":[{"@type":"ReadAction","target":["https:\/\/www.metrica.it\/fr\/produit\/metrica-super-action-fibre\/"]}]},{"@type":"ImageObject","inLanguage":"fr-FR","@id":"https:\/\/www.metrica.it\/fr\/produit\/metrica-super-action-fibre\/#primaryimage","url":"https:\/\/www.metrica.it\/wp-content\/uploads\/2024\/05\/40029v.jpg","contentUrl":"https:\/\/www.metrica.it\/wp-content\/uploads\/2024\/05\/40029v.jpg","width":800,"height":800},{"@type":"BreadcrumbList","@id":"https:\/\/www.metrica.it\/fr\/produit\/metrica-super-action-fibre\/#breadcrumb","itemListElement":[{"@type":"ListItem","position":1,"name":"Home","item":"https:\/\/www.metrica.it\/fr\/"},{"@type":"ListItem","position":2,"name":"Catalogue","item":"https:\/\/www.metrica.it\/fr\/catalogue\/"},{"@type":"ListItem","position":3,"name":"Metrica Super Action &#8211; Fibre"}]},{"@type":"WebSite","@id":"https:\/\/www.metrica.it\/fr\/#website","url":"https:\/\/www.metrica.it\/fr\/","name":"Metrica","description":"Made to measure","potentialAction":[{"@type":"SearchAction","target":{"@type":"EntryPoint","urlTemplate":"https:\/\/www.metrica.it\/fr\/?s={search_term_string}"},"query-input":{"@type":"PropertyValueSpecification","valueRequired":true,"valueName":"search_term_string"}}],"inLanguage":"fr-FR"}]}},"meta_box":{"awr_documentation":[],"awr_manuale":[],"awr_scheda_tecnica":"","awr_youtube_video":"https:\/\/player.vimeo.com\/video\/124691255?color=f01000&title=0&byline=0&portrait=0","awr_classe_prodotto":"CE_3","awr_customize_product":"0","awr_custom_image":false,"awr_related_products":[{"awr_product_name":"Metrica Super Action - Fibra","awr_product_references":"ref:40029v|ean:8001066400294|l:50 m|larghezza:13 mm|unit_misura:mm|pack:1"}],"awr_consumabili":"","awr_alternativi":"","awr_aliases":"40029v","awr_skuid":"40029-it"},"_links":{"self":[{"href":"https:\/\/www.metrica.it\/fr\/wp-json\/wp\/v2\/product\/142758","targetHints":{"allow":["GET"]}}],"collection":[{"href":"https:\/\/www.metrica.it\/fr\/wp-json\/wp\/v2\/product"}],"about":[{"href":"https:\/\/www.metrica.it\/fr\/wp-json\/wp\/v2\/types\/product"}],"wp:featuredmedia":[{"embeddable":true,"href":"https:\/\/www.metrica.it\/fr\/wp-json\/wp\/v2\/media\/117358"}],"wp:attachment":[{"href":"https:\/\/www.metrica.it\/fr\/wp-json\/wp\/v2\/media?parent=142758"}],"wp:term":[{"taxonomy":"product_cat","embeddable":true,"href":"https:\/\/www.metrica.it\/fr\/wp-json\/wp\/v2\/product_cat?post=142758"},{"taxonomy":"product_tag","embeddable":true,"href":"https:\/\/www.metrica.it\/fr\/wp-json\/wp\/v2\/product_tag?post=142758"}],"curies":[{"name":"wp","href":"https:\/\/api.w.org\/{rel}","templated":true}]}}