{"id":142768,"date":"2024-09-16T12:45:27","date_gmt":"2024-09-16T10:45:27","guid":{"rendered":"https:\/\/www.metrica.it\/prodotto\/niveau-gradue-en-aluminium-profile-avec-base-magnetique\/"},"modified":"2024-09-16T21:37:17","modified_gmt":"2024-09-16T19:37:17","slug":"niveau-gradue-en-aluminium-profile-avec-base-magnetique","status":"publish","type":"product","link":"https:\/\/www.metrica.it\/fr\/produit\/niveau-gradue-en-aluminium-profile-avec-base-magnetique\/","title":{"rendered":"Niveau Gradu\u00c9 En Aluminium Profil\u00c9 Avec Base Magn\u00c9tique"},"content":{"rendered":"<ul>\n<li>Niveau en aluminium profil\u00e9 pratique et l\u00e9ger<\/li>\n<li>Base magn\u00e9tique, avec graduation<\/li>\n<li>Fioles acryliques r\u00e9sistantes aux chocs<\/li>\n<li>Surface anodis\u00e9e<\/li>\n<li>Pr\u00e9cision: 1 mm\/m<\/li>\n<\/ul>\n","protected":false},"excerpt":{"rendered":"<p>Niveau en aluminium profil\u00e9 pratique et l\u00e9ger<\/p>\n<p>Base magn\u00e9tique, avec graduation<\/p>\n<p>Fioles acryliques r\u00e9sistantes aux chocs<\/p>\n<p>Surface anodis\u00e9e<\/p>\n<p>Pr\u00e9cision: 1 mm\/m<\/p>\n","protected":false},"featured_media":117553,"template":"","meta":[],"product_cat":[550,566],"product_tag":[],"class_list":{"0":"post-142768","1":"product","2":"type-product","3":"status-publish","4":"has-post-thumbnail","6":"product_cat-niveaux","7":"product_cat-niveaux-pour-la-construction","9":"first","10":"instock","11":"sold-individually","12":"product-type-simple"},"yoast_head":"<title>Niveau Gradu\u00c9 En Aluminium Profil\u00c9 Avec Base Magn\u00c9tique - Metrica<\/title>\n<meta name=\"robots\" content=\"index, follow, max-snippet:-1, max-image-preview:large, max-video-preview:-1\" \/>\n<link rel=\"canonical\" href=\"https:\/\/www.metrica.it\/fr\/produit\/niveau-gradue-en-aluminium-profile-avec-base-magnetique\/\" \/>\n<meta property=\"og:locale\" content=\"fr_FR\" \/>\n<meta property=\"og:type\" content=\"article\" \/>\n<meta property=\"og:title\" content=\"Niveau Gradu\u00c9 En Aluminium Profil\u00c9 Avec Base Magn\u00c9tique - Metrica\" \/>\n<meta property=\"og:description\" content=\"Niveau en aluminium profil\u00e9 pratique et l\u00e9gerBase magn\u00e9tique, avec graduationFioles acryliques r\u00e9sistantes aux chocsSurface anodis\u00e9ePr\u00e9cision: 1 mm\/m\" \/>\n<meta property=\"og:url\" content=\"https:\/\/www.metrica.it\/fr\/produit\/niveau-gradue-en-aluminium-profile-avec-base-magnetique\/\" \/>\n<meta property=\"og:site_name\" content=\"Metrica\" \/>\n<meta property=\"article:modified_time\" content=\"2024-09-16T19:37:17+00:00\" \/>\n<meta property=\"og:image\" content=\"https:\/\/www.metrica.it\/wp-content\/uploads\/2024\/05\/32214x.jpg\" \/>\n\t<meta property=\"og:image:width\" content=\"800\" \/>\n\t<meta property=\"og:image:height\" content=\"800\" \/>\n\t<meta property=\"og:image:type\" content=\"image\/jpeg\" \/>\n<meta name=\"twitter:card\" content=\"summary_large_image\" \/>\n<script type=\"application\/ld+json\" class=\"yoast-schema-graph\">{\"@context\":\"https:\\\/\\\/schema.org\",\"@graph\":[{\"@type\":\"WebPage\",\"@id\":\"https:\\\/\\\/www.metrica.it\\\/fr\\\/produit\\\/niveau-gradue-en-aluminium-profile-avec-base-magnetique\\\/\",\"url\":\"https:\\\/\\\/www.metrica.it\\\/fr\\\/produit\\\/niveau-gradue-en-aluminium-profile-avec-base-magnetique\\\/\",\"name\":\"Niveau Gradu\u00c9 En Aluminium Profil\u00c9 Avec Base Magn\u00c9tique - Metrica\",\"isPartOf\":{\"@id\":\"https:\\\/\\\/www.metrica.it\\\/fr\\\/#website\"},\"primaryImageOfPage\":{\"@id\":\"https:\\\/\\\/www.metrica.it\\\/fr\\\/produit\\\/niveau-gradue-en-aluminium-profile-avec-base-magnetique\\\/#primaryimage\"},\"image\":{\"@id\":\"https:\\\/\\\/www.metrica.it\\\/fr\\\/produit\\\/niveau-gradue-en-aluminium-profile-avec-base-magnetique\\\/#primaryimage\"},\"thumbnailUrl\":\"https:\\\/\\\/www.metrica.it\\\/wp-content\\\/uploads\\\/2024\\\/05\\\/32214x.jpg\",\"datePublished\":\"2024-09-16T10:45:27+00:00\",\"dateModified\":\"2024-09-16T19:37:17+00:00\",\"breadcrumb\":{\"@id\":\"https:\\\/\\\/www.metrica.it\\\/fr\\\/produit\\\/niveau-gradue-en-aluminium-profile-avec-base-magnetique\\\/#breadcrumb\"},\"inLanguage\":\"fr-FR\",\"potentialAction\":[{\"@type\":\"ReadAction\",\"target\":[\"https:\\\/\\\/www.metrica.it\\\/fr\\\/produit\\\/niveau-gradue-en-aluminium-profile-avec-base-magnetique\\\/\"]}]},{\"@type\":\"ImageObject\",\"inLanguage\":\"fr-FR\",\"@id\":\"https:\\\/\\\/www.metrica.it\\\/fr\\\/produit\\\/niveau-gradue-en-aluminium-profile-avec-base-magnetique\\\/#primaryimage\",\"url\":\"https:\\\/\\\/www.metrica.it\\\/wp-content\\\/uploads\\\/2024\\\/05\\\/32214x.jpg\",\"contentUrl\":\"https:\\\/\\\/www.metrica.it\\\/wp-content\\\/uploads\\\/2024\\\/05\\\/32214x.jpg\",\"width\":800,\"height\":800},{\"@type\":\"BreadcrumbList\",\"@id\":\"https:\\\/\\\/www.metrica.it\\\/fr\\\/produit\\\/niveau-gradue-en-aluminium-profile-avec-base-magnetique\\\/#breadcrumb\",\"itemListElement\":[{\"@type\":\"ListItem\",\"position\":1,\"name\":\"Home\",\"item\":\"https:\\\/\\\/www.metrica.it\\\/fr\\\/\"},{\"@type\":\"ListItem\",\"position\":2,\"name\":\"Catalogue\",\"item\":\"https:\\\/\\\/www.metrica.it\\\/fr\\\/catalogue\\\/\"},{\"@type\":\"ListItem\",\"position\":3,\"name\":\"Niveau Gradu\u00c9 En Aluminium Profil\u00c9 Avec Base Magn\u00c9tique\"}]},{\"@type\":\"WebSite\",\"@id\":\"https:\\\/\\\/www.metrica.it\\\/fr\\\/#website\",\"url\":\"https:\\\/\\\/www.metrica.it\\\/fr\\\/\",\"name\":\"Metrica\",\"description\":\"Made to measure\",\"potentialAction\":[{\"@type\":\"SearchAction\",\"target\":{\"@type\":\"EntryPoint\",\"urlTemplate\":\"https:\\\/\\\/www.metrica.it\\\/fr\\\/?s={search_term_string}\"},\"query-input\":{\"@type\":\"PropertyValueSpecification\",\"valueRequired\":true,\"valueName\":\"search_term_string\"}}],\"inLanguage\":\"fr-FR\"}]}<\/script>","yoast_head_json":{"title":"Niveau Gradu\u00c9 En Aluminium Profil\u00c9 Avec Base Magn\u00c9tique - Metrica","robots":{"index":"index","follow":"follow","max-snippet":"max-snippet:-1","max-image-preview":"max-image-preview:large","max-video-preview":"max-video-preview:-1"},"canonical":"https:\/\/www.metrica.it\/fr\/produit\/niveau-gradue-en-aluminium-profile-avec-base-magnetique\/","og_locale":"fr_FR","og_type":"article","og_title":"Niveau Gradu\u00c9 En Aluminium Profil\u00c9 Avec Base Magn\u00c9tique - Metrica","og_description":"Niveau en aluminium profil\u00e9 pratique et l\u00e9gerBase magn\u00e9tique, avec graduationFioles acryliques r\u00e9sistantes aux chocsSurface anodis\u00e9ePr\u00e9cision: 1 mm\/m","og_url":"https:\/\/www.metrica.it\/fr\/produit\/niveau-gradue-en-aluminium-profile-avec-base-magnetique\/","og_site_name":"Metrica","article_modified_time":"2024-09-16T19:37:17+00:00","og_image":[{"width":800,"height":800,"url":"https:\/\/www.metrica.it\/wp-content\/uploads\/2024\/05\/32214x.jpg","type":"image\/jpeg"}],"twitter_card":"summary_large_image","schema":{"@context":"https:\/\/schema.org","@graph":[{"@type":"WebPage","@id":"https:\/\/www.metrica.it\/fr\/produit\/niveau-gradue-en-aluminium-profile-avec-base-magnetique\/","url":"https:\/\/www.metrica.it\/fr\/produit\/niveau-gradue-en-aluminium-profile-avec-base-magnetique\/","name":"Niveau Gradu\u00c9 En Aluminium Profil\u00c9 Avec Base Magn\u00c9tique - Metrica","isPartOf":{"@id":"https:\/\/www.metrica.it\/fr\/#website"},"primaryImageOfPage":{"@id":"https:\/\/www.metrica.it\/fr\/produit\/niveau-gradue-en-aluminium-profile-avec-base-magnetique\/#primaryimage"},"image":{"@id":"https:\/\/www.metrica.it\/fr\/produit\/niveau-gradue-en-aluminium-profile-avec-base-magnetique\/#primaryimage"},"thumbnailUrl":"https:\/\/www.metrica.it\/wp-content\/uploads\/2024\/05\/32214x.jpg","datePublished":"2024-09-16T10:45:27+00:00","dateModified":"2024-09-16T19:37:17+00:00","breadcrumb":{"@id":"https:\/\/www.metrica.it\/fr\/produit\/niveau-gradue-en-aluminium-profile-avec-base-magnetique\/#breadcrumb"},"inLanguage":"fr-FR","potentialAction":[{"@type":"ReadAction","target":["https:\/\/www.metrica.it\/fr\/produit\/niveau-gradue-en-aluminium-profile-avec-base-magnetique\/"]}]},{"@type":"ImageObject","inLanguage":"fr-FR","@id":"https:\/\/www.metrica.it\/fr\/produit\/niveau-gradue-en-aluminium-profile-avec-base-magnetique\/#primaryimage","url":"https:\/\/www.metrica.it\/wp-content\/uploads\/2024\/05\/32214x.jpg","contentUrl":"https:\/\/www.metrica.it\/wp-content\/uploads\/2024\/05\/32214x.jpg","width":800,"height":800},{"@type":"BreadcrumbList","@id":"https:\/\/www.metrica.it\/fr\/produit\/niveau-gradue-en-aluminium-profile-avec-base-magnetique\/#breadcrumb","itemListElement":[{"@type":"ListItem","position":1,"name":"Home","item":"https:\/\/www.metrica.it\/fr\/"},{"@type":"ListItem","position":2,"name":"Catalogue","item":"https:\/\/www.metrica.it\/fr\/catalogue\/"},{"@type":"ListItem","position":3,"name":"Niveau Gradu\u00c9 En Aluminium Profil\u00c9 Avec Base Magn\u00c9tique"}]},{"@type":"WebSite","@id":"https:\/\/www.metrica.it\/fr\/#website","url":"https:\/\/www.metrica.it\/fr\/","name":"Metrica","description":"Made to measure","potentialAction":[{"@type":"SearchAction","target":{"@type":"EntryPoint","urlTemplate":"https:\/\/www.metrica.it\/fr\/?s={search_term_string}"},"query-input":{"@type":"PropertyValueSpecification","valueRequired":true,"valueName":"search_term_string"}}],"inLanguage":"fr-FR"}]}},"meta_box":{"awr_documentation":[],"awr_manuale":[],"awr_scheda_tecnica":"","awr_youtube_video":"","awr_classe_prodotto":"","awr_customize_product":"0","awr_custom_image":false,"awr_related_products":[{"awr_product_name":"Livella Graduata In Alluminio Profilato Con Base Magnetica","awr_product_references":"ref:32214x|ean:8001066322145|l:40 cm|2_fiale:*|magnete:2 |pack:6"},{"awr_product_name":"Livella Graduata In Alluminio Profilato Con Base Magnetica","awr_product_references":"ref:32216x|ean:8001066322169|l:60 cm|2_fiale:*|magnete:2 |pack:6"},{"awr_product_name":"Livella Graduata In Alluminio Profilato Con Base Magnetica","awr_product_references":"ref:32218x|ean:8001066322183|l:80 cm|2_fiale:*|magnete:2 |pack:3"}],"awr_consumabili":"","awr_alternativi":"","awr_aliases":"32214x,32216x,32218x","awr_skuid":"32214-it"},"_links":{"self":[{"href":"https:\/\/www.metrica.it\/fr\/wp-json\/wp\/v2\/product\/142768","targetHints":{"allow":["GET"]}}],"collection":[{"href":"https:\/\/www.metrica.it\/fr\/wp-json\/wp\/v2\/product"}],"about":[{"href":"https:\/\/www.metrica.it\/fr\/wp-json\/wp\/v2\/types\/product"}],"wp:featuredmedia":[{"embeddable":true,"href":"https:\/\/www.metrica.it\/fr\/wp-json\/wp\/v2\/media\/117553"}],"wp:attachment":[{"href":"https:\/\/www.metrica.it\/fr\/wp-json\/wp\/v2\/media?parent=142768"}],"wp:term":[{"taxonomy":"product_cat","embeddable":true,"href":"https:\/\/www.metrica.it\/fr\/wp-json\/wp\/v2\/product_cat?post=142768"},{"taxonomy":"product_tag","embeddable":true,"href":"https:\/\/www.metrica.it\/fr\/wp-json\/wp\/v2\/product_tag?post=142768"}],"curies":[{"name":"wp","href":"https:\/\/api.w.org\/{rel}","templated":true}]}}