{"id":142788,"date":"2024-09-16T12:20:02","date_gmt":"2024-09-16T10:20:02","guid":{"rendered":"https:\/\/www.metrica.it\/prodotto\/metrica-new-graduation-4\/"},"modified":"2024-09-16T21:08:46","modified_gmt":"2024-09-16T19:08:46","slug":"metrica-new-graduation","status":"publish","type":"product","link":"https:\/\/www.metrica.it\/fr\/produit\/metrica-new-graduation\/","title":{"rendered":"Metrica New Graduation"},"content":{"rendered":"<ul>\n<li>Graduation avec traits \u00e0 longueurs variables pour une lecture facilit\u00e9e &#8211; design enregistr\u00e9<\/li>\n<li>Points altern\u00e9s chaque 2 mm pour reconnaissance imm\u00e9diate<\/li>\n<li>METRICA NEW GRADUATION<\/li>\n<li>Ruban avec double graduation:<\/li>\n<li>&#8211; recto: jaune, num\u00e9ration en horizontal<\/li>\n<li>&#8211; verso: jaune, num\u00e9ration en vertical<\/li>\n<li>Bo\u00eetier chrom\u00e9 en ABS, r\u00e9sistant aux chocs<\/li>\n<li>Avec clip<\/li>\n<li>Non vendable en USA et J<\/li>\n<\/ul>\n","protected":false},"excerpt":{"rendered":"<p>Graduation avec traits \u00e0 longueurs variables pour une lecture facilit\u00e9e &#8211; design enregistr\u00e9<br \/>Points altern\u00e9s chaque 2 mm pour reconnaissance imm\u00e9diate<br \/>METRICA NEW GRADUATION<br \/>Ruban avec double graduation:<br \/>&#8211; recto: jaune, num\u00e9ration en horizontal<br \/>&#8211; verso: jaune, num\u00e9ration en vertical<br \/>Bo\u00eetier chrom\u00e9 en ABS, r\u00e9sistant aux chocs<br \/>Avec clip<br \/>Non vendable en USA et J<\/p>\n","protected":false},"featured_media":117107,"template":"","meta":[],"product_cat":[49,590],"product_tag":[],"class_list":{"0":"post-142788","1":"product","2":"type-product","3":"status-publish","4":"has-post-thumbnail","6":"product_cat-mesures-de-longueur","7":"product_cat-metres-a-ruban","9":"first","10":"instock","11":"sold-individually","12":"product-type-simple"},"yoast_head":"<title>Metrica New Graduation | M\u00e8tres \u00e0 Ruban | Mesures de Longueur - Metrica<\/title>\n<meta name=\"description\" content=\"D\u00e9couvrez la collection de produits., Metrica New Graduation - M\u00e8tres \u00e0 Ruban.,Graduazione a tratti di lunghezza variabile per una lettura facilitata - design registrato,Punti alternati ogni 2 mm . Consultez le catalogue sur le site officiel de Metrica\" \/>\n<meta name=\"robots\" content=\"index, follow, max-snippet:-1, max-image-preview:large, max-video-preview:-1\" \/>\n<link rel=\"canonical\" href=\"https:\/\/www.metrica.it\/fr\/produit\/metrica-new-graduation\/\" \/>\n<meta property=\"og:locale\" content=\"fr_FR\" \/>\n<meta property=\"og:type\" content=\"article\" \/>\n<meta property=\"og:title\" content=\"Metrica New Graduation | M\u00e8tres \u00e0 Ruban | Mesures de Longueur - Metrica\" \/>\n<meta property=\"og:description\" content=\"D\u00e9couvrez la collection de produits., Metrica New Graduation - M\u00e8tres \u00e0 Ruban.,Graduazione a tratti di lunghezza variabile per una lettura facilitata - design registrato,Punti alternati ogni 2 mm . Consultez le catalogue sur le site officiel de Metrica\" \/>\n<meta property=\"og:url\" content=\"https:\/\/www.metrica.it\/fr\/produit\/metrica-new-graduation\/\" \/>\n<meta property=\"og:site_name\" content=\"Metrica\" \/>\n<meta property=\"article:modified_time\" content=\"2024-09-16T19:08:46+00:00\" \/>\n<meta property=\"og:image\" content=\"https:\/\/www.metrica.it\/wp-content\/uploads\/2024\/05\/08665.jpg\" \/>\n\t<meta property=\"og:image:width\" content=\"800\" \/>\n\t<meta property=\"og:image:height\" content=\"800\" \/>\n\t<meta property=\"og:image:type\" content=\"image\/jpeg\" \/>\n<meta name=\"twitter:card\" content=\"summary_large_image\" \/>\n<script type=\"application\/ld+json\" class=\"yoast-schema-graph\">{\"@context\":\"https:\\\/\\\/schema.org\",\"@graph\":[{\"@type\":\"WebPage\",\"@id\":\"https:\\\/\\\/www.metrica.it\\\/fr\\\/produit\\\/metrica-new-graduation\\\/\",\"url\":\"https:\\\/\\\/www.metrica.it\\\/fr\\\/produit\\\/metrica-new-graduation\\\/\",\"name\":\"Metrica New Graduation | M\u00e8tres \u00e0 Ruban | Mesures de Longueur - Metrica\",\"isPartOf\":{\"@id\":\"https:\\\/\\\/www.metrica.it\\\/fr\\\/#website\"},\"primaryImageOfPage\":{\"@id\":\"https:\\\/\\\/www.metrica.it\\\/fr\\\/produit\\\/metrica-new-graduation\\\/#primaryimage\"},\"image\":{\"@id\":\"https:\\\/\\\/www.metrica.it\\\/fr\\\/produit\\\/metrica-new-graduation\\\/#primaryimage\"},\"thumbnailUrl\":\"https:\\\/\\\/www.metrica.it\\\/wp-content\\\/uploads\\\/2024\\\/05\\\/08665.jpg\",\"datePublished\":\"2024-09-16T10:20:02+00:00\",\"dateModified\":\"2024-09-16T19:08:46+00:00\",\"description\":\"D\u00e9couvrez la collection de produits., Metrica New Graduation - M\u00e8tres \u00e0 Ruban.,Graduazione a tratti di lunghezza variabile per una lettura facilitata - design registrato,Punti alternati ogni 2 mm . Consultez le catalogue sur le site officiel de Metrica\",\"breadcrumb\":{\"@id\":\"https:\\\/\\\/www.metrica.it\\\/fr\\\/produit\\\/metrica-new-graduation\\\/#breadcrumb\"},\"inLanguage\":\"fr-FR\",\"potentialAction\":[{\"@type\":\"ReadAction\",\"target\":[\"https:\\\/\\\/www.metrica.it\\\/fr\\\/produit\\\/metrica-new-graduation\\\/\"]}]},{\"@type\":\"ImageObject\",\"inLanguage\":\"fr-FR\",\"@id\":\"https:\\\/\\\/www.metrica.it\\\/fr\\\/produit\\\/metrica-new-graduation\\\/#primaryimage\",\"url\":\"https:\\\/\\\/www.metrica.it\\\/wp-content\\\/uploads\\\/2024\\\/05\\\/08665.jpg\",\"contentUrl\":\"https:\\\/\\\/www.metrica.it\\\/wp-content\\\/uploads\\\/2024\\\/05\\\/08665.jpg\",\"width\":800,\"height\":800},{\"@type\":\"BreadcrumbList\",\"@id\":\"https:\\\/\\\/www.metrica.it\\\/fr\\\/produit\\\/metrica-new-graduation\\\/#breadcrumb\",\"itemListElement\":[{\"@type\":\"ListItem\",\"position\":1,\"name\":\"Home\",\"item\":\"https:\\\/\\\/www.metrica.it\\\/fr\\\/\"},{\"@type\":\"ListItem\",\"position\":2,\"name\":\"Catalogue\",\"item\":\"https:\\\/\\\/www.metrica.it\\\/fr\\\/catalogue\\\/\"},{\"@type\":\"ListItem\",\"position\":3,\"name\":\"Metrica New Graduation\"}]},{\"@type\":\"WebSite\",\"@id\":\"https:\\\/\\\/www.metrica.it\\\/fr\\\/#website\",\"url\":\"https:\\\/\\\/www.metrica.it\\\/fr\\\/\",\"name\":\"Metrica\",\"description\":\"Made to measure\",\"potentialAction\":[{\"@type\":\"SearchAction\",\"target\":{\"@type\":\"EntryPoint\",\"urlTemplate\":\"https:\\\/\\\/www.metrica.it\\\/fr\\\/?s={search_term_string}\"},\"query-input\":{\"@type\":\"PropertyValueSpecification\",\"valueRequired\":true,\"valueName\":\"search_term_string\"}}],\"inLanguage\":\"fr-FR\"}]}<\/script>","yoast_head_json":{"title":"Metrica New Graduation | M\u00e8tres \u00e0 Ruban | Mesures de Longueur - Metrica","description":"D\u00e9couvrez la collection de produits., Metrica New Graduation - M\u00e8tres \u00e0 Ruban.,Graduazione a tratti di lunghezza variabile per una lettura facilitata - design registrato,Punti alternati ogni 2 mm . Consultez le catalogue sur le site officiel de Metrica","robots":{"index":"index","follow":"follow","max-snippet":"max-snippet:-1","max-image-preview":"max-image-preview:large","max-video-preview":"max-video-preview:-1"},"canonical":"https:\/\/www.metrica.it\/fr\/produit\/metrica-new-graduation\/","og_locale":"fr_FR","og_type":"article","og_title":"Metrica New Graduation | M\u00e8tres \u00e0 Ruban | Mesures de Longueur - Metrica","og_description":"D\u00e9couvrez la collection de produits., Metrica New Graduation - M\u00e8tres \u00e0 Ruban.,Graduazione a tratti di lunghezza variabile per una lettura facilitata - design registrato,Punti alternati ogni 2 mm . Consultez le catalogue sur le site officiel de Metrica","og_url":"https:\/\/www.metrica.it\/fr\/produit\/metrica-new-graduation\/","og_site_name":"Metrica","article_modified_time":"2024-09-16T19:08:46+00:00","og_image":[{"width":800,"height":800,"url":"https:\/\/www.metrica.it\/wp-content\/uploads\/2024\/05\/08665.jpg","type":"image\/jpeg"}],"twitter_card":"summary_large_image","schema":{"@context":"https:\/\/schema.org","@graph":[{"@type":"WebPage","@id":"https:\/\/www.metrica.it\/fr\/produit\/metrica-new-graduation\/","url":"https:\/\/www.metrica.it\/fr\/produit\/metrica-new-graduation\/","name":"Metrica New Graduation | M\u00e8tres \u00e0 Ruban | Mesures de Longueur - Metrica","isPartOf":{"@id":"https:\/\/www.metrica.it\/fr\/#website"},"primaryImageOfPage":{"@id":"https:\/\/www.metrica.it\/fr\/produit\/metrica-new-graduation\/#primaryimage"},"image":{"@id":"https:\/\/www.metrica.it\/fr\/produit\/metrica-new-graduation\/#primaryimage"},"thumbnailUrl":"https:\/\/www.metrica.it\/wp-content\/uploads\/2024\/05\/08665.jpg","datePublished":"2024-09-16T10:20:02+00:00","dateModified":"2024-09-16T19:08:46+00:00","description":"D\u00e9couvrez la collection de produits., Metrica New Graduation - M\u00e8tres \u00e0 Ruban.,Graduazione a tratti di lunghezza variabile per una lettura facilitata - design registrato,Punti alternati ogni 2 mm . Consultez le catalogue sur le site officiel de Metrica","breadcrumb":{"@id":"https:\/\/www.metrica.it\/fr\/produit\/metrica-new-graduation\/#breadcrumb"},"inLanguage":"fr-FR","potentialAction":[{"@type":"ReadAction","target":["https:\/\/www.metrica.it\/fr\/produit\/metrica-new-graduation\/"]}]},{"@type":"ImageObject","inLanguage":"fr-FR","@id":"https:\/\/www.metrica.it\/fr\/produit\/metrica-new-graduation\/#primaryimage","url":"https:\/\/www.metrica.it\/wp-content\/uploads\/2024\/05\/08665.jpg","contentUrl":"https:\/\/www.metrica.it\/wp-content\/uploads\/2024\/05\/08665.jpg","width":800,"height":800},{"@type":"BreadcrumbList","@id":"https:\/\/www.metrica.it\/fr\/produit\/metrica-new-graduation\/#breadcrumb","itemListElement":[{"@type":"ListItem","position":1,"name":"Home","item":"https:\/\/www.metrica.it\/fr\/"},{"@type":"ListItem","position":2,"name":"Catalogue","item":"https:\/\/www.metrica.it\/fr\/catalogue\/"},{"@type":"ListItem","position":3,"name":"Metrica New Graduation"}]},{"@type":"WebSite","@id":"https:\/\/www.metrica.it\/fr\/#website","url":"https:\/\/www.metrica.it\/fr\/","name":"Metrica","description":"Made to measure","potentialAction":[{"@type":"SearchAction","target":{"@type":"EntryPoint","urlTemplate":"https:\/\/www.metrica.it\/fr\/?s={search_term_string}"},"query-input":{"@type":"PropertyValueSpecification","valueRequired":true,"valueName":"search_term_string"}}],"inLanguage":"fr-FR"}]}},"meta_box":{"awr_documentation":[],"awr_manuale":[],"awr_scheda_tecnica":"","awr_youtube_video":"https:\/\/www.youtube.com\/embed\/LfsDVPoBXcw","awr_classe_prodotto":"CE_2","awr_customize_product":"1","awr_custom_image":{"width":96,"height":96,"file":"2024\/05\/98665.jpg","filesize":400514,"sizes":{"dgwt-wcas-product-suggestion":{"file":"98665-64x64.jpg","width":64,"height":64,"mime-type":"image\/jpeg","filesize":1826,"url":"https:\/\/www.metrica.it\/wp-content\/uploads\/2024\/05\/98665-64x64.jpg"},"hongo-product-icon-image":{"file":"98665-64x64.jpg","width":64,"height":64,"mime-type":"image\/jpeg","filesize":1826,"url":"https:\/\/www.metrica.it\/wp-content\/uploads\/2024\/05\/98665-64x64.jpg"},"hongo-product-small-image":{"file":"98665-84x84.jpg","width":84,"height":84,"mime-type":"image\/jpeg","filesize":2452,"url":"https:\/\/www.metrica.it\/wp-content\/uploads\/2024\/05\/98665-84x84.jpg"},"hongo-medium-image":{"file":"98665-450x450.jpg","width":450,"height":450,"mime-type":"image\/jpeg","filesize":25009,"url":"https:\/\/www.metrica.it\/wp-content\/uploads\/2024\/05\/98665-450x450.jpg"},"post-thumbnail":{"file":"98665-790x790.jpg","width":790,"height":790,"mime-type":"image\/jpeg","filesize":57308,"url":"https:\/\/www.metrica.it\/wp-content\/uploads\/2024\/05\/98665-790x790.jpg"},"hongo-shop-image":{"file":"98665-660x660.jpg","width":660,"height":660,"mime-type":"image\/jpeg","filesize":44069,"url":"https:\/\/www.metrica.it\/wp-content\/uploads\/2024\/05\/98665-660x660.jpg"}},"image_meta":{"aperture":"0","credit":"","camera":"","caption":"","created_timestamp":"0","copyright":"","focal_length":"0","iso":"0","shutter_speed":"0","title":"","orientation":"1","keywords":[]},"ID":"117102","name":"98665.jpg","path":"\/var\/www\/html\/wp-content\/uploads\/2024\/05\/98665.jpg","url":"https:\/\/www.metrica.it\/wp-content\/uploads\/2024\/05\/98665.jpg","full_url":"https:\/\/www.metrica.it\/wp-content\/uploads\/2024\/05\/98665.jpg","title":"98665.jpg","caption":"","description":"","alt":"","srcset":"https:\/\/www.metrica.it\/wp-content\/uploads\/2024\/05\/98665.jpg 800w, https:\/\/www.metrica.it\/wp-content\/uploads\/2024\/05\/98665-64x64.jpg 64w, https:\/\/www.metrica.it\/wp-content\/uploads\/2024\/05\/98665-84x84.jpg 84w, https:\/\/www.metrica.it\/wp-content\/uploads\/2024\/05\/98665-450x450.jpg 450w, https:\/\/www.metrica.it\/wp-content\/uploads\/2024\/05\/98665-790x790.jpg 790w, https:\/\/www.metrica.it\/wp-content\/uploads\/2024\/05\/98665-660x660.jpg 660w"},"awr_related_products":[{"awr_product_name":"Metrica New Graduation","awr_product_references":"ref:08665|ean:8001066086658|l:5 m|larghezza:25 mm|unit_misura:mm|b_mm:70|num_pz_gdo:6"}],"awr_consumabili":"","awr_alternativi":"","awr_aliases":"08665","awr_skuid":"08665-it"},"_links":{"self":[{"href":"https:\/\/www.metrica.it\/fr\/wp-json\/wp\/v2\/product\/142788","targetHints":{"allow":["GET"]}}],"collection":[{"href":"https:\/\/www.metrica.it\/fr\/wp-json\/wp\/v2\/product"}],"about":[{"href":"https:\/\/www.metrica.it\/fr\/wp-json\/wp\/v2\/types\/product"}],"wp:featuredmedia":[{"embeddable":true,"href":"https:\/\/www.metrica.it\/fr\/wp-json\/wp\/v2\/media\/117107"}],"wp:attachment":[{"href":"https:\/\/www.metrica.it\/fr\/wp-json\/wp\/v2\/media?parent=142788"}],"wp:term":[{"taxonomy":"product_cat","embeddable":true,"href":"https:\/\/www.metrica.it\/fr\/wp-json\/wp\/v2\/product_cat?post=142788"},{"taxonomy":"product_tag","embeddable":true,"href":"https:\/\/www.metrica.it\/fr\/wp-json\/wp\/v2\/product_tag?post=142788"}],"curies":[{"name":"wp","href":"https:\/\/api.w.org\/{rel}","templated":true}]}}