{"id":142823,"date":"2024-09-16T11:46:51","date_gmt":"2024-09-16T09:46:51","guid":{"rendered":"https:\/\/www.metrica.it\/prodotto\/pointe-a-tracer-de-poche\/"},"modified":"2024-09-16T20:35:25","modified_gmt":"2024-09-16T18:35:25","slug":"pointe-a-tracer-de-poche","status":"publish","type":"product","link":"https:\/\/www.metrica.it\/fr\/produit\/pointe-a-tracer-de-poche\/","title":{"rendered":"Pointe \u00c0 Tracer De Poche"},"content":{"rendered":"<ul>\n<li>Pointe \u00e0 tracer de poche<\/li>\n<li>Pointe en carbure<\/li>\n<li>Format stylo<\/li>\n<li>Avec clip<\/li>\n<li>En blister<\/li>\n<\/ul>\n","protected":false},"excerpt":{"rendered":"<p>Pointe \u00e0 tracer de poche<br \/>Pointe en carbure<br \/>Format stylo<br \/>Avec clip<br \/>En blister<\/p>\n","protected":false},"featured_media":133781,"template":"","meta":[],"product_cat":[729,701],"product_tag":[],"class_list":{"0":"post-142823","1":"product","2":"type-product","3":"status-publish","4":"has-post-thumbnail","6":"product_cat-pointes-a-tracer-et-poincons","7":"product_cat-tracage-et-marquage","9":"first","10":"instock","11":"sold-individually","12":"product-type-simple"},"yoast_head":"<title>Punta A Tracciare Tascabile | Pointes \u00e0 tracer et poin\u00e7ons | Tra\u00e7age et Marquage - Metrica<\/title>\n<meta name=\"description\" content=\"D\u00e9couvrez la collection de produits., Punta A Tracciare Tascabile - Pointes \u00e0 tracer et poin\u00e7ons.Punta a tracciare tascabile,Punta in metallo duro,Formato penna . Consultez le catalogue sur le site officiel de Metrica\" \/>\n<meta name=\"robots\" content=\"index, follow, max-snippet:-1, max-image-preview:large, max-video-preview:-1\" \/>\n<link rel=\"canonical\" href=\"https:\/\/www.metrica.it\/fr\/produit\/pointe-a-tracer-de-poche\/\" \/>\n<meta property=\"og:locale\" content=\"fr_FR\" \/>\n<meta property=\"og:type\" content=\"article\" \/>\n<meta property=\"og:title\" content=\"Punta A Tracciare Tascabile | Pointes \u00e0 tracer et poin\u00e7ons | Tra\u00e7age et Marquage - Metrica\" \/>\n<meta property=\"og:description\" content=\"D\u00e9couvrez la collection de produits., Punta A Tracciare Tascabile - Pointes \u00e0 tracer et poin\u00e7ons.Punta a tracciare tascabile,Punta in metallo duro,Formato penna . Consultez le catalogue sur le site officiel de Metrica\" \/>\n<meta property=\"og:url\" content=\"https:\/\/www.metrica.it\/fr\/produit\/pointe-a-tracer-de-poche\/\" \/>\n<meta property=\"og:site_name\" content=\"Metrica\" \/>\n<meta property=\"article:modified_time\" content=\"2024-09-16T18:35:25+00:00\" \/>\n<meta property=\"og:image\" content=\"https:\/\/www.metrica.it\/wp-content\/uploads\/2024\/06\/08150.jpg\" \/>\n\t<meta property=\"og:image:width\" content=\"800\" \/>\n\t<meta property=\"og:image:height\" content=\"800\" \/>\n\t<meta property=\"og:image:type\" content=\"image\/jpeg\" \/>\n<meta name=\"twitter:card\" content=\"summary_large_image\" \/>\n<script type=\"application\/ld+json\" class=\"yoast-schema-graph\">{\"@context\":\"https:\\\/\\\/schema.org\",\"@graph\":[{\"@type\":\"WebPage\",\"@id\":\"https:\\\/\\\/www.metrica.it\\\/fr\\\/produit\\\/pointe-a-tracer-de-poche\\\/\",\"url\":\"https:\\\/\\\/www.metrica.it\\\/fr\\\/produit\\\/pointe-a-tracer-de-poche\\\/\",\"name\":\"Punta A Tracciare Tascabile | Pointes \u00e0 tracer et poin\u00e7ons | Tra\u00e7age et Marquage - Metrica\",\"isPartOf\":{\"@id\":\"https:\\\/\\\/www.metrica.it\\\/fr\\\/#website\"},\"primaryImageOfPage\":{\"@id\":\"https:\\\/\\\/www.metrica.it\\\/fr\\\/produit\\\/pointe-a-tracer-de-poche\\\/#primaryimage\"},\"image\":{\"@id\":\"https:\\\/\\\/www.metrica.it\\\/fr\\\/produit\\\/pointe-a-tracer-de-poche\\\/#primaryimage\"},\"thumbnailUrl\":\"https:\\\/\\\/www.metrica.it\\\/wp-content\\\/uploads\\\/2024\\\/06\\\/08150.jpg\",\"datePublished\":\"2024-09-16T09:46:51+00:00\",\"dateModified\":\"2024-09-16T18:35:25+00:00\",\"description\":\"D\u00e9couvrez la collection de produits., Punta A Tracciare Tascabile - Pointes \u00e0 tracer et poin\u00e7ons.Punta a tracciare tascabile,Punta in metallo duro,Formato penna . Consultez le catalogue sur le site officiel de Metrica\",\"breadcrumb\":{\"@id\":\"https:\\\/\\\/www.metrica.it\\\/fr\\\/produit\\\/pointe-a-tracer-de-poche\\\/#breadcrumb\"},\"inLanguage\":\"fr-FR\",\"potentialAction\":[{\"@type\":\"ReadAction\",\"target\":[\"https:\\\/\\\/www.metrica.it\\\/fr\\\/produit\\\/pointe-a-tracer-de-poche\\\/\"]}]},{\"@type\":\"ImageObject\",\"inLanguage\":\"fr-FR\",\"@id\":\"https:\\\/\\\/www.metrica.it\\\/fr\\\/produit\\\/pointe-a-tracer-de-poche\\\/#primaryimage\",\"url\":\"https:\\\/\\\/www.metrica.it\\\/wp-content\\\/uploads\\\/2024\\\/06\\\/08150.jpg\",\"contentUrl\":\"https:\\\/\\\/www.metrica.it\\\/wp-content\\\/uploads\\\/2024\\\/06\\\/08150.jpg\",\"width\":800,\"height\":800},{\"@type\":\"BreadcrumbList\",\"@id\":\"https:\\\/\\\/www.metrica.it\\\/fr\\\/produit\\\/pointe-a-tracer-de-poche\\\/#breadcrumb\",\"itemListElement\":[{\"@type\":\"ListItem\",\"position\":1,\"name\":\"Home\",\"item\":\"https:\\\/\\\/www.metrica.it\\\/fr\\\/\"},{\"@type\":\"ListItem\",\"position\":2,\"name\":\"Catalogue\",\"item\":\"https:\\\/\\\/www.metrica.it\\\/fr\\\/catalogue\\\/\"},{\"@type\":\"ListItem\",\"position\":3,\"name\":\"Pointe \u00c0 Tracer De Poche\"}]},{\"@type\":\"WebSite\",\"@id\":\"https:\\\/\\\/www.metrica.it\\\/fr\\\/#website\",\"url\":\"https:\\\/\\\/www.metrica.it\\\/fr\\\/\",\"name\":\"Metrica\",\"description\":\"Made to measure\",\"potentialAction\":[{\"@type\":\"SearchAction\",\"target\":{\"@type\":\"EntryPoint\",\"urlTemplate\":\"https:\\\/\\\/www.metrica.it\\\/fr\\\/?s={search_term_string}\"},\"query-input\":{\"@type\":\"PropertyValueSpecification\",\"valueRequired\":true,\"valueName\":\"search_term_string\"}}],\"inLanguage\":\"fr-FR\"}]}<\/script>","yoast_head_json":{"title":"Punta A Tracciare Tascabile | Pointes \u00e0 tracer et poin\u00e7ons | Tra\u00e7age et Marquage - Metrica","description":"D\u00e9couvrez la collection de produits., Punta A Tracciare Tascabile - Pointes \u00e0 tracer et poin\u00e7ons.Punta a tracciare tascabile,Punta in metallo duro,Formato penna . Consultez le catalogue sur le site officiel de Metrica","robots":{"index":"index","follow":"follow","max-snippet":"max-snippet:-1","max-image-preview":"max-image-preview:large","max-video-preview":"max-video-preview:-1"},"canonical":"https:\/\/www.metrica.it\/fr\/produit\/pointe-a-tracer-de-poche\/","og_locale":"fr_FR","og_type":"article","og_title":"Punta A Tracciare Tascabile | Pointes \u00e0 tracer et poin\u00e7ons | Tra\u00e7age et Marquage - Metrica","og_description":"D\u00e9couvrez la collection de produits., Punta A Tracciare Tascabile - Pointes \u00e0 tracer et poin\u00e7ons.Punta a tracciare tascabile,Punta in metallo duro,Formato penna . Consultez le catalogue sur le site officiel de Metrica","og_url":"https:\/\/www.metrica.it\/fr\/produit\/pointe-a-tracer-de-poche\/","og_site_name":"Metrica","article_modified_time":"2024-09-16T18:35:25+00:00","og_image":[{"width":800,"height":800,"url":"https:\/\/www.metrica.it\/wp-content\/uploads\/2024\/06\/08150.jpg","type":"image\/jpeg"}],"twitter_card":"summary_large_image","schema":{"@context":"https:\/\/schema.org","@graph":[{"@type":"WebPage","@id":"https:\/\/www.metrica.it\/fr\/produit\/pointe-a-tracer-de-poche\/","url":"https:\/\/www.metrica.it\/fr\/produit\/pointe-a-tracer-de-poche\/","name":"Punta A Tracciare Tascabile | Pointes \u00e0 tracer et poin\u00e7ons | Tra\u00e7age et Marquage - Metrica","isPartOf":{"@id":"https:\/\/www.metrica.it\/fr\/#website"},"primaryImageOfPage":{"@id":"https:\/\/www.metrica.it\/fr\/produit\/pointe-a-tracer-de-poche\/#primaryimage"},"image":{"@id":"https:\/\/www.metrica.it\/fr\/produit\/pointe-a-tracer-de-poche\/#primaryimage"},"thumbnailUrl":"https:\/\/www.metrica.it\/wp-content\/uploads\/2024\/06\/08150.jpg","datePublished":"2024-09-16T09:46:51+00:00","dateModified":"2024-09-16T18:35:25+00:00","description":"D\u00e9couvrez la collection de produits., Punta A Tracciare Tascabile - Pointes \u00e0 tracer et poin\u00e7ons.Punta a tracciare tascabile,Punta in metallo duro,Formato penna . Consultez le catalogue sur le site officiel de Metrica","breadcrumb":{"@id":"https:\/\/www.metrica.it\/fr\/produit\/pointe-a-tracer-de-poche\/#breadcrumb"},"inLanguage":"fr-FR","potentialAction":[{"@type":"ReadAction","target":["https:\/\/www.metrica.it\/fr\/produit\/pointe-a-tracer-de-poche\/"]}]},{"@type":"ImageObject","inLanguage":"fr-FR","@id":"https:\/\/www.metrica.it\/fr\/produit\/pointe-a-tracer-de-poche\/#primaryimage","url":"https:\/\/www.metrica.it\/wp-content\/uploads\/2024\/06\/08150.jpg","contentUrl":"https:\/\/www.metrica.it\/wp-content\/uploads\/2024\/06\/08150.jpg","width":800,"height":800},{"@type":"BreadcrumbList","@id":"https:\/\/www.metrica.it\/fr\/produit\/pointe-a-tracer-de-poche\/#breadcrumb","itemListElement":[{"@type":"ListItem","position":1,"name":"Home","item":"https:\/\/www.metrica.it\/fr\/"},{"@type":"ListItem","position":2,"name":"Catalogue","item":"https:\/\/www.metrica.it\/fr\/catalogue\/"},{"@type":"ListItem","position":3,"name":"Pointe \u00c0 Tracer De Poche"}]},{"@type":"WebSite","@id":"https:\/\/www.metrica.it\/fr\/#website","url":"https:\/\/www.metrica.it\/fr\/","name":"Metrica","description":"Made to measure","potentialAction":[{"@type":"SearchAction","target":{"@type":"EntryPoint","urlTemplate":"https:\/\/www.metrica.it\/fr\/?s={search_term_string}"},"query-input":{"@type":"PropertyValueSpecification","valueRequired":true,"valueName":"search_term_string"}}],"inLanguage":"fr-FR"}]}},"meta_box":{"awr_documentation":[],"awr_manuale":[],"awr_scheda_tecnica":"","awr_youtube_video":"","awr_classe_prodotto":"","awr_customize_product":"0","awr_custom_image":false,"awr_related_products":[{"awr_product_name":"Punta A Tracciare Tascabile","awr_product_references":"ref:08150M|ean:8001066081509|l_mm:150|num_pz_gdo:10"},{"awr_product_name":"Ricambi Punta","awr_product_references":"ref:28151S|ean:8001066281510|pack:2"}],"awr_consumabili":"","awr_alternativi":"","awr_aliases":"08150M,28151S","awr_skuid":"08150-it"},"_links":{"self":[{"href":"https:\/\/www.metrica.it\/fr\/wp-json\/wp\/v2\/product\/142823","targetHints":{"allow":["GET"]}}],"collection":[{"href":"https:\/\/www.metrica.it\/fr\/wp-json\/wp\/v2\/product"}],"about":[{"href":"https:\/\/www.metrica.it\/fr\/wp-json\/wp\/v2\/types\/product"}],"wp:featuredmedia":[{"embeddable":true,"href":"https:\/\/www.metrica.it\/fr\/wp-json\/wp\/v2\/media\/133781"}],"wp:attachment":[{"href":"https:\/\/www.metrica.it\/fr\/wp-json\/wp\/v2\/media?parent=142823"}],"wp:term":[{"taxonomy":"product_cat","embeddable":true,"href":"https:\/\/www.metrica.it\/fr\/wp-json\/wp\/v2\/product_cat?post=142823"},{"taxonomy":"product_tag","embeddable":true,"href":"https:\/\/www.metrica.it\/fr\/wp-json\/wp\/v2\/product_tag?post=142823"}],"curies":[{"name":"wp","href":"https:\/\/api.w.org\/{rel}","templated":true}]}}