{"id":142828,"date":"2024-09-16T11:39:14","date_gmt":"2024-09-16T09:39:14","guid":{"rendered":"https:\/\/www.metrica.it\/prodotto\/metrica-double-laser-incligrad-4\/"},"modified":"2024-09-16T20:29:44","modified_gmt":"2024-09-16T18:29:44","slug":"metrica-double-laser-incligrad","status":"publish","type":"product","link":"https:\/\/www.metrica.it\/fr\/produit\/metrica-double-laser-incligrad\/","title":{"rendered":"Metrica Double  Laser Incligrad"},"content":{"rendered":"<ul>\n<li>\u00a0<\/li>\n<li>\n<p>Fonction d&rsquo;inclinaison avec indication des degr\u00e9s sur l&rsquo;\u00e9cran<\/p>\n<\/li>\n<li>\n<p>2 Lasers : un avant et un arri\u00e8re pour une double mesure<\/p>\n<\/li>\n<li>\n<p>Affichage r\u00e9tro\u00e9clair\u00e9 sur 4 lignes<\/p>\n<\/li>\n<li>\n<p>\u00c9cran \u00e0 haute visibilit\u00e9 avec fonction d&rsquo;auto-rotation<\/p>\n<\/li>\n<li>\n<p>Fonction de mesure continue avec MAX et MIN<\/p>\n<\/li>\n<li>\n<p>Distances, surfaces, volumes<\/p>\n<\/li>\n<li>\n<p>2 fonctions Pythagore<\/p>\n<\/li>\n<li>\n<p>Addition, soustraction<\/p>\n<\/li>\n<li>\n<p>50 m\u00e9moires<\/p>\n<\/li>\n<li>\n<p>Mise hors tension automatique<\/p>\n<\/li>\n<li>\n<p>Avec sangle<\/p>\n<\/li>\n<li>\n<p>Batterie rechargeable LI-ION<\/p>\n<\/li>\n<li>\n<p>En pochette<\/p>\n<\/li>\n<\/ul>\n<p>\u00a0<\/p>\n<p><strong><span>PR\u00c9SENTOIR POUR R\u00e9f. 61114<\/span><\/strong><\/p>\n<ul>\n<li><span>Composition 6 x R\u00e9f. 61114 + R\u00e9f. EXPO DOUBLE<br \/><\/span><\/li>\n<li><span>Gratuit avec la premi\u00e8re commande d&rsquo;au moins 6 pi\u00e8ces<\/span><\/li>\n<li>L x H X P = 18 X 27 X 11 cm<\/li>\n<\/ul>\n<p>\u00a0<\/p>\n","protected":false},"excerpt":{"rendered":"<p>Fonction d&rsquo;inclinaison avec indication des degr\u00e9s sur l&rsquo;\u00e9cran<\/p>\n<p>2 Lasers : un avant et un arri\u00e8re pour une double mesure<\/p>\n<p>Affichage r\u00e9tro\u00e9clair\u00e9 sur 4 lignes<\/p>\n<p>\u00c9cran \u00e0 haute visibilit\u00e9 avec fonction d&rsquo;auto-rotation<\/p>\n<p>Fonction de mesure continue avec MAX et MIN<\/p>\n<p>Distances, surfaces, volumes<\/p>\n<p>2 fonctions Pythagore<\/p>\n<p>Addition, soustraction<\/p>\n<p>50 m\u00e9moires<\/p>\n<p>Mise hors tension automatique<\/p>\n<p>Avec sangle<\/p>\n<p>Batterie rechargeable LI-ION<\/p>\n<p>En pochette<\/p>\n","protected":false},"featured_media":124780,"template":"","meta":[],"product_cat":[526,515],"product_tag":[],"class_list":{"0":"post-142828","1":"product","2":"type-product","3":"status-publish","4":"has-post-thumbnail","6":"product_cat-distancemetres-laser","7":"product_cat-laser-et-cameras-thermiques","9":"first","10":"instock","11":"sold-individually","12":"product-type-simple"},"yoast_head":"<title>METRICA DOUBLE LASER INCLIGRAD<\/title>\n<meta name=\"robots\" content=\"index, follow, max-snippet:-1, max-image-preview:large, max-video-preview:-1\" \/>\n<link rel=\"canonical\" href=\"https:\/\/www.metrica.it\/fr\/produit\/metrica-double-laser-incligrad\/\" \/>\n<meta property=\"og:locale\" content=\"fr_FR\" \/>\n<meta property=\"og:type\" content=\"article\" \/>\n<meta property=\"og:title\" content=\"METRICA DOUBLE LASER INCLIGRAD\" \/>\n<meta property=\"og:description\" content=\"Fonction d&#039;inclinaison avec indication des degr\u00e9s sur l&#039;\u00e9cran2 Lasers : un avant et un arri\u00e8re pour une double mesureAffichage r\u00e9tro\u00e9clair\u00e9 sur 4 lignes\u00c9cran \u00e0 haute visibilit\u00e9 avec fonction d&#039;auto-rotationFonction de mesure continue avec MAX et MINDistances, surfaces, volumes2 fonctions PythagoreAddition, soustraction50 m\u00e9moiresMise hors tension automatiqueAvec sangleBatterie rechargeable LI-IONEn pochette\" \/>\n<meta property=\"og:url\" content=\"https:\/\/www.metrica.it\/fr\/produit\/metrica-double-laser-incligrad\/\" \/>\n<meta property=\"og:site_name\" content=\"Metrica\" \/>\n<meta property=\"article:modified_time\" content=\"2024-09-16T18:29:44+00:00\" \/>\n<meta property=\"og:image\" content=\"https:\/\/www.metrica.it\/wp-content\/uploads\/2024\/05\/61114_copia.jpg\" \/>\n\t<meta property=\"og:image:width\" content=\"800\" \/>\n\t<meta property=\"og:image:height\" content=\"800\" \/>\n\t<meta property=\"og:image:type\" content=\"image\/jpeg\" \/>\n<meta name=\"twitter:card\" content=\"summary_large_image\" \/>\n<script type=\"application\/ld+json\" class=\"yoast-schema-graph\">{\"@context\":\"https:\\\/\\\/schema.org\",\"@graph\":[{\"@type\":\"WebPage\",\"@id\":\"https:\\\/\\\/www.metrica.it\\\/fr\\\/produit\\\/metrica-double-laser-incligrad\\\/\",\"url\":\"https:\\\/\\\/www.metrica.it\\\/fr\\\/produit\\\/metrica-double-laser-incligrad\\\/\",\"name\":\"METRICA DOUBLE LASER INCLIGRAD\",\"isPartOf\":{\"@id\":\"https:\\\/\\\/www.metrica.it\\\/fr\\\/#website\"},\"primaryImageOfPage\":{\"@id\":\"https:\\\/\\\/www.metrica.it\\\/fr\\\/produit\\\/metrica-double-laser-incligrad\\\/#primaryimage\"},\"image\":{\"@id\":\"https:\\\/\\\/www.metrica.it\\\/fr\\\/produit\\\/metrica-double-laser-incligrad\\\/#primaryimage\"},\"thumbnailUrl\":\"https:\\\/\\\/www.metrica.it\\\/wp-content\\\/uploads\\\/2024\\\/05\\\/61114_copia.jpg\",\"datePublished\":\"2024-09-16T09:39:14+00:00\",\"dateModified\":\"2024-09-16T18:29:44+00:00\",\"breadcrumb\":{\"@id\":\"https:\\\/\\\/www.metrica.it\\\/fr\\\/produit\\\/metrica-double-laser-incligrad\\\/#breadcrumb\"},\"inLanguage\":\"fr-FR\",\"potentialAction\":[{\"@type\":\"ReadAction\",\"target\":[\"https:\\\/\\\/www.metrica.it\\\/fr\\\/produit\\\/metrica-double-laser-incligrad\\\/\"]}]},{\"@type\":\"ImageObject\",\"inLanguage\":\"fr-FR\",\"@id\":\"https:\\\/\\\/www.metrica.it\\\/fr\\\/produit\\\/metrica-double-laser-incligrad\\\/#primaryimage\",\"url\":\"https:\\\/\\\/www.metrica.it\\\/wp-content\\\/uploads\\\/2024\\\/05\\\/61114_copia.jpg\",\"contentUrl\":\"https:\\\/\\\/www.metrica.it\\\/wp-content\\\/uploads\\\/2024\\\/05\\\/61114_copia.jpg\",\"width\":800,\"height\":800},{\"@type\":\"BreadcrumbList\",\"@id\":\"https:\\\/\\\/www.metrica.it\\\/fr\\\/produit\\\/metrica-double-laser-incligrad\\\/#breadcrumb\",\"itemListElement\":[{\"@type\":\"ListItem\",\"position\":1,\"name\":\"Home\",\"item\":\"https:\\\/\\\/www.metrica.it\\\/fr\\\/\"},{\"@type\":\"ListItem\",\"position\":2,\"name\":\"Catalogue\",\"item\":\"https:\\\/\\\/www.metrica.it\\\/fr\\\/catalogue\\\/\"},{\"@type\":\"ListItem\",\"position\":3,\"name\":\"Metrica Double Laser Incligrad\"}]},{\"@type\":\"WebSite\",\"@id\":\"https:\\\/\\\/www.metrica.it\\\/fr\\\/#website\",\"url\":\"https:\\\/\\\/www.metrica.it\\\/fr\\\/\",\"name\":\"Metrica\",\"description\":\"Made to measure\",\"potentialAction\":[{\"@type\":\"SearchAction\",\"target\":{\"@type\":\"EntryPoint\",\"urlTemplate\":\"https:\\\/\\\/www.metrica.it\\\/fr\\\/?s={search_term_string}\"},\"query-input\":{\"@type\":\"PropertyValueSpecification\",\"valueRequired\":true,\"valueName\":\"search_term_string\"}}],\"inLanguage\":\"fr-FR\"}]}<\/script>","yoast_head_json":{"title":"METRICA DOUBLE LASER INCLIGRAD","robots":{"index":"index","follow":"follow","max-snippet":"max-snippet:-1","max-image-preview":"max-image-preview:large","max-video-preview":"max-video-preview:-1"},"canonical":"https:\/\/www.metrica.it\/fr\/produit\/metrica-double-laser-incligrad\/","og_locale":"fr_FR","og_type":"article","og_title":"METRICA DOUBLE LASER INCLIGRAD","og_description":"Fonction d'inclinaison avec indication des degr\u00e9s sur l'\u00e9cran2 Lasers : un avant et un arri\u00e8re pour une double mesureAffichage r\u00e9tro\u00e9clair\u00e9 sur 4 lignes\u00c9cran \u00e0 haute visibilit\u00e9 avec fonction d'auto-rotationFonction de mesure continue avec MAX et MINDistances, surfaces, volumes2 fonctions PythagoreAddition, soustraction50 m\u00e9moiresMise hors tension automatiqueAvec sangleBatterie rechargeable LI-IONEn pochette","og_url":"https:\/\/www.metrica.it\/fr\/produit\/metrica-double-laser-incligrad\/","og_site_name":"Metrica","article_modified_time":"2024-09-16T18:29:44+00:00","og_image":[{"width":800,"height":800,"url":"https:\/\/www.metrica.it\/wp-content\/uploads\/2024\/05\/61114_copia.jpg","type":"image\/jpeg"}],"twitter_card":"summary_large_image","schema":{"@context":"https:\/\/schema.org","@graph":[{"@type":"WebPage","@id":"https:\/\/www.metrica.it\/fr\/produit\/metrica-double-laser-incligrad\/","url":"https:\/\/www.metrica.it\/fr\/produit\/metrica-double-laser-incligrad\/","name":"METRICA DOUBLE LASER INCLIGRAD","isPartOf":{"@id":"https:\/\/www.metrica.it\/fr\/#website"},"primaryImageOfPage":{"@id":"https:\/\/www.metrica.it\/fr\/produit\/metrica-double-laser-incligrad\/#primaryimage"},"image":{"@id":"https:\/\/www.metrica.it\/fr\/produit\/metrica-double-laser-incligrad\/#primaryimage"},"thumbnailUrl":"https:\/\/www.metrica.it\/wp-content\/uploads\/2024\/05\/61114_copia.jpg","datePublished":"2024-09-16T09:39:14+00:00","dateModified":"2024-09-16T18:29:44+00:00","breadcrumb":{"@id":"https:\/\/www.metrica.it\/fr\/produit\/metrica-double-laser-incligrad\/#breadcrumb"},"inLanguage":"fr-FR","potentialAction":[{"@type":"ReadAction","target":["https:\/\/www.metrica.it\/fr\/produit\/metrica-double-laser-incligrad\/"]}]},{"@type":"ImageObject","inLanguage":"fr-FR","@id":"https:\/\/www.metrica.it\/fr\/produit\/metrica-double-laser-incligrad\/#primaryimage","url":"https:\/\/www.metrica.it\/wp-content\/uploads\/2024\/05\/61114_copia.jpg","contentUrl":"https:\/\/www.metrica.it\/wp-content\/uploads\/2024\/05\/61114_copia.jpg","width":800,"height":800},{"@type":"BreadcrumbList","@id":"https:\/\/www.metrica.it\/fr\/produit\/metrica-double-laser-incligrad\/#breadcrumb","itemListElement":[{"@type":"ListItem","position":1,"name":"Home","item":"https:\/\/www.metrica.it\/fr\/"},{"@type":"ListItem","position":2,"name":"Catalogue","item":"https:\/\/www.metrica.it\/fr\/catalogue\/"},{"@type":"ListItem","position":3,"name":"Metrica Double Laser Incligrad"}]},{"@type":"WebSite","@id":"https:\/\/www.metrica.it\/fr\/#website","url":"https:\/\/www.metrica.it\/fr\/","name":"Metrica","description":"Made to measure","potentialAction":[{"@type":"SearchAction","target":{"@type":"EntryPoint","urlTemplate":"https:\/\/www.metrica.it\/fr\/?s={search_term_string}"},"query-input":{"@type":"PropertyValueSpecification","valueRequired":true,"valueName":"search_term_string"}}],"inLanguage":"fr-FR"}]}},"meta_box":{"awr_documentation":[{"filesize":4363455,"ID":"146317","name":"61114.pdf","path":"\/var\/www\/html\/wp-content\/uploads\/2024\/09\/61114.pdf","url":"https:\/\/www.metrica.it\/wp-content\/uploads\/2024\/09\/61114.pdf","title":"61114.pdf"}],"awr_manuale":[],"awr_scheda_tecnica":"<table>\n<tbody>\n<tr>\n<td><strong>Port\u00e9e*:<\/strong><\/td>\n<td>50 m<\/td>\n<\/tr>\n<tr>\n<td><strong>Laser A (avant):<\/strong><\/td>\n<td>30m<\/td>\n<\/tr>\n<tr>\n<td><strong>Laser B (arri\u00e8re):<\/strong><\/td>\n<td>20m<\/td>\n<\/tr>\n<tr>\n<td><strong>Pr\u00e9cision:<\/strong><\/td>\n<td>\u00b1 (3 mm +5x10-5 D)<\/td>\n<\/tr>\n<tr>\n<td><strong>Type de laser:<\/strong><\/td>\n<td>620-690 nm <\/td>\n<\/tr>\n<tr>\n<td><strong>Lecture:<\/strong><\/td>\n<td>1 mm<\/td>\n<\/tr>\n<tr>\n<td><strong>Puissance laser:<\/strong><\/td>\n<td>classe II<\/td>\n<\/tr>\n<tr>\n<td><strong>\u00c9tanch\u00e9it\u00e9:<\/strong><\/td>\n<td>IP 54<\/td>\n<\/tr>\n<tr>\n<td><strong>Temp\u00e9rature de fonctionnement:<\/strong><\/td>\n<td>0\u00b0 C \/ 40\u00b0 C<\/td>\n<\/tr>\n<tr>\n<td><strong>Piles:<\/strong><\/td>\n<td>LI-ION\u00a03.7V-500mAh<\/td>\n<\/tr>\n<tr>\n<td><strong>Dimension (cm):<\/strong><\/td>\n<td>85,5 x 38 x 195<\/td>\n<\/tr>\n<tr>\n<td><strong>Poids:<\/strong><\/td>\n<td>(sans piles) 50 g<\/td>\n<\/tr>\n<tr>\n<td><strong>C\u00e2ble recharge:<\/strong><\/td>\n<td>oui<\/td>\n<\/tr>\n<tr>\n<td><strong>* en fonction de la luminosit\u00e9 ambiante<\/strong><\/td>\n<\/tr>\n<\/tbody>\n<\/table>\n","awr_youtube_video":"https:\/\/www.youtube.com\/embed\/qZ88Tpf8dbY","awr_classe_prodotto":"","awr_customize_product":"1","awr_custom_image":{"width":96,"height":96,"file":"2024\/05\/61114.jpg","filesize":269738,"sizes":{"dgwt-wcas-product-suggestion":{"file":"61114-64x64.jpg","width":64,"height":64,"mime-type":"image\/jpeg","filesize":1539,"url":"https:\/\/www.metrica.it\/wp-content\/uploads\/2024\/05\/61114-64x64.jpg"},"hongo-product-icon-image":{"file":"61114-64x64.jpg","width":64,"height":64,"mime-type":"image\/jpeg","filesize":1539,"url":"https:\/\/www.metrica.it\/wp-content\/uploads\/2024\/05\/61114-64x64.jpg"},"hongo-product-small-image":{"file":"61114-84x84.jpg","width":84,"height":84,"mime-type":"image\/jpeg","filesize":2064,"url":"https:\/\/www.metrica.it\/wp-content\/uploads\/2024\/05\/61114-84x84.jpg"},"hongo-medium-image":{"file":"61114-450x450.jpg","width":450,"height":450,"mime-type":"image\/jpeg","filesize":18020,"url":"https:\/\/www.metrica.it\/wp-content\/uploads\/2024\/05\/61114-450x450.jpg"},"post-thumbnail":{"file":"61114-790x790.jpg","width":790,"height":790,"mime-type":"image\/jpeg","filesize":39520,"url":"https:\/\/www.metrica.it\/wp-content\/uploads\/2024\/05\/61114-790x790.jpg"},"hongo-shop-image":{"file":"61114-660x660.jpg","width":660,"height":660,"mime-type":"image\/jpeg","filesize":30989,"url":"https:\/\/www.metrica.it\/wp-content\/uploads\/2024\/05\/61114-660x660.jpg"}},"image_meta":{"aperture":"0","credit":"","camera":"","caption":"","created_timestamp":"0","copyright":"","focal_length":"0","iso":"0","shutter_speed":"0","title":"","orientation":"1","keywords":[]},"ID":"124775","name":"61114.jpg","path":"\/var\/www\/html\/wp-content\/uploads\/2024\/05\/61114.jpg","url":"https:\/\/www.metrica.it\/wp-content\/uploads\/2024\/05\/61114.jpg","full_url":"https:\/\/www.metrica.it\/wp-content\/uploads\/2024\/05\/61114.jpg","title":"61114.jpg","caption":"","description":"","alt":"","srcset":"https:\/\/www.metrica.it\/wp-content\/uploads\/2024\/05\/61114.jpg 800w, https:\/\/www.metrica.it\/wp-content\/uploads\/2024\/05\/61114-64x64.jpg 64w, https:\/\/www.metrica.it\/wp-content\/uploads\/2024\/05\/61114-84x84.jpg 84w, https:\/\/www.metrica.it\/wp-content\/uploads\/2024\/05\/61114-450x450.jpg 450w, https:\/\/www.metrica.it\/wp-content\/uploads\/2024\/05\/61114-790x790.jpg 790w, https:\/\/www.metrica.it\/wp-content\/uploads\/2024\/05\/61114-660x660.jpg 660w"},"awr_related_products":[{"awr_product_name":"Metrica Double Laser Incligrad","awr_product_references":"ref:61114|ean:8001066611140|l:0,05-50m|pack:1"},{"awr_product_name":"Espositore Per Ref. 61114","awr_product_references":"ref:89296|ean:8001066892969|pack:1"}],"awr_consumabili":"","awr_alternativi":"","awr_aliases":"61114,89296","awr_skuid":"61114-it"},"_links":{"self":[{"href":"https:\/\/www.metrica.it\/fr\/wp-json\/wp\/v2\/product\/142828","targetHints":{"allow":["GET"]}}],"collection":[{"href":"https:\/\/www.metrica.it\/fr\/wp-json\/wp\/v2\/product"}],"about":[{"href":"https:\/\/www.metrica.it\/fr\/wp-json\/wp\/v2\/types\/product"}],"wp:featuredmedia":[{"embeddable":true,"href":"https:\/\/www.metrica.it\/fr\/wp-json\/wp\/v2\/media\/124780"}],"wp:attachment":[{"href":"https:\/\/www.metrica.it\/fr\/wp-json\/wp\/v2\/media?parent=142828"}],"wp:term":[{"taxonomy":"product_cat","embeddable":true,"href":"https:\/\/www.metrica.it\/fr\/wp-json\/wp\/v2\/product_cat?post=142828"},{"taxonomy":"product_tag","embeddable":true,"href":"https:\/\/www.metrica.it\/fr\/wp-json\/wp\/v2\/product_tag?post=142828"}],"curies":[{"name":"wp","href":"https:\/\/api.w.org\/{rel}","templated":true}]}}