{"id":142883,"date":"2024-09-16T11:39:55","date_gmt":"2024-09-16T09:39:55","guid":{"rendered":"https:\/\/www.metrica.it\/prodotto\/verificateur-dalesage-de-precision\/"},"modified":"2025-06-12T12:11:45","modified_gmt":"2025-06-12T10:11:45","slug":"verificateur-dalesage-de-precision","status":"publish","type":"product","link":"https:\/\/www.metrica.it\/fr\/produit\/verificateur-dalesage-de-precision\/","title":{"rendered":"Verificateur D&rsquo;al\u00e9sage De Pr\u00e9cision"},"content":{"rendered":"<ul>\n<li>Touches en acier tremp\u00e9<\/li>\n<li>Coffret en bois<\/li>\n<li>Fourni sans comparateur<\/li>\n<\/ul>\n","protected":false},"excerpt":{"rendered":"<p>Touches en acier tremp\u00e9<br \/>\nCoffret en bois<br \/>\nFourni sans comparateur<\/p>\n","protected":false},"featured_media":244054,"template":"","meta":[],"product_cat":[645,641],"product_tag":[],"class_list":{"0":"post-142883","1":"product","2":"type-product","3":"status-publish","4":"has-post-thumbnail","6":"product_cat-jauges-dalesage","7":"product_cat-mesures-mecaniques","9":"first","10":"instock","11":"sold-individually","12":"product-type-simple"},"yoast_head":"<title>Alesametro Di Precisione | Jauges d&#039;Al\u00e9sage | Mesures M\u00e9caniques - Metrica<\/title>\n<meta name=\"description\" content=\"D\u00e9couvrez la collection de produits., Alesametro Di Precisione - Jauges d&#039;Al\u00e9sage.Contatti in acciaio temprato,Astuccio in legno,Fornito senza comparatore . Consultez le catalogue sur le site officiel de Metrica\" \/>\n<meta name=\"robots\" content=\"index, follow, max-snippet:-1, max-image-preview:large, max-video-preview:-1\" \/>\n<link rel=\"canonical\" href=\"https:\/\/www.metrica.it\/fr\/produit\/verificateur-dalesage-de-precision\/\" \/>\n<meta property=\"og:locale\" content=\"fr_FR\" \/>\n<meta property=\"og:type\" content=\"article\" \/>\n<meta property=\"og:title\" content=\"Alesametro Di Precisione | Jauges d&#039;Al\u00e9sage | Mesures M\u00e9caniques - Metrica\" \/>\n<meta property=\"og:description\" content=\"D\u00e9couvrez la collection de produits., Alesametro Di Precisione - Jauges d&#039;Al\u00e9sage.Contatti in acciaio temprato,Astuccio in legno,Fornito senza comparatore . Consultez le catalogue sur le site officiel de Metrica\" \/>\n<meta property=\"og:url\" content=\"https:\/\/www.metrica.it\/fr\/produit\/verificateur-dalesage-de-precision\/\" \/>\n<meta property=\"og:site_name\" content=\"Metrica\" \/>\n<meta property=\"article:modified_time\" content=\"2025-06-12T10:11:45+00:00\" \/>\n<meta property=\"og:image\" content=\"https:\/\/www.metrica.it\/wp-content\/uploads\/2024\/09\/42010-2.jpg\" \/>\n\t<meta property=\"og:image:width\" content=\"1200\" \/>\n\t<meta property=\"og:image:height\" content=\"1200\" \/>\n\t<meta property=\"og:image:type\" content=\"image\/jpeg\" \/>\n<meta name=\"twitter:card\" content=\"summary_large_image\" \/>\n<meta name=\"twitter:label1\" content=\"Dur\u00e9e de lecture estim\u00e9e\" \/>\n\t<meta name=\"twitter:data1\" content=\"1 minute\" \/>\n<script type=\"application\/ld+json\" class=\"yoast-schema-graph\">{\"@context\":\"https:\\\/\\\/schema.org\",\"@graph\":[{\"@type\":\"WebPage\",\"@id\":\"https:\\\/\\\/www.metrica.it\\\/fr\\\/produit\\\/verificateur-dalesage-de-precision\\\/\",\"url\":\"https:\\\/\\\/www.metrica.it\\\/fr\\\/produit\\\/verificateur-dalesage-de-precision\\\/\",\"name\":\"Alesametro Di Precisione | Jauges d'Al\u00e9sage | Mesures M\u00e9caniques - Metrica\",\"isPartOf\":{\"@id\":\"https:\\\/\\\/www.metrica.it\\\/fr\\\/#website\"},\"primaryImageOfPage\":{\"@id\":\"https:\\\/\\\/www.metrica.it\\\/fr\\\/produit\\\/verificateur-dalesage-de-precision\\\/#primaryimage\"},\"image\":{\"@id\":\"https:\\\/\\\/www.metrica.it\\\/fr\\\/produit\\\/verificateur-dalesage-de-precision\\\/#primaryimage\"},\"thumbnailUrl\":\"https:\\\/\\\/www.metrica.it\\\/wp-content\\\/uploads\\\/2024\\\/09\\\/42010-2.jpg\",\"datePublished\":\"2024-09-16T09:39:55+00:00\",\"dateModified\":\"2025-06-12T10:11:45+00:00\",\"description\":\"D\u00e9couvrez la collection de produits., Alesametro Di Precisione - Jauges d'Al\u00e9sage.Contatti in acciaio temprato,Astuccio in legno,Fornito senza comparatore . Consultez le catalogue sur le site officiel de Metrica\",\"breadcrumb\":{\"@id\":\"https:\\\/\\\/www.metrica.it\\\/fr\\\/produit\\\/verificateur-dalesage-de-precision\\\/#breadcrumb\"},\"inLanguage\":\"fr-FR\",\"potentialAction\":[{\"@type\":\"ReadAction\",\"target\":[\"https:\\\/\\\/www.metrica.it\\\/fr\\\/produit\\\/verificateur-dalesage-de-precision\\\/\"]}]},{\"@type\":\"ImageObject\",\"inLanguage\":\"fr-FR\",\"@id\":\"https:\\\/\\\/www.metrica.it\\\/fr\\\/produit\\\/verificateur-dalesage-de-precision\\\/#primaryimage\",\"url\":\"https:\\\/\\\/www.metrica.it\\\/wp-content\\\/uploads\\\/2024\\\/09\\\/42010-2.jpg\",\"contentUrl\":\"https:\\\/\\\/www.metrica.it\\\/wp-content\\\/uploads\\\/2024\\\/09\\\/42010-2.jpg\",\"width\":1200,\"height\":1200},{\"@type\":\"BreadcrumbList\",\"@id\":\"https:\\\/\\\/www.metrica.it\\\/fr\\\/produit\\\/verificateur-dalesage-de-precision\\\/#breadcrumb\",\"itemListElement\":[{\"@type\":\"ListItem\",\"position\":1,\"name\":\"Home\",\"item\":\"https:\\\/\\\/www.metrica.it\\\/fr\\\/\"},{\"@type\":\"ListItem\",\"position\":2,\"name\":\"Catalogue\",\"item\":\"https:\\\/\\\/www.metrica.it\\\/fr\\\/catalogue\\\/\"},{\"@type\":\"ListItem\",\"position\":3,\"name\":\"Verificateur D&#8217;al\u00e9sage De Pr\u00e9cision\"}]},{\"@type\":\"WebSite\",\"@id\":\"https:\\\/\\\/www.metrica.it\\\/fr\\\/#website\",\"url\":\"https:\\\/\\\/www.metrica.it\\\/fr\\\/\",\"name\":\"Metrica\",\"description\":\"Made to measure\",\"potentialAction\":[{\"@type\":\"SearchAction\",\"target\":{\"@type\":\"EntryPoint\",\"urlTemplate\":\"https:\\\/\\\/www.metrica.it\\\/fr\\\/?s={search_term_string}\"},\"query-input\":{\"@type\":\"PropertyValueSpecification\",\"valueRequired\":true,\"valueName\":\"search_term_string\"}}],\"inLanguage\":\"fr-FR\"}]}<\/script>","yoast_head_json":{"title":"Alesametro Di Precisione | Jauges d'Al\u00e9sage | Mesures M\u00e9caniques - Metrica","description":"D\u00e9couvrez la collection de produits., Alesametro Di Precisione - Jauges d'Al\u00e9sage.Contatti in acciaio temprato,Astuccio in legno,Fornito senza comparatore . Consultez le catalogue sur le site officiel de Metrica","robots":{"index":"index","follow":"follow","max-snippet":"max-snippet:-1","max-image-preview":"max-image-preview:large","max-video-preview":"max-video-preview:-1"},"canonical":"https:\/\/www.metrica.it\/fr\/produit\/verificateur-dalesage-de-precision\/","og_locale":"fr_FR","og_type":"article","og_title":"Alesametro Di Precisione | Jauges d'Al\u00e9sage | Mesures M\u00e9caniques - Metrica","og_description":"D\u00e9couvrez la collection de produits., Alesametro Di Precisione - Jauges d'Al\u00e9sage.Contatti in acciaio temprato,Astuccio in legno,Fornito senza comparatore . Consultez le catalogue sur le site officiel de Metrica","og_url":"https:\/\/www.metrica.it\/fr\/produit\/verificateur-dalesage-de-precision\/","og_site_name":"Metrica","article_modified_time":"2025-06-12T10:11:45+00:00","og_image":[{"width":1200,"height":1200,"url":"https:\/\/www.metrica.it\/wp-content\/uploads\/2024\/09\/42010-2.jpg","type":"image\/jpeg"}],"twitter_card":"summary_large_image","twitter_misc":{"Dur\u00e9e de lecture estim\u00e9e":"1 minute"},"schema":{"@context":"https:\/\/schema.org","@graph":[{"@type":"WebPage","@id":"https:\/\/www.metrica.it\/fr\/produit\/verificateur-dalesage-de-precision\/","url":"https:\/\/www.metrica.it\/fr\/produit\/verificateur-dalesage-de-precision\/","name":"Alesametro Di Precisione | Jauges d'Al\u00e9sage | Mesures M\u00e9caniques - Metrica","isPartOf":{"@id":"https:\/\/www.metrica.it\/fr\/#website"},"primaryImageOfPage":{"@id":"https:\/\/www.metrica.it\/fr\/produit\/verificateur-dalesage-de-precision\/#primaryimage"},"image":{"@id":"https:\/\/www.metrica.it\/fr\/produit\/verificateur-dalesage-de-precision\/#primaryimage"},"thumbnailUrl":"https:\/\/www.metrica.it\/wp-content\/uploads\/2024\/09\/42010-2.jpg","datePublished":"2024-09-16T09:39:55+00:00","dateModified":"2025-06-12T10:11:45+00:00","description":"D\u00e9couvrez la collection de produits., Alesametro Di Precisione - Jauges d'Al\u00e9sage.Contatti in acciaio temprato,Astuccio in legno,Fornito senza comparatore . Consultez le catalogue sur le site officiel de Metrica","breadcrumb":{"@id":"https:\/\/www.metrica.it\/fr\/produit\/verificateur-dalesage-de-precision\/#breadcrumb"},"inLanguage":"fr-FR","potentialAction":[{"@type":"ReadAction","target":["https:\/\/www.metrica.it\/fr\/produit\/verificateur-dalesage-de-precision\/"]}]},{"@type":"ImageObject","inLanguage":"fr-FR","@id":"https:\/\/www.metrica.it\/fr\/produit\/verificateur-dalesage-de-precision\/#primaryimage","url":"https:\/\/www.metrica.it\/wp-content\/uploads\/2024\/09\/42010-2.jpg","contentUrl":"https:\/\/www.metrica.it\/wp-content\/uploads\/2024\/09\/42010-2.jpg","width":1200,"height":1200},{"@type":"BreadcrumbList","@id":"https:\/\/www.metrica.it\/fr\/produit\/verificateur-dalesage-de-precision\/#breadcrumb","itemListElement":[{"@type":"ListItem","position":1,"name":"Home","item":"https:\/\/www.metrica.it\/fr\/"},{"@type":"ListItem","position":2,"name":"Catalogue","item":"https:\/\/www.metrica.it\/fr\/catalogue\/"},{"@type":"ListItem","position":3,"name":"Verificateur D&#8217;al\u00e9sage De Pr\u00e9cision"}]},{"@type":"WebSite","@id":"https:\/\/www.metrica.it\/fr\/#website","url":"https:\/\/www.metrica.it\/fr\/","name":"Metrica","description":"Made to measure","potentialAction":[{"@type":"SearchAction","target":{"@type":"EntryPoint","urlTemplate":"https:\/\/www.metrica.it\/fr\/?s={search_term_string}"},"query-input":{"@type":"PropertyValueSpecification","valueRequired":true,"valueName":"search_term_string"}}],"inLanguage":"fr-FR"}]}},"meta_box":{"awr_documentation":[],"awr_manuale":[],"awr_scheda_tecnica":"","awr_youtube_video":"","awr_classe_prodotto":"","awr_customize_product":"0","awr_custom_image":false,"awr_related_products":[{"awr_product_name":"Alesametro Di Precisione","awr_product_references":"ref:42010|ean:8001066420100|a_mm:15 \u00f7 35|l_mm:200|pack:1"},{"awr_product_name":"Alesametro Di Precisione","awr_product_references":"ref:42020|ean:8001066420209|a_mm:30 \u00f7 100|l_mm:300|pack:1"},{"awr_product_name":"Alesametro Di Precisione","awr_product_references":"ref:42030|ean:8001066420308|a_mm:50 \u00f7 178|l_mm:300|pack:1"},{"awr_product_name":"Alesametro Di Precisione","awr_product_references":"ref:42032|ean:8001066420322|a_mm:50 \u00f7 178|l_mm:450|pack:1"},{"awr_product_name":"Alesametro Di Precisione","awr_product_references":"ref:42040|ean:8001066420407|a_mm:100 \u00f7 300|l_mm:300|pack:1"}],"awr_consumabili":"","awr_alternativi":"","awr_aliases":"42010,42020,42030,42040,42032","awr_skuid":"42010-it"},"_links":{"self":[{"href":"https:\/\/www.metrica.it\/fr\/wp-json\/wp\/v2\/product\/142883","targetHints":{"allow":["GET"]}}],"collection":[{"href":"https:\/\/www.metrica.it\/fr\/wp-json\/wp\/v2\/product"}],"about":[{"href":"https:\/\/www.metrica.it\/fr\/wp-json\/wp\/v2\/types\/product"}],"wp:featuredmedia":[{"embeddable":true,"href":"https:\/\/www.metrica.it\/fr\/wp-json\/wp\/v2\/media\/244054"}],"wp:attachment":[{"href":"https:\/\/www.metrica.it\/fr\/wp-json\/wp\/v2\/media?parent=142883"}],"wp:term":[{"taxonomy":"product_cat","embeddable":true,"href":"https:\/\/www.metrica.it\/fr\/wp-json\/wp\/v2\/product_cat?post=142883"},{"taxonomy":"product_tag","embeddable":true,"href":"https:\/\/www.metrica.it\/fr\/wp-json\/wp\/v2\/product_tag?post=142883"}],"curies":[{"name":"wp","href":"https:\/\/api.w.org\/{rel}","templated":true}]}}