{"id":142938,"date":"2024-09-16T12:24:17","date_gmt":"2024-09-16T10:24:17","guid":{"rendered":"https:\/\/www.metrica.it\/prodotto\/niveau-carre-de-precision\/"},"modified":"2024-09-16T21:13:47","modified_gmt":"2024-09-16T19:13:47","slug":"niveau-carre-de-precision","status":"publish","type":"product","link":"https:\/\/www.metrica.it\/fr\/produit\/niveau-carre-de-precision\/","title":{"rendered":"Niveau Carr\u00e9 De Pr\u00e9cision"},"content":{"rendered":"<ul>\n<li>En fonte<\/li>\n<li>2 cot\u00e9s prismatiques<\/li>\n<li>Coffret en bois<\/li>\n<\/ul>\n","protected":false},"excerpt":{"rendered":"<p>En fonte<br \/>2 cot\u00e9s prismatiques<br \/>Coffret en bois<\/p>\n","protected":false},"featured_media":125170,"template":"","meta":[],"product_cat":[550,570],"product_tag":[],"class_list":{"0":"post-142938","1":"product","2":"type-product","3":"status-publish","4":"has-post-thumbnail","6":"product_cat-niveaux","7":"product_cat-niveaux-de-precision","9":"first","10":"instock","11":"sold-individually","12":"product-type-simple"},"yoast_head":"<title>Livella Lineare Di Precisione In Ghisa | Niveaux De Pr\u00e9cision | Niveaux - Metrica<\/title>\n<meta name=\"description\" content=\"D\u00e9couvrez la collection de produits., Livella Lineare Di Precisione In Ghisa - Niveaux De Pr\u00e9cision.In ghisa,2 lati prismatici,Astuccio in legno . Consultez le catalogue sur le site officiel de Metrica\" \/>\n<meta name=\"robots\" content=\"index, follow, max-snippet:-1, max-image-preview:large, max-video-preview:-1\" \/>\n<link rel=\"canonical\" href=\"https:\/\/www.metrica.it\/fr\/produit\/niveau-carre-de-precision\/\" \/>\n<meta property=\"og:locale\" content=\"fr_FR\" \/>\n<meta property=\"og:type\" content=\"article\" \/>\n<meta property=\"og:title\" content=\"Livella Lineare Di Precisione In Ghisa | Niveaux De Pr\u00e9cision | Niveaux - Metrica\" \/>\n<meta property=\"og:description\" content=\"D\u00e9couvrez la collection de produits., Livella Lineare Di Precisione In Ghisa - Niveaux De Pr\u00e9cision.In ghisa,2 lati prismatici,Astuccio in legno . Consultez le catalogue sur le site officiel de Metrica\" \/>\n<meta property=\"og:url\" content=\"https:\/\/www.metrica.it\/fr\/produit\/niveau-carre-de-precision\/\" \/>\n<meta property=\"og:site_name\" content=\"Metrica\" \/>\n<meta property=\"article:modified_time\" content=\"2024-09-16T19:13:47+00:00\" \/>\n<meta property=\"og:image\" content=\"https:\/\/www.metrica.it\/wp-content\/uploads\/2024\/05\/30101.jpg\" \/>\n\t<meta property=\"og:image:width\" content=\"800\" \/>\n\t<meta property=\"og:image:height\" content=\"800\" \/>\n\t<meta property=\"og:image:type\" content=\"image\/jpeg\" \/>\n<meta name=\"twitter:card\" content=\"summary_large_image\" \/>\n<script type=\"application\/ld+json\" class=\"yoast-schema-graph\">{\"@context\":\"https:\\\/\\\/schema.org\",\"@graph\":[{\"@type\":\"WebPage\",\"@id\":\"https:\\\/\\\/www.metrica.it\\\/fr\\\/produit\\\/niveau-carre-de-precision\\\/\",\"url\":\"https:\\\/\\\/www.metrica.it\\\/fr\\\/produit\\\/niveau-carre-de-precision\\\/\",\"name\":\"Livella Lineare Di Precisione In Ghisa | Niveaux De Pr\u00e9cision | Niveaux - Metrica\",\"isPartOf\":{\"@id\":\"https:\\\/\\\/www.metrica.it\\\/fr\\\/#website\"},\"primaryImageOfPage\":{\"@id\":\"https:\\\/\\\/www.metrica.it\\\/fr\\\/produit\\\/niveau-carre-de-precision\\\/#primaryimage\"},\"image\":{\"@id\":\"https:\\\/\\\/www.metrica.it\\\/fr\\\/produit\\\/niveau-carre-de-precision\\\/#primaryimage\"},\"thumbnailUrl\":\"https:\\\/\\\/www.metrica.it\\\/wp-content\\\/uploads\\\/2024\\\/05\\\/30101.jpg\",\"datePublished\":\"2024-09-16T10:24:17+00:00\",\"dateModified\":\"2024-09-16T19:13:47+00:00\",\"description\":\"D\u00e9couvrez la collection de produits., Livella Lineare Di Precisione In Ghisa - Niveaux De Pr\u00e9cision.In ghisa,2 lati prismatici,Astuccio in legno . Consultez le catalogue sur le site officiel de Metrica\",\"breadcrumb\":{\"@id\":\"https:\\\/\\\/www.metrica.it\\\/fr\\\/produit\\\/niveau-carre-de-precision\\\/#breadcrumb\"},\"inLanguage\":\"fr-FR\",\"potentialAction\":[{\"@type\":\"ReadAction\",\"target\":[\"https:\\\/\\\/www.metrica.it\\\/fr\\\/produit\\\/niveau-carre-de-precision\\\/\"]}]},{\"@type\":\"ImageObject\",\"inLanguage\":\"fr-FR\",\"@id\":\"https:\\\/\\\/www.metrica.it\\\/fr\\\/produit\\\/niveau-carre-de-precision\\\/#primaryimage\",\"url\":\"https:\\\/\\\/www.metrica.it\\\/wp-content\\\/uploads\\\/2024\\\/05\\\/30101.jpg\",\"contentUrl\":\"https:\\\/\\\/www.metrica.it\\\/wp-content\\\/uploads\\\/2024\\\/05\\\/30101.jpg\",\"width\":800,\"height\":800},{\"@type\":\"BreadcrumbList\",\"@id\":\"https:\\\/\\\/www.metrica.it\\\/fr\\\/produit\\\/niveau-carre-de-precision\\\/#breadcrumb\",\"itemListElement\":[{\"@type\":\"ListItem\",\"position\":1,\"name\":\"Home\",\"item\":\"https:\\\/\\\/www.metrica.it\\\/fr\\\/\"},{\"@type\":\"ListItem\",\"position\":2,\"name\":\"Catalogue\",\"item\":\"https:\\\/\\\/www.metrica.it\\\/fr\\\/catalogue\\\/\"},{\"@type\":\"ListItem\",\"position\":3,\"name\":\"Niveau Carr\u00e9 De Pr\u00e9cision\"}]},{\"@type\":\"WebSite\",\"@id\":\"https:\\\/\\\/www.metrica.it\\\/fr\\\/#website\",\"url\":\"https:\\\/\\\/www.metrica.it\\\/fr\\\/\",\"name\":\"Metrica\",\"description\":\"Made to measure\",\"potentialAction\":[{\"@type\":\"SearchAction\",\"target\":{\"@type\":\"EntryPoint\",\"urlTemplate\":\"https:\\\/\\\/www.metrica.it\\\/fr\\\/?s={search_term_string}\"},\"query-input\":{\"@type\":\"PropertyValueSpecification\",\"valueRequired\":true,\"valueName\":\"search_term_string\"}}],\"inLanguage\":\"fr-FR\"}]}<\/script>","yoast_head_json":{"title":"Livella Lineare Di Precisione In Ghisa | Niveaux De Pr\u00e9cision | Niveaux - Metrica","description":"D\u00e9couvrez la collection de produits., Livella Lineare Di Precisione In Ghisa - Niveaux De Pr\u00e9cision.In ghisa,2 lati prismatici,Astuccio in legno . Consultez le catalogue sur le site officiel de Metrica","robots":{"index":"index","follow":"follow","max-snippet":"max-snippet:-1","max-image-preview":"max-image-preview:large","max-video-preview":"max-video-preview:-1"},"canonical":"https:\/\/www.metrica.it\/fr\/produit\/niveau-carre-de-precision\/","og_locale":"fr_FR","og_type":"article","og_title":"Livella Lineare Di Precisione In Ghisa | Niveaux De Pr\u00e9cision | Niveaux - Metrica","og_description":"D\u00e9couvrez la collection de produits., Livella Lineare Di Precisione In Ghisa - Niveaux De Pr\u00e9cision.In ghisa,2 lati prismatici,Astuccio in legno . Consultez le catalogue sur le site officiel de Metrica","og_url":"https:\/\/www.metrica.it\/fr\/produit\/niveau-carre-de-precision\/","og_site_name":"Metrica","article_modified_time":"2024-09-16T19:13:47+00:00","og_image":[{"width":800,"height":800,"url":"https:\/\/www.metrica.it\/wp-content\/uploads\/2024\/05\/30101.jpg","type":"image\/jpeg"}],"twitter_card":"summary_large_image","schema":{"@context":"https:\/\/schema.org","@graph":[{"@type":"WebPage","@id":"https:\/\/www.metrica.it\/fr\/produit\/niveau-carre-de-precision\/","url":"https:\/\/www.metrica.it\/fr\/produit\/niveau-carre-de-precision\/","name":"Livella Lineare Di Precisione In Ghisa | Niveaux De Pr\u00e9cision | Niveaux - Metrica","isPartOf":{"@id":"https:\/\/www.metrica.it\/fr\/#website"},"primaryImageOfPage":{"@id":"https:\/\/www.metrica.it\/fr\/produit\/niveau-carre-de-precision\/#primaryimage"},"image":{"@id":"https:\/\/www.metrica.it\/fr\/produit\/niveau-carre-de-precision\/#primaryimage"},"thumbnailUrl":"https:\/\/www.metrica.it\/wp-content\/uploads\/2024\/05\/30101.jpg","datePublished":"2024-09-16T10:24:17+00:00","dateModified":"2024-09-16T19:13:47+00:00","description":"D\u00e9couvrez la collection de produits., Livella Lineare Di Precisione In Ghisa - Niveaux De Pr\u00e9cision.In ghisa,2 lati prismatici,Astuccio in legno . Consultez le catalogue sur le site officiel de Metrica","breadcrumb":{"@id":"https:\/\/www.metrica.it\/fr\/produit\/niveau-carre-de-precision\/#breadcrumb"},"inLanguage":"fr-FR","potentialAction":[{"@type":"ReadAction","target":["https:\/\/www.metrica.it\/fr\/produit\/niveau-carre-de-precision\/"]}]},{"@type":"ImageObject","inLanguage":"fr-FR","@id":"https:\/\/www.metrica.it\/fr\/produit\/niveau-carre-de-precision\/#primaryimage","url":"https:\/\/www.metrica.it\/wp-content\/uploads\/2024\/05\/30101.jpg","contentUrl":"https:\/\/www.metrica.it\/wp-content\/uploads\/2024\/05\/30101.jpg","width":800,"height":800},{"@type":"BreadcrumbList","@id":"https:\/\/www.metrica.it\/fr\/produit\/niveau-carre-de-precision\/#breadcrumb","itemListElement":[{"@type":"ListItem","position":1,"name":"Home","item":"https:\/\/www.metrica.it\/fr\/"},{"@type":"ListItem","position":2,"name":"Catalogue","item":"https:\/\/www.metrica.it\/fr\/catalogue\/"},{"@type":"ListItem","position":3,"name":"Niveau Carr\u00e9 De Pr\u00e9cision"}]},{"@type":"WebSite","@id":"https:\/\/www.metrica.it\/fr\/#website","url":"https:\/\/www.metrica.it\/fr\/","name":"Metrica","description":"Made to measure","potentialAction":[{"@type":"SearchAction","target":{"@type":"EntryPoint","urlTemplate":"https:\/\/www.metrica.it\/fr\/?s={search_term_string}"},"query-input":{"@type":"PropertyValueSpecification","valueRequired":true,"valueName":"search_term_string"}}],"inLanguage":"fr-FR"}]}},"meta_box":{"awr_documentation":[],"awr_manuale":[],"awr_scheda_tecnica":"","awr_youtube_video":"","awr_classe_prodotto":"","awr_customize_product":"0","awr_custom_image":false,"awr_related_products":[{"awr_product_name":"Livella Lineare Di Precisione In Ghisa","awr_product_references":"ref:30102|ean:8001066301027|axb_mm:100 x 100|unit_misura_mm:0.1|pack:1"},{"awr_product_name":"Livella Lineare Di Precisione In Ghisa","awr_product_references":"ref:30103|ean:8001066301034|axb_mm:100 x 100|unit_misura_mm:0.35|pack:1"},{"awr_product_name":"Livella Lineare Di Precisione In Ghisa","awr_product_references":"ref:30110|ean:8001066301102|axb_mm:150 x 150|unit_misura_mm:0.02|pack:1"},{"awr_product_name":"Livella Lineare Di Precisione In Ghisa","awr_product_references":"ref:30111|ean:8001066301119|axb_mm:150 x 150|unit_misura_mm:0.05|pack:1"},{"awr_product_name":"Livella Lineare Di Precisione In Ghisa","awr_product_references":"ref:30112|ean:8001066301126|axb_mm:150 x 150|unit_misura_mm:0.1|pack:1"},{"awr_product_name":"Livella Lineare Di Precisione In Ghisa","awr_product_references":"ref:30113|ean:8001066301133|axb_mm:150 x 150|unit_misura_mm:0.35|pack:1"},{"awr_product_name":"Livella Lineare Di Precisione In Ghisa","awr_product_references":"ref:30120|ean:8001066301201|axb_mm:200 x 200|unit_misura_mm:0.02|pack:1"},{"awr_product_name":"Livella Lineare Di Precisione In Ghisa","awr_product_references":"ref:30121|ean:8001066301218|axb_mm:200 x 200|unit_misura_mm:0.05|pack:1"},{"awr_product_name":"Livella Lineare Di Precisione In Ghisa","awr_product_references":"ref:30122|ean:8001066301225|axb_mm:200 x 200|unit_misura_mm:0.1|pack:1"},{"awr_product_name":"Livella Lineare Di Precisione In Ghisa","awr_product_references":"ref:30123|ean:8001066301232|axb_mm:200 x 200|unit_misura_mm:0.35|pack:1"},{"awr_product_name":"Livella Lineare Di Precisione In Ghisa","awr_product_references":"ref:30130|ean:8001066301300|axb_mm:250 x 250|unit_misura_mm:0.02|pack:1"},{"awr_product_name":"Livella Lineare Di Precisione In Ghisa","awr_product_references":"ref:30131|ean:8001066301317|axb_mm:250 x 250|unit_misura_mm:0.05|pack:1"},{"awr_product_name":"Livella Lineare Di Precisione In Ghisa","awr_product_references":"ref:30132|ean:8001066301324|axb_mm:250 x 250|unit_misura_mm:0.1|pack:1"},{"awr_product_name":"Livella Lineare Di Precisione In Ghisa","awr_product_references":"ref:30101|ean:8001066301010|axb_mm:100 x 100|unit_misura_mm:0.05|pack:1"}],"awr_consumabili":"","awr_alternativi":"","awr_aliases":"30101,30102,30103,30110,30111,30112,30113,30120,30121,30122,30123,30130,30131,30132","awr_skuid":"30101-it"},"_links":{"self":[{"href":"https:\/\/www.metrica.it\/fr\/wp-json\/wp\/v2\/product\/142938","targetHints":{"allow":["GET"]}}],"collection":[{"href":"https:\/\/www.metrica.it\/fr\/wp-json\/wp\/v2\/product"}],"about":[{"href":"https:\/\/www.metrica.it\/fr\/wp-json\/wp\/v2\/types\/product"}],"wp:featuredmedia":[{"embeddable":true,"href":"https:\/\/www.metrica.it\/fr\/wp-json\/wp\/v2\/media\/125170"}],"wp:attachment":[{"href":"https:\/\/www.metrica.it\/fr\/wp-json\/wp\/v2\/media?parent=142938"}],"wp:term":[{"taxonomy":"product_cat","embeddable":true,"href":"https:\/\/www.metrica.it\/fr\/wp-json\/wp\/v2\/product_cat?post=142938"},{"taxonomy":"product_tag","embeddable":true,"href":"https:\/\/www.metrica.it\/fr\/wp-json\/wp\/v2\/product_tag?post=142938"}],"curies":[{"name":"wp","href":"https:\/\/api.w.org\/{rel}","templated":true}]}}