{"id":142953,"date":"2024-09-16T12:36:17","date_gmt":"2024-09-16T10:36:17","guid":{"rendered":"https:\/\/www.metrica.it\/prodotto\/rapporteurs-dangle-a-cadran-bras-cote-a-cote-aimante\/"},"modified":"2024-09-16T21:27:32","modified_gmt":"2024-09-16T19:27:32","slug":"rapporteurs-dangle-a-cadran-bras-cote-a-cote-aimante","status":"publish","type":"product","link":"https:\/\/www.metrica.it\/fr\/produit\/rapporteurs-dangle-a-cadran-bras-cote-a-cote-aimante\/","title":{"rendered":"Rapporteurs D&rsquo;angle \u00c0 Cadran Bras C\u00f4te \u00c0 C\u00f4te Aimant\u00e9"},"content":{"rendered":"<ul>\n<li>Base aimant\u00e9e<\/li>\n<li>2 bras en aluminium a charniere et c\u00f4te \u00e0 c\u00f4te avec blocage \u00e0 vis<\/li>\n<li>Lecture en degr\u00e9s sur le cadran plac\u00e9 frontalement<\/li>\n<li>Capacit\u00e9 0-355\u00b0, double \u00e9ch\u00e8lle 0-90\u00b0 et 90\u00b0 &#8211; 180\u00b0<\/li>\n<li>2 fioles acryliques: horizontal et vertical<\/li>\n<li>2 pointes amovibles en acier tremp\u00e9 pour fonction compas<\/li>\n<li>En \u00e9tui<\/li>\n<\/ul>\n","protected":false},"excerpt":{"rendered":"<p>Base aimant\u00e9e<br \/>2 bras en aluminium a charniere et c\u00f4te \u00e0 c\u00f4te avec blocage \u00e0 vis<br \/>Lecture en degr\u00e9s sur le cadran plac\u00e9 frontalement<br \/>Capacit\u00e9 0-355\u00b0, double \u00e9ch\u00e8lle 0-90\u00b0 et 90\u00b0 &#8211; 180\u00b0<br \/>2 fioles acryliques: horizontal et vertical<br \/>2 pointes amovibles en acier tremp\u00e9 pour fonction compas<br \/>En \u00e9tui<\/p>\n","protected":false},"featured_media":119103,"template":"","meta":[],"product_cat":[621,629],"product_tag":[],"class_list":{"0":"post-142953","1":"product","2":"type-product","3":"status-publish","4":"has-post-thumbnail","6":"product_cat-mesures-dangles","7":"product_cat-rapporteurs-dangle-fr","9":"first","10":"instock","11":"sold-individually","12":"product-type-simple"},"yoast_head":"<title>Goniometro A Quadrante Bracci Affiancati Con Magnete | Rapporteurs d\u2019Angle | Rapporteurs d\u2019Angle - Metrica<\/title>\n<meta name=\"description\" content=\"D\u00e9couvrez la collection de produits., Goniometro A Quadrante Bracci Affiancati Con Magnete - Rapporteurs d\u2019Angle.Base magnetica,Due bracci in alluminio incernierati ed affiancati con bloccaggio a . Consultez le catalogue sur le site officiel de Metrica\" \/>\n<meta name=\"robots\" content=\"index, follow, max-snippet:-1, max-image-preview:large, max-video-preview:-1\" \/>\n<link rel=\"canonical\" href=\"https:\/\/www.metrica.it\/fr\/produit\/rapporteurs-dangle-a-cadran-bras-cote-a-cote-aimante\/\" \/>\n<meta property=\"og:locale\" content=\"fr_FR\" \/>\n<meta property=\"og:type\" content=\"article\" \/>\n<meta property=\"og:title\" content=\"Goniometro A Quadrante Bracci Affiancati Con Magnete | Rapporteurs d\u2019Angle | Rapporteurs d\u2019Angle - Metrica\" \/>\n<meta property=\"og:description\" content=\"D\u00e9couvrez la collection de produits., Goniometro A Quadrante Bracci Affiancati Con Magnete - Rapporteurs d\u2019Angle.Base magnetica,Due bracci in alluminio incernierati ed affiancati con bloccaggio a . Consultez le catalogue sur le site officiel de Metrica\" \/>\n<meta property=\"og:url\" content=\"https:\/\/www.metrica.it\/fr\/produit\/rapporteurs-dangle-a-cadran-bras-cote-a-cote-aimante\/\" \/>\n<meta property=\"og:site_name\" content=\"Metrica\" \/>\n<meta property=\"article:modified_time\" content=\"2024-09-16T19:27:32+00:00\" \/>\n<meta property=\"og:image\" content=\"https:\/\/www.metrica.it\/wp-content\/uploads\/2024\/05\/29915.jpg\" \/>\n\t<meta property=\"og:image:width\" content=\"800\" \/>\n\t<meta property=\"og:image:height\" content=\"800\" \/>\n\t<meta property=\"og:image:type\" content=\"image\/jpeg\" \/>\n<meta name=\"twitter:card\" content=\"summary_large_image\" \/>\n<script type=\"application\/ld+json\" class=\"yoast-schema-graph\">{\"@context\":\"https:\\\/\\\/schema.org\",\"@graph\":[{\"@type\":\"WebPage\",\"@id\":\"https:\\\/\\\/www.metrica.it\\\/fr\\\/produit\\\/rapporteurs-dangle-a-cadran-bras-cote-a-cote-aimante\\\/\",\"url\":\"https:\\\/\\\/www.metrica.it\\\/fr\\\/produit\\\/rapporteurs-dangle-a-cadran-bras-cote-a-cote-aimante\\\/\",\"name\":\"Goniometro A Quadrante Bracci Affiancati Con Magnete | Rapporteurs d\u2019Angle | Rapporteurs d\u2019Angle - Metrica\",\"isPartOf\":{\"@id\":\"https:\\\/\\\/www.metrica.it\\\/fr\\\/#website\"},\"primaryImageOfPage\":{\"@id\":\"https:\\\/\\\/www.metrica.it\\\/fr\\\/produit\\\/rapporteurs-dangle-a-cadran-bras-cote-a-cote-aimante\\\/#primaryimage\"},\"image\":{\"@id\":\"https:\\\/\\\/www.metrica.it\\\/fr\\\/produit\\\/rapporteurs-dangle-a-cadran-bras-cote-a-cote-aimante\\\/#primaryimage\"},\"thumbnailUrl\":\"https:\\\/\\\/www.metrica.it\\\/wp-content\\\/uploads\\\/2024\\\/05\\\/29915.jpg\",\"datePublished\":\"2024-09-16T10:36:17+00:00\",\"dateModified\":\"2024-09-16T19:27:32+00:00\",\"description\":\"D\u00e9couvrez la collection de produits., Goniometro A Quadrante Bracci Affiancati Con Magnete - Rapporteurs d\u2019Angle.Base magnetica,Due bracci in alluminio incernierati ed affiancati con bloccaggio a . Consultez le catalogue sur le site officiel de Metrica\",\"breadcrumb\":{\"@id\":\"https:\\\/\\\/www.metrica.it\\\/fr\\\/produit\\\/rapporteurs-dangle-a-cadran-bras-cote-a-cote-aimante\\\/#breadcrumb\"},\"inLanguage\":\"fr-FR\",\"potentialAction\":[{\"@type\":\"ReadAction\",\"target\":[\"https:\\\/\\\/www.metrica.it\\\/fr\\\/produit\\\/rapporteurs-dangle-a-cadran-bras-cote-a-cote-aimante\\\/\"]}]},{\"@type\":\"ImageObject\",\"inLanguage\":\"fr-FR\",\"@id\":\"https:\\\/\\\/www.metrica.it\\\/fr\\\/produit\\\/rapporteurs-dangle-a-cadran-bras-cote-a-cote-aimante\\\/#primaryimage\",\"url\":\"https:\\\/\\\/www.metrica.it\\\/wp-content\\\/uploads\\\/2024\\\/05\\\/29915.jpg\",\"contentUrl\":\"https:\\\/\\\/www.metrica.it\\\/wp-content\\\/uploads\\\/2024\\\/05\\\/29915.jpg\",\"width\":800,\"height\":800},{\"@type\":\"BreadcrumbList\",\"@id\":\"https:\\\/\\\/www.metrica.it\\\/fr\\\/produit\\\/rapporteurs-dangle-a-cadran-bras-cote-a-cote-aimante\\\/#breadcrumb\",\"itemListElement\":[{\"@type\":\"ListItem\",\"position\":1,\"name\":\"Home\",\"item\":\"https:\\\/\\\/www.metrica.it\\\/fr\\\/\"},{\"@type\":\"ListItem\",\"position\":2,\"name\":\"Catalogue\",\"item\":\"https:\\\/\\\/www.metrica.it\\\/fr\\\/catalogue\\\/\"},{\"@type\":\"ListItem\",\"position\":3,\"name\":\"Rapporteurs D&#8217;angle \u00c0 Cadran Bras C\u00f4te \u00c0 C\u00f4te Aimant\u00e9\"}]},{\"@type\":\"WebSite\",\"@id\":\"https:\\\/\\\/www.metrica.it\\\/fr\\\/#website\",\"url\":\"https:\\\/\\\/www.metrica.it\\\/fr\\\/\",\"name\":\"Metrica\",\"description\":\"Made to measure\",\"potentialAction\":[{\"@type\":\"SearchAction\",\"target\":{\"@type\":\"EntryPoint\",\"urlTemplate\":\"https:\\\/\\\/www.metrica.it\\\/fr\\\/?s={search_term_string}\"},\"query-input\":{\"@type\":\"PropertyValueSpecification\",\"valueRequired\":true,\"valueName\":\"search_term_string\"}}],\"inLanguage\":\"fr-FR\"}]}<\/script>","yoast_head_json":{"title":"Goniometro A Quadrante Bracci Affiancati Con Magnete | Rapporteurs d\u2019Angle | Rapporteurs d\u2019Angle - Metrica","description":"D\u00e9couvrez la collection de produits., Goniometro A Quadrante Bracci Affiancati Con Magnete - Rapporteurs d\u2019Angle.Base magnetica,Due bracci in alluminio incernierati ed affiancati con bloccaggio a . Consultez le catalogue sur le site officiel de Metrica","robots":{"index":"index","follow":"follow","max-snippet":"max-snippet:-1","max-image-preview":"max-image-preview:large","max-video-preview":"max-video-preview:-1"},"canonical":"https:\/\/www.metrica.it\/fr\/produit\/rapporteurs-dangle-a-cadran-bras-cote-a-cote-aimante\/","og_locale":"fr_FR","og_type":"article","og_title":"Goniometro A Quadrante Bracci Affiancati Con Magnete | Rapporteurs d\u2019Angle | Rapporteurs d\u2019Angle - Metrica","og_description":"D\u00e9couvrez la collection de produits., Goniometro A Quadrante Bracci Affiancati Con Magnete - Rapporteurs d\u2019Angle.Base magnetica,Due bracci in alluminio incernierati ed affiancati con bloccaggio a . Consultez le catalogue sur le site officiel de Metrica","og_url":"https:\/\/www.metrica.it\/fr\/produit\/rapporteurs-dangle-a-cadran-bras-cote-a-cote-aimante\/","og_site_name":"Metrica","article_modified_time":"2024-09-16T19:27:32+00:00","og_image":[{"width":800,"height":800,"url":"https:\/\/www.metrica.it\/wp-content\/uploads\/2024\/05\/29915.jpg","type":"image\/jpeg"}],"twitter_card":"summary_large_image","schema":{"@context":"https:\/\/schema.org","@graph":[{"@type":"WebPage","@id":"https:\/\/www.metrica.it\/fr\/produit\/rapporteurs-dangle-a-cadran-bras-cote-a-cote-aimante\/","url":"https:\/\/www.metrica.it\/fr\/produit\/rapporteurs-dangle-a-cadran-bras-cote-a-cote-aimante\/","name":"Goniometro A Quadrante Bracci Affiancati Con Magnete | Rapporteurs d\u2019Angle | Rapporteurs d\u2019Angle - Metrica","isPartOf":{"@id":"https:\/\/www.metrica.it\/fr\/#website"},"primaryImageOfPage":{"@id":"https:\/\/www.metrica.it\/fr\/produit\/rapporteurs-dangle-a-cadran-bras-cote-a-cote-aimante\/#primaryimage"},"image":{"@id":"https:\/\/www.metrica.it\/fr\/produit\/rapporteurs-dangle-a-cadran-bras-cote-a-cote-aimante\/#primaryimage"},"thumbnailUrl":"https:\/\/www.metrica.it\/wp-content\/uploads\/2024\/05\/29915.jpg","datePublished":"2024-09-16T10:36:17+00:00","dateModified":"2024-09-16T19:27:32+00:00","description":"D\u00e9couvrez la collection de produits., Goniometro A Quadrante Bracci Affiancati Con Magnete - Rapporteurs d\u2019Angle.Base magnetica,Due bracci in alluminio incernierati ed affiancati con bloccaggio a . Consultez le catalogue sur le site officiel de Metrica","breadcrumb":{"@id":"https:\/\/www.metrica.it\/fr\/produit\/rapporteurs-dangle-a-cadran-bras-cote-a-cote-aimante\/#breadcrumb"},"inLanguage":"fr-FR","potentialAction":[{"@type":"ReadAction","target":["https:\/\/www.metrica.it\/fr\/produit\/rapporteurs-dangle-a-cadran-bras-cote-a-cote-aimante\/"]}]},{"@type":"ImageObject","inLanguage":"fr-FR","@id":"https:\/\/www.metrica.it\/fr\/produit\/rapporteurs-dangle-a-cadran-bras-cote-a-cote-aimante\/#primaryimage","url":"https:\/\/www.metrica.it\/wp-content\/uploads\/2024\/05\/29915.jpg","contentUrl":"https:\/\/www.metrica.it\/wp-content\/uploads\/2024\/05\/29915.jpg","width":800,"height":800},{"@type":"BreadcrumbList","@id":"https:\/\/www.metrica.it\/fr\/produit\/rapporteurs-dangle-a-cadran-bras-cote-a-cote-aimante\/#breadcrumb","itemListElement":[{"@type":"ListItem","position":1,"name":"Home","item":"https:\/\/www.metrica.it\/fr\/"},{"@type":"ListItem","position":2,"name":"Catalogue","item":"https:\/\/www.metrica.it\/fr\/catalogue\/"},{"@type":"ListItem","position":3,"name":"Rapporteurs D&#8217;angle \u00c0 Cadran Bras C\u00f4te \u00c0 C\u00f4te Aimant\u00e9"}]},{"@type":"WebSite","@id":"https:\/\/www.metrica.it\/fr\/#website","url":"https:\/\/www.metrica.it\/fr\/","name":"Metrica","description":"Made to measure","potentialAction":[{"@type":"SearchAction","target":{"@type":"EntryPoint","urlTemplate":"https:\/\/www.metrica.it\/fr\/?s={search_term_string}"},"query-input":{"@type":"PropertyValueSpecification","valueRequired":true,"valueName":"search_term_string"}}],"inLanguage":"fr-FR"}]}},"meta_box":{"awr_documentation":[],"awr_manuale":[],"awr_scheda_tecnica":"","awr_youtube_video":"","awr_classe_prodotto":"","awr_customize_product":"0","awr_custom_image":false,"awr_related_products":[{"awr_product_name":"Goniometro A Quadrante Bracci Affiancati Con Magnete","awr_product_references":"ref:29915|ean:8001066299157|l:60 cm|angolo:0-355\u00b0|unit_misura:1\u00b0|pack:1"}],"awr_consumabili":"","awr_alternativi":"","awr_aliases":"29915","awr_skuid":"29915-it"},"_links":{"self":[{"href":"https:\/\/www.metrica.it\/fr\/wp-json\/wp\/v2\/product\/142953","targetHints":{"allow":["GET"]}}],"collection":[{"href":"https:\/\/www.metrica.it\/fr\/wp-json\/wp\/v2\/product"}],"about":[{"href":"https:\/\/www.metrica.it\/fr\/wp-json\/wp\/v2\/types\/product"}],"wp:featuredmedia":[{"embeddable":true,"href":"https:\/\/www.metrica.it\/fr\/wp-json\/wp\/v2\/media\/119103"}],"wp:attachment":[{"href":"https:\/\/www.metrica.it\/fr\/wp-json\/wp\/v2\/media?parent=142953"}],"wp:term":[{"taxonomy":"product_cat","embeddable":true,"href":"https:\/\/www.metrica.it\/fr\/wp-json\/wp\/v2\/product_cat?post=142953"},{"taxonomy":"product_tag","embeddable":true,"href":"https:\/\/www.metrica.it\/fr\/wp-json\/wp\/v2\/product_tag?post=142953"}],"curies":[{"name":"wp","href":"https:\/\/api.w.org\/{rel}","templated":true}]}}