{"id":142988,"date":"2024-09-16T12:02:27","date_gmt":"2024-09-16T10:02:27","guid":{"rendered":"https:\/\/www.metrica.it\/prodotto\/mesureur-dhumidite\/"},"modified":"2024-09-16T20:50:09","modified_gmt":"2024-09-16T18:50:09","slug":"mesureur-dhumidite","status":"publish","type":"product","link":"https:\/\/www.metrica.it\/fr\/produit\/mesureur-dhumidite\/","title":{"rendered":"Mesureur D&rsquo;humidit\u00e9"},"content":{"rendered":"<ul>\n<li>Mesureur d&apos;humidit\u00e9<\/li>\n<li>Pour mesures sur bois et b\u00e9ton<\/li>\n<li>Double possibilit\u00e9 de mesure :<\/li>\n<li>&#8211; mesure en surface (\u00e0 contact) dessin A<\/li>\n<li>&#8211; mesure en profondeur avec sonde (inclus) dessin B<\/li>\n<li>En mallette<\/li>\n<\/ul>\n","protected":false},"excerpt":{"rendered":"<p>Mesureur d&apos;humidit\u00e9<br \/>Pour mesures sur bois et b\u00e9ton<br \/>Double possibilit\u00e9 de mesure :<br \/>&#8211; mesure en surface (\u00e0 contact) dessin A<br \/>&#8211; mesure en profondeur avec sonde (inclus) dessin B<br \/>En mallette<\/p>\n","protected":false},"featured_media":122122,"template":"","meta":[],"product_cat":[515,534],"product_tag":[],"class_list":{"0":"post-142988","1":"product","2":"type-product","3":"status-publish","4":"has-post-thumbnail","6":"product_cat-laser-et-cameras-thermiques","7":"product_cat-mesureurs","9":"first","10":"instock","11":"sold-individually","12":"product-type-simple"},"yoast_head":"<title>Misuratore Di Umidit\u00e0 | Mesureurs | Laser et Cam\u00e9ras Thermiques - Metrica<\/title>\n<meta name=\"description\" content=\"D\u00e9couvrez la collection de produits., Misuratore Di Umidit\u00e0 - Mesureurs. Misuratore d&#039;umidit&agrave; Per misurare su legno e cemento Doppia possibilit&agrave; di misura: - Misure superfi ciali . Consultez le catalogue sur le site officiel de Metrica\" \/>\n<meta name=\"robots\" content=\"index, follow, max-snippet:-1, max-image-preview:large, max-video-preview:-1\" \/>\n<link rel=\"canonical\" href=\"https:\/\/www.metrica.it\/fr\/produit\/mesureur-dhumidite\/\" \/>\n<meta property=\"og:locale\" content=\"fr_FR\" \/>\n<meta property=\"og:type\" content=\"article\" \/>\n<meta property=\"og:title\" content=\"Misuratore Di Umidit\u00e0 | Mesureurs | Laser et Cam\u00e9ras Thermiques - Metrica\" \/>\n<meta property=\"og:description\" content=\"D\u00e9couvrez la collection de produits., Misuratore Di Umidit\u00e0 - Mesureurs. Misuratore d&#039;umidit&agrave; Per misurare su legno e cemento Doppia possibilit&agrave; di misura: - Misure superfi ciali . Consultez le catalogue sur le site officiel de Metrica\" \/>\n<meta property=\"og:url\" content=\"https:\/\/www.metrica.it\/fr\/produit\/mesureur-dhumidite\/\" \/>\n<meta property=\"og:site_name\" content=\"Metrica\" \/>\n<meta property=\"article:modified_time\" content=\"2024-09-16T18:50:09+00:00\" \/>\n<meta property=\"og:image\" content=\"https:\/\/www.metrica.it\/wp-content\/uploads\/2024\/05\/60274.jpg\" \/>\n\t<meta property=\"og:image:width\" content=\"800\" \/>\n\t<meta property=\"og:image:height\" content=\"800\" \/>\n\t<meta property=\"og:image:type\" content=\"image\/jpeg\" \/>\n<meta name=\"twitter:card\" content=\"summary_large_image\" \/>\n<script type=\"application\/ld+json\" class=\"yoast-schema-graph\">{\"@context\":\"https:\\\/\\\/schema.org\",\"@graph\":[{\"@type\":\"WebPage\",\"@id\":\"https:\\\/\\\/www.metrica.it\\\/fr\\\/produit\\\/mesureur-dhumidite\\\/\",\"url\":\"https:\\\/\\\/www.metrica.it\\\/fr\\\/produit\\\/mesureur-dhumidite\\\/\",\"name\":\"Misuratore Di Umidit\u00e0 | Mesureurs | Laser et Cam\u00e9ras Thermiques - Metrica\",\"isPartOf\":{\"@id\":\"https:\\\/\\\/www.metrica.it\\\/fr\\\/#website\"},\"primaryImageOfPage\":{\"@id\":\"https:\\\/\\\/www.metrica.it\\\/fr\\\/produit\\\/mesureur-dhumidite\\\/#primaryimage\"},\"image\":{\"@id\":\"https:\\\/\\\/www.metrica.it\\\/fr\\\/produit\\\/mesureur-dhumidite\\\/#primaryimage\"},\"thumbnailUrl\":\"https:\\\/\\\/www.metrica.it\\\/wp-content\\\/uploads\\\/2024\\\/05\\\/60274.jpg\",\"datePublished\":\"2024-09-16T10:02:27+00:00\",\"dateModified\":\"2024-09-16T18:50:09+00:00\",\"description\":\"D\u00e9couvrez la collection de produits., Misuratore Di Umidit\u00e0 - Mesureurs. Misuratore d'umidit&agrave; Per misurare su legno e cemento Doppia possibilit&agrave; di misura: - Misure superfi ciali . Consultez le catalogue sur le site officiel de Metrica\",\"breadcrumb\":{\"@id\":\"https:\\\/\\\/www.metrica.it\\\/fr\\\/produit\\\/mesureur-dhumidite\\\/#breadcrumb\"},\"inLanguage\":\"fr-FR\",\"potentialAction\":[{\"@type\":\"ReadAction\",\"target\":[\"https:\\\/\\\/www.metrica.it\\\/fr\\\/produit\\\/mesureur-dhumidite\\\/\"]}]},{\"@type\":\"ImageObject\",\"inLanguage\":\"fr-FR\",\"@id\":\"https:\\\/\\\/www.metrica.it\\\/fr\\\/produit\\\/mesureur-dhumidite\\\/#primaryimage\",\"url\":\"https:\\\/\\\/www.metrica.it\\\/wp-content\\\/uploads\\\/2024\\\/05\\\/60274.jpg\",\"contentUrl\":\"https:\\\/\\\/www.metrica.it\\\/wp-content\\\/uploads\\\/2024\\\/05\\\/60274.jpg\",\"width\":800,\"height\":800},{\"@type\":\"BreadcrumbList\",\"@id\":\"https:\\\/\\\/www.metrica.it\\\/fr\\\/produit\\\/mesureur-dhumidite\\\/#breadcrumb\",\"itemListElement\":[{\"@type\":\"ListItem\",\"position\":1,\"name\":\"Home\",\"item\":\"https:\\\/\\\/www.metrica.it\\\/fr\\\/\"},{\"@type\":\"ListItem\",\"position\":2,\"name\":\"Catalogue\",\"item\":\"https:\\\/\\\/www.metrica.it\\\/fr\\\/catalogue\\\/\"},{\"@type\":\"ListItem\",\"position\":3,\"name\":\"Mesureur D&#8217;humidit\u00e9\"}]},{\"@type\":\"WebSite\",\"@id\":\"https:\\\/\\\/www.metrica.it\\\/fr\\\/#website\",\"url\":\"https:\\\/\\\/www.metrica.it\\\/fr\\\/\",\"name\":\"Metrica\",\"description\":\"Made to measure\",\"potentialAction\":[{\"@type\":\"SearchAction\",\"target\":{\"@type\":\"EntryPoint\",\"urlTemplate\":\"https:\\\/\\\/www.metrica.it\\\/fr\\\/?s={search_term_string}\"},\"query-input\":{\"@type\":\"PropertyValueSpecification\",\"valueRequired\":true,\"valueName\":\"search_term_string\"}}],\"inLanguage\":\"fr-FR\"}]}<\/script>","yoast_head_json":{"title":"Misuratore Di Umidit\u00e0 | Mesureurs | Laser et Cam\u00e9ras Thermiques - Metrica","description":"D\u00e9couvrez la collection de produits., Misuratore Di Umidit\u00e0 - Mesureurs. Misuratore d'umidit&agrave; Per misurare su legno e cemento Doppia possibilit&agrave; di misura: - Misure superfi ciali . Consultez le catalogue sur le site officiel de Metrica","robots":{"index":"index","follow":"follow","max-snippet":"max-snippet:-1","max-image-preview":"max-image-preview:large","max-video-preview":"max-video-preview:-1"},"canonical":"https:\/\/www.metrica.it\/fr\/produit\/mesureur-dhumidite\/","og_locale":"fr_FR","og_type":"article","og_title":"Misuratore Di Umidit\u00e0 | Mesureurs | Laser et Cam\u00e9ras Thermiques - Metrica","og_description":"D\u00e9couvrez la collection de produits., Misuratore Di Umidit\u00e0 - Mesureurs. Misuratore d'umidit&agrave; Per misurare su legno e cemento Doppia possibilit&agrave; di misura: - Misure superfi ciali . Consultez le catalogue sur le site officiel de Metrica","og_url":"https:\/\/www.metrica.it\/fr\/produit\/mesureur-dhumidite\/","og_site_name":"Metrica","article_modified_time":"2024-09-16T18:50:09+00:00","og_image":[{"width":800,"height":800,"url":"https:\/\/www.metrica.it\/wp-content\/uploads\/2024\/05\/60274.jpg","type":"image\/jpeg"}],"twitter_card":"summary_large_image","schema":{"@context":"https:\/\/schema.org","@graph":[{"@type":"WebPage","@id":"https:\/\/www.metrica.it\/fr\/produit\/mesureur-dhumidite\/","url":"https:\/\/www.metrica.it\/fr\/produit\/mesureur-dhumidite\/","name":"Misuratore Di Umidit\u00e0 | Mesureurs | Laser et Cam\u00e9ras Thermiques - Metrica","isPartOf":{"@id":"https:\/\/www.metrica.it\/fr\/#website"},"primaryImageOfPage":{"@id":"https:\/\/www.metrica.it\/fr\/produit\/mesureur-dhumidite\/#primaryimage"},"image":{"@id":"https:\/\/www.metrica.it\/fr\/produit\/mesureur-dhumidite\/#primaryimage"},"thumbnailUrl":"https:\/\/www.metrica.it\/wp-content\/uploads\/2024\/05\/60274.jpg","datePublished":"2024-09-16T10:02:27+00:00","dateModified":"2024-09-16T18:50:09+00:00","description":"D\u00e9couvrez la collection de produits., Misuratore Di Umidit\u00e0 - Mesureurs. Misuratore d'umidit&agrave; Per misurare su legno e cemento Doppia possibilit&agrave; di misura: - Misure superfi ciali . Consultez le catalogue sur le site officiel de Metrica","breadcrumb":{"@id":"https:\/\/www.metrica.it\/fr\/produit\/mesureur-dhumidite\/#breadcrumb"},"inLanguage":"fr-FR","potentialAction":[{"@type":"ReadAction","target":["https:\/\/www.metrica.it\/fr\/produit\/mesureur-dhumidite\/"]}]},{"@type":"ImageObject","inLanguage":"fr-FR","@id":"https:\/\/www.metrica.it\/fr\/produit\/mesureur-dhumidite\/#primaryimage","url":"https:\/\/www.metrica.it\/wp-content\/uploads\/2024\/05\/60274.jpg","contentUrl":"https:\/\/www.metrica.it\/wp-content\/uploads\/2024\/05\/60274.jpg","width":800,"height":800},{"@type":"BreadcrumbList","@id":"https:\/\/www.metrica.it\/fr\/produit\/mesureur-dhumidite\/#breadcrumb","itemListElement":[{"@type":"ListItem","position":1,"name":"Home","item":"https:\/\/www.metrica.it\/fr\/"},{"@type":"ListItem","position":2,"name":"Catalogue","item":"https:\/\/www.metrica.it\/fr\/catalogue\/"},{"@type":"ListItem","position":3,"name":"Mesureur D&#8217;humidit\u00e9"}]},{"@type":"WebSite","@id":"https:\/\/www.metrica.it\/fr\/#website","url":"https:\/\/www.metrica.it\/fr\/","name":"Metrica","description":"Made to measure","potentialAction":[{"@type":"SearchAction","target":{"@type":"EntryPoint","urlTemplate":"https:\/\/www.metrica.it\/fr\/?s={search_term_string}"},"query-input":{"@type":"PropertyValueSpecification","valueRequired":true,"valueName":"search_term_string"}}],"inLanguage":"fr-FR"}]}},"meta_box":{"awr_documentation":[{"filesize":4846789,"ID":"146344","name":"60274.pdf","path":"\/var\/www\/html\/wp-content\/uploads\/2024\/09\/60274.pdf","url":"https:\/\/www.metrica.it\/wp-content\/uploads\/2024\/09\/60274.pdf","title":"60274.pdf"}],"awr_manuale":[],"awr_scheda_tecnica":"","awr_youtube_video":"","awr_classe_prodotto":"","awr_customize_product":"0","awr_custom_image":false,"awr_related_products":[{"awr_product_name":"Misuratore Di Umidit\u00e0","awr_product_references":"ref:60274|ean:8001066602742|pack:1"}],"awr_consumabili":"","awr_alternativi":"","awr_aliases":"60274","awr_skuid":"60274-it"},"_links":{"self":[{"href":"https:\/\/www.metrica.it\/fr\/wp-json\/wp\/v2\/product\/142988","targetHints":{"allow":["GET"]}}],"collection":[{"href":"https:\/\/www.metrica.it\/fr\/wp-json\/wp\/v2\/product"}],"about":[{"href":"https:\/\/www.metrica.it\/fr\/wp-json\/wp\/v2\/types\/product"}],"wp:featuredmedia":[{"embeddable":true,"href":"https:\/\/www.metrica.it\/fr\/wp-json\/wp\/v2\/media\/122122"}],"wp:attachment":[{"href":"https:\/\/www.metrica.it\/fr\/wp-json\/wp\/v2\/media?parent=142988"}],"wp:term":[{"taxonomy":"product_cat","embeddable":true,"href":"https:\/\/www.metrica.it\/fr\/wp-json\/wp\/v2\/product_cat?post=142988"},{"taxonomy":"product_tag","embeddable":true,"href":"https:\/\/www.metrica.it\/fr\/wp-json\/wp\/v2\/product_tag?post=142988"}],"curies":[{"name":"wp","href":"https:\/\/api.w.org\/{rel}","templated":true}]}}