{"id":143003,"date":"2024-09-16T12:50:32","date_gmt":"2024-09-16T10:50:32","guid":{"rendered":"https:\/\/www.metrica.it\/prodotto\/indicateur-numerique-de-distance\/"},"modified":"2024-09-16T21:42:32","modified_gmt":"2024-09-16T19:42:32","slug":"indicateur-numerique-de-distance","status":"publish","type":"product","link":"https:\/\/www.metrica.it\/fr\/produit\/indicateur-numerique-de-distance\/","title":{"rendered":"Indicateur Num\u00c9rique De Distance"},"content":{"rendered":"<ul>\n<li>Jauge num\u00e9rique en fibre de carbone<\/li>\n<li>Capacit\u00e9 150 x 0,1 mm<\/li>\n<li>Dimensions r\u00e9duites, l\u00e9g\u00e8res et pr\u00e9cises<\/li>\n<li>Grand \u00e9cran num\u00e9rique avec des chiffres g\u00e9ants (enmillim\u00e8tres et pouces)<\/li>\n<li>Bras avec anneaux fournis en 3 tailles<\/li>\n<li>\u00c9quip\u00e9 d&rsquo;un tournevis pour le remplacement des bagues<\/li>\n<li>Bo\u00eetier ABS<\/li>\n<li>Mod\u00e8le brevet\u00e9<\/li>\n<\/ul>\n","protected":false},"excerpt":{"rendered":"<p>Jauge num\u00e9rique en fibre de carbone Capacit\u00e9 150 x 0,1 mm Dimensions r\u00e9duites, l\u00e9g\u00e8res et pr\u00e9cises Grand \u00e9cran num\u00e9rique avec des chiffres g\u00e9ants (enmillim\u00e8tres et pouces) Bras avec anneaux fournis en 3 tailles \u00c9quip\u00e9 d&rsquo;un tournevis pour le remplacement des bagues Bo\u00eetier ABS Mod\u00e8le brevet\u00e9<\/p>\n","protected":false},"featured_media":125911,"template":"","meta":[],"product_cat":[641,649],"product_tag":[],"class_list":{"0":"post-143003","1":"product","2":"type-product","3":"status-publish","4":"has-post-thumbnail","6":"product_cat-mesures-mecaniques","7":"product_cat-pieds-a-coulisse","9":"first","10":"instock","11":"sold-individually","12":"product-type-simple"},"yoast_head":"<title>INDICATORE DIGITALE DI DISTANZA<\/title>\n<meta name=\"robots\" content=\"index, follow, max-snippet:-1, max-image-preview:large, max-video-preview:-1\" \/>\n<link rel=\"canonical\" href=\"https:\/\/www.metrica.it\/fr\/produit\/indicateur-numerique-de-distance\/\" \/>\n<meta property=\"og:locale\" content=\"fr_FR\" \/>\n<meta property=\"og:type\" content=\"article\" \/>\n<meta property=\"og:title\" content=\"INDICATORE DIGITALE DI DISTANZA\" \/>\n<meta property=\"og:description\" content=\"Jauge num\u00e9rique en fibre de carbone Capacit\u00e9 150 x 0,1 mm Dimensions r\u00e9duites, l\u00e9g\u00e8res et pr\u00e9cises Grand \u00e9cran num\u00e9rique avec des chiffres g\u00e9ants (enmillim\u00e8tres et pouces) Bras avec anneaux fournis en 3 tailles \u00c9quip\u00e9 d&rsquo;un tournevis pour le remplacement des bagues Bo\u00eetier ABS Mod\u00e8le brevet\u00e9\" \/>\n<meta property=\"og:url\" content=\"https:\/\/www.metrica.it\/fr\/produit\/indicateur-numerique-de-distance\/\" \/>\n<meta property=\"og:site_name\" content=\"Metrica\" \/>\n<meta property=\"article:modified_time\" content=\"2024-09-16T19:42:32+00:00\" \/>\n<meta property=\"og:image\" content=\"https:\/\/www.metrica.it\/wp-content\/uploads\/2024\/06\/10770_3.jpg\" \/>\n\t<meta property=\"og:image:width\" content=\"800\" \/>\n\t<meta property=\"og:image:height\" content=\"800\" \/>\n\t<meta property=\"og:image:type\" content=\"image\/jpeg\" \/>\n<meta name=\"twitter:card\" content=\"summary_large_image\" \/>\n<script type=\"application\/ld+json\" class=\"yoast-schema-graph\">{\"@context\":\"https:\\\/\\\/schema.org\",\"@graph\":[{\"@type\":\"WebPage\",\"@id\":\"https:\\\/\\\/www.metrica.it\\\/fr\\\/produit\\\/indicateur-numerique-de-distance\\\/\",\"url\":\"https:\\\/\\\/www.metrica.it\\\/fr\\\/produit\\\/indicateur-numerique-de-distance\\\/\",\"name\":\"INDICATORE DIGITALE DI DISTANZA\",\"isPartOf\":{\"@id\":\"https:\\\/\\\/www.metrica.it\\\/fr\\\/#website\"},\"primaryImageOfPage\":{\"@id\":\"https:\\\/\\\/www.metrica.it\\\/fr\\\/produit\\\/indicateur-numerique-de-distance\\\/#primaryimage\"},\"image\":{\"@id\":\"https:\\\/\\\/www.metrica.it\\\/fr\\\/produit\\\/indicateur-numerique-de-distance\\\/#primaryimage\"},\"thumbnailUrl\":\"https:\\\/\\\/www.metrica.it\\\/wp-content\\\/uploads\\\/2024\\\/06\\\/10770_3.jpg\",\"datePublished\":\"2024-09-16T10:50:32+00:00\",\"dateModified\":\"2024-09-16T19:42:32+00:00\",\"breadcrumb\":{\"@id\":\"https:\\\/\\\/www.metrica.it\\\/fr\\\/produit\\\/indicateur-numerique-de-distance\\\/#breadcrumb\"},\"inLanguage\":\"fr-FR\",\"potentialAction\":[{\"@type\":\"ReadAction\",\"target\":[\"https:\\\/\\\/www.metrica.it\\\/fr\\\/produit\\\/indicateur-numerique-de-distance\\\/\"]}]},{\"@type\":\"ImageObject\",\"inLanguage\":\"fr-FR\",\"@id\":\"https:\\\/\\\/www.metrica.it\\\/fr\\\/produit\\\/indicateur-numerique-de-distance\\\/#primaryimage\",\"url\":\"https:\\\/\\\/www.metrica.it\\\/wp-content\\\/uploads\\\/2024\\\/06\\\/10770_3.jpg\",\"contentUrl\":\"https:\\\/\\\/www.metrica.it\\\/wp-content\\\/uploads\\\/2024\\\/06\\\/10770_3.jpg\",\"width\":800,\"height\":800},{\"@type\":\"BreadcrumbList\",\"@id\":\"https:\\\/\\\/www.metrica.it\\\/fr\\\/produit\\\/indicateur-numerique-de-distance\\\/#breadcrumb\",\"itemListElement\":[{\"@type\":\"ListItem\",\"position\":1,\"name\":\"Home\",\"item\":\"https:\\\/\\\/www.metrica.it\\\/fr\\\/\"},{\"@type\":\"ListItem\",\"position\":2,\"name\":\"Catalogue\",\"item\":\"https:\\\/\\\/www.metrica.it\\\/fr\\\/catalogue\\\/\"},{\"@type\":\"ListItem\",\"position\":3,\"name\":\"Indicateur Num\u00c9rique De Distance\"}]},{\"@type\":\"WebSite\",\"@id\":\"https:\\\/\\\/www.metrica.it\\\/fr\\\/#website\",\"url\":\"https:\\\/\\\/www.metrica.it\\\/fr\\\/\",\"name\":\"Metrica\",\"description\":\"Made to measure\",\"potentialAction\":[{\"@type\":\"SearchAction\",\"target\":{\"@type\":\"EntryPoint\",\"urlTemplate\":\"https:\\\/\\\/www.metrica.it\\\/fr\\\/?s={search_term_string}\"},\"query-input\":{\"@type\":\"PropertyValueSpecification\",\"valueRequired\":true,\"valueName\":\"search_term_string\"}}],\"inLanguage\":\"fr-FR\"}]}<\/script>","yoast_head_json":{"title":"INDICATORE DIGITALE DI DISTANZA","robots":{"index":"index","follow":"follow","max-snippet":"max-snippet:-1","max-image-preview":"max-image-preview:large","max-video-preview":"max-video-preview:-1"},"canonical":"https:\/\/www.metrica.it\/fr\/produit\/indicateur-numerique-de-distance\/","og_locale":"fr_FR","og_type":"article","og_title":"INDICATORE DIGITALE DI DISTANZA","og_description":"Jauge num\u00e9rique en fibre de carbone Capacit\u00e9 150 x 0,1 mm Dimensions r\u00e9duites, l\u00e9g\u00e8res et pr\u00e9cises Grand \u00e9cran num\u00e9rique avec des chiffres g\u00e9ants (enmillim\u00e8tres et pouces) Bras avec anneaux fournis en 3 tailles \u00c9quip\u00e9 d&rsquo;un tournevis pour le remplacement des bagues Bo\u00eetier ABS Mod\u00e8le brevet\u00e9","og_url":"https:\/\/www.metrica.it\/fr\/produit\/indicateur-numerique-de-distance\/","og_site_name":"Metrica","article_modified_time":"2024-09-16T19:42:32+00:00","og_image":[{"width":800,"height":800,"url":"https:\/\/www.metrica.it\/wp-content\/uploads\/2024\/06\/10770_3.jpg","type":"image\/jpeg"}],"twitter_card":"summary_large_image","schema":{"@context":"https:\/\/schema.org","@graph":[{"@type":"WebPage","@id":"https:\/\/www.metrica.it\/fr\/produit\/indicateur-numerique-de-distance\/","url":"https:\/\/www.metrica.it\/fr\/produit\/indicateur-numerique-de-distance\/","name":"INDICATORE DIGITALE DI DISTANZA","isPartOf":{"@id":"https:\/\/www.metrica.it\/fr\/#website"},"primaryImageOfPage":{"@id":"https:\/\/www.metrica.it\/fr\/produit\/indicateur-numerique-de-distance\/#primaryimage"},"image":{"@id":"https:\/\/www.metrica.it\/fr\/produit\/indicateur-numerique-de-distance\/#primaryimage"},"thumbnailUrl":"https:\/\/www.metrica.it\/wp-content\/uploads\/2024\/06\/10770_3.jpg","datePublished":"2024-09-16T10:50:32+00:00","dateModified":"2024-09-16T19:42:32+00:00","breadcrumb":{"@id":"https:\/\/www.metrica.it\/fr\/produit\/indicateur-numerique-de-distance\/#breadcrumb"},"inLanguage":"fr-FR","potentialAction":[{"@type":"ReadAction","target":["https:\/\/www.metrica.it\/fr\/produit\/indicateur-numerique-de-distance\/"]}]},{"@type":"ImageObject","inLanguage":"fr-FR","@id":"https:\/\/www.metrica.it\/fr\/produit\/indicateur-numerique-de-distance\/#primaryimage","url":"https:\/\/www.metrica.it\/wp-content\/uploads\/2024\/06\/10770_3.jpg","contentUrl":"https:\/\/www.metrica.it\/wp-content\/uploads\/2024\/06\/10770_3.jpg","width":800,"height":800},{"@type":"BreadcrumbList","@id":"https:\/\/www.metrica.it\/fr\/produit\/indicateur-numerique-de-distance\/#breadcrumb","itemListElement":[{"@type":"ListItem","position":1,"name":"Home","item":"https:\/\/www.metrica.it\/fr\/"},{"@type":"ListItem","position":2,"name":"Catalogue","item":"https:\/\/www.metrica.it\/fr\/catalogue\/"},{"@type":"ListItem","position":3,"name":"Indicateur Num\u00c9rique De Distance"}]},{"@type":"WebSite","@id":"https:\/\/www.metrica.it\/fr\/#website","url":"https:\/\/www.metrica.it\/fr\/","name":"Metrica","description":"Made to measure","potentialAction":[{"@type":"SearchAction","target":{"@type":"EntryPoint","urlTemplate":"https:\/\/www.metrica.it\/fr\/?s={search_term_string}"},"query-input":{"@type":"PropertyValueSpecification","valueRequired":true,"valueName":"search_term_string"}}],"inLanguage":"fr-FR"}]}},"meta_box":{"awr_documentation":[],"awr_manuale":[],"awr_scheda_tecnica":"","awr_youtube_video":"","awr_classe_prodotto":"","awr_customize_product":"0","awr_custom_image":false,"awr_related_products":[{"awr_product_name":"Indicatore Digitale Di Distanza","awr_product_references":"ref:10770NM|ean:8001066107704|a_mm:0-150|b_mm:40|unit_misura_mm:0,1|unit_misura_inch:-|pack:1"}],"awr_consumabili":"","awr_alternativi":"","awr_aliases":"10770NM","awr_skuid":"10770-it"},"_links":{"self":[{"href":"https:\/\/www.metrica.it\/fr\/wp-json\/wp\/v2\/product\/143003","targetHints":{"allow":["GET"]}}],"collection":[{"href":"https:\/\/www.metrica.it\/fr\/wp-json\/wp\/v2\/product"}],"about":[{"href":"https:\/\/www.metrica.it\/fr\/wp-json\/wp\/v2\/types\/product"}],"wp:featuredmedia":[{"embeddable":true,"href":"https:\/\/www.metrica.it\/fr\/wp-json\/wp\/v2\/media\/125911"}],"wp:attachment":[{"href":"https:\/\/www.metrica.it\/fr\/wp-json\/wp\/v2\/media?parent=143003"}],"wp:term":[{"taxonomy":"product_cat","embeddable":true,"href":"https:\/\/www.metrica.it\/fr\/wp-json\/wp\/v2\/product_cat?post=143003"},{"taxonomy":"product_tag","embeddable":true,"href":"https:\/\/www.metrica.it\/fr\/wp-json\/wp\/v2\/product_tag?post=143003"}],"curies":[{"name":"wp","href":"https:\/\/api.w.org\/{rel}","templated":true}]}}