{"id":143073,"date":"2024-09-16T12:11:19","date_gmt":"2024-09-16T10:11:19","guid":{"rendered":"https:\/\/www.metrica.it\/prodotto\/typometre-a-quattre-echelles-pour-typographie\/"},"modified":"2024-09-16T20:59:02","modified_gmt":"2024-09-16T18:59:02","slug":"typometre-a-quattre-echelles-pour-typographie","status":"publish","type":"product","link":"https:\/\/www.metrica.it\/fr\/produit\/typometre-a-quattre-echelles-pour-typographie\/","title":{"rendered":"Typom\u00e8tre \u00c0 Quattre \u00c9chelles Pour Typographie"},"content":{"rendered":"<ul>\n<li>Acier inox \u00e9paisseur 0,5 mm<\/li>\n<li>4 \u00e9chelles pour typographie<\/li>\n<li>Graduation noire grav\u00e9e sur les deux c\u00f4tes<\/li>\n<li>Recto: mm et 12 pti<\/li>\n<li>Verso: 8 pti et 10 pti<\/li>\n<\/ul>\n","protected":false},"excerpt":{"rendered":"<p>Acier inox \u00e9paisseur 0,5 mm<br \/>4 \u00e9chelles pour typographie<br \/>Graduation noire grav\u00e9e sur les deux c\u00f4tes<br \/>Recto: mm et 12 pti<br \/>Verso: 8 pti et 10 pti<\/p>\n","protected":false},"featured_media":129229,"template":"","meta":[],"product_cat":[49,609],"product_tag":[],"class_list":{"0":"post-143073","1":"product","2":"type-product","3":"status-publish","4":"has-post-thumbnail","6":"product_cat-mesures-de-longueur","7":"product_cat-regles-rubans-mesures-de-diametre","9":"first","10":"instock","11":"sold-individually","12":"product-type-simple"},"yoast_head":"<title>Tipometro A Quattro Scale Per Tipografia | R\u00e8gles - Rubans - Mesures de Diam\u00e8tre | Mesures de Longueur - Metrica<\/title>\n<meta name=\"description\" content=\"D\u00e9couvrez la collection de produits., Tipometro A Quattro Scale Per Tipografia - R\u00e8gles - Rubans - Mesures de Diam\u00e8tre.Acciaio inox spessore 0,5 mm,4 scale per tipografia,Graduazione incisa ed an . Consultez le catalogue sur le site officiel de Metrica\" \/>\n<meta name=\"robots\" content=\"index, follow, max-snippet:-1, max-image-preview:large, max-video-preview:-1\" \/>\n<link rel=\"canonical\" href=\"https:\/\/www.metrica.it\/fr\/produit\/typometre-a-quattre-echelles-pour-typographie\/\" \/>\n<meta property=\"og:locale\" content=\"fr_FR\" \/>\n<meta property=\"og:type\" content=\"article\" \/>\n<meta property=\"og:title\" content=\"Tipometro A Quattro Scale Per Tipografia | R\u00e8gles - Rubans - Mesures de Diam\u00e8tre | Mesures de Longueur - Metrica\" \/>\n<meta property=\"og:description\" content=\"D\u00e9couvrez la collection de produits., Tipometro A Quattro Scale Per Tipografia - R\u00e8gles - Rubans - Mesures de Diam\u00e8tre.Acciaio inox spessore 0,5 mm,4 scale per tipografia,Graduazione incisa ed an . Consultez le catalogue sur le site officiel de Metrica\" \/>\n<meta property=\"og:url\" content=\"https:\/\/www.metrica.it\/fr\/produit\/typometre-a-quattre-echelles-pour-typographie\/\" \/>\n<meta property=\"og:site_name\" content=\"Metrica\" \/>\n<meta property=\"article:modified_time\" content=\"2024-09-16T18:59:02+00:00\" \/>\n<meta property=\"og:image\" content=\"https:\/\/www.metrica.it\/wp-content\/uploads\/2024\/06\/24122_2.jpg\" \/>\n\t<meta property=\"og:image:width\" content=\"800\" \/>\n\t<meta property=\"og:image:height\" content=\"800\" \/>\n\t<meta property=\"og:image:type\" content=\"image\/jpeg\" \/>\n<meta name=\"twitter:card\" content=\"summary_large_image\" \/>\n<script type=\"application\/ld+json\" class=\"yoast-schema-graph\">{\"@context\":\"https:\\\/\\\/schema.org\",\"@graph\":[{\"@type\":\"WebPage\",\"@id\":\"https:\\\/\\\/www.metrica.it\\\/fr\\\/produit\\\/typometre-a-quattre-echelles-pour-typographie\\\/\",\"url\":\"https:\\\/\\\/www.metrica.it\\\/fr\\\/produit\\\/typometre-a-quattre-echelles-pour-typographie\\\/\",\"name\":\"Tipometro A Quattro Scale Per Tipografia | R\u00e8gles - Rubans - Mesures de Diam\u00e8tre | Mesures de Longueur - Metrica\",\"isPartOf\":{\"@id\":\"https:\\\/\\\/www.metrica.it\\\/fr\\\/#website\"},\"primaryImageOfPage\":{\"@id\":\"https:\\\/\\\/www.metrica.it\\\/fr\\\/produit\\\/typometre-a-quattre-echelles-pour-typographie\\\/#primaryimage\"},\"image\":{\"@id\":\"https:\\\/\\\/www.metrica.it\\\/fr\\\/produit\\\/typometre-a-quattre-echelles-pour-typographie\\\/#primaryimage\"},\"thumbnailUrl\":\"https:\\\/\\\/www.metrica.it\\\/wp-content\\\/uploads\\\/2024\\\/06\\\/24122_2.jpg\",\"datePublished\":\"2024-09-16T10:11:19+00:00\",\"dateModified\":\"2024-09-16T18:59:02+00:00\",\"description\":\"D\u00e9couvrez la collection de produits., Tipometro A Quattro Scale Per Tipografia - R\u00e8gles - Rubans - Mesures de Diam\u00e8tre.Acciaio inox spessore 0,5 mm,4 scale per tipografia,Graduazione incisa ed an . Consultez le catalogue sur le site officiel de Metrica\",\"breadcrumb\":{\"@id\":\"https:\\\/\\\/www.metrica.it\\\/fr\\\/produit\\\/typometre-a-quattre-echelles-pour-typographie\\\/#breadcrumb\"},\"inLanguage\":\"fr-FR\",\"potentialAction\":[{\"@type\":\"ReadAction\",\"target\":[\"https:\\\/\\\/www.metrica.it\\\/fr\\\/produit\\\/typometre-a-quattre-echelles-pour-typographie\\\/\"]}]},{\"@type\":\"ImageObject\",\"inLanguage\":\"fr-FR\",\"@id\":\"https:\\\/\\\/www.metrica.it\\\/fr\\\/produit\\\/typometre-a-quattre-echelles-pour-typographie\\\/#primaryimage\",\"url\":\"https:\\\/\\\/www.metrica.it\\\/wp-content\\\/uploads\\\/2024\\\/06\\\/24122_2.jpg\",\"contentUrl\":\"https:\\\/\\\/www.metrica.it\\\/wp-content\\\/uploads\\\/2024\\\/06\\\/24122_2.jpg\",\"width\":800,\"height\":800},{\"@type\":\"BreadcrumbList\",\"@id\":\"https:\\\/\\\/www.metrica.it\\\/fr\\\/produit\\\/typometre-a-quattre-echelles-pour-typographie\\\/#breadcrumb\",\"itemListElement\":[{\"@type\":\"ListItem\",\"position\":1,\"name\":\"Home\",\"item\":\"https:\\\/\\\/www.metrica.it\\\/fr\\\/\"},{\"@type\":\"ListItem\",\"position\":2,\"name\":\"Catalogue\",\"item\":\"https:\\\/\\\/www.metrica.it\\\/fr\\\/catalogue\\\/\"},{\"@type\":\"ListItem\",\"position\":3,\"name\":\"Typom\u00e8tre \u00c0 Quattre \u00c9chelles Pour Typographie\"}]},{\"@type\":\"WebSite\",\"@id\":\"https:\\\/\\\/www.metrica.it\\\/fr\\\/#website\",\"url\":\"https:\\\/\\\/www.metrica.it\\\/fr\\\/\",\"name\":\"Metrica\",\"description\":\"Made to measure\",\"potentialAction\":[{\"@type\":\"SearchAction\",\"target\":{\"@type\":\"EntryPoint\",\"urlTemplate\":\"https:\\\/\\\/www.metrica.it\\\/fr\\\/?s={search_term_string}\"},\"query-input\":{\"@type\":\"PropertyValueSpecification\",\"valueRequired\":true,\"valueName\":\"search_term_string\"}}],\"inLanguage\":\"fr-FR\"}]}<\/script>","yoast_head_json":{"title":"Tipometro A Quattro Scale Per Tipografia | R\u00e8gles - Rubans - Mesures de Diam\u00e8tre | Mesures de Longueur - Metrica","description":"D\u00e9couvrez la collection de produits., Tipometro A Quattro Scale Per Tipografia - R\u00e8gles - Rubans - Mesures de Diam\u00e8tre.Acciaio inox spessore 0,5 mm,4 scale per tipografia,Graduazione incisa ed an . Consultez le catalogue sur le site officiel de Metrica","robots":{"index":"index","follow":"follow","max-snippet":"max-snippet:-1","max-image-preview":"max-image-preview:large","max-video-preview":"max-video-preview:-1"},"canonical":"https:\/\/www.metrica.it\/fr\/produit\/typometre-a-quattre-echelles-pour-typographie\/","og_locale":"fr_FR","og_type":"article","og_title":"Tipometro A Quattro Scale Per Tipografia | R\u00e8gles - Rubans - Mesures de Diam\u00e8tre | Mesures de Longueur - Metrica","og_description":"D\u00e9couvrez la collection de produits., Tipometro A Quattro Scale Per Tipografia - R\u00e8gles - Rubans - Mesures de Diam\u00e8tre.Acciaio inox spessore 0,5 mm,4 scale per tipografia,Graduazione incisa ed an . Consultez le catalogue sur le site officiel de Metrica","og_url":"https:\/\/www.metrica.it\/fr\/produit\/typometre-a-quattre-echelles-pour-typographie\/","og_site_name":"Metrica","article_modified_time":"2024-09-16T18:59:02+00:00","og_image":[{"width":800,"height":800,"url":"https:\/\/www.metrica.it\/wp-content\/uploads\/2024\/06\/24122_2.jpg","type":"image\/jpeg"}],"twitter_card":"summary_large_image","schema":{"@context":"https:\/\/schema.org","@graph":[{"@type":"WebPage","@id":"https:\/\/www.metrica.it\/fr\/produit\/typometre-a-quattre-echelles-pour-typographie\/","url":"https:\/\/www.metrica.it\/fr\/produit\/typometre-a-quattre-echelles-pour-typographie\/","name":"Tipometro A Quattro Scale Per Tipografia | R\u00e8gles - Rubans - Mesures de Diam\u00e8tre | Mesures de Longueur - Metrica","isPartOf":{"@id":"https:\/\/www.metrica.it\/fr\/#website"},"primaryImageOfPage":{"@id":"https:\/\/www.metrica.it\/fr\/produit\/typometre-a-quattre-echelles-pour-typographie\/#primaryimage"},"image":{"@id":"https:\/\/www.metrica.it\/fr\/produit\/typometre-a-quattre-echelles-pour-typographie\/#primaryimage"},"thumbnailUrl":"https:\/\/www.metrica.it\/wp-content\/uploads\/2024\/06\/24122_2.jpg","datePublished":"2024-09-16T10:11:19+00:00","dateModified":"2024-09-16T18:59:02+00:00","description":"D\u00e9couvrez la collection de produits., Tipometro A Quattro Scale Per Tipografia - R\u00e8gles - Rubans - Mesures de Diam\u00e8tre.Acciaio inox spessore 0,5 mm,4 scale per tipografia,Graduazione incisa ed an . Consultez le catalogue sur le site officiel de Metrica","breadcrumb":{"@id":"https:\/\/www.metrica.it\/fr\/produit\/typometre-a-quattre-echelles-pour-typographie\/#breadcrumb"},"inLanguage":"fr-FR","potentialAction":[{"@type":"ReadAction","target":["https:\/\/www.metrica.it\/fr\/produit\/typometre-a-quattre-echelles-pour-typographie\/"]}]},{"@type":"ImageObject","inLanguage":"fr-FR","@id":"https:\/\/www.metrica.it\/fr\/produit\/typometre-a-quattre-echelles-pour-typographie\/#primaryimage","url":"https:\/\/www.metrica.it\/wp-content\/uploads\/2024\/06\/24122_2.jpg","contentUrl":"https:\/\/www.metrica.it\/wp-content\/uploads\/2024\/06\/24122_2.jpg","width":800,"height":800},{"@type":"BreadcrumbList","@id":"https:\/\/www.metrica.it\/fr\/produit\/typometre-a-quattre-echelles-pour-typographie\/#breadcrumb","itemListElement":[{"@type":"ListItem","position":1,"name":"Home","item":"https:\/\/www.metrica.it\/fr\/"},{"@type":"ListItem","position":2,"name":"Catalogue","item":"https:\/\/www.metrica.it\/fr\/catalogue\/"},{"@type":"ListItem","position":3,"name":"Typom\u00e8tre \u00c0 Quattre \u00c9chelles Pour Typographie"}]},{"@type":"WebSite","@id":"https:\/\/www.metrica.it\/fr\/#website","url":"https:\/\/www.metrica.it\/fr\/","name":"Metrica","description":"Made to measure","potentialAction":[{"@type":"SearchAction","target":{"@type":"EntryPoint","urlTemplate":"https:\/\/www.metrica.it\/fr\/?s={search_term_string}"},"query-input":{"@type":"PropertyValueSpecification","valueRequired":true,"valueName":"search_term_string"}}],"inLanguage":"fr-FR"}]}},"meta_box":{"awr_documentation":[],"awr_manuale":[],"awr_scheda_tecnica":"","awr_youtube_video":"","awr_classe_prodotto":"","awr_customize_product":"1","awr_custom_image":{"width":96,"height":96,"file":"2024\/06\/24123.jpg","filesize":322959,"sizes":{"dgwt-wcas-product-suggestion":{"file":"24123-64x64.jpg","width":64,"height":64,"mime-type":"image\/jpeg","filesize":1582,"url":"https:\/\/www.metrica.it\/wp-content\/uploads\/2024\/06\/24123-64x64.jpg"},"hongo-product-icon-image":{"file":"24123-64x64.jpg","width":64,"height":64,"mime-type":"image\/jpeg","filesize":1582,"url":"https:\/\/www.metrica.it\/wp-content\/uploads\/2024\/06\/24123-64x64.jpg"},"hongo-product-small-image":{"file":"24123-84x84.jpg","width":84,"height":84,"mime-type":"image\/jpeg","filesize":2189,"url":"https:\/\/www.metrica.it\/wp-content\/uploads\/2024\/06\/24123-84x84.jpg"},"hongo-medium-image":{"file":"24123-450x450.jpg","width":450,"height":450,"mime-type":"image\/jpeg","filesize":22925,"url":"https:\/\/www.metrica.it\/wp-content\/uploads\/2024\/06\/24123-450x450.jpg"},"post-thumbnail":{"file":"24123-790x790.jpg","width":790,"height":790,"mime-type":"image\/jpeg","filesize":52939,"url":"https:\/\/www.metrica.it\/wp-content\/uploads\/2024\/06\/24123-790x790.jpg"},"hongo-shop-image":{"file":"24123-660x660.jpg","width":660,"height":660,"mime-type":"image\/jpeg","filesize":40744,"url":"https:\/\/www.metrica.it\/wp-content\/uploads\/2024\/06\/24123-660x660.jpg"}},"image_meta":{"aperture":"0","credit":"","camera":"","caption":"","created_timestamp":"0","copyright":"","focal_length":"0","iso":"0","shutter_speed":"0","title":"","orientation":"1","keywords":[]},"ID":"129224","name":"24123.jpg","path":"\/var\/www\/html\/wp-content\/uploads\/2024\/06\/24123.jpg","url":"https:\/\/www.metrica.it\/wp-content\/uploads\/2024\/06\/24123.jpg","full_url":"https:\/\/www.metrica.it\/wp-content\/uploads\/2024\/06\/24123.jpg","title":"24123.jpg","caption":"","description":"","alt":"","srcset":"https:\/\/www.metrica.it\/wp-content\/uploads\/2024\/06\/24123.jpg 800w, https:\/\/www.metrica.it\/wp-content\/uploads\/2024\/06\/24123-64x64.jpg 64w, https:\/\/www.metrica.it\/wp-content\/uploads\/2024\/06\/24123-84x84.jpg 84w, https:\/\/www.metrica.it\/wp-content\/uploads\/2024\/06\/24123-450x450.jpg 450w, https:\/\/www.metrica.it\/wp-content\/uploads\/2024\/06\/24123-790x790.jpg 790w, https:\/\/www.metrica.it\/wp-content\/uploads\/2024\/06\/24123-660x660.jpg 660w"},"awr_related_products":[{"awr_product_name":"Tipometro A Quattro Scale Per Tipografia","awr_product_references":"ref:24122|ean:8001066241224|l_mm:300|a_mm:20|unit_misura:mm|pack:10"},{"awr_product_name":"Tipometro A Quattro Scale Per Tipografia","awr_product_references":"ref:24123|ean:8001066241231|l_mm:360|a_mm:20|unit_misura:mm|pack:10"},{"awr_product_name":"Tipometro A Quattro Scale Per Tipografia","awr_product_references":"ref:24124|ean:8001066241248|l_mm:500|a_mm:20|unit_misura:mm|pack:10"}],"awr_consumabili":"","awr_alternativi":"","awr_aliases":"24122,24123,24124","awr_skuid":"24122-it"},"_links":{"self":[{"href":"https:\/\/www.metrica.it\/fr\/wp-json\/wp\/v2\/product\/143073","targetHints":{"allow":["GET"]}}],"collection":[{"href":"https:\/\/www.metrica.it\/fr\/wp-json\/wp\/v2\/product"}],"about":[{"href":"https:\/\/www.metrica.it\/fr\/wp-json\/wp\/v2\/types\/product"}],"wp:featuredmedia":[{"embeddable":true,"href":"https:\/\/www.metrica.it\/fr\/wp-json\/wp\/v2\/media\/129229"}],"wp:attachment":[{"href":"https:\/\/www.metrica.it\/fr\/wp-json\/wp\/v2\/media?parent=143073"}],"wp:term":[{"taxonomy":"product_cat","embeddable":true,"href":"https:\/\/www.metrica.it\/fr\/wp-json\/wp\/v2\/product_cat?post=143073"},{"taxonomy":"product_tag","embeddable":true,"href":"https:\/\/www.metrica.it\/fr\/wp-json\/wp\/v2\/product_tag?post=143073"}],"curies":[{"name":"wp","href":"https:\/\/api.w.org\/{rel}","templated":true}]}}