{"id":143138,"date":"2024-09-16T12:24:17","date_gmt":"2024-09-16T10:24:17","guid":{"rendered":"https:\/\/www.metrica.it\/prodotto\/ruban-special-pour-chaussures-en-acier-inox\/"},"modified":"2024-09-16T21:14:05","modified_gmt":"2024-09-16T19:14:05","slug":"ruban-special-pour-chaussures-en-acier-inox","status":"publish","type":"product","link":"https:\/\/www.metrica.it\/fr\/produit\/ruban-special-pour-chaussures-en-acier-inox\/","title":{"rendered":"Ruban Special Pour Chaussures En Acier Inox"},"content":{"rendered":"<ul>\n<li>Acier inox tremp\u00e9 super flexible<\/li>\n<li>Epaisseur 0,1 mm<\/li>\n<li>Graduation polie grav\u00e9e noire<\/li>\n<li>Graduation recto: mm<\/li>\n<li>Graduation au verso: double \u00e9chelle sp\u00e9ciale pour chaussures<\/li>\n<li>R\u00e9f. 70301V: env. 10 mm de ruban non gradu\u00e9 avant le z\u00e9ro<\/li>\n<\/ul>\n","protected":false},"excerpt":{"rendered":"<p>Acier inox tremp\u00e9 super flexible<br \/>Epaisseur 0,1 mm<br \/>Graduation polie grav\u00e9e noire<br \/>Graduation recto: mm<br \/>Graduation au verso: double \u00e9chelle sp\u00e9ciale pour chaussures<br \/>R\u00e9f. 70301V: env. 10 mm de ruban non gradu\u00e9 avant le z\u00e9ro<\/p>\n","protected":false},"featured_media":126096,"template":"","meta":[],"product_cat":[49,609],"product_tag":[],"class_list":{"0":"post-143138","1":"product","2":"type-product","3":"status-publish","4":"has-post-thumbnail","6":"product_cat-mesures-de-longueur","7":"product_cat-regles-rubans-mesures-de-diametre","9":"first","10":"instock","11":"sold-individually","12":"product-type-simple"},"yoast_head":"<title>Nastro Speciale Per Scarpe Acciaio Inox | R\u00e8gles - Rubans - Mesures de Diam\u00e8tre | Mesures de Longueur - Metrica<\/title>\n<meta name=\"description\" content=\"D\u00e9couvrez la collection de produits., Nastro Speciale Per Scarpe Acciaio Inox - R\u00e8gles - Rubans - Mesures de Diam\u00e8tre.Acciaio inox temprato super flessibile,Spessore 0,1 mm,Graduazione lucida inc . Consultez le catalogue sur le site officiel de Metrica\" \/>\n<meta name=\"robots\" content=\"index, follow, max-snippet:-1, max-image-preview:large, max-video-preview:-1\" \/>\n<link rel=\"canonical\" href=\"https:\/\/www.metrica.it\/fr\/produit\/ruban-special-pour-chaussures-en-acier-inox\/\" \/>\n<meta property=\"og:locale\" content=\"fr_FR\" \/>\n<meta property=\"og:type\" content=\"article\" \/>\n<meta property=\"og:title\" content=\"Nastro Speciale Per Scarpe Acciaio Inox | R\u00e8gles - Rubans - Mesures de Diam\u00e8tre | Mesures de Longueur - Metrica\" \/>\n<meta property=\"og:description\" content=\"D\u00e9couvrez la collection de produits., Nastro Speciale Per Scarpe Acciaio Inox - R\u00e8gles - Rubans - Mesures de Diam\u00e8tre.Acciaio inox temprato super flessibile,Spessore 0,1 mm,Graduazione lucida inc . Consultez le catalogue sur le site officiel de Metrica\" \/>\n<meta property=\"og:url\" content=\"https:\/\/www.metrica.it\/fr\/produit\/ruban-special-pour-chaussures-en-acier-inox\/\" \/>\n<meta property=\"og:site_name\" content=\"Metrica\" \/>\n<meta property=\"article:modified_time\" content=\"2024-09-16T19:14:05+00:00\" \/>\n<meta property=\"og:image\" content=\"https:\/\/www.metrica.it\/wp-content\/uploads\/2024\/06\/70301.jpg\" \/>\n\t<meta property=\"og:image:width\" content=\"800\" \/>\n\t<meta property=\"og:image:height\" content=\"800\" \/>\n\t<meta property=\"og:image:type\" content=\"image\/jpeg\" \/>\n<meta name=\"twitter:card\" content=\"summary_large_image\" \/>\n<script type=\"application\/ld+json\" class=\"yoast-schema-graph\">{\"@context\":\"https:\\\/\\\/schema.org\",\"@graph\":[{\"@type\":\"WebPage\",\"@id\":\"https:\\\/\\\/www.metrica.it\\\/fr\\\/produit\\\/ruban-special-pour-chaussures-en-acier-inox\\\/\",\"url\":\"https:\\\/\\\/www.metrica.it\\\/fr\\\/produit\\\/ruban-special-pour-chaussures-en-acier-inox\\\/\",\"name\":\"Nastro Speciale Per Scarpe Acciaio Inox | R\u00e8gles - Rubans - Mesures de Diam\u00e8tre | Mesures de Longueur - Metrica\",\"isPartOf\":{\"@id\":\"https:\\\/\\\/www.metrica.it\\\/fr\\\/#website\"},\"primaryImageOfPage\":{\"@id\":\"https:\\\/\\\/www.metrica.it\\\/fr\\\/produit\\\/ruban-special-pour-chaussures-en-acier-inox\\\/#primaryimage\"},\"image\":{\"@id\":\"https:\\\/\\\/www.metrica.it\\\/fr\\\/produit\\\/ruban-special-pour-chaussures-en-acier-inox\\\/#primaryimage\"},\"thumbnailUrl\":\"https:\\\/\\\/www.metrica.it\\\/wp-content\\\/uploads\\\/2024\\\/06\\\/70301.jpg\",\"datePublished\":\"2024-09-16T10:24:17+00:00\",\"dateModified\":\"2024-09-16T19:14:05+00:00\",\"description\":\"D\u00e9couvrez la collection de produits., Nastro Speciale Per Scarpe Acciaio Inox - R\u00e8gles - Rubans - Mesures de Diam\u00e8tre.Acciaio inox temprato super flessibile,Spessore 0,1 mm,Graduazione lucida inc . Consultez le catalogue sur le site officiel de Metrica\",\"breadcrumb\":{\"@id\":\"https:\\\/\\\/www.metrica.it\\\/fr\\\/produit\\\/ruban-special-pour-chaussures-en-acier-inox\\\/#breadcrumb\"},\"inLanguage\":\"fr-FR\",\"potentialAction\":[{\"@type\":\"ReadAction\",\"target\":[\"https:\\\/\\\/www.metrica.it\\\/fr\\\/produit\\\/ruban-special-pour-chaussures-en-acier-inox\\\/\"]}]},{\"@type\":\"ImageObject\",\"inLanguage\":\"fr-FR\",\"@id\":\"https:\\\/\\\/www.metrica.it\\\/fr\\\/produit\\\/ruban-special-pour-chaussures-en-acier-inox\\\/#primaryimage\",\"url\":\"https:\\\/\\\/www.metrica.it\\\/wp-content\\\/uploads\\\/2024\\\/06\\\/70301.jpg\",\"contentUrl\":\"https:\\\/\\\/www.metrica.it\\\/wp-content\\\/uploads\\\/2024\\\/06\\\/70301.jpg\",\"width\":800,\"height\":800},{\"@type\":\"BreadcrumbList\",\"@id\":\"https:\\\/\\\/www.metrica.it\\\/fr\\\/produit\\\/ruban-special-pour-chaussures-en-acier-inox\\\/#breadcrumb\",\"itemListElement\":[{\"@type\":\"ListItem\",\"position\":1,\"name\":\"Home\",\"item\":\"https:\\\/\\\/www.metrica.it\\\/fr\\\/\"},{\"@type\":\"ListItem\",\"position\":2,\"name\":\"Catalogue\",\"item\":\"https:\\\/\\\/www.metrica.it\\\/fr\\\/catalogue\\\/\"},{\"@type\":\"ListItem\",\"position\":3,\"name\":\"Ruban Special Pour Chaussures En Acier Inox\"}]},{\"@type\":\"WebSite\",\"@id\":\"https:\\\/\\\/www.metrica.it\\\/fr\\\/#website\",\"url\":\"https:\\\/\\\/www.metrica.it\\\/fr\\\/\",\"name\":\"Metrica\",\"description\":\"Made to measure\",\"potentialAction\":[{\"@type\":\"SearchAction\",\"target\":{\"@type\":\"EntryPoint\",\"urlTemplate\":\"https:\\\/\\\/www.metrica.it\\\/fr\\\/?s={search_term_string}\"},\"query-input\":{\"@type\":\"PropertyValueSpecification\",\"valueRequired\":true,\"valueName\":\"search_term_string\"}}],\"inLanguage\":\"fr-FR\"}]}<\/script>","yoast_head_json":{"title":"Nastro Speciale Per Scarpe Acciaio Inox | R\u00e8gles - Rubans - Mesures de Diam\u00e8tre | Mesures de Longueur - Metrica","description":"D\u00e9couvrez la collection de produits., Nastro Speciale Per Scarpe Acciaio Inox - R\u00e8gles - Rubans - Mesures de Diam\u00e8tre.Acciaio inox temprato super flessibile,Spessore 0,1 mm,Graduazione lucida inc . Consultez le catalogue sur le site officiel de Metrica","robots":{"index":"index","follow":"follow","max-snippet":"max-snippet:-1","max-image-preview":"max-image-preview:large","max-video-preview":"max-video-preview:-1"},"canonical":"https:\/\/www.metrica.it\/fr\/produit\/ruban-special-pour-chaussures-en-acier-inox\/","og_locale":"fr_FR","og_type":"article","og_title":"Nastro Speciale Per Scarpe Acciaio Inox | R\u00e8gles - Rubans - Mesures de Diam\u00e8tre | Mesures de Longueur - Metrica","og_description":"D\u00e9couvrez la collection de produits., Nastro Speciale Per Scarpe Acciaio Inox - R\u00e8gles - Rubans - Mesures de Diam\u00e8tre.Acciaio inox temprato super flessibile,Spessore 0,1 mm,Graduazione lucida inc . Consultez le catalogue sur le site officiel de Metrica","og_url":"https:\/\/www.metrica.it\/fr\/produit\/ruban-special-pour-chaussures-en-acier-inox\/","og_site_name":"Metrica","article_modified_time":"2024-09-16T19:14:05+00:00","og_image":[{"width":800,"height":800,"url":"https:\/\/www.metrica.it\/wp-content\/uploads\/2024\/06\/70301.jpg","type":"image\/jpeg"}],"twitter_card":"summary_large_image","schema":{"@context":"https:\/\/schema.org","@graph":[{"@type":"WebPage","@id":"https:\/\/www.metrica.it\/fr\/produit\/ruban-special-pour-chaussures-en-acier-inox\/","url":"https:\/\/www.metrica.it\/fr\/produit\/ruban-special-pour-chaussures-en-acier-inox\/","name":"Nastro Speciale Per Scarpe Acciaio Inox | R\u00e8gles - Rubans - Mesures de Diam\u00e8tre | Mesures de Longueur - Metrica","isPartOf":{"@id":"https:\/\/www.metrica.it\/fr\/#website"},"primaryImageOfPage":{"@id":"https:\/\/www.metrica.it\/fr\/produit\/ruban-special-pour-chaussures-en-acier-inox\/#primaryimage"},"image":{"@id":"https:\/\/www.metrica.it\/fr\/produit\/ruban-special-pour-chaussures-en-acier-inox\/#primaryimage"},"thumbnailUrl":"https:\/\/www.metrica.it\/wp-content\/uploads\/2024\/06\/70301.jpg","datePublished":"2024-09-16T10:24:17+00:00","dateModified":"2024-09-16T19:14:05+00:00","description":"D\u00e9couvrez la collection de produits., Nastro Speciale Per Scarpe Acciaio Inox - R\u00e8gles - Rubans - Mesures de Diam\u00e8tre.Acciaio inox temprato super flessibile,Spessore 0,1 mm,Graduazione lucida inc . Consultez le catalogue sur le site officiel de Metrica","breadcrumb":{"@id":"https:\/\/www.metrica.it\/fr\/produit\/ruban-special-pour-chaussures-en-acier-inox\/#breadcrumb"},"inLanguage":"fr-FR","potentialAction":[{"@type":"ReadAction","target":["https:\/\/www.metrica.it\/fr\/produit\/ruban-special-pour-chaussures-en-acier-inox\/"]}]},{"@type":"ImageObject","inLanguage":"fr-FR","@id":"https:\/\/www.metrica.it\/fr\/produit\/ruban-special-pour-chaussures-en-acier-inox\/#primaryimage","url":"https:\/\/www.metrica.it\/wp-content\/uploads\/2024\/06\/70301.jpg","contentUrl":"https:\/\/www.metrica.it\/wp-content\/uploads\/2024\/06\/70301.jpg","width":800,"height":800},{"@type":"BreadcrumbList","@id":"https:\/\/www.metrica.it\/fr\/produit\/ruban-special-pour-chaussures-en-acier-inox\/#breadcrumb","itemListElement":[{"@type":"ListItem","position":1,"name":"Home","item":"https:\/\/www.metrica.it\/fr\/"},{"@type":"ListItem","position":2,"name":"Catalogue","item":"https:\/\/www.metrica.it\/fr\/catalogue\/"},{"@type":"ListItem","position":3,"name":"Ruban Special Pour Chaussures En Acier Inox"}]},{"@type":"WebSite","@id":"https:\/\/www.metrica.it\/fr\/#website","url":"https:\/\/www.metrica.it\/fr\/","name":"Metrica","description":"Made to measure","potentialAction":[{"@type":"SearchAction","target":{"@type":"EntryPoint","urlTemplate":"https:\/\/www.metrica.it\/fr\/?s={search_term_string}"},"query-input":{"@type":"PropertyValueSpecification","valueRequired":true,"valueName":"search_term_string"}}],"inLanguage":"fr-FR"}]}},"meta_box":{"awr_documentation":[],"awr_manuale":[],"awr_scheda_tecnica":"","awr_youtube_video":"","awr_classe_prodotto":"","awr_customize_product":"0","awr_custom_image":false,"awr_related_products":[{"awr_product_name":"Nastro Speciale Per Scarpe Acciaio Inox","awr_product_references":"ref:70301|ean:8001066703012|l_mm:600|unit_misura:mm|a_mm:10|pack:10"},{"awr_product_name":"Nastro Speciale Per Scarpe Acciaio Inox","awr_product_references":"ref:70301v|ean:8001066703012|l_mm:600|unit_misura:mm|a_mm:10|pack:10"}],"awr_consumabili":"","awr_alternativi":"","awr_aliases":"70301,70301v","awr_skuid":"70301-it"},"_links":{"self":[{"href":"https:\/\/www.metrica.it\/fr\/wp-json\/wp\/v2\/product\/143138","targetHints":{"allow":["GET"]}}],"collection":[{"href":"https:\/\/www.metrica.it\/fr\/wp-json\/wp\/v2\/product"}],"about":[{"href":"https:\/\/www.metrica.it\/fr\/wp-json\/wp\/v2\/types\/product"}],"wp:featuredmedia":[{"embeddable":true,"href":"https:\/\/www.metrica.it\/fr\/wp-json\/wp\/v2\/media\/126096"}],"wp:attachment":[{"href":"https:\/\/www.metrica.it\/fr\/wp-json\/wp\/v2\/media?parent=143138"}],"wp:term":[{"taxonomy":"product_cat","embeddable":true,"href":"https:\/\/www.metrica.it\/fr\/wp-json\/wp\/v2\/product_cat?post=143138"},{"taxonomy":"product_tag","embeddable":true,"href":"https:\/\/www.metrica.it\/fr\/wp-json\/wp\/v2\/product_tag?post=143138"}],"curies":[{"name":"wp","href":"https:\/\/api.w.org\/{rel}","templated":true}]}}