{"id":143188,"date":"2024-09-16T11:56:18","date_gmt":"2024-09-16T09:56:18","guid":{"rendered":"https:\/\/www.metrica.it\/prodotto\/1-metre-en-bois-modele-de-poche\/"},"modified":"2024-09-16T20:43:28","modified_gmt":"2024-09-16T18:43:28","slug":"1-metre-en-bois-modele-de-poche","status":"publish","type":"product","link":"https:\/\/www.metrica.it\/fr\/produit\/1-metre-en-bois-modele-de-poche\/","title":{"rendered":"1 M\u00e8tre &#8211; En Bois &#8211; Mod\u00e8le De Poche"},"content":{"rendered":"<ul>\n<li>Mod\u00e8le de poche<\/li>\n<li>Sans ressorts<\/li>\n<li>Double graduation avec d\u00e9cimales en rouge<\/li>\n<li>T\u00eates en rouge<\/li>\n<\/ul>\n","protected":false},"excerpt":{"rendered":"<p>Mod\u00e8le de poche<br \/>Sans ressorts<br \/>Double graduation avec d\u00e9cimales en rouge<br \/>T\u00eates en rouge<\/p>\n","protected":false},"featured_media":125690,"template":"","meta":[],"product_cat":[49,593],"product_tag":[],"class_list":{"0":"post-143188","1":"product","2":"type-product","3":"status-publish","4":"has-post-thumbnail","6":"product_cat-mesures-de-longueur","7":"product_cat-metres-pliants-metres-de-couturiers","9":"first","10":"instock","11":"sold-individually","12":"product-type-simple"},"yoast_head":"<title>1 Metro - Metro In Legno Tascabile | M\u00e8tres pliants - m\u00e8tres de couturies | Mesures de Longueur - Metrica<\/title>\n<meta name=\"description\" content=\"D\u00e9couvrez la collection de produits., 1 Metro - Metro In Legno Tascabile - M\u00e8tres pliants - m\u00e8tres de couturies.Senza molle,Doppia graduazione,Decimali rossi . Consultez le catalogue sur le site officiel de Metrica\" \/>\n<meta name=\"robots\" content=\"index, follow, max-snippet:-1, max-image-preview:large, max-video-preview:-1\" \/>\n<link rel=\"canonical\" href=\"https:\/\/www.metrica.it\/fr\/produit\/1-metre-en-bois-modele-de-poche\/\" \/>\n<meta property=\"og:locale\" content=\"fr_FR\" \/>\n<meta property=\"og:type\" content=\"article\" \/>\n<meta property=\"og:title\" content=\"1 Metro - Metro In Legno Tascabile | M\u00e8tres pliants - m\u00e8tres de couturies | Mesures de Longueur - Metrica\" \/>\n<meta property=\"og:description\" content=\"D\u00e9couvrez la collection de produits., 1 Metro - Metro In Legno Tascabile - M\u00e8tres pliants - m\u00e8tres de couturies.Senza molle,Doppia graduazione,Decimali rossi . Consultez le catalogue sur le site officiel de Metrica\" \/>\n<meta property=\"og:url\" content=\"https:\/\/www.metrica.it\/fr\/produit\/1-metre-en-bois-modele-de-poche\/\" \/>\n<meta property=\"og:site_name\" content=\"Metrica\" \/>\n<meta property=\"article:modified_time\" content=\"2024-09-16T18:43:28+00:00\" \/>\n<meta property=\"og:image\" content=\"https:\/\/www.metrica.it\/wp-content\/uploads\/2024\/05\/22040.jpg\" \/>\n\t<meta property=\"og:image:width\" content=\"800\" \/>\n\t<meta property=\"og:image:height\" content=\"800\" \/>\n\t<meta property=\"og:image:type\" content=\"image\/jpeg\" \/>\n<meta name=\"twitter:card\" content=\"summary_large_image\" \/>\n<script type=\"application\/ld+json\" class=\"yoast-schema-graph\">{\"@context\":\"https:\\\/\\\/schema.org\",\"@graph\":[{\"@type\":\"WebPage\",\"@id\":\"https:\\\/\\\/www.metrica.it\\\/fr\\\/produit\\\/1-metre-en-bois-modele-de-poche\\\/\",\"url\":\"https:\\\/\\\/www.metrica.it\\\/fr\\\/produit\\\/1-metre-en-bois-modele-de-poche\\\/\",\"name\":\"1 Metro - Metro In Legno Tascabile | M\u00e8tres pliants - m\u00e8tres de couturies | Mesures de Longueur - Metrica\",\"isPartOf\":{\"@id\":\"https:\\\/\\\/www.metrica.it\\\/fr\\\/#website\"},\"primaryImageOfPage\":{\"@id\":\"https:\\\/\\\/www.metrica.it\\\/fr\\\/produit\\\/1-metre-en-bois-modele-de-poche\\\/#primaryimage\"},\"image\":{\"@id\":\"https:\\\/\\\/www.metrica.it\\\/fr\\\/produit\\\/1-metre-en-bois-modele-de-poche\\\/#primaryimage\"},\"thumbnailUrl\":\"https:\\\/\\\/www.metrica.it\\\/wp-content\\\/uploads\\\/2024\\\/05\\\/22040.jpg\",\"datePublished\":\"2024-09-16T09:56:18+00:00\",\"dateModified\":\"2024-09-16T18:43:28+00:00\",\"description\":\"D\u00e9couvrez la collection de produits., 1 Metro - Metro In Legno Tascabile - M\u00e8tres pliants - m\u00e8tres de couturies.Senza molle,Doppia graduazione,Decimali rossi . Consultez le catalogue sur le site officiel de Metrica\",\"breadcrumb\":{\"@id\":\"https:\\\/\\\/www.metrica.it\\\/fr\\\/produit\\\/1-metre-en-bois-modele-de-poche\\\/#breadcrumb\"},\"inLanguage\":\"fr-FR\",\"potentialAction\":[{\"@type\":\"ReadAction\",\"target\":[\"https:\\\/\\\/www.metrica.it\\\/fr\\\/produit\\\/1-metre-en-bois-modele-de-poche\\\/\"]}]},{\"@type\":\"ImageObject\",\"inLanguage\":\"fr-FR\",\"@id\":\"https:\\\/\\\/www.metrica.it\\\/fr\\\/produit\\\/1-metre-en-bois-modele-de-poche\\\/#primaryimage\",\"url\":\"https:\\\/\\\/www.metrica.it\\\/wp-content\\\/uploads\\\/2024\\\/05\\\/22040.jpg\",\"contentUrl\":\"https:\\\/\\\/www.metrica.it\\\/wp-content\\\/uploads\\\/2024\\\/05\\\/22040.jpg\",\"width\":800,\"height\":800},{\"@type\":\"BreadcrumbList\",\"@id\":\"https:\\\/\\\/www.metrica.it\\\/fr\\\/produit\\\/1-metre-en-bois-modele-de-poche\\\/#breadcrumb\",\"itemListElement\":[{\"@type\":\"ListItem\",\"position\":1,\"name\":\"Home\",\"item\":\"https:\\\/\\\/www.metrica.it\\\/fr\\\/\"},{\"@type\":\"ListItem\",\"position\":2,\"name\":\"Catalogue\",\"item\":\"https:\\\/\\\/www.metrica.it\\\/fr\\\/catalogue\\\/\"},{\"@type\":\"ListItem\",\"position\":3,\"name\":\"1 M\u00e8tre &#8211; En Bois &#8211; Mod\u00e8le De Poche\"}]},{\"@type\":\"WebSite\",\"@id\":\"https:\\\/\\\/www.metrica.it\\\/fr\\\/#website\",\"url\":\"https:\\\/\\\/www.metrica.it\\\/fr\\\/\",\"name\":\"Metrica\",\"description\":\"Made to measure\",\"potentialAction\":[{\"@type\":\"SearchAction\",\"target\":{\"@type\":\"EntryPoint\",\"urlTemplate\":\"https:\\\/\\\/www.metrica.it\\\/fr\\\/?s={search_term_string}\"},\"query-input\":{\"@type\":\"PropertyValueSpecification\",\"valueRequired\":true,\"valueName\":\"search_term_string\"}}],\"inLanguage\":\"fr-FR\"}]}<\/script>","yoast_head_json":{"title":"1 Metro - Metro In Legno Tascabile | M\u00e8tres pliants - m\u00e8tres de couturies | Mesures de Longueur - Metrica","description":"D\u00e9couvrez la collection de produits., 1 Metro - Metro In Legno Tascabile - M\u00e8tres pliants - m\u00e8tres de couturies.Senza molle,Doppia graduazione,Decimali rossi . Consultez le catalogue sur le site officiel de Metrica","robots":{"index":"index","follow":"follow","max-snippet":"max-snippet:-1","max-image-preview":"max-image-preview:large","max-video-preview":"max-video-preview:-1"},"canonical":"https:\/\/www.metrica.it\/fr\/produit\/1-metre-en-bois-modele-de-poche\/","og_locale":"fr_FR","og_type":"article","og_title":"1 Metro - Metro In Legno Tascabile | M\u00e8tres pliants - m\u00e8tres de couturies | Mesures de Longueur - Metrica","og_description":"D\u00e9couvrez la collection de produits., 1 Metro - Metro In Legno Tascabile - M\u00e8tres pliants - m\u00e8tres de couturies.Senza molle,Doppia graduazione,Decimali rossi . Consultez le catalogue sur le site officiel de Metrica","og_url":"https:\/\/www.metrica.it\/fr\/produit\/1-metre-en-bois-modele-de-poche\/","og_site_name":"Metrica","article_modified_time":"2024-09-16T18:43:28+00:00","og_image":[{"width":800,"height":800,"url":"https:\/\/www.metrica.it\/wp-content\/uploads\/2024\/05\/22040.jpg","type":"image\/jpeg"}],"twitter_card":"summary_large_image","schema":{"@context":"https:\/\/schema.org","@graph":[{"@type":"WebPage","@id":"https:\/\/www.metrica.it\/fr\/produit\/1-metre-en-bois-modele-de-poche\/","url":"https:\/\/www.metrica.it\/fr\/produit\/1-metre-en-bois-modele-de-poche\/","name":"1 Metro - Metro In Legno Tascabile | M\u00e8tres pliants - m\u00e8tres de couturies | Mesures de Longueur - Metrica","isPartOf":{"@id":"https:\/\/www.metrica.it\/fr\/#website"},"primaryImageOfPage":{"@id":"https:\/\/www.metrica.it\/fr\/produit\/1-metre-en-bois-modele-de-poche\/#primaryimage"},"image":{"@id":"https:\/\/www.metrica.it\/fr\/produit\/1-metre-en-bois-modele-de-poche\/#primaryimage"},"thumbnailUrl":"https:\/\/www.metrica.it\/wp-content\/uploads\/2024\/05\/22040.jpg","datePublished":"2024-09-16T09:56:18+00:00","dateModified":"2024-09-16T18:43:28+00:00","description":"D\u00e9couvrez la collection de produits., 1 Metro - Metro In Legno Tascabile - M\u00e8tres pliants - m\u00e8tres de couturies.Senza molle,Doppia graduazione,Decimali rossi . Consultez le catalogue sur le site officiel de Metrica","breadcrumb":{"@id":"https:\/\/www.metrica.it\/fr\/produit\/1-metre-en-bois-modele-de-poche\/#breadcrumb"},"inLanguage":"fr-FR","potentialAction":[{"@type":"ReadAction","target":["https:\/\/www.metrica.it\/fr\/produit\/1-metre-en-bois-modele-de-poche\/"]}]},{"@type":"ImageObject","inLanguage":"fr-FR","@id":"https:\/\/www.metrica.it\/fr\/produit\/1-metre-en-bois-modele-de-poche\/#primaryimage","url":"https:\/\/www.metrica.it\/wp-content\/uploads\/2024\/05\/22040.jpg","contentUrl":"https:\/\/www.metrica.it\/wp-content\/uploads\/2024\/05\/22040.jpg","width":800,"height":800},{"@type":"BreadcrumbList","@id":"https:\/\/www.metrica.it\/fr\/produit\/1-metre-en-bois-modele-de-poche\/#breadcrumb","itemListElement":[{"@type":"ListItem","position":1,"name":"Home","item":"https:\/\/www.metrica.it\/fr\/"},{"@type":"ListItem","position":2,"name":"Catalogue","item":"https:\/\/www.metrica.it\/fr\/catalogue\/"},{"@type":"ListItem","position":3,"name":"1 M\u00e8tre &#8211; En Bois &#8211; Mod\u00e8le De Poche"}]},{"@type":"WebSite","@id":"https:\/\/www.metrica.it\/fr\/#website","url":"https:\/\/www.metrica.it\/fr\/","name":"Metrica","description":"Made to measure","potentialAction":[{"@type":"SearchAction","target":{"@type":"EntryPoint","urlTemplate":"https:\/\/www.metrica.it\/fr\/?s={search_term_string}"},"query-input":{"@type":"PropertyValueSpecification","valueRequired":true,"valueName":"search_term_string"}}],"inLanguage":"fr-FR"}]}},"meta_box":{"awr_documentation":[],"awr_manuale":[],"awr_scheda_tecnica":"","awr_youtube_video":"","awr_classe_prodotto":"CE_3","awr_customize_product":"0","awr_custom_image":false,"awr_related_products":[{"awr_product_name":"1 Metro - Metro In Legno Tascabile","awr_product_references":"ref:02040|ean:8001066020409|l:1 m|aste:10|:<img src=\"\/media\/tabelle\/giallo.png\"\/>|unit_misura:mm|decimali:colore_rosso|num_pz_gdo:10"},{"awr_product_name":"1 Metro - Metro In Legno Tascabile","awr_product_references":"ref:22040|ean:8001066220403|l:1 m|aste:10|:<img src=\"\/media\/tabelle\/giallo.png\"\/>|unit_misura:mm|decimali:colore_rosso|pack:12"}],"awr_consumabili":"","awr_alternativi":"","awr_aliases":"02040,22040","awr_skuid":"22040-it"},"_links":{"self":[{"href":"https:\/\/www.metrica.it\/fr\/wp-json\/wp\/v2\/product\/143188","targetHints":{"allow":["GET"]}}],"collection":[{"href":"https:\/\/www.metrica.it\/fr\/wp-json\/wp\/v2\/product"}],"about":[{"href":"https:\/\/www.metrica.it\/fr\/wp-json\/wp\/v2\/types\/product"}],"wp:featuredmedia":[{"embeddable":true,"href":"https:\/\/www.metrica.it\/fr\/wp-json\/wp\/v2\/media\/125690"}],"wp:attachment":[{"href":"https:\/\/www.metrica.it\/fr\/wp-json\/wp\/v2\/media?parent=143188"}],"wp:term":[{"taxonomy":"product_cat","embeddable":true,"href":"https:\/\/www.metrica.it\/fr\/wp-json\/wp\/v2\/product_cat?post=143188"},{"taxonomy":"product_tag","embeddable":true,"href":"https:\/\/www.metrica.it\/fr\/wp-json\/wp\/v2\/product_tag?post=143188"}],"curies":[{"name":"wp","href":"https:\/\/api.w.org\/{rel}","templated":true}]}}