{"id":143218,"date":"2024-09-16T12:51:40","date_gmt":"2024-09-16T10:51:40","guid":{"rendered":"https:\/\/www.metrica.it\/prodotto\/metrica-xl-33-4\/"},"modified":"2025-06-23T09:26:17","modified_gmt":"2025-06-23T07:26:17","slug":"metrica-xl-33","status":"publish","type":"product","link":"https:\/\/www.metrica.it\/fr\/produit\/metrica-xl-33\/","title":{"rendered":"Metrica Xl 33"},"content":{"rendered":"<ul>\n<li>Ruban largeur 33 mm rev\u00eatu en nylon<\/li>\n<li>Longue dur\u00e9e, anti-abrasion, anti-acide et anti-reflet<\/li>\n<li>Rigidit\u00e9 exceptionnelle: jusqu\u0092\u00e0 3 m en horizontal et 4,5 m en vertical<\/li>\n<li>Crochet sp\u00e9cial mobile rev\u00eatu en caoutchouc \u00e0 l\u0092int\u00e9rieur pour augmenter la prise (brevet\u00e9)<\/li>\n<li>Chiffres g\u00e9ants pour une lecture plus facile<\/li>\n<li>Bo\u00eetier en bi-mat\u00e9riel en acier inox rev\u00eatu en caoutchouc anti-glissement<\/li>\n<li>Rentr\u00e9e automatique du ruban amortie<\/li>\n<li>Avec clip<\/li>\n<\/ul>\n","protected":false},"excerpt":{"rendered":"<p>Ruban largeur 33 mm rev\u00eatu en nylon<br \/>\nLongue dur\u00e9e, anti-abrasion, anti-acide et anti-reflet<br \/>\nRigidit\u00e9 exceptionnelle: jusqu\u0092\u00e0 3 m en horizontal et 4,5 m en vertical<br \/>\nCrochet sp\u00e9cial mobile rev\u00eatu en caoutchouc \u00e0 l\u0092int\u00e9rieur pour augmenter la prise (brevet\u00e9)<br \/>\nChiffres g\u00e9ants pour une lecture plus facile<br \/>\nBo\u00eetier en bi-mat\u00e9riel en acier inox rev\u00eatu en caoutchouc anti-glissement<br \/>\nRentr\u00e9e automatique du ruban amortie<br \/>\nAvec clip<\/p>\n","protected":false},"featured_media":117788,"template":"","meta":[],"product_cat":[49,590],"product_tag":[],"class_list":{"0":"post-143218","1":"product","2":"type-product","3":"status-publish","4":"has-post-thumbnail","6":"product_cat-mesures-de-longueur","7":"product_cat-metres-a-ruban","9":"first","10":"instock","11":"sold-individually","12":"product-type-simple"},"yoast_head":"<title>Metrica Xl 33 | M\u00e8tres \u00e0 Ruban | Mesures de Longueur - Metrica<\/title>\n<meta name=\"description\" content=\"D\u00e9couvrez la collection de produits., Metrica Xl 33 - M\u00e8tres \u00e0 Ruban.Nastro largo 33 mm rivestito in nylon,Lunga durata, antiabrasione, antiacido e antiriflesso,Rigidit\u00e0 eccezionale: sino . Consultez le catalogue sur le site officiel de Metrica\" \/>\n<meta name=\"robots\" content=\"index, follow, max-snippet:-1, max-image-preview:large, max-video-preview:-1\" \/>\n<link rel=\"canonical\" href=\"https:\/\/www.metrica.it\/fr\/produit\/metrica-xl-33\/\" \/>\n<meta property=\"og:locale\" content=\"fr_FR\" \/>\n<meta property=\"og:type\" content=\"article\" \/>\n<meta property=\"og:title\" content=\"Metrica Xl 33 | M\u00e8tres \u00e0 Ruban | Mesures de Longueur - Metrica\" \/>\n<meta property=\"og:description\" content=\"D\u00e9couvrez la collection de produits., Metrica Xl 33 - M\u00e8tres \u00e0 Ruban.Nastro largo 33 mm rivestito in nylon,Lunga durata, antiabrasione, antiacido e antiriflesso,Rigidit\u00e0 eccezionale: sino . Consultez le catalogue sur le site officiel de Metrica\" \/>\n<meta property=\"og:url\" content=\"https:\/\/www.metrica.it\/fr\/produit\/metrica-xl-33\/\" \/>\n<meta property=\"og:site_name\" content=\"Metrica\" \/>\n<meta property=\"article:modified_time\" content=\"2025-06-23T07:26:17+00:00\" \/>\n<meta property=\"og:image\" content=\"https:\/\/www.metrica.it\/wp-content\/uploads\/2024\/05\/08755_5.jpg\" \/>\n\t<meta property=\"og:image:width\" content=\"1200\" \/>\n\t<meta property=\"og:image:height\" content=\"1200\" \/>\n\t<meta property=\"og:image:type\" content=\"image\/jpeg\" \/>\n<meta name=\"twitter:card\" content=\"summary_large_image\" \/>\n<meta name=\"twitter:label1\" content=\"Dur\u00e9e de lecture estim\u00e9e\" \/>\n\t<meta name=\"twitter:data1\" content=\"1 minute\" \/>\n<script type=\"application\/ld+json\" class=\"yoast-schema-graph\">{\"@context\":\"https:\\\/\\\/schema.org\",\"@graph\":[{\"@type\":\"WebPage\",\"@id\":\"https:\\\/\\\/www.metrica.it\\\/fr\\\/produit\\\/metrica-xl-33\\\/\",\"url\":\"https:\\\/\\\/www.metrica.it\\\/fr\\\/produit\\\/metrica-xl-33\\\/\",\"name\":\"Metrica Xl 33 | M\u00e8tres \u00e0 Ruban | Mesures de Longueur - Metrica\",\"isPartOf\":{\"@id\":\"https:\\\/\\\/www.metrica.it\\\/fr\\\/#website\"},\"primaryImageOfPage\":{\"@id\":\"https:\\\/\\\/www.metrica.it\\\/fr\\\/produit\\\/metrica-xl-33\\\/#primaryimage\"},\"image\":{\"@id\":\"https:\\\/\\\/www.metrica.it\\\/fr\\\/produit\\\/metrica-xl-33\\\/#primaryimage\"},\"thumbnailUrl\":\"https:\\\/\\\/www.metrica.it\\\/wp-content\\\/uploads\\\/2024\\\/05\\\/08755_5.jpg\",\"datePublished\":\"2024-09-16T10:51:40+00:00\",\"dateModified\":\"2025-06-23T07:26:17+00:00\",\"description\":\"D\u00e9couvrez la collection de produits., Metrica Xl 33 - M\u00e8tres \u00e0 Ruban.Nastro largo 33 mm rivestito in nylon,Lunga durata, antiabrasione, antiacido e antiriflesso,Rigidit\u00e0 eccezionale: sino . Consultez le catalogue sur le site officiel de Metrica\",\"breadcrumb\":{\"@id\":\"https:\\\/\\\/www.metrica.it\\\/fr\\\/produit\\\/metrica-xl-33\\\/#breadcrumb\"},\"inLanguage\":\"fr-FR\",\"potentialAction\":[{\"@type\":\"ReadAction\",\"target\":[\"https:\\\/\\\/www.metrica.it\\\/fr\\\/produit\\\/metrica-xl-33\\\/\"]}]},{\"@type\":\"ImageObject\",\"inLanguage\":\"fr-FR\",\"@id\":\"https:\\\/\\\/www.metrica.it\\\/fr\\\/produit\\\/metrica-xl-33\\\/#primaryimage\",\"url\":\"https:\\\/\\\/www.metrica.it\\\/wp-content\\\/uploads\\\/2024\\\/05\\\/08755_5.jpg\",\"contentUrl\":\"https:\\\/\\\/www.metrica.it\\\/wp-content\\\/uploads\\\/2024\\\/05\\\/08755_5.jpg\",\"width\":1200,\"height\":1200},{\"@type\":\"BreadcrumbList\",\"@id\":\"https:\\\/\\\/www.metrica.it\\\/fr\\\/produit\\\/metrica-xl-33\\\/#breadcrumb\",\"itemListElement\":[{\"@type\":\"ListItem\",\"position\":1,\"name\":\"Home\",\"item\":\"https:\\\/\\\/www.metrica.it\\\/fr\\\/\"},{\"@type\":\"ListItem\",\"position\":2,\"name\":\"Catalogue\",\"item\":\"https:\\\/\\\/www.metrica.it\\\/fr\\\/catalogue\\\/\"},{\"@type\":\"ListItem\",\"position\":3,\"name\":\"Metrica Xl 33\"}]},{\"@type\":\"WebSite\",\"@id\":\"https:\\\/\\\/www.metrica.it\\\/fr\\\/#website\",\"url\":\"https:\\\/\\\/www.metrica.it\\\/fr\\\/\",\"name\":\"Metrica\",\"description\":\"Made to measure\",\"potentialAction\":[{\"@type\":\"SearchAction\",\"target\":{\"@type\":\"EntryPoint\",\"urlTemplate\":\"https:\\\/\\\/www.metrica.it\\\/fr\\\/?s={search_term_string}\"},\"query-input\":{\"@type\":\"PropertyValueSpecification\",\"valueRequired\":true,\"valueName\":\"search_term_string\"}}],\"inLanguage\":\"fr-FR\"}]}<\/script>","yoast_head_json":{"title":"Metrica Xl 33 | M\u00e8tres \u00e0 Ruban | Mesures de Longueur - Metrica","description":"D\u00e9couvrez la collection de produits., Metrica Xl 33 - M\u00e8tres \u00e0 Ruban.Nastro largo 33 mm rivestito in nylon,Lunga durata, antiabrasione, antiacido e antiriflesso,Rigidit\u00e0 eccezionale: sino . Consultez le catalogue sur le site officiel de Metrica","robots":{"index":"index","follow":"follow","max-snippet":"max-snippet:-1","max-image-preview":"max-image-preview:large","max-video-preview":"max-video-preview:-1"},"canonical":"https:\/\/www.metrica.it\/fr\/produit\/metrica-xl-33\/","og_locale":"fr_FR","og_type":"article","og_title":"Metrica Xl 33 | M\u00e8tres \u00e0 Ruban | Mesures de Longueur - Metrica","og_description":"D\u00e9couvrez la collection de produits., Metrica Xl 33 - M\u00e8tres \u00e0 Ruban.Nastro largo 33 mm rivestito in nylon,Lunga durata, antiabrasione, antiacido e antiriflesso,Rigidit\u00e0 eccezionale: sino . Consultez le catalogue sur le site officiel de Metrica","og_url":"https:\/\/www.metrica.it\/fr\/produit\/metrica-xl-33\/","og_site_name":"Metrica","article_modified_time":"2025-06-23T07:26:17+00:00","og_image":[{"width":1200,"height":1200,"url":"https:\/\/www.metrica.it\/wp-content\/uploads\/2024\/05\/08755_5.jpg","type":"image\/jpeg"}],"twitter_card":"summary_large_image","twitter_misc":{"Dur\u00e9e de lecture estim\u00e9e":"1 minute"},"schema":{"@context":"https:\/\/schema.org","@graph":[{"@type":"WebPage","@id":"https:\/\/www.metrica.it\/fr\/produit\/metrica-xl-33\/","url":"https:\/\/www.metrica.it\/fr\/produit\/metrica-xl-33\/","name":"Metrica Xl 33 | M\u00e8tres \u00e0 Ruban | Mesures de Longueur - Metrica","isPartOf":{"@id":"https:\/\/www.metrica.it\/fr\/#website"},"primaryImageOfPage":{"@id":"https:\/\/www.metrica.it\/fr\/produit\/metrica-xl-33\/#primaryimage"},"image":{"@id":"https:\/\/www.metrica.it\/fr\/produit\/metrica-xl-33\/#primaryimage"},"thumbnailUrl":"https:\/\/www.metrica.it\/wp-content\/uploads\/2024\/05\/08755_5.jpg","datePublished":"2024-09-16T10:51:40+00:00","dateModified":"2025-06-23T07:26:17+00:00","description":"D\u00e9couvrez la collection de produits., Metrica Xl 33 - M\u00e8tres \u00e0 Ruban.Nastro largo 33 mm rivestito in nylon,Lunga durata, antiabrasione, antiacido e antiriflesso,Rigidit\u00e0 eccezionale: sino . Consultez le catalogue sur le site officiel de Metrica","breadcrumb":{"@id":"https:\/\/www.metrica.it\/fr\/produit\/metrica-xl-33\/#breadcrumb"},"inLanguage":"fr-FR","potentialAction":[{"@type":"ReadAction","target":["https:\/\/www.metrica.it\/fr\/produit\/metrica-xl-33\/"]}]},{"@type":"ImageObject","inLanguage":"fr-FR","@id":"https:\/\/www.metrica.it\/fr\/produit\/metrica-xl-33\/#primaryimage","url":"https:\/\/www.metrica.it\/wp-content\/uploads\/2024\/05\/08755_5.jpg","contentUrl":"https:\/\/www.metrica.it\/wp-content\/uploads\/2024\/05\/08755_5.jpg","width":1200,"height":1200},{"@type":"BreadcrumbList","@id":"https:\/\/www.metrica.it\/fr\/produit\/metrica-xl-33\/#breadcrumb","itemListElement":[{"@type":"ListItem","position":1,"name":"Home","item":"https:\/\/www.metrica.it\/fr\/"},{"@type":"ListItem","position":2,"name":"Catalogue","item":"https:\/\/www.metrica.it\/fr\/catalogue\/"},{"@type":"ListItem","position":3,"name":"Metrica Xl 33"}]},{"@type":"WebSite","@id":"https:\/\/www.metrica.it\/fr\/#website","url":"https:\/\/www.metrica.it\/fr\/","name":"Metrica","description":"Made to measure","potentialAction":[{"@type":"SearchAction","target":{"@type":"EntryPoint","urlTemplate":"https:\/\/www.metrica.it\/fr\/?s={search_term_string}"},"query-input":{"@type":"PropertyValueSpecification","valueRequired":true,"valueName":"search_term_string"}}],"inLanguage":"fr-FR"}]}},"meta_box":{"awr_documentation":[],"awr_manuale":[],"awr_scheda_tecnica":"","awr_youtube_video":"","awr_classe_prodotto":"CE_2","awr_customize_product":"0","awr_custom_image":false,"awr_related_products":[{"awr_product_name":"Metrica Xl 33","awr_product_references":"ref:08755|ean:8001066087556|l:5 m|larghezza:33 mm|unit_misura:mm|b_mm:70|num_pz_gdo:6"},{"awr_product_name":"Metrica Xl 33","awr_product_references":"ref:08758|ean:8001066087587|l:8 m|larghezza:33 mm|unit_misura:mm|b_mm:80|num_pz_gdo:6"}],"awr_consumabili":"","awr_alternativi":"","awr_aliases":"08755,08758","awr_skuid":"08755-it"},"_links":{"self":[{"href":"https:\/\/www.metrica.it\/fr\/wp-json\/wp\/v2\/product\/143218","targetHints":{"allow":["GET"]}}],"collection":[{"href":"https:\/\/www.metrica.it\/fr\/wp-json\/wp\/v2\/product"}],"about":[{"href":"https:\/\/www.metrica.it\/fr\/wp-json\/wp\/v2\/types\/product"}],"wp:featuredmedia":[{"embeddable":true,"href":"https:\/\/www.metrica.it\/fr\/wp-json\/wp\/v2\/media\/117788"}],"wp:attachment":[{"href":"https:\/\/www.metrica.it\/fr\/wp-json\/wp\/v2\/media?parent=143218"}],"wp:term":[{"taxonomy":"product_cat","embeddable":true,"href":"https:\/\/www.metrica.it\/fr\/wp-json\/wp\/v2\/product_cat?post=143218"},{"taxonomy":"product_tag","embeddable":true,"href":"https:\/\/www.metrica.it\/fr\/wp-json\/wp\/v2\/product_tag?post=143218"}],"curies":[{"name":"wp","href":"https:\/\/api.w.org\/{rel}","templated":true}]}}