{"id":143289,"date":"2024-09-16T12:51:02","date_gmt":"2024-09-16T10:51:02","guid":{"rendered":"https:\/\/www.metrica.it\/prodotto\/metrica-action-chromed-4\/"},"modified":"2024-09-16T21:43:25","modified_gmt":"2024-09-16T19:43:25","slug":"metrica-action-chromed","status":"publish","type":"product","link":"https:\/\/www.metrica.it\/fr\/produit\/metrica-action-chromed\/","title":{"rendered":"Metrica Action Chromed"},"content":{"rendered":"<ul>\n<li>Ruban autobloquant en toute position<\/li>\n<li>2 boutons de rel\u00e2chement A, C<\/li>\n<li>Aimant fi xe brevet\u00e9 au fil du ruban. Il permet d&rsquo;\u00e9liminar l&rsquo;erreur commune aux m\u00e8tres \u00e0 ruban avec aimant sur le crochet<\/li>\n<li>Ruban rev\u00eatu en nylon anti-brasion, anti-acide et anti-reflet<\/li>\n<li>Bo\u00eetier chrom\u00e9 avec gaine anti-glisse<\/li>\n<li>Clip et dragonne<\/li>\n<li>Double graduation:<\/li>\n<li>&#8211; recto: num\u00e9ration en horizontal<\/li>\n<li>&#8211; verso: num\u00e9ration en vertical<\/li>\n<\/ul>\n","protected":false},"excerpt":{"rendered":"<p>Ruban autobloquant en toute position<br \/>2 boutons de rel\u00e2chement A, C<br \/>Aimant fi xe brevet\u00e9 au fil du ruban. Il permet d&apos;\u00e9liminar l&apos;erreur commune aux m\u00e8tres \u00e0 ruban avec aimant sur le crochet<br \/>Ruban rev\u00eatu en nylon anti-brasion, anti-acide et anti-reflet<br \/>Bo\u00eetier chrom\u00e9 avec gaine anti-glisse<br \/>Clip et dragonne<br \/>Double graduation:<br \/>&#8211; recto: num\u00e9ration en horizontal<br \/>&#8211; verso: num\u00e9ration en vertical<\/p>\n","protected":false},"featured_media":120617,"template":"","meta":[],"product_cat":[49,590],"product_tag":[],"class_list":{"0":"post-143289","1":"product","2":"type-product","3":"status-publish","4":"has-post-thumbnail","6":"product_cat-mesures-de-longueur","7":"product_cat-metres-a-ruban","9":"first","10":"instock","11":"featured","12":"sold-individually","13":"product-type-simple"},"yoast_head":"<title>Metrica Action Chromed | M\u00e8tres \u00e0 Ruban | Mesures de Longueur - Metrica<\/title>\n<meta name=\"description\" content=\"D\u00e9couvrez la collection de produits., Metrica Action Chromed - M\u00e8tres \u00e0 Ruban.,Nastro autobloccante in ogni posizione,2 bottoni di rilascio A, C . Consultez le catalogue sur le site officiel de Metrica\" \/>\n<meta name=\"robots\" content=\"index, follow, max-snippet:-1, max-image-preview:large, max-video-preview:-1\" \/>\n<link rel=\"canonical\" href=\"https:\/\/www.metrica.it\/fr\/produit\/metrica-action-chromed\/\" \/>\n<meta property=\"og:locale\" content=\"fr_FR\" \/>\n<meta property=\"og:type\" content=\"article\" \/>\n<meta property=\"og:title\" content=\"Metrica Action Chromed | M\u00e8tres \u00e0 Ruban | Mesures de Longueur - Metrica\" \/>\n<meta property=\"og:description\" content=\"D\u00e9couvrez la collection de produits., Metrica Action Chromed - M\u00e8tres \u00e0 Ruban.,Nastro autobloccante in ogni posizione,2 bottoni di rilascio A, C . Consultez le catalogue sur le site officiel de Metrica\" \/>\n<meta property=\"og:url\" content=\"https:\/\/www.metrica.it\/fr\/produit\/metrica-action-chromed\/\" \/>\n<meta property=\"og:site_name\" content=\"Metrica\" \/>\n<meta property=\"article:modified_time\" content=\"2024-09-16T19:43:25+00:00\" \/>\n<meta property=\"og:image\" content=\"https:\/\/www.metrica.it\/wp-content\/uploads\/2024\/05\/38215_ita_1.jpg\" \/>\n\t<meta property=\"og:image:width\" content=\"800\" \/>\n\t<meta property=\"og:image:height\" content=\"800\" \/>\n\t<meta property=\"og:image:type\" content=\"image\/jpeg\" \/>\n<meta name=\"twitter:card\" content=\"summary_large_image\" \/>\n<script type=\"application\/ld+json\" class=\"yoast-schema-graph\">{\"@context\":\"https:\\\/\\\/schema.org\",\"@graph\":[{\"@type\":\"WebPage\",\"@id\":\"https:\\\/\\\/www.metrica.it\\\/fr\\\/produit\\\/metrica-action-chromed\\\/\",\"url\":\"https:\\\/\\\/www.metrica.it\\\/fr\\\/produit\\\/metrica-action-chromed\\\/\",\"name\":\"Metrica Action Chromed | M\u00e8tres \u00e0 Ruban | Mesures de Longueur - Metrica\",\"isPartOf\":{\"@id\":\"https:\\\/\\\/www.metrica.it\\\/fr\\\/#website\"},\"primaryImageOfPage\":{\"@id\":\"https:\\\/\\\/www.metrica.it\\\/fr\\\/produit\\\/metrica-action-chromed\\\/#primaryimage\"},\"image\":{\"@id\":\"https:\\\/\\\/www.metrica.it\\\/fr\\\/produit\\\/metrica-action-chromed\\\/#primaryimage\"},\"thumbnailUrl\":\"https:\\\/\\\/www.metrica.it\\\/wp-content\\\/uploads\\\/2024\\\/05\\\/38215_ita_1.jpg\",\"datePublished\":\"2024-09-16T10:51:02+00:00\",\"dateModified\":\"2024-09-16T19:43:25+00:00\",\"description\":\"D\u00e9couvrez la collection de produits., Metrica Action Chromed - M\u00e8tres \u00e0 Ruban.,Nastro autobloccante in ogni posizione,2 bottoni di rilascio A, C . Consultez le catalogue sur le site officiel de Metrica\",\"breadcrumb\":{\"@id\":\"https:\\\/\\\/www.metrica.it\\\/fr\\\/produit\\\/metrica-action-chromed\\\/#breadcrumb\"},\"inLanguage\":\"fr-FR\",\"potentialAction\":[{\"@type\":\"ReadAction\",\"target\":[\"https:\\\/\\\/www.metrica.it\\\/fr\\\/produit\\\/metrica-action-chromed\\\/\"]}]},{\"@type\":\"ImageObject\",\"inLanguage\":\"fr-FR\",\"@id\":\"https:\\\/\\\/www.metrica.it\\\/fr\\\/produit\\\/metrica-action-chromed\\\/#primaryimage\",\"url\":\"https:\\\/\\\/www.metrica.it\\\/wp-content\\\/uploads\\\/2024\\\/05\\\/38215_ita_1.jpg\",\"contentUrl\":\"https:\\\/\\\/www.metrica.it\\\/wp-content\\\/uploads\\\/2024\\\/05\\\/38215_ita_1.jpg\",\"width\":800,\"height\":800},{\"@type\":\"BreadcrumbList\",\"@id\":\"https:\\\/\\\/www.metrica.it\\\/fr\\\/produit\\\/metrica-action-chromed\\\/#breadcrumb\",\"itemListElement\":[{\"@type\":\"ListItem\",\"position\":1,\"name\":\"Home\",\"item\":\"https:\\\/\\\/www.metrica.it\\\/fr\\\/\"},{\"@type\":\"ListItem\",\"position\":2,\"name\":\"Catalogue\",\"item\":\"https:\\\/\\\/www.metrica.it\\\/fr\\\/catalogue\\\/\"},{\"@type\":\"ListItem\",\"position\":3,\"name\":\"Metrica Action Chromed\"}]},{\"@type\":\"WebSite\",\"@id\":\"https:\\\/\\\/www.metrica.it\\\/fr\\\/#website\",\"url\":\"https:\\\/\\\/www.metrica.it\\\/fr\\\/\",\"name\":\"Metrica\",\"description\":\"Made to measure\",\"potentialAction\":[{\"@type\":\"SearchAction\",\"target\":{\"@type\":\"EntryPoint\",\"urlTemplate\":\"https:\\\/\\\/www.metrica.it\\\/fr\\\/?s={search_term_string}\"},\"query-input\":{\"@type\":\"PropertyValueSpecification\",\"valueRequired\":true,\"valueName\":\"search_term_string\"}}],\"inLanguage\":\"fr-FR\"}]}<\/script>","yoast_head_json":{"title":"Metrica Action Chromed | M\u00e8tres \u00e0 Ruban | Mesures de Longueur - Metrica","description":"D\u00e9couvrez la collection de produits., Metrica Action Chromed - M\u00e8tres \u00e0 Ruban.,Nastro autobloccante in ogni posizione,2 bottoni di rilascio A, C . Consultez le catalogue sur le site officiel de Metrica","robots":{"index":"index","follow":"follow","max-snippet":"max-snippet:-1","max-image-preview":"max-image-preview:large","max-video-preview":"max-video-preview:-1"},"canonical":"https:\/\/www.metrica.it\/fr\/produit\/metrica-action-chromed\/","og_locale":"fr_FR","og_type":"article","og_title":"Metrica Action Chromed | M\u00e8tres \u00e0 Ruban | Mesures de Longueur - Metrica","og_description":"D\u00e9couvrez la collection de produits., Metrica Action Chromed - M\u00e8tres \u00e0 Ruban.,Nastro autobloccante in ogni posizione,2 bottoni di rilascio A, C . Consultez le catalogue sur le site officiel de Metrica","og_url":"https:\/\/www.metrica.it\/fr\/produit\/metrica-action-chromed\/","og_site_name":"Metrica","article_modified_time":"2024-09-16T19:43:25+00:00","og_image":[{"width":800,"height":800,"url":"https:\/\/www.metrica.it\/wp-content\/uploads\/2024\/05\/38215_ita_1.jpg","type":"image\/jpeg"}],"twitter_card":"summary_large_image","schema":{"@context":"https:\/\/schema.org","@graph":[{"@type":"WebPage","@id":"https:\/\/www.metrica.it\/fr\/produit\/metrica-action-chromed\/","url":"https:\/\/www.metrica.it\/fr\/produit\/metrica-action-chromed\/","name":"Metrica Action Chromed | M\u00e8tres \u00e0 Ruban | Mesures de Longueur - Metrica","isPartOf":{"@id":"https:\/\/www.metrica.it\/fr\/#website"},"primaryImageOfPage":{"@id":"https:\/\/www.metrica.it\/fr\/produit\/metrica-action-chromed\/#primaryimage"},"image":{"@id":"https:\/\/www.metrica.it\/fr\/produit\/metrica-action-chromed\/#primaryimage"},"thumbnailUrl":"https:\/\/www.metrica.it\/wp-content\/uploads\/2024\/05\/38215_ita_1.jpg","datePublished":"2024-09-16T10:51:02+00:00","dateModified":"2024-09-16T19:43:25+00:00","description":"D\u00e9couvrez la collection de produits., Metrica Action Chromed - M\u00e8tres \u00e0 Ruban.,Nastro autobloccante in ogni posizione,2 bottoni di rilascio A, C . Consultez le catalogue sur le site officiel de Metrica","breadcrumb":{"@id":"https:\/\/www.metrica.it\/fr\/produit\/metrica-action-chromed\/#breadcrumb"},"inLanguage":"fr-FR","potentialAction":[{"@type":"ReadAction","target":["https:\/\/www.metrica.it\/fr\/produit\/metrica-action-chromed\/"]}]},{"@type":"ImageObject","inLanguage":"fr-FR","@id":"https:\/\/www.metrica.it\/fr\/produit\/metrica-action-chromed\/#primaryimage","url":"https:\/\/www.metrica.it\/wp-content\/uploads\/2024\/05\/38215_ita_1.jpg","contentUrl":"https:\/\/www.metrica.it\/wp-content\/uploads\/2024\/05\/38215_ita_1.jpg","width":800,"height":800},{"@type":"BreadcrumbList","@id":"https:\/\/www.metrica.it\/fr\/produit\/metrica-action-chromed\/#breadcrumb","itemListElement":[{"@type":"ListItem","position":1,"name":"Home","item":"https:\/\/www.metrica.it\/fr\/"},{"@type":"ListItem","position":2,"name":"Catalogue","item":"https:\/\/www.metrica.it\/fr\/catalogue\/"},{"@type":"ListItem","position":3,"name":"Metrica Action Chromed"}]},{"@type":"WebSite","@id":"https:\/\/www.metrica.it\/fr\/#website","url":"https:\/\/www.metrica.it\/fr\/","name":"Metrica","description":"Made to measure","potentialAction":[{"@type":"SearchAction","target":{"@type":"EntryPoint","urlTemplate":"https:\/\/www.metrica.it\/fr\/?s={search_term_string}"},"query-input":{"@type":"PropertyValueSpecification","valueRequired":true,"valueName":"search_term_string"}}],"inLanguage":"fr-FR"}]}},"meta_box":{"awr_documentation":[],"awr_manuale":[],"awr_scheda_tecnica":"","awr_youtube_video":"https:\/\/www.youtube.com\/embed\/cU2GgxB2AWQ","awr_classe_prodotto":"CE_2","awr_customize_product":"1","awr_custom_image":{"width":96,"height":96,"file":"2024\/05\/98435.jpg","filesize":442797,"sizes":{"dgwt-wcas-product-suggestion":{"file":"98435-64x64.jpg","width":64,"height":64,"mime-type":"image\/jpeg","filesize":2040,"url":"https:\/\/www.metrica.it\/wp-content\/uploads\/2024\/05\/98435-64x64.jpg"},"hongo-product-icon-image":{"file":"98435-64x64.jpg","width":64,"height":64,"mime-type":"image\/jpeg","filesize":2040,"url":"https:\/\/www.metrica.it\/wp-content\/uploads\/2024\/05\/98435-64x64.jpg"},"hongo-product-small-image":{"file":"98435-84x84.jpg","width":84,"height":84,"mime-type":"image\/jpeg","filesize":2694,"url":"https:\/\/www.metrica.it\/wp-content\/uploads\/2024\/05\/98435-84x84.jpg"},"hongo-medium-image":{"file":"98435-450x450.jpg","width":450,"height":450,"mime-type":"image\/jpeg","filesize":24416,"url":"https:\/\/www.metrica.it\/wp-content\/uploads\/2024\/05\/98435-450x450.jpg"},"post-thumbnail":{"file":"98435-790x790.jpg","width":790,"height":790,"mime-type":"image\/jpeg","filesize":55090,"url":"https:\/\/www.metrica.it\/wp-content\/uploads\/2024\/05\/98435-790x790.jpg"},"hongo-shop-image":{"file":"98435-660x660.jpg","width":660,"height":660,"mime-type":"image\/jpeg","filesize":42313,"url":"https:\/\/www.metrica.it\/wp-content\/uploads\/2024\/05\/98435-660x660.jpg"}},"image_meta":{"aperture":"0","credit":"","camera":"","caption":"","created_timestamp":"0","copyright":"","focal_length":"0","iso":"0","shutter_speed":"0","title":"","orientation":"1","keywords":[]},"ID":"120612","name":"98435.jpg","path":"\/var\/www\/html\/wp-content\/uploads\/2024\/05\/98435.jpg","url":"https:\/\/www.metrica.it\/wp-content\/uploads\/2024\/05\/98435.jpg","full_url":"https:\/\/www.metrica.it\/wp-content\/uploads\/2024\/05\/98435.jpg","title":"98435.jpg","caption":"","description":"","alt":"","srcset":"https:\/\/www.metrica.it\/wp-content\/uploads\/2024\/05\/98435.jpg 800w, https:\/\/www.metrica.it\/wp-content\/uploads\/2024\/05\/98435-64x64.jpg 64w, https:\/\/www.metrica.it\/wp-content\/uploads\/2024\/05\/98435-84x84.jpg 84w, https:\/\/www.metrica.it\/wp-content\/uploads\/2024\/05\/98435-450x450.jpg 450w, https:\/\/www.metrica.it\/wp-content\/uploads\/2024\/05\/98435-790x790.jpg 790w, https:\/\/www.metrica.it\/wp-content\/uploads\/2024\/05\/98435-660x660.jpg 660w"},"awr_related_products":[{"awr_product_name":"Fl.gom.3m 16mm Autob.c\/magn","awr_product_references":"ref:08212|ean:8001066082124|l:3 m|larghezza:16 mm|unit_misura:mm|b_mm:73|num_pz_gdo:6"},{"awr_product_name":"Fl.gom.5m 19mm Aut.c\/magn","awr_product_references":"ref:08214|ean:8001066082155|l:5 m|larghezza:19 mm|unit_misura:mm|b_mm:83|num_pz_gdo:6"},{"awr_product_name":"Metrica Action Chromed","awr_product_references":"ref:08215|ean:8001066082155|l:5 m|larghezza:25 mm|unit_misura:mm|b_mm:83|num_pz_gdo:6"},{"awr_product_name":"Metrica Action Chromed","awr_product_references":"ref:08218|ean:8001066082186|l:8 m|larghezza:25 mm|unit_misura:mm|b_mm:94|num_pz_gdo:6"},{"awr_product_name":"Fl.gom.3m 16mm Autob.c\/magn","awr_product_references":"ref:38212|ean:8001066382125|l:3 m|larghezza:16 mm|unit_misura:mm|b_mm:73|pack:6"},{"awr_product_name":"Fl.gom.5m 19mm Aut.c\/magn","awr_product_references":"ref:38214|ean:8001066382149|l:5 m|larghezza:19 mm|unit_misura:mm|b_mm:83|pack:6"},{"awr_product_name":"Metrica Action Chromed","awr_product_references":"ref:38215|ean:8001066382156|l:5 m|larghezza:25 mm|unit_misura:mm|b_mm:83|pack:6"},{"awr_product_name":"Metrica Action Chromed","awr_product_references":"ref:38218|ean:8001066382187|l:8 m|larghezza:25 mm|unit_misura:mm|b_mm:94|pack:6"}],"awr_consumabili":"","awr_alternativi":"","awr_aliases":"08212,08214,08215,08218,38212,38214,38215,38218","awr_skuid":"38215-it"},"_links":{"self":[{"href":"https:\/\/www.metrica.it\/fr\/wp-json\/wp\/v2\/product\/143289","targetHints":{"allow":["GET"]}}],"collection":[{"href":"https:\/\/www.metrica.it\/fr\/wp-json\/wp\/v2\/product"}],"about":[{"href":"https:\/\/www.metrica.it\/fr\/wp-json\/wp\/v2\/types\/product"}],"wp:featuredmedia":[{"embeddable":true,"href":"https:\/\/www.metrica.it\/fr\/wp-json\/wp\/v2\/media\/120617"}],"wp:attachment":[{"href":"https:\/\/www.metrica.it\/fr\/wp-json\/wp\/v2\/media?parent=143289"}],"wp:term":[{"taxonomy":"product_cat","embeddable":true,"href":"https:\/\/www.metrica.it\/fr\/wp-json\/wp\/v2\/product_cat?post=143289"},{"taxonomy":"product_tag","embeddable":true,"href":"https:\/\/www.metrica.it\/fr\/wp-json\/wp\/v2\/product_tag?post=143289"}],"curies":[{"name":"wp","href":"https:\/\/api.w.org\/{rel}","templated":true}]}}