{"id":143304,"date":"2024-09-16T12:20:37","date_gmt":"2024-09-16T10:20:37","guid":{"rendered":"https:\/\/www.metrica.it\/prodotto\/coupe-verre-a-huile\/"},"modified":"2024-09-16T21:09:23","modified_gmt":"2024-09-16T19:09:23","slug":"coupe-verre-a-huile","status":"publish","type":"product","link":"https:\/\/www.metrica.it\/fr\/produit\/coupe-verre-a-huile\/","title":{"rendered":"Coupe-verre \u00c0 Huile"},"content":{"rendered":"<ul>\n<li>Coupe-verre original Silberschnitt \u00e0 base de huile (R\u00e9f. 4000.0)<\/li>\n<li>T\u00eate large et pivotante<\/li>\n<li>Manche en laiton<\/li>\n<\/ul>\n","protected":false},"excerpt":{"rendered":"<p>Coupe-verre original Silberschnitt \u00e0 base de huile (R\u00e9f. 4000.0)<br \/>T\u00eate large et pivotante<br \/>Manche en laiton<\/p>\n","protected":false},"featured_media":119289,"template":"","meta":[],"product_cat":[673,697],"product_tag":[],"class_list":{"0":"post-143304","1":"product","2":"type-product","3":"status-publish","4":"has-post-thumbnail","6":"product_cat-decoupe","7":"product_cat-regles-et-equerrers-pour-vitriers","9":"first","10":"instock","11":"sold-individually","12":"product-type-simple"},"yoast_head":"<title>Tagliavetro Ad Olio | R\u00e8gles et \u00c9querrers pour Vitriers | D\u00e9coupe - Metrica<\/title>\n<meta name=\"description\" content=\"D\u00e9couvrez la collection de produits., Tagliavetro Ad Olio - R\u00e8gles et \u00c9querrers pour Vitriers.Tagliavetro ad olio originale Silberschnitt (mod. 4000.0),Testina di taglio larga e girevole,Manico i . Consultez le catalogue sur le site officiel de Metrica\" \/>\n<meta name=\"robots\" content=\"index, follow, max-snippet:-1, max-image-preview:large, max-video-preview:-1\" \/>\n<link rel=\"canonical\" href=\"https:\/\/www.metrica.it\/fr\/produit\/coupe-verre-a-huile\/\" \/>\n<meta property=\"og:locale\" content=\"fr_FR\" \/>\n<meta property=\"og:type\" content=\"article\" \/>\n<meta property=\"og:title\" content=\"Tagliavetro Ad Olio | R\u00e8gles et \u00c9querrers pour Vitriers | D\u00e9coupe - Metrica\" \/>\n<meta property=\"og:description\" content=\"D\u00e9couvrez la collection de produits., Tagliavetro Ad Olio - R\u00e8gles et \u00c9querrers pour Vitriers.Tagliavetro ad olio originale Silberschnitt (mod. 4000.0),Testina di taglio larga e girevole,Manico i . Consultez le catalogue sur le site officiel de Metrica\" \/>\n<meta property=\"og:url\" content=\"https:\/\/www.metrica.it\/fr\/produit\/coupe-verre-a-huile\/\" \/>\n<meta property=\"og:site_name\" content=\"Metrica\" \/>\n<meta property=\"article:modified_time\" content=\"2024-09-16T19:09:23+00:00\" \/>\n<meta property=\"og:image\" content=\"https:\/\/www.metrica.it\/wp-content\/uploads\/2024\/05\/50505.jpg\" \/>\n\t<meta property=\"og:image:width\" content=\"800\" \/>\n\t<meta property=\"og:image:height\" content=\"800\" \/>\n\t<meta property=\"og:image:type\" content=\"image\/jpeg\" \/>\n<meta name=\"twitter:card\" content=\"summary_large_image\" \/>\n<script type=\"application\/ld+json\" class=\"yoast-schema-graph\">{\"@context\":\"https:\\\/\\\/schema.org\",\"@graph\":[{\"@type\":\"WebPage\",\"@id\":\"https:\\\/\\\/www.metrica.it\\\/fr\\\/produit\\\/coupe-verre-a-huile\\\/\",\"url\":\"https:\\\/\\\/www.metrica.it\\\/fr\\\/produit\\\/coupe-verre-a-huile\\\/\",\"name\":\"Tagliavetro Ad Olio | R\u00e8gles et \u00c9querrers pour Vitriers | D\u00e9coupe - Metrica\",\"isPartOf\":{\"@id\":\"https:\\\/\\\/www.metrica.it\\\/fr\\\/#website\"},\"primaryImageOfPage\":{\"@id\":\"https:\\\/\\\/www.metrica.it\\\/fr\\\/produit\\\/coupe-verre-a-huile\\\/#primaryimage\"},\"image\":{\"@id\":\"https:\\\/\\\/www.metrica.it\\\/fr\\\/produit\\\/coupe-verre-a-huile\\\/#primaryimage\"},\"thumbnailUrl\":\"https:\\\/\\\/www.metrica.it\\\/wp-content\\\/uploads\\\/2024\\\/05\\\/50505.jpg\",\"datePublished\":\"2024-09-16T10:20:37+00:00\",\"dateModified\":\"2024-09-16T19:09:23+00:00\",\"description\":\"D\u00e9couvrez la collection de produits., Tagliavetro Ad Olio - R\u00e8gles et \u00c9querrers pour Vitriers.Tagliavetro ad olio originale Silberschnitt (mod. 4000.0),Testina di taglio larga e girevole,Manico i . Consultez le catalogue sur le site officiel de Metrica\",\"breadcrumb\":{\"@id\":\"https:\\\/\\\/www.metrica.it\\\/fr\\\/produit\\\/coupe-verre-a-huile\\\/#breadcrumb\"},\"inLanguage\":\"fr-FR\",\"potentialAction\":[{\"@type\":\"ReadAction\",\"target\":[\"https:\\\/\\\/www.metrica.it\\\/fr\\\/produit\\\/coupe-verre-a-huile\\\/\"]}]},{\"@type\":\"ImageObject\",\"inLanguage\":\"fr-FR\",\"@id\":\"https:\\\/\\\/www.metrica.it\\\/fr\\\/produit\\\/coupe-verre-a-huile\\\/#primaryimage\",\"url\":\"https:\\\/\\\/www.metrica.it\\\/wp-content\\\/uploads\\\/2024\\\/05\\\/50505.jpg\",\"contentUrl\":\"https:\\\/\\\/www.metrica.it\\\/wp-content\\\/uploads\\\/2024\\\/05\\\/50505.jpg\",\"width\":800,\"height\":800},{\"@type\":\"BreadcrumbList\",\"@id\":\"https:\\\/\\\/www.metrica.it\\\/fr\\\/produit\\\/coupe-verre-a-huile\\\/#breadcrumb\",\"itemListElement\":[{\"@type\":\"ListItem\",\"position\":1,\"name\":\"Home\",\"item\":\"https:\\\/\\\/www.metrica.it\\\/fr\\\/\"},{\"@type\":\"ListItem\",\"position\":2,\"name\":\"Catalogue\",\"item\":\"https:\\\/\\\/www.metrica.it\\\/fr\\\/catalogue\\\/\"},{\"@type\":\"ListItem\",\"position\":3,\"name\":\"Coupe-verre \u00c0 Huile\"}]},{\"@type\":\"WebSite\",\"@id\":\"https:\\\/\\\/www.metrica.it\\\/fr\\\/#website\",\"url\":\"https:\\\/\\\/www.metrica.it\\\/fr\\\/\",\"name\":\"Metrica\",\"description\":\"Made to measure\",\"potentialAction\":[{\"@type\":\"SearchAction\",\"target\":{\"@type\":\"EntryPoint\",\"urlTemplate\":\"https:\\\/\\\/www.metrica.it\\\/fr\\\/?s={search_term_string}\"},\"query-input\":{\"@type\":\"PropertyValueSpecification\",\"valueRequired\":true,\"valueName\":\"search_term_string\"}}],\"inLanguage\":\"fr-FR\"}]}<\/script>","yoast_head_json":{"title":"Tagliavetro Ad Olio | R\u00e8gles et \u00c9querrers pour Vitriers | D\u00e9coupe - Metrica","description":"D\u00e9couvrez la collection de produits., Tagliavetro Ad Olio - R\u00e8gles et \u00c9querrers pour Vitriers.Tagliavetro ad olio originale Silberschnitt (mod. 4000.0),Testina di taglio larga e girevole,Manico i . Consultez le catalogue sur le site officiel de Metrica","robots":{"index":"index","follow":"follow","max-snippet":"max-snippet:-1","max-image-preview":"max-image-preview:large","max-video-preview":"max-video-preview:-1"},"canonical":"https:\/\/www.metrica.it\/fr\/produit\/coupe-verre-a-huile\/","og_locale":"fr_FR","og_type":"article","og_title":"Tagliavetro Ad Olio | R\u00e8gles et \u00c9querrers pour Vitriers | D\u00e9coupe - Metrica","og_description":"D\u00e9couvrez la collection de produits., Tagliavetro Ad Olio - R\u00e8gles et \u00c9querrers pour Vitriers.Tagliavetro ad olio originale Silberschnitt (mod. 4000.0),Testina di taglio larga e girevole,Manico i . Consultez le catalogue sur le site officiel de Metrica","og_url":"https:\/\/www.metrica.it\/fr\/produit\/coupe-verre-a-huile\/","og_site_name":"Metrica","article_modified_time":"2024-09-16T19:09:23+00:00","og_image":[{"width":800,"height":800,"url":"https:\/\/www.metrica.it\/wp-content\/uploads\/2024\/05\/50505.jpg","type":"image\/jpeg"}],"twitter_card":"summary_large_image","schema":{"@context":"https:\/\/schema.org","@graph":[{"@type":"WebPage","@id":"https:\/\/www.metrica.it\/fr\/produit\/coupe-verre-a-huile\/","url":"https:\/\/www.metrica.it\/fr\/produit\/coupe-verre-a-huile\/","name":"Tagliavetro Ad Olio | R\u00e8gles et \u00c9querrers pour Vitriers | D\u00e9coupe - Metrica","isPartOf":{"@id":"https:\/\/www.metrica.it\/fr\/#website"},"primaryImageOfPage":{"@id":"https:\/\/www.metrica.it\/fr\/produit\/coupe-verre-a-huile\/#primaryimage"},"image":{"@id":"https:\/\/www.metrica.it\/fr\/produit\/coupe-verre-a-huile\/#primaryimage"},"thumbnailUrl":"https:\/\/www.metrica.it\/wp-content\/uploads\/2024\/05\/50505.jpg","datePublished":"2024-09-16T10:20:37+00:00","dateModified":"2024-09-16T19:09:23+00:00","description":"D\u00e9couvrez la collection de produits., Tagliavetro Ad Olio - R\u00e8gles et \u00c9querrers pour Vitriers.Tagliavetro ad olio originale Silberschnitt (mod. 4000.0),Testina di taglio larga e girevole,Manico i . Consultez le catalogue sur le site officiel de Metrica","breadcrumb":{"@id":"https:\/\/www.metrica.it\/fr\/produit\/coupe-verre-a-huile\/#breadcrumb"},"inLanguage":"fr-FR","potentialAction":[{"@type":"ReadAction","target":["https:\/\/www.metrica.it\/fr\/produit\/coupe-verre-a-huile\/"]}]},{"@type":"ImageObject","inLanguage":"fr-FR","@id":"https:\/\/www.metrica.it\/fr\/produit\/coupe-verre-a-huile\/#primaryimage","url":"https:\/\/www.metrica.it\/wp-content\/uploads\/2024\/05\/50505.jpg","contentUrl":"https:\/\/www.metrica.it\/wp-content\/uploads\/2024\/05\/50505.jpg","width":800,"height":800},{"@type":"BreadcrumbList","@id":"https:\/\/www.metrica.it\/fr\/produit\/coupe-verre-a-huile\/#breadcrumb","itemListElement":[{"@type":"ListItem","position":1,"name":"Home","item":"https:\/\/www.metrica.it\/fr\/"},{"@type":"ListItem","position":2,"name":"Catalogue","item":"https:\/\/www.metrica.it\/fr\/catalogue\/"},{"@type":"ListItem","position":3,"name":"Coupe-verre \u00c0 Huile"}]},{"@type":"WebSite","@id":"https:\/\/www.metrica.it\/fr\/#website","url":"https:\/\/www.metrica.it\/fr\/","name":"Metrica","description":"Made to measure","potentialAction":[{"@type":"SearchAction","target":{"@type":"EntryPoint","urlTemplate":"https:\/\/www.metrica.it\/fr\/?s={search_term_string}"},"query-input":{"@type":"PropertyValueSpecification","valueRequired":true,"valueName":"search_term_string"}}],"inLanguage":"fr-FR"}]}},"meta_box":{"awr_documentation":[],"awr_manuale":[],"awr_scheda_tecnica":"","awr_youtube_video":"","awr_classe_prodotto":"","awr_customize_product":"0","awr_custom_image":false,"awr_related_products":[{"awr_product_name":"Tagliavetro Ad Olio","awr_product_references":"ref:00505|ean:8001066005055|num_pz_gdo:10"},{"awr_product_name":"Tagliavetro Ad Olio","awr_product_references":"ref:50505|ean:8001066505050|pack:10"},{"awr_product_name":"Ricambi Testina Larga Di Ricambio Mod. 4010.0 - 1 Pezzo","awr_product_references":"ref:50508|ean:8001066505081|pack:1"}],"awr_consumabili":"","awr_alternativi":"","awr_aliases":"00505,50505,50508","awr_skuid":"50505-it"},"_links":{"self":[{"href":"https:\/\/www.metrica.it\/fr\/wp-json\/wp\/v2\/product\/143304","targetHints":{"allow":["GET"]}}],"collection":[{"href":"https:\/\/www.metrica.it\/fr\/wp-json\/wp\/v2\/product"}],"about":[{"href":"https:\/\/www.metrica.it\/fr\/wp-json\/wp\/v2\/types\/product"}],"wp:featuredmedia":[{"embeddable":true,"href":"https:\/\/www.metrica.it\/fr\/wp-json\/wp\/v2\/media\/119289"}],"wp:attachment":[{"href":"https:\/\/www.metrica.it\/fr\/wp-json\/wp\/v2\/media?parent=143304"}],"wp:term":[{"taxonomy":"product_cat","embeddable":true,"href":"https:\/\/www.metrica.it\/fr\/wp-json\/wp\/v2\/product_cat?post=143304"},{"taxonomy":"product_tag","embeddable":true,"href":"https:\/\/www.metrica.it\/fr\/wp-json\/wp\/v2\/product_tag?post=143304"}],"curies":[{"name":"wp","href":"https:\/\/api.w.org\/{rel}","templated":true}]}}