{"id":143319,"date":"2024-09-16T12:16:41","date_gmt":"2024-09-16T10:16:41","guid":{"rendered":"https:\/\/www.metrica.it\/prodotto\/poincons-professionnels-serie-chiffres\/"},"modified":"2024-09-16T21:05:00","modified_gmt":"2024-09-16T19:05:00","slug":"poincons-professionnels-serie-chiffres","status":"publish","type":"product","link":"https:\/\/www.metrica.it\/fr\/produit\/poincons-professionnels-serie-chiffres\/","title":{"rendered":"Poin\u00c7ons Professionnels S\u00c9rie Chiffres"},"content":{"rendered":"<ul>\n<li>Poin\u00e7ons professionnels &#8211; s\u00e9rie chiffres<\/li>\n<li>9 chiffres<\/li>\n<li>Acier tremp\u00e9<\/li>\n<li>Qualit\u00e9 extra<\/li>\n<\/ul>\n","protected":false},"excerpt":{"rendered":"<ul>\n<li>Poin\u00e7ons professionnels &#8211; s\u00e9rie chiffres<\/li>\n<li>9 chiffres<\/li>\n<li>Acier tremp\u00e9<\/li>\n<li>Qualit\u00e9 extra<\/li>\n<\/ul>\n","protected":false},"featured_media":117498,"template":"","meta":[],"product_cat":[729,701],"product_tag":[],"class_list":{"0":"post-143319","1":"product","2":"type-product","3":"status-publish","4":"has-post-thumbnail","6":"product_cat-pointes-a-tracer-et-poincons","7":"product_cat-tracage-et-marquage","9":"first","10":"instock","11":"sold-individually","12":"product-type-simple"},"yoast_head":"<title>PUNZONI PROFESSIONALI SERIE NUMERI | Pointes \u00e0 tracer et poin\u00e7ons | Tra\u00e7age et Marquage - Metrica<\/title>\n<meta name=\"description\" content=\"D\u00e9couvrez la collection de produits., PUNZONI PROFESSIONALI SERIE NUMERI - Pointes \u00e0 tracer et poin\u00e7ons.Punzoni professionali serie numeri, 9 cifre,Acciaio temprato,Qualit&agrave; extra . Consultez le catalogue sur le site officiel de Metrica\" \/>\n<meta name=\"robots\" content=\"index, follow, max-snippet:-1, max-image-preview:large, max-video-preview:-1\" \/>\n<link rel=\"canonical\" href=\"https:\/\/www.metrica.it\/fr\/produit\/poincons-professionnels-serie-chiffres\/\" \/>\n<meta property=\"og:locale\" content=\"fr_FR\" \/>\n<meta property=\"og:type\" content=\"article\" \/>\n<meta property=\"og:title\" content=\"PUNZONI PROFESSIONALI SERIE NUMERI | Pointes \u00e0 tracer et poin\u00e7ons | Tra\u00e7age et Marquage - Metrica\" \/>\n<meta property=\"og:description\" content=\"D\u00e9couvrez la collection de produits., PUNZONI PROFESSIONALI SERIE NUMERI - Pointes \u00e0 tracer et poin\u00e7ons.Punzoni professionali serie numeri, 9 cifre,Acciaio temprato,Qualit&agrave; extra . Consultez le catalogue sur le site officiel de Metrica\" \/>\n<meta property=\"og:url\" content=\"https:\/\/www.metrica.it\/fr\/produit\/poincons-professionnels-serie-chiffres\/\" \/>\n<meta property=\"og:site_name\" content=\"Metrica\" \/>\n<meta property=\"article:modified_time\" content=\"2024-09-16T19:05:00+00:00\" \/>\n<meta property=\"og:image\" content=\"https:\/\/www.metrica.it\/wp-content\/uploads\/2024\/05\/70143.jpg\" \/>\n\t<meta property=\"og:image:width\" content=\"800\" \/>\n\t<meta property=\"og:image:height\" content=\"800\" \/>\n\t<meta property=\"og:image:type\" content=\"image\/jpeg\" \/>\n<meta name=\"twitter:card\" content=\"summary_large_image\" \/>\n<script type=\"application\/ld+json\" class=\"yoast-schema-graph\">{\"@context\":\"https:\\\/\\\/schema.org\",\"@graph\":[{\"@type\":\"WebPage\",\"@id\":\"https:\\\/\\\/www.metrica.it\\\/fr\\\/produit\\\/poincons-professionnels-serie-chiffres\\\/\",\"url\":\"https:\\\/\\\/www.metrica.it\\\/fr\\\/produit\\\/poincons-professionnels-serie-chiffres\\\/\",\"name\":\"PUNZONI PROFESSIONALI SERIE NUMERI | Pointes \u00e0 tracer et poin\u00e7ons | Tra\u00e7age et Marquage - Metrica\",\"isPartOf\":{\"@id\":\"https:\\\/\\\/www.metrica.it\\\/fr\\\/#website\"},\"primaryImageOfPage\":{\"@id\":\"https:\\\/\\\/www.metrica.it\\\/fr\\\/produit\\\/poincons-professionnels-serie-chiffres\\\/#primaryimage\"},\"image\":{\"@id\":\"https:\\\/\\\/www.metrica.it\\\/fr\\\/produit\\\/poincons-professionnels-serie-chiffres\\\/#primaryimage\"},\"thumbnailUrl\":\"https:\\\/\\\/www.metrica.it\\\/wp-content\\\/uploads\\\/2024\\\/05\\\/70143.jpg\",\"datePublished\":\"2024-09-16T10:16:41+00:00\",\"dateModified\":\"2024-09-16T19:05:00+00:00\",\"description\":\"D\u00e9couvrez la collection de produits., PUNZONI PROFESSIONALI SERIE NUMERI - Pointes \u00e0 tracer et poin\u00e7ons.Punzoni professionali serie numeri, 9 cifre,Acciaio temprato,Qualit&agrave; extra . Consultez le catalogue sur le site officiel de Metrica\",\"breadcrumb\":{\"@id\":\"https:\\\/\\\/www.metrica.it\\\/fr\\\/produit\\\/poincons-professionnels-serie-chiffres\\\/#breadcrumb\"},\"inLanguage\":\"fr-FR\",\"potentialAction\":[{\"@type\":\"ReadAction\",\"target\":[\"https:\\\/\\\/www.metrica.it\\\/fr\\\/produit\\\/poincons-professionnels-serie-chiffres\\\/\"]}]},{\"@type\":\"ImageObject\",\"inLanguage\":\"fr-FR\",\"@id\":\"https:\\\/\\\/www.metrica.it\\\/fr\\\/produit\\\/poincons-professionnels-serie-chiffres\\\/#primaryimage\",\"url\":\"https:\\\/\\\/www.metrica.it\\\/wp-content\\\/uploads\\\/2024\\\/05\\\/70143.jpg\",\"contentUrl\":\"https:\\\/\\\/www.metrica.it\\\/wp-content\\\/uploads\\\/2024\\\/05\\\/70143.jpg\",\"width\":800,\"height\":800},{\"@type\":\"BreadcrumbList\",\"@id\":\"https:\\\/\\\/www.metrica.it\\\/fr\\\/produit\\\/poincons-professionnels-serie-chiffres\\\/#breadcrumb\",\"itemListElement\":[{\"@type\":\"ListItem\",\"position\":1,\"name\":\"Home\",\"item\":\"https:\\\/\\\/www.metrica.it\\\/fr\\\/\"},{\"@type\":\"ListItem\",\"position\":2,\"name\":\"Catalogue\",\"item\":\"https:\\\/\\\/www.metrica.it\\\/fr\\\/catalogue\\\/\"},{\"@type\":\"ListItem\",\"position\":3,\"name\":\"Poin\u00c7ons Professionnels S\u00c9rie Chiffres\"}]},{\"@type\":\"WebSite\",\"@id\":\"https:\\\/\\\/www.metrica.it\\\/fr\\\/#website\",\"url\":\"https:\\\/\\\/www.metrica.it\\\/fr\\\/\",\"name\":\"Metrica\",\"description\":\"Made to measure\",\"potentialAction\":[{\"@type\":\"SearchAction\",\"target\":{\"@type\":\"EntryPoint\",\"urlTemplate\":\"https:\\\/\\\/www.metrica.it\\\/fr\\\/?s={search_term_string}\"},\"query-input\":{\"@type\":\"PropertyValueSpecification\",\"valueRequired\":true,\"valueName\":\"search_term_string\"}}],\"inLanguage\":\"fr-FR\"}]}<\/script>","yoast_head_json":{"title":"PUNZONI PROFESSIONALI SERIE NUMERI | Pointes \u00e0 tracer et poin\u00e7ons | Tra\u00e7age et Marquage - Metrica","description":"D\u00e9couvrez la collection de produits., PUNZONI PROFESSIONALI SERIE NUMERI - Pointes \u00e0 tracer et poin\u00e7ons.Punzoni professionali serie numeri, 9 cifre,Acciaio temprato,Qualit&agrave; extra . Consultez le catalogue sur le site officiel de Metrica","robots":{"index":"index","follow":"follow","max-snippet":"max-snippet:-1","max-image-preview":"max-image-preview:large","max-video-preview":"max-video-preview:-1"},"canonical":"https:\/\/www.metrica.it\/fr\/produit\/poincons-professionnels-serie-chiffres\/","og_locale":"fr_FR","og_type":"article","og_title":"PUNZONI PROFESSIONALI SERIE NUMERI | Pointes \u00e0 tracer et poin\u00e7ons | Tra\u00e7age et Marquage - Metrica","og_description":"D\u00e9couvrez la collection de produits., PUNZONI PROFESSIONALI SERIE NUMERI - Pointes \u00e0 tracer et poin\u00e7ons.Punzoni professionali serie numeri, 9 cifre,Acciaio temprato,Qualit&agrave; extra . Consultez le catalogue sur le site officiel de Metrica","og_url":"https:\/\/www.metrica.it\/fr\/produit\/poincons-professionnels-serie-chiffres\/","og_site_name":"Metrica","article_modified_time":"2024-09-16T19:05:00+00:00","og_image":[{"width":800,"height":800,"url":"https:\/\/www.metrica.it\/wp-content\/uploads\/2024\/05\/70143.jpg","type":"image\/jpeg"}],"twitter_card":"summary_large_image","schema":{"@context":"https:\/\/schema.org","@graph":[{"@type":"WebPage","@id":"https:\/\/www.metrica.it\/fr\/produit\/poincons-professionnels-serie-chiffres\/","url":"https:\/\/www.metrica.it\/fr\/produit\/poincons-professionnels-serie-chiffres\/","name":"PUNZONI PROFESSIONALI SERIE NUMERI | Pointes \u00e0 tracer et poin\u00e7ons | Tra\u00e7age et Marquage - Metrica","isPartOf":{"@id":"https:\/\/www.metrica.it\/fr\/#website"},"primaryImageOfPage":{"@id":"https:\/\/www.metrica.it\/fr\/produit\/poincons-professionnels-serie-chiffres\/#primaryimage"},"image":{"@id":"https:\/\/www.metrica.it\/fr\/produit\/poincons-professionnels-serie-chiffres\/#primaryimage"},"thumbnailUrl":"https:\/\/www.metrica.it\/wp-content\/uploads\/2024\/05\/70143.jpg","datePublished":"2024-09-16T10:16:41+00:00","dateModified":"2024-09-16T19:05:00+00:00","description":"D\u00e9couvrez la collection de produits., PUNZONI PROFESSIONALI SERIE NUMERI - Pointes \u00e0 tracer et poin\u00e7ons.Punzoni professionali serie numeri, 9 cifre,Acciaio temprato,Qualit&agrave; extra . Consultez le catalogue sur le site officiel de Metrica","breadcrumb":{"@id":"https:\/\/www.metrica.it\/fr\/produit\/poincons-professionnels-serie-chiffres\/#breadcrumb"},"inLanguage":"fr-FR","potentialAction":[{"@type":"ReadAction","target":["https:\/\/www.metrica.it\/fr\/produit\/poincons-professionnels-serie-chiffres\/"]}]},{"@type":"ImageObject","inLanguage":"fr-FR","@id":"https:\/\/www.metrica.it\/fr\/produit\/poincons-professionnels-serie-chiffres\/#primaryimage","url":"https:\/\/www.metrica.it\/wp-content\/uploads\/2024\/05\/70143.jpg","contentUrl":"https:\/\/www.metrica.it\/wp-content\/uploads\/2024\/05\/70143.jpg","width":800,"height":800},{"@type":"BreadcrumbList","@id":"https:\/\/www.metrica.it\/fr\/produit\/poincons-professionnels-serie-chiffres\/#breadcrumb","itemListElement":[{"@type":"ListItem","position":1,"name":"Home","item":"https:\/\/www.metrica.it\/fr\/"},{"@type":"ListItem","position":2,"name":"Catalogue","item":"https:\/\/www.metrica.it\/fr\/catalogue\/"},{"@type":"ListItem","position":3,"name":"Poin\u00c7ons Professionnels S\u00c9rie Chiffres"}]},{"@type":"WebSite","@id":"https:\/\/www.metrica.it\/fr\/#website","url":"https:\/\/www.metrica.it\/fr\/","name":"Metrica","description":"Made to measure","potentialAction":[{"@type":"SearchAction","target":{"@type":"EntryPoint","urlTemplate":"https:\/\/www.metrica.it\/fr\/?s={search_term_string}"},"query-input":{"@type":"PropertyValueSpecification","valueRequired":true,"valueName":"search_term_string"}}],"inLanguage":"fr-FR"}]}},"meta_box":{"awr_documentation":[],"awr_manuale":[],"awr_scheda_tecnica":"","awr_youtube_video":"","awr_classe_prodotto":"","awr_customize_product":"0","awr_custom_image":false,"awr_related_products":[{"awr_product_name":"Punzoni Professionali Serie Numeri","awr_product_references":"ref:70143|ean:8001066701438|h_mm:3|pack:1"},{"awr_product_name":"Punzoni Professionali Serie Numeri","awr_product_references":"ref:70144|ean:8001066701445|h_mm:4|pack:1"},{"awr_product_name":"Punzoni Professionali Serie Numeri","awr_product_references":"ref:70145|ean:8001066701452|h_mm:5|pack:1"},{"awr_product_name":"Punzoni Professionali Serie Numeri","awr_product_references":"ref:70146|ean:8001066701469|h_mm:6|pack:1"},{"awr_product_name":"Punzoni Professionali Serie Numeri","awr_product_references":"ref:70147|ean:8001066701476|h_mm:8|pack:1"}],"awr_consumabili":"","awr_alternativi":"","awr_aliases":"70143,70144,70145,70146,70147","awr_skuid":"70143-it"},"_links":{"self":[{"href":"https:\/\/www.metrica.it\/fr\/wp-json\/wp\/v2\/product\/143319","targetHints":{"allow":["GET"]}}],"collection":[{"href":"https:\/\/www.metrica.it\/fr\/wp-json\/wp\/v2\/product"}],"about":[{"href":"https:\/\/www.metrica.it\/fr\/wp-json\/wp\/v2\/types\/product"}],"wp:featuredmedia":[{"embeddable":true,"href":"https:\/\/www.metrica.it\/fr\/wp-json\/wp\/v2\/media\/117498"}],"wp:attachment":[{"href":"https:\/\/www.metrica.it\/fr\/wp-json\/wp\/v2\/media?parent=143319"}],"wp:term":[{"taxonomy":"product_cat","embeddable":true,"href":"https:\/\/www.metrica.it\/fr\/wp-json\/wp\/v2\/product_cat?post=143319"},{"taxonomy":"product_tag","embeddable":true,"href":"https:\/\/www.metrica.it\/fr\/wp-json\/wp\/v2\/product_tag?post=143319"}],"curies":[{"name":"wp","href":"https:\/\/api.w.org\/{rel}","templated":true}]}}