{"id":143334,"date":"2024-09-16T11:36:21","date_gmt":"2024-09-16T09:36:21","guid":{"rendered":"https:\/\/www.metrica.it\/prodotto\/mesure-de-diametre\/"},"modified":"2024-09-16T20:27:52","modified_gmt":"2024-09-16T18:27:52","slug":"mesure-de-diametre","status":"publish","type":"product","link":"https:\/\/www.metrica.it\/fr\/produit\/mesure-de-diametre\/","title":{"rendered":"Mesure De Diam\u00e8tre"},"content":{"rendered":"<ul>\n<li>R\u00e8gle flexible gradu\u00e9e pour lecture directe du diam\u00e8tre<\/li>\n<li>Acier inox<\/li>\n<li>Graduation noir grav\u00e9e<\/li>\n<li>Lecture vernier 0,1 mm<\/li>\n<li>Avec fen\u00eatre pour retour du ruban<\/li>\n<li>Section 15 x 0,5 mm<\/li>\n<\/ul>\n","protected":false},"excerpt":{"rendered":"<p>R\u00e8gle flexible gradu\u00e9e pour lecture directe du diam\u00e8tre<br \/>Acier inox<br \/>Graduation noir grav\u00e9e<br \/>Lecture vernier 0,1 mm<br \/>Avec fen\u00eatre pour retour du ruban<br \/>Section 15 x 0,5 mm<\/p>\n","protected":false},"featured_media":134056,"template":"","meta":[],"product_cat":[49,609],"product_tag":[],"class_list":{"0":"post-143334","1":"product","2":"type-product","3":"status-publish","4":"has-post-thumbnail","6":"product_cat-mesures-de-longueur","7":"product_cat-regles-rubans-mesures-de-diametre","9":"first","10":"instock","11":"sold-individually","12":"product-type-simple"},"yoast_head":"<title>Diametrometro | R\u00e8gles - Rubans - Mesures de Diam\u00e8tre | Mesures de Longueur - Metrica<\/title>\n<meta name=\"description\" content=\"D\u00e9couvrez la collection de produits., Diametrometro - R\u00e8gles - Rubans - Mesures de Diam\u00e8tre.Riga flssibile graduata per lettura diretta del diametro,Acciaio inox,Graduazione incisa ed annerita . Consultez le catalogue sur le site officiel de Metrica\" \/>\n<meta name=\"robots\" content=\"index, follow, max-snippet:-1, max-image-preview:large, max-video-preview:-1\" \/>\n<link rel=\"canonical\" href=\"https:\/\/www.metrica.it\/fr\/produit\/mesure-de-diametre\/\" \/>\n<meta property=\"og:locale\" content=\"fr_FR\" \/>\n<meta property=\"og:type\" content=\"article\" \/>\n<meta property=\"og:title\" content=\"Diametrometro | R\u00e8gles - Rubans - Mesures de Diam\u00e8tre | Mesures de Longueur - Metrica\" \/>\n<meta property=\"og:description\" content=\"D\u00e9couvrez la collection de produits., Diametrometro - R\u00e8gles - Rubans - Mesures de Diam\u00e8tre.Riga flssibile graduata per lettura diretta del diametro,Acciaio inox,Graduazione incisa ed annerita . Consultez le catalogue sur le site officiel de Metrica\" \/>\n<meta property=\"og:url\" content=\"https:\/\/www.metrica.it\/fr\/produit\/mesure-de-diametre\/\" \/>\n<meta property=\"og:site_name\" content=\"Metrica\" \/>\n<meta property=\"article:modified_time\" content=\"2024-09-16T18:27:52+00:00\" \/>\n<meta property=\"og:image\" content=\"https:\/\/www.metrica.it\/wp-content\/uploads\/2024\/06\/25510_1.jpg\" \/>\n\t<meta property=\"og:image:width\" content=\"800\" \/>\n\t<meta property=\"og:image:height\" content=\"800\" \/>\n\t<meta property=\"og:image:type\" content=\"image\/jpeg\" \/>\n<meta name=\"twitter:card\" content=\"summary_large_image\" \/>\n<script type=\"application\/ld+json\" class=\"yoast-schema-graph\">{\"@context\":\"https:\\\/\\\/schema.org\",\"@graph\":[{\"@type\":\"WebPage\",\"@id\":\"https:\\\/\\\/www.metrica.it\\\/fr\\\/produit\\\/mesure-de-diametre\\\/\",\"url\":\"https:\\\/\\\/www.metrica.it\\\/fr\\\/produit\\\/mesure-de-diametre\\\/\",\"name\":\"Diametrometro | R\u00e8gles - Rubans - Mesures de Diam\u00e8tre | Mesures de Longueur - Metrica\",\"isPartOf\":{\"@id\":\"https:\\\/\\\/www.metrica.it\\\/fr\\\/#website\"},\"primaryImageOfPage\":{\"@id\":\"https:\\\/\\\/www.metrica.it\\\/fr\\\/produit\\\/mesure-de-diametre\\\/#primaryimage\"},\"image\":{\"@id\":\"https:\\\/\\\/www.metrica.it\\\/fr\\\/produit\\\/mesure-de-diametre\\\/#primaryimage\"},\"thumbnailUrl\":\"https:\\\/\\\/www.metrica.it\\\/wp-content\\\/uploads\\\/2024\\\/06\\\/25510_1.jpg\",\"datePublished\":\"2024-09-16T09:36:21+00:00\",\"dateModified\":\"2024-09-16T18:27:52+00:00\",\"description\":\"D\u00e9couvrez la collection de produits., Diametrometro - R\u00e8gles - Rubans - Mesures de Diam\u00e8tre.Riga flssibile graduata per lettura diretta del diametro,Acciaio inox,Graduazione incisa ed annerita . Consultez le catalogue sur le site officiel de Metrica\",\"breadcrumb\":{\"@id\":\"https:\\\/\\\/www.metrica.it\\\/fr\\\/produit\\\/mesure-de-diametre\\\/#breadcrumb\"},\"inLanguage\":\"fr-FR\",\"potentialAction\":[{\"@type\":\"ReadAction\",\"target\":[\"https:\\\/\\\/www.metrica.it\\\/fr\\\/produit\\\/mesure-de-diametre\\\/\"]}]},{\"@type\":\"ImageObject\",\"inLanguage\":\"fr-FR\",\"@id\":\"https:\\\/\\\/www.metrica.it\\\/fr\\\/produit\\\/mesure-de-diametre\\\/#primaryimage\",\"url\":\"https:\\\/\\\/www.metrica.it\\\/wp-content\\\/uploads\\\/2024\\\/06\\\/25510_1.jpg\",\"contentUrl\":\"https:\\\/\\\/www.metrica.it\\\/wp-content\\\/uploads\\\/2024\\\/06\\\/25510_1.jpg\",\"width\":800,\"height\":800},{\"@type\":\"BreadcrumbList\",\"@id\":\"https:\\\/\\\/www.metrica.it\\\/fr\\\/produit\\\/mesure-de-diametre\\\/#breadcrumb\",\"itemListElement\":[{\"@type\":\"ListItem\",\"position\":1,\"name\":\"Home\",\"item\":\"https:\\\/\\\/www.metrica.it\\\/fr\\\/\"},{\"@type\":\"ListItem\",\"position\":2,\"name\":\"Catalogue\",\"item\":\"https:\\\/\\\/www.metrica.it\\\/fr\\\/catalogue\\\/\"},{\"@type\":\"ListItem\",\"position\":3,\"name\":\"Mesure De Diam\u00e8tre\"}]},{\"@type\":\"WebSite\",\"@id\":\"https:\\\/\\\/www.metrica.it\\\/fr\\\/#website\",\"url\":\"https:\\\/\\\/www.metrica.it\\\/fr\\\/\",\"name\":\"Metrica\",\"description\":\"Made to measure\",\"potentialAction\":[{\"@type\":\"SearchAction\",\"target\":{\"@type\":\"EntryPoint\",\"urlTemplate\":\"https:\\\/\\\/www.metrica.it\\\/fr\\\/?s={search_term_string}\"},\"query-input\":{\"@type\":\"PropertyValueSpecification\",\"valueRequired\":true,\"valueName\":\"search_term_string\"}}],\"inLanguage\":\"fr-FR\"}]}<\/script>","yoast_head_json":{"title":"Diametrometro | R\u00e8gles - Rubans - Mesures de Diam\u00e8tre | Mesures de Longueur - Metrica","description":"D\u00e9couvrez la collection de produits., Diametrometro - R\u00e8gles - Rubans - Mesures de Diam\u00e8tre.Riga flssibile graduata per lettura diretta del diametro,Acciaio inox,Graduazione incisa ed annerita . Consultez le catalogue sur le site officiel de Metrica","robots":{"index":"index","follow":"follow","max-snippet":"max-snippet:-1","max-image-preview":"max-image-preview:large","max-video-preview":"max-video-preview:-1"},"canonical":"https:\/\/www.metrica.it\/fr\/produit\/mesure-de-diametre\/","og_locale":"fr_FR","og_type":"article","og_title":"Diametrometro | R\u00e8gles - Rubans - Mesures de Diam\u00e8tre | Mesures de Longueur - Metrica","og_description":"D\u00e9couvrez la collection de produits., Diametrometro - R\u00e8gles - Rubans - Mesures de Diam\u00e8tre.Riga flssibile graduata per lettura diretta del diametro,Acciaio inox,Graduazione incisa ed annerita . Consultez le catalogue sur le site officiel de Metrica","og_url":"https:\/\/www.metrica.it\/fr\/produit\/mesure-de-diametre\/","og_site_name":"Metrica","article_modified_time":"2024-09-16T18:27:52+00:00","og_image":[{"width":800,"height":800,"url":"https:\/\/www.metrica.it\/wp-content\/uploads\/2024\/06\/25510_1.jpg","type":"image\/jpeg"}],"twitter_card":"summary_large_image","schema":{"@context":"https:\/\/schema.org","@graph":[{"@type":"WebPage","@id":"https:\/\/www.metrica.it\/fr\/produit\/mesure-de-diametre\/","url":"https:\/\/www.metrica.it\/fr\/produit\/mesure-de-diametre\/","name":"Diametrometro | R\u00e8gles - Rubans - Mesures de Diam\u00e8tre | Mesures de Longueur - Metrica","isPartOf":{"@id":"https:\/\/www.metrica.it\/fr\/#website"},"primaryImageOfPage":{"@id":"https:\/\/www.metrica.it\/fr\/produit\/mesure-de-diametre\/#primaryimage"},"image":{"@id":"https:\/\/www.metrica.it\/fr\/produit\/mesure-de-diametre\/#primaryimage"},"thumbnailUrl":"https:\/\/www.metrica.it\/wp-content\/uploads\/2024\/06\/25510_1.jpg","datePublished":"2024-09-16T09:36:21+00:00","dateModified":"2024-09-16T18:27:52+00:00","description":"D\u00e9couvrez la collection de produits., Diametrometro - R\u00e8gles - Rubans - Mesures de Diam\u00e8tre.Riga flssibile graduata per lettura diretta del diametro,Acciaio inox,Graduazione incisa ed annerita . Consultez le catalogue sur le site officiel de Metrica","breadcrumb":{"@id":"https:\/\/www.metrica.it\/fr\/produit\/mesure-de-diametre\/#breadcrumb"},"inLanguage":"fr-FR","potentialAction":[{"@type":"ReadAction","target":["https:\/\/www.metrica.it\/fr\/produit\/mesure-de-diametre\/"]}]},{"@type":"ImageObject","inLanguage":"fr-FR","@id":"https:\/\/www.metrica.it\/fr\/produit\/mesure-de-diametre\/#primaryimage","url":"https:\/\/www.metrica.it\/wp-content\/uploads\/2024\/06\/25510_1.jpg","contentUrl":"https:\/\/www.metrica.it\/wp-content\/uploads\/2024\/06\/25510_1.jpg","width":800,"height":800},{"@type":"BreadcrumbList","@id":"https:\/\/www.metrica.it\/fr\/produit\/mesure-de-diametre\/#breadcrumb","itemListElement":[{"@type":"ListItem","position":1,"name":"Home","item":"https:\/\/www.metrica.it\/fr\/"},{"@type":"ListItem","position":2,"name":"Catalogue","item":"https:\/\/www.metrica.it\/fr\/catalogue\/"},{"@type":"ListItem","position":3,"name":"Mesure De Diam\u00e8tre"}]},{"@type":"WebSite","@id":"https:\/\/www.metrica.it\/fr\/#website","url":"https:\/\/www.metrica.it\/fr\/","name":"Metrica","description":"Made to measure","potentialAction":[{"@type":"SearchAction","target":{"@type":"EntryPoint","urlTemplate":"https:\/\/www.metrica.it\/fr\/?s={search_term_string}"},"query-input":{"@type":"PropertyValueSpecification","valueRequired":true,"valueName":"search_term_string"}}],"inLanguage":"fr-FR"}]}},"meta_box":{"awr_documentation":[],"awr_manuale":[],"awr_scheda_tecnica":"","awr_youtube_video":"","awr_classe_prodotto":"","awr_customize_product":"0","awr_custom_image":false,"awr_related_products":[{"awr_product_name":"Diametrometro","awr_product_references":"ref:25510|ean:8001066255108|axb_mm:15 x 0,50|circ_mm:60 \u00f7 950|diam_mm:20 \u00f7 300|pack:1"},{"awr_product_name":"Diametrometro","awr_product_references":"ref:25511|ean:8001066255115|axb_mm:15 x 0,50|circ_mm:940 \u00f7 2200|diam_mm:300 \u00f7 700|pack:1"},{"awr_product_name":"Diametrometro","awr_product_references":"ref:25512|ean:8001066255122|axb_mm:15 x 0,50|circ_mm:2190 \u00f7 3460|diam_mm:700 \u00f7 1100|pack:1"},{"awr_product_name":"Diametrometro","awr_product_references":"ref:25513|ean:8001066255139|axb_mm:15 x 0,50|circ_mm:3450 \u00f7 4720|diam_mm:1100 \u00f7 1500|pack:1"},{"awr_product_name":"Diametrometro","awr_product_references":"ref:25514|ean:8001066255146|axb_mm:15 x 0,50|circ_mm:4710 \u00f7 5980|diam_mm:1500 \u00f7 1900|pack:1"},{"awr_product_name":"Diametrometro","awr_product_references":"ref:25515|ean:8001066255153|axb_mm:15 x 0,50|circ_mm:5960 \u00f7 7230|diam_mm:1900 \u00f7 2300|pack:1"},{"awr_product_name":"Diametrometro","awr_product_references":"ref:25516|ean:8001066255160|axb_mm:15 x 0,50|circ_mm:6280 \u00f7 9420|diam_mm:2000 \u00f7 3000|pack:1"}],"awr_consumabili":"","awr_alternativi":"","awr_aliases":"25510,25511,25512,25513,25514,25515,25516","awr_skuid":"25510-it"},"_links":{"self":[{"href":"https:\/\/www.metrica.it\/fr\/wp-json\/wp\/v2\/product\/143334","targetHints":{"allow":["GET"]}}],"collection":[{"href":"https:\/\/www.metrica.it\/fr\/wp-json\/wp\/v2\/product"}],"about":[{"href":"https:\/\/www.metrica.it\/fr\/wp-json\/wp\/v2\/types\/product"}],"wp:featuredmedia":[{"embeddable":true,"href":"https:\/\/www.metrica.it\/fr\/wp-json\/wp\/v2\/media\/134056"}],"wp:attachment":[{"href":"https:\/\/www.metrica.it\/fr\/wp-json\/wp\/v2\/media?parent=143334"}],"wp:term":[{"taxonomy":"product_cat","embeddable":true,"href":"https:\/\/www.metrica.it\/fr\/wp-json\/wp\/v2\/product_cat?post=143334"},{"taxonomy":"product_tag","embeddable":true,"href":"https:\/\/www.metrica.it\/fr\/wp-json\/wp\/v2\/product_tag?post=143334"}],"curies":[{"name":"wp","href":"https:\/\/api.w.org\/{rel}","templated":true}]}}