{"id":143350,"date":"2024-09-16T11:42:58","date_gmt":"2024-09-16T09:42:58","guid":{"rendered":"https:\/\/www.metrica.it\/prodotto\/marqueurs-permanents-a-lalcool-tratto-marker\/"},"modified":"2024-09-16T20:32:46","modified_gmt":"2024-09-16T18:32:46","slug":"marqueurs-permanents-a-lalcool-tratto-marker","status":"publish","type":"product","link":"https:\/\/www.metrica.it\/fr\/produit\/marqueurs-permanents-a-lalcool-tratto-marker\/","title":{"rendered":"Marqueurs Permanents \u00c0 L&rsquo;alcool Tratto Marker"},"content":{"rendered":"<ul>\n<li>Marqueurs original Fila<\/li>\n<li>Encre permanent \u00e0 base d&apos;alcool, pour toutes les surfaces<\/li>\n<li>Corps en plastique<\/li>\n<li>Pointe biseaut\u00e9e<\/li>\n<li>Bo\u00eete de 20 pcs<\/li>\n<\/ul>\n","protected":false},"excerpt":{"rendered":"<p>Marqueurs original Fila<br \/>Encre permanent \u00e0 base d&apos;alcool, pour toutes les surfaces<br \/>Corps en plastique<br \/>Pointe biseaut\u00e9e<br \/>Bo\u00eete de 20 pcs<\/p>\n","protected":false},"featured_media":129244,"template":"","meta":[],"product_cat":[717,701],"product_tag":[],"class_list":{"0":"post-143350","1":"product","2":"type-product","3":"status-publish","4":"has-post-thumbnail","6":"product_cat-marqueurs-de-pulverisation-et-marqueurs","7":"product_cat-tracage-et-marquage","9":"first","10":"instock","11":"sold-individually","12":"product-type-simple"},"yoast_head":"<title>Tratto Marker Ad Alcool | Marqueurs de Pulv\u00e9risation et Marqueurs | Tra\u00e7age et Marquage - Metrica<\/title>\n<meta name=\"description\" content=\"D\u00e9couvrez la collection de produits., Tratto Marker Ad Alcool - Marqueurs de Pulv\u00e9risation et Marqueurs.Tratto marker originali Fila,Inchiostro permanente a base d&amp;apos;alcool per tutte le sup . Consultez le catalogue sur le site officiel de Metrica\" \/>\n<meta name=\"robots\" content=\"index, follow, max-snippet:-1, max-image-preview:large, max-video-preview:-1\" \/>\n<link rel=\"canonical\" href=\"https:\/\/www.metrica.it\/fr\/produit\/marqueurs-permanents-a-lalcool-tratto-marker\/\" \/>\n<meta property=\"og:locale\" content=\"fr_FR\" \/>\n<meta property=\"og:type\" content=\"article\" \/>\n<meta property=\"og:title\" content=\"Tratto Marker Ad Alcool | Marqueurs de Pulv\u00e9risation et Marqueurs | Tra\u00e7age et Marquage - Metrica\" \/>\n<meta property=\"og:description\" content=\"D\u00e9couvrez la collection de produits., Tratto Marker Ad Alcool - Marqueurs de Pulv\u00e9risation et Marqueurs.Tratto marker originali Fila,Inchiostro permanente a base d&amp;apos;alcool per tutte le sup . Consultez le catalogue sur le site officiel de Metrica\" \/>\n<meta property=\"og:url\" content=\"https:\/\/www.metrica.it\/fr\/produit\/marqueurs-permanents-a-lalcool-tratto-marker\/\" \/>\n<meta property=\"og:site_name\" content=\"Metrica\" \/>\n<meta property=\"article:modified_time\" content=\"2024-09-16T18:32:46+00:00\" \/>\n<meta property=\"og:image\" content=\"https:\/\/www.metrica.it\/wp-content\/uploads\/2024\/06\/50011.jpg\" \/>\n\t<meta property=\"og:image:width\" content=\"800\" \/>\n\t<meta property=\"og:image:height\" content=\"800\" \/>\n\t<meta property=\"og:image:type\" content=\"image\/jpeg\" \/>\n<meta name=\"twitter:card\" content=\"summary_large_image\" \/>\n<script type=\"application\/ld+json\" class=\"yoast-schema-graph\">{\"@context\":\"https:\\\/\\\/schema.org\",\"@graph\":[{\"@type\":\"WebPage\",\"@id\":\"https:\\\/\\\/www.metrica.it\\\/fr\\\/produit\\\/marqueurs-permanents-a-lalcool-tratto-marker\\\/\",\"url\":\"https:\\\/\\\/www.metrica.it\\\/fr\\\/produit\\\/marqueurs-permanents-a-lalcool-tratto-marker\\\/\",\"name\":\"Tratto Marker Ad Alcool | Marqueurs de Pulv\u00e9risation et Marqueurs | Tra\u00e7age et Marquage - Metrica\",\"isPartOf\":{\"@id\":\"https:\\\/\\\/www.metrica.it\\\/fr\\\/#website\"},\"primaryImageOfPage\":{\"@id\":\"https:\\\/\\\/www.metrica.it\\\/fr\\\/produit\\\/marqueurs-permanents-a-lalcool-tratto-marker\\\/#primaryimage\"},\"image\":{\"@id\":\"https:\\\/\\\/www.metrica.it\\\/fr\\\/produit\\\/marqueurs-permanents-a-lalcool-tratto-marker\\\/#primaryimage\"},\"thumbnailUrl\":\"https:\\\/\\\/www.metrica.it\\\/wp-content\\\/uploads\\\/2024\\\/06\\\/50011.jpg\",\"datePublished\":\"2024-09-16T09:42:58+00:00\",\"dateModified\":\"2024-09-16T18:32:46+00:00\",\"description\":\"D\u00e9couvrez la collection de produits., Tratto Marker Ad Alcool - Marqueurs de Pulv\u00e9risation et Marqueurs.Tratto marker originali Fila,Inchiostro permanente a base d&apos;alcool per tutte le sup . Consultez le catalogue sur le site officiel de Metrica\",\"breadcrumb\":{\"@id\":\"https:\\\/\\\/www.metrica.it\\\/fr\\\/produit\\\/marqueurs-permanents-a-lalcool-tratto-marker\\\/#breadcrumb\"},\"inLanguage\":\"fr-FR\",\"potentialAction\":[{\"@type\":\"ReadAction\",\"target\":[\"https:\\\/\\\/www.metrica.it\\\/fr\\\/produit\\\/marqueurs-permanents-a-lalcool-tratto-marker\\\/\"]}]},{\"@type\":\"ImageObject\",\"inLanguage\":\"fr-FR\",\"@id\":\"https:\\\/\\\/www.metrica.it\\\/fr\\\/produit\\\/marqueurs-permanents-a-lalcool-tratto-marker\\\/#primaryimage\",\"url\":\"https:\\\/\\\/www.metrica.it\\\/wp-content\\\/uploads\\\/2024\\\/06\\\/50011.jpg\",\"contentUrl\":\"https:\\\/\\\/www.metrica.it\\\/wp-content\\\/uploads\\\/2024\\\/06\\\/50011.jpg\",\"width\":800,\"height\":800},{\"@type\":\"BreadcrumbList\",\"@id\":\"https:\\\/\\\/www.metrica.it\\\/fr\\\/produit\\\/marqueurs-permanents-a-lalcool-tratto-marker\\\/#breadcrumb\",\"itemListElement\":[{\"@type\":\"ListItem\",\"position\":1,\"name\":\"Home\",\"item\":\"https:\\\/\\\/www.metrica.it\\\/fr\\\/\"},{\"@type\":\"ListItem\",\"position\":2,\"name\":\"Catalogue\",\"item\":\"https:\\\/\\\/www.metrica.it\\\/fr\\\/catalogue\\\/\"},{\"@type\":\"ListItem\",\"position\":3,\"name\":\"Marqueurs Permanents \u00c0 L&#8217;alcool Tratto Marker\"}]},{\"@type\":\"WebSite\",\"@id\":\"https:\\\/\\\/www.metrica.it\\\/fr\\\/#website\",\"url\":\"https:\\\/\\\/www.metrica.it\\\/fr\\\/\",\"name\":\"Metrica\",\"description\":\"Made to measure\",\"potentialAction\":[{\"@type\":\"SearchAction\",\"target\":{\"@type\":\"EntryPoint\",\"urlTemplate\":\"https:\\\/\\\/www.metrica.it\\\/fr\\\/?s={search_term_string}\"},\"query-input\":{\"@type\":\"PropertyValueSpecification\",\"valueRequired\":true,\"valueName\":\"search_term_string\"}}],\"inLanguage\":\"fr-FR\"}]}<\/script>","yoast_head_json":{"title":"Tratto Marker Ad Alcool | Marqueurs de Pulv\u00e9risation et Marqueurs | Tra\u00e7age et Marquage - Metrica","description":"D\u00e9couvrez la collection de produits., Tratto Marker Ad Alcool - Marqueurs de Pulv\u00e9risation et Marqueurs.Tratto marker originali Fila,Inchiostro permanente a base d&apos;alcool per tutte le sup . Consultez le catalogue sur le site officiel de Metrica","robots":{"index":"index","follow":"follow","max-snippet":"max-snippet:-1","max-image-preview":"max-image-preview:large","max-video-preview":"max-video-preview:-1"},"canonical":"https:\/\/www.metrica.it\/fr\/produit\/marqueurs-permanents-a-lalcool-tratto-marker\/","og_locale":"fr_FR","og_type":"article","og_title":"Tratto Marker Ad Alcool | Marqueurs de Pulv\u00e9risation et Marqueurs | Tra\u00e7age et Marquage - Metrica","og_description":"D\u00e9couvrez la collection de produits., Tratto Marker Ad Alcool - Marqueurs de Pulv\u00e9risation et Marqueurs.Tratto marker originali Fila,Inchiostro permanente a base d&apos;alcool per tutte le sup . Consultez le catalogue sur le site officiel de Metrica","og_url":"https:\/\/www.metrica.it\/fr\/produit\/marqueurs-permanents-a-lalcool-tratto-marker\/","og_site_name":"Metrica","article_modified_time":"2024-09-16T18:32:46+00:00","og_image":[{"width":800,"height":800,"url":"https:\/\/www.metrica.it\/wp-content\/uploads\/2024\/06\/50011.jpg","type":"image\/jpeg"}],"twitter_card":"summary_large_image","schema":{"@context":"https:\/\/schema.org","@graph":[{"@type":"WebPage","@id":"https:\/\/www.metrica.it\/fr\/produit\/marqueurs-permanents-a-lalcool-tratto-marker\/","url":"https:\/\/www.metrica.it\/fr\/produit\/marqueurs-permanents-a-lalcool-tratto-marker\/","name":"Tratto Marker Ad Alcool | Marqueurs de Pulv\u00e9risation et Marqueurs | Tra\u00e7age et Marquage - Metrica","isPartOf":{"@id":"https:\/\/www.metrica.it\/fr\/#website"},"primaryImageOfPage":{"@id":"https:\/\/www.metrica.it\/fr\/produit\/marqueurs-permanents-a-lalcool-tratto-marker\/#primaryimage"},"image":{"@id":"https:\/\/www.metrica.it\/fr\/produit\/marqueurs-permanents-a-lalcool-tratto-marker\/#primaryimage"},"thumbnailUrl":"https:\/\/www.metrica.it\/wp-content\/uploads\/2024\/06\/50011.jpg","datePublished":"2024-09-16T09:42:58+00:00","dateModified":"2024-09-16T18:32:46+00:00","description":"D\u00e9couvrez la collection de produits., Tratto Marker Ad Alcool - Marqueurs de Pulv\u00e9risation et Marqueurs.Tratto marker originali Fila,Inchiostro permanente a base d&apos;alcool per tutte le sup . Consultez le catalogue sur le site officiel de Metrica","breadcrumb":{"@id":"https:\/\/www.metrica.it\/fr\/produit\/marqueurs-permanents-a-lalcool-tratto-marker\/#breadcrumb"},"inLanguage":"fr-FR","potentialAction":[{"@type":"ReadAction","target":["https:\/\/www.metrica.it\/fr\/produit\/marqueurs-permanents-a-lalcool-tratto-marker\/"]}]},{"@type":"ImageObject","inLanguage":"fr-FR","@id":"https:\/\/www.metrica.it\/fr\/produit\/marqueurs-permanents-a-lalcool-tratto-marker\/#primaryimage","url":"https:\/\/www.metrica.it\/wp-content\/uploads\/2024\/06\/50011.jpg","contentUrl":"https:\/\/www.metrica.it\/wp-content\/uploads\/2024\/06\/50011.jpg","width":800,"height":800},{"@type":"BreadcrumbList","@id":"https:\/\/www.metrica.it\/fr\/produit\/marqueurs-permanents-a-lalcool-tratto-marker\/#breadcrumb","itemListElement":[{"@type":"ListItem","position":1,"name":"Home","item":"https:\/\/www.metrica.it\/fr\/"},{"@type":"ListItem","position":2,"name":"Catalogue","item":"https:\/\/www.metrica.it\/fr\/catalogue\/"},{"@type":"ListItem","position":3,"name":"Marqueurs Permanents \u00c0 L&#8217;alcool Tratto Marker"}]},{"@type":"WebSite","@id":"https:\/\/www.metrica.it\/fr\/#website","url":"https:\/\/www.metrica.it\/fr\/","name":"Metrica","description":"Made to measure","potentialAction":[{"@type":"SearchAction","target":{"@type":"EntryPoint","urlTemplate":"https:\/\/www.metrica.it\/fr\/?s={search_term_string}"},"query-input":{"@type":"PropertyValueSpecification","valueRequired":true,"valueName":"search_term_string"}}],"inLanguage":"fr-FR"}]}},"meta_box":{"awr_documentation":[],"awr_manuale":[],"awr_scheda_tecnica":"","awr_youtube_video":"","awr_classe_prodotto":"","awr_customize_product":"0","awr_custom_image":false,"awr_related_products":[{"awr_product_name":"Tratto Marker Ad Alcool","awr_product_references":"ref:50011|ean:8001066500116|:<img src=\"\/media\/tabelle\/punta_scalpello.png\"\/>|:<img src=\"\/media\/tabelle\/colore_blu.png\"\/>|pack:1"},{"awr_product_name":"Tratto Marker Ad Alcool","awr_product_references":"ref:50012|ean:8001066500123|:<img src=\"\/media\/tabelle\/punta_scalpello.png\"\/>|:<img src=\"\/media\/tabelle\/colore_rosso.png\"\/>|pack:1"},{"awr_product_name":"Tratto Marker Ad Alcool","awr_product_references":"ref:50013|ean:8001066500130|:<img src=\"\/media\/tabelle\/punta_scalpello.png\"\/>|:<img src=\"\/media\/tabelle\/colore_nero.png\"\/>|pack:1"},{"awr_product_name":"Tratto Marker Ad Alcool","awr_product_references":"ref:50014|ean:8001066500147|:<img src=\"\/media\/tabelle\/punta_scalpello.png\"\/>|:<img src=\"\/media\/tabelle\/colore_verde.png\"\/>|pack:1"},{"awr_product_name":"Tratto Marker Ad Alcool","awr_product_references":"ref:50016|ean:8001066500161|:<img src=\"\/media\/tabelle\/punta_scalpello.png\"\/>|:<img src=\"\/media\/tabelle\/colore_marrone.png\"\/>|pack:1"}],"awr_consumabili":"","awr_alternativi":"","awr_aliases":"50011,50012,50013,50014,50016","awr_skuid":"50011-it"},"_links":{"self":[{"href":"https:\/\/www.metrica.it\/fr\/wp-json\/wp\/v2\/product\/143350","targetHints":{"allow":["GET"]}}],"collection":[{"href":"https:\/\/www.metrica.it\/fr\/wp-json\/wp\/v2\/product"}],"about":[{"href":"https:\/\/www.metrica.it\/fr\/wp-json\/wp\/v2\/types\/product"}],"wp:featuredmedia":[{"embeddable":true,"href":"https:\/\/www.metrica.it\/fr\/wp-json\/wp\/v2\/media\/129244"}],"wp:attachment":[{"href":"https:\/\/www.metrica.it\/fr\/wp-json\/wp\/v2\/media?parent=143350"}],"wp:term":[{"taxonomy":"product_cat","embeddable":true,"href":"https:\/\/www.metrica.it\/fr\/wp-json\/wp\/v2\/product_cat?post=143350"},{"taxonomy":"product_tag","embeddable":true,"href":"https:\/\/www.metrica.it\/fr\/wp-json\/wp\/v2\/product_tag?post=143350"}],"curies":[{"name":"wp","href":"https:\/\/api.w.org\/{rel}","templated":true}]}}