{"id":143375,"date":"2024-09-16T12:30:45","date_gmt":"2024-09-16T10:30:45","guid":{"rendered":"https:\/\/www.metrica.it\/prodotto\/fiole-a-haute-sensibilite\/"},"modified":"2024-09-16T21:21:43","modified_gmt":"2024-09-16T19:21:43","slug":"fiole-a-haute-sensibilite","status":"publish","type":"product","link":"https:\/\/www.metrica.it\/fr\/produit\/fiole-a-haute-sensibilite\/","title":{"rendered":"Fiole \u00c0 Haute Sensibilit\u00e9"},"content":{"rendered":"<ul>\n<li>Fioles en r\u00e9sine acrylique<\/li>\n<li>Avec cercles concentriques<\/li>\n<li>Sensibilit\u00e9 5 &#8211; 40&apos;<\/li>\n<\/ul>\n","protected":false},"excerpt":{"rendered":"<p>Fioles en r\u00e9sine acrylique<br \/>Avec cercles concentriques<br \/>Sensibilit\u00e9 5 &#8211; 40&apos;<\/p>\n","protected":false},"featured_media":127135,"template":"","meta":[],"product_cat":[550,566],"product_tag":[],"class_list":{"0":"post-143375","1":"product","2":"type-product","3":"status-publish","4":"has-post-thumbnail","6":"product_cat-niveaux","7":"product_cat-niveaux-pour-la-construction","9":"first","10":"instock","11":"sold-individually","12":"product-type-simple"},"yoast_head":"<title>Fiala Ad Alta Sensibilit\u00e0 | Niveaux pour la construction | Niveaux - Metrica<\/title>\n<meta name=\"description\" content=\"D\u00e9couvrez la collection de produits., Fiala Ad Alta Sensibilit\u00e0 - Niveaux pour la construction.Fiala graduata a cerchi concentrici,Sensibilit&agrave; 5 - 40&amp;apos;,In resina acrilica . Consultez le catalogue sur le site officiel de Metrica\" \/>\n<meta name=\"robots\" content=\"index, follow, max-snippet:-1, max-image-preview:large, max-video-preview:-1\" \/>\n<link rel=\"canonical\" href=\"https:\/\/www.metrica.it\/fr\/produit\/fiole-a-haute-sensibilite\/\" \/>\n<meta property=\"og:locale\" content=\"fr_FR\" \/>\n<meta property=\"og:type\" content=\"article\" \/>\n<meta property=\"og:title\" content=\"Fiala Ad Alta Sensibilit\u00e0 | Niveaux pour la construction | Niveaux - Metrica\" \/>\n<meta property=\"og:description\" content=\"D\u00e9couvrez la collection de produits., Fiala Ad Alta Sensibilit\u00e0 - Niveaux pour la construction.Fiala graduata a cerchi concentrici,Sensibilit&agrave; 5 - 40&amp;apos;,In resina acrilica . Consultez le catalogue sur le site officiel de Metrica\" \/>\n<meta property=\"og:url\" content=\"https:\/\/www.metrica.it\/fr\/produit\/fiole-a-haute-sensibilite\/\" \/>\n<meta property=\"og:site_name\" content=\"Metrica\" \/>\n<meta property=\"article:modified_time\" content=\"2024-09-16T19:21:43+00:00\" \/>\n<meta property=\"og:image\" content=\"https:\/\/www.metrica.it\/wp-content\/uploads\/2024\/06\/34520.jpg\" \/>\n\t<meta property=\"og:image:width\" content=\"800\" \/>\n\t<meta property=\"og:image:height\" content=\"800\" \/>\n\t<meta property=\"og:image:type\" content=\"image\/jpeg\" \/>\n<meta name=\"twitter:card\" content=\"summary_large_image\" \/>\n<script type=\"application\/ld+json\" class=\"yoast-schema-graph\">{\"@context\":\"https:\\\/\\\/schema.org\",\"@graph\":[{\"@type\":\"WebPage\",\"@id\":\"https:\\\/\\\/www.metrica.it\\\/fr\\\/produit\\\/fiole-a-haute-sensibilite\\\/\",\"url\":\"https:\\\/\\\/www.metrica.it\\\/fr\\\/produit\\\/fiole-a-haute-sensibilite\\\/\",\"name\":\"Fiala Ad Alta Sensibilit\u00e0 | Niveaux pour la construction | Niveaux - Metrica\",\"isPartOf\":{\"@id\":\"https:\\\/\\\/www.metrica.it\\\/fr\\\/#website\"},\"primaryImageOfPage\":{\"@id\":\"https:\\\/\\\/www.metrica.it\\\/fr\\\/produit\\\/fiole-a-haute-sensibilite\\\/#primaryimage\"},\"image\":{\"@id\":\"https:\\\/\\\/www.metrica.it\\\/fr\\\/produit\\\/fiole-a-haute-sensibilite\\\/#primaryimage\"},\"thumbnailUrl\":\"https:\\\/\\\/www.metrica.it\\\/wp-content\\\/uploads\\\/2024\\\/06\\\/34520.jpg\",\"datePublished\":\"2024-09-16T10:30:45+00:00\",\"dateModified\":\"2024-09-16T19:21:43+00:00\",\"description\":\"D\u00e9couvrez la collection de produits., Fiala Ad Alta Sensibilit\u00e0 - Niveaux pour la construction.Fiala graduata a cerchi concentrici,Sensibilit&agrave; 5 - 40&apos;,In resina acrilica . Consultez le catalogue sur le site officiel de Metrica\",\"breadcrumb\":{\"@id\":\"https:\\\/\\\/www.metrica.it\\\/fr\\\/produit\\\/fiole-a-haute-sensibilite\\\/#breadcrumb\"},\"inLanguage\":\"fr-FR\",\"potentialAction\":[{\"@type\":\"ReadAction\",\"target\":[\"https:\\\/\\\/www.metrica.it\\\/fr\\\/produit\\\/fiole-a-haute-sensibilite\\\/\"]}]},{\"@type\":\"ImageObject\",\"inLanguage\":\"fr-FR\",\"@id\":\"https:\\\/\\\/www.metrica.it\\\/fr\\\/produit\\\/fiole-a-haute-sensibilite\\\/#primaryimage\",\"url\":\"https:\\\/\\\/www.metrica.it\\\/wp-content\\\/uploads\\\/2024\\\/06\\\/34520.jpg\",\"contentUrl\":\"https:\\\/\\\/www.metrica.it\\\/wp-content\\\/uploads\\\/2024\\\/06\\\/34520.jpg\",\"width\":800,\"height\":800},{\"@type\":\"BreadcrumbList\",\"@id\":\"https:\\\/\\\/www.metrica.it\\\/fr\\\/produit\\\/fiole-a-haute-sensibilite\\\/#breadcrumb\",\"itemListElement\":[{\"@type\":\"ListItem\",\"position\":1,\"name\":\"Home\",\"item\":\"https:\\\/\\\/www.metrica.it\\\/fr\\\/\"},{\"@type\":\"ListItem\",\"position\":2,\"name\":\"Catalogue\",\"item\":\"https:\\\/\\\/www.metrica.it\\\/fr\\\/catalogue\\\/\"},{\"@type\":\"ListItem\",\"position\":3,\"name\":\"Fiole \u00c0 Haute Sensibilit\u00e9\"}]},{\"@type\":\"WebSite\",\"@id\":\"https:\\\/\\\/www.metrica.it\\\/fr\\\/#website\",\"url\":\"https:\\\/\\\/www.metrica.it\\\/fr\\\/\",\"name\":\"Metrica\",\"description\":\"Made to measure\",\"potentialAction\":[{\"@type\":\"SearchAction\",\"target\":{\"@type\":\"EntryPoint\",\"urlTemplate\":\"https:\\\/\\\/www.metrica.it\\\/fr\\\/?s={search_term_string}\"},\"query-input\":{\"@type\":\"PropertyValueSpecification\",\"valueRequired\":true,\"valueName\":\"search_term_string\"}}],\"inLanguage\":\"fr-FR\"}]}<\/script>","yoast_head_json":{"title":"Fiala Ad Alta Sensibilit\u00e0 | Niveaux pour la construction | Niveaux - Metrica","description":"D\u00e9couvrez la collection de produits., Fiala Ad Alta Sensibilit\u00e0 - Niveaux pour la construction.Fiala graduata a cerchi concentrici,Sensibilit&agrave; 5 - 40&apos;,In resina acrilica . Consultez le catalogue sur le site officiel de Metrica","robots":{"index":"index","follow":"follow","max-snippet":"max-snippet:-1","max-image-preview":"max-image-preview:large","max-video-preview":"max-video-preview:-1"},"canonical":"https:\/\/www.metrica.it\/fr\/produit\/fiole-a-haute-sensibilite\/","og_locale":"fr_FR","og_type":"article","og_title":"Fiala Ad Alta Sensibilit\u00e0 | Niveaux pour la construction | Niveaux - Metrica","og_description":"D\u00e9couvrez la collection de produits., Fiala Ad Alta Sensibilit\u00e0 - Niveaux pour la construction.Fiala graduata a cerchi concentrici,Sensibilit&agrave; 5 - 40&apos;,In resina acrilica . Consultez le catalogue sur le site officiel de Metrica","og_url":"https:\/\/www.metrica.it\/fr\/produit\/fiole-a-haute-sensibilite\/","og_site_name":"Metrica","article_modified_time":"2024-09-16T19:21:43+00:00","og_image":[{"width":800,"height":800,"url":"https:\/\/www.metrica.it\/wp-content\/uploads\/2024\/06\/34520.jpg","type":"image\/jpeg"}],"twitter_card":"summary_large_image","schema":{"@context":"https:\/\/schema.org","@graph":[{"@type":"WebPage","@id":"https:\/\/www.metrica.it\/fr\/produit\/fiole-a-haute-sensibilite\/","url":"https:\/\/www.metrica.it\/fr\/produit\/fiole-a-haute-sensibilite\/","name":"Fiala Ad Alta Sensibilit\u00e0 | Niveaux pour la construction | Niveaux - Metrica","isPartOf":{"@id":"https:\/\/www.metrica.it\/fr\/#website"},"primaryImageOfPage":{"@id":"https:\/\/www.metrica.it\/fr\/produit\/fiole-a-haute-sensibilite\/#primaryimage"},"image":{"@id":"https:\/\/www.metrica.it\/fr\/produit\/fiole-a-haute-sensibilite\/#primaryimage"},"thumbnailUrl":"https:\/\/www.metrica.it\/wp-content\/uploads\/2024\/06\/34520.jpg","datePublished":"2024-09-16T10:30:45+00:00","dateModified":"2024-09-16T19:21:43+00:00","description":"D\u00e9couvrez la collection de produits., Fiala Ad Alta Sensibilit\u00e0 - Niveaux pour la construction.Fiala graduata a cerchi concentrici,Sensibilit&agrave; 5 - 40&apos;,In resina acrilica . Consultez le catalogue sur le site officiel de Metrica","breadcrumb":{"@id":"https:\/\/www.metrica.it\/fr\/produit\/fiole-a-haute-sensibilite\/#breadcrumb"},"inLanguage":"fr-FR","potentialAction":[{"@type":"ReadAction","target":["https:\/\/www.metrica.it\/fr\/produit\/fiole-a-haute-sensibilite\/"]}]},{"@type":"ImageObject","inLanguage":"fr-FR","@id":"https:\/\/www.metrica.it\/fr\/produit\/fiole-a-haute-sensibilite\/#primaryimage","url":"https:\/\/www.metrica.it\/wp-content\/uploads\/2024\/06\/34520.jpg","contentUrl":"https:\/\/www.metrica.it\/wp-content\/uploads\/2024\/06\/34520.jpg","width":800,"height":800},{"@type":"BreadcrumbList","@id":"https:\/\/www.metrica.it\/fr\/produit\/fiole-a-haute-sensibilite\/#breadcrumb","itemListElement":[{"@type":"ListItem","position":1,"name":"Home","item":"https:\/\/www.metrica.it\/fr\/"},{"@type":"ListItem","position":2,"name":"Catalogue","item":"https:\/\/www.metrica.it\/fr\/catalogue\/"},{"@type":"ListItem","position":3,"name":"Fiole \u00c0 Haute Sensibilit\u00e9"}]},{"@type":"WebSite","@id":"https:\/\/www.metrica.it\/fr\/#website","url":"https:\/\/www.metrica.it\/fr\/","name":"Metrica","description":"Made to measure","potentialAction":[{"@type":"SearchAction","target":{"@type":"EntryPoint","urlTemplate":"https:\/\/www.metrica.it\/fr\/?s={search_term_string}"},"query-input":{"@type":"PropertyValueSpecification","valueRequired":true,"valueName":"search_term_string"}}],"inLanguage":"fr-FR"}]}},"meta_box":{"awr_documentation":[],"awr_manuale":[],"awr_scheda_tecnica":"","awr_youtube_video":"","awr_classe_prodotto":"","awr_customize_product":"0","awr_custom_image":false,"awr_related_products":[{"awr_product_name":"Fiala Ad Alta Sensibilit\u00e0","awr_product_references":"ref:34519|ean:8001066345199|diam_mm:40|pack:10"},{"awr_product_name":"Fiala Ad Alta Sensibilit\u00e0","awr_product_references":"ref:34520|ean:8001066345205|diam_mm:80|pack:10"},{"awr_product_name":"Fiala Ad Alta Sensibilit\u00e0","awr_product_references":"ref:34521|ean:8001066345212|diam_mm:56|pack:10"}],"awr_consumabili":"","awr_alternativi":"","awr_aliases":"34519,34520,34521","awr_skuid":"34519-it"},"_links":{"self":[{"href":"https:\/\/www.metrica.it\/fr\/wp-json\/wp\/v2\/product\/143375","targetHints":{"allow":["GET"]}}],"collection":[{"href":"https:\/\/www.metrica.it\/fr\/wp-json\/wp\/v2\/product"}],"about":[{"href":"https:\/\/www.metrica.it\/fr\/wp-json\/wp\/v2\/types\/product"}],"wp:featuredmedia":[{"embeddable":true,"href":"https:\/\/www.metrica.it\/fr\/wp-json\/wp\/v2\/media\/127135"}],"wp:attachment":[{"href":"https:\/\/www.metrica.it\/fr\/wp-json\/wp\/v2\/media?parent=143375"}],"wp:term":[{"taxonomy":"product_cat","embeddable":true,"href":"https:\/\/www.metrica.it\/fr\/wp-json\/wp\/v2\/product_cat?post=143375"},{"taxonomy":"product_tag","embeddable":true,"href":"https:\/\/www.metrica.it\/fr\/wp-json\/wp\/v2\/product_tag?post=143375"}],"curies":[{"name":"wp","href":"https:\/\/api.w.org\/{rel}","templated":true}]}}