{"id":143390,"date":"2024-09-16T11:44:24","date_gmt":"2024-09-16T09:44:24","guid":{"rendered":"https:\/\/www.metrica.it\/prodotto\/jauge-digitale-pour-materiaux-a-ultrasons\/"},"modified":"2024-09-16T20:34:04","modified_gmt":"2024-09-16T18:34:04","slug":"jauge-digitale-pour-materiaux-a-ultrasons","status":"publish","type":"product","link":"https:\/\/www.metrica.it\/fr\/produit\/jauge-digitale-pour-materiaux-a-ultrasons\/","title":{"rendered":"Jauge Digitale Pour Mat\u00e9riaux \u00c0 Ultrasons"},"content":{"rendered":"<ul>\n<li>Pour mesurer l&apos;\u00e9paisseur de m\u00e9tal, verre et plastique<\/li>\n<li>Surface plates ou courbes<\/li>\n<li>Livr\u00e9 avec sonde s\u00e9par\u00e9e et c\u00e2ble de rallonge<\/li>\n<li>R\u00e9solution: 0,1 mm<\/li>\n<li>Plage de mesure: 1,5 \u00f7 200 m<\/li>\n<li>Lecture: mm\/inch<\/li>\n<li>En mallette<\/li>\n<\/ul>\n","protected":false},"excerpt":{"rendered":"<p>Pour mesurer l&apos;\u00e9paisseur de m\u00e9tal, verre et plastique<br \/>Surface plates ou courbes<br \/>Livr\u00e9 avec sonde s\u00e9par\u00e9e et c\u00e2ble de rallonge<br \/>R\u00e9solution: 0,1 mm<br \/>Plage de mesure: 1,5 \u00f7 200 m<br \/>Lecture: mm\/inch<br \/>En mallette<\/p>\n","protected":false},"featured_media":130899,"template":"","meta":[],"product_cat":[515,534],"product_tag":[],"class_list":{"0":"post-143390","1":"product","2":"type-product","3":"status-publish","4":"has-post-thumbnail","6":"product_cat-laser-et-cameras-thermiques","7":"product_cat-mesureurs","9":"first","10":"instock","11":"sold-individually","12":"product-type-simple"},"yoast_head":"<title>Spessimetro Digitale Per Materiali A Ultasuoni | Mesureurs | Laser et Cam\u00e9ras Thermiques - Metrica<\/title>\n<meta name=\"description\" content=\"D\u00e9couvrez la collection de produits., Spessimetro Digitale Per Materiali A Ultasuoni - Mesureurs. Per misurare lo spessore di metalli, vetro e plastica Superfi ci piane o curve Fornito con sonda . Consultez le catalogue sur le site officiel de Metrica\" \/>\n<meta name=\"robots\" content=\"index, follow, max-snippet:-1, max-image-preview:large, max-video-preview:-1\" \/>\n<link rel=\"canonical\" href=\"https:\/\/www.metrica.it\/fr\/produit\/jauge-digitale-pour-materiaux-a-ultrasons\/\" \/>\n<meta property=\"og:locale\" content=\"fr_FR\" \/>\n<meta property=\"og:type\" content=\"article\" \/>\n<meta property=\"og:title\" content=\"Spessimetro Digitale Per Materiali A Ultasuoni | Mesureurs | Laser et Cam\u00e9ras Thermiques - Metrica\" \/>\n<meta property=\"og:description\" content=\"D\u00e9couvrez la collection de produits., Spessimetro Digitale Per Materiali A Ultasuoni - Mesureurs. Per misurare lo spessore di metalli, vetro e plastica Superfi ci piane o curve Fornito con sonda . Consultez le catalogue sur le site officiel de Metrica\" \/>\n<meta property=\"og:url\" content=\"https:\/\/www.metrica.it\/fr\/produit\/jauge-digitale-pour-materiaux-a-ultrasons\/\" \/>\n<meta property=\"og:site_name\" content=\"Metrica\" \/>\n<meta property=\"article:modified_time\" content=\"2024-09-16T18:34:04+00:00\" \/>\n<meta property=\"og:image\" content=\"https:\/\/www.metrica.it\/wp-content\/uploads\/2024\/06\/60286.jpg\" \/>\n\t<meta property=\"og:image:width\" content=\"800\" \/>\n\t<meta property=\"og:image:height\" content=\"800\" \/>\n\t<meta property=\"og:image:type\" content=\"image\/jpeg\" \/>\n<meta name=\"twitter:card\" content=\"summary_large_image\" \/>\n<script type=\"application\/ld+json\" class=\"yoast-schema-graph\">{\"@context\":\"https:\\\/\\\/schema.org\",\"@graph\":[{\"@type\":\"WebPage\",\"@id\":\"https:\\\/\\\/www.metrica.it\\\/fr\\\/produit\\\/jauge-digitale-pour-materiaux-a-ultrasons\\\/\",\"url\":\"https:\\\/\\\/www.metrica.it\\\/fr\\\/produit\\\/jauge-digitale-pour-materiaux-a-ultrasons\\\/\",\"name\":\"Spessimetro Digitale Per Materiali A Ultasuoni | Mesureurs | Laser et Cam\u00e9ras Thermiques - Metrica\",\"isPartOf\":{\"@id\":\"https:\\\/\\\/www.metrica.it\\\/fr\\\/#website\"},\"primaryImageOfPage\":{\"@id\":\"https:\\\/\\\/www.metrica.it\\\/fr\\\/produit\\\/jauge-digitale-pour-materiaux-a-ultrasons\\\/#primaryimage\"},\"image\":{\"@id\":\"https:\\\/\\\/www.metrica.it\\\/fr\\\/produit\\\/jauge-digitale-pour-materiaux-a-ultrasons\\\/#primaryimage\"},\"thumbnailUrl\":\"https:\\\/\\\/www.metrica.it\\\/wp-content\\\/uploads\\\/2024\\\/06\\\/60286.jpg\",\"datePublished\":\"2024-09-16T09:44:24+00:00\",\"dateModified\":\"2024-09-16T18:34:04+00:00\",\"description\":\"D\u00e9couvrez la collection de produits., Spessimetro Digitale Per Materiali A Ultasuoni - Mesureurs. Per misurare lo spessore di metalli, vetro e plastica Superfi ci piane o curve Fornito con sonda . Consultez le catalogue sur le site officiel de Metrica\",\"breadcrumb\":{\"@id\":\"https:\\\/\\\/www.metrica.it\\\/fr\\\/produit\\\/jauge-digitale-pour-materiaux-a-ultrasons\\\/#breadcrumb\"},\"inLanguage\":\"fr-FR\",\"potentialAction\":[{\"@type\":\"ReadAction\",\"target\":[\"https:\\\/\\\/www.metrica.it\\\/fr\\\/produit\\\/jauge-digitale-pour-materiaux-a-ultrasons\\\/\"]}]},{\"@type\":\"ImageObject\",\"inLanguage\":\"fr-FR\",\"@id\":\"https:\\\/\\\/www.metrica.it\\\/fr\\\/produit\\\/jauge-digitale-pour-materiaux-a-ultrasons\\\/#primaryimage\",\"url\":\"https:\\\/\\\/www.metrica.it\\\/wp-content\\\/uploads\\\/2024\\\/06\\\/60286.jpg\",\"contentUrl\":\"https:\\\/\\\/www.metrica.it\\\/wp-content\\\/uploads\\\/2024\\\/06\\\/60286.jpg\",\"width\":800,\"height\":800},{\"@type\":\"BreadcrumbList\",\"@id\":\"https:\\\/\\\/www.metrica.it\\\/fr\\\/produit\\\/jauge-digitale-pour-materiaux-a-ultrasons\\\/#breadcrumb\",\"itemListElement\":[{\"@type\":\"ListItem\",\"position\":1,\"name\":\"Home\",\"item\":\"https:\\\/\\\/www.metrica.it\\\/fr\\\/\"},{\"@type\":\"ListItem\",\"position\":2,\"name\":\"Catalogue\",\"item\":\"https:\\\/\\\/www.metrica.it\\\/fr\\\/catalogue\\\/\"},{\"@type\":\"ListItem\",\"position\":3,\"name\":\"Jauge Digitale Pour Mat\u00e9riaux \u00c0 Ultrasons\"}]},{\"@type\":\"WebSite\",\"@id\":\"https:\\\/\\\/www.metrica.it\\\/fr\\\/#website\",\"url\":\"https:\\\/\\\/www.metrica.it\\\/fr\\\/\",\"name\":\"Metrica\",\"description\":\"Made to measure\",\"potentialAction\":[{\"@type\":\"SearchAction\",\"target\":{\"@type\":\"EntryPoint\",\"urlTemplate\":\"https:\\\/\\\/www.metrica.it\\\/fr\\\/?s={search_term_string}\"},\"query-input\":{\"@type\":\"PropertyValueSpecification\",\"valueRequired\":true,\"valueName\":\"search_term_string\"}}],\"inLanguage\":\"fr-FR\"}]}<\/script>","yoast_head_json":{"title":"Spessimetro Digitale Per Materiali A Ultasuoni | Mesureurs | Laser et Cam\u00e9ras Thermiques - Metrica","description":"D\u00e9couvrez la collection de produits., Spessimetro Digitale Per Materiali A Ultasuoni - Mesureurs. Per misurare lo spessore di metalli, vetro e plastica Superfi ci piane o curve Fornito con sonda . Consultez le catalogue sur le site officiel de Metrica","robots":{"index":"index","follow":"follow","max-snippet":"max-snippet:-1","max-image-preview":"max-image-preview:large","max-video-preview":"max-video-preview:-1"},"canonical":"https:\/\/www.metrica.it\/fr\/produit\/jauge-digitale-pour-materiaux-a-ultrasons\/","og_locale":"fr_FR","og_type":"article","og_title":"Spessimetro Digitale Per Materiali A Ultasuoni | Mesureurs | Laser et Cam\u00e9ras Thermiques - Metrica","og_description":"D\u00e9couvrez la collection de produits., Spessimetro Digitale Per Materiali A Ultasuoni - Mesureurs. Per misurare lo spessore di metalli, vetro e plastica Superfi ci piane o curve Fornito con sonda . Consultez le catalogue sur le site officiel de Metrica","og_url":"https:\/\/www.metrica.it\/fr\/produit\/jauge-digitale-pour-materiaux-a-ultrasons\/","og_site_name":"Metrica","article_modified_time":"2024-09-16T18:34:04+00:00","og_image":[{"width":800,"height":800,"url":"https:\/\/www.metrica.it\/wp-content\/uploads\/2024\/06\/60286.jpg","type":"image\/jpeg"}],"twitter_card":"summary_large_image","schema":{"@context":"https:\/\/schema.org","@graph":[{"@type":"WebPage","@id":"https:\/\/www.metrica.it\/fr\/produit\/jauge-digitale-pour-materiaux-a-ultrasons\/","url":"https:\/\/www.metrica.it\/fr\/produit\/jauge-digitale-pour-materiaux-a-ultrasons\/","name":"Spessimetro Digitale Per Materiali A Ultasuoni | Mesureurs | Laser et Cam\u00e9ras Thermiques - Metrica","isPartOf":{"@id":"https:\/\/www.metrica.it\/fr\/#website"},"primaryImageOfPage":{"@id":"https:\/\/www.metrica.it\/fr\/produit\/jauge-digitale-pour-materiaux-a-ultrasons\/#primaryimage"},"image":{"@id":"https:\/\/www.metrica.it\/fr\/produit\/jauge-digitale-pour-materiaux-a-ultrasons\/#primaryimage"},"thumbnailUrl":"https:\/\/www.metrica.it\/wp-content\/uploads\/2024\/06\/60286.jpg","datePublished":"2024-09-16T09:44:24+00:00","dateModified":"2024-09-16T18:34:04+00:00","description":"D\u00e9couvrez la collection de produits., Spessimetro Digitale Per Materiali A Ultasuoni - Mesureurs. Per misurare lo spessore di metalli, vetro e plastica Superfi ci piane o curve Fornito con sonda . Consultez le catalogue sur le site officiel de Metrica","breadcrumb":{"@id":"https:\/\/www.metrica.it\/fr\/produit\/jauge-digitale-pour-materiaux-a-ultrasons\/#breadcrumb"},"inLanguage":"fr-FR","potentialAction":[{"@type":"ReadAction","target":["https:\/\/www.metrica.it\/fr\/produit\/jauge-digitale-pour-materiaux-a-ultrasons\/"]}]},{"@type":"ImageObject","inLanguage":"fr-FR","@id":"https:\/\/www.metrica.it\/fr\/produit\/jauge-digitale-pour-materiaux-a-ultrasons\/#primaryimage","url":"https:\/\/www.metrica.it\/wp-content\/uploads\/2024\/06\/60286.jpg","contentUrl":"https:\/\/www.metrica.it\/wp-content\/uploads\/2024\/06\/60286.jpg","width":800,"height":800},{"@type":"BreadcrumbList","@id":"https:\/\/www.metrica.it\/fr\/produit\/jauge-digitale-pour-materiaux-a-ultrasons\/#breadcrumb","itemListElement":[{"@type":"ListItem","position":1,"name":"Home","item":"https:\/\/www.metrica.it\/fr\/"},{"@type":"ListItem","position":2,"name":"Catalogue","item":"https:\/\/www.metrica.it\/fr\/catalogue\/"},{"@type":"ListItem","position":3,"name":"Jauge Digitale Pour Mat\u00e9riaux \u00c0 Ultrasons"}]},{"@type":"WebSite","@id":"https:\/\/www.metrica.it\/fr\/#website","url":"https:\/\/www.metrica.it\/fr\/","name":"Metrica","description":"Made to measure","potentialAction":[{"@type":"SearchAction","target":{"@type":"EntryPoint","urlTemplate":"https:\/\/www.metrica.it\/fr\/?s={search_term_string}"},"query-input":{"@type":"PropertyValueSpecification","valueRequired":true,"valueName":"search_term_string"}}],"inLanguage":"fr-FR"}]}},"meta_box":{"awr_documentation":[{"filesize":2232996,"ID":"146319","name":"60286.pdf","path":"\/var\/www\/html\/wp-content\/uploads\/2024\/09\/60286.pdf","url":"https:\/\/www.metrica.it\/wp-content\/uploads\/2024\/09\/60286.pdf","title":"60286.pdf"}],"awr_manuale":[],"awr_scheda_tecnica":"","awr_youtube_video":"","awr_classe_prodotto":"","awr_customize_product":"0","awr_custom_image":false,"awr_related_products":[{"awr_product_name":"Spessimetro Digitale Per Materiali A Ultasuoni","awr_product_references":"ref:60286|ean:8001066602865|a_mm:1,5 - 200|unit_misura_mm:0.1|pack:1"}],"awr_consumabili":"","awr_alternativi":"","awr_aliases":"60286","awr_skuid":"60286-it"},"_links":{"self":[{"href":"https:\/\/www.metrica.it\/fr\/wp-json\/wp\/v2\/product\/143390","targetHints":{"allow":["GET"]}}],"collection":[{"href":"https:\/\/www.metrica.it\/fr\/wp-json\/wp\/v2\/product"}],"about":[{"href":"https:\/\/www.metrica.it\/fr\/wp-json\/wp\/v2\/types\/product"}],"wp:featuredmedia":[{"embeddable":true,"href":"https:\/\/www.metrica.it\/fr\/wp-json\/wp\/v2\/media\/130899"}],"wp:attachment":[{"href":"https:\/\/www.metrica.it\/fr\/wp-json\/wp\/v2\/media?parent=143390"}],"wp:term":[{"taxonomy":"product_cat","embeddable":true,"href":"https:\/\/www.metrica.it\/fr\/wp-json\/wp\/v2\/product_cat?post=143390"},{"taxonomy":"product_tag","embeddable":true,"href":"https:\/\/www.metrica.it\/fr\/wp-json\/wp\/v2\/product_tag?post=143390"}],"curies":[{"name":"wp","href":"https:\/\/api.w.org\/{rel}","templated":true}]}}